{"id":407650,"date":"2025-07-22T23:39:29","date_gmt":"2025-07-22T23:39:29","guid":{"rendered":"https:\/\/my.stlflix.com\/?post_type=product&#038;p=407650"},"modified":"2025-07-23T21:29:36","modified_gmt":"2025-07-23T21:29:36","slug":"suporte-de-mesa-para-controle-ps4-ps5-base-decorativo-playstation","status":"publish","type":"product","link":"https:\/\/my.stlflix.com\/es\/product\/suporte-de-mesa-para-controle-ps4-ps5-base-decorativo-playstation\/","title":{"rendered":"Suporte de Mesa para Controle PS4 \/ PS5 &#8211; Base Decorativo Playstation"},"content":{"rendered":"<div>\ud83c\udfae Destaque sua paix\u00e3o por games com estilo!<\/div>\n<div><\/div>\n<div>Transforme seu setup com esse suporte exclusivo para controles de PS4 ou PS5, inspirado nos ic\u00f4nicos bot\u00f5es do universo Playstation (\ud83d\udd3a \ud83d\udd32 \u274c \u2b55\ufe0f). Produzido com alta qualidade em impress\u00e3o 3D, ele \u00e9 ideal para quem valoriza organiza\u00e7\u00e3o e est\u00e9tica gamer.<\/div>\n<div><\/div>\n<div>\u2728 DIFERENCIAIS QUE ENCANTAM:<\/div>\n<div><\/div>\n<div>\u2705 Design \u00danico: Geometria baseada nos s\u00edmbolos cl\u00e1ssicos do DualShock.<\/div>\n<div>\u2705 Acabamento Premium: Fabricado com filamento branco velvet, elegante e suave ao toque.<\/div>\n<div>\u2705 Alta Durabilidade: Material resistente, pensado para durar por muito tempo.<\/div>\n<div>\u2705 Organiza\u00e7\u00e3o com Estilo: Valorize seu espa\u00e7o gamer com um item funcional e decorativo.<\/div>\n<div>\u2705 Produ\u00e7\u00e3o Artesanal: Cada pe\u00e7a \u00e9 feita com aten\u00e7\u00e3o aos detalhes, exclusividade em cada pedido.<\/div>\n<div><\/div>\n<div>\ud83d\ude80 Pronto para enviar! Produto feito sob demanda com acabamento profissional. Ideal para presentear ou renovar seu ambiente gamer!<\/div>\n<div><\/div>\n<div>\ud83c\udf81 Surpreenda quem ama games com um item diferenciado, feito com carinho por quem entende de impress\u00e3o 3D.<\/div>\n<div><\/div>\n<div>Se preferir comprar pelo mercado livre e aproveitar a comodidade da plataforma:<a href=\"https:\/\/produto.mercadolivre.com.br\/MLB-5514711514-suporte-de-mesa-controle-ps4-ps5-base-playstation-_JM\"> https:\/\/produto.mercadolivre.com.br\/MLB-5514711514-suporte-de-mesa-controle-ps4-ps5-base-playstation-_JM<\/a><\/div>\n<div><\/div>\n<div>Voc\u00ea pensa, n\u00f3s criamos!!<\/div>\n","protected":false},"excerpt":{"rendered":"<p>\ud83c\udfae Destaque sua paix\u00e3o por games com estilo! Transforme seu setup com esse suporte exclusivo para controles de PS4 ou PS5, inspirado nos ic\u00f4nicos bot\u00f5es do universo Playstation (\ud83d\udd3a \ud83d\udd32 \u274c \u2b55\ufe0f). Produzido com alta qualidade em impress\u00e3o 3D, ele \u00e9 ideal para quem valoriza organiza\u00e7\u00e3o e est\u00e9tica gamer. \u2728 DIFERENCIAIS QUE ENCANTAM: \u2705 Design [&hellip;]<\/p>\n","protected":false},"featured_media":407651,"comment_status":"open","ping_status":"closed","template":"","meta":[],"product_brand":[],"product_cat":[15],"product_tag":[767],"class_list":{"0":"post-407650","1":"product","2":"type-product","3":"status-publish","4":"has-post-thumbnail","6":"product_cat-uncategorized","7":"product_tag-geek","9":"first","10":"instock","11":"taxable","12":"shipping-taxable","13":"purchasable","14":"product-type-simple"},"yoast_head":"<!-- This site is optimized with the Yoast SEO plugin v25.1 - https:\/\/yoast.com\/wordpress\/plugins\/seo\/ -->\n<title>Suporte de Mesa para Controle PS4 \/ PS5 - Base Decorativo Playstation - MyStore - By STLFLIX<\/title>\n<meta name=\"robots\" content=\"index, follow, max-snippet:-1, max-image-preview:large, max-video-preview:-1\" \/>\n<link rel=\"canonical\" href=\"https:\/\/my.stlflix.com\/es\/product\/suporte-de-mesa-para-controle-ps4-ps5-base-decorativo-playstation\/\" \/>\n<meta property=\"og:locale\" content=\"es_ES\" \/>\n<meta property=\"og:type\" content=\"article\" \/>\n<meta property=\"og:title\" content=\"Suporte de Mesa para Controle PS4 \/ PS5 - Base Decorativo Playstation - MyStore - By STLFLIX\" \/>\n<meta property=\"og:description\" content=\"\ud83c\udfae Destaque sua paix\u00e3o por games com estilo! Transforme seu setup com esse suporte exclusivo para controles de PS4 ou PS5, inspirado nos ic\u00f4nicos bot\u00f5es do universo Playstation (\ud83d\udd3a \ud83d\udd32 \u274c \u2b55\ufe0f). Produzido com alta qualidade em impress\u00e3o 3D, ele \u00e9 ideal para quem valoriza organiza\u00e7\u00e3o e est\u00e9tica gamer. \u2728 DIFERENCIAIS QUE ENCANTAM: \u2705 Design [&hellip;]\" \/>\n<meta property=\"og:url\" content=\"https:\/\/my.stlflix.com\/es\/product\/suporte-de-mesa-para-controle-ps4-ps5-base-decorativo-playstation\/\" \/>\n<meta property=\"og:site_name\" content=\"MyStore - By STLFLIX\" \/>\n<meta property=\"article:publisher\" content=\"https:\/\/www.facebook.com\/STLFLIX\" \/>\n<meta property=\"article:modified_time\" content=\"2025-07-23T21:29:36+00:00\" \/>\n<meta property=\"og:image\" content=\"https:\/\/my.stlflix.com\/wp-content\/uploads\/2025\/07\/WhatsApp-Image-2025-07-22-at-20.41.01.jpeg\" \/>\n\t<meta property=\"og:image:width\" content=\"1024\" \/>\n\t<meta property=\"og:image:height\" content=\"1536\" \/>\n\t<meta property=\"og:image:type\" content=\"image\/jpeg\" \/>\n<meta name=\"twitter:card\" content=\"summary_large_image\" \/>\n<meta name=\"twitter:label1\" content=\"Est. reading time\" \/>\n\t<meta name=\"twitter:data1\" content=\"1 minute\" \/>\n<script type=\"application\/ld+json\" class=\"yoast-schema-graph\">{\"@context\":\"https:\/\/schema.org\",\"@graph\":[{\"@type\":\"WebPage\",\"@id\":\"https:\/\/my.stlflix.com\/es\/product\/suporte-de-mesa-para-controle-ps4-ps5-base-decorativo-playstation\/\",\"url\":\"https:\/\/my.stlflix.com\/es\/product\/suporte-de-mesa-para-controle-ps4-ps5-base-decorativo-playstation\/\",\"name\":\"Suporte de Mesa para Controle PS4 \/ PS5 - Base Decorativo Playstation - MyStore - By STLFLIX\",\"isPartOf\":{\"@id\":\"https:\/\/my.stlflix.com\/#website\"},\"primaryImageOfPage\":{\"@id\":\"https:\/\/my.stlflix.com\/es\/product\/suporte-de-mesa-para-controle-ps4-ps5-base-decorativo-playstation\/#primaryimage\"},\"image\":{\"@id\":\"https:\/\/my.stlflix.com\/es\/product\/suporte-de-mesa-para-controle-ps4-ps5-base-decorativo-playstation\/#primaryimage\"},\"thumbnailUrl\":\"https:\/\/my.stlflix.com\/wp-content\/uploads\/2025\/07\/WhatsApp-Image-2025-07-22-at-20.41.01.jpeg\",\"datePublished\":\"2025-07-22T23:39:29+00:00\",\"dateModified\":\"2025-07-23T21:29:36+00:00\",\"breadcrumb\":{\"@id\":\"https:\/\/my.stlflix.com\/es\/product\/suporte-de-mesa-para-controle-ps4-ps5-base-decorativo-playstation\/#breadcrumb\"},\"inLanguage\":\"es-ES\",\"potentialAction\":[{\"@type\":\"ReadAction\",\"target\":[\"https:\/\/my.stlflix.com\/es\/product\/suporte-de-mesa-para-controle-ps4-ps5-base-decorativo-playstation\/\"]}]},{\"@type\":\"ImageObject\",\"inLanguage\":\"es-ES\",\"@id\":\"https:\/\/my.stlflix.com\/es\/product\/suporte-de-mesa-para-controle-ps4-ps5-base-decorativo-playstation\/#primaryimage\",\"url\":\"https:\/\/my.stlflix.com\/wp-content\/uploads\/2025\/07\/WhatsApp-Image-2025-07-22-at-20.41.01.jpeg\",\"contentUrl\":\"https:\/\/my.stlflix.com\/wp-content\/uploads\/2025\/07\/WhatsApp-Image-2025-07-22-at-20.41.01.jpeg\",\"width\":1024,\"height\":1536},{\"@type\":\"BreadcrumbList\",\"@id\":\"https:\/\/my.stlflix.com\/es\/product\/suporte-de-mesa-para-controle-ps4-ps5-base-decorativo-playstation\/#breadcrumb\",\"itemListElement\":[{\"@type\":\"ListItem\",\"position\":1,\"name\":\"Home\",\"item\":\"https:\/\/www.stlflix-store.com\/\"},{\"@type\":\"ListItem\",\"position\":2,\"name\":\"Products\",\"item\":\"https:\/\/www.stlflix-store.com\/shop\/\"},{\"@type\":\"ListItem\",\"position\":3,\"name\":\"Suporte de Mesa para Controle PS4 \/ PS5 &#8211; Base Decorativo Playstation\"}]},{\"@type\":\"WebSite\",\"@id\":\"https:\/\/my.stlflix.com\/#website\",\"url\":\"https:\/\/my.stlflix.com\/\",\"name\":\"MyStore - By STLFLIX\",\"description\":\"\",\"publisher\":{\"@id\":\"https:\/\/my.stlflix.com\/#organization\"},\"potentialAction\":[{\"@type\":\"SearchAction\",\"target\":{\"@type\":\"EntryPoint\",\"urlTemplate\":\"https:\/\/my.stlflix.com\/?s={search_term_string}\"},\"query-input\":{\"@type\":\"PropertyValueSpecification\",\"valueRequired\":true,\"valueName\":\"search_term_string\"}}],\"inLanguage\":\"es-ES\"},{\"@type\":\"Organization\",\"@id\":\"https:\/\/my.stlflix.com\/#organization\",\"name\":\"MyStore - By STLFLIX\",\"url\":\"https:\/\/my.stlflix.com\/\",\"logo\":{\"@type\":\"ImageObject\",\"inLanguage\":\"es-ES\",\"@id\":\"https:\/\/my.stlflix.com\/#\/schema\/logo\/image\/\",\"url\":\"https:\/\/my.stlflix.com\/wp-content\/uploads\/2024\/06\/logo-mystore.png\",\"contentUrl\":\"https:\/\/my.stlflix.com\/wp-content\/uploads\/2024\/06\/logo-mystore.png\",\"width\":150,\"height\":41,\"caption\":\"MyStore - By STLFLIX\"},\"image\":{\"@id\":\"https:\/\/my.stlflix.com\/#\/schema\/logo\/image\/\"},\"sameAs\":[\"https:\/\/www.facebook.com\/STLFLIX\",\"https:\/\/www.instagram.com\/stlflix_\/\",\"https:\/\/www.tiktok.com\/@stlflix\"]}]}<\/script>\n<!-- \/ Yoast SEO plugin. -->","yoast_head_json":{"title":"Suporte de Mesa para Controle PS4 \/ PS5 - Base Decorativo Playstation - MyStore - By STLFLIX","robots":{"index":"index","follow":"follow","max-snippet":"max-snippet:-1","max-image-preview":"max-image-preview:large","max-video-preview":"max-video-preview:-1"},"canonical":"https:\/\/my.stlflix.com\/es\/product\/suporte-de-mesa-para-controle-ps4-ps5-base-decorativo-playstation\/","og_locale":"es_ES","og_type":"article","og_title":"Suporte de Mesa para Controle PS4 \/ PS5 - Base Decorativo Playstation - MyStore - By STLFLIX","og_description":"\ud83c\udfae Destaque sua paix\u00e3o por games com estilo! Transforme seu setup com esse suporte exclusivo para controles de PS4 ou PS5, inspirado nos ic\u00f4nicos bot\u00f5es do universo Playstation (\ud83d\udd3a \ud83d\udd32 \u274c \u2b55\ufe0f). Produzido com alta qualidade em impress\u00e3o 3D, ele \u00e9 ideal para quem valoriza organiza\u00e7\u00e3o e est\u00e9tica gamer. \u2728 DIFERENCIAIS QUE ENCANTAM: \u2705 Design [&hellip;]","og_url":"https:\/\/my.stlflix.com\/es\/product\/suporte-de-mesa-para-controle-ps4-ps5-base-decorativo-playstation\/","og_site_name":"MyStore - By STLFLIX","article_publisher":"https:\/\/www.facebook.com\/STLFLIX","article_modified_time":"2025-07-23T21:29:36+00:00","og_image":[{"width":1024,"height":1536,"url":"https:\/\/my.stlflix.com\/wp-content\/uploads\/2025\/07\/WhatsApp-Image-2025-07-22-at-20.41.01.jpeg","type":"image\/jpeg"}],"twitter_card":"summary_large_image","twitter_misc":{"Est. reading time":"1 minute"},"schema":{"@context":"https:\/\/schema.org","@graph":[{"@type":"WebPage","@id":"https:\/\/my.stlflix.com\/es\/product\/suporte-de-mesa-para-controle-ps4-ps5-base-decorativo-playstation\/","url":"https:\/\/my.stlflix.com\/es\/product\/suporte-de-mesa-para-controle-ps4-ps5-base-decorativo-playstation\/","name":"Suporte de Mesa para Controle PS4 \/ PS5 - Base Decorativo Playstation - MyStore - By STLFLIX","isPartOf":{"@id":"https:\/\/my.stlflix.com\/#website"},"primaryImageOfPage":{"@id":"https:\/\/my.stlflix.com\/es\/product\/suporte-de-mesa-para-controle-ps4-ps5-base-decorativo-playstation\/#primaryimage"},"image":{"@id":"https:\/\/my.stlflix.com\/es\/product\/suporte-de-mesa-para-controle-ps4-ps5-base-decorativo-playstation\/#primaryimage"},"thumbnailUrl":"https:\/\/my.stlflix.com\/wp-content\/uploads\/2025\/07\/WhatsApp-Image-2025-07-22-at-20.41.01.jpeg","datePublished":"2025-07-22T23:39:29+00:00","dateModified":"2025-07-23T21:29:36+00:00","breadcrumb":{"@id":"https:\/\/my.stlflix.com\/es\/product\/suporte-de-mesa-para-controle-ps4-ps5-base-decorativo-playstation\/#breadcrumb"},"inLanguage":"es-ES","potentialAction":[{"@type":"ReadAction","target":["https:\/\/my.stlflix.com\/es\/product\/suporte-de-mesa-para-controle-ps4-ps5-base-decorativo-playstation\/"]}]},{"@type":"ImageObject","inLanguage":"es-ES","@id":"https:\/\/my.stlflix.com\/es\/product\/suporte-de-mesa-para-controle-ps4-ps5-base-decorativo-playstation\/#primaryimage","url":"https:\/\/my.stlflix.com\/wp-content\/uploads\/2025\/07\/WhatsApp-Image-2025-07-22-at-20.41.01.jpeg","contentUrl":"https:\/\/my.stlflix.com\/wp-content\/uploads\/2025\/07\/WhatsApp-Image-2025-07-22-at-20.41.01.jpeg","width":1024,"height":1536},{"@type":"BreadcrumbList","@id":"https:\/\/my.stlflix.com\/es\/product\/suporte-de-mesa-para-controle-ps4-ps5-base-decorativo-playstation\/#breadcrumb","itemListElement":[{"@type":"ListItem","position":1,"name":"Home","item":"https:\/\/www.stlflix-store.com\/"},{"@type":"ListItem","position":2,"name":"Products","item":"https:\/\/www.stlflix-store.com\/shop\/"},{"@type":"ListItem","position":3,"name":"Suporte de Mesa para Controle PS4 \/ PS5 &#8211; Base Decorativo Playstation"}]},{"@type":"WebSite","@id":"https:\/\/my.stlflix.com\/#website","url":"https:\/\/my.stlflix.com\/","name":"MyStore - By STLFLIX","description":"","publisher":{"@id":"https:\/\/my.stlflix.com\/#organization"},"potentialAction":[{"@type":"SearchAction","target":{"@type":"EntryPoint","urlTemplate":"https:\/\/my.stlflix.com\/?s={search_term_string}"},"query-input":{"@type":"PropertyValueSpecification","valueRequired":true,"valueName":"search_term_string"}}],"inLanguage":"es-ES"},{"@type":"Organization","@id":"https:\/\/my.stlflix.com\/#organization","name":"MyStore - By STLFLIX","url":"https:\/\/my.stlflix.com\/","logo":{"@type":"ImageObject","inLanguage":"es-ES","@id":"https:\/\/my.stlflix.com\/#\/schema\/logo\/image\/","url":"https:\/\/my.stlflix.com\/wp-content\/uploads\/2024\/06\/logo-mystore.png","contentUrl":"https:\/\/my.stlflix.com\/wp-content\/uploads\/2024\/06\/logo-mystore.png","width":150,"height":41,"caption":"MyStore - By STLFLIX"},"image":{"@id":"https:\/\/my.stlflix.com\/#\/schema\/logo\/image\/"},"sameAs":["https:\/\/www.facebook.com\/STLFLIX","https:\/\/www.instagram.com\/stlflix_\/","https:\/\/www.tiktok.com\/@stlflix"]}]}},"_links":{"self":[{"href":"https:\/\/my.stlflix.com\/es\/wp-json\/wp\/v2\/product\/407650","targetHints":{"allow":["GET"]}}],"collection":[{"href":"https:\/\/my.stlflix.com\/es\/wp-json\/wp\/v2\/product"}],"about":[{"href":"https:\/\/my.stlflix.com\/es\/wp-json\/wp\/v2\/types\/product"}],"replies":[{"embeddable":true,"href":"https:\/\/my.stlflix.com\/es\/wp-json\/wp\/v2\/comments?post=407650"}],"wp:featuredmedia":[{"embeddable":true,"href":"https:\/\/my.stlflix.com\/es\/wp-json\/wp\/v2\/media\/407651"}],"wp:attachment":[{"href":"https:\/\/my.stlflix.com\/es\/wp-json\/wp\/v2\/media?parent=407650"}],"wp:term":[{"taxonomy":"product_brand","embeddable":true,"href":"https:\/\/my.stlflix.com\/es\/wp-json\/wp\/v2\/product_brand?post=407650"},{"taxonomy":"product_cat","embeddable":true,"href":"https:\/\/my.stlflix.com\/es\/wp-json\/wp\/v2\/product_cat?post=407650"},{"taxonomy":"product_tag","embeddable":true,"href":"https:\/\/my.stlflix.com\/es\/wp-json\/wp\/v2\/product_tag?post=407650"}],"curies":[{"name":"wp","href":"https:\/\/api.w.org\/{rel}","templated":true}]}}