{"id":40775,"date":"2024-06-16T16:15:53","date_gmt":"2024-06-16T16:15:53","guid":{"rendered":"https:\/\/my.stlflix.com\/?post_type=product&#038;p=40775"},"modified":"2024-12-22T11:12:02","modified_gmt":"2024-12-22T11:12:02","slug":"vaze-linejs-balta","status":"publish","type":"product","link":"https:\/\/my.stlflix.com\/es\/product\/vaze-linejs-balta\/","title":{"rendered":"V\u0101ze linejs &#8211; balta"},"content":{"rendered":"<p>Izsmalcin\u0101t\u012bba un inov\u0101cija apvienojas m\u016bsu elegantaj\u0101 baltaj\u0101 v\u0101z\u0113, kas izgatavota ar 3D printeri.\u00a0 T\u0101 lieliski ieder\u0113sies jebkur\u0101 interjer\u0101, pie\u0161\u0137irot tam minim\u0101listisku un modernu piesk\u0101rienu. Ide\u0101li piem\u0113rota gan svaigiem ziediem, gan k\u0101 dekorat\u012bvs elements, \u0161\u012b v\u0101ze b\u016bs izcils papildin\u0101jums j\u016bsu m\u0101joklim vai biroj\u0101m. Izv\u0113lieties m\u016bsu 3D print\u0113to balto v\u0101zi, lai ienes\u0101tu telp\u0101 eleganci un inov\u0101ciju.<\/p>\n<p>Aptuvenais augstums: 15,2 cm<\/p>\n","protected":false},"excerpt":{"rendered":"<p>Izsmalcin\u0101t\u012bba un inov\u0101cija apvienojas m\u016bsu elegantaj\u0101 baltaj\u0101 v\u0101z\u0113, kas izgatavota ar 3D printeri.\u00a0 T\u0101 lieliski ieder\u0113sies jebkur\u0101 interjer\u0101, pie\u0161\u0137irot tam minim\u0101listisku un modernu piesk\u0101rienu. Ide\u0101li piem\u0113rota gan svaigiem ziediem, gan k\u0101 dekorat\u012bvs elements, \u0161\u012b v\u0101ze b\u016bs izcils papildin\u0101jums j\u016bsu m\u0101joklim vai biroj\u0101m. Izv\u0113lieties m\u016bsu 3D print\u0113to balto v\u0101zi, lai ienes\u0101tu telp\u0101 eleganci un inov\u0101ciju. Aptuvenais [&hellip;]<\/p>\n","protected":false},"featured_media":40782,"comment_status":"open","ping_status":"closed","template":"","meta":[],"product_brand":[],"product_cat":[15],"product_tag":[185],"class_list":{"0":"post-40775","1":"product","2":"type-product","3":"status-publish","4":"has-post-thumbnail","6":"product_cat-uncategorized","7":"product_tag-resin","8":"product_shipping_class-class-1","10":"first","11":"instock","12":"shipping-taxable","13":"purchasable","14":"product-type-simple"},"yoast_head":"<!-- This site is optimized with the Yoast SEO plugin v25.1 - https:\/\/yoast.com\/wordpress\/plugins\/seo\/ -->\n<title>V\u0101ze linejs - balta<\/title>\n<meta name=\"robots\" content=\"index, follow, max-snippet:-1, max-image-preview:large, max-video-preview:-1\" \/>\n<link rel=\"canonical\" href=\"https:\/\/www.stlflix-store.com\/product\/vaze-linejs-balta\/\" \/>\n<meta property=\"og:locale\" content=\"es_ES\" \/>\n<meta property=\"og:type\" content=\"article\" \/>\n<meta property=\"og:title\" content=\"V\u0101ze linejs - balta\" \/>\n<meta property=\"og:description\" content=\"Izsmalcin\u0101t\u012bba un inov\u0101cija apvienojas m\u016bsu elegantaj\u0101 baltaj\u0101 v\u0101z\u0113, kas izgatavota ar 3D printeri.\u00a0 T\u0101 lieliski ieder\u0113sies jebkur\u0101 interjer\u0101, pie\u0161\u0137irot tam minim\u0101listisku un modernu piesk\u0101rienu. Ide\u0101li piem\u0113rota gan svaigiem ziediem, gan k\u0101 dekorat\u012bvs elements, \u0161\u012b v\u0101ze b\u016bs izcils papildin\u0101jums j\u016bsu m\u0101joklim vai biroj\u0101m. Izv\u0113lieties m\u016bsu 3D print\u0113to balto v\u0101zi, lai ienes\u0101tu telp\u0101 eleganci un inov\u0101ciju. Aptuvenais [&hellip;]\" \/>\n<meta property=\"og:url\" content=\"https:\/\/www.stlflix-store.com\/product\/vaze-linejs-balta\/\" \/>\n<meta property=\"og:site_name\" content=\"MyStore - By STLFLIX\" \/>\n<meta property=\"article:publisher\" content=\"https:\/\/www.facebook.com\/STLFLIX\" \/>\n<meta property=\"article:modified_time\" content=\"2024-12-22T11:12:02+00:00\" \/>\n<meta property=\"og:image\" content=\"https:\/\/www.stlflix-store.com\/wp-content\/uploads\/2024\/06\/Linseshortvase_5_e1337e79e0.jpg\" \/>\n\t<meta property=\"og:image:width\" content=\"1080\" \/>\n\t<meta property=\"og:image:height\" content=\"1350\" \/>\n\t<meta property=\"og:image:type\" content=\"image\/jpeg\" \/>\n<meta name=\"twitter:card\" content=\"summary_large_image\" \/>\n<script type=\"application\/ld+json\" class=\"yoast-schema-graph\">{\"@context\":\"https:\/\/schema.org\",\"@graph\":[{\"@type\":\"WebPage\",\"@id\":\"https:\/\/www.stlflix-store.com\/product\/vaze-linejs-balta\/\",\"url\":\"https:\/\/www.stlflix-store.com\/product\/vaze-linejs-balta\/\",\"name\":\"V\u0101ze linejs - balta\",\"isPartOf\":{\"@id\":\"https:\/\/my.stlflix.com\/#website\"},\"primaryImageOfPage\":{\"@id\":\"https:\/\/www.stlflix-store.com\/product\/vaze-linejs-balta\/#primaryimage\"},\"image\":{\"@id\":\"https:\/\/www.stlflix-store.com\/product\/vaze-linejs-balta\/#primaryimage\"},\"thumbnailUrl\":\"https:\/\/my.stlflix.com\/wp-content\/uploads\/2024\/06\/Linseshortvase_5_e1337e79e0.jpg\",\"datePublished\":\"2024-06-16T16:15:53+00:00\",\"dateModified\":\"2024-12-22T11:12:02+00:00\",\"breadcrumb\":{\"@id\":\"https:\/\/www.stlflix-store.com\/product\/vaze-linejs-balta\/#breadcrumb\"},\"inLanguage\":\"es-ES\",\"potentialAction\":[{\"@type\":\"ReadAction\",\"target\":[\"https:\/\/www.stlflix-store.com\/product\/vaze-linejs-balta\/\"]}]},{\"@type\":\"ImageObject\",\"inLanguage\":\"es-ES\",\"@id\":\"https:\/\/www.stlflix-store.com\/product\/vaze-linejs-balta\/#primaryimage\",\"url\":\"https:\/\/my.stlflix.com\/wp-content\/uploads\/2024\/06\/Linseshortvase_5_e1337e79e0.jpg\",\"contentUrl\":\"https:\/\/my.stlflix.com\/wp-content\/uploads\/2024\/06\/Linseshortvase_5_e1337e79e0.jpg\",\"width\":1080,\"height\":1350},{\"@type\":\"BreadcrumbList\",\"@id\":\"https:\/\/www.stlflix-store.com\/product\/vaze-linejs-balta\/#breadcrumb\",\"itemListElement\":[{\"@type\":\"ListItem\",\"position\":1,\"name\":\"Home\",\"item\":\"https:\/\/www.stlflix-store.com\/\"},{\"@type\":\"ListItem\",\"position\":2,\"name\":\"Products\",\"item\":\"https:\/\/www.stlflix-store.com\/shop\/\"},{\"@type\":\"ListItem\",\"position\":3,\"name\":\"V\u0101ze linejs &#8211; balta\"}]},{\"@type\":\"WebSite\",\"@id\":\"https:\/\/my.stlflix.com\/#website\",\"url\":\"https:\/\/my.stlflix.com\/\",\"name\":\"MyStore - By STLFLIX\",\"description\":\"\",\"publisher\":{\"@id\":\"https:\/\/my.stlflix.com\/#organization\"},\"potentialAction\":[{\"@type\":\"SearchAction\",\"target\":{\"@type\":\"EntryPoint\",\"urlTemplate\":\"https:\/\/my.stlflix.com\/?s={search_term_string}\"},\"query-input\":{\"@type\":\"PropertyValueSpecification\",\"valueRequired\":true,\"valueName\":\"search_term_string\"}}],\"inLanguage\":\"es-ES\"},{\"@type\":\"Organization\",\"@id\":\"https:\/\/my.stlflix.com\/#organization\",\"name\":\"MyStore - By STLFLIX\",\"url\":\"https:\/\/my.stlflix.com\/\",\"logo\":{\"@type\":\"ImageObject\",\"inLanguage\":\"es-ES\",\"@id\":\"https:\/\/my.stlflix.com\/#\/schema\/logo\/image\/\",\"url\":\"https:\/\/my.stlflix.com\/wp-content\/uploads\/2024\/06\/logo-mystore.png\",\"contentUrl\":\"https:\/\/my.stlflix.com\/wp-content\/uploads\/2024\/06\/logo-mystore.png\",\"width\":150,\"height\":41,\"caption\":\"MyStore - By STLFLIX\"},\"image\":{\"@id\":\"https:\/\/my.stlflix.com\/#\/schema\/logo\/image\/\"},\"sameAs\":[\"https:\/\/www.facebook.com\/STLFLIX\",\"https:\/\/www.instagram.com\/stlflix_\/\",\"https:\/\/www.tiktok.com\/@stlflix\"]}]}<\/script>\n<!-- \/ Yoast SEO plugin. -->","yoast_head_json":{"title":"V\u0101ze linejs - balta","robots":{"index":"index","follow":"follow","max-snippet":"max-snippet:-1","max-image-preview":"max-image-preview:large","max-video-preview":"max-video-preview:-1"},"canonical":"https:\/\/www.stlflix-store.com\/product\/vaze-linejs-balta\/","og_locale":"es_ES","og_type":"article","og_title":"V\u0101ze linejs - balta","og_description":"Izsmalcin\u0101t\u012bba un inov\u0101cija apvienojas m\u016bsu elegantaj\u0101 baltaj\u0101 v\u0101z\u0113, kas izgatavota ar 3D printeri.\u00a0 T\u0101 lieliski ieder\u0113sies jebkur\u0101 interjer\u0101, pie\u0161\u0137irot tam minim\u0101listisku un modernu piesk\u0101rienu. Ide\u0101li piem\u0113rota gan svaigiem ziediem, gan k\u0101 dekorat\u012bvs elements, \u0161\u012b v\u0101ze b\u016bs izcils papildin\u0101jums j\u016bsu m\u0101joklim vai biroj\u0101m. Izv\u0113lieties m\u016bsu 3D print\u0113to balto v\u0101zi, lai ienes\u0101tu telp\u0101 eleganci un inov\u0101ciju. Aptuvenais [&hellip;]","og_url":"https:\/\/www.stlflix-store.com\/product\/vaze-linejs-balta\/","og_site_name":"MyStore - By STLFLIX","article_publisher":"https:\/\/www.facebook.com\/STLFLIX","article_modified_time":"2024-12-22T11:12:02+00:00","og_image":[{"width":1080,"height":1350,"url":"https:\/\/www.stlflix-store.com\/wp-content\/uploads\/2024\/06\/Linseshortvase_5_e1337e79e0.jpg","type":"image\/jpeg"}],"twitter_card":"summary_large_image","schema":{"@context":"https:\/\/schema.org","@graph":[{"@type":"WebPage","@id":"https:\/\/www.stlflix-store.com\/product\/vaze-linejs-balta\/","url":"https:\/\/www.stlflix-store.com\/product\/vaze-linejs-balta\/","name":"V\u0101ze linejs - balta","isPartOf":{"@id":"https:\/\/my.stlflix.com\/#website"},"primaryImageOfPage":{"@id":"https:\/\/www.stlflix-store.com\/product\/vaze-linejs-balta\/#primaryimage"},"image":{"@id":"https:\/\/www.stlflix-store.com\/product\/vaze-linejs-balta\/#primaryimage"},"thumbnailUrl":"https:\/\/my.stlflix.com\/wp-content\/uploads\/2024\/06\/Linseshortvase_5_e1337e79e0.jpg","datePublished":"2024-06-16T16:15:53+00:00","dateModified":"2024-12-22T11:12:02+00:00","breadcrumb":{"@id":"https:\/\/www.stlflix-store.com\/product\/vaze-linejs-balta\/#breadcrumb"},"inLanguage":"es-ES","potentialAction":[{"@type":"ReadAction","target":["https:\/\/www.stlflix-store.com\/product\/vaze-linejs-balta\/"]}]},{"@type":"ImageObject","inLanguage":"es-ES","@id":"https:\/\/www.stlflix-store.com\/product\/vaze-linejs-balta\/#primaryimage","url":"https:\/\/my.stlflix.com\/wp-content\/uploads\/2024\/06\/Linseshortvase_5_e1337e79e0.jpg","contentUrl":"https:\/\/my.stlflix.com\/wp-content\/uploads\/2024\/06\/Linseshortvase_5_e1337e79e0.jpg","width":1080,"height":1350},{"@type":"BreadcrumbList","@id":"https:\/\/www.stlflix-store.com\/product\/vaze-linejs-balta\/#breadcrumb","itemListElement":[{"@type":"ListItem","position":1,"name":"Home","item":"https:\/\/www.stlflix-store.com\/"},{"@type":"ListItem","position":2,"name":"Products","item":"https:\/\/www.stlflix-store.com\/shop\/"},{"@type":"ListItem","position":3,"name":"V\u0101ze linejs &#8211; balta"}]},{"@type":"WebSite","@id":"https:\/\/my.stlflix.com\/#website","url":"https:\/\/my.stlflix.com\/","name":"MyStore - By STLFLIX","description":"","publisher":{"@id":"https:\/\/my.stlflix.com\/#organization"},"potentialAction":[{"@type":"SearchAction","target":{"@type":"EntryPoint","urlTemplate":"https:\/\/my.stlflix.com\/?s={search_term_string}"},"query-input":{"@type":"PropertyValueSpecification","valueRequired":true,"valueName":"search_term_string"}}],"inLanguage":"es-ES"},{"@type":"Organization","@id":"https:\/\/my.stlflix.com\/#organization","name":"MyStore - By STLFLIX","url":"https:\/\/my.stlflix.com\/","logo":{"@type":"ImageObject","inLanguage":"es-ES","@id":"https:\/\/my.stlflix.com\/#\/schema\/logo\/image\/","url":"https:\/\/my.stlflix.com\/wp-content\/uploads\/2024\/06\/logo-mystore.png","contentUrl":"https:\/\/my.stlflix.com\/wp-content\/uploads\/2024\/06\/logo-mystore.png","width":150,"height":41,"caption":"MyStore - By STLFLIX"},"image":{"@id":"https:\/\/my.stlflix.com\/#\/schema\/logo\/image\/"},"sameAs":["https:\/\/www.facebook.com\/STLFLIX","https:\/\/www.instagram.com\/stlflix_\/","https:\/\/www.tiktok.com\/@stlflix"]}]}},"_links":{"self":[{"href":"https:\/\/my.stlflix.com\/es\/wp-json\/wp\/v2\/product\/40775","targetHints":{"allow":["GET"]}}],"collection":[{"href":"https:\/\/my.stlflix.com\/es\/wp-json\/wp\/v2\/product"}],"about":[{"href":"https:\/\/my.stlflix.com\/es\/wp-json\/wp\/v2\/types\/product"}],"replies":[{"embeddable":true,"href":"https:\/\/my.stlflix.com\/es\/wp-json\/wp\/v2\/comments?post=40775"}],"wp:featuredmedia":[{"embeddable":true,"href":"https:\/\/my.stlflix.com\/es\/wp-json\/wp\/v2\/media\/40782"}],"wp:attachment":[{"href":"https:\/\/my.stlflix.com\/es\/wp-json\/wp\/v2\/media?parent=40775"}],"wp:term":[{"taxonomy":"product_brand","embeddable":true,"href":"https:\/\/my.stlflix.com\/es\/wp-json\/wp\/v2\/product_brand?post=40775"},{"taxonomy":"product_cat","embeddable":true,"href":"https:\/\/my.stlflix.com\/es\/wp-json\/wp\/v2\/product_cat?post=40775"},{"taxonomy":"product_tag","embeddable":true,"href":"https:\/\/my.stlflix.com\/es\/wp-json\/wp\/v2\/product_tag?post=40775"}],"curies":[{"name":"wp","href":"https:\/\/api.w.org\/{rel}","templated":true}]}}