{"id":408691,"date":"2025-07-26T16:18:56","date_gmt":"2025-07-26T16:18:56","guid":{"rendered":"https:\/\/my.stlflix.com\/?post_type=product&#038;p=408691"},"modified":"2025-07-26T16:19:00","modified_gmt":"2025-07-26T16:19:00","slug":"bordeaux-the-octopus-wine-holder-68833f432a2f9","status":"publish","type":"product","link":"https:\/\/my.stlflix.com\/es\/product\/bordeaux-the-octopus-wine-holder-68833f432a2f9\/","title":{"rendered":"Bordeaux el pulpo &#8211; Soporte para botella de vino"},"content":{"rendered":"<p>Desde las profundidades de los mares del Caribe llega Bordeaux. En sus a\u00f1os j\u00f3venes se aficion\u00f3 al ron y ahora ha desarrollado un gusto por el vino. Covierte con su ayuda una botella en toda una obra de arte.<\/p>\n<p>Di\u00e1metro m\u00e1ximo de la botella 2.45 pulgadas (aproximadamente 8.75 cm)<\/p>\n<p>Dise\u00f1o: STLFLIX<\/p>\n","protected":false},"excerpt":{"rendered":"<p>Desde las profundidades de los mares del Caribe llega Bordeaux. En sus a\u00f1os j\u00f3venes se aficion\u00f3 al ron y ahora ha desarrollado un gusto por el vino. Covierte con su ayuda una botella en toda una obra de arte. Di\u00e1metro m\u00e1ximo de la botella 2.45 pulgadas (aproximadamente 8.75 cm) Dise\u00f1o: STLFLIX<\/p>\n","protected":false},"featured_media":9320,"comment_status":"open","ping_status":"closed","template":"","meta":[],"product_brand":[],"product_cat":[52],"product_tag":[6291,6290],"class_list":{"0":"post-408691","1":"product","2":"type-product","3":"status-publish","4":"has-post-thumbnail","6":"product_cat-best-sellers","7":"product_tag-animales","8":"product_tag-utiles","10":"first","11":"outofstock","12":"purchasable","13":"product-type-variable"},"yoast_head":"<!-- This site is optimized with the Yoast SEO plugin v25.1 - https:\/\/yoast.com\/wordpress\/plugins\/seo\/ -->\n<title>Bordeaux el pulpo - Soporte para botella de vino - MyStore - By STLFLIX<\/title>\n<meta name=\"robots\" content=\"index, follow, max-snippet:-1, max-image-preview:large, max-video-preview:-1\" \/>\n<link rel=\"canonical\" href=\"https:\/\/my.stlflix.com\/es\/product\/bordeaux-the-octopus-wine-holder-68833f432a2f9\/\" \/>\n<meta property=\"og:locale\" content=\"es_ES\" \/>\n<meta property=\"og:type\" content=\"article\" \/>\n<meta property=\"og:title\" content=\"Bordeaux el pulpo - Soporte para botella de vino - MyStore - By STLFLIX\" \/>\n<meta property=\"og:description\" content=\"Desde las profundidades de los mares del Caribe llega Bordeaux. En sus a\u00f1os j\u00f3venes se aficion\u00f3 al ron y ahora ha desarrollado un gusto por el vino. Covierte con su ayuda una botella en toda una obra de arte. Di\u00e1metro m\u00e1ximo de la botella 2.45 pulgadas (aproximadamente 8.75 cm) Dise\u00f1o: STLFLIX\" \/>\n<meta property=\"og:url\" content=\"https:\/\/my.stlflix.com\/es\/product\/bordeaux-the-octopus-wine-holder-68833f432a2f9\/\" \/>\n<meta property=\"og:site_name\" content=\"MyStore - By STLFLIX\" \/>\n<meta property=\"article:publisher\" content=\"https:\/\/www.facebook.com\/STLFLIX\" \/>\n<meta property=\"article:modified_time\" content=\"2025-07-26T16:19:00+00:00\" \/>\n<meta property=\"og:image\" content=\"https:\/\/my.stlflix.com\/wp-content\/uploads\/2024\/03\/Bordeaux_the_octopus_142bcaedc2.png\" \/>\n\t<meta property=\"og:image:width\" content=\"542\" \/>\n\t<meta property=\"og:image:height\" content=\"678\" \/>\n\t<meta property=\"og:image:type\" content=\"image\/png\" \/>\n<meta name=\"twitter:card\" content=\"summary_large_image\" \/>\n<script type=\"application\/ld+json\" class=\"yoast-schema-graph\">{\"@context\":\"https:\/\/schema.org\",\"@graph\":[{\"@type\":\"WebPage\",\"@id\":\"https:\/\/my.stlflix.com\/es\/product\/bordeaux-the-octopus-wine-holder-68833f432a2f9\/\",\"url\":\"https:\/\/my.stlflix.com\/es\/product\/bordeaux-the-octopus-wine-holder-68833f432a2f9\/\",\"name\":\"Bordeaux el pulpo - Soporte para botella de vino - MyStore - By STLFLIX\",\"isPartOf\":{\"@id\":\"https:\/\/my.stlflix.com\/#website\"},\"primaryImageOfPage\":{\"@id\":\"https:\/\/my.stlflix.com\/es\/product\/bordeaux-the-octopus-wine-holder-68833f432a2f9\/#primaryimage\"},\"image\":{\"@id\":\"https:\/\/my.stlflix.com\/es\/product\/bordeaux-the-octopus-wine-holder-68833f432a2f9\/#primaryimage\"},\"thumbnailUrl\":\"https:\/\/my.stlflix.com\/wp-content\/uploads\/2024\/03\/Bordeaux_the_octopus_142bcaedc2.png\",\"datePublished\":\"2025-07-26T16:18:56+00:00\",\"dateModified\":\"2025-07-26T16:19:00+00:00\",\"breadcrumb\":{\"@id\":\"https:\/\/my.stlflix.com\/es\/product\/bordeaux-the-octopus-wine-holder-68833f432a2f9\/#breadcrumb\"},\"inLanguage\":\"es-ES\",\"potentialAction\":[{\"@type\":\"ReadAction\",\"target\":[\"https:\/\/my.stlflix.com\/es\/product\/bordeaux-the-octopus-wine-holder-68833f432a2f9\/\"]}]},{\"@type\":\"ImageObject\",\"inLanguage\":\"es-ES\",\"@id\":\"https:\/\/my.stlflix.com\/es\/product\/bordeaux-the-octopus-wine-holder-68833f432a2f9\/#primaryimage\",\"url\":\"https:\/\/my.stlflix.com\/wp-content\/uploads\/2024\/03\/Bordeaux_the_octopus_142bcaedc2.png\",\"contentUrl\":\"https:\/\/my.stlflix.com\/wp-content\/uploads\/2024\/03\/Bordeaux_the_octopus_142bcaedc2.png\",\"width\":542,\"height\":678},{\"@type\":\"BreadcrumbList\",\"@id\":\"https:\/\/my.stlflix.com\/es\/product\/bordeaux-the-octopus-wine-holder-68833f432a2f9\/#breadcrumb\",\"itemListElement\":[{\"@type\":\"ListItem\",\"position\":1,\"name\":\"Home\",\"item\":\"https:\/\/www.stlflix-store.com\/\"},{\"@type\":\"ListItem\",\"position\":2,\"name\":\"Products\",\"item\":\"https:\/\/www.stlflix-store.com\/shop\/\"},{\"@type\":\"ListItem\",\"position\":3,\"name\":\"Bordeaux el pulpo &#8211; Soporte para botella de vino\"}]},{\"@type\":\"WebSite\",\"@id\":\"https:\/\/my.stlflix.com\/#website\",\"url\":\"https:\/\/my.stlflix.com\/\",\"name\":\"MyStore - By STLFLIX\",\"description\":\"\",\"publisher\":{\"@id\":\"https:\/\/my.stlflix.com\/#organization\"},\"potentialAction\":[{\"@type\":\"SearchAction\",\"target\":{\"@type\":\"EntryPoint\",\"urlTemplate\":\"https:\/\/my.stlflix.com\/?s={search_term_string}\"},\"query-input\":{\"@type\":\"PropertyValueSpecification\",\"valueRequired\":true,\"valueName\":\"search_term_string\"}}],\"inLanguage\":\"es-ES\"},{\"@type\":\"Organization\",\"@id\":\"https:\/\/my.stlflix.com\/#organization\",\"name\":\"MyStore - By STLFLIX\",\"url\":\"https:\/\/my.stlflix.com\/\",\"logo\":{\"@type\":\"ImageObject\",\"inLanguage\":\"es-ES\",\"@id\":\"https:\/\/my.stlflix.com\/#\/schema\/logo\/image\/\",\"url\":\"https:\/\/my.stlflix.com\/wp-content\/uploads\/2024\/06\/logo-mystore.png\",\"contentUrl\":\"https:\/\/my.stlflix.com\/wp-content\/uploads\/2024\/06\/logo-mystore.png\",\"width\":150,\"height\":41,\"caption\":\"MyStore - By STLFLIX\"},\"image\":{\"@id\":\"https:\/\/my.stlflix.com\/#\/schema\/logo\/image\/\"},\"sameAs\":[\"https:\/\/www.facebook.com\/STLFLIX\",\"https:\/\/www.instagram.com\/stlflix_\/\",\"https:\/\/www.tiktok.com\/@stlflix\"]}]}<\/script>\n<!-- \/ Yoast SEO plugin. -->","yoast_head_json":{"title":"Bordeaux el pulpo - Soporte para botella de vino - MyStore - By STLFLIX","robots":{"index":"index","follow":"follow","max-snippet":"max-snippet:-1","max-image-preview":"max-image-preview:large","max-video-preview":"max-video-preview:-1"},"canonical":"https:\/\/my.stlflix.com\/es\/product\/bordeaux-the-octopus-wine-holder-68833f432a2f9\/","og_locale":"es_ES","og_type":"article","og_title":"Bordeaux el pulpo - Soporte para botella de vino - MyStore - By STLFLIX","og_description":"Desde las profundidades de los mares del Caribe llega Bordeaux. En sus a\u00f1os j\u00f3venes se aficion\u00f3 al ron y ahora ha desarrollado un gusto por el vino. Covierte con su ayuda una botella en toda una obra de arte. Di\u00e1metro m\u00e1ximo de la botella 2.45 pulgadas (aproximadamente 8.75 cm) Dise\u00f1o: STLFLIX","og_url":"https:\/\/my.stlflix.com\/es\/product\/bordeaux-the-octopus-wine-holder-68833f432a2f9\/","og_site_name":"MyStore - By STLFLIX","article_publisher":"https:\/\/www.facebook.com\/STLFLIX","article_modified_time":"2025-07-26T16:19:00+00:00","og_image":[{"width":542,"height":678,"url":"https:\/\/my.stlflix.com\/wp-content\/uploads\/2024\/03\/Bordeaux_the_octopus_142bcaedc2.png","type":"image\/png"}],"twitter_card":"summary_large_image","schema":{"@context":"https:\/\/schema.org","@graph":[{"@type":"WebPage","@id":"https:\/\/my.stlflix.com\/es\/product\/bordeaux-the-octopus-wine-holder-68833f432a2f9\/","url":"https:\/\/my.stlflix.com\/es\/product\/bordeaux-the-octopus-wine-holder-68833f432a2f9\/","name":"Bordeaux el pulpo - Soporte para botella de vino - MyStore - By STLFLIX","isPartOf":{"@id":"https:\/\/my.stlflix.com\/#website"},"primaryImageOfPage":{"@id":"https:\/\/my.stlflix.com\/es\/product\/bordeaux-the-octopus-wine-holder-68833f432a2f9\/#primaryimage"},"image":{"@id":"https:\/\/my.stlflix.com\/es\/product\/bordeaux-the-octopus-wine-holder-68833f432a2f9\/#primaryimage"},"thumbnailUrl":"https:\/\/my.stlflix.com\/wp-content\/uploads\/2024\/03\/Bordeaux_the_octopus_142bcaedc2.png","datePublished":"2025-07-26T16:18:56+00:00","dateModified":"2025-07-26T16:19:00+00:00","breadcrumb":{"@id":"https:\/\/my.stlflix.com\/es\/product\/bordeaux-the-octopus-wine-holder-68833f432a2f9\/#breadcrumb"},"inLanguage":"es-ES","potentialAction":[{"@type":"ReadAction","target":["https:\/\/my.stlflix.com\/es\/product\/bordeaux-the-octopus-wine-holder-68833f432a2f9\/"]}]},{"@type":"ImageObject","inLanguage":"es-ES","@id":"https:\/\/my.stlflix.com\/es\/product\/bordeaux-the-octopus-wine-holder-68833f432a2f9\/#primaryimage","url":"https:\/\/my.stlflix.com\/wp-content\/uploads\/2024\/03\/Bordeaux_the_octopus_142bcaedc2.png","contentUrl":"https:\/\/my.stlflix.com\/wp-content\/uploads\/2024\/03\/Bordeaux_the_octopus_142bcaedc2.png","width":542,"height":678},{"@type":"BreadcrumbList","@id":"https:\/\/my.stlflix.com\/es\/product\/bordeaux-the-octopus-wine-holder-68833f432a2f9\/#breadcrumb","itemListElement":[{"@type":"ListItem","position":1,"name":"Home","item":"https:\/\/www.stlflix-store.com\/"},{"@type":"ListItem","position":2,"name":"Products","item":"https:\/\/www.stlflix-store.com\/shop\/"},{"@type":"ListItem","position":3,"name":"Bordeaux el pulpo &#8211; Soporte para botella de vino"}]},{"@type":"WebSite","@id":"https:\/\/my.stlflix.com\/#website","url":"https:\/\/my.stlflix.com\/","name":"MyStore - By STLFLIX","description":"","publisher":{"@id":"https:\/\/my.stlflix.com\/#organization"},"potentialAction":[{"@type":"SearchAction","target":{"@type":"EntryPoint","urlTemplate":"https:\/\/my.stlflix.com\/?s={search_term_string}"},"query-input":{"@type":"PropertyValueSpecification","valueRequired":true,"valueName":"search_term_string"}}],"inLanguage":"es-ES"},{"@type":"Organization","@id":"https:\/\/my.stlflix.com\/#organization","name":"MyStore - By STLFLIX","url":"https:\/\/my.stlflix.com\/","logo":{"@type":"ImageObject","inLanguage":"es-ES","@id":"https:\/\/my.stlflix.com\/#\/schema\/logo\/image\/","url":"https:\/\/my.stlflix.com\/wp-content\/uploads\/2024\/06\/logo-mystore.png","contentUrl":"https:\/\/my.stlflix.com\/wp-content\/uploads\/2024\/06\/logo-mystore.png","width":150,"height":41,"caption":"MyStore - By STLFLIX"},"image":{"@id":"https:\/\/my.stlflix.com\/#\/schema\/logo\/image\/"},"sameAs":["https:\/\/www.facebook.com\/STLFLIX","https:\/\/www.instagram.com\/stlflix_\/","https:\/\/www.tiktok.com\/@stlflix"]}]}},"_links":{"self":[{"href":"https:\/\/my.stlflix.com\/es\/wp-json\/wp\/v2\/product\/408691","targetHints":{"allow":["GET"]}}],"collection":[{"href":"https:\/\/my.stlflix.com\/es\/wp-json\/wp\/v2\/product"}],"about":[{"href":"https:\/\/my.stlflix.com\/es\/wp-json\/wp\/v2\/types\/product"}],"replies":[{"embeddable":true,"href":"https:\/\/my.stlflix.com\/es\/wp-json\/wp\/v2\/comments?post=408691"}],"wp:featuredmedia":[{"embeddable":true,"href":"https:\/\/my.stlflix.com\/es\/wp-json\/wp\/v2\/media\/9320"}],"wp:attachment":[{"href":"https:\/\/my.stlflix.com\/es\/wp-json\/wp\/v2\/media?parent=408691"}],"wp:term":[{"taxonomy":"product_brand","embeddable":true,"href":"https:\/\/my.stlflix.com\/es\/wp-json\/wp\/v2\/product_brand?post=408691"},{"taxonomy":"product_cat","embeddable":true,"href":"https:\/\/my.stlflix.com\/es\/wp-json\/wp\/v2\/product_cat?post=408691"},{"taxonomy":"product_tag","embeddable":true,"href":"https:\/\/my.stlflix.com\/es\/wp-json\/wp\/v2\/product_tag?post=408691"}],"curies":[{"name":"wp","href":"https:\/\/api.w.org\/{rel}","templated":true}]}}