{"id":408692,"date":"2025-07-28T16:55:40","date_gmt":"2025-07-28T16:55:40","guid":{"rendered":"https:\/\/my.stlflix.com\/?post_type=product&#038;p=408692"},"modified":"2025-08-01T05:38:59","modified_gmt":"2025-08-01T05:38:59","slug":"cat-planters-68833fd3aa393","status":"publish","type":"product","link":"https:\/\/my.stlflix.com\/es\/product\/cat-planters-68833fd3aa393\/","title":{"rendered":"Gato durmiente &#8211; Macetero"},"content":{"rendered":"<p>\u00bfTe gustan los gatos? \u00bfTe gustan las plantas? No digas m\u00e1s. Esta maceta es para ti.<\/p>\n<p>El producto NO INCLUYE una planta viva, es s\u00f3lo un tiesto para rellenar con tu planta favorita de interior, ya que el material se puede da\u00f1ar por la exposici\u00f3n prolongada al sol.<\/p>\n<p>Dise\u00f1o: STLFLIX<\/p>\n","protected":false},"excerpt":{"rendered":"<p>\u00bfTe gustan los gatos? \u00bfTe gustan las plantas? No digas m\u00e1s. Esta maceta es para ti. El producto NO INCLUYE una planta viva, es s\u00f3lo un tiesto para rellenar con tu planta favorita de interior, ya que el material se puede da\u00f1ar por la exposici\u00f3n prolongada al sol. Dise\u00f1o: STLFLIX<\/p>\n","protected":false},"featured_media":411082,"comment_status":"open","ping_status":"closed","template":"","meta":[],"product_brand":[],"product_cat":[19],"product_tag":[6291,5783,6290],"class_list":{"0":"post-408692","1":"product","2":"type-product","3":"status-publish","4":"has-post-thumbnail","6":"product_cat-animals","7":"product_tag-animales","8":"product_tag-decoracion-2","9":"product_tag-utiles","11":"first","12":"outofstock","13":"purchasable","14":"product-type-simple"},"yoast_head":"<!-- This site is optimized with the Yoast SEO plugin v25.1 - https:\/\/yoast.com\/wordpress\/plugins\/seo\/ -->\n<title>Gato durmiente - Macetero - MyStore - By STLFLIX<\/title>\n<meta name=\"robots\" content=\"index, follow, max-snippet:-1, max-image-preview:large, max-video-preview:-1\" \/>\n<link rel=\"canonical\" href=\"https:\/\/my.stlflix.com\/es\/product\/cat-planters-68833fd3aa393\/\" \/>\n<meta property=\"og:locale\" content=\"es_ES\" \/>\n<meta property=\"og:type\" content=\"article\" \/>\n<meta property=\"og:title\" content=\"Gato durmiente - Macetero - MyStore - By STLFLIX\" \/>\n<meta property=\"og:description\" content=\"\u00bfTe gustan los gatos? \u00bfTe gustan las plantas? No digas m\u00e1s. Esta maceta es para ti. El producto NO INCLUYE una planta viva, es s\u00f3lo un tiesto para rellenar con tu planta favorita de interior, ya que el material se puede da\u00f1ar por la exposici\u00f3n prolongada al sol. Dise\u00f1o: STLFLIX\" \/>\n<meta property=\"og:url\" content=\"https:\/\/my.stlflix.com\/es\/product\/cat-planters-68833fd3aa393\/\" \/>\n<meta property=\"og:site_name\" content=\"MyStore - By STLFLIX\" \/>\n<meta property=\"article:publisher\" content=\"https:\/\/www.facebook.com\/STLFLIX\" \/>\n<meta property=\"article:modified_time\" content=\"2025-08-01T05:38:59+00:00\" \/>\n<meta property=\"og:image\" content=\"https:\/\/my.stlflix.com\/wp-content\/uploads\/2025\/07\/02_885b113d84_1b1e97cb05.webp\" \/>\n\t<meta property=\"og:image:width\" content=\"700\" \/>\n\t<meta property=\"og:image:height\" content=\"874\" \/>\n\t<meta property=\"og:image:type\" content=\"image\/webp\" \/>\n<meta name=\"twitter:card\" content=\"summary_large_image\" \/>\n<script type=\"application\/ld+json\" class=\"yoast-schema-graph\">{\"@context\":\"https:\/\/schema.org\",\"@graph\":[{\"@type\":\"WebPage\",\"@id\":\"https:\/\/my.stlflix.com\/es\/product\/cat-planters-68833fd3aa393\/\",\"url\":\"https:\/\/my.stlflix.com\/es\/product\/cat-planters-68833fd3aa393\/\",\"name\":\"Gato durmiente - Macetero - MyStore - By STLFLIX\",\"isPartOf\":{\"@id\":\"https:\/\/my.stlflix.com\/#website\"},\"primaryImageOfPage\":{\"@id\":\"https:\/\/my.stlflix.com\/es\/product\/cat-planters-68833fd3aa393\/#primaryimage\"},\"image\":{\"@id\":\"https:\/\/my.stlflix.com\/es\/product\/cat-planters-68833fd3aa393\/#primaryimage\"},\"thumbnailUrl\":\"https:\/\/my.stlflix.com\/wp-content\/uploads\/2025\/07\/02_885b113d84_1b1e97cb05.webp\",\"datePublished\":\"2025-07-28T16:55:40+00:00\",\"dateModified\":\"2025-08-01T05:38:59+00:00\",\"breadcrumb\":{\"@id\":\"https:\/\/my.stlflix.com\/es\/product\/cat-planters-68833fd3aa393\/#breadcrumb\"},\"inLanguage\":\"es-ES\",\"potentialAction\":[{\"@type\":\"ReadAction\",\"target\":[\"https:\/\/my.stlflix.com\/es\/product\/cat-planters-68833fd3aa393\/\"]}]},{\"@type\":\"ImageObject\",\"inLanguage\":\"es-ES\",\"@id\":\"https:\/\/my.stlflix.com\/es\/product\/cat-planters-68833fd3aa393\/#primaryimage\",\"url\":\"https:\/\/my.stlflix.com\/wp-content\/uploads\/2025\/07\/02_885b113d84_1b1e97cb05.webp\",\"contentUrl\":\"https:\/\/my.stlflix.com\/wp-content\/uploads\/2025\/07\/02_885b113d84_1b1e97cb05.webp\",\"width\":700,\"height\":874},{\"@type\":\"BreadcrumbList\",\"@id\":\"https:\/\/my.stlflix.com\/es\/product\/cat-planters-68833fd3aa393\/#breadcrumb\",\"itemListElement\":[{\"@type\":\"ListItem\",\"position\":1,\"name\":\"Home\",\"item\":\"https:\/\/www.stlflix-store.com\/\"},{\"@type\":\"ListItem\",\"position\":2,\"name\":\"Products\",\"item\":\"https:\/\/www.stlflix-store.com\/shop\/\"},{\"@type\":\"ListItem\",\"position\":3,\"name\":\"Gato durmiente &#8211; Macetero\"}]},{\"@type\":\"WebSite\",\"@id\":\"https:\/\/my.stlflix.com\/#website\",\"url\":\"https:\/\/my.stlflix.com\/\",\"name\":\"MyStore - By STLFLIX\",\"description\":\"\",\"publisher\":{\"@id\":\"https:\/\/my.stlflix.com\/#organization\"},\"potentialAction\":[{\"@type\":\"SearchAction\",\"target\":{\"@type\":\"EntryPoint\",\"urlTemplate\":\"https:\/\/my.stlflix.com\/?s={search_term_string}\"},\"query-input\":{\"@type\":\"PropertyValueSpecification\",\"valueRequired\":true,\"valueName\":\"search_term_string\"}}],\"inLanguage\":\"es-ES\"},{\"@type\":\"Organization\",\"@id\":\"https:\/\/my.stlflix.com\/#organization\",\"name\":\"MyStore - By STLFLIX\",\"url\":\"https:\/\/my.stlflix.com\/\",\"logo\":{\"@type\":\"ImageObject\",\"inLanguage\":\"es-ES\",\"@id\":\"https:\/\/my.stlflix.com\/#\/schema\/logo\/image\/\",\"url\":\"https:\/\/my.stlflix.com\/wp-content\/uploads\/2024\/06\/logo-mystore.png\",\"contentUrl\":\"https:\/\/my.stlflix.com\/wp-content\/uploads\/2024\/06\/logo-mystore.png\",\"width\":150,\"height\":41,\"caption\":\"MyStore - By STLFLIX\"},\"image\":{\"@id\":\"https:\/\/my.stlflix.com\/#\/schema\/logo\/image\/\"},\"sameAs\":[\"https:\/\/www.facebook.com\/STLFLIX\",\"https:\/\/www.instagram.com\/stlflix_\/\",\"https:\/\/www.tiktok.com\/@stlflix\"]}]}<\/script>\n<!-- \/ Yoast SEO plugin. -->","yoast_head_json":{"title":"Gato durmiente - Macetero - MyStore - By STLFLIX","robots":{"index":"index","follow":"follow","max-snippet":"max-snippet:-1","max-image-preview":"max-image-preview:large","max-video-preview":"max-video-preview:-1"},"canonical":"https:\/\/my.stlflix.com\/es\/product\/cat-planters-68833fd3aa393\/","og_locale":"es_ES","og_type":"article","og_title":"Gato durmiente - Macetero - MyStore - By STLFLIX","og_description":"\u00bfTe gustan los gatos? \u00bfTe gustan las plantas? No digas m\u00e1s. Esta maceta es para ti. El producto NO INCLUYE una planta viva, es s\u00f3lo un tiesto para rellenar con tu planta favorita de interior, ya que el material se puede da\u00f1ar por la exposici\u00f3n prolongada al sol. Dise\u00f1o: STLFLIX","og_url":"https:\/\/my.stlflix.com\/es\/product\/cat-planters-68833fd3aa393\/","og_site_name":"MyStore - By STLFLIX","article_publisher":"https:\/\/www.facebook.com\/STLFLIX","article_modified_time":"2025-08-01T05:38:59+00:00","og_image":[{"width":700,"height":874,"url":"https:\/\/my.stlflix.com\/wp-content\/uploads\/2025\/07\/02_885b113d84_1b1e97cb05.webp","type":"image\/webp"}],"twitter_card":"summary_large_image","schema":{"@context":"https:\/\/schema.org","@graph":[{"@type":"WebPage","@id":"https:\/\/my.stlflix.com\/es\/product\/cat-planters-68833fd3aa393\/","url":"https:\/\/my.stlflix.com\/es\/product\/cat-planters-68833fd3aa393\/","name":"Gato durmiente - Macetero - MyStore - By STLFLIX","isPartOf":{"@id":"https:\/\/my.stlflix.com\/#website"},"primaryImageOfPage":{"@id":"https:\/\/my.stlflix.com\/es\/product\/cat-planters-68833fd3aa393\/#primaryimage"},"image":{"@id":"https:\/\/my.stlflix.com\/es\/product\/cat-planters-68833fd3aa393\/#primaryimage"},"thumbnailUrl":"https:\/\/my.stlflix.com\/wp-content\/uploads\/2025\/07\/02_885b113d84_1b1e97cb05.webp","datePublished":"2025-07-28T16:55:40+00:00","dateModified":"2025-08-01T05:38:59+00:00","breadcrumb":{"@id":"https:\/\/my.stlflix.com\/es\/product\/cat-planters-68833fd3aa393\/#breadcrumb"},"inLanguage":"es-ES","potentialAction":[{"@type":"ReadAction","target":["https:\/\/my.stlflix.com\/es\/product\/cat-planters-68833fd3aa393\/"]}]},{"@type":"ImageObject","inLanguage":"es-ES","@id":"https:\/\/my.stlflix.com\/es\/product\/cat-planters-68833fd3aa393\/#primaryimage","url":"https:\/\/my.stlflix.com\/wp-content\/uploads\/2025\/07\/02_885b113d84_1b1e97cb05.webp","contentUrl":"https:\/\/my.stlflix.com\/wp-content\/uploads\/2025\/07\/02_885b113d84_1b1e97cb05.webp","width":700,"height":874},{"@type":"BreadcrumbList","@id":"https:\/\/my.stlflix.com\/es\/product\/cat-planters-68833fd3aa393\/#breadcrumb","itemListElement":[{"@type":"ListItem","position":1,"name":"Home","item":"https:\/\/www.stlflix-store.com\/"},{"@type":"ListItem","position":2,"name":"Products","item":"https:\/\/www.stlflix-store.com\/shop\/"},{"@type":"ListItem","position":3,"name":"Gato durmiente &#8211; Macetero"}]},{"@type":"WebSite","@id":"https:\/\/my.stlflix.com\/#website","url":"https:\/\/my.stlflix.com\/","name":"MyStore - By STLFLIX","description":"","publisher":{"@id":"https:\/\/my.stlflix.com\/#organization"},"potentialAction":[{"@type":"SearchAction","target":{"@type":"EntryPoint","urlTemplate":"https:\/\/my.stlflix.com\/?s={search_term_string}"},"query-input":{"@type":"PropertyValueSpecification","valueRequired":true,"valueName":"search_term_string"}}],"inLanguage":"es-ES"},{"@type":"Organization","@id":"https:\/\/my.stlflix.com\/#organization","name":"MyStore - By STLFLIX","url":"https:\/\/my.stlflix.com\/","logo":{"@type":"ImageObject","inLanguage":"es-ES","@id":"https:\/\/my.stlflix.com\/#\/schema\/logo\/image\/","url":"https:\/\/my.stlflix.com\/wp-content\/uploads\/2024\/06\/logo-mystore.png","contentUrl":"https:\/\/my.stlflix.com\/wp-content\/uploads\/2024\/06\/logo-mystore.png","width":150,"height":41,"caption":"MyStore - By STLFLIX"},"image":{"@id":"https:\/\/my.stlflix.com\/#\/schema\/logo\/image\/"},"sameAs":["https:\/\/www.facebook.com\/STLFLIX","https:\/\/www.instagram.com\/stlflix_\/","https:\/\/www.tiktok.com\/@stlflix"]}]}},"_links":{"self":[{"href":"https:\/\/my.stlflix.com\/es\/wp-json\/wp\/v2\/product\/408692","targetHints":{"allow":["GET"]}}],"collection":[{"href":"https:\/\/my.stlflix.com\/es\/wp-json\/wp\/v2\/product"}],"about":[{"href":"https:\/\/my.stlflix.com\/es\/wp-json\/wp\/v2\/types\/product"}],"replies":[{"embeddable":true,"href":"https:\/\/my.stlflix.com\/es\/wp-json\/wp\/v2\/comments?post=408692"}],"wp:featuredmedia":[{"embeddable":true,"href":"https:\/\/my.stlflix.com\/es\/wp-json\/wp\/v2\/media\/411082"}],"wp:attachment":[{"href":"https:\/\/my.stlflix.com\/es\/wp-json\/wp\/v2\/media?parent=408692"}],"wp:term":[{"taxonomy":"product_brand","embeddable":true,"href":"https:\/\/my.stlflix.com\/es\/wp-json\/wp\/v2\/product_brand?post=408692"},{"taxonomy":"product_cat","embeddable":true,"href":"https:\/\/my.stlflix.com\/es\/wp-json\/wp\/v2\/product_cat?post=408692"},{"taxonomy":"product_tag","embeddable":true,"href":"https:\/\/my.stlflix.com\/es\/wp-json\/wp\/v2\/product_tag?post=408692"}],"curies":[{"name":"wp","href":"https:\/\/api.w.org\/{rel}","templated":true}]}}