{"id":408707,"date":"2025-07-28T16:56:08","date_gmt":"2025-07-28T16:56:08","guid":{"rendered":"https:\/\/my.stlflix.com\/?post_type=product&#038;p=408707"},"modified":"2025-07-28T16:56:09","modified_gmt":"2025-07-28T16:56:09","slug":"herbivore-planter-front-6883474c18fc8","status":"publish","type":"product","link":"https:\/\/my.stlflix.com\/es\/product\/herbivore-planter-front-6883474c18fc8\/","title":{"rendered":"Herb\u00edvoro de frente &#8211; Dinosaurio maceta"},"content":{"rendered":"<p>La maceta perfecta para los amantes de las plantas. \u00bfA qui\u00e9n le gustan m\u00e1s las plantas que a un herb\u00edvoro?<\/p>\n<p>El producto NO INCLUYE una planta viva, es s\u00f3lo un tiesto para rellenar con tu planta favorita de interior, ya que el material se puede da\u00f1ar por la exposici\u00f3n prolongada al sol.<\/p>\n<p>Dise\u00f1o: STLFLIX<\/p>\n","protected":false},"excerpt":{"rendered":"<p>La maceta perfecta para los amantes de las plantas. \u00bfA qui\u00e9n le gustan m\u00e1s las plantas que a un herb\u00edvoro? El producto NO INCLUYE una planta viva, es s\u00f3lo un tiesto para rellenar con tu planta favorita de interior, ya que el material se puede da\u00f1ar por la exposici\u00f3n prolongada al sol. Dise\u00f1o: STLFLIX<\/p>\n","protected":false},"featured_media":53147,"comment_status":"open","ping_status":"closed","template":"","meta":[],"product_brand":[],"product_cat":[19],"product_tag":[6291,5783,6290],"class_list":{"0":"post-408707","1":"product","2":"type-product","3":"status-publish","4":"has-post-thumbnail","6":"product_cat-animals","7":"product_tag-animales","8":"product_tag-decoracion-2","9":"product_tag-utiles","11":"first","12":"outofstock","13":"purchasable","14":"product-type-simple"},"yoast_head":"<!-- This site is optimized with the Yoast SEO plugin v25.1 - https:\/\/yoast.com\/wordpress\/plugins\/seo\/ -->\n<title>Herb\u00edvoro de frente - Dinosaurio maceta - MyStore - By STLFLIX<\/title>\n<meta name=\"robots\" content=\"index, follow, max-snippet:-1, max-image-preview:large, max-video-preview:-1\" \/>\n<link rel=\"canonical\" href=\"https:\/\/my.stlflix.com\/es\/product\/herbivore-planter-front-6883474c18fc8\/\" \/>\n<meta property=\"og:locale\" content=\"es_ES\" \/>\n<meta property=\"og:type\" content=\"article\" \/>\n<meta property=\"og:title\" content=\"Herb\u00edvoro de frente - Dinosaurio maceta - MyStore - By STLFLIX\" \/>\n<meta property=\"og:description\" content=\"La maceta perfecta para los amantes de las plantas. \u00bfA qui\u00e9n le gustan m\u00e1s las plantas que a un herb\u00edvoro? El producto NO INCLUYE una planta viva, es s\u00f3lo un tiesto para rellenar con tu planta favorita de interior, ya que el material se puede da\u00f1ar por la exposici\u00f3n prolongada al sol. Dise\u00f1o: STLFLIX\" \/>\n<meta property=\"og:url\" content=\"https:\/\/my.stlflix.com\/es\/product\/herbivore-planter-front-6883474c18fc8\/\" \/>\n<meta property=\"og:site_name\" content=\"MyStore - By STLFLIX\" \/>\n<meta property=\"article:publisher\" content=\"https:\/\/www.facebook.com\/STLFLIX\" \/>\n<meta property=\"article:modified_time\" content=\"2025-07-28T16:56:09+00:00\" \/>\n<meta property=\"og:image\" content=\"https:\/\/my.stlflix.com\/wp-content\/uploads\/2024\/07\/Herbivore_Planter_Front_thumb_17c358c400.png\" \/>\n\t<meta property=\"og:image:width\" content=\"1080\" \/>\n\t<meta property=\"og:image:height\" content=\"1350\" \/>\n\t<meta property=\"og:image:type\" content=\"image\/png\" \/>\n<meta name=\"twitter:card\" content=\"summary_large_image\" \/>\n<script type=\"application\/ld+json\" class=\"yoast-schema-graph\">{\"@context\":\"https:\/\/schema.org\",\"@graph\":[{\"@type\":\"WebPage\",\"@id\":\"https:\/\/my.stlflix.com\/es\/product\/herbivore-planter-front-6883474c18fc8\/\",\"url\":\"https:\/\/my.stlflix.com\/es\/product\/herbivore-planter-front-6883474c18fc8\/\",\"name\":\"Herb\u00edvoro de frente - Dinosaurio maceta - MyStore - By STLFLIX\",\"isPartOf\":{\"@id\":\"https:\/\/my.stlflix.com\/#website\"},\"primaryImageOfPage\":{\"@id\":\"https:\/\/my.stlflix.com\/es\/product\/herbivore-planter-front-6883474c18fc8\/#primaryimage\"},\"image\":{\"@id\":\"https:\/\/my.stlflix.com\/es\/product\/herbivore-planter-front-6883474c18fc8\/#primaryimage\"},\"thumbnailUrl\":\"https:\/\/my.stlflix.com\/wp-content\/uploads\/2024\/07\/Herbivore_Planter_Front_thumb_17c358c400.png\",\"datePublished\":\"2025-07-28T16:56:08+00:00\",\"dateModified\":\"2025-07-28T16:56:09+00:00\",\"breadcrumb\":{\"@id\":\"https:\/\/my.stlflix.com\/es\/product\/herbivore-planter-front-6883474c18fc8\/#breadcrumb\"},\"inLanguage\":\"es-ES\",\"potentialAction\":[{\"@type\":\"ReadAction\",\"target\":[\"https:\/\/my.stlflix.com\/es\/product\/herbivore-planter-front-6883474c18fc8\/\"]}]},{\"@type\":\"ImageObject\",\"inLanguage\":\"es-ES\",\"@id\":\"https:\/\/my.stlflix.com\/es\/product\/herbivore-planter-front-6883474c18fc8\/#primaryimage\",\"url\":\"https:\/\/my.stlflix.com\/wp-content\/uploads\/2024\/07\/Herbivore_Planter_Front_thumb_17c358c400.png\",\"contentUrl\":\"https:\/\/my.stlflix.com\/wp-content\/uploads\/2024\/07\/Herbivore_Planter_Front_thumb_17c358c400.png\",\"width\":1080,\"height\":1350},{\"@type\":\"BreadcrumbList\",\"@id\":\"https:\/\/my.stlflix.com\/es\/product\/herbivore-planter-front-6883474c18fc8\/#breadcrumb\",\"itemListElement\":[{\"@type\":\"ListItem\",\"position\":1,\"name\":\"Home\",\"item\":\"https:\/\/www.stlflix-store.com\/\"},{\"@type\":\"ListItem\",\"position\":2,\"name\":\"Products\",\"item\":\"https:\/\/www.stlflix-store.com\/shop\/\"},{\"@type\":\"ListItem\",\"position\":3,\"name\":\"Herb\u00edvoro de frente &#8211; Dinosaurio maceta\"}]},{\"@type\":\"WebSite\",\"@id\":\"https:\/\/my.stlflix.com\/#website\",\"url\":\"https:\/\/my.stlflix.com\/\",\"name\":\"MyStore - By STLFLIX\",\"description\":\"\",\"publisher\":{\"@id\":\"https:\/\/my.stlflix.com\/#organization\"},\"potentialAction\":[{\"@type\":\"SearchAction\",\"target\":{\"@type\":\"EntryPoint\",\"urlTemplate\":\"https:\/\/my.stlflix.com\/?s={search_term_string}\"},\"query-input\":{\"@type\":\"PropertyValueSpecification\",\"valueRequired\":true,\"valueName\":\"search_term_string\"}}],\"inLanguage\":\"es-ES\"},{\"@type\":\"Organization\",\"@id\":\"https:\/\/my.stlflix.com\/#organization\",\"name\":\"MyStore - By STLFLIX\",\"url\":\"https:\/\/my.stlflix.com\/\",\"logo\":{\"@type\":\"ImageObject\",\"inLanguage\":\"es-ES\",\"@id\":\"https:\/\/my.stlflix.com\/#\/schema\/logo\/image\/\",\"url\":\"https:\/\/my.stlflix.com\/wp-content\/uploads\/2024\/06\/logo-mystore.png\",\"contentUrl\":\"https:\/\/my.stlflix.com\/wp-content\/uploads\/2024\/06\/logo-mystore.png\",\"width\":150,\"height\":41,\"caption\":\"MyStore - By STLFLIX\"},\"image\":{\"@id\":\"https:\/\/my.stlflix.com\/#\/schema\/logo\/image\/\"},\"sameAs\":[\"https:\/\/www.facebook.com\/STLFLIX\",\"https:\/\/www.instagram.com\/stlflix_\/\",\"https:\/\/www.tiktok.com\/@stlflix\"]}]}<\/script>\n<!-- \/ Yoast SEO plugin. -->","yoast_head_json":{"title":"Herb\u00edvoro de frente - Dinosaurio maceta - MyStore - By STLFLIX","robots":{"index":"index","follow":"follow","max-snippet":"max-snippet:-1","max-image-preview":"max-image-preview:large","max-video-preview":"max-video-preview:-1"},"canonical":"https:\/\/my.stlflix.com\/es\/product\/herbivore-planter-front-6883474c18fc8\/","og_locale":"es_ES","og_type":"article","og_title":"Herb\u00edvoro de frente - Dinosaurio maceta - MyStore - By STLFLIX","og_description":"La maceta perfecta para los amantes de las plantas. \u00bfA qui\u00e9n le gustan m\u00e1s las plantas que a un herb\u00edvoro? El producto NO INCLUYE una planta viva, es s\u00f3lo un tiesto para rellenar con tu planta favorita de interior, ya que el material se puede da\u00f1ar por la exposici\u00f3n prolongada al sol. Dise\u00f1o: STLFLIX","og_url":"https:\/\/my.stlflix.com\/es\/product\/herbivore-planter-front-6883474c18fc8\/","og_site_name":"MyStore - By STLFLIX","article_publisher":"https:\/\/www.facebook.com\/STLFLIX","article_modified_time":"2025-07-28T16:56:09+00:00","og_image":[{"width":1080,"height":1350,"url":"https:\/\/my.stlflix.com\/wp-content\/uploads\/2024\/07\/Herbivore_Planter_Front_thumb_17c358c400.png","type":"image\/png"}],"twitter_card":"summary_large_image","schema":{"@context":"https:\/\/schema.org","@graph":[{"@type":"WebPage","@id":"https:\/\/my.stlflix.com\/es\/product\/herbivore-planter-front-6883474c18fc8\/","url":"https:\/\/my.stlflix.com\/es\/product\/herbivore-planter-front-6883474c18fc8\/","name":"Herb\u00edvoro de frente - Dinosaurio maceta - MyStore - By STLFLIX","isPartOf":{"@id":"https:\/\/my.stlflix.com\/#website"},"primaryImageOfPage":{"@id":"https:\/\/my.stlflix.com\/es\/product\/herbivore-planter-front-6883474c18fc8\/#primaryimage"},"image":{"@id":"https:\/\/my.stlflix.com\/es\/product\/herbivore-planter-front-6883474c18fc8\/#primaryimage"},"thumbnailUrl":"https:\/\/my.stlflix.com\/wp-content\/uploads\/2024\/07\/Herbivore_Planter_Front_thumb_17c358c400.png","datePublished":"2025-07-28T16:56:08+00:00","dateModified":"2025-07-28T16:56:09+00:00","breadcrumb":{"@id":"https:\/\/my.stlflix.com\/es\/product\/herbivore-planter-front-6883474c18fc8\/#breadcrumb"},"inLanguage":"es-ES","potentialAction":[{"@type":"ReadAction","target":["https:\/\/my.stlflix.com\/es\/product\/herbivore-planter-front-6883474c18fc8\/"]}]},{"@type":"ImageObject","inLanguage":"es-ES","@id":"https:\/\/my.stlflix.com\/es\/product\/herbivore-planter-front-6883474c18fc8\/#primaryimage","url":"https:\/\/my.stlflix.com\/wp-content\/uploads\/2024\/07\/Herbivore_Planter_Front_thumb_17c358c400.png","contentUrl":"https:\/\/my.stlflix.com\/wp-content\/uploads\/2024\/07\/Herbivore_Planter_Front_thumb_17c358c400.png","width":1080,"height":1350},{"@type":"BreadcrumbList","@id":"https:\/\/my.stlflix.com\/es\/product\/herbivore-planter-front-6883474c18fc8\/#breadcrumb","itemListElement":[{"@type":"ListItem","position":1,"name":"Home","item":"https:\/\/www.stlflix-store.com\/"},{"@type":"ListItem","position":2,"name":"Products","item":"https:\/\/www.stlflix-store.com\/shop\/"},{"@type":"ListItem","position":3,"name":"Herb\u00edvoro de frente &#8211; Dinosaurio maceta"}]},{"@type":"WebSite","@id":"https:\/\/my.stlflix.com\/#website","url":"https:\/\/my.stlflix.com\/","name":"MyStore - By STLFLIX","description":"","publisher":{"@id":"https:\/\/my.stlflix.com\/#organization"},"potentialAction":[{"@type":"SearchAction","target":{"@type":"EntryPoint","urlTemplate":"https:\/\/my.stlflix.com\/?s={search_term_string}"},"query-input":{"@type":"PropertyValueSpecification","valueRequired":true,"valueName":"search_term_string"}}],"inLanguage":"es-ES"},{"@type":"Organization","@id":"https:\/\/my.stlflix.com\/#organization","name":"MyStore - By STLFLIX","url":"https:\/\/my.stlflix.com\/","logo":{"@type":"ImageObject","inLanguage":"es-ES","@id":"https:\/\/my.stlflix.com\/#\/schema\/logo\/image\/","url":"https:\/\/my.stlflix.com\/wp-content\/uploads\/2024\/06\/logo-mystore.png","contentUrl":"https:\/\/my.stlflix.com\/wp-content\/uploads\/2024\/06\/logo-mystore.png","width":150,"height":41,"caption":"MyStore - By STLFLIX"},"image":{"@id":"https:\/\/my.stlflix.com\/#\/schema\/logo\/image\/"},"sameAs":["https:\/\/www.facebook.com\/STLFLIX","https:\/\/www.instagram.com\/stlflix_\/","https:\/\/www.tiktok.com\/@stlflix"]}]}},"_links":{"self":[{"href":"https:\/\/my.stlflix.com\/es\/wp-json\/wp\/v2\/product\/408707","targetHints":{"allow":["GET"]}}],"collection":[{"href":"https:\/\/my.stlflix.com\/es\/wp-json\/wp\/v2\/product"}],"about":[{"href":"https:\/\/my.stlflix.com\/es\/wp-json\/wp\/v2\/types\/product"}],"replies":[{"embeddable":true,"href":"https:\/\/my.stlflix.com\/es\/wp-json\/wp\/v2\/comments?post=408707"}],"wp:featuredmedia":[{"embeddable":true,"href":"https:\/\/my.stlflix.com\/es\/wp-json\/wp\/v2\/media\/53147"}],"wp:attachment":[{"href":"https:\/\/my.stlflix.com\/es\/wp-json\/wp\/v2\/media?parent=408707"}],"wp:term":[{"taxonomy":"product_brand","embeddable":true,"href":"https:\/\/my.stlflix.com\/es\/wp-json\/wp\/v2\/product_brand?post=408707"},{"taxonomy":"product_cat","embeddable":true,"href":"https:\/\/my.stlflix.com\/es\/wp-json\/wp\/v2\/product_cat?post=408707"},{"taxonomy":"product_tag","embeddable":true,"href":"https:\/\/my.stlflix.com\/es\/wp-json\/wp\/v2\/product_tag?post=408707"}],"curies":[{"name":"wp","href":"https:\/\/api.w.org\/{rel}","templated":true}]}}