{"id":409680,"date":"2025-07-26T23:12:47","date_gmt":"2025-07-26T23:12:47","guid":{"rendered":"https:\/\/my.stlflix.com\/?post_type=product&#038;p=409680"},"modified":"2025-07-26T23:16:08","modified_gmt":"2025-07-26T23:16:08","slug":"merle-the-flying-squirrel-68855fac4caed","status":"publish","type":"product","link":"https:\/\/my.stlflix.com\/es\/product\/merle-the-flying-squirrel-68855fac4caed\/","title":{"rendered":"Merle, the Flying Squirrel"},"content":{"rendered":"<h3 data-start=\"102\" data-end=\"132\"><strong data-start=\"106\" data-end=\"130\">Descri\u00e7\u00e3o do Produto<\/strong><\/h3>\n<p data-start=\"133\" data-end=\"426\">Nossos produtos s\u00e3o fabricados com <strong data-start=\"168\" data-end=\"183\">PLA Premium<\/strong>, um material sustent\u00e1vel, biodegrad\u00e1vel e amplamente reconhecido pela sua <strong data-start=\"258\" data-end=\"305\">qualidade, seguran\u00e7a e excelente acabamento<\/strong>. O PLA \u00e9 um dos filamentos mais usados na impress\u00e3o 3D, ideal para produtos decorativos, utilit\u00e1rios e personalizados.<\/p>\n<hr data-start=\"428\" data-end=\"431\" \/>\n<h3 data-start=\"433\" data-end=\"464\"><strong data-start=\"437\" data-end=\"462\">Cuidados e Manuten\u00e7\u00e3o<\/strong><\/h3>\n<ul data-start=\"465\" data-end=\"840\">\n<li data-start=\"465\" data-end=\"658\">\n<p data-start=\"467\" data-end=\"658\"><strong data-start=\"467\" data-end=\"496\">Evite altas temperaturas:<\/strong> o PLA pode deformar se exposto a temperaturas acima de <strong data-start=\"552\" data-end=\"560\">60\u00b0C<\/strong>, por isso mantenha os produtos longe de fontes de calor, como fog\u00f5es ou carros fechados no sol.<\/p>\n<\/li>\n<li data-start=\"659\" data-end=\"758\">\n<p data-start=\"661\" data-end=\"758\"><strong data-start=\"661\" data-end=\"679\">Limpeza f\u00e1cil:<\/strong> utilize apenas <strong data-start=\"695\" data-end=\"709\">pano \u00famido<\/strong> e detergente neutro. Evite produtos abrasivos.<\/p>\n<\/li>\n<li data-start=\"759\" data-end=\"840\">\n<p data-start=\"761\" data-end=\"840\"><strong data-start=\"761\" data-end=\"789\">Uso interno recomendado:<\/strong> para garantir a durabilidade e beleza das pe\u00e7as.<\/p>\n<\/li>\n<\/ul>\n<hr data-start=\"842\" data-end=\"845\" \/>\n<h3 data-start=\"847\" data-end=\"891\"><strong data-start=\"851\" data-end=\"889\">Por que comprar com a Caf\u00e9 com 3D?<\/strong><\/h3>\n<ul data-start=\"892\" data-end=\"1148\">\n<li data-start=\"892\" data-end=\"972\">\n<p data-start=\"894\" data-end=\"972\">Produzimos com <strong data-start=\"909\" data-end=\"935\">os melhores filamentos<\/strong> para garantir acabamento superior.<\/p>\n<\/li>\n<li data-start=\"973\" data-end=\"1055\">\n<p data-start=\"975\" data-end=\"1055\"><strong data-start=\"975\" data-end=\"1031\">Cada pe\u00e7a \u00e9 feita com carinho e aten\u00e7\u00e3o aos detalhes<\/strong>, como se fosse \u00fanica.<\/p>\n<\/li>\n<li data-start=\"1056\" data-end=\"1148\">\n<p data-start=\"1058\" data-end=\"1148\">Temos <strong data-start=\"1064\" data-end=\"1104\">designs exclusivos e personaliz\u00e1veis<\/strong>, perfeitos para quem busca algo especial.<\/p>\n<\/li>\n<\/ul>\n<hr data-start=\"1150\" data-end=\"1153\" \/>\n<p data-start=\"1155\" data-end=\"1374\"><strong data-start=\"1155\" data-end=\"1278\">\u2728 Aproveite agora e leve para casa produtos 3D de alta qualidade, feitos especialmente para transformar o seu ambiente!<\/strong><br data-start=\"1278\" data-end=\"1281\" \/><strong data-start=\"1281\" data-end=\"1374\">Clique em &#8220;Comprar&#8221; e descubra como um toque de criatividade pode fazer toda a diferen\u00e7a.<\/strong><\/p>\n","protected":false},"excerpt":{"rendered":"<p>Descri\u00e7\u00e3o do Produto Nossos produtos s\u00e3o fabricados com PLA Premium, um material sustent\u00e1vel, biodegrad\u00e1vel e amplamente reconhecido pela sua qualidade, seguran\u00e7a e excelente acabamento. O PLA \u00e9 um dos filamentos mais usados na impress\u00e3o 3D, ideal para produtos decorativos, utilit\u00e1rios e personalizados. Cuidados e Manuten\u00e7\u00e3o Evite altas temperaturas: o PLA pode deformar se exposto a [&hellip;]<\/p>\n","protected":false},"featured_media":386114,"comment_status":"open","ping_status":"closed","template":"","meta":[],"product_brand":[],"product_cat":[15],"product_tag":[1940],"class_list":{"0":"post-409680","1":"product","2":"type-product","3":"status-publish","4":"has-post-thumbnail","6":"product_cat-uncategorized","7":"product_tag-keychain-2","9":"first","10":"instock","11":"sale","12":"taxable","13":"shipping-taxable","14":"purchasable","15":"product-type-simple"},"yoast_head":"<!-- This site is optimized with the Yoast SEO plugin v25.1 - https:\/\/yoast.com\/wordpress\/plugins\/seo\/ -->\n<title>Merle, the Flying Squirrel - MyStore - By STLFLIX<\/title>\n<meta name=\"robots\" content=\"index, follow, max-snippet:-1, max-image-preview:large, max-video-preview:-1\" \/>\n<link rel=\"canonical\" href=\"https:\/\/my.stlflix.com\/es\/product\/merle-the-flying-squirrel-68855fac4caed\/\" \/>\n<meta property=\"og:locale\" content=\"es_ES\" \/>\n<meta property=\"og:type\" content=\"article\" \/>\n<meta property=\"og:title\" content=\"Merle, the Flying Squirrel - MyStore - By STLFLIX\" \/>\n<meta property=\"og:description\" content=\"Descri\u00e7\u00e3o do Produto Nossos produtos s\u00e3o fabricados com PLA Premium, um material sustent\u00e1vel, biodegrad\u00e1vel e amplamente reconhecido pela sua qualidade, seguran\u00e7a e excelente acabamento. O PLA \u00e9 um dos filamentos mais usados na impress\u00e3o 3D, ideal para produtos decorativos, utilit\u00e1rios e personalizados. Cuidados e Manuten\u00e7\u00e3o Evite altas temperaturas: o PLA pode deformar se exposto a [&hellip;]\" \/>\n<meta property=\"og:url\" content=\"https:\/\/my.stlflix.com\/es\/product\/merle-the-flying-squirrel-68855fac4caed\/\" \/>\n<meta property=\"og:site_name\" content=\"MyStore - By STLFLIX\" \/>\n<meta property=\"article:publisher\" content=\"https:\/\/www.facebook.com\/STLFLIX\" \/>\n<meta property=\"article:modified_time\" content=\"2025-07-26T23:16:08+00:00\" \/>\n<meta property=\"og:image\" content=\"https:\/\/my.stlflix.com\/wp-content\/uploads\/2025\/06\/Merle_the_Flying_Squirrel_thumb_4d28fd4033.png\" \/>\n\t<meta property=\"og:image:width\" content=\"1080\" \/>\n\t<meta property=\"og:image:height\" content=\"1350\" \/>\n\t<meta property=\"og:image:type\" content=\"image\/png\" \/>\n<meta name=\"twitter:card\" content=\"summary_large_image\" \/>\n<meta name=\"twitter:label1\" content=\"Est. reading time\" \/>\n\t<meta name=\"twitter:data1\" content=\"1 minute\" \/>\n<script type=\"application\/ld+json\" class=\"yoast-schema-graph\">{\"@context\":\"https:\/\/schema.org\",\"@graph\":[{\"@type\":\"WebPage\",\"@id\":\"https:\/\/my.stlflix.com\/es\/product\/merle-the-flying-squirrel-68855fac4caed\/\",\"url\":\"https:\/\/my.stlflix.com\/es\/product\/merle-the-flying-squirrel-68855fac4caed\/\",\"name\":\"Merle, the Flying Squirrel - MyStore - By STLFLIX\",\"isPartOf\":{\"@id\":\"https:\/\/my.stlflix.com\/#website\"},\"primaryImageOfPage\":{\"@id\":\"https:\/\/my.stlflix.com\/es\/product\/merle-the-flying-squirrel-68855fac4caed\/#primaryimage\"},\"image\":{\"@id\":\"https:\/\/my.stlflix.com\/es\/product\/merle-the-flying-squirrel-68855fac4caed\/#primaryimage\"},\"thumbnailUrl\":\"https:\/\/my.stlflix.com\/wp-content\/uploads\/2025\/06\/Merle_the_Flying_Squirrel_thumb_4d28fd4033.png\",\"datePublished\":\"2025-07-26T23:12:47+00:00\",\"dateModified\":\"2025-07-26T23:16:08+00:00\",\"breadcrumb\":{\"@id\":\"https:\/\/my.stlflix.com\/es\/product\/merle-the-flying-squirrel-68855fac4caed\/#breadcrumb\"},\"inLanguage\":\"es-ES\",\"potentialAction\":[{\"@type\":\"ReadAction\",\"target\":[\"https:\/\/my.stlflix.com\/es\/product\/merle-the-flying-squirrel-68855fac4caed\/\"]}]},{\"@type\":\"ImageObject\",\"inLanguage\":\"es-ES\",\"@id\":\"https:\/\/my.stlflix.com\/es\/product\/merle-the-flying-squirrel-68855fac4caed\/#primaryimage\",\"url\":\"https:\/\/my.stlflix.com\/wp-content\/uploads\/2025\/06\/Merle_the_Flying_Squirrel_thumb_4d28fd4033.png\",\"contentUrl\":\"https:\/\/my.stlflix.com\/wp-content\/uploads\/2025\/06\/Merle_the_Flying_Squirrel_thumb_4d28fd4033.png\",\"width\":1080,\"height\":1350},{\"@type\":\"BreadcrumbList\",\"@id\":\"https:\/\/my.stlflix.com\/es\/product\/merle-the-flying-squirrel-68855fac4caed\/#breadcrumb\",\"itemListElement\":[{\"@type\":\"ListItem\",\"position\":1,\"name\":\"Home\",\"item\":\"https:\/\/www.stlflix-store.com\/\"},{\"@type\":\"ListItem\",\"position\":2,\"name\":\"Products\",\"item\":\"https:\/\/www.stlflix-store.com\/shop\/\"},{\"@type\":\"ListItem\",\"position\":3,\"name\":\"Merle, the Flying Squirrel\"}]},{\"@type\":\"WebSite\",\"@id\":\"https:\/\/my.stlflix.com\/#website\",\"url\":\"https:\/\/my.stlflix.com\/\",\"name\":\"MyStore - By STLFLIX\",\"description\":\"\",\"publisher\":{\"@id\":\"https:\/\/my.stlflix.com\/#organization\"},\"potentialAction\":[{\"@type\":\"SearchAction\",\"target\":{\"@type\":\"EntryPoint\",\"urlTemplate\":\"https:\/\/my.stlflix.com\/?s={search_term_string}\"},\"query-input\":{\"@type\":\"PropertyValueSpecification\",\"valueRequired\":true,\"valueName\":\"search_term_string\"}}],\"inLanguage\":\"es-ES\"},{\"@type\":\"Organization\",\"@id\":\"https:\/\/my.stlflix.com\/#organization\",\"name\":\"MyStore - By STLFLIX\",\"url\":\"https:\/\/my.stlflix.com\/\",\"logo\":{\"@type\":\"ImageObject\",\"inLanguage\":\"es-ES\",\"@id\":\"https:\/\/my.stlflix.com\/#\/schema\/logo\/image\/\",\"url\":\"https:\/\/my.stlflix.com\/wp-content\/uploads\/2024\/06\/logo-mystore.png\",\"contentUrl\":\"https:\/\/my.stlflix.com\/wp-content\/uploads\/2024\/06\/logo-mystore.png\",\"width\":150,\"height\":41,\"caption\":\"MyStore - By STLFLIX\"},\"image\":{\"@id\":\"https:\/\/my.stlflix.com\/#\/schema\/logo\/image\/\"},\"sameAs\":[\"https:\/\/www.facebook.com\/STLFLIX\",\"https:\/\/www.instagram.com\/stlflix_\/\",\"https:\/\/www.tiktok.com\/@stlflix\"]}]}<\/script>\n<!-- \/ Yoast SEO plugin. -->","yoast_head_json":{"title":"Merle, the Flying Squirrel - MyStore - By STLFLIX","robots":{"index":"index","follow":"follow","max-snippet":"max-snippet:-1","max-image-preview":"max-image-preview:large","max-video-preview":"max-video-preview:-1"},"canonical":"https:\/\/my.stlflix.com\/es\/product\/merle-the-flying-squirrel-68855fac4caed\/","og_locale":"es_ES","og_type":"article","og_title":"Merle, the Flying Squirrel - MyStore - By STLFLIX","og_description":"Descri\u00e7\u00e3o do Produto Nossos produtos s\u00e3o fabricados com PLA Premium, um material sustent\u00e1vel, biodegrad\u00e1vel e amplamente reconhecido pela sua qualidade, seguran\u00e7a e excelente acabamento. O PLA \u00e9 um dos filamentos mais usados na impress\u00e3o 3D, ideal para produtos decorativos, utilit\u00e1rios e personalizados. Cuidados e Manuten\u00e7\u00e3o Evite altas temperaturas: o PLA pode deformar se exposto a [&hellip;]","og_url":"https:\/\/my.stlflix.com\/es\/product\/merle-the-flying-squirrel-68855fac4caed\/","og_site_name":"MyStore - By STLFLIX","article_publisher":"https:\/\/www.facebook.com\/STLFLIX","article_modified_time":"2025-07-26T23:16:08+00:00","og_image":[{"width":1080,"height":1350,"url":"https:\/\/my.stlflix.com\/wp-content\/uploads\/2025\/06\/Merle_the_Flying_Squirrel_thumb_4d28fd4033.png","type":"image\/png"}],"twitter_card":"summary_large_image","twitter_misc":{"Est. reading time":"1 minute"},"schema":{"@context":"https:\/\/schema.org","@graph":[{"@type":"WebPage","@id":"https:\/\/my.stlflix.com\/es\/product\/merle-the-flying-squirrel-68855fac4caed\/","url":"https:\/\/my.stlflix.com\/es\/product\/merle-the-flying-squirrel-68855fac4caed\/","name":"Merle, the Flying Squirrel - MyStore - By STLFLIX","isPartOf":{"@id":"https:\/\/my.stlflix.com\/#website"},"primaryImageOfPage":{"@id":"https:\/\/my.stlflix.com\/es\/product\/merle-the-flying-squirrel-68855fac4caed\/#primaryimage"},"image":{"@id":"https:\/\/my.stlflix.com\/es\/product\/merle-the-flying-squirrel-68855fac4caed\/#primaryimage"},"thumbnailUrl":"https:\/\/my.stlflix.com\/wp-content\/uploads\/2025\/06\/Merle_the_Flying_Squirrel_thumb_4d28fd4033.png","datePublished":"2025-07-26T23:12:47+00:00","dateModified":"2025-07-26T23:16:08+00:00","breadcrumb":{"@id":"https:\/\/my.stlflix.com\/es\/product\/merle-the-flying-squirrel-68855fac4caed\/#breadcrumb"},"inLanguage":"es-ES","potentialAction":[{"@type":"ReadAction","target":["https:\/\/my.stlflix.com\/es\/product\/merle-the-flying-squirrel-68855fac4caed\/"]}]},{"@type":"ImageObject","inLanguage":"es-ES","@id":"https:\/\/my.stlflix.com\/es\/product\/merle-the-flying-squirrel-68855fac4caed\/#primaryimage","url":"https:\/\/my.stlflix.com\/wp-content\/uploads\/2025\/06\/Merle_the_Flying_Squirrel_thumb_4d28fd4033.png","contentUrl":"https:\/\/my.stlflix.com\/wp-content\/uploads\/2025\/06\/Merle_the_Flying_Squirrel_thumb_4d28fd4033.png","width":1080,"height":1350},{"@type":"BreadcrumbList","@id":"https:\/\/my.stlflix.com\/es\/product\/merle-the-flying-squirrel-68855fac4caed\/#breadcrumb","itemListElement":[{"@type":"ListItem","position":1,"name":"Home","item":"https:\/\/www.stlflix-store.com\/"},{"@type":"ListItem","position":2,"name":"Products","item":"https:\/\/www.stlflix-store.com\/shop\/"},{"@type":"ListItem","position":3,"name":"Merle, the Flying Squirrel"}]},{"@type":"WebSite","@id":"https:\/\/my.stlflix.com\/#website","url":"https:\/\/my.stlflix.com\/","name":"MyStore - By STLFLIX","description":"","publisher":{"@id":"https:\/\/my.stlflix.com\/#organization"},"potentialAction":[{"@type":"SearchAction","target":{"@type":"EntryPoint","urlTemplate":"https:\/\/my.stlflix.com\/?s={search_term_string}"},"query-input":{"@type":"PropertyValueSpecification","valueRequired":true,"valueName":"search_term_string"}}],"inLanguage":"es-ES"},{"@type":"Organization","@id":"https:\/\/my.stlflix.com\/#organization","name":"MyStore - By STLFLIX","url":"https:\/\/my.stlflix.com\/","logo":{"@type":"ImageObject","inLanguage":"es-ES","@id":"https:\/\/my.stlflix.com\/#\/schema\/logo\/image\/","url":"https:\/\/my.stlflix.com\/wp-content\/uploads\/2024\/06\/logo-mystore.png","contentUrl":"https:\/\/my.stlflix.com\/wp-content\/uploads\/2024\/06\/logo-mystore.png","width":150,"height":41,"caption":"MyStore - By STLFLIX"},"image":{"@id":"https:\/\/my.stlflix.com\/#\/schema\/logo\/image\/"},"sameAs":["https:\/\/www.facebook.com\/STLFLIX","https:\/\/www.instagram.com\/stlflix_\/","https:\/\/www.tiktok.com\/@stlflix"]}]}},"_links":{"self":[{"href":"https:\/\/my.stlflix.com\/es\/wp-json\/wp\/v2\/product\/409680","targetHints":{"allow":["GET"]}}],"collection":[{"href":"https:\/\/my.stlflix.com\/es\/wp-json\/wp\/v2\/product"}],"about":[{"href":"https:\/\/my.stlflix.com\/es\/wp-json\/wp\/v2\/types\/product"}],"replies":[{"embeddable":true,"href":"https:\/\/my.stlflix.com\/es\/wp-json\/wp\/v2\/comments?post=409680"}],"wp:featuredmedia":[{"embeddable":true,"href":"https:\/\/my.stlflix.com\/es\/wp-json\/wp\/v2\/media\/386114"}],"wp:attachment":[{"href":"https:\/\/my.stlflix.com\/es\/wp-json\/wp\/v2\/media?parent=409680"}],"wp:term":[{"taxonomy":"product_brand","embeddable":true,"href":"https:\/\/my.stlflix.com\/es\/wp-json\/wp\/v2\/product_brand?post=409680"},{"taxonomy":"product_cat","embeddable":true,"href":"https:\/\/my.stlflix.com\/es\/wp-json\/wp\/v2\/product_cat?post=409680"},{"taxonomy":"product_tag","embeddable":true,"href":"https:\/\/my.stlflix.com\/es\/wp-json\/wp\/v2\/product_tag?post=409680"}],"curies":[{"name":"wp","href":"https:\/\/api.w.org\/{rel}","templated":true}]}}