{"id":416148,"date":"2025-08-02T17:17:26","date_gmt":"2025-08-02T17:17:26","guid":{"rendered":"https:\/\/my.stlflix.com\/?post_type=product&#038;p=416148"},"modified":"2025-08-02T17:17:28","modified_gmt":"2025-08-02T17:17:28","slug":"deathroot-planter-688e45d5dd1c4","status":"publish","type":"product","link":"https:\/\/my.stlflix.com\/es\/product\/deathroot-planter-688e45d5dd1c4\/","title":{"rendered":"Raices mortales &#8211; Maceta de drag\u00f3n"},"content":{"rendered":"<p>El craneo de un poderoso ser caido, ahora una fant\u00e1stica maceta.<\/p>\n<p>El producto NO INCLUYE una planta viva, es s\u00f3lo un tiesto para rellenar con tu planta favorita de interior, ya que el material se puede da\u00f1ar por la exposici\u00f3n prolongada al sol.<\/p>\n<p>Longitud aproximada:<\/p>\n<ul>\n<li>Grande- 28 cm<\/li>\n<li>Mediano &#8211; 22,5 cm<\/li>\n<li>Peque\u00f1o &#8211; 19 cm<\/li>\n<\/ul>\n<p>Dise\u00f1o: STLFILX<\/p>\n","protected":false},"excerpt":{"rendered":"<p>El craneo de un poderoso ser caido, ahora una fant\u00e1stica maceta. El producto NO INCLUYE una planta viva, es s\u00f3lo un tiesto para rellenar con tu planta favorita de interior, ya que el material se puede da\u00f1ar por la exposici\u00f3n prolongada al sol. Longitud aproximada: Grande- 28 cm Mediano &#8211; 22,5 cm Peque\u00f1o &#8211; 19 [&hellip;]<\/p>\n","protected":false},"featured_media":415133,"comment_status":"open","ping_status":"closed","template":"","meta":[],"product_brand":[],"product_cat":[15],"product_tag":[6291,6308,6294,6290],"class_list":{"0":"post-416148","1":"product","2":"type-product","3":"status-publish","4":"has-post-thumbnail","6":"product_cat-uncategorized","7":"product_tag-animales","8":"product_tag-dragones","9":"product_tag-fantasia","10":"product_tag-utiles","12":"first","13":"outofstock","14":"purchasable","15":"product-type-variable"},"yoast_head":"<!-- This site is optimized with the Yoast SEO plugin v25.1 - https:\/\/yoast.com\/wordpress\/plugins\/seo\/ -->\n<title>Raices mortales - Maceta de drag\u00f3n - MyStore - By STLFLIX<\/title>\n<meta name=\"robots\" content=\"index, follow, max-snippet:-1, max-image-preview:large, max-video-preview:-1\" \/>\n<link rel=\"canonical\" href=\"https:\/\/my.stlflix.com\/product\/deathroot-planter-688e45d5dd1c4\/\" \/>\n<meta property=\"og:locale\" content=\"es_ES\" \/>\n<meta property=\"og:type\" content=\"article\" \/>\n<meta property=\"og:title\" content=\"Raices mortales - Maceta de drag\u00f3n - MyStore - By STLFLIX\" \/>\n<meta property=\"og:description\" content=\"El craneo de un poderoso ser caido, ahora una fant\u00e1stica maceta. El producto NO INCLUYE una planta viva, es s\u00f3lo un tiesto para rellenar con tu planta favorita de interior, ya que el material se puede da\u00f1ar por la exposici\u00f3n prolongada al sol. Longitud aproximada: Grande- 28 cm Mediano &#8211; 22,5 cm Peque\u00f1o &#8211; 19 [&hellip;]\" \/>\n<meta property=\"og:url\" content=\"https:\/\/my.stlflix.com\/product\/deathroot-planter-688e45d5dd1c4\/\" \/>\n<meta property=\"og:site_name\" content=\"MyStore - By STLFLIX\" \/>\n<meta property=\"article:publisher\" content=\"https:\/\/www.facebook.com\/STLFLIX\" \/>\n<meta property=\"article:modified_time\" content=\"2025-08-02T17:17:28+00:00\" \/>\n<meta property=\"og:image\" content=\"https:\/\/my.stlflix.com\/wp-content\/uploads\/2025\/07\/Deathroot_Planterthumb_72b26bc1f3.jpg\" \/>\n\t<meta property=\"og:image:width\" content=\"1080\" \/>\n\t<meta property=\"og:image:height\" content=\"1350\" \/>\n\t<meta property=\"og:image:type\" content=\"image\/jpeg\" \/>\n<meta name=\"twitter:card\" content=\"summary_large_image\" \/>\n<script type=\"application\/ld+json\" class=\"yoast-schema-graph\">{\"@context\":\"https:\/\/schema.org\",\"@graph\":[{\"@type\":\"WebPage\",\"@id\":\"https:\/\/my.stlflix.com\/product\/deathroot-planter-688e45d5dd1c4\/\",\"url\":\"https:\/\/my.stlflix.com\/product\/deathroot-planter-688e45d5dd1c4\/\",\"name\":\"Raices mortales - Maceta de drag\u00f3n - MyStore - By STLFLIX\",\"isPartOf\":{\"@id\":\"https:\/\/my.stlflix.com\/#website\"},\"primaryImageOfPage\":{\"@id\":\"https:\/\/my.stlflix.com\/product\/deathroot-planter-688e45d5dd1c4\/#primaryimage\"},\"image\":{\"@id\":\"https:\/\/my.stlflix.com\/product\/deathroot-planter-688e45d5dd1c4\/#primaryimage\"},\"thumbnailUrl\":\"https:\/\/my.stlflix.com\/wp-content\/uploads\/2025\/07\/Deathroot_Planterthumb_72b26bc1f3.jpg\",\"datePublished\":\"2025-08-02T17:17:26+00:00\",\"dateModified\":\"2025-08-02T17:17:28+00:00\",\"breadcrumb\":{\"@id\":\"https:\/\/my.stlflix.com\/product\/deathroot-planter-688e45d5dd1c4\/#breadcrumb\"},\"inLanguage\":\"es-ES\",\"potentialAction\":[{\"@type\":\"ReadAction\",\"target\":[\"https:\/\/my.stlflix.com\/product\/deathroot-planter-688e45d5dd1c4\/\"]}]},{\"@type\":\"ImageObject\",\"inLanguage\":\"es-ES\",\"@id\":\"https:\/\/my.stlflix.com\/product\/deathroot-planter-688e45d5dd1c4\/#primaryimage\",\"url\":\"https:\/\/my.stlflix.com\/wp-content\/uploads\/2025\/07\/Deathroot_Planterthumb_72b26bc1f3.jpg\",\"contentUrl\":\"https:\/\/my.stlflix.com\/wp-content\/uploads\/2025\/07\/Deathroot_Planterthumb_72b26bc1f3.jpg\",\"width\":1080,\"height\":1350},{\"@type\":\"BreadcrumbList\",\"@id\":\"https:\/\/my.stlflix.com\/product\/deathroot-planter-688e45d5dd1c4\/#breadcrumb\",\"itemListElement\":[{\"@type\":\"ListItem\",\"position\":1,\"name\":\"Home\",\"item\":\"https:\/\/www.stlflix-store.com\/\"},{\"@type\":\"ListItem\",\"position\":2,\"name\":\"Products\",\"item\":\"https:\/\/www.stlflix-store.com\/shop\/\"},{\"@type\":\"ListItem\",\"position\":3,\"name\":\"Raices mortales &#8211; Maceta de drag\u00f3n\"}]},{\"@type\":\"WebSite\",\"@id\":\"https:\/\/my.stlflix.com\/#website\",\"url\":\"https:\/\/my.stlflix.com\/\",\"name\":\"MyStore - By STLFLIX\",\"description\":\"\",\"publisher\":{\"@id\":\"https:\/\/my.stlflix.com\/#organization\"},\"potentialAction\":[{\"@type\":\"SearchAction\",\"target\":{\"@type\":\"EntryPoint\",\"urlTemplate\":\"https:\/\/my.stlflix.com\/?s={search_term_string}\"},\"query-input\":{\"@type\":\"PropertyValueSpecification\",\"valueRequired\":true,\"valueName\":\"search_term_string\"}}],\"inLanguage\":\"es-ES\"},{\"@type\":\"Organization\",\"@id\":\"https:\/\/my.stlflix.com\/#organization\",\"name\":\"MyStore - By STLFLIX\",\"url\":\"https:\/\/my.stlflix.com\/\",\"logo\":{\"@type\":\"ImageObject\",\"inLanguage\":\"es-ES\",\"@id\":\"https:\/\/my.stlflix.com\/#\/schema\/logo\/image\/\",\"url\":\"https:\/\/my.stlflix.com\/wp-content\/uploads\/2024\/06\/logo-mystore.png\",\"contentUrl\":\"https:\/\/my.stlflix.com\/wp-content\/uploads\/2024\/06\/logo-mystore.png\",\"width\":150,\"height\":41,\"caption\":\"MyStore - By STLFLIX\"},\"image\":{\"@id\":\"https:\/\/my.stlflix.com\/#\/schema\/logo\/image\/\"},\"sameAs\":[\"https:\/\/www.facebook.com\/STLFLIX\",\"https:\/\/www.instagram.com\/stlflix_\/\",\"https:\/\/www.tiktok.com\/@stlflix\"]}]}<\/script>\n<!-- \/ Yoast SEO plugin. -->","yoast_head_json":{"title":"Raices mortales - Maceta de drag\u00f3n - MyStore - By STLFLIX","robots":{"index":"index","follow":"follow","max-snippet":"max-snippet:-1","max-image-preview":"max-image-preview:large","max-video-preview":"max-video-preview:-1"},"canonical":"https:\/\/my.stlflix.com\/product\/deathroot-planter-688e45d5dd1c4\/","og_locale":"es_ES","og_type":"article","og_title":"Raices mortales - Maceta de drag\u00f3n - MyStore - By STLFLIX","og_description":"El craneo de un poderoso ser caido, ahora una fant\u00e1stica maceta. El producto NO INCLUYE una planta viva, es s\u00f3lo un tiesto para rellenar con tu planta favorita de interior, ya que el material se puede da\u00f1ar por la exposici\u00f3n prolongada al sol. Longitud aproximada: Grande- 28 cm Mediano &#8211; 22,5 cm Peque\u00f1o &#8211; 19 [&hellip;]","og_url":"https:\/\/my.stlflix.com\/product\/deathroot-planter-688e45d5dd1c4\/","og_site_name":"MyStore - By STLFLIX","article_publisher":"https:\/\/www.facebook.com\/STLFLIX","article_modified_time":"2025-08-02T17:17:28+00:00","og_image":[{"width":1080,"height":1350,"url":"https:\/\/my.stlflix.com\/wp-content\/uploads\/2025\/07\/Deathroot_Planterthumb_72b26bc1f3.jpg","type":"image\/jpeg"}],"twitter_card":"summary_large_image","schema":{"@context":"https:\/\/schema.org","@graph":[{"@type":"WebPage","@id":"https:\/\/my.stlflix.com\/product\/deathroot-planter-688e45d5dd1c4\/","url":"https:\/\/my.stlflix.com\/product\/deathroot-planter-688e45d5dd1c4\/","name":"Raices mortales - Maceta de drag\u00f3n - MyStore - By STLFLIX","isPartOf":{"@id":"https:\/\/my.stlflix.com\/#website"},"primaryImageOfPage":{"@id":"https:\/\/my.stlflix.com\/product\/deathroot-planter-688e45d5dd1c4\/#primaryimage"},"image":{"@id":"https:\/\/my.stlflix.com\/product\/deathroot-planter-688e45d5dd1c4\/#primaryimage"},"thumbnailUrl":"https:\/\/my.stlflix.com\/wp-content\/uploads\/2025\/07\/Deathroot_Planterthumb_72b26bc1f3.jpg","datePublished":"2025-08-02T17:17:26+00:00","dateModified":"2025-08-02T17:17:28+00:00","breadcrumb":{"@id":"https:\/\/my.stlflix.com\/product\/deathroot-planter-688e45d5dd1c4\/#breadcrumb"},"inLanguage":"es-ES","potentialAction":[{"@type":"ReadAction","target":["https:\/\/my.stlflix.com\/product\/deathroot-planter-688e45d5dd1c4\/"]}]},{"@type":"ImageObject","inLanguage":"es-ES","@id":"https:\/\/my.stlflix.com\/product\/deathroot-planter-688e45d5dd1c4\/#primaryimage","url":"https:\/\/my.stlflix.com\/wp-content\/uploads\/2025\/07\/Deathroot_Planterthumb_72b26bc1f3.jpg","contentUrl":"https:\/\/my.stlflix.com\/wp-content\/uploads\/2025\/07\/Deathroot_Planterthumb_72b26bc1f3.jpg","width":1080,"height":1350},{"@type":"BreadcrumbList","@id":"https:\/\/my.stlflix.com\/product\/deathroot-planter-688e45d5dd1c4\/#breadcrumb","itemListElement":[{"@type":"ListItem","position":1,"name":"Home","item":"https:\/\/www.stlflix-store.com\/"},{"@type":"ListItem","position":2,"name":"Products","item":"https:\/\/www.stlflix-store.com\/shop\/"},{"@type":"ListItem","position":3,"name":"Raices mortales &#8211; Maceta de drag\u00f3n"}]},{"@type":"WebSite","@id":"https:\/\/my.stlflix.com\/#website","url":"https:\/\/my.stlflix.com\/","name":"MyStore - By STLFLIX","description":"","publisher":{"@id":"https:\/\/my.stlflix.com\/#organization"},"potentialAction":[{"@type":"SearchAction","target":{"@type":"EntryPoint","urlTemplate":"https:\/\/my.stlflix.com\/?s={search_term_string}"},"query-input":{"@type":"PropertyValueSpecification","valueRequired":true,"valueName":"search_term_string"}}],"inLanguage":"es-ES"},{"@type":"Organization","@id":"https:\/\/my.stlflix.com\/#organization","name":"MyStore - By STLFLIX","url":"https:\/\/my.stlflix.com\/","logo":{"@type":"ImageObject","inLanguage":"es-ES","@id":"https:\/\/my.stlflix.com\/#\/schema\/logo\/image\/","url":"https:\/\/my.stlflix.com\/wp-content\/uploads\/2024\/06\/logo-mystore.png","contentUrl":"https:\/\/my.stlflix.com\/wp-content\/uploads\/2024\/06\/logo-mystore.png","width":150,"height":41,"caption":"MyStore - By STLFLIX"},"image":{"@id":"https:\/\/my.stlflix.com\/#\/schema\/logo\/image\/"},"sameAs":["https:\/\/www.facebook.com\/STLFLIX","https:\/\/www.instagram.com\/stlflix_\/","https:\/\/www.tiktok.com\/@stlflix"]}]}},"_links":{"self":[{"href":"https:\/\/my.stlflix.com\/es\/wp-json\/wp\/v2\/product\/416148","targetHints":{"allow":["GET"]}}],"collection":[{"href":"https:\/\/my.stlflix.com\/es\/wp-json\/wp\/v2\/product"}],"about":[{"href":"https:\/\/my.stlflix.com\/es\/wp-json\/wp\/v2\/types\/product"}],"replies":[{"embeddable":true,"href":"https:\/\/my.stlflix.com\/es\/wp-json\/wp\/v2\/comments?post=416148"}],"wp:featuredmedia":[{"embeddable":true,"href":"https:\/\/my.stlflix.com\/es\/wp-json\/wp\/v2\/media\/415133"}],"wp:attachment":[{"href":"https:\/\/my.stlflix.com\/es\/wp-json\/wp\/v2\/media?parent=416148"}],"wp:term":[{"taxonomy":"product_brand","embeddable":true,"href":"https:\/\/my.stlflix.com\/es\/wp-json\/wp\/v2\/product_brand?post=416148"},{"taxonomy":"product_cat","embeddable":true,"href":"https:\/\/my.stlflix.com\/es\/wp-json\/wp\/v2\/product_cat?post=416148"},{"taxonomy":"product_tag","embeddable":true,"href":"https:\/\/my.stlflix.com\/es\/wp-json\/wp\/v2\/product_tag?post=416148"}],"curies":[{"name":"wp","href":"https:\/\/api.w.org\/{rel}","templated":true}]}}