{"id":419242,"date":"2025-08-08T17:59:36","date_gmt":"2025-08-08T17:59:36","guid":{"rendered":"https:\/\/my.stlflix.com\/?post_type=product&#038;p=419242"},"modified":"2025-08-12T08:23:31","modified_gmt":"2025-08-12T08:23:31","slug":"dados-rpg-tarketa-kit","status":"publish","type":"product","link":"https:\/\/my.stlflix.com\/es\/product\/dados-rpg-tarketa-kit\/","title":{"rendered":"Dados RPG &#8211; Tarketa kit"},"content":{"rendered":"<p>Nunca hab\u00eda sido tan f\u00e1cil hacer tus propios dados. S\u00e1calos de la tarjeta y m\u00f3ntalos con cuidado siguiendo la gu\u00eda detallada. En un momento tendr\u00e1s tu set de dado como quien tiene un mueble de Ikea.<\/p>\n<p>Aviso: Por la construcci\u00f3n de los dados, no se garantiza que las tiradas est\u00e9n equilibradas. No es necesario pegamento, pero fuertes golpes pueden llegar a romper las uniones, por lo que se puede usar si se desea. El plegado es mejor realizarlo en un entorno templado, el fr\u00edo puede hacer que las piezas se rompan durante el doblado.<\/p>\n<p>Dise\u00f1o: <a href=\"https:\/\/makerworld.com\/es\/@tjoene\">Tjoene<\/a><\/p>\n","protected":false},"excerpt":{"rendered":"<p>Nunca hab\u00eda sido tan f\u00e1cil hacer tus propios dados. S\u00e1calos de la tarjeta y m\u00f3ntalos con cuidado siguiendo la gu\u00eda detallada. En un momento tendr\u00e1s tu set de dado como quien tiene un mueble de Ikea. Aviso: Por la construcci\u00f3n de los dados, no se garantiza que las tiradas est\u00e9n equilibradas. No es necesario pegamento, [&hellip;]<\/p>\n","protected":false},"featured_media":419593,"comment_status":"open","ping_status":"closed","template":"","meta":[],"product_brand":[],"product_cat":[15],"product_tag":[6290],"class_list":{"0":"post-419242","1":"product","2":"type-product","3":"status-publish","4":"has-post-thumbnail","6":"product_cat-uncategorized","7":"product_tag-utiles","9":"first","10":"outofstock","11":"purchasable","12":"product-type-simple"},"yoast_head":"<!-- This site is optimized with the Yoast SEO plugin v25.1 - https:\/\/yoast.com\/wordpress\/plugins\/seo\/ -->\n<title>Dados RPG - Tarketa kit - MyStore - By STLFLIX<\/title>\n<meta name=\"robots\" content=\"index, follow, max-snippet:-1, max-image-preview:large, max-video-preview:-1\" \/>\n<link rel=\"canonical\" href=\"https:\/\/my.stlflix.com\/es\/product\/dados-rpg-tarketa-kit\/\" \/>\n<meta property=\"og:locale\" content=\"es_ES\" \/>\n<meta property=\"og:type\" content=\"article\" \/>\n<meta property=\"og:title\" content=\"Dados RPG - Tarketa kit - MyStore - By STLFLIX\" \/>\n<meta property=\"og:description\" content=\"Nunca hab\u00eda sido tan f\u00e1cil hacer tus propios dados. S\u00e1calos de la tarjeta y m\u00f3ntalos con cuidado siguiendo la gu\u00eda detallada. En un momento tendr\u00e1s tu set de dado como quien tiene un mueble de Ikea. Aviso: Por la construcci\u00f3n de los dados, no se garantiza que las tiradas est\u00e9n equilibradas. No es necesario pegamento, [&hellip;]\" \/>\n<meta property=\"og:url\" content=\"https:\/\/my.stlflix.com\/es\/product\/dados-rpg-tarketa-kit\/\" \/>\n<meta property=\"og:site_name\" content=\"MyStore - By STLFLIX\" \/>\n<meta property=\"article:publisher\" content=\"https:\/\/www.facebook.com\/STLFLIX\" \/>\n<meta property=\"article:modified_time\" content=\"2025-08-12T08:23:31+00:00\" \/>\n<meta property=\"og:image\" content=\"https:\/\/my.stlflix.com\/wp-content\/uploads\/2025\/08\/IMG_20241210_192305-1-scaled.jpg\" \/>\n\t<meta property=\"og:image:width\" content=\"1152\" \/>\n\t<meta property=\"og:image:height\" content=\"2560\" \/>\n\t<meta property=\"og:image:type\" content=\"image\/jpeg\" \/>\n<meta name=\"twitter:card\" content=\"summary_large_image\" \/>\n<meta name=\"twitter:label1\" content=\"Est. reading time\" \/>\n\t<meta name=\"twitter:data1\" content=\"1 minute\" \/>\n<script type=\"application\/ld+json\" class=\"yoast-schema-graph\">{\"@context\":\"https:\/\/schema.org\",\"@graph\":[{\"@type\":\"WebPage\",\"@id\":\"https:\/\/my.stlflix.com\/es\/product\/dados-rpg-tarketa-kit\/\",\"url\":\"https:\/\/my.stlflix.com\/es\/product\/dados-rpg-tarketa-kit\/\",\"name\":\"Dados RPG - Tarketa kit - MyStore - By STLFLIX\",\"isPartOf\":{\"@id\":\"https:\/\/my.stlflix.com\/#website\"},\"primaryImageOfPage\":{\"@id\":\"https:\/\/my.stlflix.com\/es\/product\/dados-rpg-tarketa-kit\/#primaryimage\"},\"image\":{\"@id\":\"https:\/\/my.stlflix.com\/es\/product\/dados-rpg-tarketa-kit\/#primaryimage\"},\"thumbnailUrl\":\"https:\/\/my.stlflix.com\/wp-content\/uploads\/2025\/08\/IMG_20241210_192305-1-scaled.jpg\",\"datePublished\":\"2025-08-08T17:59:36+00:00\",\"dateModified\":\"2025-08-12T08:23:31+00:00\",\"breadcrumb\":{\"@id\":\"https:\/\/my.stlflix.com\/es\/product\/dados-rpg-tarketa-kit\/#breadcrumb\"},\"inLanguage\":\"es-ES\",\"potentialAction\":[{\"@type\":\"ReadAction\",\"target\":[\"https:\/\/my.stlflix.com\/es\/product\/dados-rpg-tarketa-kit\/\"]}]},{\"@type\":\"ImageObject\",\"inLanguage\":\"es-ES\",\"@id\":\"https:\/\/my.stlflix.com\/es\/product\/dados-rpg-tarketa-kit\/#primaryimage\",\"url\":\"https:\/\/my.stlflix.com\/wp-content\/uploads\/2025\/08\/IMG_20241210_192305-1-scaled.jpg\",\"contentUrl\":\"https:\/\/my.stlflix.com\/wp-content\/uploads\/2025\/08\/IMG_20241210_192305-1-scaled.jpg\",\"width\":1152,\"height\":2560},{\"@type\":\"BreadcrumbList\",\"@id\":\"https:\/\/my.stlflix.com\/es\/product\/dados-rpg-tarketa-kit\/#breadcrumb\",\"itemListElement\":[{\"@type\":\"ListItem\",\"position\":1,\"name\":\"Home\",\"item\":\"https:\/\/www.stlflix-store.com\/\"},{\"@type\":\"ListItem\",\"position\":2,\"name\":\"Products\",\"item\":\"https:\/\/www.stlflix-store.com\/shop\/\"},{\"@type\":\"ListItem\",\"position\":3,\"name\":\"Dados RPG &#8211; Tarketa kit\"}]},{\"@type\":\"WebSite\",\"@id\":\"https:\/\/my.stlflix.com\/#website\",\"url\":\"https:\/\/my.stlflix.com\/\",\"name\":\"MyStore - By STLFLIX\",\"description\":\"\",\"publisher\":{\"@id\":\"https:\/\/my.stlflix.com\/#organization\"},\"potentialAction\":[{\"@type\":\"SearchAction\",\"target\":{\"@type\":\"EntryPoint\",\"urlTemplate\":\"https:\/\/my.stlflix.com\/?s={search_term_string}\"},\"query-input\":{\"@type\":\"PropertyValueSpecification\",\"valueRequired\":true,\"valueName\":\"search_term_string\"}}],\"inLanguage\":\"es-ES\"},{\"@type\":\"Organization\",\"@id\":\"https:\/\/my.stlflix.com\/#organization\",\"name\":\"MyStore - By STLFLIX\",\"url\":\"https:\/\/my.stlflix.com\/\",\"logo\":{\"@type\":\"ImageObject\",\"inLanguage\":\"es-ES\",\"@id\":\"https:\/\/my.stlflix.com\/#\/schema\/logo\/image\/\",\"url\":\"https:\/\/my.stlflix.com\/wp-content\/uploads\/2024\/06\/logo-mystore.png\",\"contentUrl\":\"https:\/\/my.stlflix.com\/wp-content\/uploads\/2024\/06\/logo-mystore.png\",\"width\":150,\"height\":41,\"caption\":\"MyStore - By STLFLIX\"},\"image\":{\"@id\":\"https:\/\/my.stlflix.com\/#\/schema\/logo\/image\/\"},\"sameAs\":[\"https:\/\/www.facebook.com\/STLFLIX\",\"https:\/\/www.instagram.com\/stlflix_\/\",\"https:\/\/www.tiktok.com\/@stlflix\"]}]}<\/script>\n<!-- \/ Yoast SEO plugin. -->","yoast_head_json":{"title":"Dados RPG - Tarketa kit - MyStore - By STLFLIX","robots":{"index":"index","follow":"follow","max-snippet":"max-snippet:-1","max-image-preview":"max-image-preview:large","max-video-preview":"max-video-preview:-1"},"canonical":"https:\/\/my.stlflix.com\/es\/product\/dados-rpg-tarketa-kit\/","og_locale":"es_ES","og_type":"article","og_title":"Dados RPG - Tarketa kit - MyStore - By STLFLIX","og_description":"Nunca hab\u00eda sido tan f\u00e1cil hacer tus propios dados. S\u00e1calos de la tarjeta y m\u00f3ntalos con cuidado siguiendo la gu\u00eda detallada. En un momento tendr\u00e1s tu set de dado como quien tiene un mueble de Ikea. Aviso: Por la construcci\u00f3n de los dados, no se garantiza que las tiradas est\u00e9n equilibradas. No es necesario pegamento, [&hellip;]","og_url":"https:\/\/my.stlflix.com\/es\/product\/dados-rpg-tarketa-kit\/","og_site_name":"MyStore - By STLFLIX","article_publisher":"https:\/\/www.facebook.com\/STLFLIX","article_modified_time":"2025-08-12T08:23:31+00:00","og_image":[{"width":1152,"height":2560,"url":"https:\/\/my.stlflix.com\/wp-content\/uploads\/2025\/08\/IMG_20241210_192305-1-scaled.jpg","type":"image\/jpeg"}],"twitter_card":"summary_large_image","twitter_misc":{"Est. reading time":"1 minute"},"schema":{"@context":"https:\/\/schema.org","@graph":[{"@type":"WebPage","@id":"https:\/\/my.stlflix.com\/es\/product\/dados-rpg-tarketa-kit\/","url":"https:\/\/my.stlflix.com\/es\/product\/dados-rpg-tarketa-kit\/","name":"Dados RPG - Tarketa kit - MyStore - By STLFLIX","isPartOf":{"@id":"https:\/\/my.stlflix.com\/#website"},"primaryImageOfPage":{"@id":"https:\/\/my.stlflix.com\/es\/product\/dados-rpg-tarketa-kit\/#primaryimage"},"image":{"@id":"https:\/\/my.stlflix.com\/es\/product\/dados-rpg-tarketa-kit\/#primaryimage"},"thumbnailUrl":"https:\/\/my.stlflix.com\/wp-content\/uploads\/2025\/08\/IMG_20241210_192305-1-scaled.jpg","datePublished":"2025-08-08T17:59:36+00:00","dateModified":"2025-08-12T08:23:31+00:00","breadcrumb":{"@id":"https:\/\/my.stlflix.com\/es\/product\/dados-rpg-tarketa-kit\/#breadcrumb"},"inLanguage":"es-ES","potentialAction":[{"@type":"ReadAction","target":["https:\/\/my.stlflix.com\/es\/product\/dados-rpg-tarketa-kit\/"]}]},{"@type":"ImageObject","inLanguage":"es-ES","@id":"https:\/\/my.stlflix.com\/es\/product\/dados-rpg-tarketa-kit\/#primaryimage","url":"https:\/\/my.stlflix.com\/wp-content\/uploads\/2025\/08\/IMG_20241210_192305-1-scaled.jpg","contentUrl":"https:\/\/my.stlflix.com\/wp-content\/uploads\/2025\/08\/IMG_20241210_192305-1-scaled.jpg","width":1152,"height":2560},{"@type":"BreadcrumbList","@id":"https:\/\/my.stlflix.com\/es\/product\/dados-rpg-tarketa-kit\/#breadcrumb","itemListElement":[{"@type":"ListItem","position":1,"name":"Home","item":"https:\/\/www.stlflix-store.com\/"},{"@type":"ListItem","position":2,"name":"Products","item":"https:\/\/www.stlflix-store.com\/shop\/"},{"@type":"ListItem","position":3,"name":"Dados RPG &#8211; Tarketa kit"}]},{"@type":"WebSite","@id":"https:\/\/my.stlflix.com\/#website","url":"https:\/\/my.stlflix.com\/","name":"MyStore - By STLFLIX","description":"","publisher":{"@id":"https:\/\/my.stlflix.com\/#organization"},"potentialAction":[{"@type":"SearchAction","target":{"@type":"EntryPoint","urlTemplate":"https:\/\/my.stlflix.com\/?s={search_term_string}"},"query-input":{"@type":"PropertyValueSpecification","valueRequired":true,"valueName":"search_term_string"}}],"inLanguage":"es-ES"},{"@type":"Organization","@id":"https:\/\/my.stlflix.com\/#organization","name":"MyStore - By STLFLIX","url":"https:\/\/my.stlflix.com\/","logo":{"@type":"ImageObject","inLanguage":"es-ES","@id":"https:\/\/my.stlflix.com\/#\/schema\/logo\/image\/","url":"https:\/\/my.stlflix.com\/wp-content\/uploads\/2024\/06\/logo-mystore.png","contentUrl":"https:\/\/my.stlflix.com\/wp-content\/uploads\/2024\/06\/logo-mystore.png","width":150,"height":41,"caption":"MyStore - By STLFLIX"},"image":{"@id":"https:\/\/my.stlflix.com\/#\/schema\/logo\/image\/"},"sameAs":["https:\/\/www.facebook.com\/STLFLIX","https:\/\/www.instagram.com\/stlflix_\/","https:\/\/www.tiktok.com\/@stlflix"]}]}},"_links":{"self":[{"href":"https:\/\/my.stlflix.com\/es\/wp-json\/wp\/v2\/product\/419242","targetHints":{"allow":["GET"]}}],"collection":[{"href":"https:\/\/my.stlflix.com\/es\/wp-json\/wp\/v2\/product"}],"about":[{"href":"https:\/\/my.stlflix.com\/es\/wp-json\/wp\/v2\/types\/product"}],"replies":[{"embeddable":true,"href":"https:\/\/my.stlflix.com\/es\/wp-json\/wp\/v2\/comments?post=419242"}],"wp:featuredmedia":[{"embeddable":true,"href":"https:\/\/my.stlflix.com\/es\/wp-json\/wp\/v2\/media\/419593"}],"wp:attachment":[{"href":"https:\/\/my.stlflix.com\/es\/wp-json\/wp\/v2\/media?parent=419242"}],"wp:term":[{"taxonomy":"product_brand","embeddable":true,"href":"https:\/\/my.stlflix.com\/es\/wp-json\/wp\/v2\/product_brand?post=419242"},{"taxonomy":"product_cat","embeddable":true,"href":"https:\/\/my.stlflix.com\/es\/wp-json\/wp\/v2\/product_cat?post=419242"},{"taxonomy":"product_tag","embeddable":true,"href":"https:\/\/my.stlflix.com\/es\/wp-json\/wp\/v2\/product_tag?post=419242"}],"curies":[{"name":"wp","href":"https:\/\/api.w.org\/{rel}","templated":true}]}}