{"id":419257,"date":"2025-08-11T06:58:20","date_gmt":"2025-08-11T06:58:20","guid":{"rendered":"https:\/\/my.stlflix.com\/?post_type=product&#038;p=419257"},"modified":"2025-08-11T06:58:32","modified_gmt":"2025-08-11T06:58:32","slug":"silent-beak-68963bc39b863","status":"publish","type":"product","link":"https:\/\/my.stlflix.com\/es\/product\/silent-beak-68963bc39b863\/","title":{"rendered":"Pico silencioso, el pato p\u00edcaro &#8211; Personaje articulado"},"content":{"rendered":"<p>Si hubiera un mundo donde los patos fueran la especie &#8220;dominante&#8221; \u00bfjugar\u00edan a rol? De ser as\u00ed, quitarle el ojo a este rogue ser\u00eda una grave metedura de pata.<\/p>\n<p>Dependiendo de la disponibilidad, es posible env\u00edar ciertas partes del model en distintos colores sin incrementar el precio, al ser una impresi\u00f3n por partes.<\/p>\n<p>DDise\u00f1o: STLFLIX<\/p>\n","protected":false},"excerpt":{"rendered":"<p>Si hubiera un mundo donde los patos fueran la especie &#8220;dominante&#8221; \u00bfjugar\u00edan a rol? De ser as\u00ed, quitarle el ojo a este rogue ser\u00eda una grave metedura de pata. Dependiendo de la disponibilidad, es posible env\u00edar ciertas partes del model en distintos colores sin incrementar el precio, al ser una impresi\u00f3n por partes. DDise\u00f1o: STLFLIX<\/p>\n","protected":false},"featured_media":194914,"comment_status":"open","ping_status":"closed","template":"","meta":[],"product_brand":[],"product_cat":[15],"product_tag":[6291,6294,6290],"class_list":{"0":"post-419257","1":"product","2":"type-product","3":"status-publish","4":"has-post-thumbnail","6":"product_cat-uncategorized","7":"product_tag-animales","8":"product_tag-fantasia","9":"product_tag-utiles","11":"first","12":"outofstock","13":"shipping-taxable","14":"purchasable","15":"product-type-variable"},"yoast_head":"<!-- This site is optimized with the Yoast SEO plugin v25.1 - https:\/\/yoast.com\/wordpress\/plugins\/seo\/ -->\n<title>Pico silencioso, el pato p\u00edcaro - Personaje articulado - MyStore - By STLFLIX<\/title>\n<meta name=\"robots\" content=\"index, follow, max-snippet:-1, max-image-preview:large, max-video-preview:-1\" \/>\n<link rel=\"canonical\" href=\"https:\/\/www.lojadomandela3d.biz\/product\/silent-beak-68963bc39b863\/\" \/>\n<meta property=\"og:locale\" content=\"es_ES\" \/>\n<meta property=\"og:type\" content=\"article\" \/>\n<meta property=\"og:title\" content=\"Pico silencioso, el pato p\u00edcaro - Personaje articulado - MyStore - By STLFLIX\" \/>\n<meta property=\"og:description\" content=\"Si hubiera un mundo donde los patos fueran la especie &#8220;dominante&#8221; \u00bfjugar\u00edan a rol? De ser as\u00ed, quitarle el ojo a este rogue ser\u00eda una grave metedura de pata. Dependiendo de la disponibilidad, es posible env\u00edar ciertas partes del model en distintos colores sin incrementar el precio, al ser una impresi\u00f3n por partes. DDise\u00f1o: STLFLIX\" \/>\n<meta property=\"og:url\" content=\"https:\/\/www.lojadomandela3d.biz\/product\/silent-beak-68963bc39b863\/\" \/>\n<meta property=\"og:site_name\" content=\"MyStore - By STLFLIX\" \/>\n<meta property=\"article:publisher\" content=\"https:\/\/www.facebook.com\/STLFLIX\" \/>\n<meta property=\"article:modified_time\" content=\"2025-08-11T06:58:32+00:00\" \/>\n<meta property=\"og:image\" content=\"https:\/\/www.lojadomandela3d.biz\/wp-content\/uploads\/2024\/12\/Silent_Beakthumb_af17c27780.jpg\" \/>\n\t<meta property=\"og:image:width\" content=\"1080\" \/>\n\t<meta property=\"og:image:height\" content=\"1350\" \/>\n\t<meta property=\"og:image:type\" content=\"image\/jpeg\" \/>\n<meta name=\"twitter:card\" content=\"summary_large_image\" \/>\n<script type=\"application\/ld+json\" class=\"yoast-schema-graph\">{\"@context\":\"https:\/\/schema.org\",\"@graph\":[{\"@type\":\"WebPage\",\"@id\":\"https:\/\/www.lojadomandela3d.biz\/product\/silent-beak-68963bc39b863\/\",\"url\":\"https:\/\/www.lojadomandela3d.biz\/product\/silent-beak-68963bc39b863\/\",\"name\":\"Pico silencioso, el pato p\u00edcaro - Personaje articulado - MyStore - By STLFLIX\",\"isPartOf\":{\"@id\":\"https:\/\/my.stlflix.com\/#website\"},\"primaryImageOfPage\":{\"@id\":\"https:\/\/www.lojadomandela3d.biz\/product\/silent-beak-68963bc39b863\/#primaryimage\"},\"image\":{\"@id\":\"https:\/\/www.lojadomandela3d.biz\/product\/silent-beak-68963bc39b863\/#primaryimage\"},\"thumbnailUrl\":\"https:\/\/my.stlflix.com\/wp-content\/uploads\/2024\/12\/Silent_Beakthumb_af17c27780.jpg\",\"datePublished\":\"2025-08-11T06:58:20+00:00\",\"dateModified\":\"2025-08-11T06:58:32+00:00\",\"breadcrumb\":{\"@id\":\"https:\/\/www.lojadomandela3d.biz\/product\/silent-beak-68963bc39b863\/#breadcrumb\"},\"inLanguage\":\"es-ES\",\"potentialAction\":[{\"@type\":\"ReadAction\",\"target\":[\"https:\/\/www.lojadomandela3d.biz\/product\/silent-beak-68963bc39b863\/\"]}]},{\"@type\":\"ImageObject\",\"inLanguage\":\"es-ES\",\"@id\":\"https:\/\/www.lojadomandela3d.biz\/product\/silent-beak-68963bc39b863\/#primaryimage\",\"url\":\"https:\/\/my.stlflix.com\/wp-content\/uploads\/2024\/12\/Silent_Beakthumb_af17c27780.jpg\",\"contentUrl\":\"https:\/\/my.stlflix.com\/wp-content\/uploads\/2024\/12\/Silent_Beakthumb_af17c27780.jpg\",\"width\":1080,\"height\":1350},{\"@type\":\"BreadcrumbList\",\"@id\":\"https:\/\/www.lojadomandela3d.biz\/product\/silent-beak-68963bc39b863\/#breadcrumb\",\"itemListElement\":[{\"@type\":\"ListItem\",\"position\":1,\"name\":\"Home\",\"item\":\"https:\/\/www.stlflix-store.com\/\"},{\"@type\":\"ListItem\",\"position\":2,\"name\":\"Products\",\"item\":\"https:\/\/www.stlflix-store.com\/shop\/\"},{\"@type\":\"ListItem\",\"position\":3,\"name\":\"Pico silencioso, el pato p\u00edcaro &#8211; Personaje articulado\"}]},{\"@type\":\"WebSite\",\"@id\":\"https:\/\/my.stlflix.com\/#website\",\"url\":\"https:\/\/my.stlflix.com\/\",\"name\":\"MyStore - By STLFLIX\",\"description\":\"\",\"publisher\":{\"@id\":\"https:\/\/my.stlflix.com\/#organization\"},\"potentialAction\":[{\"@type\":\"SearchAction\",\"target\":{\"@type\":\"EntryPoint\",\"urlTemplate\":\"https:\/\/my.stlflix.com\/?s={search_term_string}\"},\"query-input\":{\"@type\":\"PropertyValueSpecification\",\"valueRequired\":true,\"valueName\":\"search_term_string\"}}],\"inLanguage\":\"es-ES\"},{\"@type\":\"Organization\",\"@id\":\"https:\/\/my.stlflix.com\/#organization\",\"name\":\"MyStore - By STLFLIX\",\"url\":\"https:\/\/my.stlflix.com\/\",\"logo\":{\"@type\":\"ImageObject\",\"inLanguage\":\"es-ES\",\"@id\":\"https:\/\/my.stlflix.com\/#\/schema\/logo\/image\/\",\"url\":\"https:\/\/my.stlflix.com\/wp-content\/uploads\/2024\/06\/logo-mystore.png\",\"contentUrl\":\"https:\/\/my.stlflix.com\/wp-content\/uploads\/2024\/06\/logo-mystore.png\",\"width\":150,\"height\":41,\"caption\":\"MyStore - By STLFLIX\"},\"image\":{\"@id\":\"https:\/\/my.stlflix.com\/#\/schema\/logo\/image\/\"},\"sameAs\":[\"https:\/\/www.facebook.com\/STLFLIX\",\"https:\/\/www.instagram.com\/stlflix_\/\",\"https:\/\/www.tiktok.com\/@stlflix\"]}]}<\/script>\n<!-- \/ Yoast SEO plugin. -->","yoast_head_json":{"title":"Pico silencioso, el pato p\u00edcaro - Personaje articulado - MyStore - By STLFLIX","robots":{"index":"index","follow":"follow","max-snippet":"max-snippet:-1","max-image-preview":"max-image-preview:large","max-video-preview":"max-video-preview:-1"},"canonical":"https:\/\/www.lojadomandela3d.biz\/product\/silent-beak-68963bc39b863\/","og_locale":"es_ES","og_type":"article","og_title":"Pico silencioso, el pato p\u00edcaro - Personaje articulado - MyStore - By STLFLIX","og_description":"Si hubiera un mundo donde los patos fueran la especie &#8220;dominante&#8221; \u00bfjugar\u00edan a rol? De ser as\u00ed, quitarle el ojo a este rogue ser\u00eda una grave metedura de pata. Dependiendo de la disponibilidad, es posible env\u00edar ciertas partes del model en distintos colores sin incrementar el precio, al ser una impresi\u00f3n por partes. DDise\u00f1o: STLFLIX","og_url":"https:\/\/www.lojadomandela3d.biz\/product\/silent-beak-68963bc39b863\/","og_site_name":"MyStore - By STLFLIX","article_publisher":"https:\/\/www.facebook.com\/STLFLIX","article_modified_time":"2025-08-11T06:58:32+00:00","og_image":[{"width":1080,"height":1350,"url":"https:\/\/www.lojadomandela3d.biz\/wp-content\/uploads\/2024\/12\/Silent_Beakthumb_af17c27780.jpg","type":"image\/jpeg"}],"twitter_card":"summary_large_image","schema":{"@context":"https:\/\/schema.org","@graph":[{"@type":"WebPage","@id":"https:\/\/www.lojadomandela3d.biz\/product\/silent-beak-68963bc39b863\/","url":"https:\/\/www.lojadomandela3d.biz\/product\/silent-beak-68963bc39b863\/","name":"Pico silencioso, el pato p\u00edcaro - Personaje articulado - MyStore - By STLFLIX","isPartOf":{"@id":"https:\/\/my.stlflix.com\/#website"},"primaryImageOfPage":{"@id":"https:\/\/www.lojadomandela3d.biz\/product\/silent-beak-68963bc39b863\/#primaryimage"},"image":{"@id":"https:\/\/www.lojadomandela3d.biz\/product\/silent-beak-68963bc39b863\/#primaryimage"},"thumbnailUrl":"https:\/\/my.stlflix.com\/wp-content\/uploads\/2024\/12\/Silent_Beakthumb_af17c27780.jpg","datePublished":"2025-08-11T06:58:20+00:00","dateModified":"2025-08-11T06:58:32+00:00","breadcrumb":{"@id":"https:\/\/www.lojadomandela3d.biz\/product\/silent-beak-68963bc39b863\/#breadcrumb"},"inLanguage":"es-ES","potentialAction":[{"@type":"ReadAction","target":["https:\/\/www.lojadomandela3d.biz\/product\/silent-beak-68963bc39b863\/"]}]},{"@type":"ImageObject","inLanguage":"es-ES","@id":"https:\/\/www.lojadomandela3d.biz\/product\/silent-beak-68963bc39b863\/#primaryimage","url":"https:\/\/my.stlflix.com\/wp-content\/uploads\/2024\/12\/Silent_Beakthumb_af17c27780.jpg","contentUrl":"https:\/\/my.stlflix.com\/wp-content\/uploads\/2024\/12\/Silent_Beakthumb_af17c27780.jpg","width":1080,"height":1350},{"@type":"BreadcrumbList","@id":"https:\/\/www.lojadomandela3d.biz\/product\/silent-beak-68963bc39b863\/#breadcrumb","itemListElement":[{"@type":"ListItem","position":1,"name":"Home","item":"https:\/\/www.stlflix-store.com\/"},{"@type":"ListItem","position":2,"name":"Products","item":"https:\/\/www.stlflix-store.com\/shop\/"},{"@type":"ListItem","position":3,"name":"Pico silencioso, el pato p\u00edcaro &#8211; Personaje articulado"}]},{"@type":"WebSite","@id":"https:\/\/my.stlflix.com\/#website","url":"https:\/\/my.stlflix.com\/","name":"MyStore - By STLFLIX","description":"","publisher":{"@id":"https:\/\/my.stlflix.com\/#organization"},"potentialAction":[{"@type":"SearchAction","target":{"@type":"EntryPoint","urlTemplate":"https:\/\/my.stlflix.com\/?s={search_term_string}"},"query-input":{"@type":"PropertyValueSpecification","valueRequired":true,"valueName":"search_term_string"}}],"inLanguage":"es-ES"},{"@type":"Organization","@id":"https:\/\/my.stlflix.com\/#organization","name":"MyStore - By STLFLIX","url":"https:\/\/my.stlflix.com\/","logo":{"@type":"ImageObject","inLanguage":"es-ES","@id":"https:\/\/my.stlflix.com\/#\/schema\/logo\/image\/","url":"https:\/\/my.stlflix.com\/wp-content\/uploads\/2024\/06\/logo-mystore.png","contentUrl":"https:\/\/my.stlflix.com\/wp-content\/uploads\/2024\/06\/logo-mystore.png","width":150,"height":41,"caption":"MyStore - By STLFLIX"},"image":{"@id":"https:\/\/my.stlflix.com\/#\/schema\/logo\/image\/"},"sameAs":["https:\/\/www.facebook.com\/STLFLIX","https:\/\/www.instagram.com\/stlflix_\/","https:\/\/www.tiktok.com\/@stlflix"]}]}},"_links":{"self":[{"href":"https:\/\/my.stlflix.com\/es\/wp-json\/wp\/v2\/product\/419257","targetHints":{"allow":["GET"]}}],"collection":[{"href":"https:\/\/my.stlflix.com\/es\/wp-json\/wp\/v2\/product"}],"about":[{"href":"https:\/\/my.stlflix.com\/es\/wp-json\/wp\/v2\/types\/product"}],"replies":[{"embeddable":true,"href":"https:\/\/my.stlflix.com\/es\/wp-json\/wp\/v2\/comments?post=419257"}],"wp:featuredmedia":[{"embeddable":true,"href":"https:\/\/my.stlflix.com\/es\/wp-json\/wp\/v2\/media\/194914"}],"wp:attachment":[{"href":"https:\/\/my.stlflix.com\/es\/wp-json\/wp\/v2\/media?parent=419257"}],"wp:term":[{"taxonomy":"product_brand","embeddable":true,"href":"https:\/\/my.stlflix.com\/es\/wp-json\/wp\/v2\/product_brand?post=419257"},{"taxonomy":"product_cat","embeddable":true,"href":"https:\/\/my.stlflix.com\/es\/wp-json\/wp\/v2\/product_cat?post=419257"},{"taxonomy":"product_tag","embeddable":true,"href":"https:\/\/my.stlflix.com\/es\/wp-json\/wp\/v2\/product_tag?post=419257"}],"curies":[{"name":"wp","href":"https:\/\/api.w.org\/{rel}","templated":true}]}}