{"id":419362,"date":"2025-08-08T23:46:00","date_gmt":"2025-08-08T23:46:00","guid":{"rendered":"https:\/\/my.stlflix.com\/?post_type=product&#038;p=419362"},"modified":"2025-08-09T00:00:31","modified_gmt":"2025-08-09T00:00:31","slug":"colecao-mecha","status":"publish","type":"product","link":"https:\/\/my.stlflix.com\/es\/product\/colecao-mecha\/","title":{"rendered":"cole\u00e7\u00e3o mecha"},"content":{"rendered":"<p data-start=\"97\" data-end=\"420\">\ud83d\udd25 <strong data-start=\"100\" data-end=\"178\">Cole\u00e7\u00e3o Linha Mechas \u2013 Miniaturas Premium para Verdadeiros Colecionadores!<\/strong> \ud83d\udd25<br data-start=\"181\" data-end=\"184\" \/>Pe\u00e7as exclusivas, produzidas com riqueza de detalhes e acabamento impec\u00e1vel. Perfeitas para decorar, presentear ou completar sua cole\u00e7\u00e3o com figuras ic\u00f4nicas que unem <strong data-start=\"351\" data-end=\"380\">for\u00e7a, tecnologia e lenda<\/strong>. Estoque limitado \u2013 garanta j\u00e1 a sua!<\/p>\n<p data-start=\"422\" data-end=\"758\">Superman: 28gr, 10cm \ud83d\udc49 $28<br data-start=\"449\" data-end=\"452\" \/>Flash: 25gr, 10cm \ud83d\udc49 $25<br data-start=\"476\" data-end=\"479\" \/>Batman: 36gr, 10cm \ud83d\udc49 $30<br data-start=\"504\" data-end=\"507\" \/>Messi: 19gr, 10cm \ud83d\udc49 $20<br data-start=\"531\" data-end=\"534\" \/>Cr7: 21gr, 10cm \ud83d\udc49 $22<br data-start=\"556\" data-end=\"559\" \/>Predador: 30gr, 10cm \ud83d\udc49 <del data-start=\"583\" data-end=\"590\">$26<\/del> por $22<br data-start=\"598\" data-end=\"601\" \/>Esh: 23gr, 10cm \ud83d\udc49 <del data-start=\"620\" data-end=\"627\">$20<\/del> por $18<br data-start=\"635\" data-end=\"638\" \/>Pikachu: 15gr, 7cm \ud83d\udc49 $15<br data-start=\"663\" data-end=\"666\" \/>Horus: 23gr, 10cm \ud83d\udc49 $25<br data-start=\"690\" data-end=\"693\" \/>Mulher maravilha: 25gr, 10cm \ud83d\udc49 $22<br data-start=\"728\" data-end=\"731\" \/>Drag\u00e3o: 45gr, 10cm \ud83d\udc49 $40<\/p>\n","protected":false},"excerpt":{"rendered":"<p>\ud83d\udd25 Cole\u00e7\u00e3o Linha Mechas \u2013 Miniaturas Premium para Verdadeiros Colecionadores! \ud83d\udd25Pe\u00e7as exclusivas, produzidas com riqueza de detalhes e acabamento impec\u00e1vel. Perfeitas para decorar, presentear ou completar sua cole\u00e7\u00e3o com figuras ic\u00f4nicas que unem for\u00e7a, tecnologia e lenda. Estoque limitado \u2013 garanta j\u00e1 a sua! Superman: 28gr, 10cm \ud83d\udc49 $28Flash: 25gr, 10cm \ud83d\udc49 $25Batman: 36gr, 10cm [&hellip;]<\/p>\n","protected":false},"featured_media":419423,"comment_status":"open","ping_status":"closed","template":"","meta":[],"product_brand":[],"product_cat":[15],"product_tag":[277],"class_list":{"0":"post-419362","1":"product","2":"type-product","3":"status-publish","4":"has-post-thumbnail","6":"product_cat-uncategorized","7":"product_tag-miniatura","9":"first","10":"instock","11":"taxable","12":"shipping-taxable","13":"purchasable","14":"product-type-simple"},"yoast_head":"<!-- This site is optimized with the Yoast SEO plugin v25.1 - https:\/\/yoast.com\/wordpress\/plugins\/seo\/ -->\n<title>cole\u00e7\u00e3o mecha - MyStore - By STLFLIX<\/title>\n<meta name=\"robots\" content=\"index, follow, max-snippet:-1, max-image-preview:large, max-video-preview:-1\" \/>\n<link rel=\"canonical\" href=\"https:\/\/www.lojadomandela3d.biz\/product\/colecao-mecha\/\" \/>\n<meta property=\"og:locale\" content=\"es_ES\" \/>\n<meta property=\"og:type\" content=\"article\" \/>\n<meta property=\"og:title\" content=\"cole\u00e7\u00e3o mecha - MyStore - By STLFLIX\" \/>\n<meta property=\"og:description\" content=\"\ud83d\udd25 Cole\u00e7\u00e3o Linha Mechas \u2013 Miniaturas Premium para Verdadeiros Colecionadores! \ud83d\udd25Pe\u00e7as exclusivas, produzidas com riqueza de detalhes e acabamento impec\u00e1vel. Perfeitas para decorar, presentear ou completar sua cole\u00e7\u00e3o com figuras ic\u00f4nicas que unem for\u00e7a, tecnologia e lenda. Estoque limitado \u2013 garanta j\u00e1 a sua! Superman: 28gr, 10cm \ud83d\udc49 $28Flash: 25gr, 10cm \ud83d\udc49 $25Batman: 36gr, 10cm [&hellip;]\" \/>\n<meta property=\"og:url\" content=\"https:\/\/www.lojadomandela3d.biz\/product\/colecao-mecha\/\" \/>\n<meta property=\"og:site_name\" content=\"MyStore - By STLFLIX\" \/>\n<meta property=\"article:publisher\" content=\"https:\/\/www.facebook.com\/STLFLIX\" \/>\n<meta property=\"article:modified_time\" content=\"2025-08-09T00:00:31+00:00\" \/>\n<meta property=\"og:image\" content=\"https:\/\/www.lojadomandela3d.biz\/wp-content\/uploads\/2025\/08\/97e3850e-98f3-4561-8bbf-6fbc64e066a4.jpg\" \/>\n\t<meta property=\"og:image:width\" content=\"719\" \/>\n\t<meta property=\"og:image:height\" content=\"762\" \/>\n\t<meta property=\"og:image:type\" content=\"image\/jpeg\" \/>\n<meta name=\"twitter:card\" content=\"summary_large_image\" \/>\n<script type=\"application\/ld+json\" class=\"yoast-schema-graph\">{\"@context\":\"https:\/\/schema.org\",\"@graph\":[{\"@type\":\"WebPage\",\"@id\":\"https:\/\/www.lojadomandela3d.biz\/product\/colecao-mecha\/\",\"url\":\"https:\/\/www.lojadomandela3d.biz\/product\/colecao-mecha\/\",\"name\":\"cole\u00e7\u00e3o mecha - MyStore - By STLFLIX\",\"isPartOf\":{\"@id\":\"https:\/\/my.stlflix.com\/#website\"},\"primaryImageOfPage\":{\"@id\":\"https:\/\/www.lojadomandela3d.biz\/product\/colecao-mecha\/#primaryimage\"},\"image\":{\"@id\":\"https:\/\/www.lojadomandela3d.biz\/product\/colecao-mecha\/#primaryimage\"},\"thumbnailUrl\":\"https:\/\/my.stlflix.com\/wp-content\/uploads\/2025\/08\/97e3850e-98f3-4561-8bbf-6fbc64e066a4.jpg\",\"datePublished\":\"2025-08-08T23:46:00+00:00\",\"dateModified\":\"2025-08-09T00:00:31+00:00\",\"breadcrumb\":{\"@id\":\"https:\/\/www.lojadomandela3d.biz\/product\/colecao-mecha\/#breadcrumb\"},\"inLanguage\":\"es-ES\",\"potentialAction\":[{\"@type\":\"ReadAction\",\"target\":[\"https:\/\/www.lojadomandela3d.biz\/product\/colecao-mecha\/\"]}]},{\"@type\":\"ImageObject\",\"inLanguage\":\"es-ES\",\"@id\":\"https:\/\/www.lojadomandela3d.biz\/product\/colecao-mecha\/#primaryimage\",\"url\":\"https:\/\/my.stlflix.com\/wp-content\/uploads\/2025\/08\/97e3850e-98f3-4561-8bbf-6fbc64e066a4.jpg\",\"contentUrl\":\"https:\/\/my.stlflix.com\/wp-content\/uploads\/2025\/08\/97e3850e-98f3-4561-8bbf-6fbc64e066a4.jpg\",\"width\":719,\"height\":762},{\"@type\":\"BreadcrumbList\",\"@id\":\"https:\/\/www.lojadomandela3d.biz\/product\/colecao-mecha\/#breadcrumb\",\"itemListElement\":[{\"@type\":\"ListItem\",\"position\":1,\"name\":\"Home\",\"item\":\"https:\/\/www.stlflix-store.com\/\"},{\"@type\":\"ListItem\",\"position\":2,\"name\":\"Products\",\"item\":\"https:\/\/www.stlflix-store.com\/shop\/\"},{\"@type\":\"ListItem\",\"position\":3,\"name\":\"cole\u00e7\u00e3o mecha\"}]},{\"@type\":\"WebSite\",\"@id\":\"https:\/\/my.stlflix.com\/#website\",\"url\":\"https:\/\/my.stlflix.com\/\",\"name\":\"MyStore - By STLFLIX\",\"description\":\"\",\"publisher\":{\"@id\":\"https:\/\/my.stlflix.com\/#organization\"},\"potentialAction\":[{\"@type\":\"SearchAction\",\"target\":{\"@type\":\"EntryPoint\",\"urlTemplate\":\"https:\/\/my.stlflix.com\/?s={search_term_string}\"},\"query-input\":{\"@type\":\"PropertyValueSpecification\",\"valueRequired\":true,\"valueName\":\"search_term_string\"}}],\"inLanguage\":\"es-ES\"},{\"@type\":\"Organization\",\"@id\":\"https:\/\/my.stlflix.com\/#organization\",\"name\":\"MyStore - By STLFLIX\",\"url\":\"https:\/\/my.stlflix.com\/\",\"logo\":{\"@type\":\"ImageObject\",\"inLanguage\":\"es-ES\",\"@id\":\"https:\/\/my.stlflix.com\/#\/schema\/logo\/image\/\",\"url\":\"https:\/\/my.stlflix.com\/wp-content\/uploads\/2024\/06\/logo-mystore.png\",\"contentUrl\":\"https:\/\/my.stlflix.com\/wp-content\/uploads\/2024\/06\/logo-mystore.png\",\"width\":150,\"height\":41,\"caption\":\"MyStore - By STLFLIX\"},\"image\":{\"@id\":\"https:\/\/my.stlflix.com\/#\/schema\/logo\/image\/\"},\"sameAs\":[\"https:\/\/www.facebook.com\/STLFLIX\",\"https:\/\/www.instagram.com\/stlflix_\/\",\"https:\/\/www.tiktok.com\/@stlflix\"]}]}<\/script>\n<!-- \/ Yoast SEO plugin. -->","yoast_head_json":{"title":"cole\u00e7\u00e3o mecha - MyStore - By STLFLIX","robots":{"index":"index","follow":"follow","max-snippet":"max-snippet:-1","max-image-preview":"max-image-preview:large","max-video-preview":"max-video-preview:-1"},"canonical":"https:\/\/www.lojadomandela3d.biz\/product\/colecao-mecha\/","og_locale":"es_ES","og_type":"article","og_title":"cole\u00e7\u00e3o mecha - MyStore - By STLFLIX","og_description":"\ud83d\udd25 Cole\u00e7\u00e3o Linha Mechas \u2013 Miniaturas Premium para Verdadeiros Colecionadores! \ud83d\udd25Pe\u00e7as exclusivas, produzidas com riqueza de detalhes e acabamento impec\u00e1vel. Perfeitas para decorar, presentear ou completar sua cole\u00e7\u00e3o com figuras ic\u00f4nicas que unem for\u00e7a, tecnologia e lenda. Estoque limitado \u2013 garanta j\u00e1 a sua! Superman: 28gr, 10cm \ud83d\udc49 $28Flash: 25gr, 10cm \ud83d\udc49 $25Batman: 36gr, 10cm [&hellip;]","og_url":"https:\/\/www.lojadomandela3d.biz\/product\/colecao-mecha\/","og_site_name":"MyStore - By STLFLIX","article_publisher":"https:\/\/www.facebook.com\/STLFLIX","article_modified_time":"2025-08-09T00:00:31+00:00","og_image":[{"width":719,"height":762,"url":"https:\/\/www.lojadomandela3d.biz\/wp-content\/uploads\/2025\/08\/97e3850e-98f3-4561-8bbf-6fbc64e066a4.jpg","type":"image\/jpeg"}],"twitter_card":"summary_large_image","schema":{"@context":"https:\/\/schema.org","@graph":[{"@type":"WebPage","@id":"https:\/\/www.lojadomandela3d.biz\/product\/colecao-mecha\/","url":"https:\/\/www.lojadomandela3d.biz\/product\/colecao-mecha\/","name":"cole\u00e7\u00e3o mecha - MyStore - By STLFLIX","isPartOf":{"@id":"https:\/\/my.stlflix.com\/#website"},"primaryImageOfPage":{"@id":"https:\/\/www.lojadomandela3d.biz\/product\/colecao-mecha\/#primaryimage"},"image":{"@id":"https:\/\/www.lojadomandela3d.biz\/product\/colecao-mecha\/#primaryimage"},"thumbnailUrl":"https:\/\/my.stlflix.com\/wp-content\/uploads\/2025\/08\/97e3850e-98f3-4561-8bbf-6fbc64e066a4.jpg","datePublished":"2025-08-08T23:46:00+00:00","dateModified":"2025-08-09T00:00:31+00:00","breadcrumb":{"@id":"https:\/\/www.lojadomandela3d.biz\/product\/colecao-mecha\/#breadcrumb"},"inLanguage":"es-ES","potentialAction":[{"@type":"ReadAction","target":["https:\/\/www.lojadomandela3d.biz\/product\/colecao-mecha\/"]}]},{"@type":"ImageObject","inLanguage":"es-ES","@id":"https:\/\/www.lojadomandela3d.biz\/product\/colecao-mecha\/#primaryimage","url":"https:\/\/my.stlflix.com\/wp-content\/uploads\/2025\/08\/97e3850e-98f3-4561-8bbf-6fbc64e066a4.jpg","contentUrl":"https:\/\/my.stlflix.com\/wp-content\/uploads\/2025\/08\/97e3850e-98f3-4561-8bbf-6fbc64e066a4.jpg","width":719,"height":762},{"@type":"BreadcrumbList","@id":"https:\/\/www.lojadomandela3d.biz\/product\/colecao-mecha\/#breadcrumb","itemListElement":[{"@type":"ListItem","position":1,"name":"Home","item":"https:\/\/www.stlflix-store.com\/"},{"@type":"ListItem","position":2,"name":"Products","item":"https:\/\/www.stlflix-store.com\/shop\/"},{"@type":"ListItem","position":3,"name":"cole\u00e7\u00e3o mecha"}]},{"@type":"WebSite","@id":"https:\/\/my.stlflix.com\/#website","url":"https:\/\/my.stlflix.com\/","name":"MyStore - By STLFLIX","description":"","publisher":{"@id":"https:\/\/my.stlflix.com\/#organization"},"potentialAction":[{"@type":"SearchAction","target":{"@type":"EntryPoint","urlTemplate":"https:\/\/my.stlflix.com\/?s={search_term_string}"},"query-input":{"@type":"PropertyValueSpecification","valueRequired":true,"valueName":"search_term_string"}}],"inLanguage":"es-ES"},{"@type":"Organization","@id":"https:\/\/my.stlflix.com\/#organization","name":"MyStore - By STLFLIX","url":"https:\/\/my.stlflix.com\/","logo":{"@type":"ImageObject","inLanguage":"es-ES","@id":"https:\/\/my.stlflix.com\/#\/schema\/logo\/image\/","url":"https:\/\/my.stlflix.com\/wp-content\/uploads\/2024\/06\/logo-mystore.png","contentUrl":"https:\/\/my.stlflix.com\/wp-content\/uploads\/2024\/06\/logo-mystore.png","width":150,"height":41,"caption":"MyStore - By STLFLIX"},"image":{"@id":"https:\/\/my.stlflix.com\/#\/schema\/logo\/image\/"},"sameAs":["https:\/\/www.facebook.com\/STLFLIX","https:\/\/www.instagram.com\/stlflix_\/","https:\/\/www.tiktok.com\/@stlflix"]}]}},"_links":{"self":[{"href":"https:\/\/my.stlflix.com\/es\/wp-json\/wp\/v2\/product\/419362","targetHints":{"allow":["GET"]}}],"collection":[{"href":"https:\/\/my.stlflix.com\/es\/wp-json\/wp\/v2\/product"}],"about":[{"href":"https:\/\/my.stlflix.com\/es\/wp-json\/wp\/v2\/types\/product"}],"replies":[{"embeddable":true,"href":"https:\/\/my.stlflix.com\/es\/wp-json\/wp\/v2\/comments?post=419362"}],"wp:featuredmedia":[{"embeddable":true,"href":"https:\/\/my.stlflix.com\/es\/wp-json\/wp\/v2\/media\/419423"}],"wp:attachment":[{"href":"https:\/\/my.stlflix.com\/es\/wp-json\/wp\/v2\/media?parent=419362"}],"wp:term":[{"taxonomy":"product_brand","embeddable":true,"href":"https:\/\/my.stlflix.com\/es\/wp-json\/wp\/v2\/product_brand?post=419362"},{"taxonomy":"product_cat","embeddable":true,"href":"https:\/\/my.stlflix.com\/es\/wp-json\/wp\/v2\/product_cat?post=419362"},{"taxonomy":"product_tag","embeddable":true,"href":"https:\/\/my.stlflix.com\/es\/wp-json\/wp\/v2\/product_tag?post=419362"}],"curies":[{"name":"wp","href":"https:\/\/api.w.org\/{rel}","templated":true}]}}