{"id":420741,"date":"2025-08-11T16:20:17","date_gmt":"2025-08-11T16:20:17","guid":{"rendered":"https:\/\/my.stlflix.com\/?post_type=product&#038;p=420741"},"modified":"2025-08-11T16:20:19","modified_gmt":"2025-08-11T16:20:19","slug":"champions-d20-689a161379958","status":"publish","type":"product","link":"https:\/\/my.stlflix.com\/es\/product\/champions-d20-689a161379958\/","title":{"rendered":"D20 del campe\u00f3n &#8211; Maceta de dado"},"content":{"rendered":"<p>La victoria nunca hab\u00eda sido tan \u00fatil. Un premio reservado para los mejores, esta maceta transmitira la victoria a tus plantas.<\/p>\n<p>Este producto s\u00ed se entrega en 2 colores, con la misma distribuci\u00f3n que en las fotos, aunque los colores pueden ser otros.<\/p>\n<p>El producto NO INCLUYE una planta viva, es s\u00f3lo un tiesto para rellenar con tu planta favorita de interior, ya que el material se puede da\u00f1ar por la exposici\u00f3n prolongada al sol.<\/p>\n<p>Dise\u00f1o: STLFLIX<\/p>\n","protected":false},"excerpt":{"rendered":"<p>La victoria nunca hab\u00eda sido tan \u00fatil. Un premio reservado para los mejores, esta maceta transmitira la victoria a tus plantas. Este producto s\u00ed se entrega en 2 colores, con la misma distribuci\u00f3n que en las fotos, aunque los colores pueden ser otros. El producto NO INCLUYE una planta viva, es s\u00f3lo un tiesto para [&hellip;]<\/p>\n","protected":false},"featured_media":276231,"comment_status":"open","ping_status":"closed","template":"","meta":[],"product_brand":[],"product_cat":[15],"product_tag":[6294,6290],"class_list":{"0":"post-420741","1":"product","2":"type-product","3":"status-publish","4":"has-post-thumbnail","6":"product_cat-uncategorized","7":"product_tag-fantasia","8":"product_tag-utiles","10":"first","11":"outofstock","12":"purchasable","13":"product-type-variable"},"yoast_head":"<!-- This site is optimized with the Yoast SEO plugin v25.1 - https:\/\/yoast.com\/wordpress\/plugins\/seo\/ -->\n<title>D20 del campe\u00f3n - Maceta de dado - MyStore - By STLFLIX<\/title>\n<meta name=\"robots\" content=\"index, follow, max-snippet:-1, max-image-preview:large, max-video-preview:-1\" \/>\n<link rel=\"canonical\" href=\"https:\/\/my.stlflix.com\/es\/product\/champions-d20-689a161379958\/\" \/>\n<meta property=\"og:locale\" content=\"es_ES\" \/>\n<meta property=\"og:type\" content=\"article\" \/>\n<meta property=\"og:title\" content=\"D20 del campe\u00f3n - Maceta de dado - MyStore - By STLFLIX\" \/>\n<meta property=\"og:description\" content=\"La victoria nunca hab\u00eda sido tan \u00fatil. Un premio reservado para los mejores, esta maceta transmitira la victoria a tus plantas. Este producto s\u00ed se entrega en 2 colores, con la misma distribuci\u00f3n que en las fotos, aunque los colores pueden ser otros. El producto NO INCLUYE una planta viva, es s\u00f3lo un tiesto para [&hellip;]\" \/>\n<meta property=\"og:url\" content=\"https:\/\/my.stlflix.com\/es\/product\/champions-d20-689a161379958\/\" \/>\n<meta property=\"og:site_name\" content=\"MyStore - By STLFLIX\" \/>\n<meta property=\"article:publisher\" content=\"https:\/\/www.facebook.com\/STLFLIX\" \/>\n<meta property=\"article:modified_time\" content=\"2025-08-11T16:20:19+00:00\" \/>\n<meta property=\"og:image\" content=\"https:\/\/my.stlflix.com\/wp-content\/uploads\/2025\/02\/Champion_s_D20_thumb_f567e9f61b.jpg\" \/>\n\t<meta property=\"og:image:width\" content=\"1080\" \/>\n\t<meta property=\"og:image:height\" content=\"1350\" \/>\n\t<meta property=\"og:image:type\" content=\"image\/jpeg\" \/>\n<meta name=\"twitter:card\" content=\"summary_large_image\" \/>\n<script type=\"application\/ld+json\" class=\"yoast-schema-graph\">{\"@context\":\"https:\/\/schema.org\",\"@graph\":[{\"@type\":\"WebPage\",\"@id\":\"https:\/\/my.stlflix.com\/es\/product\/champions-d20-689a161379958\/\",\"url\":\"https:\/\/my.stlflix.com\/es\/product\/champions-d20-689a161379958\/\",\"name\":\"D20 del campe\u00f3n - Maceta de dado - MyStore - By STLFLIX\",\"isPartOf\":{\"@id\":\"https:\/\/my.stlflix.com\/#website\"},\"primaryImageOfPage\":{\"@id\":\"https:\/\/my.stlflix.com\/es\/product\/champions-d20-689a161379958\/#primaryimage\"},\"image\":{\"@id\":\"https:\/\/my.stlflix.com\/es\/product\/champions-d20-689a161379958\/#primaryimage\"},\"thumbnailUrl\":\"https:\/\/my.stlflix.com\/wp-content\/uploads\/2025\/02\/Champion_s_D20_thumb_f567e9f61b.jpg\",\"datePublished\":\"2025-08-11T16:20:17+00:00\",\"dateModified\":\"2025-08-11T16:20:19+00:00\",\"breadcrumb\":{\"@id\":\"https:\/\/my.stlflix.com\/es\/product\/champions-d20-689a161379958\/#breadcrumb\"},\"inLanguage\":\"es-ES\",\"potentialAction\":[{\"@type\":\"ReadAction\",\"target\":[\"https:\/\/my.stlflix.com\/es\/product\/champions-d20-689a161379958\/\"]}]},{\"@type\":\"ImageObject\",\"inLanguage\":\"es-ES\",\"@id\":\"https:\/\/my.stlflix.com\/es\/product\/champions-d20-689a161379958\/#primaryimage\",\"url\":\"https:\/\/my.stlflix.com\/wp-content\/uploads\/2025\/02\/Champion_s_D20_thumb_f567e9f61b.jpg\",\"contentUrl\":\"https:\/\/my.stlflix.com\/wp-content\/uploads\/2025\/02\/Champion_s_D20_thumb_f567e9f61b.jpg\",\"width\":1080,\"height\":1350},{\"@type\":\"BreadcrumbList\",\"@id\":\"https:\/\/my.stlflix.com\/es\/product\/champions-d20-689a161379958\/#breadcrumb\",\"itemListElement\":[{\"@type\":\"ListItem\",\"position\":1,\"name\":\"Home\",\"item\":\"https:\/\/www.stlflix-store.com\/\"},{\"@type\":\"ListItem\",\"position\":2,\"name\":\"Products\",\"item\":\"https:\/\/www.stlflix-store.com\/shop\/\"},{\"@type\":\"ListItem\",\"position\":3,\"name\":\"D20 del campe\u00f3n &#8211; Maceta de dado\"}]},{\"@type\":\"WebSite\",\"@id\":\"https:\/\/my.stlflix.com\/#website\",\"url\":\"https:\/\/my.stlflix.com\/\",\"name\":\"MyStore - By STLFLIX\",\"description\":\"\",\"publisher\":{\"@id\":\"https:\/\/my.stlflix.com\/#organization\"},\"potentialAction\":[{\"@type\":\"SearchAction\",\"target\":{\"@type\":\"EntryPoint\",\"urlTemplate\":\"https:\/\/my.stlflix.com\/?s={search_term_string}\"},\"query-input\":{\"@type\":\"PropertyValueSpecification\",\"valueRequired\":true,\"valueName\":\"search_term_string\"}}],\"inLanguage\":\"es-ES\"},{\"@type\":\"Organization\",\"@id\":\"https:\/\/my.stlflix.com\/#organization\",\"name\":\"MyStore - By STLFLIX\",\"url\":\"https:\/\/my.stlflix.com\/\",\"logo\":{\"@type\":\"ImageObject\",\"inLanguage\":\"es-ES\",\"@id\":\"https:\/\/my.stlflix.com\/#\/schema\/logo\/image\/\",\"url\":\"https:\/\/my.stlflix.com\/wp-content\/uploads\/2024\/06\/logo-mystore.png\",\"contentUrl\":\"https:\/\/my.stlflix.com\/wp-content\/uploads\/2024\/06\/logo-mystore.png\",\"width\":150,\"height\":41,\"caption\":\"MyStore - By STLFLIX\"},\"image\":{\"@id\":\"https:\/\/my.stlflix.com\/#\/schema\/logo\/image\/\"},\"sameAs\":[\"https:\/\/www.facebook.com\/STLFLIX\",\"https:\/\/www.instagram.com\/stlflix_\/\",\"https:\/\/www.tiktok.com\/@stlflix\"]}]}<\/script>\n<!-- \/ Yoast SEO plugin. -->","yoast_head_json":{"title":"D20 del campe\u00f3n - Maceta de dado - MyStore - By STLFLIX","robots":{"index":"index","follow":"follow","max-snippet":"max-snippet:-1","max-image-preview":"max-image-preview:large","max-video-preview":"max-video-preview:-1"},"canonical":"https:\/\/my.stlflix.com\/es\/product\/champions-d20-689a161379958\/","og_locale":"es_ES","og_type":"article","og_title":"D20 del campe\u00f3n - Maceta de dado - MyStore - By STLFLIX","og_description":"La victoria nunca hab\u00eda sido tan \u00fatil. Un premio reservado para los mejores, esta maceta transmitira la victoria a tus plantas. Este producto s\u00ed se entrega en 2 colores, con la misma distribuci\u00f3n que en las fotos, aunque los colores pueden ser otros. El producto NO INCLUYE una planta viva, es s\u00f3lo un tiesto para [&hellip;]","og_url":"https:\/\/my.stlflix.com\/es\/product\/champions-d20-689a161379958\/","og_site_name":"MyStore - By STLFLIX","article_publisher":"https:\/\/www.facebook.com\/STLFLIX","article_modified_time":"2025-08-11T16:20:19+00:00","og_image":[{"width":1080,"height":1350,"url":"https:\/\/my.stlflix.com\/wp-content\/uploads\/2025\/02\/Champion_s_D20_thumb_f567e9f61b.jpg","type":"image\/jpeg"}],"twitter_card":"summary_large_image","schema":{"@context":"https:\/\/schema.org","@graph":[{"@type":"WebPage","@id":"https:\/\/my.stlflix.com\/es\/product\/champions-d20-689a161379958\/","url":"https:\/\/my.stlflix.com\/es\/product\/champions-d20-689a161379958\/","name":"D20 del campe\u00f3n - Maceta de dado - MyStore - By STLFLIX","isPartOf":{"@id":"https:\/\/my.stlflix.com\/#website"},"primaryImageOfPage":{"@id":"https:\/\/my.stlflix.com\/es\/product\/champions-d20-689a161379958\/#primaryimage"},"image":{"@id":"https:\/\/my.stlflix.com\/es\/product\/champions-d20-689a161379958\/#primaryimage"},"thumbnailUrl":"https:\/\/my.stlflix.com\/wp-content\/uploads\/2025\/02\/Champion_s_D20_thumb_f567e9f61b.jpg","datePublished":"2025-08-11T16:20:17+00:00","dateModified":"2025-08-11T16:20:19+00:00","breadcrumb":{"@id":"https:\/\/my.stlflix.com\/es\/product\/champions-d20-689a161379958\/#breadcrumb"},"inLanguage":"es-ES","potentialAction":[{"@type":"ReadAction","target":["https:\/\/my.stlflix.com\/es\/product\/champions-d20-689a161379958\/"]}]},{"@type":"ImageObject","inLanguage":"es-ES","@id":"https:\/\/my.stlflix.com\/es\/product\/champions-d20-689a161379958\/#primaryimage","url":"https:\/\/my.stlflix.com\/wp-content\/uploads\/2025\/02\/Champion_s_D20_thumb_f567e9f61b.jpg","contentUrl":"https:\/\/my.stlflix.com\/wp-content\/uploads\/2025\/02\/Champion_s_D20_thumb_f567e9f61b.jpg","width":1080,"height":1350},{"@type":"BreadcrumbList","@id":"https:\/\/my.stlflix.com\/es\/product\/champions-d20-689a161379958\/#breadcrumb","itemListElement":[{"@type":"ListItem","position":1,"name":"Home","item":"https:\/\/www.stlflix-store.com\/"},{"@type":"ListItem","position":2,"name":"Products","item":"https:\/\/www.stlflix-store.com\/shop\/"},{"@type":"ListItem","position":3,"name":"D20 del campe\u00f3n &#8211; Maceta de dado"}]},{"@type":"WebSite","@id":"https:\/\/my.stlflix.com\/#website","url":"https:\/\/my.stlflix.com\/","name":"MyStore - By STLFLIX","description":"","publisher":{"@id":"https:\/\/my.stlflix.com\/#organization"},"potentialAction":[{"@type":"SearchAction","target":{"@type":"EntryPoint","urlTemplate":"https:\/\/my.stlflix.com\/?s={search_term_string}"},"query-input":{"@type":"PropertyValueSpecification","valueRequired":true,"valueName":"search_term_string"}}],"inLanguage":"es-ES"},{"@type":"Organization","@id":"https:\/\/my.stlflix.com\/#organization","name":"MyStore - By STLFLIX","url":"https:\/\/my.stlflix.com\/","logo":{"@type":"ImageObject","inLanguage":"es-ES","@id":"https:\/\/my.stlflix.com\/#\/schema\/logo\/image\/","url":"https:\/\/my.stlflix.com\/wp-content\/uploads\/2024\/06\/logo-mystore.png","contentUrl":"https:\/\/my.stlflix.com\/wp-content\/uploads\/2024\/06\/logo-mystore.png","width":150,"height":41,"caption":"MyStore - By STLFLIX"},"image":{"@id":"https:\/\/my.stlflix.com\/#\/schema\/logo\/image\/"},"sameAs":["https:\/\/www.facebook.com\/STLFLIX","https:\/\/www.instagram.com\/stlflix_\/","https:\/\/www.tiktok.com\/@stlflix"]}]}},"_links":{"self":[{"href":"https:\/\/my.stlflix.com\/es\/wp-json\/wp\/v2\/product\/420741","targetHints":{"allow":["GET"]}}],"collection":[{"href":"https:\/\/my.stlflix.com\/es\/wp-json\/wp\/v2\/product"}],"about":[{"href":"https:\/\/my.stlflix.com\/es\/wp-json\/wp\/v2\/types\/product"}],"replies":[{"embeddable":true,"href":"https:\/\/my.stlflix.com\/es\/wp-json\/wp\/v2\/comments?post=420741"}],"wp:featuredmedia":[{"embeddable":true,"href":"https:\/\/my.stlflix.com\/es\/wp-json\/wp\/v2\/media\/276231"}],"wp:attachment":[{"href":"https:\/\/my.stlflix.com\/es\/wp-json\/wp\/v2\/media?parent=420741"}],"wp:term":[{"taxonomy":"product_brand","embeddable":true,"href":"https:\/\/my.stlflix.com\/es\/wp-json\/wp\/v2\/product_brand?post=420741"},{"taxonomy":"product_cat","embeddable":true,"href":"https:\/\/my.stlflix.com\/es\/wp-json\/wp\/v2\/product_cat?post=420741"},{"taxonomy":"product_tag","embeddable":true,"href":"https:\/\/my.stlflix.com\/es\/wp-json\/wp\/v2\/product_tag?post=420741"}],"curies":[{"name":"wp","href":"https:\/\/api.w.org\/{rel}","templated":true}]}}