{"id":424335,"date":"2025-08-20T19:06:06","date_gmt":"2025-08-20T19:06:06","guid":{"rendered":"https:\/\/my.stlflix.com\/?post_type=product&#038;p=424335"},"modified":"2025-08-20T19:06:25","modified_gmt":"2025-08-20T19:06:25","slug":"stick-to-the-beat-headphone-holder-68a5f3830265a","status":"publish","type":"product","link":"https:\/\/my.stlflix.com\/es\/product\/stick-to-the-beat-headphone-holder-68a5f3830265a\/","title":{"rendered":"Suporte de mesa p\/ Headset | Headphone | Fone de Ouvido &#8211; Impress\u00e3o 3D Rosa Chiclete | Gamer | 24cm"},"content":{"rendered":"<p>\ud83e\ude77 Suporte para Headset | Headphone Rosa Chiclete \u2013 Impress\u00e3o 3D com Design Gamer para Mesa<\/p>\n<p>Organize seu fone de ouvido com estilo! Com estrutura resistente e visual moderno, este suporte \u00e9 ideal para setups femininos, coloridos ou gamers.<\/p>\n<p>Compat\u00edvel com headsets, headphones e fones de ouvido de diversos tamanhos, ele \u00e9 produzido em pl\u00e1stico PLA, um material resistente, leve (apenas 124g) e ecol\u00f3gico. Perfeito para mesas de computador, estantes ou \u00e1reas de trabalho.<\/p>\n<p>Al\u00e9m de funcional, \u00e9 tamb\u00e9m um item decorativo que valoriza seu espa\u00e7o com um toque criativo e exclusivo.<\/p>\n<p>Produzido com tecnologia de impress\u00e3o 3D, o suporte tem acabamento em rosa chiclete vibrante e um design \u00fanico \u2014 ideal para quem deseja um ambiente mais organizado, bonito e personalizado.<\/p>\n<p>\ud83c\udfaf Destaques do produto:<\/p>\n<p>&#8211; Design \u00fanico e criativo feito em impress\u00e3o 3D<br \/>\n&#8211; Cor rosa chiclete que combina com setups gamers ou femininos<br \/>\n&#8211; Estrutura firme e equilibrada para proteger seu fone de quedas<br \/>\n&#8211; Ideal para organizar e decorar sua mesa<br \/>\n&#8211; Produ\u00e7\u00e3o nacional, com acabamento artesanal<\/p>\n<p>\ud83d\udcd0 Especifica\u00e7\u00f5es t\u00e9cnicas:<\/p>\n<p>Material: Pl\u00e1stico PLA (biodegrad\u00e1vel e resistente)<br \/>\nCor: Rosa Chiclete<br \/>\nPeso: 124 gramas<br \/>\nAltura: 24 cm<br \/>\nLargura: 14 cm<br \/>\nComprimento: 14 cm<br \/>\nTipo de suporte: De mesa<br \/>\nCompatibilidade: Headsets, headphones e fones de ouvido (tamanho padr\u00e3o)<\/p>\n<p>\ud83d\ude9a Informa\u00e7\u00f5es adicionais:<\/p>\n<p>Produ\u00e7\u00e3o por encomenda com envio r\u00e1pido (caso queira personalizar ao seu gosto nos mande uma mensagem)<br \/>\nPode haver pequenas varia\u00e7\u00f5es ou marcas da impress\u00e3o 3D, que n\u00e3o comprometem a qualidade<br \/>\nEmbalagem segura para transporte<\/p>\n<p>\ud83d\uded2 Compre agora e transforme seu setup com estilo e funcionalidade!<\/p>\n","protected":false},"excerpt":{"rendered":"<p>\ud83e\ude77 Suporte para Headset | Headphone Rosa Chiclete \u2013 Impress\u00e3o 3D com Design Gamer para Mesa Organize seu fone de ouvido com estilo! Com estrutura resistente e visual moderno, este suporte \u00e9 ideal para setups femininos, coloridos ou gamers. Compat\u00edvel com headsets, headphones e fones de ouvido de diversos tamanhos, ele \u00e9 produzido em pl\u00e1stico [&hellip;]<\/p>\n","protected":false},"featured_media":424423,"comment_status":"open","ping_status":"closed","template":"","meta":[],"product_brand":[],"product_cat":[15],"product_tag":[6002,6022,5694,6012],"class_list":{"0":"post-424335","1":"product","2":"type-product","3":"status-publish","4":"has-post-thumbnail","6":"product_cat-uncategorized","7":"product_tag-abajur","8":"product_tag-decoracao-3","9":"product_tag-household-2","10":"product_tag-luminaria-de-mesa","12":"first","13":"onbackorder","14":"sold-individually","15":"shipping-taxable","16":"purchasable","17":"product-type-simple"},"yoast_head":"<!-- This site is optimized with the Yoast SEO plugin v25.1 - https:\/\/yoast.com\/wordpress\/plugins\/seo\/ -->\n<title>Suporte de mesa p\/ Headset | Headphone | Fone de Ouvido - Impress\u00e3o 3D Rosa Chiclete | Gamer | 24cm - MyStore - By STLFLIX<\/title>\n<meta name=\"robots\" content=\"index, follow, max-snippet:-1, max-image-preview:large, max-video-preview:-1\" \/>\n<link rel=\"canonical\" href=\"https:\/\/www.lojadomandela3d.biz\/product\/stick-to-the-beat-headphone-holder-68a5f3830265a\/\" \/>\n<meta property=\"og:locale\" content=\"es_ES\" \/>\n<meta property=\"og:type\" content=\"article\" \/>\n<meta property=\"og:title\" content=\"Suporte de mesa p\/ Headset | Headphone | Fone de Ouvido - Impress\u00e3o 3D Rosa Chiclete | Gamer | 24cm - MyStore - By STLFLIX\" \/>\n<meta property=\"og:description\" content=\"\ud83e\ude77 Suporte para Headset | Headphone Rosa Chiclete \u2013 Impress\u00e3o 3D com Design Gamer para Mesa Organize seu fone de ouvido com estilo! Com estrutura resistente e visual moderno, este suporte \u00e9 ideal para setups femininos, coloridos ou gamers. Compat\u00edvel com headsets, headphones e fones de ouvido de diversos tamanhos, ele \u00e9 produzido em pl\u00e1stico [&hellip;]\" \/>\n<meta property=\"og:url\" content=\"https:\/\/www.lojadomandela3d.biz\/product\/stick-to-the-beat-headphone-holder-68a5f3830265a\/\" \/>\n<meta property=\"og:site_name\" content=\"MyStore - By STLFLIX\" \/>\n<meta property=\"article:publisher\" content=\"https:\/\/www.facebook.com\/STLFLIX\" \/>\n<meta property=\"article:modified_time\" content=\"2025-08-20T19:06:25+00:00\" \/>\n<meta property=\"og:image\" content=\"https:\/\/www.lojadomandela3d.biz\/wp-content\/uploads\/2025\/08\/Imagem-do-WhatsApp-de-2025-08-03-as-15.34.54_0d6e6243.jpg\" \/>\n\t<meta property=\"og:image:width\" content=\"1114\" \/>\n\t<meta property=\"og:image:height\" content=\"1600\" \/>\n\t<meta property=\"og:image:type\" content=\"image\/jpeg\" \/>\n<meta name=\"twitter:card\" content=\"summary_large_image\" \/>\n<meta name=\"twitter:label1\" content=\"Est. reading time\" \/>\n\t<meta name=\"twitter:data1\" content=\"1 minute\" \/>\n<script type=\"application\/ld+json\" class=\"yoast-schema-graph\">{\"@context\":\"https:\/\/schema.org\",\"@graph\":[{\"@type\":\"WebPage\",\"@id\":\"https:\/\/www.lojadomandela3d.biz\/product\/stick-to-the-beat-headphone-holder-68a5f3830265a\/\",\"url\":\"https:\/\/www.lojadomandela3d.biz\/product\/stick-to-the-beat-headphone-holder-68a5f3830265a\/\",\"name\":\"Suporte de mesa p\/ Headset | Headphone | Fone de Ouvido - Impress\u00e3o 3D Rosa Chiclete | Gamer | 24cm - MyStore - By STLFLIX\",\"isPartOf\":{\"@id\":\"https:\/\/my.stlflix.com\/#website\"},\"primaryImageOfPage\":{\"@id\":\"https:\/\/www.lojadomandela3d.biz\/product\/stick-to-the-beat-headphone-holder-68a5f3830265a\/#primaryimage\"},\"image\":{\"@id\":\"https:\/\/www.lojadomandela3d.biz\/product\/stick-to-the-beat-headphone-holder-68a5f3830265a\/#primaryimage\"},\"thumbnailUrl\":\"https:\/\/my.stlflix.com\/wp-content\/uploads\/2025\/08\/Imagem-do-WhatsApp-de-2025-08-03-as-15.34.54_0d6e6243.jpg\",\"datePublished\":\"2025-08-20T19:06:06+00:00\",\"dateModified\":\"2025-08-20T19:06:25+00:00\",\"breadcrumb\":{\"@id\":\"https:\/\/www.lojadomandela3d.biz\/product\/stick-to-the-beat-headphone-holder-68a5f3830265a\/#breadcrumb\"},\"inLanguage\":\"es-ES\",\"potentialAction\":[{\"@type\":\"ReadAction\",\"target\":[\"https:\/\/www.lojadomandela3d.biz\/product\/stick-to-the-beat-headphone-holder-68a5f3830265a\/\"]}]},{\"@type\":\"ImageObject\",\"inLanguage\":\"es-ES\",\"@id\":\"https:\/\/www.lojadomandela3d.biz\/product\/stick-to-the-beat-headphone-holder-68a5f3830265a\/#primaryimage\",\"url\":\"https:\/\/my.stlflix.com\/wp-content\/uploads\/2025\/08\/Imagem-do-WhatsApp-de-2025-08-03-as-15.34.54_0d6e6243.jpg\",\"contentUrl\":\"https:\/\/my.stlflix.com\/wp-content\/uploads\/2025\/08\/Imagem-do-WhatsApp-de-2025-08-03-as-15.34.54_0d6e6243.jpg\",\"width\":1114,\"height\":1600},{\"@type\":\"BreadcrumbList\",\"@id\":\"https:\/\/www.lojadomandela3d.biz\/product\/stick-to-the-beat-headphone-holder-68a5f3830265a\/#breadcrumb\",\"itemListElement\":[{\"@type\":\"ListItem\",\"position\":1,\"name\":\"Home\",\"item\":\"https:\/\/www.stlflix-store.com\/\"},{\"@type\":\"ListItem\",\"position\":2,\"name\":\"Products\",\"item\":\"https:\/\/www.stlflix-store.com\/shop\/\"},{\"@type\":\"ListItem\",\"position\":3,\"name\":\"Suporte de mesa p\/ Headset | Headphone | Fone de Ouvido &#8211; Impress\u00e3o 3D Rosa Chiclete | Gamer | 24cm\"}]},{\"@type\":\"WebSite\",\"@id\":\"https:\/\/my.stlflix.com\/#website\",\"url\":\"https:\/\/my.stlflix.com\/\",\"name\":\"MyStore - By STLFLIX\",\"description\":\"\",\"publisher\":{\"@id\":\"https:\/\/my.stlflix.com\/#organization\"},\"potentialAction\":[{\"@type\":\"SearchAction\",\"target\":{\"@type\":\"EntryPoint\",\"urlTemplate\":\"https:\/\/my.stlflix.com\/?s={search_term_string}\"},\"query-input\":{\"@type\":\"PropertyValueSpecification\",\"valueRequired\":true,\"valueName\":\"search_term_string\"}}],\"inLanguage\":\"es-ES\"},{\"@type\":\"Organization\",\"@id\":\"https:\/\/my.stlflix.com\/#organization\",\"name\":\"MyStore - By STLFLIX\",\"url\":\"https:\/\/my.stlflix.com\/\",\"logo\":{\"@type\":\"ImageObject\",\"inLanguage\":\"es-ES\",\"@id\":\"https:\/\/my.stlflix.com\/#\/schema\/logo\/image\/\",\"url\":\"https:\/\/my.stlflix.com\/wp-content\/uploads\/2024\/06\/logo-mystore.png\",\"contentUrl\":\"https:\/\/my.stlflix.com\/wp-content\/uploads\/2024\/06\/logo-mystore.png\",\"width\":150,\"height\":41,\"caption\":\"MyStore - By STLFLIX\"},\"image\":{\"@id\":\"https:\/\/my.stlflix.com\/#\/schema\/logo\/image\/\"},\"sameAs\":[\"https:\/\/www.facebook.com\/STLFLIX\",\"https:\/\/www.instagram.com\/stlflix_\/\",\"https:\/\/www.tiktok.com\/@stlflix\"]}]}<\/script>\n<!-- \/ Yoast SEO plugin. -->","yoast_head_json":{"title":"Suporte de mesa p\/ Headset | Headphone | Fone de Ouvido - Impress\u00e3o 3D Rosa Chiclete | Gamer | 24cm - MyStore - By STLFLIX","robots":{"index":"index","follow":"follow","max-snippet":"max-snippet:-1","max-image-preview":"max-image-preview:large","max-video-preview":"max-video-preview:-1"},"canonical":"https:\/\/www.lojadomandela3d.biz\/product\/stick-to-the-beat-headphone-holder-68a5f3830265a\/","og_locale":"es_ES","og_type":"article","og_title":"Suporte de mesa p\/ Headset | Headphone | Fone de Ouvido - Impress\u00e3o 3D Rosa Chiclete | Gamer | 24cm - MyStore - By STLFLIX","og_description":"\ud83e\ude77 Suporte para Headset | Headphone Rosa Chiclete \u2013 Impress\u00e3o 3D com Design Gamer para Mesa Organize seu fone de ouvido com estilo! Com estrutura resistente e visual moderno, este suporte \u00e9 ideal para setups femininos, coloridos ou gamers. Compat\u00edvel com headsets, headphones e fones de ouvido de diversos tamanhos, ele \u00e9 produzido em pl\u00e1stico [&hellip;]","og_url":"https:\/\/www.lojadomandela3d.biz\/product\/stick-to-the-beat-headphone-holder-68a5f3830265a\/","og_site_name":"MyStore - By STLFLIX","article_publisher":"https:\/\/www.facebook.com\/STLFLIX","article_modified_time":"2025-08-20T19:06:25+00:00","og_image":[{"width":1114,"height":1600,"url":"https:\/\/www.lojadomandela3d.biz\/wp-content\/uploads\/2025\/08\/Imagem-do-WhatsApp-de-2025-08-03-as-15.34.54_0d6e6243.jpg","type":"image\/jpeg"}],"twitter_card":"summary_large_image","twitter_misc":{"Est. reading time":"1 minute"},"schema":{"@context":"https:\/\/schema.org","@graph":[{"@type":"WebPage","@id":"https:\/\/www.lojadomandela3d.biz\/product\/stick-to-the-beat-headphone-holder-68a5f3830265a\/","url":"https:\/\/www.lojadomandela3d.biz\/product\/stick-to-the-beat-headphone-holder-68a5f3830265a\/","name":"Suporte de mesa p\/ Headset | Headphone | Fone de Ouvido - Impress\u00e3o 3D Rosa Chiclete | Gamer | 24cm - MyStore - By STLFLIX","isPartOf":{"@id":"https:\/\/my.stlflix.com\/#website"},"primaryImageOfPage":{"@id":"https:\/\/www.lojadomandela3d.biz\/product\/stick-to-the-beat-headphone-holder-68a5f3830265a\/#primaryimage"},"image":{"@id":"https:\/\/www.lojadomandela3d.biz\/product\/stick-to-the-beat-headphone-holder-68a5f3830265a\/#primaryimage"},"thumbnailUrl":"https:\/\/my.stlflix.com\/wp-content\/uploads\/2025\/08\/Imagem-do-WhatsApp-de-2025-08-03-as-15.34.54_0d6e6243.jpg","datePublished":"2025-08-20T19:06:06+00:00","dateModified":"2025-08-20T19:06:25+00:00","breadcrumb":{"@id":"https:\/\/www.lojadomandela3d.biz\/product\/stick-to-the-beat-headphone-holder-68a5f3830265a\/#breadcrumb"},"inLanguage":"es-ES","potentialAction":[{"@type":"ReadAction","target":["https:\/\/www.lojadomandela3d.biz\/product\/stick-to-the-beat-headphone-holder-68a5f3830265a\/"]}]},{"@type":"ImageObject","inLanguage":"es-ES","@id":"https:\/\/www.lojadomandela3d.biz\/product\/stick-to-the-beat-headphone-holder-68a5f3830265a\/#primaryimage","url":"https:\/\/my.stlflix.com\/wp-content\/uploads\/2025\/08\/Imagem-do-WhatsApp-de-2025-08-03-as-15.34.54_0d6e6243.jpg","contentUrl":"https:\/\/my.stlflix.com\/wp-content\/uploads\/2025\/08\/Imagem-do-WhatsApp-de-2025-08-03-as-15.34.54_0d6e6243.jpg","width":1114,"height":1600},{"@type":"BreadcrumbList","@id":"https:\/\/www.lojadomandela3d.biz\/product\/stick-to-the-beat-headphone-holder-68a5f3830265a\/#breadcrumb","itemListElement":[{"@type":"ListItem","position":1,"name":"Home","item":"https:\/\/www.stlflix-store.com\/"},{"@type":"ListItem","position":2,"name":"Products","item":"https:\/\/www.stlflix-store.com\/shop\/"},{"@type":"ListItem","position":3,"name":"Suporte de mesa p\/ Headset | Headphone | Fone de Ouvido &#8211; Impress\u00e3o 3D Rosa Chiclete | Gamer | 24cm"}]},{"@type":"WebSite","@id":"https:\/\/my.stlflix.com\/#website","url":"https:\/\/my.stlflix.com\/","name":"MyStore - By STLFLIX","description":"","publisher":{"@id":"https:\/\/my.stlflix.com\/#organization"},"potentialAction":[{"@type":"SearchAction","target":{"@type":"EntryPoint","urlTemplate":"https:\/\/my.stlflix.com\/?s={search_term_string}"},"query-input":{"@type":"PropertyValueSpecification","valueRequired":true,"valueName":"search_term_string"}}],"inLanguage":"es-ES"},{"@type":"Organization","@id":"https:\/\/my.stlflix.com\/#organization","name":"MyStore - By STLFLIX","url":"https:\/\/my.stlflix.com\/","logo":{"@type":"ImageObject","inLanguage":"es-ES","@id":"https:\/\/my.stlflix.com\/#\/schema\/logo\/image\/","url":"https:\/\/my.stlflix.com\/wp-content\/uploads\/2024\/06\/logo-mystore.png","contentUrl":"https:\/\/my.stlflix.com\/wp-content\/uploads\/2024\/06\/logo-mystore.png","width":150,"height":41,"caption":"MyStore - By STLFLIX"},"image":{"@id":"https:\/\/my.stlflix.com\/#\/schema\/logo\/image\/"},"sameAs":["https:\/\/www.facebook.com\/STLFLIX","https:\/\/www.instagram.com\/stlflix_\/","https:\/\/www.tiktok.com\/@stlflix"]}]}},"_links":{"self":[{"href":"https:\/\/my.stlflix.com\/es\/wp-json\/wp\/v2\/product\/424335","targetHints":{"allow":["GET"]}}],"collection":[{"href":"https:\/\/my.stlflix.com\/es\/wp-json\/wp\/v2\/product"}],"about":[{"href":"https:\/\/my.stlflix.com\/es\/wp-json\/wp\/v2\/types\/product"}],"replies":[{"embeddable":true,"href":"https:\/\/my.stlflix.com\/es\/wp-json\/wp\/v2\/comments?post=424335"}],"wp:featuredmedia":[{"embeddable":true,"href":"https:\/\/my.stlflix.com\/es\/wp-json\/wp\/v2\/media\/424423"}],"wp:attachment":[{"href":"https:\/\/my.stlflix.com\/es\/wp-json\/wp\/v2\/media?parent=424335"}],"wp:term":[{"taxonomy":"product_brand","embeddable":true,"href":"https:\/\/my.stlflix.com\/es\/wp-json\/wp\/v2\/product_brand?post=424335"},{"taxonomy":"product_cat","embeddable":true,"href":"https:\/\/my.stlflix.com\/es\/wp-json\/wp\/v2\/product_cat?post=424335"},{"taxonomy":"product_tag","embeddable":true,"href":"https:\/\/my.stlflix.com\/es\/wp-json\/wp\/v2\/product_tag?post=424335"}],"curies":[{"name":"wp","href":"https:\/\/api.w.org\/{rel}","templated":true}]}}