{"id":425037,"date":"2025-08-31T09:26:32","date_gmt":"2025-08-31T09:26:32","guid":{"rendered":"https:\/\/my.stlflix.com\/?post_type=product&#038;p=425037"},"modified":"2025-09-08T20:36:44","modified_gmt":"2025-09-08T20:36:44","slug":"woof-pet-house-68a763f8df9e5","status":"publish","type":"product","link":"https:\/\/my.stlflix.com\/es\/product\/woof-pet-house-68a763f8df9e5\/","title":{"rendered":"Woof Pet House"},"content":{"rendered":"<p data-start=\"138\" data-end=\"202\"><strong data-start=\"138\" data-end=\"200\">Woof Pet House \u2013 O abrigo que ladra estilo e conforto! \ud83d\udc36\u2728<\/strong><\/p>\n<p data-start=\"204\" data-end=\"462\">D\u00e1 ao teu patudo um espa\u00e7o s\u00f3 dele com a ador\u00e1vel <strong data-start=\"254\" data-end=\"272\">Woof Pet House<\/strong>!<br data-start=\"273\" data-end=\"276\" \/>Com um design moderno, linhas aconchegantes e acabamento de qualidade, esta casinha transforma qualquer cantinho da tua casa num verdadeiro lar para o teu melhor amigo de quatro patas.<\/p>\n<p data-start=\"204\" data-end=\"462\">Tamanho: Aproximadamente 40 x 40 x 40cm<\/p>\n<p data-start=\"464\" data-end=\"750\"><strong data-start=\"464\" data-end=\"481\">Destaques \ud83d\udc3e:<\/strong><br data-start=\"481\" data-end=\"484\" \/>\u2714\ufe0f Design exclusivo e divertido \u2013 pensado para c\u00e3es que merecem o melhor<br data-start=\"595\" data-end=\"598\" \/>\u2714\ufe0f Produzida com materiais duradouros e confort\u00e1veis<br data-start=\"650\" data-end=\"653\" \/>\u2714\ufe0f Um elemento decorativo que combina facilmente com qualquer ambiente<br data-start=\"723\" data-end=\"726\" \/>\u2714\ufe0f Perfeita para descanso, sestas e momentos de tranquilidade<\/p>\n<p data-start=\"464\" data-end=\"750\">Oferece ao teu companheiro de aventuras a <strong data-start=\"794\" data-end=\"812\">Woof Pet House<\/strong> \u2013 onde cada ladrar encontra aconchego e estilo! \ud83d\udc15\ud83d\udc96<\/p>\n<p data-start=\"464\" data-end=\"750\"><strong>Gostou do modelo? Fa\u00e7a j\u00e1 a sua encomenda enviando uma mensagem para o nosso Instagram! Basta clicar <a href=\"https:\/\/www.instagram.com\/mind_3d_\/\" target=\"_blank\" rel=\"noopener\">aqui \u2197<\/a> e indicar o nome do artigo.<\/strong><\/p>\n","protected":false},"excerpt":{"rendered":"<p>Woof Pet House \u2013 O abrigo que ladra estilo e conforto! \ud83d\udc36\u2728 D\u00e1 ao teu patudo um espa\u00e7o s\u00f3 dele com a ador\u00e1vel Woof Pet House!Com um design moderno, linhas aconchegantes e acabamento de qualidade, esta casinha transforma qualquer cantinho da tua casa num verdadeiro lar para o teu melhor amigo de quatro patas. Tamanho: [&hellip;]<\/p>\n","protected":false},"featured_media":425171,"comment_status":"open","ping_status":"closed","template":"","meta":[],"product_brand":[],"product_cat":[15],"product_tag":[553],"class_list":{"0":"post-425037","1":"product","2":"type-product","3":"status-publish","4":"has-post-thumbnail","6":"product_cat-uncategorized","7":"product_tag-animais","9":"first","10":"instock","11":"sold-individually","12":"taxable","13":"shipping-taxable","14":"product-type-simple"},"yoast_head":"<!-- This site is optimized with the Yoast SEO plugin v25.1 - https:\/\/yoast.com\/wordpress\/plugins\/seo\/ -->\n<title>Woof Pet House - MyStore - By STLFLIX<\/title>\n<meta name=\"robots\" content=\"index, follow, max-snippet:-1, max-image-preview:large, max-video-preview:-1\" \/>\n<link rel=\"canonical\" href=\"https:\/\/www.testeminhalojamandela.biz\/product\/woof-pet-house-68a763f8df9e5\/\" \/>\n<meta property=\"og:locale\" content=\"es_ES\" \/>\n<meta property=\"og:type\" content=\"article\" \/>\n<meta property=\"og:title\" content=\"Woof Pet House - MyStore - By STLFLIX\" \/>\n<meta property=\"og:description\" content=\"Woof Pet House \u2013 O abrigo que ladra estilo e conforto! \ud83d\udc36\u2728 D\u00e1 ao teu patudo um espa\u00e7o s\u00f3 dele com a ador\u00e1vel Woof Pet House!Com um design moderno, linhas aconchegantes e acabamento de qualidade, esta casinha transforma qualquer cantinho da tua casa num verdadeiro lar para o teu melhor amigo de quatro patas. Tamanho: [&hellip;]\" \/>\n<meta property=\"og:url\" content=\"https:\/\/www.testeminhalojamandela.biz\/product\/woof-pet-house-68a763f8df9e5\/\" \/>\n<meta property=\"og:site_name\" content=\"MyStore - By STLFLIX\" \/>\n<meta property=\"article:publisher\" content=\"https:\/\/www.facebook.com\/STLFLIX\" \/>\n<meta property=\"article:modified_time\" content=\"2025-09-08T20:36:44+00:00\" \/>\n<meta property=\"og:image\" content=\"https:\/\/www.testeminhalojamandela.biz\/wp-content\/uploads\/2025\/08\/Woof_Pet_House1_46e58cb7c0.jpg\" \/>\n\t<meta property=\"og:image:width\" content=\"1080\" \/>\n\t<meta property=\"og:image:height\" content=\"1350\" \/>\n\t<meta property=\"og:image:type\" content=\"image\/jpeg\" \/>\n<meta name=\"twitter:card\" content=\"summary_large_image\" \/>\n<meta name=\"twitter:label1\" content=\"Est. reading time\" \/>\n\t<meta name=\"twitter:data1\" content=\"1 minute\" \/>\n<script type=\"application\/ld+json\" class=\"yoast-schema-graph\">{\"@context\":\"https:\/\/schema.org\",\"@graph\":[{\"@type\":\"WebPage\",\"@id\":\"https:\/\/www.testeminhalojamandela.biz\/product\/woof-pet-house-68a763f8df9e5\/\",\"url\":\"https:\/\/www.testeminhalojamandela.biz\/product\/woof-pet-house-68a763f8df9e5\/\",\"name\":\"Woof Pet House - MyStore - By STLFLIX\",\"isPartOf\":{\"@id\":\"https:\/\/my.stlflix.com\/#website\"},\"primaryImageOfPage\":{\"@id\":\"https:\/\/www.testeminhalojamandela.biz\/product\/woof-pet-house-68a763f8df9e5\/#primaryimage\"},\"image\":{\"@id\":\"https:\/\/www.testeminhalojamandela.biz\/product\/woof-pet-house-68a763f8df9e5\/#primaryimage\"},\"thumbnailUrl\":\"https:\/\/my.stlflix.com\/wp-content\/uploads\/2025\/08\/Woof_Pet_House1_46e58cb7c0.jpg\",\"datePublished\":\"2025-08-31T09:26:32+00:00\",\"dateModified\":\"2025-09-08T20:36:44+00:00\",\"breadcrumb\":{\"@id\":\"https:\/\/www.testeminhalojamandela.biz\/product\/woof-pet-house-68a763f8df9e5\/#breadcrumb\"},\"inLanguage\":\"es-ES\",\"potentialAction\":[{\"@type\":\"ReadAction\",\"target\":[\"https:\/\/www.testeminhalojamandela.biz\/product\/woof-pet-house-68a763f8df9e5\/\"]}]},{\"@type\":\"ImageObject\",\"inLanguage\":\"es-ES\",\"@id\":\"https:\/\/www.testeminhalojamandela.biz\/product\/woof-pet-house-68a763f8df9e5\/#primaryimage\",\"url\":\"https:\/\/my.stlflix.com\/wp-content\/uploads\/2025\/08\/Woof_Pet_House1_46e58cb7c0.jpg\",\"contentUrl\":\"https:\/\/my.stlflix.com\/wp-content\/uploads\/2025\/08\/Woof_Pet_House1_46e58cb7c0.jpg\",\"width\":1080,\"height\":1350},{\"@type\":\"BreadcrumbList\",\"@id\":\"https:\/\/www.testeminhalojamandela.biz\/product\/woof-pet-house-68a763f8df9e5\/#breadcrumb\",\"itemListElement\":[{\"@type\":\"ListItem\",\"position\":1,\"name\":\"Home\",\"item\":\"https:\/\/www.stlflix-store.com\/\"},{\"@type\":\"ListItem\",\"position\":2,\"name\":\"Products\",\"item\":\"https:\/\/www.stlflix-store.com\/shop\/\"},{\"@type\":\"ListItem\",\"position\":3,\"name\":\"Woof Pet House\"}]},{\"@type\":\"WebSite\",\"@id\":\"https:\/\/my.stlflix.com\/#website\",\"url\":\"https:\/\/my.stlflix.com\/\",\"name\":\"MyStore - By STLFLIX\",\"description\":\"\",\"publisher\":{\"@id\":\"https:\/\/my.stlflix.com\/#organization\"},\"potentialAction\":[{\"@type\":\"SearchAction\",\"target\":{\"@type\":\"EntryPoint\",\"urlTemplate\":\"https:\/\/my.stlflix.com\/?s={search_term_string}\"},\"query-input\":{\"@type\":\"PropertyValueSpecification\",\"valueRequired\":true,\"valueName\":\"search_term_string\"}}],\"inLanguage\":\"es-ES\"},{\"@type\":\"Organization\",\"@id\":\"https:\/\/my.stlflix.com\/#organization\",\"name\":\"MyStore - By STLFLIX\",\"url\":\"https:\/\/my.stlflix.com\/\",\"logo\":{\"@type\":\"ImageObject\",\"inLanguage\":\"es-ES\",\"@id\":\"https:\/\/my.stlflix.com\/#\/schema\/logo\/image\/\",\"url\":\"https:\/\/my.stlflix.com\/wp-content\/uploads\/2024\/06\/logo-mystore.png\",\"contentUrl\":\"https:\/\/my.stlflix.com\/wp-content\/uploads\/2024\/06\/logo-mystore.png\",\"width\":150,\"height\":41,\"caption\":\"MyStore - By STLFLIX\"},\"image\":{\"@id\":\"https:\/\/my.stlflix.com\/#\/schema\/logo\/image\/\"},\"sameAs\":[\"https:\/\/www.facebook.com\/STLFLIX\",\"https:\/\/www.instagram.com\/stlflix_\/\",\"https:\/\/www.tiktok.com\/@stlflix\"]}]}<\/script>\n<!-- \/ Yoast SEO plugin. -->","yoast_head_json":{"title":"Woof Pet House - MyStore - By STLFLIX","robots":{"index":"index","follow":"follow","max-snippet":"max-snippet:-1","max-image-preview":"max-image-preview:large","max-video-preview":"max-video-preview:-1"},"canonical":"https:\/\/www.testeminhalojamandela.biz\/product\/woof-pet-house-68a763f8df9e5\/","og_locale":"es_ES","og_type":"article","og_title":"Woof Pet House - MyStore - By STLFLIX","og_description":"Woof Pet House \u2013 O abrigo que ladra estilo e conforto! \ud83d\udc36\u2728 D\u00e1 ao teu patudo um espa\u00e7o s\u00f3 dele com a ador\u00e1vel Woof Pet House!Com um design moderno, linhas aconchegantes e acabamento de qualidade, esta casinha transforma qualquer cantinho da tua casa num verdadeiro lar para o teu melhor amigo de quatro patas. Tamanho: [&hellip;]","og_url":"https:\/\/www.testeminhalojamandela.biz\/product\/woof-pet-house-68a763f8df9e5\/","og_site_name":"MyStore - By STLFLIX","article_publisher":"https:\/\/www.facebook.com\/STLFLIX","article_modified_time":"2025-09-08T20:36:44+00:00","og_image":[{"width":1080,"height":1350,"url":"https:\/\/www.testeminhalojamandela.biz\/wp-content\/uploads\/2025\/08\/Woof_Pet_House1_46e58cb7c0.jpg","type":"image\/jpeg"}],"twitter_card":"summary_large_image","twitter_misc":{"Est. reading time":"1 minute"},"schema":{"@context":"https:\/\/schema.org","@graph":[{"@type":"WebPage","@id":"https:\/\/www.testeminhalojamandela.biz\/product\/woof-pet-house-68a763f8df9e5\/","url":"https:\/\/www.testeminhalojamandela.biz\/product\/woof-pet-house-68a763f8df9e5\/","name":"Woof Pet House - MyStore - By STLFLIX","isPartOf":{"@id":"https:\/\/my.stlflix.com\/#website"},"primaryImageOfPage":{"@id":"https:\/\/www.testeminhalojamandela.biz\/product\/woof-pet-house-68a763f8df9e5\/#primaryimage"},"image":{"@id":"https:\/\/www.testeminhalojamandela.biz\/product\/woof-pet-house-68a763f8df9e5\/#primaryimage"},"thumbnailUrl":"https:\/\/my.stlflix.com\/wp-content\/uploads\/2025\/08\/Woof_Pet_House1_46e58cb7c0.jpg","datePublished":"2025-08-31T09:26:32+00:00","dateModified":"2025-09-08T20:36:44+00:00","breadcrumb":{"@id":"https:\/\/www.testeminhalojamandela.biz\/product\/woof-pet-house-68a763f8df9e5\/#breadcrumb"},"inLanguage":"es-ES","potentialAction":[{"@type":"ReadAction","target":["https:\/\/www.testeminhalojamandela.biz\/product\/woof-pet-house-68a763f8df9e5\/"]}]},{"@type":"ImageObject","inLanguage":"es-ES","@id":"https:\/\/www.testeminhalojamandela.biz\/product\/woof-pet-house-68a763f8df9e5\/#primaryimage","url":"https:\/\/my.stlflix.com\/wp-content\/uploads\/2025\/08\/Woof_Pet_House1_46e58cb7c0.jpg","contentUrl":"https:\/\/my.stlflix.com\/wp-content\/uploads\/2025\/08\/Woof_Pet_House1_46e58cb7c0.jpg","width":1080,"height":1350},{"@type":"BreadcrumbList","@id":"https:\/\/www.testeminhalojamandela.biz\/product\/woof-pet-house-68a763f8df9e5\/#breadcrumb","itemListElement":[{"@type":"ListItem","position":1,"name":"Home","item":"https:\/\/www.stlflix-store.com\/"},{"@type":"ListItem","position":2,"name":"Products","item":"https:\/\/www.stlflix-store.com\/shop\/"},{"@type":"ListItem","position":3,"name":"Woof Pet House"}]},{"@type":"WebSite","@id":"https:\/\/my.stlflix.com\/#website","url":"https:\/\/my.stlflix.com\/","name":"MyStore - By STLFLIX","description":"","publisher":{"@id":"https:\/\/my.stlflix.com\/#organization"},"potentialAction":[{"@type":"SearchAction","target":{"@type":"EntryPoint","urlTemplate":"https:\/\/my.stlflix.com\/?s={search_term_string}"},"query-input":{"@type":"PropertyValueSpecification","valueRequired":true,"valueName":"search_term_string"}}],"inLanguage":"es-ES"},{"@type":"Organization","@id":"https:\/\/my.stlflix.com\/#organization","name":"MyStore - By STLFLIX","url":"https:\/\/my.stlflix.com\/","logo":{"@type":"ImageObject","inLanguage":"es-ES","@id":"https:\/\/my.stlflix.com\/#\/schema\/logo\/image\/","url":"https:\/\/my.stlflix.com\/wp-content\/uploads\/2024\/06\/logo-mystore.png","contentUrl":"https:\/\/my.stlflix.com\/wp-content\/uploads\/2024\/06\/logo-mystore.png","width":150,"height":41,"caption":"MyStore - By STLFLIX"},"image":{"@id":"https:\/\/my.stlflix.com\/#\/schema\/logo\/image\/"},"sameAs":["https:\/\/www.facebook.com\/STLFLIX","https:\/\/www.instagram.com\/stlflix_\/","https:\/\/www.tiktok.com\/@stlflix"]}]}},"_links":{"self":[{"href":"https:\/\/my.stlflix.com\/es\/wp-json\/wp\/v2\/product\/425037","targetHints":{"allow":["GET"]}}],"collection":[{"href":"https:\/\/my.stlflix.com\/es\/wp-json\/wp\/v2\/product"}],"about":[{"href":"https:\/\/my.stlflix.com\/es\/wp-json\/wp\/v2\/types\/product"}],"replies":[{"embeddable":true,"href":"https:\/\/my.stlflix.com\/es\/wp-json\/wp\/v2\/comments?post=425037"}],"wp:featuredmedia":[{"embeddable":true,"href":"https:\/\/my.stlflix.com\/es\/wp-json\/wp\/v2\/media\/425171"}],"wp:attachment":[{"href":"https:\/\/my.stlflix.com\/es\/wp-json\/wp\/v2\/media?parent=425037"}],"wp:term":[{"taxonomy":"product_brand","embeddable":true,"href":"https:\/\/my.stlflix.com\/es\/wp-json\/wp\/v2\/product_brand?post=425037"},{"taxonomy":"product_cat","embeddable":true,"href":"https:\/\/my.stlflix.com\/es\/wp-json\/wp\/v2\/product_cat?post=425037"},{"taxonomy":"product_tag","embeddable":true,"href":"https:\/\/my.stlflix.com\/es\/wp-json\/wp\/v2\/product_tag?post=425037"}],"curies":[{"name":"wp","href":"https:\/\/api.w.org\/{rel}","templated":true}]}}