{"id":425038,"date":"2025-08-31T09:21:39","date_gmt":"2025-08-31T09:21:39","guid":{"rendered":"https:\/\/my.stlflix.com\/?post_type=product&#038;p=425038"},"modified":"2025-09-08T20:37:18","modified_gmt":"2025-09-08T20:37:18","slug":"magic-unicorn-pet-house-68a763fa33ef9","status":"publish","type":"product","link":"https:\/\/my.stlflix.com\/es\/product\/magic-unicorn-pet-house-68a763fa33ef9\/","title":{"rendered":"Magic Unicorn Pet House"},"content":{"rendered":"<p data-start=\"163\" data-end=\"247\">\ud83e\udd84\u2728 <strong data-start=\"167\" data-end=\"194\">Magic Unicorn Pet House<\/strong> \u2013 A casinha m\u00e1gica que o teu patudo vai adorar! \ud83c\udfe1\ud83d\udc3e<\/p>\n<p data-start=\"249\" data-end=\"509\">Surpreende o teu animal de estima\u00e7\u00e3o com esta <strong data-start=\"295\" data-end=\"319\">casinha de unic\u00f3rnio<\/strong> cheia de encanto! Com um design \u00fanico, chifre dourado e detalhes coloridos, \u00e9 perfeita para dar um toque de fantasia \u00e0 tua casa \u2013 e ainda melhor, o teu patudo vai sentir-se nas nuvens! \ud83d\ude0d\ud83c\udf08<\/p>\n<p data-start=\"249\" data-end=\"509\">Tamanho: Aproximadamente 40 x 40 x 40cm<\/p>\n<p data-start=\"511\" data-end=\"803\">\ud83d\udc96 Destaques:<br \/>\n\u2714\ufe0f Formato ador\u00e1vel de unic\u00f3rnio \ud83e\udd84<br data-start=\"636\" data-end=\"639\" \/>\u2714\ufe0f Feita em impress\u00e3o 3D com materiais de qualidade \ud83c\udfaf<br data-start=\"693\" data-end=\"696\" \/>\u2714\ufe0f Um acess\u00f3rio encantador para qualquer divis\u00e3o da casa \u2728<\/p>\n<p data-start=\"867\" data-end=\"983\">Deixa o teu patudo viver num verdadeiro conto de fadas com a <strong data-start=\"928\" data-end=\"955\">Magic Unicorn Pet House<\/strong>!<\/p>\n<p data-start=\"867\" data-end=\"983\"><strong>Gostou do modelo? Fa\u00e7a j\u00e1 a sua encomenda enviando uma mensagem para o nosso Instagram! Basta clicar <a href=\"https:\/\/www.instagram.com\/mind_3d_\/\" target=\"_blank\" rel=\"noopener\">aqui \u2197<\/a> e indicar o nome do artigo.<\/strong><\/p>\n","protected":false},"excerpt":{"rendered":"<p>\ud83e\udd84\u2728 Magic Unicorn Pet House \u2013 A casinha m\u00e1gica que o teu patudo vai adorar! \ud83c\udfe1\ud83d\udc3e Surpreende o teu animal de estima\u00e7\u00e3o com esta casinha de unic\u00f3rnio cheia de encanto! Com um design \u00fanico, chifre dourado e detalhes coloridos, \u00e9 perfeita para dar um toque de fantasia \u00e0 tua casa \u2013 e ainda melhor, o [&hellip;]<\/p>\n","protected":false},"featured_media":425248,"comment_status":"open","ping_status":"closed","template":"","meta":[],"product_brand":[],"product_cat":[15],"product_tag":[553],"class_list":{"0":"post-425038","1":"product","2":"type-product","3":"status-publish","4":"has-post-thumbnail","6":"product_cat-uncategorized","7":"product_tag-animais","9":"first","10":"instock","11":"sold-individually","12":"taxable","13":"shipping-taxable","14":"product-type-simple"},"yoast_head":"<!-- This site is optimized with the Yoast SEO plugin v25.1 - https:\/\/yoast.com\/wordpress\/plugins\/seo\/ -->\n<title>Magic Unicorn Pet House - MyStore - By STLFLIX<\/title>\n<meta name=\"robots\" content=\"index, follow, max-snippet:-1, max-image-preview:large, max-video-preview:-1\" \/>\n<link rel=\"canonical\" href=\"https:\/\/my.stlflix.com\/product\/magic-unicorn-pet-house-68a763fa33ef9\/\" \/>\n<meta property=\"og:locale\" content=\"es_ES\" \/>\n<meta property=\"og:type\" content=\"article\" \/>\n<meta property=\"og:title\" content=\"Magic Unicorn Pet House - MyStore - By STLFLIX\" \/>\n<meta property=\"og:description\" content=\"\ud83e\udd84\u2728 Magic Unicorn Pet House \u2013 A casinha m\u00e1gica que o teu patudo vai adorar! \ud83c\udfe1\ud83d\udc3e Surpreende o teu animal de estima\u00e7\u00e3o com esta casinha de unic\u00f3rnio cheia de encanto! Com um design \u00fanico, chifre dourado e detalhes coloridos, \u00e9 perfeita para dar um toque de fantasia \u00e0 tua casa \u2013 e ainda melhor, o [&hellip;]\" \/>\n<meta property=\"og:url\" content=\"https:\/\/my.stlflix.com\/product\/magic-unicorn-pet-house-68a763fa33ef9\/\" \/>\n<meta property=\"og:site_name\" content=\"MyStore - By STLFLIX\" \/>\n<meta property=\"article:publisher\" content=\"https:\/\/www.facebook.com\/STLFLIX\" \/>\n<meta property=\"article:modified_time\" content=\"2025-09-08T20:37:18+00:00\" \/>\n<meta property=\"og:image\" content=\"https:\/\/my.stlflix.com\/wp-content\/uploads\/2025\/08\/Magic_Unicorn_Pet_House_1_e1fe629ba6-1.png\" \/>\n\t<meta property=\"og:image:width\" content=\"1080\" \/>\n\t<meta property=\"og:image:height\" content=\"1350\" \/>\n\t<meta property=\"og:image:type\" content=\"image\/png\" \/>\n<meta name=\"twitter:card\" content=\"summary_large_image\" \/>\n<meta name=\"twitter:label1\" content=\"Est. reading time\" \/>\n\t<meta name=\"twitter:data1\" content=\"1 minute\" \/>\n<script type=\"application\/ld+json\" class=\"yoast-schema-graph\">{\"@context\":\"https:\/\/schema.org\",\"@graph\":[{\"@type\":\"WebPage\",\"@id\":\"https:\/\/my.stlflix.com\/product\/magic-unicorn-pet-house-68a763fa33ef9\/\",\"url\":\"https:\/\/my.stlflix.com\/product\/magic-unicorn-pet-house-68a763fa33ef9\/\",\"name\":\"Magic Unicorn Pet House - MyStore - By STLFLIX\",\"isPartOf\":{\"@id\":\"https:\/\/my.stlflix.com\/#website\"},\"primaryImageOfPage\":{\"@id\":\"https:\/\/my.stlflix.com\/product\/magic-unicorn-pet-house-68a763fa33ef9\/#primaryimage\"},\"image\":{\"@id\":\"https:\/\/my.stlflix.com\/product\/magic-unicorn-pet-house-68a763fa33ef9\/#primaryimage\"},\"thumbnailUrl\":\"https:\/\/my.stlflix.com\/wp-content\/uploads\/2025\/08\/Magic_Unicorn_Pet_House_1_e1fe629ba6-1.png\",\"datePublished\":\"2025-08-31T09:21:39+00:00\",\"dateModified\":\"2025-09-08T20:37:18+00:00\",\"breadcrumb\":{\"@id\":\"https:\/\/my.stlflix.com\/product\/magic-unicorn-pet-house-68a763fa33ef9\/#breadcrumb\"},\"inLanguage\":\"es-ES\",\"potentialAction\":[{\"@type\":\"ReadAction\",\"target\":[\"https:\/\/my.stlflix.com\/product\/magic-unicorn-pet-house-68a763fa33ef9\/\"]}]},{\"@type\":\"ImageObject\",\"inLanguage\":\"es-ES\",\"@id\":\"https:\/\/my.stlflix.com\/product\/magic-unicorn-pet-house-68a763fa33ef9\/#primaryimage\",\"url\":\"https:\/\/my.stlflix.com\/wp-content\/uploads\/2025\/08\/Magic_Unicorn_Pet_House_1_e1fe629ba6-1.png\",\"contentUrl\":\"https:\/\/my.stlflix.com\/wp-content\/uploads\/2025\/08\/Magic_Unicorn_Pet_House_1_e1fe629ba6-1.png\",\"width\":1080,\"height\":1350},{\"@type\":\"BreadcrumbList\",\"@id\":\"https:\/\/my.stlflix.com\/product\/magic-unicorn-pet-house-68a763fa33ef9\/#breadcrumb\",\"itemListElement\":[{\"@type\":\"ListItem\",\"position\":1,\"name\":\"Home\",\"item\":\"https:\/\/www.stlflix-store.com\/\"},{\"@type\":\"ListItem\",\"position\":2,\"name\":\"Products\",\"item\":\"https:\/\/www.stlflix-store.com\/shop\/\"},{\"@type\":\"ListItem\",\"position\":3,\"name\":\"Magic Unicorn Pet House\"}]},{\"@type\":\"WebSite\",\"@id\":\"https:\/\/my.stlflix.com\/#website\",\"url\":\"https:\/\/my.stlflix.com\/\",\"name\":\"MyStore - By STLFLIX\",\"description\":\"\",\"publisher\":{\"@id\":\"https:\/\/my.stlflix.com\/#organization\"},\"potentialAction\":[{\"@type\":\"SearchAction\",\"target\":{\"@type\":\"EntryPoint\",\"urlTemplate\":\"https:\/\/my.stlflix.com\/?s={search_term_string}\"},\"query-input\":{\"@type\":\"PropertyValueSpecification\",\"valueRequired\":true,\"valueName\":\"search_term_string\"}}],\"inLanguage\":\"es-ES\"},{\"@type\":\"Organization\",\"@id\":\"https:\/\/my.stlflix.com\/#organization\",\"name\":\"MyStore - By STLFLIX\",\"url\":\"https:\/\/my.stlflix.com\/\",\"logo\":{\"@type\":\"ImageObject\",\"inLanguage\":\"es-ES\",\"@id\":\"https:\/\/my.stlflix.com\/#\/schema\/logo\/image\/\",\"url\":\"https:\/\/my.stlflix.com\/wp-content\/uploads\/2024\/06\/logo-mystore.png\",\"contentUrl\":\"https:\/\/my.stlflix.com\/wp-content\/uploads\/2024\/06\/logo-mystore.png\",\"width\":150,\"height\":41,\"caption\":\"MyStore - By STLFLIX\"},\"image\":{\"@id\":\"https:\/\/my.stlflix.com\/#\/schema\/logo\/image\/\"},\"sameAs\":[\"https:\/\/www.facebook.com\/STLFLIX\",\"https:\/\/www.instagram.com\/stlflix_\/\",\"https:\/\/www.tiktok.com\/@stlflix\"]}]}<\/script>\n<!-- \/ Yoast SEO plugin. -->","yoast_head_json":{"title":"Magic Unicorn Pet House - MyStore - By STLFLIX","robots":{"index":"index","follow":"follow","max-snippet":"max-snippet:-1","max-image-preview":"max-image-preview:large","max-video-preview":"max-video-preview:-1"},"canonical":"https:\/\/my.stlflix.com\/product\/magic-unicorn-pet-house-68a763fa33ef9\/","og_locale":"es_ES","og_type":"article","og_title":"Magic Unicorn Pet House - MyStore - By STLFLIX","og_description":"\ud83e\udd84\u2728 Magic Unicorn Pet House \u2013 A casinha m\u00e1gica que o teu patudo vai adorar! \ud83c\udfe1\ud83d\udc3e Surpreende o teu animal de estima\u00e7\u00e3o com esta casinha de unic\u00f3rnio cheia de encanto! Com um design \u00fanico, chifre dourado e detalhes coloridos, \u00e9 perfeita para dar um toque de fantasia \u00e0 tua casa \u2013 e ainda melhor, o [&hellip;]","og_url":"https:\/\/my.stlflix.com\/product\/magic-unicorn-pet-house-68a763fa33ef9\/","og_site_name":"MyStore - By STLFLIX","article_publisher":"https:\/\/www.facebook.com\/STLFLIX","article_modified_time":"2025-09-08T20:37:18+00:00","og_image":[{"width":1080,"height":1350,"url":"https:\/\/my.stlflix.com\/wp-content\/uploads\/2025\/08\/Magic_Unicorn_Pet_House_1_e1fe629ba6-1.png","type":"image\/png"}],"twitter_card":"summary_large_image","twitter_misc":{"Est. reading time":"1 minute"},"schema":{"@context":"https:\/\/schema.org","@graph":[{"@type":"WebPage","@id":"https:\/\/my.stlflix.com\/product\/magic-unicorn-pet-house-68a763fa33ef9\/","url":"https:\/\/my.stlflix.com\/product\/magic-unicorn-pet-house-68a763fa33ef9\/","name":"Magic Unicorn Pet House - MyStore - By STLFLIX","isPartOf":{"@id":"https:\/\/my.stlflix.com\/#website"},"primaryImageOfPage":{"@id":"https:\/\/my.stlflix.com\/product\/magic-unicorn-pet-house-68a763fa33ef9\/#primaryimage"},"image":{"@id":"https:\/\/my.stlflix.com\/product\/magic-unicorn-pet-house-68a763fa33ef9\/#primaryimage"},"thumbnailUrl":"https:\/\/my.stlflix.com\/wp-content\/uploads\/2025\/08\/Magic_Unicorn_Pet_House_1_e1fe629ba6-1.png","datePublished":"2025-08-31T09:21:39+00:00","dateModified":"2025-09-08T20:37:18+00:00","breadcrumb":{"@id":"https:\/\/my.stlflix.com\/product\/magic-unicorn-pet-house-68a763fa33ef9\/#breadcrumb"},"inLanguage":"es-ES","potentialAction":[{"@type":"ReadAction","target":["https:\/\/my.stlflix.com\/product\/magic-unicorn-pet-house-68a763fa33ef9\/"]}]},{"@type":"ImageObject","inLanguage":"es-ES","@id":"https:\/\/my.stlflix.com\/product\/magic-unicorn-pet-house-68a763fa33ef9\/#primaryimage","url":"https:\/\/my.stlflix.com\/wp-content\/uploads\/2025\/08\/Magic_Unicorn_Pet_House_1_e1fe629ba6-1.png","contentUrl":"https:\/\/my.stlflix.com\/wp-content\/uploads\/2025\/08\/Magic_Unicorn_Pet_House_1_e1fe629ba6-1.png","width":1080,"height":1350},{"@type":"BreadcrumbList","@id":"https:\/\/my.stlflix.com\/product\/magic-unicorn-pet-house-68a763fa33ef9\/#breadcrumb","itemListElement":[{"@type":"ListItem","position":1,"name":"Home","item":"https:\/\/www.stlflix-store.com\/"},{"@type":"ListItem","position":2,"name":"Products","item":"https:\/\/www.stlflix-store.com\/shop\/"},{"@type":"ListItem","position":3,"name":"Magic Unicorn Pet House"}]},{"@type":"WebSite","@id":"https:\/\/my.stlflix.com\/#website","url":"https:\/\/my.stlflix.com\/","name":"MyStore - By STLFLIX","description":"","publisher":{"@id":"https:\/\/my.stlflix.com\/#organization"},"potentialAction":[{"@type":"SearchAction","target":{"@type":"EntryPoint","urlTemplate":"https:\/\/my.stlflix.com\/?s={search_term_string}"},"query-input":{"@type":"PropertyValueSpecification","valueRequired":true,"valueName":"search_term_string"}}],"inLanguage":"es-ES"},{"@type":"Organization","@id":"https:\/\/my.stlflix.com\/#organization","name":"MyStore - By STLFLIX","url":"https:\/\/my.stlflix.com\/","logo":{"@type":"ImageObject","inLanguage":"es-ES","@id":"https:\/\/my.stlflix.com\/#\/schema\/logo\/image\/","url":"https:\/\/my.stlflix.com\/wp-content\/uploads\/2024\/06\/logo-mystore.png","contentUrl":"https:\/\/my.stlflix.com\/wp-content\/uploads\/2024\/06\/logo-mystore.png","width":150,"height":41,"caption":"MyStore - By STLFLIX"},"image":{"@id":"https:\/\/my.stlflix.com\/#\/schema\/logo\/image\/"},"sameAs":["https:\/\/www.facebook.com\/STLFLIX","https:\/\/www.instagram.com\/stlflix_\/","https:\/\/www.tiktok.com\/@stlflix"]}]}},"_links":{"self":[{"href":"https:\/\/my.stlflix.com\/es\/wp-json\/wp\/v2\/product\/425038","targetHints":{"allow":["GET"]}}],"collection":[{"href":"https:\/\/my.stlflix.com\/es\/wp-json\/wp\/v2\/product"}],"about":[{"href":"https:\/\/my.stlflix.com\/es\/wp-json\/wp\/v2\/types\/product"}],"replies":[{"embeddable":true,"href":"https:\/\/my.stlflix.com\/es\/wp-json\/wp\/v2\/comments?post=425038"}],"wp:featuredmedia":[{"embeddable":true,"href":"https:\/\/my.stlflix.com\/es\/wp-json\/wp\/v2\/media\/425248"}],"wp:attachment":[{"href":"https:\/\/my.stlflix.com\/es\/wp-json\/wp\/v2\/media?parent=425038"}],"wp:term":[{"taxonomy":"product_brand","embeddable":true,"href":"https:\/\/my.stlflix.com\/es\/wp-json\/wp\/v2\/product_brand?post=425038"},{"taxonomy":"product_cat","embeddable":true,"href":"https:\/\/my.stlflix.com\/es\/wp-json\/wp\/v2\/product_cat?post=425038"},{"taxonomy":"product_tag","embeddable":true,"href":"https:\/\/my.stlflix.com\/es\/wp-json\/wp\/v2\/product_tag?post=425038"}],"curies":[{"name":"wp","href":"https:\/\/api.w.org\/{rel}","templated":true}]}}