{"id":425041,"date":"2025-08-31T09:38:23","date_gmt":"2025-08-31T09:38:23","guid":{"rendered":"https:\/\/my.stlflix.com\/?post_type=product&#038;p=425041"},"modified":"2025-09-08T20:33:40","modified_gmt":"2025-09-08T20:33:40","slug":"kitty-pattern-pet-house-68a763fe1a797","status":"publish","type":"product","link":"https:\/\/my.stlflix.com\/es\/product\/kitty-pattern-pet-house-68a763fe1a797\/","title":{"rendered":"Kitty Pattern Pet House"},"content":{"rendered":"<p data-start=\"166\" data-end=\"240\"><strong data-start=\"166\" data-end=\"238\">Kitty Pattern Pet House \u2013 O cantinho estiloso para o teu gato! \ud83d\udc3e\ud83d\udc31\u2728<\/strong><\/p>\n<p data-start=\"242\" data-end=\"519\">D\u00e1 ao teu gato \ud83d\udc08 um espa\u00e7o cheio de charme com a <strong data-start=\"292\" data-end=\"319\">Kitty Pattern Pet House<\/strong>!<br data-start=\"320\" data-end=\"323\" \/>Com design moderno e padr\u00e3o divertido \ud83c\udf1f, acabamento de qualidade e linhas acolhedoras, esta toca transforma qualquer canto da tua casa \ud83c\udfe1 num ref\u00fagio confort\u00e1vel e decorativo para o teu felino.<\/p>\n<p data-start=\"242\" data-end=\"519\">Tamanho: Aproximadamente 40 x 40 x 40cm<\/p>\n<p data-start=\"521\" data-end=\"708\"><strong data-start=\"521\" data-end=\"535\">Destaques:<\/strong><br data-start=\"535\" data-end=\"538\" \/>\u2714\ufe0f Design com padr\u00e3o divertido e moderno \ud83d\udc3e<br data-start=\"581\" data-end=\"584\" \/>\u2714\ufe0f Feita em impress\u00e3o 3D com materiais de qualidade \ud83c\udf1f<br data-start=\"638\" data-end=\"641\" \/>\u2714\ufe0f Um acess\u00f3rio decorativo \u00fanico para qualquer divis\u00e3o da casa \ud83c\udfe1<\/p>\n<p data-start=\"710\" data-end=\"799\">Oferece ao teu gato a <strong data-start=\"732\" data-end=\"759\">Kitty Pattern Pet House<\/strong> \u2013 conforto e estilo num s\u00f3 espa\u00e7o \ud83d\udc96\u2728<\/p>\n<p data-start=\"710\" data-end=\"799\"><strong>Gostou do modelo? Fa\u00e7a j\u00e1 a sua encomenda enviando uma mensagem para o nosso Instagram! Basta clicar <a href=\"https:\/\/www.instagram.com\/mind_3d_\/\" target=\"_blank\" rel=\"noopener\">aqui \u2197<\/a> e indicar o nome do artigo.<\/strong><\/p>\n","protected":false},"excerpt":{"rendered":"<p>Kitty Pattern Pet House \u2013 O cantinho estiloso para o teu gato! \ud83d\udc3e\ud83d\udc31\u2728 D\u00e1 ao teu gato \ud83d\udc08 um espa\u00e7o cheio de charme com a Kitty Pattern Pet House!Com design moderno e padr\u00e3o divertido \ud83c\udf1f, acabamento de qualidade e linhas acolhedoras, esta toca transforma qualquer canto da tua casa \ud83c\udfe1 num ref\u00fagio confort\u00e1vel e decorativo [&hellip;]<\/p>\n","protected":false},"featured_media":289549,"comment_status":"open","ping_status":"closed","template":"","meta":[],"product_brand":[],"product_cat":[15],"product_tag":[553],"class_list":{"0":"post-425041","1":"product","2":"type-product","3":"status-publish","4":"has-post-thumbnail","6":"product_cat-uncategorized","7":"product_tag-animais","9":"first","10":"instock","11":"sold-individually","12":"taxable","13":"shipping-taxable","14":"product-type-simple"},"yoast_head":"<!-- This site is optimized with the Yoast SEO plugin v25.1 - https:\/\/yoast.com\/wordpress\/plugins\/seo\/ -->\n<title>Kitty Pattern Pet House - MyStore - By STLFLIX<\/title>\n<meta name=\"robots\" content=\"index, follow, max-snippet:-1, max-image-preview:large, max-video-preview:-1\" \/>\n<link rel=\"canonical\" href=\"https:\/\/www.monitorstlflix.online\/product\/kitty-pattern-pet-house-68a763fe1a797\/\" \/>\n<meta property=\"og:locale\" content=\"es_ES\" \/>\n<meta property=\"og:type\" content=\"article\" \/>\n<meta property=\"og:title\" content=\"Kitty Pattern Pet House - MyStore - By STLFLIX\" \/>\n<meta property=\"og:description\" content=\"Kitty Pattern Pet House \u2013 O cantinho estiloso para o teu gato! \ud83d\udc3e\ud83d\udc31\u2728 D\u00e1 ao teu gato \ud83d\udc08 um espa\u00e7o cheio de charme com a Kitty Pattern Pet House!Com design moderno e padr\u00e3o divertido \ud83c\udf1f, acabamento de qualidade e linhas acolhedoras, esta toca transforma qualquer canto da tua casa \ud83c\udfe1 num ref\u00fagio confort\u00e1vel e decorativo [&hellip;]\" \/>\n<meta property=\"og:url\" content=\"https:\/\/www.monitorstlflix.online\/product\/kitty-pattern-pet-house-68a763fe1a797\/\" \/>\n<meta property=\"og:site_name\" content=\"MyStore - By STLFLIX\" \/>\n<meta property=\"article:publisher\" content=\"https:\/\/www.facebook.com\/STLFLIX\" \/>\n<meta property=\"article:modified_time\" content=\"2025-09-08T20:33:40+00:00\" \/>\n<meta property=\"og:image\" content=\"https:\/\/www.monitorstlflix.online\/wp-content\/uploads\/2025\/03\/Kitty_Pattern_Pet_Housethumb_d2c1a00d88.jpg\" \/>\n\t<meta property=\"og:image:width\" content=\"1080\" \/>\n\t<meta property=\"og:image:height\" content=\"1350\" \/>\n\t<meta property=\"og:image:type\" content=\"image\/jpeg\" \/>\n<meta name=\"twitter:card\" content=\"summary_large_image\" \/>\n<meta name=\"twitter:label1\" content=\"Est. reading time\" \/>\n\t<meta name=\"twitter:data1\" content=\"1 minute\" \/>\n<script type=\"application\/ld+json\" class=\"yoast-schema-graph\">{\"@context\":\"https:\/\/schema.org\",\"@graph\":[{\"@type\":\"WebPage\",\"@id\":\"https:\/\/www.monitorstlflix.online\/product\/kitty-pattern-pet-house-68a763fe1a797\/\",\"url\":\"https:\/\/www.monitorstlflix.online\/product\/kitty-pattern-pet-house-68a763fe1a797\/\",\"name\":\"Kitty Pattern Pet House - MyStore - By STLFLIX\",\"isPartOf\":{\"@id\":\"https:\/\/my.stlflix.com\/#website\"},\"primaryImageOfPage\":{\"@id\":\"https:\/\/www.monitorstlflix.online\/product\/kitty-pattern-pet-house-68a763fe1a797\/#primaryimage\"},\"image\":{\"@id\":\"https:\/\/www.monitorstlflix.online\/product\/kitty-pattern-pet-house-68a763fe1a797\/#primaryimage\"},\"thumbnailUrl\":\"https:\/\/my.stlflix.com\/wp-content\/uploads\/2025\/03\/Kitty_Pattern_Pet_Housethumb_d2c1a00d88.jpg\",\"datePublished\":\"2025-08-31T09:38:23+00:00\",\"dateModified\":\"2025-09-08T20:33:40+00:00\",\"breadcrumb\":{\"@id\":\"https:\/\/www.monitorstlflix.online\/product\/kitty-pattern-pet-house-68a763fe1a797\/#breadcrumb\"},\"inLanguage\":\"es-ES\",\"potentialAction\":[{\"@type\":\"ReadAction\",\"target\":[\"https:\/\/www.monitorstlflix.online\/product\/kitty-pattern-pet-house-68a763fe1a797\/\"]}]},{\"@type\":\"ImageObject\",\"inLanguage\":\"es-ES\",\"@id\":\"https:\/\/www.monitorstlflix.online\/product\/kitty-pattern-pet-house-68a763fe1a797\/#primaryimage\",\"url\":\"https:\/\/my.stlflix.com\/wp-content\/uploads\/2025\/03\/Kitty_Pattern_Pet_Housethumb_d2c1a00d88.jpg\",\"contentUrl\":\"https:\/\/my.stlflix.com\/wp-content\/uploads\/2025\/03\/Kitty_Pattern_Pet_Housethumb_d2c1a00d88.jpg\",\"width\":1080,\"height\":1350},{\"@type\":\"BreadcrumbList\",\"@id\":\"https:\/\/www.monitorstlflix.online\/product\/kitty-pattern-pet-house-68a763fe1a797\/#breadcrumb\",\"itemListElement\":[{\"@type\":\"ListItem\",\"position\":1,\"name\":\"Home\",\"item\":\"https:\/\/www.stlflix-store.com\/\"},{\"@type\":\"ListItem\",\"position\":2,\"name\":\"Products\",\"item\":\"https:\/\/www.stlflix-store.com\/shop\/\"},{\"@type\":\"ListItem\",\"position\":3,\"name\":\"Kitty Pattern Pet House\"}]},{\"@type\":\"WebSite\",\"@id\":\"https:\/\/my.stlflix.com\/#website\",\"url\":\"https:\/\/my.stlflix.com\/\",\"name\":\"MyStore - By STLFLIX\",\"description\":\"\",\"publisher\":{\"@id\":\"https:\/\/my.stlflix.com\/#organization\"},\"potentialAction\":[{\"@type\":\"SearchAction\",\"target\":{\"@type\":\"EntryPoint\",\"urlTemplate\":\"https:\/\/my.stlflix.com\/?s={search_term_string}\"},\"query-input\":{\"@type\":\"PropertyValueSpecification\",\"valueRequired\":true,\"valueName\":\"search_term_string\"}}],\"inLanguage\":\"es-ES\"},{\"@type\":\"Organization\",\"@id\":\"https:\/\/my.stlflix.com\/#organization\",\"name\":\"MyStore - By STLFLIX\",\"url\":\"https:\/\/my.stlflix.com\/\",\"logo\":{\"@type\":\"ImageObject\",\"inLanguage\":\"es-ES\",\"@id\":\"https:\/\/my.stlflix.com\/#\/schema\/logo\/image\/\",\"url\":\"https:\/\/my.stlflix.com\/wp-content\/uploads\/2024\/06\/logo-mystore.png\",\"contentUrl\":\"https:\/\/my.stlflix.com\/wp-content\/uploads\/2024\/06\/logo-mystore.png\",\"width\":150,\"height\":41,\"caption\":\"MyStore - By STLFLIX\"},\"image\":{\"@id\":\"https:\/\/my.stlflix.com\/#\/schema\/logo\/image\/\"},\"sameAs\":[\"https:\/\/www.facebook.com\/STLFLIX\",\"https:\/\/www.instagram.com\/stlflix_\/\",\"https:\/\/www.tiktok.com\/@stlflix\"]}]}<\/script>\n<!-- \/ Yoast SEO plugin. -->","yoast_head_json":{"title":"Kitty Pattern Pet House - MyStore - By STLFLIX","robots":{"index":"index","follow":"follow","max-snippet":"max-snippet:-1","max-image-preview":"max-image-preview:large","max-video-preview":"max-video-preview:-1"},"canonical":"https:\/\/www.monitorstlflix.online\/product\/kitty-pattern-pet-house-68a763fe1a797\/","og_locale":"es_ES","og_type":"article","og_title":"Kitty Pattern Pet House - MyStore - By STLFLIX","og_description":"Kitty Pattern Pet House \u2013 O cantinho estiloso para o teu gato! \ud83d\udc3e\ud83d\udc31\u2728 D\u00e1 ao teu gato \ud83d\udc08 um espa\u00e7o cheio de charme com a Kitty Pattern Pet House!Com design moderno e padr\u00e3o divertido \ud83c\udf1f, acabamento de qualidade e linhas acolhedoras, esta toca transforma qualquer canto da tua casa \ud83c\udfe1 num ref\u00fagio confort\u00e1vel e decorativo [&hellip;]","og_url":"https:\/\/www.monitorstlflix.online\/product\/kitty-pattern-pet-house-68a763fe1a797\/","og_site_name":"MyStore - By STLFLIX","article_publisher":"https:\/\/www.facebook.com\/STLFLIX","article_modified_time":"2025-09-08T20:33:40+00:00","og_image":[{"width":1080,"height":1350,"url":"https:\/\/www.monitorstlflix.online\/wp-content\/uploads\/2025\/03\/Kitty_Pattern_Pet_Housethumb_d2c1a00d88.jpg","type":"image\/jpeg"}],"twitter_card":"summary_large_image","twitter_misc":{"Est. reading time":"1 minute"},"schema":{"@context":"https:\/\/schema.org","@graph":[{"@type":"WebPage","@id":"https:\/\/www.monitorstlflix.online\/product\/kitty-pattern-pet-house-68a763fe1a797\/","url":"https:\/\/www.monitorstlflix.online\/product\/kitty-pattern-pet-house-68a763fe1a797\/","name":"Kitty Pattern Pet House - MyStore - By STLFLIX","isPartOf":{"@id":"https:\/\/my.stlflix.com\/#website"},"primaryImageOfPage":{"@id":"https:\/\/www.monitorstlflix.online\/product\/kitty-pattern-pet-house-68a763fe1a797\/#primaryimage"},"image":{"@id":"https:\/\/www.monitorstlflix.online\/product\/kitty-pattern-pet-house-68a763fe1a797\/#primaryimage"},"thumbnailUrl":"https:\/\/my.stlflix.com\/wp-content\/uploads\/2025\/03\/Kitty_Pattern_Pet_Housethumb_d2c1a00d88.jpg","datePublished":"2025-08-31T09:38:23+00:00","dateModified":"2025-09-08T20:33:40+00:00","breadcrumb":{"@id":"https:\/\/www.monitorstlflix.online\/product\/kitty-pattern-pet-house-68a763fe1a797\/#breadcrumb"},"inLanguage":"es-ES","potentialAction":[{"@type":"ReadAction","target":["https:\/\/www.monitorstlflix.online\/product\/kitty-pattern-pet-house-68a763fe1a797\/"]}]},{"@type":"ImageObject","inLanguage":"es-ES","@id":"https:\/\/www.monitorstlflix.online\/product\/kitty-pattern-pet-house-68a763fe1a797\/#primaryimage","url":"https:\/\/my.stlflix.com\/wp-content\/uploads\/2025\/03\/Kitty_Pattern_Pet_Housethumb_d2c1a00d88.jpg","contentUrl":"https:\/\/my.stlflix.com\/wp-content\/uploads\/2025\/03\/Kitty_Pattern_Pet_Housethumb_d2c1a00d88.jpg","width":1080,"height":1350},{"@type":"BreadcrumbList","@id":"https:\/\/www.monitorstlflix.online\/product\/kitty-pattern-pet-house-68a763fe1a797\/#breadcrumb","itemListElement":[{"@type":"ListItem","position":1,"name":"Home","item":"https:\/\/www.stlflix-store.com\/"},{"@type":"ListItem","position":2,"name":"Products","item":"https:\/\/www.stlflix-store.com\/shop\/"},{"@type":"ListItem","position":3,"name":"Kitty Pattern Pet House"}]},{"@type":"WebSite","@id":"https:\/\/my.stlflix.com\/#website","url":"https:\/\/my.stlflix.com\/","name":"MyStore - By STLFLIX","description":"","publisher":{"@id":"https:\/\/my.stlflix.com\/#organization"},"potentialAction":[{"@type":"SearchAction","target":{"@type":"EntryPoint","urlTemplate":"https:\/\/my.stlflix.com\/?s={search_term_string}"},"query-input":{"@type":"PropertyValueSpecification","valueRequired":true,"valueName":"search_term_string"}}],"inLanguage":"es-ES"},{"@type":"Organization","@id":"https:\/\/my.stlflix.com\/#organization","name":"MyStore - By STLFLIX","url":"https:\/\/my.stlflix.com\/","logo":{"@type":"ImageObject","inLanguage":"es-ES","@id":"https:\/\/my.stlflix.com\/#\/schema\/logo\/image\/","url":"https:\/\/my.stlflix.com\/wp-content\/uploads\/2024\/06\/logo-mystore.png","contentUrl":"https:\/\/my.stlflix.com\/wp-content\/uploads\/2024\/06\/logo-mystore.png","width":150,"height":41,"caption":"MyStore - By STLFLIX"},"image":{"@id":"https:\/\/my.stlflix.com\/#\/schema\/logo\/image\/"},"sameAs":["https:\/\/www.facebook.com\/STLFLIX","https:\/\/www.instagram.com\/stlflix_\/","https:\/\/www.tiktok.com\/@stlflix"]}]}},"_links":{"self":[{"href":"https:\/\/my.stlflix.com\/es\/wp-json\/wp\/v2\/product\/425041","targetHints":{"allow":["GET"]}}],"collection":[{"href":"https:\/\/my.stlflix.com\/es\/wp-json\/wp\/v2\/product"}],"about":[{"href":"https:\/\/my.stlflix.com\/es\/wp-json\/wp\/v2\/types\/product"}],"replies":[{"embeddable":true,"href":"https:\/\/my.stlflix.com\/es\/wp-json\/wp\/v2\/comments?post=425041"}],"wp:featuredmedia":[{"embeddable":true,"href":"https:\/\/my.stlflix.com\/es\/wp-json\/wp\/v2\/media\/289549"}],"wp:attachment":[{"href":"https:\/\/my.stlflix.com\/es\/wp-json\/wp\/v2\/media?parent=425041"}],"wp:term":[{"taxonomy":"product_brand","embeddable":true,"href":"https:\/\/my.stlflix.com\/es\/wp-json\/wp\/v2\/product_brand?post=425041"},{"taxonomy":"product_cat","embeddable":true,"href":"https:\/\/my.stlflix.com\/es\/wp-json\/wp\/v2\/product_cat?post=425041"},{"taxonomy":"product_tag","embeddable":true,"href":"https:\/\/my.stlflix.com\/es\/wp-json\/wp\/v2\/product_tag?post=425041"}],"curies":[{"name":"wp","href":"https:\/\/api.w.org\/{rel}","templated":true}]}}