{"id":425043,"date":"2025-08-31T09:37:15","date_gmt":"2025-08-31T09:37:15","guid":{"rendered":"https:\/\/my.stlflix.com\/?post_type=product&#038;p=425043"},"modified":"2025-09-08T20:35:21","modified_gmt":"2025-09-08T20:35:21","slug":"dragon-pattern-pet-house-68a764008ae3b","status":"publish","type":"product","link":"https:\/\/my.stlflix.com\/es\/product\/dragon-pattern-pet-house-68a764008ae3b\/","title":{"rendered":"Dragon Pattern Pet House"},"content":{"rendered":"<p data-start=\"167\" data-end=\"239\"><strong data-start=\"167\" data-end=\"237\">Dragon Pattern Pet House \u2013 O abrigo \u00e9pico para o teu patudo! \ud83d\udc3e\ud83d\udc09\u2728<\/strong><\/p>\n<p data-start=\"241\" data-end=\"537\">D\u00e1 ao teu animal de estima\u00e7\u00e3o \ud83d\udc36\ud83d\udc31 um cantinho cheio de estilo e aventura com a <strong data-start=\"321\" data-end=\"349\">Dragon Pattern Pet House<\/strong>!<br data-start=\"350\" data-end=\"353\" \/>Com design inspirado nos drag\u00f5es \ud83c\udf1f, acabamento de qualidade e linhas arrojadas, esta toca transforma qualquer espa\u00e7o da tua casa \ud83c\udfe1 num ref\u00fagio confort\u00e1vel e cheio de personalidade.<\/p>\n<p data-start=\"241\" data-end=\"537\">Tamanho: Aproximadamente 40 x 40 x 40cm<\/p>\n<p data-start=\"539\" data-end=\"716\"><strong data-start=\"539\" data-end=\"553\">Destaques:<\/strong><br data-start=\"553\" data-end=\"556\" \/>\u2714\ufe0f Design inspirado em drag\u00f5es \ud83d\udc09<br data-start=\"589\" data-end=\"592\" \/>\u2714\ufe0f Feita em impress\u00e3o 3D com materiais de qualidade \ud83c\udf1f<br data-start=\"646\" data-end=\"649\" \/>\u2714\ufe0f Um acess\u00f3rio decorativo \u00fanico para qualquer divis\u00e3o da casa \ud83c\udfe1<\/p>\n<p data-start=\"718\" data-end=\"820\">Oferece ao teu patudo a <strong data-start=\"742\" data-end=\"770\">Dragon Pattern Pet House<\/strong> \u2013 conforto, estilo e aventura num s\u00f3 espa\u00e7o \ud83d\udc96\u2728<\/p>\n<p data-start=\"718\" data-end=\"820\"><strong>Gostou do modelo? Fa\u00e7a j\u00e1 a sua encomenda enviando uma mensagem para o nosso Instagram! Basta clicar <a href=\"https:\/\/www.instagram.com\/mind_3d_\/\" target=\"_blank\" rel=\"noopener\">aqui \u2197<\/a> e indicar o nome do artigo.<\/strong><\/p>\n","protected":false},"excerpt":{"rendered":"<p>Dragon Pattern Pet House \u2013 O abrigo \u00e9pico para o teu patudo! \ud83d\udc3e\ud83d\udc09\u2728 D\u00e1 ao teu animal de estima\u00e7\u00e3o \ud83d\udc36\ud83d\udc31 um cantinho cheio de estilo e aventura com a Dragon Pattern Pet House!Com design inspirado nos drag\u00f5es \ud83c\udf1f, acabamento de qualidade e linhas arrojadas, esta toca transforma qualquer espa\u00e7o da tua casa \ud83c\udfe1 num ref\u00fagio [&hellip;]<\/p>\n","protected":false},"featured_media":289681,"comment_status":"open","ping_status":"closed","template":"","meta":[],"product_brand":[],"product_cat":[15],"product_tag":[553],"class_list":{"0":"post-425043","1":"product","2":"type-product","3":"status-publish","4":"has-post-thumbnail","6":"product_cat-uncategorized","7":"product_tag-animais","9":"first","10":"instock","11":"sold-individually","12":"taxable","13":"shipping-taxable","14":"product-type-simple"},"yoast_head":"<!-- This site is optimized with the Yoast SEO plugin v25.1 - https:\/\/yoast.com\/wordpress\/plugins\/seo\/ -->\n<title>Dragon Pattern Pet House - MyStore - By STLFLIX<\/title>\n<meta name=\"robots\" content=\"index, follow, max-snippet:-1, max-image-preview:large, max-video-preview:-1\" \/>\n<link rel=\"canonical\" href=\"https:\/\/my.stlflix.com\/product\/dragon-pattern-pet-house-68a764008ae3b\/\" \/>\n<meta property=\"og:locale\" content=\"es_ES\" \/>\n<meta property=\"og:type\" content=\"article\" \/>\n<meta property=\"og:title\" content=\"Dragon Pattern Pet House - MyStore - By STLFLIX\" \/>\n<meta property=\"og:description\" content=\"Dragon Pattern Pet House \u2013 O abrigo \u00e9pico para o teu patudo! \ud83d\udc3e\ud83d\udc09\u2728 D\u00e1 ao teu animal de estima\u00e7\u00e3o \ud83d\udc36\ud83d\udc31 um cantinho cheio de estilo e aventura com a Dragon Pattern Pet House!Com design inspirado nos drag\u00f5es \ud83c\udf1f, acabamento de qualidade e linhas arrojadas, esta toca transforma qualquer espa\u00e7o da tua casa \ud83c\udfe1 num ref\u00fagio [&hellip;]\" \/>\n<meta property=\"og:url\" content=\"https:\/\/my.stlflix.com\/product\/dragon-pattern-pet-house-68a764008ae3b\/\" \/>\n<meta property=\"og:site_name\" content=\"MyStore - By STLFLIX\" \/>\n<meta property=\"article:publisher\" content=\"https:\/\/www.facebook.com\/STLFLIX\" \/>\n<meta property=\"article:modified_time\" content=\"2025-09-08T20:35:21+00:00\" \/>\n<meta property=\"og:image\" content=\"https:\/\/my.stlflix.com\/wp-content\/uploads\/2025\/03\/Dragon_Pattern_Pet_Housethumb_3a2a19fd58.jpg\" \/>\n\t<meta property=\"og:image:width\" content=\"1080\" \/>\n\t<meta property=\"og:image:height\" content=\"1350\" \/>\n\t<meta property=\"og:image:type\" content=\"image\/jpeg\" \/>\n<meta name=\"twitter:card\" content=\"summary_large_image\" \/>\n<meta name=\"twitter:label1\" content=\"Est. reading time\" \/>\n\t<meta name=\"twitter:data1\" content=\"1 minute\" \/>\n<script type=\"application\/ld+json\" class=\"yoast-schema-graph\">{\"@context\":\"https:\/\/schema.org\",\"@graph\":[{\"@type\":\"WebPage\",\"@id\":\"https:\/\/my.stlflix.com\/product\/dragon-pattern-pet-house-68a764008ae3b\/\",\"url\":\"https:\/\/my.stlflix.com\/product\/dragon-pattern-pet-house-68a764008ae3b\/\",\"name\":\"Dragon Pattern Pet House - MyStore - By STLFLIX\",\"isPartOf\":{\"@id\":\"https:\/\/my.stlflix.com\/#website\"},\"primaryImageOfPage\":{\"@id\":\"https:\/\/my.stlflix.com\/product\/dragon-pattern-pet-house-68a764008ae3b\/#primaryimage\"},\"image\":{\"@id\":\"https:\/\/my.stlflix.com\/product\/dragon-pattern-pet-house-68a764008ae3b\/#primaryimage\"},\"thumbnailUrl\":\"https:\/\/my.stlflix.com\/wp-content\/uploads\/2025\/03\/Dragon_Pattern_Pet_Housethumb_3a2a19fd58.jpg\",\"datePublished\":\"2025-08-31T09:37:15+00:00\",\"dateModified\":\"2025-09-08T20:35:21+00:00\",\"breadcrumb\":{\"@id\":\"https:\/\/my.stlflix.com\/product\/dragon-pattern-pet-house-68a764008ae3b\/#breadcrumb\"},\"inLanguage\":\"es-ES\",\"potentialAction\":[{\"@type\":\"ReadAction\",\"target\":[\"https:\/\/my.stlflix.com\/product\/dragon-pattern-pet-house-68a764008ae3b\/\"]}]},{\"@type\":\"ImageObject\",\"inLanguage\":\"es-ES\",\"@id\":\"https:\/\/my.stlflix.com\/product\/dragon-pattern-pet-house-68a764008ae3b\/#primaryimage\",\"url\":\"https:\/\/my.stlflix.com\/wp-content\/uploads\/2025\/03\/Dragon_Pattern_Pet_Housethumb_3a2a19fd58.jpg\",\"contentUrl\":\"https:\/\/my.stlflix.com\/wp-content\/uploads\/2025\/03\/Dragon_Pattern_Pet_Housethumb_3a2a19fd58.jpg\",\"width\":1080,\"height\":1350},{\"@type\":\"BreadcrumbList\",\"@id\":\"https:\/\/my.stlflix.com\/product\/dragon-pattern-pet-house-68a764008ae3b\/#breadcrumb\",\"itemListElement\":[{\"@type\":\"ListItem\",\"position\":1,\"name\":\"Home\",\"item\":\"https:\/\/www.stlflix-store.com\/\"},{\"@type\":\"ListItem\",\"position\":2,\"name\":\"Products\",\"item\":\"https:\/\/www.stlflix-store.com\/shop\/\"},{\"@type\":\"ListItem\",\"position\":3,\"name\":\"Dragon Pattern Pet House\"}]},{\"@type\":\"WebSite\",\"@id\":\"https:\/\/my.stlflix.com\/#website\",\"url\":\"https:\/\/my.stlflix.com\/\",\"name\":\"MyStore - By STLFLIX\",\"description\":\"\",\"publisher\":{\"@id\":\"https:\/\/my.stlflix.com\/#organization\"},\"potentialAction\":[{\"@type\":\"SearchAction\",\"target\":{\"@type\":\"EntryPoint\",\"urlTemplate\":\"https:\/\/my.stlflix.com\/?s={search_term_string}\"},\"query-input\":{\"@type\":\"PropertyValueSpecification\",\"valueRequired\":true,\"valueName\":\"search_term_string\"}}],\"inLanguage\":\"es-ES\"},{\"@type\":\"Organization\",\"@id\":\"https:\/\/my.stlflix.com\/#organization\",\"name\":\"MyStore - By STLFLIX\",\"url\":\"https:\/\/my.stlflix.com\/\",\"logo\":{\"@type\":\"ImageObject\",\"inLanguage\":\"es-ES\",\"@id\":\"https:\/\/my.stlflix.com\/#\/schema\/logo\/image\/\",\"url\":\"https:\/\/my.stlflix.com\/wp-content\/uploads\/2024\/06\/logo-mystore.png\",\"contentUrl\":\"https:\/\/my.stlflix.com\/wp-content\/uploads\/2024\/06\/logo-mystore.png\",\"width\":150,\"height\":41,\"caption\":\"MyStore - By STLFLIX\"},\"image\":{\"@id\":\"https:\/\/my.stlflix.com\/#\/schema\/logo\/image\/\"},\"sameAs\":[\"https:\/\/www.facebook.com\/STLFLIX\",\"https:\/\/www.instagram.com\/stlflix_\/\",\"https:\/\/www.tiktok.com\/@stlflix\"]}]}<\/script>\n<!-- \/ Yoast SEO plugin. -->","yoast_head_json":{"title":"Dragon Pattern Pet House - MyStore - By STLFLIX","robots":{"index":"index","follow":"follow","max-snippet":"max-snippet:-1","max-image-preview":"max-image-preview:large","max-video-preview":"max-video-preview:-1"},"canonical":"https:\/\/my.stlflix.com\/product\/dragon-pattern-pet-house-68a764008ae3b\/","og_locale":"es_ES","og_type":"article","og_title":"Dragon Pattern Pet House - MyStore - By STLFLIX","og_description":"Dragon Pattern Pet House \u2013 O abrigo \u00e9pico para o teu patudo! \ud83d\udc3e\ud83d\udc09\u2728 D\u00e1 ao teu animal de estima\u00e7\u00e3o \ud83d\udc36\ud83d\udc31 um cantinho cheio de estilo e aventura com a Dragon Pattern Pet House!Com design inspirado nos drag\u00f5es \ud83c\udf1f, acabamento de qualidade e linhas arrojadas, esta toca transforma qualquer espa\u00e7o da tua casa \ud83c\udfe1 num ref\u00fagio [&hellip;]","og_url":"https:\/\/my.stlflix.com\/product\/dragon-pattern-pet-house-68a764008ae3b\/","og_site_name":"MyStore - By STLFLIX","article_publisher":"https:\/\/www.facebook.com\/STLFLIX","article_modified_time":"2025-09-08T20:35:21+00:00","og_image":[{"width":1080,"height":1350,"url":"https:\/\/my.stlflix.com\/wp-content\/uploads\/2025\/03\/Dragon_Pattern_Pet_Housethumb_3a2a19fd58.jpg","type":"image\/jpeg"}],"twitter_card":"summary_large_image","twitter_misc":{"Est. reading time":"1 minute"},"schema":{"@context":"https:\/\/schema.org","@graph":[{"@type":"WebPage","@id":"https:\/\/my.stlflix.com\/product\/dragon-pattern-pet-house-68a764008ae3b\/","url":"https:\/\/my.stlflix.com\/product\/dragon-pattern-pet-house-68a764008ae3b\/","name":"Dragon Pattern Pet House - MyStore - By STLFLIX","isPartOf":{"@id":"https:\/\/my.stlflix.com\/#website"},"primaryImageOfPage":{"@id":"https:\/\/my.stlflix.com\/product\/dragon-pattern-pet-house-68a764008ae3b\/#primaryimage"},"image":{"@id":"https:\/\/my.stlflix.com\/product\/dragon-pattern-pet-house-68a764008ae3b\/#primaryimage"},"thumbnailUrl":"https:\/\/my.stlflix.com\/wp-content\/uploads\/2025\/03\/Dragon_Pattern_Pet_Housethumb_3a2a19fd58.jpg","datePublished":"2025-08-31T09:37:15+00:00","dateModified":"2025-09-08T20:35:21+00:00","breadcrumb":{"@id":"https:\/\/my.stlflix.com\/product\/dragon-pattern-pet-house-68a764008ae3b\/#breadcrumb"},"inLanguage":"es-ES","potentialAction":[{"@type":"ReadAction","target":["https:\/\/my.stlflix.com\/product\/dragon-pattern-pet-house-68a764008ae3b\/"]}]},{"@type":"ImageObject","inLanguage":"es-ES","@id":"https:\/\/my.stlflix.com\/product\/dragon-pattern-pet-house-68a764008ae3b\/#primaryimage","url":"https:\/\/my.stlflix.com\/wp-content\/uploads\/2025\/03\/Dragon_Pattern_Pet_Housethumb_3a2a19fd58.jpg","contentUrl":"https:\/\/my.stlflix.com\/wp-content\/uploads\/2025\/03\/Dragon_Pattern_Pet_Housethumb_3a2a19fd58.jpg","width":1080,"height":1350},{"@type":"BreadcrumbList","@id":"https:\/\/my.stlflix.com\/product\/dragon-pattern-pet-house-68a764008ae3b\/#breadcrumb","itemListElement":[{"@type":"ListItem","position":1,"name":"Home","item":"https:\/\/www.stlflix-store.com\/"},{"@type":"ListItem","position":2,"name":"Products","item":"https:\/\/www.stlflix-store.com\/shop\/"},{"@type":"ListItem","position":3,"name":"Dragon Pattern Pet House"}]},{"@type":"WebSite","@id":"https:\/\/my.stlflix.com\/#website","url":"https:\/\/my.stlflix.com\/","name":"MyStore - By STLFLIX","description":"","publisher":{"@id":"https:\/\/my.stlflix.com\/#organization"},"potentialAction":[{"@type":"SearchAction","target":{"@type":"EntryPoint","urlTemplate":"https:\/\/my.stlflix.com\/?s={search_term_string}"},"query-input":{"@type":"PropertyValueSpecification","valueRequired":true,"valueName":"search_term_string"}}],"inLanguage":"es-ES"},{"@type":"Organization","@id":"https:\/\/my.stlflix.com\/#organization","name":"MyStore - By STLFLIX","url":"https:\/\/my.stlflix.com\/","logo":{"@type":"ImageObject","inLanguage":"es-ES","@id":"https:\/\/my.stlflix.com\/#\/schema\/logo\/image\/","url":"https:\/\/my.stlflix.com\/wp-content\/uploads\/2024\/06\/logo-mystore.png","contentUrl":"https:\/\/my.stlflix.com\/wp-content\/uploads\/2024\/06\/logo-mystore.png","width":150,"height":41,"caption":"MyStore - By STLFLIX"},"image":{"@id":"https:\/\/my.stlflix.com\/#\/schema\/logo\/image\/"},"sameAs":["https:\/\/www.facebook.com\/STLFLIX","https:\/\/www.instagram.com\/stlflix_\/","https:\/\/www.tiktok.com\/@stlflix"]}]}},"_links":{"self":[{"href":"https:\/\/my.stlflix.com\/es\/wp-json\/wp\/v2\/product\/425043","targetHints":{"allow":["GET"]}}],"collection":[{"href":"https:\/\/my.stlflix.com\/es\/wp-json\/wp\/v2\/product"}],"about":[{"href":"https:\/\/my.stlflix.com\/es\/wp-json\/wp\/v2\/types\/product"}],"replies":[{"embeddable":true,"href":"https:\/\/my.stlflix.com\/es\/wp-json\/wp\/v2\/comments?post=425043"}],"wp:featuredmedia":[{"embeddable":true,"href":"https:\/\/my.stlflix.com\/es\/wp-json\/wp\/v2\/media\/289681"}],"wp:attachment":[{"href":"https:\/\/my.stlflix.com\/es\/wp-json\/wp\/v2\/media?parent=425043"}],"wp:term":[{"taxonomy":"product_brand","embeddable":true,"href":"https:\/\/my.stlflix.com\/es\/wp-json\/wp\/v2\/product_brand?post=425043"},{"taxonomy":"product_cat","embeddable":true,"href":"https:\/\/my.stlflix.com\/es\/wp-json\/wp\/v2\/product_cat?post=425043"},{"taxonomy":"product_tag","embeddable":true,"href":"https:\/\/my.stlflix.com\/es\/wp-json\/wp\/v2\/product_tag?post=425043"}],"curies":[{"name":"wp","href":"https:\/\/api.w.org\/{rel}","templated":true}]}}