{"id":425048,"date":"2025-08-31T09:34:19","date_gmt":"2025-08-31T09:34:19","guid":{"rendered":"https:\/\/my.stlflix.com\/?post_type=product&#038;p=425048"},"modified":"2025-09-08T20:40:46","modified_gmt":"2025-09-08T20:40:46","slug":"doodie-duty-bag-dispensers-68a76406a4027","status":"publish","type":"product","link":"https:\/\/my.stlflix.com\/es\/product\/doodie-duty-bag-dispensers-68a76406a4027\/","title":{"rendered":"Doodie Duty Bag Dispensers"},"content":{"rendered":"<p data-start=\"170\" data-end=\"242\"><strong data-start=\"170\" data-end=\"240\">Doodie Duty \u2013 Sacos sempre \u00e0 m\u00e3o para passeios sem sujidade! \ud83d\udc3e\ud83d\udecd\ufe0f<\/strong><\/p>\n<p data-start=\"244\" data-end=\"513\">Mant\u00e9m os passeios com o teu patudo \ud83d\udc36 limpos e pr\u00e1ticos com os <strong data-start=\"308\" data-end=\"338\">Doodie Duty Bag Dispensers<\/strong>!<br data-start=\"339\" data-end=\"342\" \/>Com design compacto e funcional, estes dispensadores permitem ter os sacos sempre dispon\u00edveis, facilitando a recolha de dejetos de forma r\u00e1pida, higi\u00e9nica e conveniente.<\/p>\n<p data-start=\"244\" data-end=\"513\">Tamanho: Aproximadamente 7 x 11 x 10cm<\/p>\n<p data-start=\"515\" data-end=\"700\"><strong data-start=\"515\" data-end=\"529\">Destaques:<\/strong><br data-start=\"529\" data-end=\"532\" \/>\u2714\ufe0f Dispensador compacto e pr\u00e1tico \ud83c\udf92<br data-start=\"568\" data-end=\"571\" \/>\u2714\ufe0f Sacos sempre acess\u00edveis para passeios \ud83d\udc3e<br data-start=\"614\" data-end=\"617\" \/>\u2714\ufe0f Leve e f\u00e1cil de transportar \ud83d\udeb6\u200d\u2642\ufe0f<br data-start=\"653\" data-end=\"656\" \/>\u2714\ufe0f Ideal para c\u00e3es de todos os tamanhos \ud83d\udc36<\/p>\n<p data-start=\"702\" data-end=\"789\">Torna os passeios mais simples e organizados com os <strong data-start=\"754\" data-end=\"784\">Doodie Duty Bag Dispensers<\/strong> \ud83d\udc96<\/p>\n<p data-start=\"702\" data-end=\"789\"><strong>Gostou do modelo? Fa\u00e7a j\u00e1 a sua encomenda enviando uma mensagem para o nosso Instagram! Basta clicar <a href=\"https:\/\/www.instagram.com\/mind_3d_\/\" target=\"_blank\" rel=\"noopener\">aqui \u2197<\/a> e indicar o nome do artigo.<\/strong><\/p>\n","protected":false},"excerpt":{"rendered":"<p>Doodie Duty \u2013 Sacos sempre \u00e0 m\u00e3o para passeios sem sujidade! \ud83d\udc3e\ud83d\udecd\ufe0f Mant\u00e9m os passeios com o teu patudo \ud83d\udc36 limpos e pr\u00e1ticos com os Doodie Duty Bag Dispensers!Com design compacto e funcional, estes dispensadores permitem ter os sacos sempre dispon\u00edveis, facilitando a recolha de dejetos de forma r\u00e1pida, higi\u00e9nica e conveniente. Tamanho: Aproximadamente 7 [&hellip;]<\/p>\n","protected":false},"featured_media":271377,"comment_status":"open","ping_status":"closed","template":"","meta":[],"product_brand":[],"product_cat":[15],"product_tag":[553],"class_list":{"0":"post-425048","1":"product","2":"type-product","3":"status-publish","4":"has-post-thumbnail","6":"product_cat-uncategorized","7":"product_tag-animais","9":"first","10":"instock","11":"sold-individually","12":"taxable","13":"shipping-taxable","14":"product-type-simple"},"yoast_head":"<!-- This site is optimized with the Yoast SEO plugin v25.1 - https:\/\/yoast.com\/wordpress\/plugins\/seo\/ -->\n<title>Doodie Duty Bag Dispensers - MyStore - By STLFLIX<\/title>\n<meta name=\"robots\" content=\"index, follow, max-snippet:-1, max-image-preview:large, max-video-preview:-1\" \/>\n<link rel=\"canonical\" href=\"https:\/\/www.monitorstlflix.com\/product\/doodie-duty-bag-dispensers-68a76406a4027\/\" \/>\n<meta property=\"og:locale\" content=\"es_ES\" \/>\n<meta property=\"og:type\" content=\"article\" \/>\n<meta property=\"og:title\" content=\"Doodie Duty Bag Dispensers - MyStore - By STLFLIX\" \/>\n<meta property=\"og:description\" content=\"Doodie Duty \u2013 Sacos sempre \u00e0 m\u00e3o para passeios sem sujidade! \ud83d\udc3e\ud83d\udecd\ufe0f Mant\u00e9m os passeios com o teu patudo \ud83d\udc36 limpos e pr\u00e1ticos com os Doodie Duty Bag Dispensers!Com design compacto e funcional, estes dispensadores permitem ter os sacos sempre dispon\u00edveis, facilitando a recolha de dejetos de forma r\u00e1pida, higi\u00e9nica e conveniente. Tamanho: Aproximadamente 7 [&hellip;]\" \/>\n<meta property=\"og:url\" content=\"https:\/\/www.monitorstlflix.com\/product\/doodie-duty-bag-dispensers-68a76406a4027\/\" \/>\n<meta property=\"og:site_name\" content=\"MyStore - By STLFLIX\" \/>\n<meta property=\"article:publisher\" content=\"https:\/\/www.facebook.com\/STLFLIX\" \/>\n<meta property=\"article:modified_time\" content=\"2025-09-08T20:40:46+00:00\" \/>\n<meta property=\"og:image\" content=\"https:\/\/www.monitorstlflix.com\/wp-content\/uploads\/2025\/02\/Doodie_Duty_Bag_Dispenserthumb_08e3f4324a.jpg\" \/>\n\t<meta property=\"og:image:width\" content=\"1080\" \/>\n\t<meta property=\"og:image:height\" content=\"1350\" \/>\n\t<meta property=\"og:image:type\" content=\"image\/jpeg\" \/>\n<meta name=\"twitter:card\" content=\"summary_large_image\" \/>\n<meta name=\"twitter:label1\" content=\"Est. reading time\" \/>\n\t<meta name=\"twitter:data1\" content=\"1 minute\" \/>\n<script type=\"application\/ld+json\" class=\"yoast-schema-graph\">{\"@context\":\"https:\/\/schema.org\",\"@graph\":[{\"@type\":\"WebPage\",\"@id\":\"https:\/\/www.monitorstlflix.com\/product\/doodie-duty-bag-dispensers-68a76406a4027\/\",\"url\":\"https:\/\/www.monitorstlflix.com\/product\/doodie-duty-bag-dispensers-68a76406a4027\/\",\"name\":\"Doodie Duty Bag Dispensers - MyStore - By STLFLIX\",\"isPartOf\":{\"@id\":\"https:\/\/my.stlflix.com\/#website\"},\"primaryImageOfPage\":{\"@id\":\"https:\/\/www.monitorstlflix.com\/product\/doodie-duty-bag-dispensers-68a76406a4027\/#primaryimage\"},\"image\":{\"@id\":\"https:\/\/www.monitorstlflix.com\/product\/doodie-duty-bag-dispensers-68a76406a4027\/#primaryimage\"},\"thumbnailUrl\":\"https:\/\/my.stlflix.com\/wp-content\/uploads\/2025\/02\/Doodie_Duty_Bag_Dispenserthumb_08e3f4324a.jpg\",\"datePublished\":\"2025-08-31T09:34:19+00:00\",\"dateModified\":\"2025-09-08T20:40:46+00:00\",\"breadcrumb\":{\"@id\":\"https:\/\/www.monitorstlflix.com\/product\/doodie-duty-bag-dispensers-68a76406a4027\/#breadcrumb\"},\"inLanguage\":\"es-ES\",\"potentialAction\":[{\"@type\":\"ReadAction\",\"target\":[\"https:\/\/www.monitorstlflix.com\/product\/doodie-duty-bag-dispensers-68a76406a4027\/\"]}]},{\"@type\":\"ImageObject\",\"inLanguage\":\"es-ES\",\"@id\":\"https:\/\/www.monitorstlflix.com\/product\/doodie-duty-bag-dispensers-68a76406a4027\/#primaryimage\",\"url\":\"https:\/\/my.stlflix.com\/wp-content\/uploads\/2025\/02\/Doodie_Duty_Bag_Dispenserthumb_08e3f4324a.jpg\",\"contentUrl\":\"https:\/\/my.stlflix.com\/wp-content\/uploads\/2025\/02\/Doodie_Duty_Bag_Dispenserthumb_08e3f4324a.jpg\",\"width\":1080,\"height\":1350},{\"@type\":\"BreadcrumbList\",\"@id\":\"https:\/\/www.monitorstlflix.com\/product\/doodie-duty-bag-dispensers-68a76406a4027\/#breadcrumb\",\"itemListElement\":[{\"@type\":\"ListItem\",\"position\":1,\"name\":\"Home\",\"item\":\"https:\/\/www.stlflix-store.com\/\"},{\"@type\":\"ListItem\",\"position\":2,\"name\":\"Products\",\"item\":\"https:\/\/www.stlflix-store.com\/shop\/\"},{\"@type\":\"ListItem\",\"position\":3,\"name\":\"Doodie Duty Bag Dispensers\"}]},{\"@type\":\"WebSite\",\"@id\":\"https:\/\/my.stlflix.com\/#website\",\"url\":\"https:\/\/my.stlflix.com\/\",\"name\":\"MyStore - By STLFLIX\",\"description\":\"\",\"publisher\":{\"@id\":\"https:\/\/my.stlflix.com\/#organization\"},\"potentialAction\":[{\"@type\":\"SearchAction\",\"target\":{\"@type\":\"EntryPoint\",\"urlTemplate\":\"https:\/\/my.stlflix.com\/?s={search_term_string}\"},\"query-input\":{\"@type\":\"PropertyValueSpecification\",\"valueRequired\":true,\"valueName\":\"search_term_string\"}}],\"inLanguage\":\"es-ES\"},{\"@type\":\"Organization\",\"@id\":\"https:\/\/my.stlflix.com\/#organization\",\"name\":\"MyStore - By STLFLIX\",\"url\":\"https:\/\/my.stlflix.com\/\",\"logo\":{\"@type\":\"ImageObject\",\"inLanguage\":\"es-ES\",\"@id\":\"https:\/\/my.stlflix.com\/#\/schema\/logo\/image\/\",\"url\":\"https:\/\/my.stlflix.com\/wp-content\/uploads\/2024\/06\/logo-mystore.png\",\"contentUrl\":\"https:\/\/my.stlflix.com\/wp-content\/uploads\/2024\/06\/logo-mystore.png\",\"width\":150,\"height\":41,\"caption\":\"MyStore - By STLFLIX\"},\"image\":{\"@id\":\"https:\/\/my.stlflix.com\/#\/schema\/logo\/image\/\"},\"sameAs\":[\"https:\/\/www.facebook.com\/STLFLIX\",\"https:\/\/www.instagram.com\/stlflix_\/\",\"https:\/\/www.tiktok.com\/@stlflix\"]}]}<\/script>\n<!-- \/ Yoast SEO plugin. -->","yoast_head_json":{"title":"Doodie Duty Bag Dispensers - MyStore - By STLFLIX","robots":{"index":"index","follow":"follow","max-snippet":"max-snippet:-1","max-image-preview":"max-image-preview:large","max-video-preview":"max-video-preview:-1"},"canonical":"https:\/\/www.monitorstlflix.com\/product\/doodie-duty-bag-dispensers-68a76406a4027\/","og_locale":"es_ES","og_type":"article","og_title":"Doodie Duty Bag Dispensers - MyStore - By STLFLIX","og_description":"Doodie Duty \u2013 Sacos sempre \u00e0 m\u00e3o para passeios sem sujidade! \ud83d\udc3e\ud83d\udecd\ufe0f Mant\u00e9m os passeios com o teu patudo \ud83d\udc36 limpos e pr\u00e1ticos com os Doodie Duty Bag Dispensers!Com design compacto e funcional, estes dispensadores permitem ter os sacos sempre dispon\u00edveis, facilitando a recolha de dejetos de forma r\u00e1pida, higi\u00e9nica e conveniente. Tamanho: Aproximadamente 7 [&hellip;]","og_url":"https:\/\/www.monitorstlflix.com\/product\/doodie-duty-bag-dispensers-68a76406a4027\/","og_site_name":"MyStore - By STLFLIX","article_publisher":"https:\/\/www.facebook.com\/STLFLIX","article_modified_time":"2025-09-08T20:40:46+00:00","og_image":[{"width":1080,"height":1350,"url":"https:\/\/www.monitorstlflix.com\/wp-content\/uploads\/2025\/02\/Doodie_Duty_Bag_Dispenserthumb_08e3f4324a.jpg","type":"image\/jpeg"}],"twitter_card":"summary_large_image","twitter_misc":{"Est. reading time":"1 minute"},"schema":{"@context":"https:\/\/schema.org","@graph":[{"@type":"WebPage","@id":"https:\/\/www.monitorstlflix.com\/product\/doodie-duty-bag-dispensers-68a76406a4027\/","url":"https:\/\/www.monitorstlflix.com\/product\/doodie-duty-bag-dispensers-68a76406a4027\/","name":"Doodie Duty Bag Dispensers - MyStore - By STLFLIX","isPartOf":{"@id":"https:\/\/my.stlflix.com\/#website"},"primaryImageOfPage":{"@id":"https:\/\/www.monitorstlflix.com\/product\/doodie-duty-bag-dispensers-68a76406a4027\/#primaryimage"},"image":{"@id":"https:\/\/www.monitorstlflix.com\/product\/doodie-duty-bag-dispensers-68a76406a4027\/#primaryimage"},"thumbnailUrl":"https:\/\/my.stlflix.com\/wp-content\/uploads\/2025\/02\/Doodie_Duty_Bag_Dispenserthumb_08e3f4324a.jpg","datePublished":"2025-08-31T09:34:19+00:00","dateModified":"2025-09-08T20:40:46+00:00","breadcrumb":{"@id":"https:\/\/www.monitorstlflix.com\/product\/doodie-duty-bag-dispensers-68a76406a4027\/#breadcrumb"},"inLanguage":"es-ES","potentialAction":[{"@type":"ReadAction","target":["https:\/\/www.monitorstlflix.com\/product\/doodie-duty-bag-dispensers-68a76406a4027\/"]}]},{"@type":"ImageObject","inLanguage":"es-ES","@id":"https:\/\/www.monitorstlflix.com\/product\/doodie-duty-bag-dispensers-68a76406a4027\/#primaryimage","url":"https:\/\/my.stlflix.com\/wp-content\/uploads\/2025\/02\/Doodie_Duty_Bag_Dispenserthumb_08e3f4324a.jpg","contentUrl":"https:\/\/my.stlflix.com\/wp-content\/uploads\/2025\/02\/Doodie_Duty_Bag_Dispenserthumb_08e3f4324a.jpg","width":1080,"height":1350},{"@type":"BreadcrumbList","@id":"https:\/\/www.monitorstlflix.com\/product\/doodie-duty-bag-dispensers-68a76406a4027\/#breadcrumb","itemListElement":[{"@type":"ListItem","position":1,"name":"Home","item":"https:\/\/www.stlflix-store.com\/"},{"@type":"ListItem","position":2,"name":"Products","item":"https:\/\/www.stlflix-store.com\/shop\/"},{"@type":"ListItem","position":3,"name":"Doodie Duty Bag Dispensers"}]},{"@type":"WebSite","@id":"https:\/\/my.stlflix.com\/#website","url":"https:\/\/my.stlflix.com\/","name":"MyStore - By STLFLIX","description":"","publisher":{"@id":"https:\/\/my.stlflix.com\/#organization"},"potentialAction":[{"@type":"SearchAction","target":{"@type":"EntryPoint","urlTemplate":"https:\/\/my.stlflix.com\/?s={search_term_string}"},"query-input":{"@type":"PropertyValueSpecification","valueRequired":true,"valueName":"search_term_string"}}],"inLanguage":"es-ES"},{"@type":"Organization","@id":"https:\/\/my.stlflix.com\/#organization","name":"MyStore - By STLFLIX","url":"https:\/\/my.stlflix.com\/","logo":{"@type":"ImageObject","inLanguage":"es-ES","@id":"https:\/\/my.stlflix.com\/#\/schema\/logo\/image\/","url":"https:\/\/my.stlflix.com\/wp-content\/uploads\/2024\/06\/logo-mystore.png","contentUrl":"https:\/\/my.stlflix.com\/wp-content\/uploads\/2024\/06\/logo-mystore.png","width":150,"height":41,"caption":"MyStore - By STLFLIX"},"image":{"@id":"https:\/\/my.stlflix.com\/#\/schema\/logo\/image\/"},"sameAs":["https:\/\/www.facebook.com\/STLFLIX","https:\/\/www.instagram.com\/stlflix_\/","https:\/\/www.tiktok.com\/@stlflix"]}]}},"_links":{"self":[{"href":"https:\/\/my.stlflix.com\/es\/wp-json\/wp\/v2\/product\/425048","targetHints":{"allow":["GET"]}}],"collection":[{"href":"https:\/\/my.stlflix.com\/es\/wp-json\/wp\/v2\/product"}],"about":[{"href":"https:\/\/my.stlflix.com\/es\/wp-json\/wp\/v2\/types\/product"}],"replies":[{"embeddable":true,"href":"https:\/\/my.stlflix.com\/es\/wp-json\/wp\/v2\/comments?post=425048"}],"wp:featuredmedia":[{"embeddable":true,"href":"https:\/\/my.stlflix.com\/es\/wp-json\/wp\/v2\/media\/271377"}],"wp:attachment":[{"href":"https:\/\/my.stlflix.com\/es\/wp-json\/wp\/v2\/media?parent=425048"}],"wp:term":[{"taxonomy":"product_brand","embeddable":true,"href":"https:\/\/my.stlflix.com\/es\/wp-json\/wp\/v2\/product_brand?post=425048"},{"taxonomy":"product_cat","embeddable":true,"href":"https:\/\/my.stlflix.com\/es\/wp-json\/wp\/v2\/product_cat?post=425048"},{"taxonomy":"product_tag","embeddable":true,"href":"https:\/\/my.stlflix.com\/es\/wp-json\/wp\/v2\/product_tag?post=425048"}],"curies":[{"name":"wp","href":"https:\/\/api.w.org\/{rel}","templated":true}]}}