{"id":425049,"date":"2025-08-31T09:33:31","date_gmt":"2025-08-31T09:33:31","guid":{"rendered":"https:\/\/my.stlflix.com\/?post_type=product&#038;p=425049"},"modified":"2025-09-08T20:42:45","modified_gmt":"2025-09-08T20:42:45","slug":"pawsh-service-pet-bowl-stand-68a764082f433","status":"publish","type":"product","link":"https:\/\/my.stlflix.com\/es\/product\/pawsh-service-pet-bowl-stand-68a764082f433\/","title":{"rendered":"Pawsh Service Pet Bowl Stand"},"content":{"rendered":"<p data-start=\"172\" data-end=\"251\"><strong data-start=\"172\" data-end=\"249\">Pawsh Service \u2013 O suporte elegante para as refei\u00e7\u00f5es do teu patudo! \ud83d\udc3e\ud83c\udf7d\ufe0f<\/strong><\/p>\n<p data-start=\"253\" data-end=\"550\">Eleva o momento da refei\u00e7\u00e3o do teu animal \ud83d\udc36\ud83d\udc31 com o <strong data-start=\"306\" data-end=\"338\">Pawsh Service Pet Bowl Stand<\/strong>!<br data-start=\"339\" data-end=\"342\" \/>Com design moderno e acabamento de qualidade \ud83c\udf1f, este suporte mant\u00e9m as tigelas est\u00e1veis e ajuda a melhorar a postura do teu patudo durante as refei\u00e7\u00f5es, tornando cada refei\u00e7\u00e3o mais confort\u00e1vel e higi\u00e9nica.<\/p>\n<p data-start=\"253\" data-end=\"550\">Tamanho: Aproximadamente 22 x 16 x 16cm<\/p>\n<p data-start=\"552\" data-end=\"767\"><strong data-start=\"552\" data-end=\"566\">Destaques:<\/strong><br data-start=\"566\" data-end=\"569\" \/>\u2714\ufe0f Design elegante e funcional \u2728<br data-start=\"601\" data-end=\"604\" \/>\u2714\ufe0f Mant\u00e9m as tigelas est\u00e1veis durante a refei\u00e7\u00e3o \ud83c\udf7d\ufe0f<br data-start=\"656\" data-end=\"659\" \/>\u2714\ufe0f Feito com materiais duradouros e f\u00e1ceis de limpar \ud83e\uddfd<br data-start=\"714\" data-end=\"717\" \/>\u2714\ufe0f Ideal para c\u00e3es e gatos de todas as idades \ud83d\udc3e<\/p>\n<p data-start=\"769\" data-end=\"865\">Oferece ao teu patudo o conforto e estilo que merece com o <strong data-start=\"828\" data-end=\"860\">Pawsh Service Pet Bowl Stand<\/strong> \ud83d\udc96<\/p>\n<p data-start=\"769\" data-end=\"865\"><strong>Gostou do modelo? Fa\u00e7a j\u00e1 a sua encomenda enviando uma mensagem para o nosso Instagram! Basta clicar <a href=\"https:\/\/www.instagram.com\/mind_3d_\/\" target=\"_blank\" rel=\"noopener\">aqui \u2197<\/a> e indicar o nome do artigo.<\/strong><\/p>\n","protected":false},"excerpt":{"rendered":"<p>Pawsh Service \u2013 O suporte elegante para as refei\u00e7\u00f5es do teu patudo! \ud83d\udc3e\ud83c\udf7d\ufe0f Eleva o momento da refei\u00e7\u00e3o do teu animal \ud83d\udc36\ud83d\udc31 com o Pawsh Service Pet Bowl Stand!Com design moderno e acabamento de qualidade \ud83c\udf1f, este suporte mant\u00e9m as tigelas est\u00e1veis e ajuda a melhorar a postura do teu patudo durante as refei\u00e7\u00f5es, tornando [&hellip;]<\/p>\n","protected":false},"featured_media":271596,"comment_status":"open","ping_status":"closed","template":"","meta":[],"product_brand":[],"product_cat":[15],"product_tag":[553],"class_list":{"0":"post-425049","1":"product","2":"type-product","3":"status-publish","4":"has-post-thumbnail","6":"product_cat-uncategorized","7":"product_tag-animais","9":"first","10":"instock","11":"sold-individually","12":"taxable","13":"shipping-taxable","14":"product-type-simple"},"yoast_head":"<!-- This site is optimized with the Yoast SEO plugin v25.1 - https:\/\/yoast.com\/wordpress\/plugins\/seo\/ -->\n<title>Pawsh Service Pet Bowl Stand - MyStore - By STLFLIX<\/title>\n<meta name=\"robots\" content=\"index, follow, max-snippet:-1, max-image-preview:large, max-video-preview:-1\" \/>\n<link rel=\"canonical\" href=\"https:\/\/www.monitorstlflix.com\/product\/pawsh-service-pet-bowl-stand-68a764082f433\/\" \/>\n<meta property=\"og:locale\" content=\"es_ES\" \/>\n<meta property=\"og:type\" content=\"article\" \/>\n<meta property=\"og:title\" content=\"Pawsh Service Pet Bowl Stand - MyStore - By STLFLIX\" \/>\n<meta property=\"og:description\" content=\"Pawsh Service \u2013 O suporte elegante para as refei\u00e7\u00f5es do teu patudo! \ud83d\udc3e\ud83c\udf7d\ufe0f Eleva o momento da refei\u00e7\u00e3o do teu animal \ud83d\udc36\ud83d\udc31 com o Pawsh Service Pet Bowl Stand!Com design moderno e acabamento de qualidade \ud83c\udf1f, este suporte mant\u00e9m as tigelas est\u00e1veis e ajuda a melhorar a postura do teu patudo durante as refei\u00e7\u00f5es, tornando [&hellip;]\" \/>\n<meta property=\"og:url\" content=\"https:\/\/www.monitorstlflix.com\/product\/pawsh-service-pet-bowl-stand-68a764082f433\/\" \/>\n<meta property=\"og:site_name\" content=\"MyStore - By STLFLIX\" \/>\n<meta property=\"article:publisher\" content=\"https:\/\/www.facebook.com\/STLFLIX\" \/>\n<meta property=\"article:modified_time\" content=\"2025-09-08T20:42:45+00:00\" \/>\n<meta property=\"og:image\" content=\"https:\/\/www.monitorstlflix.com\/wp-content\/uploads\/2025\/02\/Pawsh_Service_Pet_Bowl_Standthumb_7e4a7d2f01.jpg\" \/>\n\t<meta property=\"og:image:width\" content=\"1080\" \/>\n\t<meta property=\"og:image:height\" content=\"1350\" \/>\n\t<meta property=\"og:image:type\" content=\"image\/jpeg\" \/>\n<meta name=\"twitter:card\" content=\"summary_large_image\" \/>\n<meta name=\"twitter:label1\" content=\"Est. reading time\" \/>\n\t<meta name=\"twitter:data1\" content=\"1 minute\" \/>\n<script type=\"application\/ld+json\" class=\"yoast-schema-graph\">{\"@context\":\"https:\/\/schema.org\",\"@graph\":[{\"@type\":\"WebPage\",\"@id\":\"https:\/\/www.monitorstlflix.com\/product\/pawsh-service-pet-bowl-stand-68a764082f433\/\",\"url\":\"https:\/\/www.monitorstlflix.com\/product\/pawsh-service-pet-bowl-stand-68a764082f433\/\",\"name\":\"Pawsh Service Pet Bowl Stand - MyStore - By STLFLIX\",\"isPartOf\":{\"@id\":\"https:\/\/my.stlflix.com\/#website\"},\"primaryImageOfPage\":{\"@id\":\"https:\/\/www.monitorstlflix.com\/product\/pawsh-service-pet-bowl-stand-68a764082f433\/#primaryimage\"},\"image\":{\"@id\":\"https:\/\/www.monitorstlflix.com\/product\/pawsh-service-pet-bowl-stand-68a764082f433\/#primaryimage\"},\"thumbnailUrl\":\"https:\/\/my.stlflix.com\/wp-content\/uploads\/2025\/02\/Pawsh_Service_Pet_Bowl_Standthumb_7e4a7d2f01.jpg\",\"datePublished\":\"2025-08-31T09:33:31+00:00\",\"dateModified\":\"2025-09-08T20:42:45+00:00\",\"breadcrumb\":{\"@id\":\"https:\/\/www.monitorstlflix.com\/product\/pawsh-service-pet-bowl-stand-68a764082f433\/#breadcrumb\"},\"inLanguage\":\"es-ES\",\"potentialAction\":[{\"@type\":\"ReadAction\",\"target\":[\"https:\/\/www.monitorstlflix.com\/product\/pawsh-service-pet-bowl-stand-68a764082f433\/\"]}]},{\"@type\":\"ImageObject\",\"inLanguage\":\"es-ES\",\"@id\":\"https:\/\/www.monitorstlflix.com\/product\/pawsh-service-pet-bowl-stand-68a764082f433\/#primaryimage\",\"url\":\"https:\/\/my.stlflix.com\/wp-content\/uploads\/2025\/02\/Pawsh_Service_Pet_Bowl_Standthumb_7e4a7d2f01.jpg\",\"contentUrl\":\"https:\/\/my.stlflix.com\/wp-content\/uploads\/2025\/02\/Pawsh_Service_Pet_Bowl_Standthumb_7e4a7d2f01.jpg\",\"width\":1080,\"height\":1350},{\"@type\":\"BreadcrumbList\",\"@id\":\"https:\/\/www.monitorstlflix.com\/product\/pawsh-service-pet-bowl-stand-68a764082f433\/#breadcrumb\",\"itemListElement\":[{\"@type\":\"ListItem\",\"position\":1,\"name\":\"Home\",\"item\":\"https:\/\/www.stlflix-store.com\/\"},{\"@type\":\"ListItem\",\"position\":2,\"name\":\"Products\",\"item\":\"https:\/\/www.stlflix-store.com\/shop\/\"},{\"@type\":\"ListItem\",\"position\":3,\"name\":\"Pawsh Service Pet Bowl Stand\"}]},{\"@type\":\"WebSite\",\"@id\":\"https:\/\/my.stlflix.com\/#website\",\"url\":\"https:\/\/my.stlflix.com\/\",\"name\":\"MyStore - By STLFLIX\",\"description\":\"\",\"publisher\":{\"@id\":\"https:\/\/my.stlflix.com\/#organization\"},\"potentialAction\":[{\"@type\":\"SearchAction\",\"target\":{\"@type\":\"EntryPoint\",\"urlTemplate\":\"https:\/\/my.stlflix.com\/?s={search_term_string}\"},\"query-input\":{\"@type\":\"PropertyValueSpecification\",\"valueRequired\":true,\"valueName\":\"search_term_string\"}}],\"inLanguage\":\"es-ES\"},{\"@type\":\"Organization\",\"@id\":\"https:\/\/my.stlflix.com\/#organization\",\"name\":\"MyStore - By STLFLIX\",\"url\":\"https:\/\/my.stlflix.com\/\",\"logo\":{\"@type\":\"ImageObject\",\"inLanguage\":\"es-ES\",\"@id\":\"https:\/\/my.stlflix.com\/#\/schema\/logo\/image\/\",\"url\":\"https:\/\/my.stlflix.com\/wp-content\/uploads\/2024\/06\/logo-mystore.png\",\"contentUrl\":\"https:\/\/my.stlflix.com\/wp-content\/uploads\/2024\/06\/logo-mystore.png\",\"width\":150,\"height\":41,\"caption\":\"MyStore - By STLFLIX\"},\"image\":{\"@id\":\"https:\/\/my.stlflix.com\/#\/schema\/logo\/image\/\"},\"sameAs\":[\"https:\/\/www.facebook.com\/STLFLIX\",\"https:\/\/www.instagram.com\/stlflix_\/\",\"https:\/\/www.tiktok.com\/@stlflix\"]}]}<\/script>\n<!-- \/ Yoast SEO plugin. -->","yoast_head_json":{"title":"Pawsh Service Pet Bowl Stand - MyStore - By STLFLIX","robots":{"index":"index","follow":"follow","max-snippet":"max-snippet:-1","max-image-preview":"max-image-preview:large","max-video-preview":"max-video-preview:-1"},"canonical":"https:\/\/www.monitorstlflix.com\/product\/pawsh-service-pet-bowl-stand-68a764082f433\/","og_locale":"es_ES","og_type":"article","og_title":"Pawsh Service Pet Bowl Stand - MyStore - By STLFLIX","og_description":"Pawsh Service \u2013 O suporte elegante para as refei\u00e7\u00f5es do teu patudo! \ud83d\udc3e\ud83c\udf7d\ufe0f Eleva o momento da refei\u00e7\u00e3o do teu animal \ud83d\udc36\ud83d\udc31 com o Pawsh Service Pet Bowl Stand!Com design moderno e acabamento de qualidade \ud83c\udf1f, este suporte mant\u00e9m as tigelas est\u00e1veis e ajuda a melhorar a postura do teu patudo durante as refei\u00e7\u00f5es, tornando [&hellip;]","og_url":"https:\/\/www.monitorstlflix.com\/product\/pawsh-service-pet-bowl-stand-68a764082f433\/","og_site_name":"MyStore - By STLFLIX","article_publisher":"https:\/\/www.facebook.com\/STLFLIX","article_modified_time":"2025-09-08T20:42:45+00:00","og_image":[{"width":1080,"height":1350,"url":"https:\/\/www.monitorstlflix.com\/wp-content\/uploads\/2025\/02\/Pawsh_Service_Pet_Bowl_Standthumb_7e4a7d2f01.jpg","type":"image\/jpeg"}],"twitter_card":"summary_large_image","twitter_misc":{"Est. reading time":"1 minute"},"schema":{"@context":"https:\/\/schema.org","@graph":[{"@type":"WebPage","@id":"https:\/\/www.monitorstlflix.com\/product\/pawsh-service-pet-bowl-stand-68a764082f433\/","url":"https:\/\/www.monitorstlflix.com\/product\/pawsh-service-pet-bowl-stand-68a764082f433\/","name":"Pawsh Service Pet Bowl Stand - MyStore - By STLFLIX","isPartOf":{"@id":"https:\/\/my.stlflix.com\/#website"},"primaryImageOfPage":{"@id":"https:\/\/www.monitorstlflix.com\/product\/pawsh-service-pet-bowl-stand-68a764082f433\/#primaryimage"},"image":{"@id":"https:\/\/www.monitorstlflix.com\/product\/pawsh-service-pet-bowl-stand-68a764082f433\/#primaryimage"},"thumbnailUrl":"https:\/\/my.stlflix.com\/wp-content\/uploads\/2025\/02\/Pawsh_Service_Pet_Bowl_Standthumb_7e4a7d2f01.jpg","datePublished":"2025-08-31T09:33:31+00:00","dateModified":"2025-09-08T20:42:45+00:00","breadcrumb":{"@id":"https:\/\/www.monitorstlflix.com\/product\/pawsh-service-pet-bowl-stand-68a764082f433\/#breadcrumb"},"inLanguage":"es-ES","potentialAction":[{"@type":"ReadAction","target":["https:\/\/www.monitorstlflix.com\/product\/pawsh-service-pet-bowl-stand-68a764082f433\/"]}]},{"@type":"ImageObject","inLanguage":"es-ES","@id":"https:\/\/www.monitorstlflix.com\/product\/pawsh-service-pet-bowl-stand-68a764082f433\/#primaryimage","url":"https:\/\/my.stlflix.com\/wp-content\/uploads\/2025\/02\/Pawsh_Service_Pet_Bowl_Standthumb_7e4a7d2f01.jpg","contentUrl":"https:\/\/my.stlflix.com\/wp-content\/uploads\/2025\/02\/Pawsh_Service_Pet_Bowl_Standthumb_7e4a7d2f01.jpg","width":1080,"height":1350},{"@type":"BreadcrumbList","@id":"https:\/\/www.monitorstlflix.com\/product\/pawsh-service-pet-bowl-stand-68a764082f433\/#breadcrumb","itemListElement":[{"@type":"ListItem","position":1,"name":"Home","item":"https:\/\/www.stlflix-store.com\/"},{"@type":"ListItem","position":2,"name":"Products","item":"https:\/\/www.stlflix-store.com\/shop\/"},{"@type":"ListItem","position":3,"name":"Pawsh Service Pet Bowl Stand"}]},{"@type":"WebSite","@id":"https:\/\/my.stlflix.com\/#website","url":"https:\/\/my.stlflix.com\/","name":"MyStore - By STLFLIX","description":"","publisher":{"@id":"https:\/\/my.stlflix.com\/#organization"},"potentialAction":[{"@type":"SearchAction","target":{"@type":"EntryPoint","urlTemplate":"https:\/\/my.stlflix.com\/?s={search_term_string}"},"query-input":{"@type":"PropertyValueSpecification","valueRequired":true,"valueName":"search_term_string"}}],"inLanguage":"es-ES"},{"@type":"Organization","@id":"https:\/\/my.stlflix.com\/#organization","name":"MyStore - By STLFLIX","url":"https:\/\/my.stlflix.com\/","logo":{"@type":"ImageObject","inLanguage":"es-ES","@id":"https:\/\/my.stlflix.com\/#\/schema\/logo\/image\/","url":"https:\/\/my.stlflix.com\/wp-content\/uploads\/2024\/06\/logo-mystore.png","contentUrl":"https:\/\/my.stlflix.com\/wp-content\/uploads\/2024\/06\/logo-mystore.png","width":150,"height":41,"caption":"MyStore - By STLFLIX"},"image":{"@id":"https:\/\/my.stlflix.com\/#\/schema\/logo\/image\/"},"sameAs":["https:\/\/www.facebook.com\/STLFLIX","https:\/\/www.instagram.com\/stlflix_\/","https:\/\/www.tiktok.com\/@stlflix"]}]}},"_links":{"self":[{"href":"https:\/\/my.stlflix.com\/es\/wp-json\/wp\/v2\/product\/425049","targetHints":{"allow":["GET"]}}],"collection":[{"href":"https:\/\/my.stlflix.com\/es\/wp-json\/wp\/v2\/product"}],"about":[{"href":"https:\/\/my.stlflix.com\/es\/wp-json\/wp\/v2\/types\/product"}],"replies":[{"embeddable":true,"href":"https:\/\/my.stlflix.com\/es\/wp-json\/wp\/v2\/comments?post=425049"}],"wp:featuredmedia":[{"embeddable":true,"href":"https:\/\/my.stlflix.com\/es\/wp-json\/wp\/v2\/media\/271596"}],"wp:attachment":[{"href":"https:\/\/my.stlflix.com\/es\/wp-json\/wp\/v2\/media?parent=425049"}],"wp:term":[{"taxonomy":"product_brand","embeddable":true,"href":"https:\/\/my.stlflix.com\/es\/wp-json\/wp\/v2\/product_brand?post=425049"},{"taxonomy":"product_cat","embeddable":true,"href":"https:\/\/my.stlflix.com\/es\/wp-json\/wp\/v2\/product_cat?post=425049"},{"taxonomy":"product_tag","embeddable":true,"href":"https:\/\/my.stlflix.com\/es\/wp-json\/wp\/v2\/product_tag?post=425049"}],"curies":[{"name":"wp","href":"https:\/\/api.w.org\/{rel}","templated":true}]}}