{"id":426969,"date":"2025-08-26T21:55:34","date_gmt":"2025-08-26T21:55:34","guid":{"rendered":"https:\/\/my.stlflix.com\/?post_type=product&#038;p=426969"},"modified":"2025-08-28T17:32:58","modified_gmt":"2025-08-28T17:32:58","slug":"skubbies-scorchi-68ae2436725e6","status":"publish","type":"product","link":"https:\/\/my.stlflix.com\/es\/product\/skubbies-scorchi-68ae2436725e6\/","title":{"rendered":"Chaveiro Colecion\u00e1vel Skubbies Scorchi(O Drag\u00e3o) Estilo Labubu- Impress\u00e3o 3D"},"content":{"rendered":"<p>Voc\u00ea conhece os Skubbies? Eles s\u00e3o uma cole\u00e7\u00e3o de chaveiros com o tema de caveira com v\u00e1rias roupas e express\u00f5es diferentes! Esse \u00e9 o modelo Scorchi, tem opini\u00f5es fortes e uma pequena chama no cora\u00e7\u00e3o.<\/p>\n<p>Especifica\u00e7\u00f5es:<br \/>\nFeito em impressora 3D<br \/>\nMaterial usado \u00e9 o PLA (biodegrad\u00e1vel)<\/p>\n<p>Tamanho:<br \/>\n-Altura 10 cm<br \/>\n-Largura 6 cm<br \/>\n-Comprimento 6,5 cm<\/p>\n<p>OBS: A IMPRESS\u00c3O \u00c9 FEITA EM APENAS 2 CORES, ROSTO DA COR BRANCA E O RESTO DO CORPO NA COR SELECIONADA, AS IMAGENS COLORIDAS S\u00c3O MERAMENTE ILUSTRATIVAS!!<\/p>\n","protected":false},"excerpt":{"rendered":"<p>Voc\u00ea conhece os Skubbies? Eles s\u00e3o uma cole\u00e7\u00e3o de chaveiros com o tema de caveira com v\u00e1rias roupas e express\u00f5es diferentes! Esse \u00e9 o modelo Scorchi, tem opini\u00f5es fortes e uma pequena chama no cora\u00e7\u00e3o. Especifica\u00e7\u00f5es: Feito em impressora 3D Material usado \u00e9 o PLA (biodegrad\u00e1vel) Tamanho: -Altura 10 cm -Largura 6 cm -Comprimento 6,5 [&hellip;]<\/p>\n","protected":false},"featured_media":402181,"comment_status":"open","ping_status":"closed","template":"","meta":[],"product_brand":[],"product_cat":[15],"product_tag":[1940,1564,6352],"class_list":{"0":"post-426969","1":"product","2":"type-product","3":"status-publish","4":"has-post-thumbnail","6":"product_cat-uncategorized","7":"product_tag-keychain-2","8":"product_tag-chaveiro","9":"product_tag-labubu","11":"first","12":"onbackorder","13":"shipping-taxable","14":"purchasable","15":"product-type-variable","16":"has-default-attributes"},"yoast_head":"<!-- This site is optimized with the Yoast SEO plugin v25.1 - https:\/\/yoast.com\/wordpress\/plugins\/seo\/ -->\n<title>Chaveiro Colecion\u00e1vel Skubbies Scorchi(O Drag\u00e3o) Estilo Labubu- Impress\u00e3o 3D - MyStore - By STLFLIX<\/title>\n<meta name=\"robots\" content=\"index, follow, max-snippet:-1, max-image-preview:large, max-video-preview:-1\" \/>\n<link rel=\"canonical\" href=\"https:\/\/www.testeminhalojamandela.biz\/product\/skubbies-scorchi-68ae2436725e6\/\" \/>\n<meta property=\"og:locale\" content=\"es_ES\" \/>\n<meta property=\"og:type\" content=\"article\" \/>\n<meta property=\"og:title\" content=\"Chaveiro Colecion\u00e1vel Skubbies Scorchi(O Drag\u00e3o) Estilo Labubu- Impress\u00e3o 3D - MyStore - By STLFLIX\" \/>\n<meta property=\"og:description\" content=\"Voc\u00ea conhece os Skubbies? Eles s\u00e3o uma cole\u00e7\u00e3o de chaveiros com o tema de caveira com v\u00e1rias roupas e express\u00f5es diferentes! Esse \u00e9 o modelo Scorchi, tem opini\u00f5es fortes e uma pequena chama no cora\u00e7\u00e3o. Especifica\u00e7\u00f5es: Feito em impressora 3D Material usado \u00e9 o PLA (biodegrad\u00e1vel) Tamanho: -Altura 10 cm -Largura 6 cm -Comprimento 6,5 [&hellip;]\" \/>\n<meta property=\"og:url\" content=\"https:\/\/www.testeminhalojamandela.biz\/product\/skubbies-scorchi-68ae2436725e6\/\" \/>\n<meta property=\"og:site_name\" content=\"MyStore - By STLFLIX\" \/>\n<meta property=\"article:publisher\" content=\"https:\/\/www.facebook.com\/STLFLIX\" \/>\n<meta property=\"article:modified_time\" content=\"2025-08-28T17:32:58+00:00\" \/>\n<meta property=\"og:image\" content=\"https:\/\/www.testeminhalojamandela.biz\/wp-content\/uploads\/2025\/07\/Skubbies_Scorchithumb_15cebfff88.png\" \/>\n\t<meta property=\"og:image:width\" content=\"1080\" \/>\n\t<meta property=\"og:image:height\" content=\"1350\" \/>\n\t<meta property=\"og:image:type\" content=\"image\/png\" \/>\n<meta name=\"twitter:card\" content=\"summary_large_image\" \/>\n<script type=\"application\/ld+json\" class=\"yoast-schema-graph\">{\"@context\":\"https:\/\/schema.org\",\"@graph\":[{\"@type\":\"WebPage\",\"@id\":\"https:\/\/www.testeminhalojamandela.biz\/product\/skubbies-scorchi-68ae2436725e6\/\",\"url\":\"https:\/\/www.testeminhalojamandela.biz\/product\/skubbies-scorchi-68ae2436725e6\/\",\"name\":\"Chaveiro Colecion\u00e1vel Skubbies Scorchi(O Drag\u00e3o) Estilo Labubu- Impress\u00e3o 3D - MyStore - By STLFLIX\",\"isPartOf\":{\"@id\":\"https:\/\/my.stlflix.com\/#website\"},\"primaryImageOfPage\":{\"@id\":\"https:\/\/www.testeminhalojamandela.biz\/product\/skubbies-scorchi-68ae2436725e6\/#primaryimage\"},\"image\":{\"@id\":\"https:\/\/www.testeminhalojamandela.biz\/product\/skubbies-scorchi-68ae2436725e6\/#primaryimage\"},\"thumbnailUrl\":\"https:\/\/my.stlflix.com\/wp-content\/uploads\/2025\/07\/Skubbies_Scorchithumb_15cebfff88.png\",\"datePublished\":\"2025-08-26T21:55:34+00:00\",\"dateModified\":\"2025-08-28T17:32:58+00:00\",\"breadcrumb\":{\"@id\":\"https:\/\/www.testeminhalojamandela.biz\/product\/skubbies-scorchi-68ae2436725e6\/#breadcrumb\"},\"inLanguage\":\"es-ES\",\"potentialAction\":[{\"@type\":\"ReadAction\",\"target\":[\"https:\/\/www.testeminhalojamandela.biz\/product\/skubbies-scorchi-68ae2436725e6\/\"]}]},{\"@type\":\"ImageObject\",\"inLanguage\":\"es-ES\",\"@id\":\"https:\/\/www.testeminhalojamandela.biz\/product\/skubbies-scorchi-68ae2436725e6\/#primaryimage\",\"url\":\"https:\/\/my.stlflix.com\/wp-content\/uploads\/2025\/07\/Skubbies_Scorchithumb_15cebfff88.png\",\"contentUrl\":\"https:\/\/my.stlflix.com\/wp-content\/uploads\/2025\/07\/Skubbies_Scorchithumb_15cebfff88.png\",\"width\":1080,\"height\":1350},{\"@type\":\"BreadcrumbList\",\"@id\":\"https:\/\/www.testeminhalojamandela.biz\/product\/skubbies-scorchi-68ae2436725e6\/#breadcrumb\",\"itemListElement\":[{\"@type\":\"ListItem\",\"position\":1,\"name\":\"Home\",\"item\":\"https:\/\/www.stlflix-store.com\/\"},{\"@type\":\"ListItem\",\"position\":2,\"name\":\"Products\",\"item\":\"https:\/\/www.stlflix-store.com\/shop\/\"},{\"@type\":\"ListItem\",\"position\":3,\"name\":\"Chaveiro Colecion\u00e1vel Skubbies Scorchi(O Drag\u00e3o) Estilo Labubu- Impress\u00e3o 3D\"}]},{\"@type\":\"WebSite\",\"@id\":\"https:\/\/my.stlflix.com\/#website\",\"url\":\"https:\/\/my.stlflix.com\/\",\"name\":\"MyStore - By STLFLIX\",\"description\":\"\",\"publisher\":{\"@id\":\"https:\/\/my.stlflix.com\/#organization\"},\"potentialAction\":[{\"@type\":\"SearchAction\",\"target\":{\"@type\":\"EntryPoint\",\"urlTemplate\":\"https:\/\/my.stlflix.com\/?s={search_term_string}\"},\"query-input\":{\"@type\":\"PropertyValueSpecification\",\"valueRequired\":true,\"valueName\":\"search_term_string\"}}],\"inLanguage\":\"es-ES\"},{\"@type\":\"Organization\",\"@id\":\"https:\/\/my.stlflix.com\/#organization\",\"name\":\"MyStore - By STLFLIX\",\"url\":\"https:\/\/my.stlflix.com\/\",\"logo\":{\"@type\":\"ImageObject\",\"inLanguage\":\"es-ES\",\"@id\":\"https:\/\/my.stlflix.com\/#\/schema\/logo\/image\/\",\"url\":\"https:\/\/my.stlflix.com\/wp-content\/uploads\/2024\/06\/logo-mystore.png\",\"contentUrl\":\"https:\/\/my.stlflix.com\/wp-content\/uploads\/2024\/06\/logo-mystore.png\",\"width\":150,\"height\":41,\"caption\":\"MyStore - By STLFLIX\"},\"image\":{\"@id\":\"https:\/\/my.stlflix.com\/#\/schema\/logo\/image\/\"},\"sameAs\":[\"https:\/\/www.facebook.com\/STLFLIX\",\"https:\/\/www.instagram.com\/stlflix_\/\",\"https:\/\/www.tiktok.com\/@stlflix\"]}]}<\/script>\n<!-- \/ Yoast SEO plugin. -->","yoast_head_json":{"title":"Chaveiro Colecion\u00e1vel Skubbies Scorchi(O Drag\u00e3o) Estilo Labubu- Impress\u00e3o 3D - MyStore - By STLFLIX","robots":{"index":"index","follow":"follow","max-snippet":"max-snippet:-1","max-image-preview":"max-image-preview:large","max-video-preview":"max-video-preview:-1"},"canonical":"https:\/\/www.testeminhalojamandela.biz\/product\/skubbies-scorchi-68ae2436725e6\/","og_locale":"es_ES","og_type":"article","og_title":"Chaveiro Colecion\u00e1vel Skubbies Scorchi(O Drag\u00e3o) Estilo Labubu- Impress\u00e3o 3D - MyStore - By STLFLIX","og_description":"Voc\u00ea conhece os Skubbies? Eles s\u00e3o uma cole\u00e7\u00e3o de chaveiros com o tema de caveira com v\u00e1rias roupas e express\u00f5es diferentes! Esse \u00e9 o modelo Scorchi, tem opini\u00f5es fortes e uma pequena chama no cora\u00e7\u00e3o. Especifica\u00e7\u00f5es: Feito em impressora 3D Material usado \u00e9 o PLA (biodegrad\u00e1vel) Tamanho: -Altura 10 cm -Largura 6 cm -Comprimento 6,5 [&hellip;]","og_url":"https:\/\/www.testeminhalojamandela.biz\/product\/skubbies-scorchi-68ae2436725e6\/","og_site_name":"MyStore - By STLFLIX","article_publisher":"https:\/\/www.facebook.com\/STLFLIX","article_modified_time":"2025-08-28T17:32:58+00:00","og_image":[{"width":1080,"height":1350,"url":"https:\/\/www.testeminhalojamandela.biz\/wp-content\/uploads\/2025\/07\/Skubbies_Scorchithumb_15cebfff88.png","type":"image\/png"}],"twitter_card":"summary_large_image","schema":{"@context":"https:\/\/schema.org","@graph":[{"@type":"WebPage","@id":"https:\/\/www.testeminhalojamandela.biz\/product\/skubbies-scorchi-68ae2436725e6\/","url":"https:\/\/www.testeminhalojamandela.biz\/product\/skubbies-scorchi-68ae2436725e6\/","name":"Chaveiro Colecion\u00e1vel Skubbies Scorchi(O Drag\u00e3o) Estilo Labubu- Impress\u00e3o 3D - MyStore - By STLFLIX","isPartOf":{"@id":"https:\/\/my.stlflix.com\/#website"},"primaryImageOfPage":{"@id":"https:\/\/www.testeminhalojamandela.biz\/product\/skubbies-scorchi-68ae2436725e6\/#primaryimage"},"image":{"@id":"https:\/\/www.testeminhalojamandela.biz\/product\/skubbies-scorchi-68ae2436725e6\/#primaryimage"},"thumbnailUrl":"https:\/\/my.stlflix.com\/wp-content\/uploads\/2025\/07\/Skubbies_Scorchithumb_15cebfff88.png","datePublished":"2025-08-26T21:55:34+00:00","dateModified":"2025-08-28T17:32:58+00:00","breadcrumb":{"@id":"https:\/\/www.testeminhalojamandela.biz\/product\/skubbies-scorchi-68ae2436725e6\/#breadcrumb"},"inLanguage":"es-ES","potentialAction":[{"@type":"ReadAction","target":["https:\/\/www.testeminhalojamandela.biz\/product\/skubbies-scorchi-68ae2436725e6\/"]}]},{"@type":"ImageObject","inLanguage":"es-ES","@id":"https:\/\/www.testeminhalojamandela.biz\/product\/skubbies-scorchi-68ae2436725e6\/#primaryimage","url":"https:\/\/my.stlflix.com\/wp-content\/uploads\/2025\/07\/Skubbies_Scorchithumb_15cebfff88.png","contentUrl":"https:\/\/my.stlflix.com\/wp-content\/uploads\/2025\/07\/Skubbies_Scorchithumb_15cebfff88.png","width":1080,"height":1350},{"@type":"BreadcrumbList","@id":"https:\/\/www.testeminhalojamandela.biz\/product\/skubbies-scorchi-68ae2436725e6\/#breadcrumb","itemListElement":[{"@type":"ListItem","position":1,"name":"Home","item":"https:\/\/www.stlflix-store.com\/"},{"@type":"ListItem","position":2,"name":"Products","item":"https:\/\/www.stlflix-store.com\/shop\/"},{"@type":"ListItem","position":3,"name":"Chaveiro Colecion\u00e1vel Skubbies Scorchi(O Drag\u00e3o) Estilo Labubu- Impress\u00e3o 3D"}]},{"@type":"WebSite","@id":"https:\/\/my.stlflix.com\/#website","url":"https:\/\/my.stlflix.com\/","name":"MyStore - By STLFLIX","description":"","publisher":{"@id":"https:\/\/my.stlflix.com\/#organization"},"potentialAction":[{"@type":"SearchAction","target":{"@type":"EntryPoint","urlTemplate":"https:\/\/my.stlflix.com\/?s={search_term_string}"},"query-input":{"@type":"PropertyValueSpecification","valueRequired":true,"valueName":"search_term_string"}}],"inLanguage":"es-ES"},{"@type":"Organization","@id":"https:\/\/my.stlflix.com\/#organization","name":"MyStore - By STLFLIX","url":"https:\/\/my.stlflix.com\/","logo":{"@type":"ImageObject","inLanguage":"es-ES","@id":"https:\/\/my.stlflix.com\/#\/schema\/logo\/image\/","url":"https:\/\/my.stlflix.com\/wp-content\/uploads\/2024\/06\/logo-mystore.png","contentUrl":"https:\/\/my.stlflix.com\/wp-content\/uploads\/2024\/06\/logo-mystore.png","width":150,"height":41,"caption":"MyStore - By STLFLIX"},"image":{"@id":"https:\/\/my.stlflix.com\/#\/schema\/logo\/image\/"},"sameAs":["https:\/\/www.facebook.com\/STLFLIX","https:\/\/www.instagram.com\/stlflix_\/","https:\/\/www.tiktok.com\/@stlflix"]}]}},"_links":{"self":[{"href":"https:\/\/my.stlflix.com\/es\/wp-json\/wp\/v2\/product\/426969","targetHints":{"allow":["GET"]}}],"collection":[{"href":"https:\/\/my.stlflix.com\/es\/wp-json\/wp\/v2\/product"}],"about":[{"href":"https:\/\/my.stlflix.com\/es\/wp-json\/wp\/v2\/types\/product"}],"replies":[{"embeddable":true,"href":"https:\/\/my.stlflix.com\/es\/wp-json\/wp\/v2\/comments?post=426969"}],"wp:featuredmedia":[{"embeddable":true,"href":"https:\/\/my.stlflix.com\/es\/wp-json\/wp\/v2\/media\/402181"}],"wp:attachment":[{"href":"https:\/\/my.stlflix.com\/es\/wp-json\/wp\/v2\/media?parent=426969"}],"wp:term":[{"taxonomy":"product_brand","embeddable":true,"href":"https:\/\/my.stlflix.com\/es\/wp-json\/wp\/v2\/product_brand?post=426969"},{"taxonomy":"product_cat","embeddable":true,"href":"https:\/\/my.stlflix.com\/es\/wp-json\/wp\/v2\/product_cat?post=426969"},{"taxonomy":"product_tag","embeddable":true,"href":"https:\/\/my.stlflix.com\/es\/wp-json\/wp\/v2\/product_tag?post=426969"}],"curies":[{"name":"wp","href":"https:\/\/api.w.org\/{rel}","templated":true}]}}