{"id":428983,"date":"2025-09-02T09:37:59","date_gmt":"2025-09-02T09:37:59","guid":{"rendered":"https:\/\/my.stlflix.com\/?post_type=product&#038;p=428983"},"modified":"2025-09-10T07:15:59","modified_gmt":"2025-09-10T07:15:59","slug":"skubbies-whispurr-68b5b5bbf12aa","status":"publish","type":"product","link":"https:\/\/my.stlflix.com\/es\/product\/skubbies-whispurr-68b5b5bbf12aa\/","title":{"rendered":"Skubbies &#8211; Whispurr"},"content":{"rendered":"<h3 data-start=\"229\" data-end=\"257\">\ud83d\udc3e Skubbies \u2013 Whispurr<\/h3>\n<p><strong data-start=\"59\" data-end=\"110\">\u201eHalb eingeschlafen, aber vollkommen niedlich.\u201c<\/strong> \ud83d\udca4\ud83d\udc96<br data-start=\"291\" data-end=\"294\" \/>Whispurr ist der kleine Traumj\u00e4ger unter den Skubbies \u2013 halb verschlafen, aber immer bereit, dich zu begleiten. Mit seinem weichen Katzen-Look, geschlossenen Augen und entspannter Haltung bringt er sofort Ruhe und Gelassenheit in deinen Alltag.<\/p>\n<p data-start=\"542\" data-end=\"810\">\ud83d\udd39 <strong data-start=\"545\" data-end=\"555\">Gr\u00f6\u00dfe:<\/strong> ca. 10 cm<br data-start=\"565\" data-end=\"568\" \/>\ud83d\udd39 <strong data-start=\"571\" data-end=\"584\">Material:<\/strong> hochwertiger Multicolor 3D-Druck mit BambuLab PLA Filment.<br data-start=\"619\" data-end=\"622\" \/>\ud83d\udd39 <strong data-start=\"625\" data-end=\"644\">Besonderheiten:<\/strong> mit Schl\u00fcsselring \u2013 perfekt als Anh\u00e4nger f\u00fcr Taschen, Rucks\u00e4cke oder zum Sammeln<br data-start=\"725\" data-end=\"728\" \/>\ud83d\udd39 <strong data-start=\"731\" data-end=\"742\" data-is-only-node=\"\">Design:<\/strong> detailreiche Fellstruktur, liebevoll gearbeitete Ohren und Pfoten<\/p>\n<p data-start=\"812\" data-end=\"951\">Ob als <strong data-start=\"819\" data-end=\"841\">s\u00fc\u00dfes Sammlerst\u00fcck<\/strong>, <strong data-start=\"843\" data-end=\"859\">Geschenkidee<\/strong> oder <strong data-start=\"865\" data-end=\"889\">stylischer Begleiter<\/strong> \u2013 Whispurr ist ein Must-Have f\u00fcr alle, die Skubbies lieben.<\/p>\n<p data-start=\"953\" data-end=\"1045\">\u2728 Jeder Skubbie ist ein kleines Unikat aus dem 3D-Drucker \u2013 made with love by PolyForge3D.<\/p>\n","protected":false},"excerpt":{"rendered":"<p>\ud83d\udc3e Skubbies \u2013 Whispurr \u201eHalb eingeschlafen, aber vollkommen niedlich.\u201c \ud83d\udca4\ud83d\udc96Whispurr ist der kleine Traumj\u00e4ger unter den Skubbies \u2013 halb verschlafen, aber immer bereit, dich zu begleiten. Mit seinem weichen Katzen-Look, geschlossenen Augen und entspannter Haltung bringt er sofort Ruhe und Gelassenheit in deinen Alltag. \ud83d\udd39 Gr\u00f6\u00dfe: ca. 10 cm\ud83d\udd39 Material: hochwertiger Multicolor 3D-Druck mit BambuLab [&hellip;]<\/p>\n","protected":false},"featured_media":402010,"comment_status":"open","ping_status":"closed","template":"","meta":[],"product_brand":[],"product_cat":[15],"product_tag":[117,6266],"class_list":{"0":"post-428983","1":"product","2":"type-product","3":"status-publish","4":"has-post-thumbnail","6":"product_cat-uncategorized","7":"product_tag-halloween","8":"product_tag-skubbies","10":"first","11":"instock","12":"purchasable","13":"product-type-simple"},"yoast_head":"<!-- This site is optimized with the Yoast SEO plugin v25.1 - https:\/\/yoast.com\/wordpress\/plugins\/seo\/ -->\n<title>Skubbies - Whispurr - MyStore - By STLFLIX<\/title>\n<meta name=\"robots\" content=\"index, follow, max-snippet:-1, max-image-preview:large, max-video-preview:-1\" \/>\n<link rel=\"canonical\" href=\"https:\/\/www.lojadomandela3d.biz\/product\/skubbies-whispurr-68b5b5bbf12aa\/\" \/>\n<meta property=\"og:locale\" content=\"es_ES\" \/>\n<meta property=\"og:type\" content=\"article\" \/>\n<meta property=\"og:title\" content=\"Skubbies - Whispurr - MyStore - By STLFLIX\" \/>\n<meta property=\"og:description\" content=\"\ud83d\udc3e Skubbies \u2013 Whispurr \u201eHalb eingeschlafen, aber vollkommen niedlich.\u201c \ud83d\udca4\ud83d\udc96Whispurr ist der kleine Traumj\u00e4ger unter den Skubbies \u2013 halb verschlafen, aber immer bereit, dich zu begleiten. Mit seinem weichen Katzen-Look, geschlossenen Augen und entspannter Haltung bringt er sofort Ruhe und Gelassenheit in deinen Alltag. \ud83d\udd39 Gr\u00f6\u00dfe: ca. 10 cm\ud83d\udd39 Material: hochwertiger Multicolor 3D-Druck mit BambuLab [&hellip;]\" \/>\n<meta property=\"og:url\" content=\"https:\/\/www.lojadomandela3d.biz\/product\/skubbies-whispurr-68b5b5bbf12aa\/\" \/>\n<meta property=\"og:site_name\" content=\"MyStore - By STLFLIX\" \/>\n<meta property=\"article:publisher\" content=\"https:\/\/www.facebook.com\/STLFLIX\" \/>\n<meta property=\"article:modified_time\" content=\"2025-09-10T07:15:59+00:00\" \/>\n<meta property=\"og:image\" content=\"https:\/\/www.lojadomandela3d.biz\/wp-content\/uploads\/2025\/07\/Skubbies_Whispurr_thumb_67289ae1a6.png\" \/>\n\t<meta property=\"og:image:width\" content=\"1080\" \/>\n\t<meta property=\"og:image:height\" content=\"1350\" \/>\n\t<meta property=\"og:image:type\" content=\"image\/png\" \/>\n<meta name=\"twitter:card\" content=\"summary_large_image\" \/>\n<meta name=\"twitter:label1\" content=\"Est. reading time\" \/>\n\t<meta name=\"twitter:data1\" content=\"1 minute\" \/>\n<script type=\"application\/ld+json\" class=\"yoast-schema-graph\">{\"@context\":\"https:\/\/schema.org\",\"@graph\":[{\"@type\":\"WebPage\",\"@id\":\"https:\/\/www.lojadomandela3d.biz\/product\/skubbies-whispurr-68b5b5bbf12aa\/\",\"url\":\"https:\/\/www.lojadomandela3d.biz\/product\/skubbies-whispurr-68b5b5bbf12aa\/\",\"name\":\"Skubbies - Whispurr - MyStore - By STLFLIX\",\"isPartOf\":{\"@id\":\"https:\/\/my.stlflix.com\/#website\"},\"primaryImageOfPage\":{\"@id\":\"https:\/\/www.lojadomandela3d.biz\/product\/skubbies-whispurr-68b5b5bbf12aa\/#primaryimage\"},\"image\":{\"@id\":\"https:\/\/www.lojadomandela3d.biz\/product\/skubbies-whispurr-68b5b5bbf12aa\/#primaryimage\"},\"thumbnailUrl\":\"https:\/\/my.stlflix.com\/wp-content\/uploads\/2025\/07\/Skubbies_Whispurr_thumb_67289ae1a6.png\",\"datePublished\":\"2025-09-02T09:37:59+00:00\",\"dateModified\":\"2025-09-10T07:15:59+00:00\",\"breadcrumb\":{\"@id\":\"https:\/\/www.lojadomandela3d.biz\/product\/skubbies-whispurr-68b5b5bbf12aa\/#breadcrumb\"},\"inLanguage\":\"es-ES\",\"potentialAction\":[{\"@type\":\"ReadAction\",\"target\":[\"https:\/\/www.lojadomandela3d.biz\/product\/skubbies-whispurr-68b5b5bbf12aa\/\"]}]},{\"@type\":\"ImageObject\",\"inLanguage\":\"es-ES\",\"@id\":\"https:\/\/www.lojadomandela3d.biz\/product\/skubbies-whispurr-68b5b5bbf12aa\/#primaryimage\",\"url\":\"https:\/\/my.stlflix.com\/wp-content\/uploads\/2025\/07\/Skubbies_Whispurr_thumb_67289ae1a6.png\",\"contentUrl\":\"https:\/\/my.stlflix.com\/wp-content\/uploads\/2025\/07\/Skubbies_Whispurr_thumb_67289ae1a6.png\",\"width\":1080,\"height\":1350},{\"@type\":\"BreadcrumbList\",\"@id\":\"https:\/\/www.lojadomandela3d.biz\/product\/skubbies-whispurr-68b5b5bbf12aa\/#breadcrumb\",\"itemListElement\":[{\"@type\":\"ListItem\",\"position\":1,\"name\":\"Home\",\"item\":\"https:\/\/www.stlflix-store.com\/\"},{\"@type\":\"ListItem\",\"position\":2,\"name\":\"Products\",\"item\":\"https:\/\/www.stlflix-store.com\/shop\/\"},{\"@type\":\"ListItem\",\"position\":3,\"name\":\"Skubbies &#8211; Whispurr\"}]},{\"@type\":\"WebSite\",\"@id\":\"https:\/\/my.stlflix.com\/#website\",\"url\":\"https:\/\/my.stlflix.com\/\",\"name\":\"MyStore - By STLFLIX\",\"description\":\"\",\"publisher\":{\"@id\":\"https:\/\/my.stlflix.com\/#organization\"},\"potentialAction\":[{\"@type\":\"SearchAction\",\"target\":{\"@type\":\"EntryPoint\",\"urlTemplate\":\"https:\/\/my.stlflix.com\/?s={search_term_string}\"},\"query-input\":{\"@type\":\"PropertyValueSpecification\",\"valueRequired\":true,\"valueName\":\"search_term_string\"}}],\"inLanguage\":\"es-ES\"},{\"@type\":\"Organization\",\"@id\":\"https:\/\/my.stlflix.com\/#organization\",\"name\":\"MyStore - By STLFLIX\",\"url\":\"https:\/\/my.stlflix.com\/\",\"logo\":{\"@type\":\"ImageObject\",\"inLanguage\":\"es-ES\",\"@id\":\"https:\/\/my.stlflix.com\/#\/schema\/logo\/image\/\",\"url\":\"https:\/\/my.stlflix.com\/wp-content\/uploads\/2024\/06\/logo-mystore.png\",\"contentUrl\":\"https:\/\/my.stlflix.com\/wp-content\/uploads\/2024\/06\/logo-mystore.png\",\"width\":150,\"height\":41,\"caption\":\"MyStore - By STLFLIX\"},\"image\":{\"@id\":\"https:\/\/my.stlflix.com\/#\/schema\/logo\/image\/\"},\"sameAs\":[\"https:\/\/www.facebook.com\/STLFLIX\",\"https:\/\/www.instagram.com\/stlflix_\/\",\"https:\/\/www.tiktok.com\/@stlflix\"]}]}<\/script>\n<!-- \/ Yoast SEO plugin. -->","yoast_head_json":{"title":"Skubbies - Whispurr - MyStore - By STLFLIX","robots":{"index":"index","follow":"follow","max-snippet":"max-snippet:-1","max-image-preview":"max-image-preview:large","max-video-preview":"max-video-preview:-1"},"canonical":"https:\/\/www.lojadomandela3d.biz\/product\/skubbies-whispurr-68b5b5bbf12aa\/","og_locale":"es_ES","og_type":"article","og_title":"Skubbies - Whispurr - MyStore - By STLFLIX","og_description":"\ud83d\udc3e Skubbies \u2013 Whispurr \u201eHalb eingeschlafen, aber vollkommen niedlich.\u201c \ud83d\udca4\ud83d\udc96Whispurr ist der kleine Traumj\u00e4ger unter den Skubbies \u2013 halb verschlafen, aber immer bereit, dich zu begleiten. Mit seinem weichen Katzen-Look, geschlossenen Augen und entspannter Haltung bringt er sofort Ruhe und Gelassenheit in deinen Alltag. \ud83d\udd39 Gr\u00f6\u00dfe: ca. 10 cm\ud83d\udd39 Material: hochwertiger Multicolor 3D-Druck mit BambuLab [&hellip;]","og_url":"https:\/\/www.lojadomandela3d.biz\/product\/skubbies-whispurr-68b5b5bbf12aa\/","og_site_name":"MyStore - By STLFLIX","article_publisher":"https:\/\/www.facebook.com\/STLFLIX","article_modified_time":"2025-09-10T07:15:59+00:00","og_image":[{"width":1080,"height":1350,"url":"https:\/\/www.lojadomandela3d.biz\/wp-content\/uploads\/2025\/07\/Skubbies_Whispurr_thumb_67289ae1a6.png","type":"image\/png"}],"twitter_card":"summary_large_image","twitter_misc":{"Est. reading time":"1 minute"},"schema":{"@context":"https:\/\/schema.org","@graph":[{"@type":"WebPage","@id":"https:\/\/www.lojadomandela3d.biz\/product\/skubbies-whispurr-68b5b5bbf12aa\/","url":"https:\/\/www.lojadomandela3d.biz\/product\/skubbies-whispurr-68b5b5bbf12aa\/","name":"Skubbies - Whispurr - MyStore - By STLFLIX","isPartOf":{"@id":"https:\/\/my.stlflix.com\/#website"},"primaryImageOfPage":{"@id":"https:\/\/www.lojadomandela3d.biz\/product\/skubbies-whispurr-68b5b5bbf12aa\/#primaryimage"},"image":{"@id":"https:\/\/www.lojadomandela3d.biz\/product\/skubbies-whispurr-68b5b5bbf12aa\/#primaryimage"},"thumbnailUrl":"https:\/\/my.stlflix.com\/wp-content\/uploads\/2025\/07\/Skubbies_Whispurr_thumb_67289ae1a6.png","datePublished":"2025-09-02T09:37:59+00:00","dateModified":"2025-09-10T07:15:59+00:00","breadcrumb":{"@id":"https:\/\/www.lojadomandela3d.biz\/product\/skubbies-whispurr-68b5b5bbf12aa\/#breadcrumb"},"inLanguage":"es-ES","potentialAction":[{"@type":"ReadAction","target":["https:\/\/www.lojadomandela3d.biz\/product\/skubbies-whispurr-68b5b5bbf12aa\/"]}]},{"@type":"ImageObject","inLanguage":"es-ES","@id":"https:\/\/www.lojadomandela3d.biz\/product\/skubbies-whispurr-68b5b5bbf12aa\/#primaryimage","url":"https:\/\/my.stlflix.com\/wp-content\/uploads\/2025\/07\/Skubbies_Whispurr_thumb_67289ae1a6.png","contentUrl":"https:\/\/my.stlflix.com\/wp-content\/uploads\/2025\/07\/Skubbies_Whispurr_thumb_67289ae1a6.png","width":1080,"height":1350},{"@type":"BreadcrumbList","@id":"https:\/\/www.lojadomandela3d.biz\/product\/skubbies-whispurr-68b5b5bbf12aa\/#breadcrumb","itemListElement":[{"@type":"ListItem","position":1,"name":"Home","item":"https:\/\/www.stlflix-store.com\/"},{"@type":"ListItem","position":2,"name":"Products","item":"https:\/\/www.stlflix-store.com\/shop\/"},{"@type":"ListItem","position":3,"name":"Skubbies &#8211; Whispurr"}]},{"@type":"WebSite","@id":"https:\/\/my.stlflix.com\/#website","url":"https:\/\/my.stlflix.com\/","name":"MyStore - By STLFLIX","description":"","publisher":{"@id":"https:\/\/my.stlflix.com\/#organization"},"potentialAction":[{"@type":"SearchAction","target":{"@type":"EntryPoint","urlTemplate":"https:\/\/my.stlflix.com\/?s={search_term_string}"},"query-input":{"@type":"PropertyValueSpecification","valueRequired":true,"valueName":"search_term_string"}}],"inLanguage":"es-ES"},{"@type":"Organization","@id":"https:\/\/my.stlflix.com\/#organization","name":"MyStore - By STLFLIX","url":"https:\/\/my.stlflix.com\/","logo":{"@type":"ImageObject","inLanguage":"es-ES","@id":"https:\/\/my.stlflix.com\/#\/schema\/logo\/image\/","url":"https:\/\/my.stlflix.com\/wp-content\/uploads\/2024\/06\/logo-mystore.png","contentUrl":"https:\/\/my.stlflix.com\/wp-content\/uploads\/2024\/06\/logo-mystore.png","width":150,"height":41,"caption":"MyStore - By STLFLIX"},"image":{"@id":"https:\/\/my.stlflix.com\/#\/schema\/logo\/image\/"},"sameAs":["https:\/\/www.facebook.com\/STLFLIX","https:\/\/www.instagram.com\/stlflix_\/","https:\/\/www.tiktok.com\/@stlflix"]}]}},"_links":{"self":[{"href":"https:\/\/my.stlflix.com\/es\/wp-json\/wp\/v2\/product\/428983","targetHints":{"allow":["GET"]}}],"collection":[{"href":"https:\/\/my.stlflix.com\/es\/wp-json\/wp\/v2\/product"}],"about":[{"href":"https:\/\/my.stlflix.com\/es\/wp-json\/wp\/v2\/types\/product"}],"replies":[{"embeddable":true,"href":"https:\/\/my.stlflix.com\/es\/wp-json\/wp\/v2\/comments?post=428983"}],"wp:featuredmedia":[{"embeddable":true,"href":"https:\/\/my.stlflix.com\/es\/wp-json\/wp\/v2\/media\/402010"}],"wp:attachment":[{"href":"https:\/\/my.stlflix.com\/es\/wp-json\/wp\/v2\/media?parent=428983"}],"wp:term":[{"taxonomy":"product_brand","embeddable":true,"href":"https:\/\/my.stlflix.com\/es\/wp-json\/wp\/v2\/product_brand?post=428983"},{"taxonomy":"product_cat","embeddable":true,"href":"https:\/\/my.stlflix.com\/es\/wp-json\/wp\/v2\/product_cat?post=428983"},{"taxonomy":"product_tag","embeddable":true,"href":"https:\/\/my.stlflix.com\/es\/wp-json\/wp\/v2\/product_tag?post=428983"}],"curies":[{"name":"wp","href":"https:\/\/api.w.org\/{rel}","templated":true}]}}