{"id":430004,"date":"2025-10-09T13:21:41","date_gmt":"2025-10-09T13:21:41","guid":{"rendered":"https:\/\/my.stlflix.com\/?post_type=product&#038;p=430004"},"modified":"2025-10-14T18:59:29","modified_gmt":"2025-10-14T18:59:29","slug":"geometrical-heart-vase-68ba0cc143dab","status":"publish","type":"product","link":"https:\/\/my.stlflix.com\/es\/product\/geometrical-heart-vase-68ba0cc143dab\/","title":{"rendered":"Geometrical Heart Vase"},"content":{"rendered":"<p data-start=\"98\" data-end=\"204\">\u2764\ufe0f <strong data-start=\"101\" data-end=\"151\">Vaso Decorativo Cora\u00e7\u00e3o \u2013 Amor em Cada Detalhe<\/strong><br data-start=\"151\" data-end=\"154\" \/>Um toque rom\u00e2ntico e moderno para sua decora\u00e7\u00e3o!<\/p>\n<p data-start=\"206\" data-end=\"444\">Este vaso em formato de cora\u00e7\u00e3o \u00e9 perfeito para quem deseja expressar sentimentos atrav\u00e9s do design. Ideal para flores naturais ou artificiais, ele se destaca em qualquer ambiente, trazendo charme, delicadeza e um toque de cor vibrante.<\/p>\n<p data-start=\"446\" data-end=\"470\">\u2728 <strong data-start=\"448\" data-end=\"468\">Caracter\u00edsticas:<\/strong><\/p>\n<ul data-start=\"471\" data-end=\"779\">\n<li data-start=\"471\" data-end=\"512\">\n<p data-start=\"473\" data-end=\"512\">Design criativo em formato de cora\u00e7\u00e3o<\/p>\n<\/li>\n<li data-start=\"513\" data-end=\"564\">\n<p data-start=\"515\" data-end=\"564\">Material leve, resistente e de f\u00e1cil manuten\u00e7\u00e3o<\/p>\n<\/li>\n<li data-start=\"565\" data-end=\"619\">\n<p data-start=\"567\" data-end=\"619\">Acabamento brilhante que real\u00e7a as flores e a pe\u00e7a<\/p>\n<\/li>\n<li data-start=\"620\" data-end=\"716\">\n<p data-start=\"622\" data-end=\"716\">Ideal para presentear em datas especiais (Dia dos Namorados, anivers\u00e1rios, casamentos, etc.)<\/p>\n<\/li>\n<li data-start=\"717\" data-end=\"779\">\n<p data-start=\"719\" data-end=\"779\">Perfeito para salas, quartos, eventos e decora\u00e7\u00f5es tem\u00e1ticas<\/p>\n<\/li>\n<\/ul>\n<p data-start=\"781\" data-end=\"902\">\ud83d\udccf <strong data-start=\"784\" data-end=\"810\">Dimens\u00f5es aproximadas:<\/strong><br data-start=\"810\" data-end=\"813\" \/>Altura: 19 cm | Largura: 19 cm | Profundidade: 5 cm<\/p>\n","protected":false},"excerpt":{"rendered":"<p>\u2764\ufe0f Vaso Decorativo Cora\u00e7\u00e3o \u2013 Amor em Cada DetalheUm toque rom\u00e2ntico e moderno para sua decora\u00e7\u00e3o! Este vaso em formato de cora\u00e7\u00e3o \u00e9 perfeito para quem deseja expressar sentimentos atrav\u00e9s do design. Ideal para flores naturais ou artificiais, ele se destaca em qualquer ambiente, trazendo charme, delicadeza e um toque de cor vibrante. \u2728 Caracter\u00edsticas: [&hellip;]<\/p>\n","protected":false},"featured_media":1752,"comment_status":"open","ping_status":"closed","template":"","meta":[],"product_brand":[],"product_cat":[25],"product_tag":[738,3397],"class_list":{"0":"post-430004","1":"product","2":"type-product","3":"status-publish","4":"has-post-thumbnail","6":"product_cat-home-decor","7":"product_tag-decoracao","8":"product_tag-plantas","10":"first","11":"instock","12":"shipping-taxable","13":"purchasable","14":"product-type-simple"},"yoast_head":"<!-- This site is optimized with the Yoast SEO plugin v25.1 - https:\/\/yoast.com\/wordpress\/plugins\/seo\/ -->\n<title>Geometrical Heart Vase - MyStore - By STLFLIX<\/title>\n<meta name=\"robots\" content=\"index, follow, max-snippet:-1, max-image-preview:large, max-video-preview:-1\" \/>\n<link rel=\"canonical\" href=\"https:\/\/www.testeminhalojamandela.biz\/product\/geometrical-heart-vase-68ba0cc143dab\/\" \/>\n<meta property=\"og:locale\" content=\"es_ES\" \/>\n<meta property=\"og:type\" content=\"article\" \/>\n<meta property=\"og:title\" content=\"Geometrical Heart Vase - MyStore - By STLFLIX\" \/>\n<meta property=\"og:description\" content=\"\u2764\ufe0f Vaso Decorativo Cora\u00e7\u00e3o \u2013 Amor em Cada DetalheUm toque rom\u00e2ntico e moderno para sua decora\u00e7\u00e3o! Este vaso em formato de cora\u00e7\u00e3o \u00e9 perfeito para quem deseja expressar sentimentos atrav\u00e9s do design. Ideal para flores naturais ou artificiais, ele se destaca em qualquer ambiente, trazendo charme, delicadeza e um toque de cor vibrante. \u2728 Caracter\u00edsticas: [&hellip;]\" \/>\n<meta property=\"og:url\" content=\"https:\/\/www.testeminhalojamandela.biz\/product\/geometrical-heart-vase-68ba0cc143dab\/\" \/>\n<meta property=\"og:site_name\" content=\"MyStore - By STLFLIX\" \/>\n<meta property=\"article:publisher\" content=\"https:\/\/www.facebook.com\/STLFLIX\" \/>\n<meta property=\"article:modified_time\" content=\"2025-10-14T18:59:29+00:00\" \/>\n<meta property=\"og:image\" content=\"https:\/\/www.testeminhalojamandela.biz\/wp-content\/uploads\/2024\/03\/thumb_277f25cc04.png\" \/>\n\t<meta property=\"og:image:width\" content=\"1080\" \/>\n\t<meta property=\"og:image:height\" content=\"1350\" \/>\n\t<meta property=\"og:image:type\" content=\"image\/png\" \/>\n<meta name=\"twitter:card\" content=\"summary_large_image\" \/>\n<meta name=\"twitter:label1\" content=\"Est. reading time\" \/>\n\t<meta name=\"twitter:data1\" content=\"1 minute\" \/>\n<script type=\"application\/ld+json\" class=\"yoast-schema-graph\">{\"@context\":\"https:\/\/schema.org\",\"@graph\":[{\"@type\":\"WebPage\",\"@id\":\"https:\/\/www.testeminhalojamandela.biz\/product\/geometrical-heart-vase-68ba0cc143dab\/\",\"url\":\"https:\/\/www.testeminhalojamandela.biz\/product\/geometrical-heart-vase-68ba0cc143dab\/\",\"name\":\"Geometrical Heart Vase - MyStore - By STLFLIX\",\"isPartOf\":{\"@id\":\"https:\/\/my.stlflix.com\/#website\"},\"primaryImageOfPage\":{\"@id\":\"https:\/\/www.testeminhalojamandela.biz\/product\/geometrical-heart-vase-68ba0cc143dab\/#primaryimage\"},\"image\":{\"@id\":\"https:\/\/www.testeminhalojamandela.biz\/product\/geometrical-heart-vase-68ba0cc143dab\/#primaryimage\"},\"thumbnailUrl\":\"https:\/\/my.stlflix.com\/wp-content\/uploads\/2024\/03\/thumb_277f25cc04.png\",\"datePublished\":\"2025-10-09T13:21:41+00:00\",\"dateModified\":\"2025-10-14T18:59:29+00:00\",\"breadcrumb\":{\"@id\":\"https:\/\/www.testeminhalojamandela.biz\/product\/geometrical-heart-vase-68ba0cc143dab\/#breadcrumb\"},\"inLanguage\":\"es-ES\",\"potentialAction\":[{\"@type\":\"ReadAction\",\"target\":[\"https:\/\/www.testeminhalojamandela.biz\/product\/geometrical-heart-vase-68ba0cc143dab\/\"]}]},{\"@type\":\"ImageObject\",\"inLanguage\":\"es-ES\",\"@id\":\"https:\/\/www.testeminhalojamandela.biz\/product\/geometrical-heart-vase-68ba0cc143dab\/#primaryimage\",\"url\":\"https:\/\/my.stlflix.com\/wp-content\/uploads\/2024\/03\/thumb_277f25cc04.png\",\"contentUrl\":\"https:\/\/my.stlflix.com\/wp-content\/uploads\/2024\/03\/thumb_277f25cc04.png\",\"width\":1080,\"height\":1350},{\"@type\":\"BreadcrumbList\",\"@id\":\"https:\/\/www.testeminhalojamandela.biz\/product\/geometrical-heart-vase-68ba0cc143dab\/#breadcrumb\",\"itemListElement\":[{\"@type\":\"ListItem\",\"position\":1,\"name\":\"Home\",\"item\":\"https:\/\/www.stlflix-store.com\/\"},{\"@type\":\"ListItem\",\"position\":2,\"name\":\"Products\",\"item\":\"https:\/\/www.stlflix-store.com\/shop\/\"},{\"@type\":\"ListItem\",\"position\":3,\"name\":\"Geometrical Heart Vase\"}]},{\"@type\":\"WebSite\",\"@id\":\"https:\/\/my.stlflix.com\/#website\",\"url\":\"https:\/\/my.stlflix.com\/\",\"name\":\"MyStore - By STLFLIX\",\"description\":\"\",\"publisher\":{\"@id\":\"https:\/\/my.stlflix.com\/#organization\"},\"potentialAction\":[{\"@type\":\"SearchAction\",\"target\":{\"@type\":\"EntryPoint\",\"urlTemplate\":\"https:\/\/my.stlflix.com\/?s={search_term_string}\"},\"query-input\":{\"@type\":\"PropertyValueSpecification\",\"valueRequired\":true,\"valueName\":\"search_term_string\"}}],\"inLanguage\":\"es-ES\"},{\"@type\":\"Organization\",\"@id\":\"https:\/\/my.stlflix.com\/#organization\",\"name\":\"MyStore - By STLFLIX\",\"url\":\"https:\/\/my.stlflix.com\/\",\"logo\":{\"@type\":\"ImageObject\",\"inLanguage\":\"es-ES\",\"@id\":\"https:\/\/my.stlflix.com\/#\/schema\/logo\/image\/\",\"url\":\"https:\/\/my.stlflix.com\/wp-content\/uploads\/2024\/06\/logo-mystore.png\",\"contentUrl\":\"https:\/\/my.stlflix.com\/wp-content\/uploads\/2024\/06\/logo-mystore.png\",\"width\":150,\"height\":41,\"caption\":\"MyStore - By STLFLIX\"},\"image\":{\"@id\":\"https:\/\/my.stlflix.com\/#\/schema\/logo\/image\/\"},\"sameAs\":[\"https:\/\/www.facebook.com\/STLFLIX\",\"https:\/\/www.instagram.com\/stlflix_\/\",\"https:\/\/www.tiktok.com\/@stlflix\"]}]}<\/script>\n<!-- \/ Yoast SEO plugin. -->","yoast_head_json":{"title":"Geometrical Heart Vase - MyStore - By STLFLIX","robots":{"index":"index","follow":"follow","max-snippet":"max-snippet:-1","max-image-preview":"max-image-preview:large","max-video-preview":"max-video-preview:-1"},"canonical":"https:\/\/www.testeminhalojamandela.biz\/product\/geometrical-heart-vase-68ba0cc143dab\/","og_locale":"es_ES","og_type":"article","og_title":"Geometrical Heart Vase - MyStore - By STLFLIX","og_description":"\u2764\ufe0f Vaso Decorativo Cora\u00e7\u00e3o \u2013 Amor em Cada DetalheUm toque rom\u00e2ntico e moderno para sua decora\u00e7\u00e3o! Este vaso em formato de cora\u00e7\u00e3o \u00e9 perfeito para quem deseja expressar sentimentos atrav\u00e9s do design. Ideal para flores naturais ou artificiais, ele se destaca em qualquer ambiente, trazendo charme, delicadeza e um toque de cor vibrante. \u2728 Caracter\u00edsticas: [&hellip;]","og_url":"https:\/\/www.testeminhalojamandela.biz\/product\/geometrical-heart-vase-68ba0cc143dab\/","og_site_name":"MyStore - By STLFLIX","article_publisher":"https:\/\/www.facebook.com\/STLFLIX","article_modified_time":"2025-10-14T18:59:29+00:00","og_image":[{"width":1080,"height":1350,"url":"https:\/\/www.testeminhalojamandela.biz\/wp-content\/uploads\/2024\/03\/thumb_277f25cc04.png","type":"image\/png"}],"twitter_card":"summary_large_image","twitter_misc":{"Est. reading time":"1 minute"},"schema":{"@context":"https:\/\/schema.org","@graph":[{"@type":"WebPage","@id":"https:\/\/www.testeminhalojamandela.biz\/product\/geometrical-heart-vase-68ba0cc143dab\/","url":"https:\/\/www.testeminhalojamandela.biz\/product\/geometrical-heart-vase-68ba0cc143dab\/","name":"Geometrical Heart Vase - MyStore - By STLFLIX","isPartOf":{"@id":"https:\/\/my.stlflix.com\/#website"},"primaryImageOfPage":{"@id":"https:\/\/www.testeminhalojamandela.biz\/product\/geometrical-heart-vase-68ba0cc143dab\/#primaryimage"},"image":{"@id":"https:\/\/www.testeminhalojamandela.biz\/product\/geometrical-heart-vase-68ba0cc143dab\/#primaryimage"},"thumbnailUrl":"https:\/\/my.stlflix.com\/wp-content\/uploads\/2024\/03\/thumb_277f25cc04.png","datePublished":"2025-10-09T13:21:41+00:00","dateModified":"2025-10-14T18:59:29+00:00","breadcrumb":{"@id":"https:\/\/www.testeminhalojamandela.biz\/product\/geometrical-heart-vase-68ba0cc143dab\/#breadcrumb"},"inLanguage":"es-ES","potentialAction":[{"@type":"ReadAction","target":["https:\/\/www.testeminhalojamandela.biz\/product\/geometrical-heart-vase-68ba0cc143dab\/"]}]},{"@type":"ImageObject","inLanguage":"es-ES","@id":"https:\/\/www.testeminhalojamandela.biz\/product\/geometrical-heart-vase-68ba0cc143dab\/#primaryimage","url":"https:\/\/my.stlflix.com\/wp-content\/uploads\/2024\/03\/thumb_277f25cc04.png","contentUrl":"https:\/\/my.stlflix.com\/wp-content\/uploads\/2024\/03\/thumb_277f25cc04.png","width":1080,"height":1350},{"@type":"BreadcrumbList","@id":"https:\/\/www.testeminhalojamandela.biz\/product\/geometrical-heart-vase-68ba0cc143dab\/#breadcrumb","itemListElement":[{"@type":"ListItem","position":1,"name":"Home","item":"https:\/\/www.stlflix-store.com\/"},{"@type":"ListItem","position":2,"name":"Products","item":"https:\/\/www.stlflix-store.com\/shop\/"},{"@type":"ListItem","position":3,"name":"Geometrical Heart Vase"}]},{"@type":"WebSite","@id":"https:\/\/my.stlflix.com\/#website","url":"https:\/\/my.stlflix.com\/","name":"MyStore - By STLFLIX","description":"","publisher":{"@id":"https:\/\/my.stlflix.com\/#organization"},"potentialAction":[{"@type":"SearchAction","target":{"@type":"EntryPoint","urlTemplate":"https:\/\/my.stlflix.com\/?s={search_term_string}"},"query-input":{"@type":"PropertyValueSpecification","valueRequired":true,"valueName":"search_term_string"}}],"inLanguage":"es-ES"},{"@type":"Organization","@id":"https:\/\/my.stlflix.com\/#organization","name":"MyStore - By STLFLIX","url":"https:\/\/my.stlflix.com\/","logo":{"@type":"ImageObject","inLanguage":"es-ES","@id":"https:\/\/my.stlflix.com\/#\/schema\/logo\/image\/","url":"https:\/\/my.stlflix.com\/wp-content\/uploads\/2024\/06\/logo-mystore.png","contentUrl":"https:\/\/my.stlflix.com\/wp-content\/uploads\/2024\/06\/logo-mystore.png","width":150,"height":41,"caption":"MyStore - By STLFLIX"},"image":{"@id":"https:\/\/my.stlflix.com\/#\/schema\/logo\/image\/"},"sameAs":["https:\/\/www.facebook.com\/STLFLIX","https:\/\/www.instagram.com\/stlflix_\/","https:\/\/www.tiktok.com\/@stlflix"]}]}},"_links":{"self":[{"href":"https:\/\/my.stlflix.com\/es\/wp-json\/wp\/v2\/product\/430004","targetHints":{"allow":["GET"]}}],"collection":[{"href":"https:\/\/my.stlflix.com\/es\/wp-json\/wp\/v2\/product"}],"about":[{"href":"https:\/\/my.stlflix.com\/es\/wp-json\/wp\/v2\/types\/product"}],"replies":[{"embeddable":true,"href":"https:\/\/my.stlflix.com\/es\/wp-json\/wp\/v2\/comments?post=430004"}],"wp:featuredmedia":[{"embeddable":true,"href":"https:\/\/my.stlflix.com\/es\/wp-json\/wp\/v2\/media\/1752"}],"wp:attachment":[{"href":"https:\/\/my.stlflix.com\/es\/wp-json\/wp\/v2\/media?parent=430004"}],"wp:term":[{"taxonomy":"product_brand","embeddable":true,"href":"https:\/\/my.stlflix.com\/es\/wp-json\/wp\/v2\/product_brand?post=430004"},{"taxonomy":"product_cat","embeddable":true,"href":"https:\/\/my.stlflix.com\/es\/wp-json\/wp\/v2\/product_cat?post=430004"},{"taxonomy":"product_tag","embeddable":true,"href":"https:\/\/my.stlflix.com\/es\/wp-json\/wp\/v2\/product_tag?post=430004"}],"curies":[{"name":"wp","href":"https:\/\/api.w.org\/{rel}","templated":true}]}}