{"id":430047,"date":"2025-09-09T12:42:58","date_gmt":"2025-09-09T12:42:58","guid":{"rendered":"https:\/\/my.stlflix.com\/?post_type=product&#038;p=430047"},"modified":"2025-09-26T19:28:07","modified_gmt":"2025-09-26T19:28:07","slug":"love-arrangement-table-lamp-68ba12640266e","status":"publish","type":"product","link":"https:\/\/my.stlflix.com\/es\/product\/love-arrangement-table-lamp-68ba12640266e\/","title":{"rendered":"Abajur Cora\u00e7\u00e3o de Rosas"},"content":{"rendered":"<p data-start=\"0\" data-end=\"57\">\ud83d\udc96 <strong data-start=\"3\" data-end=\"52\">Lumin\u00e1ria Love Arrangement \u2013 Cora\u00e7\u00e3o de Rosas<\/strong> \ud83d\udc96<\/p>\n<p data-start=\"59\" data-end=\"348\">Ilumine o ambiente com romantismo e eleg\u00e2ncia! A <strong data-start=\"108\" data-end=\"138\">Lumin\u00e1ria Love Arrangement<\/strong> traz um design encantador em formato de cora\u00e7\u00e3o coberto por delicadas rosas, apoiado em uma base em formato de la\u00e7o. \u00c9 a escolha perfeita para criar uma atmosfera acolhedora, charmosa e cheia de sentimentos.<\/p>\n<p data-start=\"350\" data-end=\"375\">\ud83d\udd39 <strong data-start=\"353\" data-end=\"373\">Caracter\u00edsticas:<\/strong><\/p>\n<ul data-start=\"376\" data-end=\"703\">\n<li data-start=\"376\" data-end=\"441\">\n<p data-start=\"378\" data-end=\"441\">Design apaixonante: cora\u00e7\u00e3o com detalhes em rosas iluminadas.<\/p>\n<\/li>\n<li data-start=\"442\" data-end=\"508\">\n<p data-start=\"444\" data-end=\"508\">Base estilizada em la\u00e7o, adicionando um toque de sofistica\u00e7\u00e3o.<\/p>\n<\/li>\n<li data-start=\"509\" data-end=\"573\">\n<p data-start=\"511\" data-end=\"573\">Luz quente e aconchegante, ideal para criar clima rom\u00e2ntico.<\/p>\n<\/li>\n<li data-start=\"574\" data-end=\"637\">\n<p data-start=\"576\" data-end=\"637\">Decora\u00e7\u00e3o perfeita para quartos, salas e eventos especiais.<\/p>\n<\/li>\n<li data-start=\"638\" data-end=\"703\">\n<p data-start=\"640\" data-end=\"703\">Presente ideal para casais, anivers\u00e1rios e Dia dos Namorados.<\/p>\n<\/li>\n<\/ul>\n<p data-start=\"705\" data-end=\"836\">\ud83c\udf39 A <strong data-start=\"710\" data-end=\"740\">Lumin\u00e1ria Love Arrangement<\/strong> vai al\u00e9m da ilumina\u00e7\u00e3o: \u00e9 uma pe\u00e7a decorativa que transmite carinho e emo\u00e7\u00e3o em cada detalhe.<\/p>\n<p data-start=\"838\" data-end=\"930\">\ud83d\udc49 Surpreenda quem voc\u00ea ama ou transforme seu espa\u00e7o com essa lumin\u00e1ria rom\u00e2ntica e \u00fanica!<\/p>\n","protected":false},"excerpt":{"rendered":"<p>\ud83d\udc96 Lumin\u00e1ria Love Arrangement \u2013 Cora\u00e7\u00e3o de Rosas \ud83d\udc96 Ilumine o ambiente com romantismo e eleg\u00e2ncia! A Lumin\u00e1ria Love Arrangement traz um design encantador em formato de cora\u00e7\u00e3o coberto por delicadas rosas, apoiado em uma base em formato de la\u00e7o. \u00c9 a escolha perfeita para criar uma atmosfera acolhedora, charmosa e cheia de sentimentos. \ud83d\udd39 [&hellip;]<\/p>\n","protected":false},"featured_media":237585,"comment_status":"open","ping_status":"closed","template":"","meta":[],"product_brand":[],"product_cat":[15],"product_tag":[5081,738,898],"class_list":{"0":"post-430047","1":"product","2":"type-product","3":"status-publish","4":"has-post-thumbnail","6":"product_cat-uncategorized","7":"product_tag-home-decor-3","8":"product_tag-decoracao","9":"product_tag-luminarias","11":"first","12":"instock","13":"taxable","14":"shipping-taxable","15":"purchasable","16":"product-type-simple"},"yoast_head":"<!-- This site is optimized with the Yoast SEO plugin v25.1 - https:\/\/yoast.com\/wordpress\/plugins\/seo\/ -->\n<title>Abajur Cora\u00e7\u00e3o de Rosas - MyStore - By STLFLIX<\/title>\n<meta name=\"robots\" content=\"index, follow, max-snippet:-1, max-image-preview:large, max-video-preview:-1\" \/>\n<link rel=\"canonical\" href=\"https:\/\/my.stlflix.com\/es\/product\/love-arrangement-table-lamp-68ba12640266e\/\" \/>\n<meta property=\"og:locale\" content=\"es_ES\" \/>\n<meta property=\"og:type\" content=\"article\" \/>\n<meta property=\"og:title\" content=\"Abajur Cora\u00e7\u00e3o de Rosas - MyStore - By STLFLIX\" \/>\n<meta property=\"og:description\" content=\"\ud83d\udc96 Lumin\u00e1ria Love Arrangement \u2013 Cora\u00e7\u00e3o de Rosas \ud83d\udc96 Ilumine o ambiente com romantismo e eleg\u00e2ncia! A Lumin\u00e1ria Love Arrangement traz um design encantador em formato de cora\u00e7\u00e3o coberto por delicadas rosas, apoiado em uma base em formato de la\u00e7o. \u00c9 a escolha perfeita para criar uma atmosfera acolhedora, charmosa e cheia de sentimentos. \ud83d\udd39 [&hellip;]\" \/>\n<meta property=\"og:url\" content=\"https:\/\/my.stlflix.com\/es\/product\/love-arrangement-table-lamp-68ba12640266e\/\" \/>\n<meta property=\"og:site_name\" content=\"MyStore - By STLFLIX\" \/>\n<meta property=\"article:publisher\" content=\"https:\/\/www.facebook.com\/STLFLIX\" \/>\n<meta property=\"article:modified_time\" content=\"2025-09-26T19:28:07+00:00\" \/>\n<meta property=\"og:image\" content=\"https:\/\/my.stlflix.com\/wp-content\/uploads\/2025\/01\/Love_Arrangement_Table_Lampthumb_4a75f028ec.jpg\" \/>\n\t<meta property=\"og:image:width\" content=\"1080\" \/>\n\t<meta property=\"og:image:height\" content=\"1350\" \/>\n\t<meta property=\"og:image:type\" content=\"image\/jpeg\" \/>\n<meta name=\"twitter:card\" content=\"summary_large_image\" \/>\n<meta name=\"twitter:label1\" content=\"Est. reading time\" \/>\n\t<meta name=\"twitter:data1\" content=\"1 minute\" \/>\n<script type=\"application\/ld+json\" class=\"yoast-schema-graph\">{\"@context\":\"https:\/\/schema.org\",\"@graph\":[{\"@type\":\"WebPage\",\"@id\":\"https:\/\/my.stlflix.com\/es\/product\/love-arrangement-table-lamp-68ba12640266e\/\",\"url\":\"https:\/\/my.stlflix.com\/es\/product\/love-arrangement-table-lamp-68ba12640266e\/\",\"name\":\"Abajur Cora\u00e7\u00e3o de Rosas - MyStore - By STLFLIX\",\"isPartOf\":{\"@id\":\"https:\/\/my.stlflix.com\/#website\"},\"primaryImageOfPage\":{\"@id\":\"https:\/\/my.stlflix.com\/es\/product\/love-arrangement-table-lamp-68ba12640266e\/#primaryimage\"},\"image\":{\"@id\":\"https:\/\/my.stlflix.com\/es\/product\/love-arrangement-table-lamp-68ba12640266e\/#primaryimage\"},\"thumbnailUrl\":\"https:\/\/my.stlflix.com\/wp-content\/uploads\/2025\/01\/Love_Arrangement_Table_Lampthumb_4a75f028ec.jpg\",\"datePublished\":\"2025-09-09T12:42:58+00:00\",\"dateModified\":\"2025-09-26T19:28:07+00:00\",\"breadcrumb\":{\"@id\":\"https:\/\/my.stlflix.com\/es\/product\/love-arrangement-table-lamp-68ba12640266e\/#breadcrumb\"},\"inLanguage\":\"es-ES\",\"potentialAction\":[{\"@type\":\"ReadAction\",\"target\":[\"https:\/\/my.stlflix.com\/es\/product\/love-arrangement-table-lamp-68ba12640266e\/\"]}]},{\"@type\":\"ImageObject\",\"inLanguage\":\"es-ES\",\"@id\":\"https:\/\/my.stlflix.com\/es\/product\/love-arrangement-table-lamp-68ba12640266e\/#primaryimage\",\"url\":\"https:\/\/my.stlflix.com\/wp-content\/uploads\/2025\/01\/Love_Arrangement_Table_Lampthumb_4a75f028ec.jpg\",\"contentUrl\":\"https:\/\/my.stlflix.com\/wp-content\/uploads\/2025\/01\/Love_Arrangement_Table_Lampthumb_4a75f028ec.jpg\",\"width\":1080,\"height\":1350},{\"@type\":\"BreadcrumbList\",\"@id\":\"https:\/\/my.stlflix.com\/es\/product\/love-arrangement-table-lamp-68ba12640266e\/#breadcrumb\",\"itemListElement\":[{\"@type\":\"ListItem\",\"position\":1,\"name\":\"Home\",\"item\":\"https:\/\/www.stlflix-store.com\/\"},{\"@type\":\"ListItem\",\"position\":2,\"name\":\"Products\",\"item\":\"https:\/\/www.stlflix-store.com\/shop\/\"},{\"@type\":\"ListItem\",\"position\":3,\"name\":\"Abajur Cora\u00e7\u00e3o de Rosas\"}]},{\"@type\":\"WebSite\",\"@id\":\"https:\/\/my.stlflix.com\/#website\",\"url\":\"https:\/\/my.stlflix.com\/\",\"name\":\"MyStore - By STLFLIX\",\"description\":\"\",\"publisher\":{\"@id\":\"https:\/\/my.stlflix.com\/#organization\"},\"potentialAction\":[{\"@type\":\"SearchAction\",\"target\":{\"@type\":\"EntryPoint\",\"urlTemplate\":\"https:\/\/my.stlflix.com\/?s={search_term_string}\"},\"query-input\":{\"@type\":\"PropertyValueSpecification\",\"valueRequired\":true,\"valueName\":\"search_term_string\"}}],\"inLanguage\":\"es-ES\"},{\"@type\":\"Organization\",\"@id\":\"https:\/\/my.stlflix.com\/#organization\",\"name\":\"MyStore - By STLFLIX\",\"url\":\"https:\/\/my.stlflix.com\/\",\"logo\":{\"@type\":\"ImageObject\",\"inLanguage\":\"es-ES\",\"@id\":\"https:\/\/my.stlflix.com\/#\/schema\/logo\/image\/\",\"url\":\"https:\/\/my.stlflix.com\/wp-content\/uploads\/2024\/06\/logo-mystore.png\",\"contentUrl\":\"https:\/\/my.stlflix.com\/wp-content\/uploads\/2024\/06\/logo-mystore.png\",\"width\":150,\"height\":41,\"caption\":\"MyStore - By STLFLIX\"},\"image\":{\"@id\":\"https:\/\/my.stlflix.com\/#\/schema\/logo\/image\/\"},\"sameAs\":[\"https:\/\/www.facebook.com\/STLFLIX\",\"https:\/\/www.instagram.com\/stlflix_\/\",\"https:\/\/www.tiktok.com\/@stlflix\"]}]}<\/script>\n<!-- \/ Yoast SEO plugin. -->","yoast_head_json":{"title":"Abajur Cora\u00e7\u00e3o de Rosas - MyStore - By STLFLIX","robots":{"index":"index","follow":"follow","max-snippet":"max-snippet:-1","max-image-preview":"max-image-preview:large","max-video-preview":"max-video-preview:-1"},"canonical":"https:\/\/my.stlflix.com\/es\/product\/love-arrangement-table-lamp-68ba12640266e\/","og_locale":"es_ES","og_type":"article","og_title":"Abajur Cora\u00e7\u00e3o de Rosas - MyStore - By STLFLIX","og_description":"\ud83d\udc96 Lumin\u00e1ria Love Arrangement \u2013 Cora\u00e7\u00e3o de Rosas \ud83d\udc96 Ilumine o ambiente com romantismo e eleg\u00e2ncia! A Lumin\u00e1ria Love Arrangement traz um design encantador em formato de cora\u00e7\u00e3o coberto por delicadas rosas, apoiado em uma base em formato de la\u00e7o. \u00c9 a escolha perfeita para criar uma atmosfera acolhedora, charmosa e cheia de sentimentos. \ud83d\udd39 [&hellip;]","og_url":"https:\/\/my.stlflix.com\/es\/product\/love-arrangement-table-lamp-68ba12640266e\/","og_site_name":"MyStore - By STLFLIX","article_publisher":"https:\/\/www.facebook.com\/STLFLIX","article_modified_time":"2025-09-26T19:28:07+00:00","og_image":[{"width":1080,"height":1350,"url":"https:\/\/my.stlflix.com\/wp-content\/uploads\/2025\/01\/Love_Arrangement_Table_Lampthumb_4a75f028ec.jpg","type":"image\/jpeg"}],"twitter_card":"summary_large_image","twitter_misc":{"Est. reading time":"1 minute"},"schema":{"@context":"https:\/\/schema.org","@graph":[{"@type":"WebPage","@id":"https:\/\/my.stlflix.com\/es\/product\/love-arrangement-table-lamp-68ba12640266e\/","url":"https:\/\/my.stlflix.com\/es\/product\/love-arrangement-table-lamp-68ba12640266e\/","name":"Abajur Cora\u00e7\u00e3o de Rosas - MyStore - By STLFLIX","isPartOf":{"@id":"https:\/\/my.stlflix.com\/#website"},"primaryImageOfPage":{"@id":"https:\/\/my.stlflix.com\/es\/product\/love-arrangement-table-lamp-68ba12640266e\/#primaryimage"},"image":{"@id":"https:\/\/my.stlflix.com\/es\/product\/love-arrangement-table-lamp-68ba12640266e\/#primaryimage"},"thumbnailUrl":"https:\/\/my.stlflix.com\/wp-content\/uploads\/2025\/01\/Love_Arrangement_Table_Lampthumb_4a75f028ec.jpg","datePublished":"2025-09-09T12:42:58+00:00","dateModified":"2025-09-26T19:28:07+00:00","breadcrumb":{"@id":"https:\/\/my.stlflix.com\/es\/product\/love-arrangement-table-lamp-68ba12640266e\/#breadcrumb"},"inLanguage":"es-ES","potentialAction":[{"@type":"ReadAction","target":["https:\/\/my.stlflix.com\/es\/product\/love-arrangement-table-lamp-68ba12640266e\/"]}]},{"@type":"ImageObject","inLanguage":"es-ES","@id":"https:\/\/my.stlflix.com\/es\/product\/love-arrangement-table-lamp-68ba12640266e\/#primaryimage","url":"https:\/\/my.stlflix.com\/wp-content\/uploads\/2025\/01\/Love_Arrangement_Table_Lampthumb_4a75f028ec.jpg","contentUrl":"https:\/\/my.stlflix.com\/wp-content\/uploads\/2025\/01\/Love_Arrangement_Table_Lampthumb_4a75f028ec.jpg","width":1080,"height":1350},{"@type":"BreadcrumbList","@id":"https:\/\/my.stlflix.com\/es\/product\/love-arrangement-table-lamp-68ba12640266e\/#breadcrumb","itemListElement":[{"@type":"ListItem","position":1,"name":"Home","item":"https:\/\/www.stlflix-store.com\/"},{"@type":"ListItem","position":2,"name":"Products","item":"https:\/\/www.stlflix-store.com\/shop\/"},{"@type":"ListItem","position":3,"name":"Abajur Cora\u00e7\u00e3o de Rosas"}]},{"@type":"WebSite","@id":"https:\/\/my.stlflix.com\/#website","url":"https:\/\/my.stlflix.com\/","name":"MyStore - By STLFLIX","description":"","publisher":{"@id":"https:\/\/my.stlflix.com\/#organization"},"potentialAction":[{"@type":"SearchAction","target":{"@type":"EntryPoint","urlTemplate":"https:\/\/my.stlflix.com\/?s={search_term_string}"},"query-input":{"@type":"PropertyValueSpecification","valueRequired":true,"valueName":"search_term_string"}}],"inLanguage":"es-ES"},{"@type":"Organization","@id":"https:\/\/my.stlflix.com\/#organization","name":"MyStore - By STLFLIX","url":"https:\/\/my.stlflix.com\/","logo":{"@type":"ImageObject","inLanguage":"es-ES","@id":"https:\/\/my.stlflix.com\/#\/schema\/logo\/image\/","url":"https:\/\/my.stlflix.com\/wp-content\/uploads\/2024\/06\/logo-mystore.png","contentUrl":"https:\/\/my.stlflix.com\/wp-content\/uploads\/2024\/06\/logo-mystore.png","width":150,"height":41,"caption":"MyStore - By STLFLIX"},"image":{"@id":"https:\/\/my.stlflix.com\/#\/schema\/logo\/image\/"},"sameAs":["https:\/\/www.facebook.com\/STLFLIX","https:\/\/www.instagram.com\/stlflix_\/","https:\/\/www.tiktok.com\/@stlflix"]}]}},"_links":{"self":[{"href":"https:\/\/my.stlflix.com\/es\/wp-json\/wp\/v2\/product\/430047","targetHints":{"allow":["GET"]}}],"collection":[{"href":"https:\/\/my.stlflix.com\/es\/wp-json\/wp\/v2\/product"}],"about":[{"href":"https:\/\/my.stlflix.com\/es\/wp-json\/wp\/v2\/types\/product"}],"replies":[{"embeddable":true,"href":"https:\/\/my.stlflix.com\/es\/wp-json\/wp\/v2\/comments?post=430047"}],"wp:featuredmedia":[{"embeddable":true,"href":"https:\/\/my.stlflix.com\/es\/wp-json\/wp\/v2\/media\/237585"}],"wp:attachment":[{"href":"https:\/\/my.stlflix.com\/es\/wp-json\/wp\/v2\/media?parent=430047"}],"wp:term":[{"taxonomy":"product_brand","embeddable":true,"href":"https:\/\/my.stlflix.com\/es\/wp-json\/wp\/v2\/product_brand?post=430047"},{"taxonomy":"product_cat","embeddable":true,"href":"https:\/\/my.stlflix.com\/es\/wp-json\/wp\/v2\/product_cat?post=430047"},{"taxonomy":"product_tag","embeddable":true,"href":"https:\/\/my.stlflix.com\/es\/wp-json\/wp\/v2\/product_tag?post=430047"}],"curies":[{"name":"wp","href":"https:\/\/api.w.org\/{rel}","templated":true}]}}