{"id":433267,"date":"2025-09-10T14:54:20","date_gmt":"2025-09-10T14:54:20","guid":{"rendered":"https:\/\/my.stlflix.com\/?post_type=product&#038;p=433267"},"modified":"2025-09-10T14:55:03","modified_gmt":"2025-09-10T14:55:03","slug":"pumpgrin-trio-68c18cd5327ed","status":"publish","type":"product","link":"https:\/\/my.stlflix.com\/es\/product\/pumpgrin-trio-68c18cd5327ed\/","title":{"rendered":"Pumpgrin Trio"},"content":{"rendered":"<h2 data-start=\"174\" data-end=\"258\">\ud83d\udd6f\ufe0f Halloween Deko \u2013 3D-gedrucktes <strong data-start=\"212\" data-end=\"229\">Pumpgrin Trio<\/strong> (3 K\u00fcrbisse, ca. 14 cm) \ud83c\udf83<\/h2>\n<p data-start=\"260\" data-end=\"545\">Mache dein Zuhause bereit f\u00fcr Halloween!<br data-start=\"300\" data-end=\"303\" \/>Diese drei schaurig-sch\u00f6nen K\u00fcrbisse \u2013 das <strong data-start=\"346\" data-end=\"363\">Pumpgrin Trio<\/strong> \u2013 sorgen garantiert f\u00fcr G\u00e4nsehaut und das perfekte Grusel-Flair. Mit ihren fiesen Gesichtern sind sie die Stars auf jeder Halloween-Party oder als auff\u00e4llige Deko auf dem Tisch oder \u00a0vor der Haust\u00fcr.<\/p>\n<p data-start=\"547\" data-end=\"563\">\u2728 <strong data-start=\"549\" data-end=\"560\">Details<\/strong>:<\/p>\n<ul data-start=\"564\" data-end=\"824\">\n<li data-start=\"564\" data-end=\"601\">\n<p data-start=\"566\" data-end=\"601\">Set bestehend aus <strong data-start=\"584\" data-end=\"599\">3 K\u00fcrbissen<\/strong><\/p>\n<\/li>\n<li data-start=\"602\" data-end=\"627\">\n<p data-start=\"604\" data-end=\"627\">H\u00f6he zwischen ca. <strong>10 cm<\/strong> &#8211; <strong data-start=\"616\" data-end=\"625\">14 cm<\/strong><\/p>\n<\/li>\n<li data-start=\"628\" data-end=\"669\">\n<p data-start=\"630\" data-end=\"669\">Gedruckt im <strong data-start=\"642\" data-end=\"667\">FDM-3D-Druckverfahren<\/strong><\/p>\n<\/li>\n<li data-start=\"670\" data-end=\"742\">\n<p data-start=\"672\" data-end=\"742\">Material: <strong data-start=\"682\" data-end=\"700\">PLA-Kunststoff<\/strong> (umweltfreundlich, biologisch abbaubar)<\/p>\n<\/li>\n<li data-start=\"743\" data-end=\"784\">\n<p data-start=\"745\" data-end=\"784\">Farbe: <strong data-start=\"752\" data-end=\"782\">Orange mit gr\u00fcnen Akzenten<\/strong><\/p>\n<\/li>\n<li data-start=\"785\" data-end=\"824\">\n<p data-start=\"787\" data-end=\"824\">Stabil, leicht und wiederverwendbar<\/p>\n<\/li>\n<\/ul>\n<hr data-start=\"942\" data-end=\"945\" \/>\n<p data-start=\"947\" data-end=\"969\">\ud83d\udce6 <strong data-start=\"950\" data-end=\"967\">Lieferumfang:<\/strong><\/p>\n<ul data-start=\"970\" data-end=\"1069\">\n<li data-start=\"970\" data-end=\"1069\">\n<p data-start=\"972\" data-end=\"1069\">3x K\u00fcrbis-Figur \u201ePumpgrin\u201c<\/p>\n<\/li>\n<\/ul>\n","protected":false},"excerpt":{"rendered":"<p>\ud83d\udd6f\ufe0f Halloween Deko \u2013 3D-gedrucktes Pumpgrin Trio (3 K\u00fcrbisse, ca. 14 cm) \ud83c\udf83 Mache dein Zuhause bereit f\u00fcr Halloween!Diese drei schaurig-sch\u00f6nen K\u00fcrbisse \u2013 das Pumpgrin Trio \u2013 sorgen garantiert f\u00fcr G\u00e4nsehaut und das perfekte Grusel-Flair. Mit ihren fiesen Gesichtern sind sie die Stars auf jeder Halloween-Party oder als auff\u00e4llige Deko auf dem Tisch oder \u00a0vor [&hellip;]<\/p>\n","protected":false},"featured_media":426313,"comment_status":"open","ping_status":"closed","template":"","meta":[],"product_brand":[],"product_cat":[15],"product_tag":[117],"class_list":{"0":"post-433267","1":"product","2":"type-product","3":"status-publish","4":"has-post-thumbnail","6":"product_cat-uncategorized","7":"product_tag-halloween","9":"first","10":"instock","11":"purchasable","12":"product-type-simple"},"yoast_head":"<!-- This site is optimized with the Yoast SEO plugin v25.1 - https:\/\/yoast.com\/wordpress\/plugins\/seo\/ -->\n<title>Pumpgrin Trio - MyStore - By STLFLIX<\/title>\n<meta name=\"robots\" content=\"index, follow, max-snippet:-1, max-image-preview:large, max-video-preview:-1\" \/>\n<link rel=\"canonical\" href=\"https:\/\/www.lojadomandela3d.biz\/product\/pumpgrin-trio-68c18cd5327ed\/\" \/>\n<meta property=\"og:locale\" content=\"es_ES\" \/>\n<meta property=\"og:type\" content=\"article\" \/>\n<meta property=\"og:title\" content=\"Pumpgrin Trio - MyStore - By STLFLIX\" \/>\n<meta property=\"og:description\" content=\"\ud83d\udd6f\ufe0f Halloween Deko \u2013 3D-gedrucktes Pumpgrin Trio (3 K\u00fcrbisse, ca. 14 cm) \ud83c\udf83 Mache dein Zuhause bereit f\u00fcr Halloween!Diese drei schaurig-sch\u00f6nen K\u00fcrbisse \u2013 das Pumpgrin Trio \u2013 sorgen garantiert f\u00fcr G\u00e4nsehaut und das perfekte Grusel-Flair. Mit ihren fiesen Gesichtern sind sie die Stars auf jeder Halloween-Party oder als auff\u00e4llige Deko auf dem Tisch oder \u00a0vor [&hellip;]\" \/>\n<meta property=\"og:url\" content=\"https:\/\/www.lojadomandela3d.biz\/product\/pumpgrin-trio-68c18cd5327ed\/\" \/>\n<meta property=\"og:site_name\" content=\"MyStore - By STLFLIX\" \/>\n<meta property=\"article:publisher\" content=\"https:\/\/www.facebook.com\/STLFLIX\" \/>\n<meta property=\"article:modified_time\" content=\"2025-09-10T14:55:03+00:00\" \/>\n<meta property=\"og:image\" content=\"https:\/\/www.lojadomandela3d.biz\/wp-content\/uploads\/2025\/08\/Pumpgrin_Triothumb_83428bd9e0.jpg\" \/>\n\t<meta property=\"og:image:width\" content=\"1080\" \/>\n\t<meta property=\"og:image:height\" content=\"1350\" \/>\n\t<meta property=\"og:image:type\" content=\"image\/jpeg\" \/>\n<meta name=\"twitter:card\" content=\"summary_large_image\" \/>\n<script type=\"application\/ld+json\" class=\"yoast-schema-graph\">{\"@context\":\"https:\/\/schema.org\",\"@graph\":[{\"@type\":\"WebPage\",\"@id\":\"https:\/\/www.lojadomandela3d.biz\/product\/pumpgrin-trio-68c18cd5327ed\/\",\"url\":\"https:\/\/www.lojadomandela3d.biz\/product\/pumpgrin-trio-68c18cd5327ed\/\",\"name\":\"Pumpgrin Trio - MyStore - By STLFLIX\",\"isPartOf\":{\"@id\":\"https:\/\/my.stlflix.com\/#website\"},\"primaryImageOfPage\":{\"@id\":\"https:\/\/www.lojadomandela3d.biz\/product\/pumpgrin-trio-68c18cd5327ed\/#primaryimage\"},\"image\":{\"@id\":\"https:\/\/www.lojadomandela3d.biz\/product\/pumpgrin-trio-68c18cd5327ed\/#primaryimage\"},\"thumbnailUrl\":\"https:\/\/my.stlflix.com\/wp-content\/uploads\/2025\/08\/Pumpgrin_Triothumb_83428bd9e0.jpg\",\"datePublished\":\"2025-09-10T14:54:20+00:00\",\"dateModified\":\"2025-09-10T14:55:03+00:00\",\"breadcrumb\":{\"@id\":\"https:\/\/www.lojadomandela3d.biz\/product\/pumpgrin-trio-68c18cd5327ed\/#breadcrumb\"},\"inLanguage\":\"es-ES\",\"potentialAction\":[{\"@type\":\"ReadAction\",\"target\":[\"https:\/\/www.lojadomandela3d.biz\/product\/pumpgrin-trio-68c18cd5327ed\/\"]}]},{\"@type\":\"ImageObject\",\"inLanguage\":\"es-ES\",\"@id\":\"https:\/\/www.lojadomandela3d.biz\/product\/pumpgrin-trio-68c18cd5327ed\/#primaryimage\",\"url\":\"https:\/\/my.stlflix.com\/wp-content\/uploads\/2025\/08\/Pumpgrin_Triothumb_83428bd9e0.jpg\",\"contentUrl\":\"https:\/\/my.stlflix.com\/wp-content\/uploads\/2025\/08\/Pumpgrin_Triothumb_83428bd9e0.jpg\",\"width\":1080,\"height\":1350},{\"@type\":\"BreadcrumbList\",\"@id\":\"https:\/\/www.lojadomandela3d.biz\/product\/pumpgrin-trio-68c18cd5327ed\/#breadcrumb\",\"itemListElement\":[{\"@type\":\"ListItem\",\"position\":1,\"name\":\"Home\",\"item\":\"https:\/\/www.stlflix-store.com\/\"},{\"@type\":\"ListItem\",\"position\":2,\"name\":\"Products\",\"item\":\"https:\/\/www.stlflix-store.com\/shop\/\"},{\"@type\":\"ListItem\",\"position\":3,\"name\":\"Pumpgrin Trio\"}]},{\"@type\":\"WebSite\",\"@id\":\"https:\/\/my.stlflix.com\/#website\",\"url\":\"https:\/\/my.stlflix.com\/\",\"name\":\"MyStore - By STLFLIX\",\"description\":\"\",\"publisher\":{\"@id\":\"https:\/\/my.stlflix.com\/#organization\"},\"potentialAction\":[{\"@type\":\"SearchAction\",\"target\":{\"@type\":\"EntryPoint\",\"urlTemplate\":\"https:\/\/my.stlflix.com\/?s={search_term_string}\"},\"query-input\":{\"@type\":\"PropertyValueSpecification\",\"valueRequired\":true,\"valueName\":\"search_term_string\"}}],\"inLanguage\":\"es-ES\"},{\"@type\":\"Organization\",\"@id\":\"https:\/\/my.stlflix.com\/#organization\",\"name\":\"MyStore - By STLFLIX\",\"url\":\"https:\/\/my.stlflix.com\/\",\"logo\":{\"@type\":\"ImageObject\",\"inLanguage\":\"es-ES\",\"@id\":\"https:\/\/my.stlflix.com\/#\/schema\/logo\/image\/\",\"url\":\"https:\/\/my.stlflix.com\/wp-content\/uploads\/2024\/06\/logo-mystore.png\",\"contentUrl\":\"https:\/\/my.stlflix.com\/wp-content\/uploads\/2024\/06\/logo-mystore.png\",\"width\":150,\"height\":41,\"caption\":\"MyStore - By STLFLIX\"},\"image\":{\"@id\":\"https:\/\/my.stlflix.com\/#\/schema\/logo\/image\/\"},\"sameAs\":[\"https:\/\/www.facebook.com\/STLFLIX\",\"https:\/\/www.instagram.com\/stlflix_\/\",\"https:\/\/www.tiktok.com\/@stlflix\"]}]}<\/script>\n<!-- \/ Yoast SEO plugin. -->","yoast_head_json":{"title":"Pumpgrin Trio - MyStore - By STLFLIX","robots":{"index":"index","follow":"follow","max-snippet":"max-snippet:-1","max-image-preview":"max-image-preview:large","max-video-preview":"max-video-preview:-1"},"canonical":"https:\/\/www.lojadomandela3d.biz\/product\/pumpgrin-trio-68c18cd5327ed\/","og_locale":"es_ES","og_type":"article","og_title":"Pumpgrin Trio - MyStore - By STLFLIX","og_description":"\ud83d\udd6f\ufe0f Halloween Deko \u2013 3D-gedrucktes Pumpgrin Trio (3 K\u00fcrbisse, ca. 14 cm) \ud83c\udf83 Mache dein Zuhause bereit f\u00fcr Halloween!Diese drei schaurig-sch\u00f6nen K\u00fcrbisse \u2013 das Pumpgrin Trio \u2013 sorgen garantiert f\u00fcr G\u00e4nsehaut und das perfekte Grusel-Flair. Mit ihren fiesen Gesichtern sind sie die Stars auf jeder Halloween-Party oder als auff\u00e4llige Deko auf dem Tisch oder \u00a0vor [&hellip;]","og_url":"https:\/\/www.lojadomandela3d.biz\/product\/pumpgrin-trio-68c18cd5327ed\/","og_site_name":"MyStore - By STLFLIX","article_publisher":"https:\/\/www.facebook.com\/STLFLIX","article_modified_time":"2025-09-10T14:55:03+00:00","og_image":[{"width":1080,"height":1350,"url":"https:\/\/www.lojadomandela3d.biz\/wp-content\/uploads\/2025\/08\/Pumpgrin_Triothumb_83428bd9e0.jpg","type":"image\/jpeg"}],"twitter_card":"summary_large_image","schema":{"@context":"https:\/\/schema.org","@graph":[{"@type":"WebPage","@id":"https:\/\/www.lojadomandela3d.biz\/product\/pumpgrin-trio-68c18cd5327ed\/","url":"https:\/\/www.lojadomandela3d.biz\/product\/pumpgrin-trio-68c18cd5327ed\/","name":"Pumpgrin Trio - MyStore - By STLFLIX","isPartOf":{"@id":"https:\/\/my.stlflix.com\/#website"},"primaryImageOfPage":{"@id":"https:\/\/www.lojadomandela3d.biz\/product\/pumpgrin-trio-68c18cd5327ed\/#primaryimage"},"image":{"@id":"https:\/\/www.lojadomandela3d.biz\/product\/pumpgrin-trio-68c18cd5327ed\/#primaryimage"},"thumbnailUrl":"https:\/\/my.stlflix.com\/wp-content\/uploads\/2025\/08\/Pumpgrin_Triothumb_83428bd9e0.jpg","datePublished":"2025-09-10T14:54:20+00:00","dateModified":"2025-09-10T14:55:03+00:00","breadcrumb":{"@id":"https:\/\/www.lojadomandela3d.biz\/product\/pumpgrin-trio-68c18cd5327ed\/#breadcrumb"},"inLanguage":"es-ES","potentialAction":[{"@type":"ReadAction","target":["https:\/\/www.lojadomandela3d.biz\/product\/pumpgrin-trio-68c18cd5327ed\/"]}]},{"@type":"ImageObject","inLanguage":"es-ES","@id":"https:\/\/www.lojadomandela3d.biz\/product\/pumpgrin-trio-68c18cd5327ed\/#primaryimage","url":"https:\/\/my.stlflix.com\/wp-content\/uploads\/2025\/08\/Pumpgrin_Triothumb_83428bd9e0.jpg","contentUrl":"https:\/\/my.stlflix.com\/wp-content\/uploads\/2025\/08\/Pumpgrin_Triothumb_83428bd9e0.jpg","width":1080,"height":1350},{"@type":"BreadcrumbList","@id":"https:\/\/www.lojadomandela3d.biz\/product\/pumpgrin-trio-68c18cd5327ed\/#breadcrumb","itemListElement":[{"@type":"ListItem","position":1,"name":"Home","item":"https:\/\/www.stlflix-store.com\/"},{"@type":"ListItem","position":2,"name":"Products","item":"https:\/\/www.stlflix-store.com\/shop\/"},{"@type":"ListItem","position":3,"name":"Pumpgrin Trio"}]},{"@type":"WebSite","@id":"https:\/\/my.stlflix.com\/#website","url":"https:\/\/my.stlflix.com\/","name":"MyStore - By STLFLIX","description":"","publisher":{"@id":"https:\/\/my.stlflix.com\/#organization"},"potentialAction":[{"@type":"SearchAction","target":{"@type":"EntryPoint","urlTemplate":"https:\/\/my.stlflix.com\/?s={search_term_string}"},"query-input":{"@type":"PropertyValueSpecification","valueRequired":true,"valueName":"search_term_string"}}],"inLanguage":"es-ES"},{"@type":"Organization","@id":"https:\/\/my.stlflix.com\/#organization","name":"MyStore - By STLFLIX","url":"https:\/\/my.stlflix.com\/","logo":{"@type":"ImageObject","inLanguage":"es-ES","@id":"https:\/\/my.stlflix.com\/#\/schema\/logo\/image\/","url":"https:\/\/my.stlflix.com\/wp-content\/uploads\/2024\/06\/logo-mystore.png","contentUrl":"https:\/\/my.stlflix.com\/wp-content\/uploads\/2024\/06\/logo-mystore.png","width":150,"height":41,"caption":"MyStore - By STLFLIX"},"image":{"@id":"https:\/\/my.stlflix.com\/#\/schema\/logo\/image\/"},"sameAs":["https:\/\/www.facebook.com\/STLFLIX","https:\/\/www.instagram.com\/stlflix_\/","https:\/\/www.tiktok.com\/@stlflix"]}]}},"_links":{"self":[{"href":"https:\/\/my.stlflix.com\/es\/wp-json\/wp\/v2\/product\/433267","targetHints":{"allow":["GET"]}}],"collection":[{"href":"https:\/\/my.stlflix.com\/es\/wp-json\/wp\/v2\/product"}],"about":[{"href":"https:\/\/my.stlflix.com\/es\/wp-json\/wp\/v2\/types\/product"}],"replies":[{"embeddable":true,"href":"https:\/\/my.stlflix.com\/es\/wp-json\/wp\/v2\/comments?post=433267"}],"wp:featuredmedia":[{"embeddable":true,"href":"https:\/\/my.stlflix.com\/es\/wp-json\/wp\/v2\/media\/426313"}],"wp:attachment":[{"href":"https:\/\/my.stlflix.com\/es\/wp-json\/wp\/v2\/media?parent=433267"}],"wp:term":[{"taxonomy":"product_brand","embeddable":true,"href":"https:\/\/my.stlflix.com\/es\/wp-json\/wp\/v2\/product_brand?post=433267"},{"taxonomy":"product_cat","embeddable":true,"href":"https:\/\/my.stlflix.com\/es\/wp-json\/wp\/v2\/product_cat?post=433267"},{"taxonomy":"product_tag","embeddable":true,"href":"https:\/\/my.stlflix.com\/es\/wp-json\/wp\/v2\/product_tag?post=433267"}],"curies":[{"name":"wp","href":"https:\/\/api.w.org\/{rel}","templated":true}]}}