{"id":433682,"date":"2025-09-11T16:55:44","date_gmt":"2025-09-11T16:55:44","guid":{"rendered":"https:\/\/my.stlflix.com\/?post_type=product&#038;p=433682"},"modified":"2025-09-23T23:29:17","modified_gmt":"2025-09-23T23:29:17","slug":"mark-le-requin-baleine-68c2fde6dcebd","status":"publish","type":"product","link":"https:\/\/my.stlflix.com\/es\/product\/mark-le-requin-baleine-68c2fde6dcebd\/","title":{"rendered":"Mark, le requin-baleine"},"content":{"rendered":"<p>Voici Mark le requin-baleine \ud83e\udd88, l&#8217;adorable compagnon oc\u00e9anique imprim\u00e9 en 3D ! Cette charmante pi\u00e8ce de collection unique pr\u00e9sente un design ludique et stylis\u00e9 repr\u00e9sentant un requin-baleine, avec des teintes bleues vives \ud83d\udc99 et un sourire amical \ud83d\ude0a. Con\u00e7u avec une attention particuli\u00e8re port\u00e9e aux d\u00e9tails, Mark est le m\u00e9lange parfait entre mignon et cr\u00e9atif \ud83d\udc0b.<\/p>\n<p>Que vous soyez fan de la vie marine \ud83c\udf0a ou que vous recherchiez simplement un ajout amusant et original \u00e0 votre collection \ud83c\udf81, Mark le requin baleine fera sensation ! \ud83d\udca6 Son design l\u00e9ger et durable en fait un accessoire id\u00e9al pour votre bureau \ud83d\udda5\ufe0f, votre sac \ud83c\udf92 ou votre biblioth\u00e8que \ud83d\udcda.<\/p>\n<p>Caract\u00e9ristiques principales :<\/p>\n<p>Conception 3D artisanale pour un rendu r\u00e9aliste et fantaisiste \ud83c\udfa8.<\/p>\n<p>Couleur bleue vive pour une pr\u00e9sence lumineuse et joyeuse \ud83c\udf08.<\/p>\n<p>Sa taille compacte permet de le transporter ou de l&#8217;exposer facilement n&#8217;importe o\u00f9 \ud83c\udfd9\ufe0f.<\/p>\n<p>Cadeau id\u00e9al pour les amoureux de l&#8217;oc\u00e9an \ud83c\udf0a, les collectionneurs \ud83c\udf89 ou toute personne qui aime ajouter une touche de fantaisie \u00e0 son int\u00e9rieur \ud83d\udcab.<\/p>\n<p>Adoptez Mark d\u00e8s aujourd&#8217;hui et ajoutez une touche de gaiet\u00e9 \u00e0 votre quotidien ! \ud83d\ude0a\u2728<\/p>\n<p>Dimension approximative: 90\u00a0x\u00a0120\u00a0x\u00a040 mm<\/p>\n","protected":false},"excerpt":{"rendered":"<p>Voici Mark le requin-baleine \ud83e\udd88, l&#8217;adorable compagnon oc\u00e9anique imprim\u00e9 en 3D ! Cette charmante pi\u00e8ce de collection unique pr\u00e9sente un design ludique et stylis\u00e9 repr\u00e9sentant un requin-baleine, avec des teintes bleues vives \ud83d\udc99 et un sourire amical \ud83d\ude0a. Con\u00e7u avec une attention particuli\u00e8re port\u00e9e aux d\u00e9tails, Mark est le m\u00e9lange parfait entre mignon et cr\u00e9atif [&hellip;]<\/p>\n","protected":false},"featured_media":433695,"comment_status":"open","ping_status":"closed","template":"","meta":[],"product_brand":[],"product_cat":[15],"product_tag":[6403],"class_list":{"0":"post-433682","1":"product","2":"type-product","3":"status-publish","4":"has-post-thumbnail","6":"product_cat-uncategorized","7":"product_tag-arttoys-articulated-toys-articulated-creatures","9":"first","10":"instock","11":"taxable","12":"shipping-taxable","13":"purchasable","14":"product-type-simple"},"yoast_head":"<!-- This site is optimized with the Yoast SEO plugin v25.1 - https:\/\/yoast.com\/wordpress\/plugins\/seo\/ -->\n<title>Mark, le requin-baleine - MyStore - By STLFLIX<\/title>\n<meta name=\"robots\" content=\"index, follow, max-snippet:-1, max-image-preview:large, max-video-preview:-1\" \/>\n<link rel=\"canonical\" href=\"https:\/\/my.stlflix.com\/es\/product\/mark-le-requin-baleine-68c2fde6dcebd\/\" \/>\n<meta property=\"og:locale\" content=\"es_ES\" \/>\n<meta property=\"og:type\" content=\"article\" \/>\n<meta property=\"og:title\" content=\"Mark, le requin-baleine - MyStore - By STLFLIX\" \/>\n<meta property=\"og:description\" content=\"Voici Mark le requin-baleine \ud83e\udd88, l&#8217;adorable compagnon oc\u00e9anique imprim\u00e9 en 3D ! Cette charmante pi\u00e8ce de collection unique pr\u00e9sente un design ludique et stylis\u00e9 repr\u00e9sentant un requin-baleine, avec des teintes bleues vives \ud83d\udc99 et un sourire amical \ud83d\ude0a. Con\u00e7u avec une attention particuli\u00e8re port\u00e9e aux d\u00e9tails, Mark est le m\u00e9lange parfait entre mignon et cr\u00e9atif [&hellip;]\" \/>\n<meta property=\"og:url\" content=\"https:\/\/my.stlflix.com\/es\/product\/mark-le-requin-baleine-68c2fde6dcebd\/\" \/>\n<meta property=\"og:site_name\" content=\"MyStore - By STLFLIX\" \/>\n<meta property=\"article:publisher\" content=\"https:\/\/www.facebook.com\/STLFLIX\" \/>\n<meta property=\"article:modified_time\" content=\"2025-09-23T23:29:17+00:00\" \/>\n<meta property=\"og:image\" content=\"https:\/\/my.stlflix.com\/wp-content\/uploads\/2025\/09\/shark.png\" \/>\n\t<meta property=\"og:image:width\" content=\"502\" \/>\n\t<meta property=\"og:image:height\" content=\"662\" \/>\n\t<meta property=\"og:image:type\" content=\"image\/png\" \/>\n<meta name=\"twitter:card\" content=\"summary_large_image\" \/>\n<meta name=\"twitter:label1\" content=\"Est. reading time\" \/>\n\t<meta name=\"twitter:data1\" content=\"1 minute\" \/>\n<script type=\"application\/ld+json\" class=\"yoast-schema-graph\">{\"@context\":\"https:\/\/schema.org\",\"@graph\":[{\"@type\":\"WebPage\",\"@id\":\"https:\/\/my.stlflix.com\/es\/product\/mark-le-requin-baleine-68c2fde6dcebd\/\",\"url\":\"https:\/\/my.stlflix.com\/es\/product\/mark-le-requin-baleine-68c2fde6dcebd\/\",\"name\":\"Mark, le requin-baleine - MyStore - By STLFLIX\",\"isPartOf\":{\"@id\":\"https:\/\/my.stlflix.com\/#website\"},\"primaryImageOfPage\":{\"@id\":\"https:\/\/my.stlflix.com\/es\/product\/mark-le-requin-baleine-68c2fde6dcebd\/#primaryimage\"},\"image\":{\"@id\":\"https:\/\/my.stlflix.com\/es\/product\/mark-le-requin-baleine-68c2fde6dcebd\/#primaryimage\"},\"thumbnailUrl\":\"https:\/\/my.stlflix.com\/wp-content\/uploads\/2025\/09\/shark.png\",\"datePublished\":\"2025-09-11T16:55:44+00:00\",\"dateModified\":\"2025-09-23T23:29:17+00:00\",\"breadcrumb\":{\"@id\":\"https:\/\/my.stlflix.com\/es\/product\/mark-le-requin-baleine-68c2fde6dcebd\/#breadcrumb\"},\"inLanguage\":\"es-ES\",\"potentialAction\":[{\"@type\":\"ReadAction\",\"target\":[\"https:\/\/my.stlflix.com\/es\/product\/mark-le-requin-baleine-68c2fde6dcebd\/\"]}]},{\"@type\":\"ImageObject\",\"inLanguage\":\"es-ES\",\"@id\":\"https:\/\/my.stlflix.com\/es\/product\/mark-le-requin-baleine-68c2fde6dcebd\/#primaryimage\",\"url\":\"https:\/\/my.stlflix.com\/wp-content\/uploads\/2025\/09\/shark.png\",\"contentUrl\":\"https:\/\/my.stlflix.com\/wp-content\/uploads\/2025\/09\/shark.png\",\"width\":502,\"height\":662},{\"@type\":\"BreadcrumbList\",\"@id\":\"https:\/\/my.stlflix.com\/es\/product\/mark-le-requin-baleine-68c2fde6dcebd\/#breadcrumb\",\"itemListElement\":[{\"@type\":\"ListItem\",\"position\":1,\"name\":\"Home\",\"item\":\"https:\/\/www.stlflix-store.com\/\"},{\"@type\":\"ListItem\",\"position\":2,\"name\":\"Products\",\"item\":\"https:\/\/www.stlflix-store.com\/shop\/\"},{\"@type\":\"ListItem\",\"position\":3,\"name\":\"Mark, le requin-baleine\"}]},{\"@type\":\"WebSite\",\"@id\":\"https:\/\/my.stlflix.com\/#website\",\"url\":\"https:\/\/my.stlflix.com\/\",\"name\":\"MyStore - By STLFLIX\",\"description\":\"\",\"publisher\":{\"@id\":\"https:\/\/my.stlflix.com\/#organization\"},\"potentialAction\":[{\"@type\":\"SearchAction\",\"target\":{\"@type\":\"EntryPoint\",\"urlTemplate\":\"https:\/\/my.stlflix.com\/?s={search_term_string}\"},\"query-input\":{\"@type\":\"PropertyValueSpecification\",\"valueRequired\":true,\"valueName\":\"search_term_string\"}}],\"inLanguage\":\"es-ES\"},{\"@type\":\"Organization\",\"@id\":\"https:\/\/my.stlflix.com\/#organization\",\"name\":\"MyStore - By STLFLIX\",\"url\":\"https:\/\/my.stlflix.com\/\",\"logo\":{\"@type\":\"ImageObject\",\"inLanguage\":\"es-ES\",\"@id\":\"https:\/\/my.stlflix.com\/#\/schema\/logo\/image\/\",\"url\":\"https:\/\/my.stlflix.com\/wp-content\/uploads\/2024\/06\/logo-mystore.png\",\"contentUrl\":\"https:\/\/my.stlflix.com\/wp-content\/uploads\/2024\/06\/logo-mystore.png\",\"width\":150,\"height\":41,\"caption\":\"MyStore - By STLFLIX\"},\"image\":{\"@id\":\"https:\/\/my.stlflix.com\/#\/schema\/logo\/image\/\"},\"sameAs\":[\"https:\/\/www.facebook.com\/STLFLIX\",\"https:\/\/www.instagram.com\/stlflix_\/\",\"https:\/\/www.tiktok.com\/@stlflix\"]}]}<\/script>\n<!-- \/ Yoast SEO plugin. -->","yoast_head_json":{"title":"Mark, le requin-baleine - MyStore - By STLFLIX","robots":{"index":"index","follow":"follow","max-snippet":"max-snippet:-1","max-image-preview":"max-image-preview:large","max-video-preview":"max-video-preview:-1"},"canonical":"https:\/\/my.stlflix.com\/es\/product\/mark-le-requin-baleine-68c2fde6dcebd\/","og_locale":"es_ES","og_type":"article","og_title":"Mark, le requin-baleine - MyStore - By STLFLIX","og_description":"Voici Mark le requin-baleine \ud83e\udd88, l&#8217;adorable compagnon oc\u00e9anique imprim\u00e9 en 3D ! Cette charmante pi\u00e8ce de collection unique pr\u00e9sente un design ludique et stylis\u00e9 repr\u00e9sentant un requin-baleine, avec des teintes bleues vives \ud83d\udc99 et un sourire amical \ud83d\ude0a. Con\u00e7u avec une attention particuli\u00e8re port\u00e9e aux d\u00e9tails, Mark est le m\u00e9lange parfait entre mignon et cr\u00e9atif [&hellip;]","og_url":"https:\/\/my.stlflix.com\/es\/product\/mark-le-requin-baleine-68c2fde6dcebd\/","og_site_name":"MyStore - By STLFLIX","article_publisher":"https:\/\/www.facebook.com\/STLFLIX","article_modified_time":"2025-09-23T23:29:17+00:00","og_image":[{"width":502,"height":662,"url":"https:\/\/my.stlflix.com\/wp-content\/uploads\/2025\/09\/shark.png","type":"image\/png"}],"twitter_card":"summary_large_image","twitter_misc":{"Est. reading time":"1 minute"},"schema":{"@context":"https:\/\/schema.org","@graph":[{"@type":"WebPage","@id":"https:\/\/my.stlflix.com\/es\/product\/mark-le-requin-baleine-68c2fde6dcebd\/","url":"https:\/\/my.stlflix.com\/es\/product\/mark-le-requin-baleine-68c2fde6dcebd\/","name":"Mark, le requin-baleine - MyStore - By STLFLIX","isPartOf":{"@id":"https:\/\/my.stlflix.com\/#website"},"primaryImageOfPage":{"@id":"https:\/\/my.stlflix.com\/es\/product\/mark-le-requin-baleine-68c2fde6dcebd\/#primaryimage"},"image":{"@id":"https:\/\/my.stlflix.com\/es\/product\/mark-le-requin-baleine-68c2fde6dcebd\/#primaryimage"},"thumbnailUrl":"https:\/\/my.stlflix.com\/wp-content\/uploads\/2025\/09\/shark.png","datePublished":"2025-09-11T16:55:44+00:00","dateModified":"2025-09-23T23:29:17+00:00","breadcrumb":{"@id":"https:\/\/my.stlflix.com\/es\/product\/mark-le-requin-baleine-68c2fde6dcebd\/#breadcrumb"},"inLanguage":"es-ES","potentialAction":[{"@type":"ReadAction","target":["https:\/\/my.stlflix.com\/es\/product\/mark-le-requin-baleine-68c2fde6dcebd\/"]}]},{"@type":"ImageObject","inLanguage":"es-ES","@id":"https:\/\/my.stlflix.com\/es\/product\/mark-le-requin-baleine-68c2fde6dcebd\/#primaryimage","url":"https:\/\/my.stlflix.com\/wp-content\/uploads\/2025\/09\/shark.png","contentUrl":"https:\/\/my.stlflix.com\/wp-content\/uploads\/2025\/09\/shark.png","width":502,"height":662},{"@type":"BreadcrumbList","@id":"https:\/\/my.stlflix.com\/es\/product\/mark-le-requin-baleine-68c2fde6dcebd\/#breadcrumb","itemListElement":[{"@type":"ListItem","position":1,"name":"Home","item":"https:\/\/www.stlflix-store.com\/"},{"@type":"ListItem","position":2,"name":"Products","item":"https:\/\/www.stlflix-store.com\/shop\/"},{"@type":"ListItem","position":3,"name":"Mark, le requin-baleine"}]},{"@type":"WebSite","@id":"https:\/\/my.stlflix.com\/#website","url":"https:\/\/my.stlflix.com\/","name":"MyStore - By STLFLIX","description":"","publisher":{"@id":"https:\/\/my.stlflix.com\/#organization"},"potentialAction":[{"@type":"SearchAction","target":{"@type":"EntryPoint","urlTemplate":"https:\/\/my.stlflix.com\/?s={search_term_string}"},"query-input":{"@type":"PropertyValueSpecification","valueRequired":true,"valueName":"search_term_string"}}],"inLanguage":"es-ES"},{"@type":"Organization","@id":"https:\/\/my.stlflix.com\/#organization","name":"MyStore - By STLFLIX","url":"https:\/\/my.stlflix.com\/","logo":{"@type":"ImageObject","inLanguage":"es-ES","@id":"https:\/\/my.stlflix.com\/#\/schema\/logo\/image\/","url":"https:\/\/my.stlflix.com\/wp-content\/uploads\/2024\/06\/logo-mystore.png","contentUrl":"https:\/\/my.stlflix.com\/wp-content\/uploads\/2024\/06\/logo-mystore.png","width":150,"height":41,"caption":"MyStore - By STLFLIX"},"image":{"@id":"https:\/\/my.stlflix.com\/#\/schema\/logo\/image\/"},"sameAs":["https:\/\/www.facebook.com\/STLFLIX","https:\/\/www.instagram.com\/stlflix_\/","https:\/\/www.tiktok.com\/@stlflix"]}]}},"_links":{"self":[{"href":"https:\/\/my.stlflix.com\/es\/wp-json\/wp\/v2\/product\/433682","targetHints":{"allow":["GET"]}}],"collection":[{"href":"https:\/\/my.stlflix.com\/es\/wp-json\/wp\/v2\/product"}],"about":[{"href":"https:\/\/my.stlflix.com\/es\/wp-json\/wp\/v2\/types\/product"}],"replies":[{"embeddable":true,"href":"https:\/\/my.stlflix.com\/es\/wp-json\/wp\/v2\/comments?post=433682"}],"wp:featuredmedia":[{"embeddable":true,"href":"https:\/\/my.stlflix.com\/es\/wp-json\/wp\/v2\/media\/433695"}],"wp:attachment":[{"href":"https:\/\/my.stlflix.com\/es\/wp-json\/wp\/v2\/media?parent=433682"}],"wp:term":[{"taxonomy":"product_brand","embeddable":true,"href":"https:\/\/my.stlflix.com\/es\/wp-json\/wp\/v2\/product_brand?post=433682"},{"taxonomy":"product_cat","embeddable":true,"href":"https:\/\/my.stlflix.com\/es\/wp-json\/wp\/v2\/product_cat?post=433682"},{"taxonomy":"product_tag","embeddable":true,"href":"https:\/\/my.stlflix.com\/es\/wp-json\/wp\/v2\/product_tag?post=433682"}],"curies":[{"name":"wp","href":"https:\/\/api.w.org\/{rel}","templated":true}]}}