{"id":436677,"date":"2025-09-17T00:19:56","date_gmt":"2025-09-17T00:19:56","guid":{"rendered":"https:\/\/my.stlflix.com\/?post_type=product&#038;p=436677"},"modified":"2025-09-24T22:22:17","modified_gmt":"2025-09-24T22:22:17","slug":"3d-city-frames-sao-paulo-95cm-version-68c9dd29b6cd3","status":"publish","type":"product","link":"https:\/\/my.stlflix.com\/es\/product\/3d-city-frames-sao-paulo-95cm-version-68c9dd29b6cd3\/","title":{"rendered":"3D City Frames &#8211; S\u00e3o Paulo &#8211; 9,5cm Version"},"content":{"rendered":"<p data-start=\"88\" data-end=\"245\">S\u00e3o Paulo \u00e9 a <strong data-start=\"102\" data-end=\"128\">maior cidade do Brasil<\/strong> e uma das maiores metr\u00f3poles do mundo, conhecida como o principal centro financeiro, econ\u00f4mico e cultural do pa\u00eds.<\/p>\n<ul data-start=\"247\" data-end=\"1415\">\n<li data-start=\"247\" data-end=\"374\">\n<p data-start=\"249\" data-end=\"374\"><strong data-start=\"249\" data-end=\"262\">Funda\u00e7\u00e3o:<\/strong> foi fundada em <strong data-start=\"278\" data-end=\"303\">25 de janeiro de 1554<\/strong> por padres jesu\u00edtas, incluindo Manuel da N\u00f3brega e Jos\u00e9 de Anchieta.<\/p>\n<\/li>\n<li data-start=\"375\" data-end=\"543\">\n<p data-start=\"377\" data-end=\"543\"><strong data-start=\"377\" data-end=\"391\">Popula\u00e7\u00e3o:<\/strong> possui mais de <strong data-start=\"407\" data-end=\"435\">12 milh\u00f5es de habitantes<\/strong> na cidade e cerca de <strong data-start=\"457\" data-end=\"471\">22 milh\u00f5es<\/strong> em sua regi\u00e3o metropolitana, sendo a mais populosa da Am\u00e9rica do Sul.<\/p>\n<\/li>\n<li data-start=\"544\" data-end=\"740\">\n<p data-start=\"546\" data-end=\"740\"><strong data-start=\"546\" data-end=\"559\">Economia:<\/strong> \u00e9 considerada a <strong data-start=\"576\" data-end=\"608\">capital financeira do Brasil<\/strong>, com forte presen\u00e7a de bancos, ind\u00fastrias, com\u00e9rcio, tecnologia e servi\u00e7os. Responde por uma fatia significativa do PIB nacional.<\/p>\n<\/li>\n<li data-start=\"741\" data-end=\"999\">\n<p data-start=\"743\" data-end=\"999\"><strong data-start=\"743\" data-end=\"755\">Cultura:<\/strong> abriga uma enorme diversidade cultural, com influ\u00eancia de imigrantes italianos, japoneses, portugueses, \u00e1rabes e muitos outros. \u00c9 sede de importantes museus, teatros e eventos internacionais, como a Bienal de Arte e a S\u00e3o Paulo Fashion Week.<\/p>\n<\/li>\n<li data-start=\"1000\" data-end=\"1149\">\n<p data-start=\"1002\" data-end=\"1149\"><strong data-start=\"1002\" data-end=\"1026\">Educa\u00e7\u00e3o e inova\u00e7\u00e3o:<\/strong> concentra algumas das principais universidades e centros de pesquisa do pa\u00eds, al\u00e9m de ser polo de startups e tecnologia.<\/p>\n<\/li>\n<li data-start=\"1150\" data-end=\"1293\">\n<p data-start=\"1152\" data-end=\"1293\"><strong data-start=\"1152\" data-end=\"1167\">Mobilidade:<\/strong> conhecida pelo tr\u00e1fego intenso, mas tamb\u00e9m por sua vasta rede de transporte, incluindo metr\u00f4, trens e corredores de \u00f4nibus.<\/p>\n<\/li>\n<li data-start=\"1294\" data-end=\"1415\">\n<p data-start=\"1296\" data-end=\"1415\"><strong data-start=\"1296\" data-end=\"1308\">Turismo:<\/strong> pontos ic\u00f4nicos incluem a Avenida Paulista, o Mercado Municipal, o Parque Ibirapuera e a Catedral da S\u00e9.<\/p>\n<\/li>\n<li data-start=\"720\" data-end=\"950\"><strong>Medidas do produto:<\/strong> 50cm x 50cm x 6cm<\/li>\n<li data-start=\"720\" data-end=\"950\"><strong>Peso do produto:<\/strong> 1 kg<\/li>\n<\/ul>\n","protected":false},"excerpt":{"rendered":"<p>S\u00e3o Paulo \u00e9 a maior cidade do Brasil e uma das maiores metr\u00f3poles do mundo, conhecida como o principal centro financeiro, econ\u00f4mico e cultural do pa\u00eds. Funda\u00e7\u00e3o: foi fundada em 25 de janeiro de 1554 por padres jesu\u00edtas, incluindo Manuel da N\u00f3brega e Jos\u00e9 de Anchieta. Popula\u00e7\u00e3o: possui mais de 12 milh\u00f5es de habitantes na [&hellip;]<\/p>\n","protected":false},"featured_media":386864,"comment_status":"open","ping_status":"closed","template":"","meta":[],"product_brand":[],"product_cat":[15],"product_tag":[6402],"class_list":{"0":"post-436677","1":"product","2":"type-product","3":"status-publish","4":"has-post-thumbnail","6":"product_cat-uncategorized","7":"product_tag-arquitetura","9":"first","10":"onbackorder","11":"purchasable","12":"product-type-simple"},"yoast_head":"<!-- This site is optimized with the Yoast SEO plugin v25.1 - https:\/\/yoast.com\/wordpress\/plugins\/seo\/ -->\n<title>3D City Frames - S\u00e3o Paulo - 9,5cm Version - MyStore - By STLFLIX<\/title>\n<meta name=\"robots\" content=\"index, follow, max-snippet:-1, max-image-preview:large, max-video-preview:-1\" \/>\n<link rel=\"canonical\" href=\"https:\/\/my.stlflix.com\/tr\/product\/3d-city-frames-sao-paulo-95cm-version-68c9dd29b6cd3\/\" \/>\n<meta property=\"og:locale\" content=\"es_ES\" \/>\n<meta property=\"og:type\" content=\"article\" \/>\n<meta property=\"og:title\" content=\"3D City Frames - S\u00e3o Paulo - 9,5cm Version - MyStore - By STLFLIX\" \/>\n<meta property=\"og:description\" content=\"S\u00e3o Paulo \u00e9 a maior cidade do Brasil e uma das maiores metr\u00f3poles do mundo, conhecida como o principal centro financeiro, econ\u00f4mico e cultural do pa\u00eds. Funda\u00e7\u00e3o: foi fundada em 25 de janeiro de 1554 por padres jesu\u00edtas, incluindo Manuel da N\u00f3brega e Jos\u00e9 de Anchieta. Popula\u00e7\u00e3o: possui mais de 12 milh\u00f5es de habitantes na [&hellip;]\" \/>\n<meta property=\"og:url\" content=\"https:\/\/my.stlflix.com\/tr\/product\/3d-city-frames-sao-paulo-95cm-version-68c9dd29b6cd3\/\" \/>\n<meta property=\"og:site_name\" content=\"MyStore - By STLFLIX\" \/>\n<meta property=\"article:publisher\" content=\"https:\/\/www.facebook.com\/STLFLIX\" \/>\n<meta property=\"article:modified_time\" content=\"2025-09-24T22:22:17+00:00\" \/>\n<meta property=\"og:image\" content=\"https:\/\/my.stlflix.com\/wp-content\/uploads\/2025\/06\/Sao_Paulo_9_5cm_Version_thumb_b5057ae8fc.png\" \/>\n\t<meta property=\"og:image:width\" content=\"1080\" \/>\n\t<meta property=\"og:image:height\" content=\"1350\" \/>\n\t<meta property=\"og:image:type\" content=\"image\/png\" \/>\n<meta name=\"twitter:card\" content=\"summary_large_image\" \/>\n<meta name=\"twitter:label1\" content=\"Est. reading time\" \/>\n\t<meta name=\"twitter:data1\" content=\"1 minute\" \/>\n<script type=\"application\/ld+json\" class=\"yoast-schema-graph\">{\"@context\":\"https:\/\/schema.org\",\"@graph\":[{\"@type\":\"WebPage\",\"@id\":\"https:\/\/my.stlflix.com\/tr\/product\/3d-city-frames-sao-paulo-95cm-version-68c9dd29b6cd3\/\",\"url\":\"https:\/\/my.stlflix.com\/tr\/product\/3d-city-frames-sao-paulo-95cm-version-68c9dd29b6cd3\/\",\"name\":\"3D City Frames - S\u00e3o Paulo - 9,5cm Version - MyStore - By STLFLIX\",\"isPartOf\":{\"@id\":\"https:\/\/my.stlflix.com\/tr\/#website\"},\"primaryImageOfPage\":{\"@id\":\"https:\/\/my.stlflix.com\/tr\/product\/3d-city-frames-sao-paulo-95cm-version-68c9dd29b6cd3\/#primaryimage\"},\"image\":{\"@id\":\"https:\/\/my.stlflix.com\/tr\/product\/3d-city-frames-sao-paulo-95cm-version-68c9dd29b6cd3\/#primaryimage\"},\"thumbnailUrl\":\"https:\/\/my.stlflix.com\/wp-content\/uploads\/2025\/06\/Sao_Paulo_9_5cm_Version_thumb_b5057ae8fc.png\",\"datePublished\":\"2025-09-17T00:19:56+00:00\",\"dateModified\":\"2025-09-24T22:22:17+00:00\",\"breadcrumb\":{\"@id\":\"https:\/\/my.stlflix.com\/tr\/product\/3d-city-frames-sao-paulo-95cm-version-68c9dd29b6cd3\/#breadcrumb\"},\"inLanguage\":\"es-ES\",\"potentialAction\":[{\"@type\":\"ReadAction\",\"target\":[\"https:\/\/my.stlflix.com\/tr\/product\/3d-city-frames-sao-paulo-95cm-version-68c9dd29b6cd3\/\"]}]},{\"@type\":\"ImageObject\",\"inLanguage\":\"es-ES\",\"@id\":\"https:\/\/my.stlflix.com\/tr\/product\/3d-city-frames-sao-paulo-95cm-version-68c9dd29b6cd3\/#primaryimage\",\"url\":\"https:\/\/my.stlflix.com\/wp-content\/uploads\/2025\/06\/Sao_Paulo_9_5cm_Version_thumb_b5057ae8fc.png\",\"contentUrl\":\"https:\/\/my.stlflix.com\/wp-content\/uploads\/2025\/06\/Sao_Paulo_9_5cm_Version_thumb_b5057ae8fc.png\",\"width\":1080,\"height\":1350},{\"@type\":\"BreadcrumbList\",\"@id\":\"https:\/\/my.stlflix.com\/tr\/product\/3d-city-frames-sao-paulo-95cm-version-68c9dd29b6cd3\/#breadcrumb\",\"itemListElement\":[{\"@type\":\"ListItem\",\"position\":1,\"name\":\"Home\",\"item\":\"https:\/\/my.stlflix.com\/\"},{\"@type\":\"ListItem\",\"position\":2,\"name\":\"Products\",\"item\":\"https:\/\/my.stlflix.com\/fr\/shop\/\"},{\"@type\":\"ListItem\",\"position\":3,\"name\":\"3D City Frames &#8211; S\u00e3o Paulo &#8211; 9,5cm Version\"}]},{\"@type\":\"WebSite\",\"@id\":\"https:\/\/my.stlflix.com\/tr\/#website\",\"url\":\"https:\/\/my.stlflix.com\/tr\/\",\"name\":\"MyStore - By STLFLIX\",\"description\":\"\",\"publisher\":{\"@id\":\"https:\/\/my.stlflix.com\/tr\/#organization\"},\"potentialAction\":[{\"@type\":\"SearchAction\",\"target\":{\"@type\":\"EntryPoint\",\"urlTemplate\":\"https:\/\/my.stlflix.com\/tr\/?s={search_term_string}\"},\"query-input\":{\"@type\":\"PropertyValueSpecification\",\"valueRequired\":true,\"valueName\":\"search_term_string\"}}],\"inLanguage\":\"es-ES\"},{\"@type\":\"Organization\",\"@id\":\"https:\/\/my.stlflix.com\/tr\/#organization\",\"name\":\"MyStore - By STLFLIX\",\"url\":\"https:\/\/my.stlflix.com\/tr\/\",\"logo\":{\"@type\":\"ImageObject\",\"inLanguage\":\"es-ES\",\"@id\":\"https:\/\/my.stlflix.com\/tr\/#\/schema\/logo\/image\/\",\"url\":\"https:\/\/my.stlflix.com\/wp-content\/uploads\/2024\/06\/logo-mystore.png\",\"contentUrl\":\"https:\/\/my.stlflix.com\/wp-content\/uploads\/2024\/06\/logo-mystore.png\",\"width\":150,\"height\":41,\"caption\":\"MyStore - By STLFLIX\"},\"image\":{\"@id\":\"https:\/\/my.stlflix.com\/tr\/#\/schema\/logo\/image\/\"},\"sameAs\":[\"https:\/\/www.facebook.com\/STLFLIX\",\"https:\/\/www.instagram.com\/stlflix_\/\",\"https:\/\/www.tiktok.com\/@stlflix\"]}]}<\/script>\n<!-- \/ Yoast SEO plugin. -->","yoast_head_json":{"title":"3D City Frames - S\u00e3o Paulo - 9,5cm Version - MyStore - By STLFLIX","robots":{"index":"index","follow":"follow","max-snippet":"max-snippet:-1","max-image-preview":"max-image-preview:large","max-video-preview":"max-video-preview:-1"},"canonical":"https:\/\/my.stlflix.com\/tr\/product\/3d-city-frames-sao-paulo-95cm-version-68c9dd29b6cd3\/","og_locale":"es_ES","og_type":"article","og_title":"3D City Frames - S\u00e3o Paulo - 9,5cm Version - MyStore - By STLFLIX","og_description":"S\u00e3o Paulo \u00e9 a maior cidade do Brasil e uma das maiores metr\u00f3poles do mundo, conhecida como o principal centro financeiro, econ\u00f4mico e cultural do pa\u00eds. Funda\u00e7\u00e3o: foi fundada em 25 de janeiro de 1554 por padres jesu\u00edtas, incluindo Manuel da N\u00f3brega e Jos\u00e9 de Anchieta. Popula\u00e7\u00e3o: possui mais de 12 milh\u00f5es de habitantes na [&hellip;]","og_url":"https:\/\/my.stlflix.com\/tr\/product\/3d-city-frames-sao-paulo-95cm-version-68c9dd29b6cd3\/","og_site_name":"MyStore - By STLFLIX","article_publisher":"https:\/\/www.facebook.com\/STLFLIX","article_modified_time":"2025-09-24T22:22:17+00:00","og_image":[{"width":1080,"height":1350,"url":"https:\/\/my.stlflix.com\/wp-content\/uploads\/2025\/06\/Sao_Paulo_9_5cm_Version_thumb_b5057ae8fc.png","type":"image\/png"}],"twitter_card":"summary_large_image","twitter_misc":{"Est. reading time":"1 minute"},"schema":{"@context":"https:\/\/schema.org","@graph":[{"@type":"WebPage","@id":"https:\/\/my.stlflix.com\/tr\/product\/3d-city-frames-sao-paulo-95cm-version-68c9dd29b6cd3\/","url":"https:\/\/my.stlflix.com\/tr\/product\/3d-city-frames-sao-paulo-95cm-version-68c9dd29b6cd3\/","name":"3D City Frames - S\u00e3o Paulo - 9,5cm Version - MyStore - By STLFLIX","isPartOf":{"@id":"https:\/\/my.stlflix.com\/tr\/#website"},"primaryImageOfPage":{"@id":"https:\/\/my.stlflix.com\/tr\/product\/3d-city-frames-sao-paulo-95cm-version-68c9dd29b6cd3\/#primaryimage"},"image":{"@id":"https:\/\/my.stlflix.com\/tr\/product\/3d-city-frames-sao-paulo-95cm-version-68c9dd29b6cd3\/#primaryimage"},"thumbnailUrl":"https:\/\/my.stlflix.com\/wp-content\/uploads\/2025\/06\/Sao_Paulo_9_5cm_Version_thumb_b5057ae8fc.png","datePublished":"2025-09-17T00:19:56+00:00","dateModified":"2025-09-24T22:22:17+00:00","breadcrumb":{"@id":"https:\/\/my.stlflix.com\/tr\/product\/3d-city-frames-sao-paulo-95cm-version-68c9dd29b6cd3\/#breadcrumb"},"inLanguage":"es-ES","potentialAction":[{"@type":"ReadAction","target":["https:\/\/my.stlflix.com\/tr\/product\/3d-city-frames-sao-paulo-95cm-version-68c9dd29b6cd3\/"]}]},{"@type":"ImageObject","inLanguage":"es-ES","@id":"https:\/\/my.stlflix.com\/tr\/product\/3d-city-frames-sao-paulo-95cm-version-68c9dd29b6cd3\/#primaryimage","url":"https:\/\/my.stlflix.com\/wp-content\/uploads\/2025\/06\/Sao_Paulo_9_5cm_Version_thumb_b5057ae8fc.png","contentUrl":"https:\/\/my.stlflix.com\/wp-content\/uploads\/2025\/06\/Sao_Paulo_9_5cm_Version_thumb_b5057ae8fc.png","width":1080,"height":1350},{"@type":"BreadcrumbList","@id":"https:\/\/my.stlflix.com\/tr\/product\/3d-city-frames-sao-paulo-95cm-version-68c9dd29b6cd3\/#breadcrumb","itemListElement":[{"@type":"ListItem","position":1,"name":"Home","item":"https:\/\/my.stlflix.com\/"},{"@type":"ListItem","position":2,"name":"Products","item":"https:\/\/my.stlflix.com\/fr\/shop\/"},{"@type":"ListItem","position":3,"name":"3D City Frames &#8211; S\u00e3o Paulo &#8211; 9,5cm Version"}]},{"@type":"WebSite","@id":"https:\/\/my.stlflix.com\/tr\/#website","url":"https:\/\/my.stlflix.com\/tr\/","name":"MyStore - By STLFLIX","description":"","publisher":{"@id":"https:\/\/my.stlflix.com\/tr\/#organization"},"potentialAction":[{"@type":"SearchAction","target":{"@type":"EntryPoint","urlTemplate":"https:\/\/my.stlflix.com\/tr\/?s={search_term_string}"},"query-input":{"@type":"PropertyValueSpecification","valueRequired":true,"valueName":"search_term_string"}}],"inLanguage":"es-ES"},{"@type":"Organization","@id":"https:\/\/my.stlflix.com\/tr\/#organization","name":"MyStore - By STLFLIX","url":"https:\/\/my.stlflix.com\/tr\/","logo":{"@type":"ImageObject","inLanguage":"es-ES","@id":"https:\/\/my.stlflix.com\/tr\/#\/schema\/logo\/image\/","url":"https:\/\/my.stlflix.com\/wp-content\/uploads\/2024\/06\/logo-mystore.png","contentUrl":"https:\/\/my.stlflix.com\/wp-content\/uploads\/2024\/06\/logo-mystore.png","width":150,"height":41,"caption":"MyStore - By STLFLIX"},"image":{"@id":"https:\/\/my.stlflix.com\/tr\/#\/schema\/logo\/image\/"},"sameAs":["https:\/\/www.facebook.com\/STLFLIX","https:\/\/www.instagram.com\/stlflix_\/","https:\/\/www.tiktok.com\/@stlflix"]}]}},"_links":{"self":[{"href":"https:\/\/my.stlflix.com\/es\/wp-json\/wp\/v2\/product\/436677","targetHints":{"allow":["GET"]}}],"collection":[{"href":"https:\/\/my.stlflix.com\/es\/wp-json\/wp\/v2\/product"}],"about":[{"href":"https:\/\/my.stlflix.com\/es\/wp-json\/wp\/v2\/types\/product"}],"replies":[{"embeddable":true,"href":"https:\/\/my.stlflix.com\/es\/wp-json\/wp\/v2\/comments?post=436677"}],"wp:featuredmedia":[{"embeddable":true,"href":"https:\/\/my.stlflix.com\/es\/wp-json\/wp\/v2\/media\/386864"}],"wp:attachment":[{"href":"https:\/\/my.stlflix.com\/es\/wp-json\/wp\/v2\/media?parent=436677"}],"wp:term":[{"taxonomy":"product_brand","embeddable":true,"href":"https:\/\/my.stlflix.com\/es\/wp-json\/wp\/v2\/product_brand?post=436677"},{"taxonomy":"product_cat","embeddable":true,"href":"https:\/\/my.stlflix.com\/es\/wp-json\/wp\/v2\/product_cat?post=436677"},{"taxonomy":"product_tag","embeddable":true,"href":"https:\/\/my.stlflix.com\/es\/wp-json\/wp\/v2\/product_tag?post=436677"}],"curies":[{"name":"wp","href":"https:\/\/api.w.org\/{rel}","templated":true}]}}