{"id":436683,"date":"2025-09-16T23:56:34","date_gmt":"2025-09-16T23:56:34","guid":{"rendered":"https:\/\/my.stlflix.com\/?post_type=product&#038;p=436683"},"modified":"2025-09-24T22:23:59","modified_gmt":"2025-09-24T22:23:59","slug":"tower-of-pisa-68c9dd97217b4","status":"publish","type":"product","link":"https:\/\/my.stlflix.com\/es\/product\/tower-of-pisa-68c9dd97217b4\/","title":{"rendered":"Tower Of Pisa"},"content":{"rendered":"<p data-start=\"77\" data-end=\"186\">A <strong data-start=\"79\" data-end=\"96\">Torre de Pisa<\/strong>, ou <strong data-start=\"101\" data-end=\"128\">Torre Inclinada de Pisa<\/strong>, \u00e9 um dos monumentos mais famosos da It\u00e1lia e do mundo.<\/p>\n<ul data-start=\"188\" data-end=\"1003\">\n<li data-start=\"188\" data-end=\"282\">\n<p data-start=\"190\" data-end=\"282\"><strong data-start=\"190\" data-end=\"205\">Constru\u00e7\u00e3o:<\/strong> come\u00e7ou em <strong data-start=\"217\" data-end=\"225\">1173<\/strong> e durou quase 200 anos, sendo conclu\u00edda no s\u00e9culo XIV.<\/p>\n<\/li>\n<li data-start=\"283\" data-end=\"409\">\n<p data-start=\"285\" data-end=\"409\"><strong data-start=\"285\" data-end=\"296\">Fun\u00e7\u00e3o:<\/strong> foi projetada como o <strong data-start=\"318\" data-end=\"349\">campan\u00e1rio (torre de sinos)<\/strong> da catedral de Pisa, que faz parte da Pra\u00e7a dos Milagres.<\/p>\n<\/li>\n<li data-start=\"410\" data-end=\"513\">\n<p data-start=\"412\" data-end=\"513\"><strong data-start=\"412\" data-end=\"426\">Estrutura:<\/strong> tem cerca de <strong data-start=\"440\" data-end=\"463\">56 metros de altura<\/strong> e oito andares. \u00c9 constru\u00edda em m\u00e1rmore branco.<\/p>\n<\/li>\n<li data-start=\"514\" data-end=\"742\">\n<p data-start=\"516\" data-end=\"742\"><strong data-start=\"516\" data-end=\"531\">Inclina\u00e7\u00e3o:<\/strong> logo ap\u00f3s o in\u00edcio das obras, o solo inst\u00e1vel fez a torre se inclinar. Ao longo dos s\u00e9culos, engenheiros trabalharam para estabiliz\u00e1-la, e hoje a inclina\u00e7\u00e3o \u00e9 de cerca de <strong data-start=\"703\" data-end=\"714\">4 graus<\/strong>, mantida de forma segura.<\/p>\n<\/li>\n<li data-start=\"743\" data-end=\"882\">\n<p data-start=\"745\" data-end=\"882\"><strong data-start=\"745\" data-end=\"764\">Reconhecimento:<\/strong> \u00e9 um dos maiores s\u00edmbolos do <strong data-start=\"794\" data-end=\"826\">patrim\u00f4nio medieval italiano<\/strong> e um dos destinos tur\u00edsticos mais visitados do mundo.<\/p>\n<\/li>\n<li data-start=\"883\" data-end=\"1003\">\n<p data-start=\"885\" data-end=\"1003\"><strong data-start=\"885\" data-end=\"900\">Atualidade:<\/strong> aberta ao p\u00fablico, permitindo que visitantes subam seus 294 degraus para apreciar a vista da cidade.<\/p>\n<\/li>\n<li data-start=\"720\" data-end=\"950\"><strong>Medidas do produto:<\/strong> 8cm x 8cm x 17,5cm<\/li>\n<li data-start=\"720\" data-end=\"950\"><strong>Peso do produto:<\/strong> 0,290 kg<\/li>\n<\/ul>\n","protected":false},"excerpt":{"rendered":"<p>A Torre de Pisa, ou Torre Inclinada de Pisa, \u00e9 um dos monumentos mais famosos da It\u00e1lia e do mundo. Constru\u00e7\u00e3o: come\u00e7ou em 1173 e durou quase 200 anos, sendo conclu\u00edda no s\u00e9culo XIV. Fun\u00e7\u00e3o: foi projetada como o campan\u00e1rio (torre de sinos) da catedral de Pisa, que faz parte da Pra\u00e7a dos Milagres. Estrutura: [&hellip;]<\/p>\n","protected":false},"featured_media":55735,"comment_status":"open","ping_status":"closed","template":"","meta":[],"product_brand":[],"product_cat":[505],"product_tag":[6402],"class_list":{"0":"post-436683","1":"product","2":"type-product","3":"status-publish","4":"has-post-thumbnail","6":"product_cat-architecture-city","7":"product_tag-arquitetura","9":"first","10":"onbackorder","11":"purchasable","12":"product-type-simple"},"yoast_head":"<!-- This site is optimized with the Yoast SEO plugin v25.1 - https:\/\/yoast.com\/wordpress\/plugins\/seo\/ -->\n<title>Tower Of Pisa - MyStore - By STLFLIX<\/title>\n<meta name=\"robots\" content=\"index, follow, max-snippet:-1, max-image-preview:large, max-video-preview:-1\" \/>\n<link rel=\"canonical\" href=\"https:\/\/my.stlflix.com\/es\/product\/tower-of-pisa-68c9dd97217b4\/\" \/>\n<meta property=\"og:locale\" content=\"es_ES\" \/>\n<meta property=\"og:type\" content=\"article\" \/>\n<meta property=\"og:title\" content=\"Tower Of Pisa - MyStore - By STLFLIX\" \/>\n<meta property=\"og:description\" content=\"A Torre de Pisa, ou Torre Inclinada de Pisa, \u00e9 um dos monumentos mais famosos da It\u00e1lia e do mundo. Constru\u00e7\u00e3o: come\u00e7ou em 1173 e durou quase 200 anos, sendo conclu\u00edda no s\u00e9culo XIV. Fun\u00e7\u00e3o: foi projetada como o campan\u00e1rio (torre de sinos) da catedral de Pisa, que faz parte da Pra\u00e7a dos Milagres. Estrutura: [&hellip;]\" \/>\n<meta property=\"og:url\" content=\"https:\/\/my.stlflix.com\/es\/product\/tower-of-pisa-68c9dd97217b4\/\" \/>\n<meta property=\"og:site_name\" content=\"MyStore - By STLFLIX\" \/>\n<meta property=\"article:publisher\" content=\"https:\/\/www.facebook.com\/STLFLIX\" \/>\n<meta property=\"article:modified_time\" content=\"2025-09-24T22:23:59+00:00\" \/>\n<meta property=\"og:image\" content=\"https:\/\/my.stlflix.com\/wp-content\/uploads\/2024\/08\/Tower_Of_Pisa_thumb_2f942ce724.jpg\" \/>\n\t<meta property=\"og:image:width\" content=\"1080\" \/>\n\t<meta property=\"og:image:height\" content=\"1350\" \/>\n\t<meta property=\"og:image:type\" content=\"image\/jpeg\" \/>\n<meta name=\"twitter:card\" content=\"summary_large_image\" \/>\n<meta name=\"twitter:label1\" content=\"Est. reading time\" \/>\n\t<meta name=\"twitter:data1\" content=\"1 minute\" \/>\n<script type=\"application\/ld+json\" class=\"yoast-schema-graph\">{\"@context\":\"https:\/\/schema.org\",\"@graph\":[{\"@type\":\"WebPage\",\"@id\":\"https:\/\/my.stlflix.com\/es\/product\/tower-of-pisa-68c9dd97217b4\/\",\"url\":\"https:\/\/my.stlflix.com\/es\/product\/tower-of-pisa-68c9dd97217b4\/\",\"name\":\"Tower Of Pisa - MyStore - By STLFLIX\",\"isPartOf\":{\"@id\":\"https:\/\/my.stlflix.com\/tr\/#website\"},\"primaryImageOfPage\":{\"@id\":\"https:\/\/my.stlflix.com\/es\/product\/tower-of-pisa-68c9dd97217b4\/#primaryimage\"},\"image\":{\"@id\":\"https:\/\/my.stlflix.com\/es\/product\/tower-of-pisa-68c9dd97217b4\/#primaryimage\"},\"thumbnailUrl\":\"https:\/\/my.stlflix.com\/wp-content\/uploads\/2024\/08\/Tower_Of_Pisa_thumb_2f942ce724.jpg\",\"datePublished\":\"2025-09-16T23:56:34+00:00\",\"dateModified\":\"2025-09-24T22:23:59+00:00\",\"breadcrumb\":{\"@id\":\"https:\/\/my.stlflix.com\/es\/product\/tower-of-pisa-68c9dd97217b4\/#breadcrumb\"},\"inLanguage\":\"es-ES\",\"potentialAction\":[{\"@type\":\"ReadAction\",\"target\":[\"https:\/\/my.stlflix.com\/es\/product\/tower-of-pisa-68c9dd97217b4\/\"]}]},{\"@type\":\"ImageObject\",\"inLanguage\":\"es-ES\",\"@id\":\"https:\/\/my.stlflix.com\/es\/product\/tower-of-pisa-68c9dd97217b4\/#primaryimage\",\"url\":\"https:\/\/my.stlflix.com\/wp-content\/uploads\/2024\/08\/Tower_Of_Pisa_thumb_2f942ce724.jpg\",\"contentUrl\":\"https:\/\/my.stlflix.com\/wp-content\/uploads\/2024\/08\/Tower_Of_Pisa_thumb_2f942ce724.jpg\",\"width\":1080,\"height\":1350},{\"@type\":\"BreadcrumbList\",\"@id\":\"https:\/\/my.stlflix.com\/es\/product\/tower-of-pisa-68c9dd97217b4\/#breadcrumb\",\"itemListElement\":[{\"@type\":\"ListItem\",\"position\":1,\"name\":\"Home\",\"item\":\"https:\/\/my.stlflix.com\/\"},{\"@type\":\"ListItem\",\"position\":2,\"name\":\"Products\",\"item\":\"https:\/\/my.stlflix.com\/fr\/shop\/\"},{\"@type\":\"ListItem\",\"position\":3,\"name\":\"Tower Of Pisa\"}]},{\"@type\":\"WebSite\",\"@id\":\"https:\/\/my.stlflix.com\/tr\/#website\",\"url\":\"https:\/\/my.stlflix.com\/tr\/\",\"name\":\"MyStore - By STLFLIX\",\"description\":\"\",\"publisher\":{\"@id\":\"https:\/\/my.stlflix.com\/tr\/#organization\"},\"potentialAction\":[{\"@type\":\"SearchAction\",\"target\":{\"@type\":\"EntryPoint\",\"urlTemplate\":\"https:\/\/my.stlflix.com\/tr\/?s={search_term_string}\"},\"query-input\":{\"@type\":\"PropertyValueSpecification\",\"valueRequired\":true,\"valueName\":\"search_term_string\"}}],\"inLanguage\":\"es-ES\"},{\"@type\":\"Organization\",\"@id\":\"https:\/\/my.stlflix.com\/tr\/#organization\",\"name\":\"MyStore - By STLFLIX\",\"url\":\"https:\/\/my.stlflix.com\/tr\/\",\"logo\":{\"@type\":\"ImageObject\",\"inLanguage\":\"es-ES\",\"@id\":\"https:\/\/my.stlflix.com\/tr\/#\/schema\/logo\/image\/\",\"url\":\"https:\/\/my.stlflix.com\/wp-content\/uploads\/2024\/06\/logo-mystore.png\",\"contentUrl\":\"https:\/\/my.stlflix.com\/wp-content\/uploads\/2024\/06\/logo-mystore.png\",\"width\":150,\"height\":41,\"caption\":\"MyStore - By STLFLIX\"},\"image\":{\"@id\":\"https:\/\/my.stlflix.com\/tr\/#\/schema\/logo\/image\/\"},\"sameAs\":[\"https:\/\/www.facebook.com\/STLFLIX\",\"https:\/\/www.instagram.com\/stlflix_\/\",\"https:\/\/www.tiktok.com\/@stlflix\"]}]}<\/script>\n<!-- \/ Yoast SEO plugin. -->","yoast_head_json":{"title":"Tower Of Pisa - MyStore - By STLFLIX","robots":{"index":"index","follow":"follow","max-snippet":"max-snippet:-1","max-image-preview":"max-image-preview:large","max-video-preview":"max-video-preview:-1"},"canonical":"https:\/\/my.stlflix.com\/es\/product\/tower-of-pisa-68c9dd97217b4\/","og_locale":"es_ES","og_type":"article","og_title":"Tower Of Pisa - MyStore - By STLFLIX","og_description":"A Torre de Pisa, ou Torre Inclinada de Pisa, \u00e9 um dos monumentos mais famosos da It\u00e1lia e do mundo. Constru\u00e7\u00e3o: come\u00e7ou em 1173 e durou quase 200 anos, sendo conclu\u00edda no s\u00e9culo XIV. Fun\u00e7\u00e3o: foi projetada como o campan\u00e1rio (torre de sinos) da catedral de Pisa, que faz parte da Pra\u00e7a dos Milagres. Estrutura: [&hellip;]","og_url":"https:\/\/my.stlflix.com\/es\/product\/tower-of-pisa-68c9dd97217b4\/","og_site_name":"MyStore - By STLFLIX","article_publisher":"https:\/\/www.facebook.com\/STLFLIX","article_modified_time":"2025-09-24T22:23:59+00:00","og_image":[{"width":1080,"height":1350,"url":"https:\/\/my.stlflix.com\/wp-content\/uploads\/2024\/08\/Tower_Of_Pisa_thumb_2f942ce724.jpg","type":"image\/jpeg"}],"twitter_card":"summary_large_image","twitter_misc":{"Est. reading time":"1 minute"},"schema":{"@context":"https:\/\/schema.org","@graph":[{"@type":"WebPage","@id":"https:\/\/my.stlflix.com\/es\/product\/tower-of-pisa-68c9dd97217b4\/","url":"https:\/\/my.stlflix.com\/es\/product\/tower-of-pisa-68c9dd97217b4\/","name":"Tower Of Pisa - MyStore - By STLFLIX","isPartOf":{"@id":"https:\/\/my.stlflix.com\/tr\/#website"},"primaryImageOfPage":{"@id":"https:\/\/my.stlflix.com\/es\/product\/tower-of-pisa-68c9dd97217b4\/#primaryimage"},"image":{"@id":"https:\/\/my.stlflix.com\/es\/product\/tower-of-pisa-68c9dd97217b4\/#primaryimage"},"thumbnailUrl":"https:\/\/my.stlflix.com\/wp-content\/uploads\/2024\/08\/Tower_Of_Pisa_thumb_2f942ce724.jpg","datePublished":"2025-09-16T23:56:34+00:00","dateModified":"2025-09-24T22:23:59+00:00","breadcrumb":{"@id":"https:\/\/my.stlflix.com\/es\/product\/tower-of-pisa-68c9dd97217b4\/#breadcrumb"},"inLanguage":"es-ES","potentialAction":[{"@type":"ReadAction","target":["https:\/\/my.stlflix.com\/es\/product\/tower-of-pisa-68c9dd97217b4\/"]}]},{"@type":"ImageObject","inLanguage":"es-ES","@id":"https:\/\/my.stlflix.com\/es\/product\/tower-of-pisa-68c9dd97217b4\/#primaryimage","url":"https:\/\/my.stlflix.com\/wp-content\/uploads\/2024\/08\/Tower_Of_Pisa_thumb_2f942ce724.jpg","contentUrl":"https:\/\/my.stlflix.com\/wp-content\/uploads\/2024\/08\/Tower_Of_Pisa_thumb_2f942ce724.jpg","width":1080,"height":1350},{"@type":"BreadcrumbList","@id":"https:\/\/my.stlflix.com\/es\/product\/tower-of-pisa-68c9dd97217b4\/#breadcrumb","itemListElement":[{"@type":"ListItem","position":1,"name":"Home","item":"https:\/\/my.stlflix.com\/"},{"@type":"ListItem","position":2,"name":"Products","item":"https:\/\/my.stlflix.com\/fr\/shop\/"},{"@type":"ListItem","position":3,"name":"Tower Of Pisa"}]},{"@type":"WebSite","@id":"https:\/\/my.stlflix.com\/tr\/#website","url":"https:\/\/my.stlflix.com\/tr\/","name":"MyStore - By STLFLIX","description":"","publisher":{"@id":"https:\/\/my.stlflix.com\/tr\/#organization"},"potentialAction":[{"@type":"SearchAction","target":{"@type":"EntryPoint","urlTemplate":"https:\/\/my.stlflix.com\/tr\/?s={search_term_string}"},"query-input":{"@type":"PropertyValueSpecification","valueRequired":true,"valueName":"search_term_string"}}],"inLanguage":"es-ES"},{"@type":"Organization","@id":"https:\/\/my.stlflix.com\/tr\/#organization","name":"MyStore - By STLFLIX","url":"https:\/\/my.stlflix.com\/tr\/","logo":{"@type":"ImageObject","inLanguage":"es-ES","@id":"https:\/\/my.stlflix.com\/tr\/#\/schema\/logo\/image\/","url":"https:\/\/my.stlflix.com\/wp-content\/uploads\/2024\/06\/logo-mystore.png","contentUrl":"https:\/\/my.stlflix.com\/wp-content\/uploads\/2024\/06\/logo-mystore.png","width":150,"height":41,"caption":"MyStore - By STLFLIX"},"image":{"@id":"https:\/\/my.stlflix.com\/tr\/#\/schema\/logo\/image\/"},"sameAs":["https:\/\/www.facebook.com\/STLFLIX","https:\/\/www.instagram.com\/stlflix_\/","https:\/\/www.tiktok.com\/@stlflix"]}]}},"_links":{"self":[{"href":"https:\/\/my.stlflix.com\/es\/wp-json\/wp\/v2\/product\/436683","targetHints":{"allow":["GET"]}}],"collection":[{"href":"https:\/\/my.stlflix.com\/es\/wp-json\/wp\/v2\/product"}],"about":[{"href":"https:\/\/my.stlflix.com\/es\/wp-json\/wp\/v2\/types\/product"}],"replies":[{"embeddable":true,"href":"https:\/\/my.stlflix.com\/es\/wp-json\/wp\/v2\/comments?post=436683"}],"wp:featuredmedia":[{"embeddable":true,"href":"https:\/\/my.stlflix.com\/es\/wp-json\/wp\/v2\/media\/55735"}],"wp:attachment":[{"href":"https:\/\/my.stlflix.com\/es\/wp-json\/wp\/v2\/media?parent=436683"}],"wp:term":[{"taxonomy":"product_brand","embeddable":true,"href":"https:\/\/my.stlflix.com\/es\/wp-json\/wp\/v2\/product_brand?post=436683"},{"taxonomy":"product_cat","embeddable":true,"href":"https:\/\/my.stlflix.com\/es\/wp-json\/wp\/v2\/product_cat?post=436683"},{"taxonomy":"product_tag","embeddable":true,"href":"https:\/\/my.stlflix.com\/es\/wp-json\/wp\/v2\/product_tag?post=436683"}],"curies":[{"name":"wp","href":"https:\/\/api.w.org\/{rel}","templated":true}]}}