{"id":436827,"date":"2025-09-21T15:17:15","date_gmt":"2025-09-21T15:17:15","guid":{"rendered":"https:\/\/my.stlflix.com\/?post_type=product&#038;p=436827"},"modified":"2025-09-24T22:20:26","modified_gmt":"2025-09-24T22:20:26","slug":"healthy-premolar-tooth-68cac2dc04845","status":"publish","type":"product","link":"https:\/\/my.stlflix.com\/es\/product\/healthy-premolar-tooth-68cac2dc04845\/","title":{"rendered":"Healthy Premolar Tooth\u00a0"},"content":{"rendered":"<p data-start=\"121\" data-end=\"329\">Os <strong data-start=\"124\" data-end=\"139\">pr\u00e9-molares<\/strong> s\u00e3o dentes localizados entre os caninos e os molares, presentes tanto na arcada superior quanto inferior. Um adulto saud\u00e1vel possui <strong data-start=\"272\" data-end=\"292\">oito pr\u00e9-molares<\/strong> (quatro em cima e quatro embaixo).<\/p>\n<ul data-start=\"331\" data-end=\"1008\">\n<li data-start=\"331\" data-end=\"495\">\n<p data-start=\"333\" data-end=\"495\"><strong data-start=\"333\" data-end=\"354\">Fun\u00e7\u00e3o principal:<\/strong> ajudam na <strong data-start=\"365\" data-end=\"379\">mastiga\u00e7\u00e3o<\/strong>, triturando os alimentos e auxiliando na transi\u00e7\u00e3o entre cortar (fun\u00e7\u00e3o dos caninos) e moer (fun\u00e7\u00e3o dos molares).<\/p>\n<\/li>\n<li data-start=\"496\" data-end=\"658\">\n<p data-start=\"498\" data-end=\"658\"><strong data-start=\"498\" data-end=\"518\">Caracter\u00edsticas:<\/strong> possuem uma ou duas ra\u00edzes e apresentam superf\u00edcies de mastiga\u00e7\u00e3o com <strong data-start=\"589\" data-end=\"601\">c\u00faspides<\/strong> (pontas) adaptadas para cortar e esmagar os alimentos.<\/p>\n<\/li>\n<li data-start=\"659\" data-end=\"829\">\n<p data-start=\"661\" data-end=\"829\"><strong data-start=\"661\" data-end=\"684\">Sa\u00fade do pr\u00e9-molar:<\/strong> um pr\u00e9-molar saud\u00e1vel tem cor natural (branco ou levemente amarelado), gengiva firme ao redor, n\u00e3o apresenta c\u00e1ries, fraturas, nem mobilidade.<\/p>\n<\/li>\n<li data-start=\"830\" data-end=\"1008\">\n<p data-start=\"832\" data-end=\"858\"><strong data-start=\"832\" data-end=\"856\">Cuidados essenciais:<\/strong><\/p>\n<ul data-start=\"861\" data-end=\"1008\">\n<li data-start=\"861\" data-end=\"910\">\n<p data-start=\"863\" data-end=\"910\">Higiene oral di\u00e1ria (escova\u00e7\u00e3o e fio dental).<\/p>\n<\/li>\n<li data-start=\"913\" data-end=\"947\">\n<p data-start=\"915\" data-end=\"947\">Visitas regulares ao dentista.<\/p>\n<\/li>\n<li data-start=\"950\" data-end=\"1008\">\n<p data-start=\"952\" data-end=\"1008\">Alimenta\u00e7\u00e3o equilibrada para evitar desgaste e c\u00e1ries.<\/p>\n<\/li>\n<li data-start=\"720\" data-end=\"950\"><strong>Medidas do produto:<\/strong> 12cm x 10cm x 50cm<\/li>\n<li data-start=\"720\" data-end=\"950\"><strong>Peso do produto:<\/strong> 0,165 kg<\/li>\n<\/ul>\n<\/li>\n<\/ul>\n","protected":false},"excerpt":{"rendered":"<p>Os pr\u00e9-molares s\u00e3o dentes localizados entre os caninos e os molares, presentes tanto na arcada superior quanto inferior. Um adulto saud\u00e1vel possui oito pr\u00e9-molares (quatro em cima e quatro embaixo). Fun\u00e7\u00e3o principal: ajudam na mastiga\u00e7\u00e3o, triturando os alimentos e auxiliando na transi\u00e7\u00e3o entre cortar (fun\u00e7\u00e3o dos caninos) e moer (fun\u00e7\u00e3o dos molares). Caracter\u00edsticas: possuem uma [&hellip;]<\/p>\n","protected":false},"featured_media":1877,"comment_status":"open","ping_status":"closed","template":"","meta":[],"product_brand":[],"product_cat":[17],"product_tag":[736],"class_list":{"0":"post-436827","1":"product","2":"type-product","3":"status-publish","4":"has-post-thumbnail","6":"product_cat-educational","7":"product_tag-anatomia","9":"first","10":"onbackorder","11":"purchasable","12":"product-type-simple"},"yoast_head":"<!-- This site is optimized with the Yoast SEO plugin v25.1 - https:\/\/yoast.com\/wordpress\/plugins\/seo\/ -->\n<title>Healthy Premolar Tooth\u00a0 - MyStore - By STLFLIX<\/title>\n<meta name=\"robots\" content=\"index, follow, max-snippet:-1, max-image-preview:large, max-video-preview:-1\" \/>\n<link rel=\"canonical\" href=\"https:\/\/www.monitorstlflix.online\/product\/healthy-premolar-tooth-68cac2dc04845\/\" \/>\n<meta property=\"og:locale\" content=\"es_ES\" \/>\n<meta property=\"og:type\" content=\"article\" \/>\n<meta property=\"og:title\" content=\"Healthy Premolar Tooth\u00a0 - MyStore - By STLFLIX\" \/>\n<meta property=\"og:description\" content=\"Os pr\u00e9-molares s\u00e3o dentes localizados entre os caninos e os molares, presentes tanto na arcada superior quanto inferior. Um adulto saud\u00e1vel possui oito pr\u00e9-molares (quatro em cima e quatro embaixo). Fun\u00e7\u00e3o principal: ajudam na mastiga\u00e7\u00e3o, triturando os alimentos e auxiliando na transi\u00e7\u00e3o entre cortar (fun\u00e7\u00e3o dos caninos) e moer (fun\u00e7\u00e3o dos molares). Caracter\u00edsticas: possuem uma [&hellip;]\" \/>\n<meta property=\"og:url\" content=\"https:\/\/www.monitorstlflix.online\/product\/healthy-premolar-tooth-68cac2dc04845\/\" \/>\n<meta property=\"og:site_name\" content=\"MyStore - By STLFLIX\" \/>\n<meta property=\"article:publisher\" content=\"https:\/\/www.facebook.com\/STLFLIX\" \/>\n<meta property=\"article:modified_time\" content=\"2025-09-24T22:20:26+00:00\" \/>\n<meta property=\"og:image\" content=\"https:\/\/www.monitorstlflix.online\/wp-content\/uploads\/2024\/03\/Healthy_Premolar_Tooth_thumb_ffb5ac39ed.jpg\" \/>\n\t<meta property=\"og:image:width\" content=\"1080\" \/>\n\t<meta property=\"og:image:height\" content=\"1350\" \/>\n\t<meta property=\"og:image:type\" content=\"image\/jpeg\" \/>\n<meta name=\"twitter:card\" content=\"summary_large_image\" \/>\n<meta name=\"twitter:label1\" content=\"Est. reading time\" \/>\n\t<meta name=\"twitter:data1\" content=\"1 minute\" \/>\n<script type=\"application\/ld+json\" class=\"yoast-schema-graph\">{\"@context\":\"https:\/\/schema.org\",\"@graph\":[{\"@type\":\"WebPage\",\"@id\":\"https:\/\/www.monitorstlflix.online\/product\/healthy-premolar-tooth-68cac2dc04845\/\",\"url\":\"https:\/\/www.monitorstlflix.online\/product\/healthy-premolar-tooth-68cac2dc04845\/\",\"name\":\"Healthy Premolar Tooth\u00a0 - MyStore - By STLFLIX\",\"isPartOf\":{\"@id\":\"https:\/\/my.stlflix.com\/tr\/#website\"},\"primaryImageOfPage\":{\"@id\":\"https:\/\/www.monitorstlflix.online\/product\/healthy-premolar-tooth-68cac2dc04845\/#primaryimage\"},\"image\":{\"@id\":\"https:\/\/www.monitorstlflix.online\/product\/healthy-premolar-tooth-68cac2dc04845\/#primaryimage\"},\"thumbnailUrl\":\"https:\/\/my.stlflix.com\/wp-content\/uploads\/2024\/03\/Healthy_Premolar_Tooth_thumb_ffb5ac39ed.jpg\",\"datePublished\":\"2025-09-21T15:17:15+00:00\",\"dateModified\":\"2025-09-24T22:20:26+00:00\",\"breadcrumb\":{\"@id\":\"https:\/\/www.monitorstlflix.online\/product\/healthy-premolar-tooth-68cac2dc04845\/#breadcrumb\"},\"inLanguage\":\"es-ES\",\"potentialAction\":[{\"@type\":\"ReadAction\",\"target\":[\"https:\/\/www.monitorstlflix.online\/product\/healthy-premolar-tooth-68cac2dc04845\/\"]}]},{\"@type\":\"ImageObject\",\"inLanguage\":\"es-ES\",\"@id\":\"https:\/\/www.monitorstlflix.online\/product\/healthy-premolar-tooth-68cac2dc04845\/#primaryimage\",\"url\":\"https:\/\/my.stlflix.com\/wp-content\/uploads\/2024\/03\/Healthy_Premolar_Tooth_thumb_ffb5ac39ed.jpg\",\"contentUrl\":\"https:\/\/my.stlflix.com\/wp-content\/uploads\/2024\/03\/Healthy_Premolar_Tooth_thumb_ffb5ac39ed.jpg\",\"width\":1080,\"height\":1350},{\"@type\":\"BreadcrumbList\",\"@id\":\"https:\/\/www.monitorstlflix.online\/product\/healthy-premolar-tooth-68cac2dc04845\/#breadcrumb\",\"itemListElement\":[{\"@type\":\"ListItem\",\"position\":1,\"name\":\"Home\",\"item\":\"https:\/\/my.stlflix.com\/\"},{\"@type\":\"ListItem\",\"position\":2,\"name\":\"Products\",\"item\":\"https:\/\/my.stlflix.com\/fr\/shop\/\"},{\"@type\":\"ListItem\",\"position\":3,\"name\":\"Healthy Premolar Tooth\u00a0\"}]},{\"@type\":\"WebSite\",\"@id\":\"https:\/\/my.stlflix.com\/tr\/#website\",\"url\":\"https:\/\/my.stlflix.com\/tr\/\",\"name\":\"MyStore - By STLFLIX\",\"description\":\"\",\"publisher\":{\"@id\":\"https:\/\/my.stlflix.com\/tr\/#organization\"},\"potentialAction\":[{\"@type\":\"SearchAction\",\"target\":{\"@type\":\"EntryPoint\",\"urlTemplate\":\"https:\/\/my.stlflix.com\/tr\/?s={search_term_string}\"},\"query-input\":{\"@type\":\"PropertyValueSpecification\",\"valueRequired\":true,\"valueName\":\"search_term_string\"}}],\"inLanguage\":\"es-ES\"},{\"@type\":\"Organization\",\"@id\":\"https:\/\/my.stlflix.com\/tr\/#organization\",\"name\":\"MyStore - By STLFLIX\",\"url\":\"https:\/\/my.stlflix.com\/tr\/\",\"logo\":{\"@type\":\"ImageObject\",\"inLanguage\":\"es-ES\",\"@id\":\"https:\/\/my.stlflix.com\/tr\/#\/schema\/logo\/image\/\",\"url\":\"https:\/\/my.stlflix.com\/wp-content\/uploads\/2024\/06\/logo-mystore.png\",\"contentUrl\":\"https:\/\/my.stlflix.com\/wp-content\/uploads\/2024\/06\/logo-mystore.png\",\"width\":150,\"height\":41,\"caption\":\"MyStore - By STLFLIX\"},\"image\":{\"@id\":\"https:\/\/my.stlflix.com\/tr\/#\/schema\/logo\/image\/\"},\"sameAs\":[\"https:\/\/www.facebook.com\/STLFLIX\",\"https:\/\/www.instagram.com\/stlflix_\/\",\"https:\/\/www.tiktok.com\/@stlflix\"]}]}<\/script>\n<!-- \/ Yoast SEO plugin. -->","yoast_head_json":{"title":"Healthy Premolar Tooth\u00a0 - MyStore - By STLFLIX","robots":{"index":"index","follow":"follow","max-snippet":"max-snippet:-1","max-image-preview":"max-image-preview:large","max-video-preview":"max-video-preview:-1"},"canonical":"https:\/\/www.monitorstlflix.online\/product\/healthy-premolar-tooth-68cac2dc04845\/","og_locale":"es_ES","og_type":"article","og_title":"Healthy Premolar Tooth\u00a0 - MyStore - By STLFLIX","og_description":"Os pr\u00e9-molares s\u00e3o dentes localizados entre os caninos e os molares, presentes tanto na arcada superior quanto inferior. Um adulto saud\u00e1vel possui oito pr\u00e9-molares (quatro em cima e quatro embaixo). Fun\u00e7\u00e3o principal: ajudam na mastiga\u00e7\u00e3o, triturando os alimentos e auxiliando na transi\u00e7\u00e3o entre cortar (fun\u00e7\u00e3o dos caninos) e moer (fun\u00e7\u00e3o dos molares). Caracter\u00edsticas: possuem uma [&hellip;]","og_url":"https:\/\/www.monitorstlflix.online\/product\/healthy-premolar-tooth-68cac2dc04845\/","og_site_name":"MyStore - By STLFLIX","article_publisher":"https:\/\/www.facebook.com\/STLFLIX","article_modified_time":"2025-09-24T22:20:26+00:00","og_image":[{"width":1080,"height":1350,"url":"https:\/\/www.monitorstlflix.online\/wp-content\/uploads\/2024\/03\/Healthy_Premolar_Tooth_thumb_ffb5ac39ed.jpg","type":"image\/jpeg"}],"twitter_card":"summary_large_image","twitter_misc":{"Est. reading time":"1 minute"},"schema":{"@context":"https:\/\/schema.org","@graph":[{"@type":"WebPage","@id":"https:\/\/www.monitorstlflix.online\/product\/healthy-premolar-tooth-68cac2dc04845\/","url":"https:\/\/www.monitorstlflix.online\/product\/healthy-premolar-tooth-68cac2dc04845\/","name":"Healthy Premolar Tooth\u00a0 - MyStore - By STLFLIX","isPartOf":{"@id":"https:\/\/my.stlflix.com\/tr\/#website"},"primaryImageOfPage":{"@id":"https:\/\/www.monitorstlflix.online\/product\/healthy-premolar-tooth-68cac2dc04845\/#primaryimage"},"image":{"@id":"https:\/\/www.monitorstlflix.online\/product\/healthy-premolar-tooth-68cac2dc04845\/#primaryimage"},"thumbnailUrl":"https:\/\/my.stlflix.com\/wp-content\/uploads\/2024\/03\/Healthy_Premolar_Tooth_thumb_ffb5ac39ed.jpg","datePublished":"2025-09-21T15:17:15+00:00","dateModified":"2025-09-24T22:20:26+00:00","breadcrumb":{"@id":"https:\/\/www.monitorstlflix.online\/product\/healthy-premolar-tooth-68cac2dc04845\/#breadcrumb"},"inLanguage":"es-ES","potentialAction":[{"@type":"ReadAction","target":["https:\/\/www.monitorstlflix.online\/product\/healthy-premolar-tooth-68cac2dc04845\/"]}]},{"@type":"ImageObject","inLanguage":"es-ES","@id":"https:\/\/www.monitorstlflix.online\/product\/healthy-premolar-tooth-68cac2dc04845\/#primaryimage","url":"https:\/\/my.stlflix.com\/wp-content\/uploads\/2024\/03\/Healthy_Premolar_Tooth_thumb_ffb5ac39ed.jpg","contentUrl":"https:\/\/my.stlflix.com\/wp-content\/uploads\/2024\/03\/Healthy_Premolar_Tooth_thumb_ffb5ac39ed.jpg","width":1080,"height":1350},{"@type":"BreadcrumbList","@id":"https:\/\/www.monitorstlflix.online\/product\/healthy-premolar-tooth-68cac2dc04845\/#breadcrumb","itemListElement":[{"@type":"ListItem","position":1,"name":"Home","item":"https:\/\/my.stlflix.com\/"},{"@type":"ListItem","position":2,"name":"Products","item":"https:\/\/my.stlflix.com\/fr\/shop\/"},{"@type":"ListItem","position":3,"name":"Healthy Premolar Tooth\u00a0"}]},{"@type":"WebSite","@id":"https:\/\/my.stlflix.com\/tr\/#website","url":"https:\/\/my.stlflix.com\/tr\/","name":"MyStore - By STLFLIX","description":"","publisher":{"@id":"https:\/\/my.stlflix.com\/tr\/#organization"},"potentialAction":[{"@type":"SearchAction","target":{"@type":"EntryPoint","urlTemplate":"https:\/\/my.stlflix.com\/tr\/?s={search_term_string}"},"query-input":{"@type":"PropertyValueSpecification","valueRequired":true,"valueName":"search_term_string"}}],"inLanguage":"es-ES"},{"@type":"Organization","@id":"https:\/\/my.stlflix.com\/tr\/#organization","name":"MyStore - By STLFLIX","url":"https:\/\/my.stlflix.com\/tr\/","logo":{"@type":"ImageObject","inLanguage":"es-ES","@id":"https:\/\/my.stlflix.com\/tr\/#\/schema\/logo\/image\/","url":"https:\/\/my.stlflix.com\/wp-content\/uploads\/2024\/06\/logo-mystore.png","contentUrl":"https:\/\/my.stlflix.com\/wp-content\/uploads\/2024\/06\/logo-mystore.png","width":150,"height":41,"caption":"MyStore - By STLFLIX"},"image":{"@id":"https:\/\/my.stlflix.com\/tr\/#\/schema\/logo\/image\/"},"sameAs":["https:\/\/www.facebook.com\/STLFLIX","https:\/\/www.instagram.com\/stlflix_\/","https:\/\/www.tiktok.com\/@stlflix"]}]}},"_links":{"self":[{"href":"https:\/\/my.stlflix.com\/es\/wp-json\/wp\/v2\/product\/436827","targetHints":{"allow":["GET"]}}],"collection":[{"href":"https:\/\/my.stlflix.com\/es\/wp-json\/wp\/v2\/product"}],"about":[{"href":"https:\/\/my.stlflix.com\/es\/wp-json\/wp\/v2\/types\/product"}],"replies":[{"embeddable":true,"href":"https:\/\/my.stlflix.com\/es\/wp-json\/wp\/v2\/comments?post=436827"}],"wp:featuredmedia":[{"embeddable":true,"href":"https:\/\/my.stlflix.com\/es\/wp-json\/wp\/v2\/media\/1877"}],"wp:attachment":[{"href":"https:\/\/my.stlflix.com\/es\/wp-json\/wp\/v2\/media?parent=436827"}],"wp:term":[{"taxonomy":"product_brand","embeddable":true,"href":"https:\/\/my.stlflix.com\/es\/wp-json\/wp\/v2\/product_brand?post=436827"},{"taxonomy":"product_cat","embeddable":true,"href":"https:\/\/my.stlflix.com\/es\/wp-json\/wp\/v2\/product_cat?post=436827"},{"taxonomy":"product_tag","embeddable":true,"href":"https:\/\/my.stlflix.com\/es\/wp-json\/wp\/v2\/product_tag?post=436827"}],"curies":[{"name":"wp","href":"https:\/\/api.w.org\/{rel}","templated":true}]}}