{"id":436969,"date":"2025-09-26T23:16:31","date_gmt":"2025-09-26T23:16:31","guid":{"rendered":"https:\/\/my.stlflix.com\/?post_type=product&#038;p=436969"},"modified":"2025-09-26T23:16:32","modified_gmt":"2025-09-26T23:16:32","slug":"curious-cat-68cb0ba060502","status":"publish","type":"product","link":"https:\/\/my.stlflix.com\/es\/product\/curious-cat-68cb0ba060502\/","title":{"rendered":"Curious Cat"},"content":{"rendered":"<p data-start=\"0\" data-end=\"57\">\ud83d\udc31 <strong data-start=\"3\" data-end=\"52\">Curious Cat \u2013 Miniatura Decorativa Interativa<\/strong> \ud83d\udc31<\/p>\n<p data-start=\"59\" data-end=\"267\">Cheio de fofura e personalidade, o <strong data-start=\"94\" data-end=\"109\">Curious Cat<\/strong> \u00e9 o item perfeito para quem ama gatos e design criativo. Com sua pose divertida e olhar curioso, ele \u00e9 ideal para dar charme e alegria a qualquer ambiente.<\/p>\n<p data-start=\"269\" data-end=\"294\">\ud83d\udd39 <strong data-start=\"272\" data-end=\"292\">Caracter\u00edsticas:<\/strong><\/p>\n<ul data-start=\"295\" data-end=\"653\">\n<li data-start=\"295\" data-end=\"343\">\n<p data-start=\"297\" data-end=\"343\">Design exclusivo de gatinho em pose curiosa.<\/p>\n<\/li>\n<li data-start=\"344\" data-end=\"401\">\n<p data-start=\"346\" data-end=\"401\">Acabamento leve e resistente, com detalhes delicados.<\/p>\n<\/li>\n<li data-start=\"402\" data-end=\"490\">\n<p data-start=\"404\" data-end=\"490\">Compacto: perfeito para mesas, prateleiras, escrivaninhas e decora\u00e7\u00e3o de interiores.<\/p>\n<\/li>\n<li data-start=\"491\" data-end=\"571\">\n<p data-start=\"493\" data-end=\"571\">Interativo: al\u00e9m de decorativo, pode ser manipulado para entreter e relaxar.<\/p>\n<\/li>\n<li data-start=\"572\" data-end=\"653\">\n<p data-start=\"574\" data-end=\"653\">\u00d3tima op\u00e7\u00e3o de presente criativo para amantes de gatos e itens colecion\u00e1veis.<\/p>\n<\/li>\n<\/ul>\n<p data-start=\"655\" data-end=\"771\">\u2728 O <strong data-start=\"659\" data-end=\"674\">Curious Cat<\/strong> vai conquistar cora\u00e7\u00f5es e transformar seu espa\u00e7o em um ambiente mais alegre e cheio de estilo.<\/p>\n<p data-start=\"773\" data-end=\"834\">\ud83d\udc49 Um presente ideal para quem n\u00e3o resiste \u00e0 fofura felina!<\/p>\n","protected":false},"excerpt":{"rendered":"<p>\ud83d\udc31 Curious Cat \u2013 Miniatura Decorativa Interativa \ud83d\udc31 Cheio de fofura e personalidade, o Curious Cat \u00e9 o item perfeito para quem ama gatos e design criativo. Com sua pose divertida e olhar curioso, ele \u00e9 ideal para dar charme e alegria a qualquer ambiente. \ud83d\udd39 Caracter\u00edsticas: Design exclusivo de gatinho em pose curiosa. Acabamento [&hellip;]<\/p>\n","protected":false},"featured_media":343933,"comment_status":"open","ping_status":"closed","template":"","meta":[],"product_brand":[],"product_cat":[15],"product_tag":[552,3562],"class_list":{"0":"post-436969","1":"product","2":"type-product","3":"status-publish","4":"has-post-thumbnail","6":"product_cat-uncategorized","7":"product_tag-articulados","8":"product_tag-brinquedo","10":"first","11":"instock","12":"taxable","13":"shipping-taxable","14":"purchasable","15":"product-type-simple"},"yoast_head":"<!-- This site is optimized with the Yoast SEO plugin v25.1 - https:\/\/yoast.com\/wordpress\/plugins\/seo\/ -->\n<title>Curious Cat - MyStore - By STLFLIX<\/title>\n<meta name=\"robots\" content=\"index, follow, max-snippet:-1, max-image-preview:large, max-video-preview:-1\" \/>\n<link rel=\"canonical\" href=\"https:\/\/www.monitorstlflix.online\/product\/curious-cat-68cb0ba060502\/\" \/>\n<meta property=\"og:locale\" content=\"es_ES\" \/>\n<meta property=\"og:type\" content=\"article\" \/>\n<meta property=\"og:title\" content=\"Curious Cat - MyStore - By STLFLIX\" \/>\n<meta property=\"og:description\" content=\"\ud83d\udc31 Curious Cat \u2013 Miniatura Decorativa Interativa \ud83d\udc31 Cheio de fofura e personalidade, o Curious Cat \u00e9 o item perfeito para quem ama gatos e design criativo. Com sua pose divertida e olhar curioso, ele \u00e9 ideal para dar charme e alegria a qualquer ambiente. \ud83d\udd39 Caracter\u00edsticas: Design exclusivo de gatinho em pose curiosa. Acabamento [&hellip;]\" \/>\n<meta property=\"og:url\" content=\"https:\/\/www.monitorstlflix.online\/product\/curious-cat-68cb0ba060502\/\" \/>\n<meta property=\"og:site_name\" content=\"MyStore - By STLFLIX\" \/>\n<meta property=\"article:publisher\" content=\"https:\/\/www.facebook.com\/STLFLIX\" \/>\n<meta property=\"article:modified_time\" content=\"2025-09-26T23:16:32+00:00\" \/>\n<meta property=\"og:image\" content=\"https:\/\/www.monitorstlflix.online\/wp-content\/uploads\/2025\/05\/Curious_Cat_thumb_29ae7deb80.jpg\" \/>\n\t<meta property=\"og:image:width\" content=\"1080\" \/>\n\t<meta property=\"og:image:height\" content=\"1350\" \/>\n\t<meta property=\"og:image:type\" content=\"image\/jpeg\" \/>\n<meta name=\"twitter:card\" content=\"summary_large_image\" \/>\n<meta name=\"twitter:label1\" content=\"Est. reading time\" \/>\n\t<meta name=\"twitter:data1\" content=\"1 minute\" \/>\n<script type=\"application\/ld+json\" class=\"yoast-schema-graph\">{\"@context\":\"https:\/\/schema.org\",\"@graph\":[{\"@type\":\"WebPage\",\"@id\":\"https:\/\/www.monitorstlflix.online\/product\/curious-cat-68cb0ba060502\/\",\"url\":\"https:\/\/www.monitorstlflix.online\/product\/curious-cat-68cb0ba060502\/\",\"name\":\"Curious Cat - MyStore - By STLFLIX\",\"isPartOf\":{\"@id\":\"https:\/\/my.stlflix.com\/#website\"},\"primaryImageOfPage\":{\"@id\":\"https:\/\/www.monitorstlflix.online\/product\/curious-cat-68cb0ba060502\/#primaryimage\"},\"image\":{\"@id\":\"https:\/\/www.monitorstlflix.online\/product\/curious-cat-68cb0ba060502\/#primaryimage\"},\"thumbnailUrl\":\"https:\/\/my.stlflix.com\/wp-content\/uploads\/2025\/05\/Curious_Cat_thumb_29ae7deb80.jpg\",\"datePublished\":\"2025-09-26T23:16:31+00:00\",\"dateModified\":\"2025-09-26T23:16:32+00:00\",\"breadcrumb\":{\"@id\":\"https:\/\/www.monitorstlflix.online\/product\/curious-cat-68cb0ba060502\/#breadcrumb\"},\"inLanguage\":\"es-ES\",\"potentialAction\":[{\"@type\":\"ReadAction\",\"target\":[\"https:\/\/www.monitorstlflix.online\/product\/curious-cat-68cb0ba060502\/\"]}]},{\"@type\":\"ImageObject\",\"inLanguage\":\"es-ES\",\"@id\":\"https:\/\/www.monitorstlflix.online\/product\/curious-cat-68cb0ba060502\/#primaryimage\",\"url\":\"https:\/\/my.stlflix.com\/wp-content\/uploads\/2025\/05\/Curious_Cat_thumb_29ae7deb80.jpg\",\"contentUrl\":\"https:\/\/my.stlflix.com\/wp-content\/uploads\/2025\/05\/Curious_Cat_thumb_29ae7deb80.jpg\",\"width\":1080,\"height\":1350},{\"@type\":\"BreadcrumbList\",\"@id\":\"https:\/\/www.monitorstlflix.online\/product\/curious-cat-68cb0ba060502\/#breadcrumb\",\"itemListElement\":[{\"@type\":\"ListItem\",\"position\":1,\"name\":\"Home\",\"item\":\"https:\/\/www.stlflix-store.com\/\"},{\"@type\":\"ListItem\",\"position\":2,\"name\":\"Products\",\"item\":\"https:\/\/www.stlflix-store.com\/shop\/\"},{\"@type\":\"ListItem\",\"position\":3,\"name\":\"Curious Cat\"}]},{\"@type\":\"WebSite\",\"@id\":\"https:\/\/my.stlflix.com\/#website\",\"url\":\"https:\/\/my.stlflix.com\/\",\"name\":\"MyStore - By STLFLIX\",\"description\":\"\",\"publisher\":{\"@id\":\"https:\/\/my.stlflix.com\/#organization\"},\"potentialAction\":[{\"@type\":\"SearchAction\",\"target\":{\"@type\":\"EntryPoint\",\"urlTemplate\":\"https:\/\/my.stlflix.com\/?s={search_term_string}\"},\"query-input\":{\"@type\":\"PropertyValueSpecification\",\"valueRequired\":true,\"valueName\":\"search_term_string\"}}],\"inLanguage\":\"es-ES\"},{\"@type\":\"Organization\",\"@id\":\"https:\/\/my.stlflix.com\/#organization\",\"name\":\"MyStore - By STLFLIX\",\"url\":\"https:\/\/my.stlflix.com\/\",\"logo\":{\"@type\":\"ImageObject\",\"inLanguage\":\"es-ES\",\"@id\":\"https:\/\/my.stlflix.com\/#\/schema\/logo\/image\/\",\"url\":\"https:\/\/my.stlflix.com\/wp-content\/uploads\/2024\/06\/logo-mystore.png\",\"contentUrl\":\"https:\/\/my.stlflix.com\/wp-content\/uploads\/2024\/06\/logo-mystore.png\",\"width\":150,\"height\":41,\"caption\":\"MyStore - By STLFLIX\"},\"image\":{\"@id\":\"https:\/\/my.stlflix.com\/#\/schema\/logo\/image\/\"},\"sameAs\":[\"https:\/\/www.facebook.com\/STLFLIX\",\"https:\/\/www.instagram.com\/stlflix_\/\",\"https:\/\/www.tiktok.com\/@stlflix\"]}]}<\/script>\n<!-- \/ Yoast SEO plugin. -->","yoast_head_json":{"title":"Curious Cat - MyStore - By STLFLIX","robots":{"index":"index","follow":"follow","max-snippet":"max-snippet:-1","max-image-preview":"max-image-preview:large","max-video-preview":"max-video-preview:-1"},"canonical":"https:\/\/www.monitorstlflix.online\/product\/curious-cat-68cb0ba060502\/","og_locale":"es_ES","og_type":"article","og_title":"Curious Cat - MyStore - By STLFLIX","og_description":"\ud83d\udc31 Curious Cat \u2013 Miniatura Decorativa Interativa \ud83d\udc31 Cheio de fofura e personalidade, o Curious Cat \u00e9 o item perfeito para quem ama gatos e design criativo. Com sua pose divertida e olhar curioso, ele \u00e9 ideal para dar charme e alegria a qualquer ambiente. \ud83d\udd39 Caracter\u00edsticas: Design exclusivo de gatinho em pose curiosa. Acabamento [&hellip;]","og_url":"https:\/\/www.monitorstlflix.online\/product\/curious-cat-68cb0ba060502\/","og_site_name":"MyStore - By STLFLIX","article_publisher":"https:\/\/www.facebook.com\/STLFLIX","article_modified_time":"2025-09-26T23:16:32+00:00","og_image":[{"width":1080,"height":1350,"url":"https:\/\/www.monitorstlflix.online\/wp-content\/uploads\/2025\/05\/Curious_Cat_thumb_29ae7deb80.jpg","type":"image\/jpeg"}],"twitter_card":"summary_large_image","twitter_misc":{"Est. reading time":"1 minute"},"schema":{"@context":"https:\/\/schema.org","@graph":[{"@type":"WebPage","@id":"https:\/\/www.monitorstlflix.online\/product\/curious-cat-68cb0ba060502\/","url":"https:\/\/www.monitorstlflix.online\/product\/curious-cat-68cb0ba060502\/","name":"Curious Cat - MyStore - By STLFLIX","isPartOf":{"@id":"https:\/\/my.stlflix.com\/#website"},"primaryImageOfPage":{"@id":"https:\/\/www.monitorstlflix.online\/product\/curious-cat-68cb0ba060502\/#primaryimage"},"image":{"@id":"https:\/\/www.monitorstlflix.online\/product\/curious-cat-68cb0ba060502\/#primaryimage"},"thumbnailUrl":"https:\/\/my.stlflix.com\/wp-content\/uploads\/2025\/05\/Curious_Cat_thumb_29ae7deb80.jpg","datePublished":"2025-09-26T23:16:31+00:00","dateModified":"2025-09-26T23:16:32+00:00","breadcrumb":{"@id":"https:\/\/www.monitorstlflix.online\/product\/curious-cat-68cb0ba060502\/#breadcrumb"},"inLanguage":"es-ES","potentialAction":[{"@type":"ReadAction","target":["https:\/\/www.monitorstlflix.online\/product\/curious-cat-68cb0ba060502\/"]}]},{"@type":"ImageObject","inLanguage":"es-ES","@id":"https:\/\/www.monitorstlflix.online\/product\/curious-cat-68cb0ba060502\/#primaryimage","url":"https:\/\/my.stlflix.com\/wp-content\/uploads\/2025\/05\/Curious_Cat_thumb_29ae7deb80.jpg","contentUrl":"https:\/\/my.stlflix.com\/wp-content\/uploads\/2025\/05\/Curious_Cat_thumb_29ae7deb80.jpg","width":1080,"height":1350},{"@type":"BreadcrumbList","@id":"https:\/\/www.monitorstlflix.online\/product\/curious-cat-68cb0ba060502\/#breadcrumb","itemListElement":[{"@type":"ListItem","position":1,"name":"Home","item":"https:\/\/www.stlflix-store.com\/"},{"@type":"ListItem","position":2,"name":"Products","item":"https:\/\/www.stlflix-store.com\/shop\/"},{"@type":"ListItem","position":3,"name":"Curious Cat"}]},{"@type":"WebSite","@id":"https:\/\/my.stlflix.com\/#website","url":"https:\/\/my.stlflix.com\/","name":"MyStore - By STLFLIX","description":"","publisher":{"@id":"https:\/\/my.stlflix.com\/#organization"},"potentialAction":[{"@type":"SearchAction","target":{"@type":"EntryPoint","urlTemplate":"https:\/\/my.stlflix.com\/?s={search_term_string}"},"query-input":{"@type":"PropertyValueSpecification","valueRequired":true,"valueName":"search_term_string"}}],"inLanguage":"es-ES"},{"@type":"Organization","@id":"https:\/\/my.stlflix.com\/#organization","name":"MyStore - By STLFLIX","url":"https:\/\/my.stlflix.com\/","logo":{"@type":"ImageObject","inLanguage":"es-ES","@id":"https:\/\/my.stlflix.com\/#\/schema\/logo\/image\/","url":"https:\/\/my.stlflix.com\/wp-content\/uploads\/2024\/06\/logo-mystore.png","contentUrl":"https:\/\/my.stlflix.com\/wp-content\/uploads\/2024\/06\/logo-mystore.png","width":150,"height":41,"caption":"MyStore - By STLFLIX"},"image":{"@id":"https:\/\/my.stlflix.com\/#\/schema\/logo\/image\/"},"sameAs":["https:\/\/www.facebook.com\/STLFLIX","https:\/\/www.instagram.com\/stlflix_\/","https:\/\/www.tiktok.com\/@stlflix"]}]}},"_links":{"self":[{"href":"https:\/\/my.stlflix.com\/es\/wp-json\/wp\/v2\/product\/436969","targetHints":{"allow":["GET"]}}],"collection":[{"href":"https:\/\/my.stlflix.com\/es\/wp-json\/wp\/v2\/product"}],"about":[{"href":"https:\/\/my.stlflix.com\/es\/wp-json\/wp\/v2\/types\/product"}],"replies":[{"embeddable":true,"href":"https:\/\/my.stlflix.com\/es\/wp-json\/wp\/v2\/comments?post=436969"}],"wp:featuredmedia":[{"embeddable":true,"href":"https:\/\/my.stlflix.com\/es\/wp-json\/wp\/v2\/media\/343933"}],"wp:attachment":[{"href":"https:\/\/my.stlflix.com\/es\/wp-json\/wp\/v2\/media?parent=436969"}],"wp:term":[{"taxonomy":"product_brand","embeddable":true,"href":"https:\/\/my.stlflix.com\/es\/wp-json\/wp\/v2\/product_brand?post=436969"},{"taxonomy":"product_cat","embeddable":true,"href":"https:\/\/my.stlflix.com\/es\/wp-json\/wp\/v2\/product_cat?post=436969"},{"taxonomy":"product_tag","embeddable":true,"href":"https:\/\/my.stlflix.com\/es\/wp-json\/wp\/v2\/product_tag?post=436969"}],"curies":[{"name":"wp","href":"https:\/\/api.w.org\/{rel}","templated":true}]}}