{"id":437026,"date":"2025-09-17T21:25:27","date_gmt":"2025-09-17T21:25:27","guid":{"rendered":"https:\/\/my.stlflix.com\/?post_type=product&#038;p=437026"},"modified":"2025-09-18T12:45:10","modified_gmt":"2025-09-18T12:45:10","slug":"eclipse-pendant-light-68cb2087127fa","status":"publish","type":"product","link":"https:\/\/my.stlflix.com\/es\/product\/eclipse-pendant-light-68cb2087127fa\/","title":{"rendered":"Lumin\u00e1ria Pendente Eclipse"},"content":{"rendered":"<p data-start=\"73\" data-end=\"136\"><strong data-start=\"73\" data-end=\"134\">Lumin\u00e1ria Pendente Eclipse \u2013 Design Moderno e Sofisticado<\/strong><\/p>\n<p data-start=\"138\" data-end=\"423\">Transforme o ambiente da sua casa com a <strong data-start=\"178\" data-end=\"208\">Lumin\u00e1ria Pendente Eclipse<\/strong>, uma pe\u00e7a de design elegante que une modernidade e sofistica\u00e7\u00e3o. Com formato \u00fanico inspirado no fen\u00f4meno natural do eclipse, ela cria um jogo de luz e sombra encantador, perfeito para dar personalidade ao espa\u00e7o.<\/p>\n<p data-start=\"425\" data-end=\"458\"><strong data-start=\"425\" data-end=\"456\">Caracter\u00edsticas do produto:<\/strong><\/p>\n<ul data-start=\"459\" data-end=\"892\">\n<li data-start=\"459\" data-end=\"501\">\n<p data-start=\"461\" data-end=\"501\"><strong data-start=\"461\" data-end=\"493\">Altura aproximada (montada):<\/strong> 42 cm<\/p>\n<\/li>\n<li data-start=\"502\" data-end=\"624\">\n<p data-start=\"504\" data-end=\"624\"><strong data-start=\"504\" data-end=\"525\">Design exclusivo:<\/strong> c\u00fapula dupla que remete ao efeito de um eclipse, proporcionando ilumina\u00e7\u00e3o suave e aconchegante.<\/p>\n<\/li>\n<li data-start=\"625\" data-end=\"679\">\n<p data-start=\"627\" data-end=\"679\"><strong data-start=\"627\" data-end=\"640\">Material:<\/strong> resistente e de acabamento refinado.<\/p>\n<\/li>\n<li data-start=\"680\" data-end=\"804\">\n<p data-start=\"682\" data-end=\"804\"><strong data-start=\"682\" data-end=\"700\">Indicado para:<\/strong> salas de estar, jantar, escrit\u00f3rios, quartos ou ambientes comerciais que buscam estilo e modernidade.<\/p>\n<\/li>\n<li data-start=\"805\" data-end=\"892\">\n<p data-start=\"807\" data-end=\"892\"><strong data-start=\"807\" data-end=\"822\">Instala\u00e7\u00e3o:<\/strong> simples e pr\u00e1tica, ideal para compor diferentes tipos de decora\u00e7\u00e3o.<\/p>\n<\/li>\n<\/ul>\n<p data-start=\"894\" data-end=\"1042\">A <strong data-start=\"896\" data-end=\"917\">Lumin\u00e1ria Eclipse<\/strong> \u00e9 mais do que ilumina\u00e7\u00e3o \u2014 \u00e9 um elemento decorativo que transforma qualquer espa\u00e7o em um ambiente sofisticado e acolhedor.<\/p>\n","protected":false},"excerpt":{"rendered":"<p>Lumin\u00e1ria Pendente Eclipse \u2013 Design Moderno e Sofisticado Transforme o ambiente da sua casa com a Lumin\u00e1ria Pendente Eclipse, uma pe\u00e7a de design elegante que une modernidade e sofistica\u00e7\u00e3o. Com formato \u00fanico inspirado no fen\u00f4meno natural do eclipse, ela cria um jogo de luz e sombra encantador, perfeito para dar personalidade ao espa\u00e7o. Caracter\u00edsticas do [&hellip;]<\/p>\n","protected":false},"featured_media":345108,"comment_status":"open","ping_status":"closed","template":"","meta":[],"product_brand":[],"product_cat":[15],"product_tag":[6334],"class_list":{"0":"post-437026","1":"product","2":"type-product","3":"status-publish","4":"has-post-thumbnail","6":"product_cat-uncategorized","7":"product_tag-utiles-2","9":"first","10":"instock","11":"purchasable","12":"product-type-simple"},"yoast_head":"<!-- This site is optimized with the Yoast SEO plugin v25.1 - https:\/\/yoast.com\/wordpress\/plugins\/seo\/ -->\n<title>Lumin\u00e1ria Pendente Eclipse \u2013 Design Moderno e Sofisticado<\/title>\n<meta name=\"description\" content=\"Lumin\u00e1ria Pendente Eclipse, 42cm, design exclusivo e moderno. Ilumina\u00e7\u00e3o aconchegante para salas, quartos e escrit\u00f3rios.\" \/>\n<meta name=\"robots\" content=\"index, follow, max-snippet:-1, max-image-preview:large, max-video-preview:-1\" \/>\n<link rel=\"canonical\" href=\"https:\/\/my.stlflix.com\/es\/product\/eclipse-pendant-light-68cb2087127fa\/\" \/>\n<meta property=\"og:locale\" content=\"es_ES\" \/>\n<meta property=\"og:type\" content=\"article\" \/>\n<meta property=\"og:title\" content=\"Lumin\u00e1ria Pendente Eclipse \u2013 Design Moderno e Sofisticado\" \/>\n<meta property=\"og:description\" content=\"Lumin\u00e1ria Pendente Eclipse, 42cm, design exclusivo e moderno. Ilumina\u00e7\u00e3o aconchegante para salas, quartos e escrit\u00f3rios.\" \/>\n<meta property=\"og:url\" content=\"https:\/\/my.stlflix.com\/es\/product\/eclipse-pendant-light-68cb2087127fa\/\" \/>\n<meta property=\"og:site_name\" content=\"MyStore - By STLFLIX\" \/>\n<meta property=\"article:publisher\" content=\"https:\/\/www.facebook.com\/STLFLIX\" \/>\n<meta property=\"article:modified_time\" content=\"2025-09-18T12:45:10+00:00\" \/>\n<meta property=\"og:image\" content=\"https:\/\/my.stlflix.com\/wp-content\/uploads\/2025\/05\/Eclipse_Pendant_Lightthumb_725561e86a.png\" \/>\n\t<meta property=\"og:image:width\" content=\"1080\" \/>\n\t<meta property=\"og:image:height\" content=\"1350\" \/>\n\t<meta property=\"og:image:type\" content=\"image\/png\" \/>\n<meta name=\"twitter:card\" content=\"summary_large_image\" \/>\n<meta name=\"twitter:label1\" content=\"Est. reading time\" \/>\n\t<meta name=\"twitter:data1\" content=\"1 minute\" \/>\n<script type=\"application\/ld+json\" class=\"yoast-schema-graph\">{\"@context\":\"https:\/\/schema.org\",\"@graph\":[{\"@type\":\"WebPage\",\"@id\":\"https:\/\/my.stlflix.com\/es\/product\/eclipse-pendant-light-68cb2087127fa\/\",\"url\":\"https:\/\/my.stlflix.com\/es\/product\/eclipse-pendant-light-68cb2087127fa\/\",\"name\":\"Lumin\u00e1ria Pendente Eclipse \u2013 Design Moderno e Sofisticado\",\"isPartOf\":{\"@id\":\"https:\/\/my.stlflix.com\/#website\"},\"primaryImageOfPage\":{\"@id\":\"https:\/\/my.stlflix.com\/es\/product\/eclipse-pendant-light-68cb2087127fa\/#primaryimage\"},\"image\":{\"@id\":\"https:\/\/my.stlflix.com\/es\/product\/eclipse-pendant-light-68cb2087127fa\/#primaryimage\"},\"thumbnailUrl\":\"https:\/\/my.stlflix.com\/wp-content\/uploads\/2025\/05\/Eclipse_Pendant_Lightthumb_725561e86a.png\",\"datePublished\":\"2025-09-17T21:25:27+00:00\",\"dateModified\":\"2025-09-18T12:45:10+00:00\",\"description\":\"Lumin\u00e1ria Pendente Eclipse, 42cm, design exclusivo e moderno. Ilumina\u00e7\u00e3o aconchegante para salas, quartos e escrit\u00f3rios.\",\"breadcrumb\":{\"@id\":\"https:\/\/my.stlflix.com\/es\/product\/eclipse-pendant-light-68cb2087127fa\/#breadcrumb\"},\"inLanguage\":\"es-ES\",\"potentialAction\":[{\"@type\":\"ReadAction\",\"target\":[\"https:\/\/my.stlflix.com\/es\/product\/eclipse-pendant-light-68cb2087127fa\/\"]}]},{\"@type\":\"ImageObject\",\"inLanguage\":\"es-ES\",\"@id\":\"https:\/\/my.stlflix.com\/es\/product\/eclipse-pendant-light-68cb2087127fa\/#primaryimage\",\"url\":\"https:\/\/my.stlflix.com\/wp-content\/uploads\/2025\/05\/Eclipse_Pendant_Lightthumb_725561e86a.png\",\"contentUrl\":\"https:\/\/my.stlflix.com\/wp-content\/uploads\/2025\/05\/Eclipse_Pendant_Lightthumb_725561e86a.png\",\"width\":1080,\"height\":1350},{\"@type\":\"BreadcrumbList\",\"@id\":\"https:\/\/my.stlflix.com\/es\/product\/eclipse-pendant-light-68cb2087127fa\/#breadcrumb\",\"itemListElement\":[{\"@type\":\"ListItem\",\"position\":1,\"name\":\"Home\",\"item\":\"https:\/\/www.stlflix-store.com\/\"},{\"@type\":\"ListItem\",\"position\":2,\"name\":\"Products\",\"item\":\"https:\/\/www.stlflix-store.com\/shop\/\"},{\"@type\":\"ListItem\",\"position\":3,\"name\":\"Lumin\u00e1ria Pendente Eclipse\"}]},{\"@type\":\"WebSite\",\"@id\":\"https:\/\/my.stlflix.com\/#website\",\"url\":\"https:\/\/my.stlflix.com\/\",\"name\":\"MyStore - By STLFLIX\",\"description\":\"\",\"publisher\":{\"@id\":\"https:\/\/my.stlflix.com\/#organization\"},\"potentialAction\":[{\"@type\":\"SearchAction\",\"target\":{\"@type\":\"EntryPoint\",\"urlTemplate\":\"https:\/\/my.stlflix.com\/?s={search_term_string}\"},\"query-input\":{\"@type\":\"PropertyValueSpecification\",\"valueRequired\":true,\"valueName\":\"search_term_string\"}}],\"inLanguage\":\"es-ES\"},{\"@type\":\"Organization\",\"@id\":\"https:\/\/my.stlflix.com\/#organization\",\"name\":\"MyStore - By STLFLIX\",\"url\":\"https:\/\/my.stlflix.com\/\",\"logo\":{\"@type\":\"ImageObject\",\"inLanguage\":\"es-ES\",\"@id\":\"https:\/\/my.stlflix.com\/#\/schema\/logo\/image\/\",\"url\":\"https:\/\/my.stlflix.com\/wp-content\/uploads\/2024\/06\/logo-mystore.png\",\"contentUrl\":\"https:\/\/my.stlflix.com\/wp-content\/uploads\/2024\/06\/logo-mystore.png\",\"width\":150,\"height\":41,\"caption\":\"MyStore - By STLFLIX\"},\"image\":{\"@id\":\"https:\/\/my.stlflix.com\/#\/schema\/logo\/image\/\"},\"sameAs\":[\"https:\/\/www.facebook.com\/STLFLIX\",\"https:\/\/www.instagram.com\/stlflix_\/\",\"https:\/\/www.tiktok.com\/@stlflix\"]}]}<\/script>\n<!-- \/ Yoast SEO plugin. -->","yoast_head_json":{"title":"Lumin\u00e1ria Pendente Eclipse \u2013 Design Moderno e Sofisticado","description":"Lumin\u00e1ria Pendente Eclipse, 42cm, design exclusivo e moderno. Ilumina\u00e7\u00e3o aconchegante para salas, quartos e escrit\u00f3rios.","robots":{"index":"index","follow":"follow","max-snippet":"max-snippet:-1","max-image-preview":"max-image-preview:large","max-video-preview":"max-video-preview:-1"},"canonical":"https:\/\/my.stlflix.com\/es\/product\/eclipse-pendant-light-68cb2087127fa\/","og_locale":"es_ES","og_type":"article","og_title":"Lumin\u00e1ria Pendente Eclipse \u2013 Design Moderno e Sofisticado","og_description":"Lumin\u00e1ria Pendente Eclipse, 42cm, design exclusivo e moderno. Ilumina\u00e7\u00e3o aconchegante para salas, quartos e escrit\u00f3rios.","og_url":"https:\/\/my.stlflix.com\/es\/product\/eclipse-pendant-light-68cb2087127fa\/","og_site_name":"MyStore - By STLFLIX","article_publisher":"https:\/\/www.facebook.com\/STLFLIX","article_modified_time":"2025-09-18T12:45:10+00:00","og_image":[{"width":1080,"height":1350,"url":"https:\/\/my.stlflix.com\/wp-content\/uploads\/2025\/05\/Eclipse_Pendant_Lightthumb_725561e86a.png","type":"image\/png"}],"twitter_card":"summary_large_image","twitter_misc":{"Est. reading time":"1 minute"},"schema":{"@context":"https:\/\/schema.org","@graph":[{"@type":"WebPage","@id":"https:\/\/my.stlflix.com\/es\/product\/eclipse-pendant-light-68cb2087127fa\/","url":"https:\/\/my.stlflix.com\/es\/product\/eclipse-pendant-light-68cb2087127fa\/","name":"Lumin\u00e1ria Pendente Eclipse \u2013 Design Moderno e Sofisticado","isPartOf":{"@id":"https:\/\/my.stlflix.com\/#website"},"primaryImageOfPage":{"@id":"https:\/\/my.stlflix.com\/es\/product\/eclipse-pendant-light-68cb2087127fa\/#primaryimage"},"image":{"@id":"https:\/\/my.stlflix.com\/es\/product\/eclipse-pendant-light-68cb2087127fa\/#primaryimage"},"thumbnailUrl":"https:\/\/my.stlflix.com\/wp-content\/uploads\/2025\/05\/Eclipse_Pendant_Lightthumb_725561e86a.png","datePublished":"2025-09-17T21:25:27+00:00","dateModified":"2025-09-18T12:45:10+00:00","description":"Lumin\u00e1ria Pendente Eclipse, 42cm, design exclusivo e moderno. Ilumina\u00e7\u00e3o aconchegante para salas, quartos e escrit\u00f3rios.","breadcrumb":{"@id":"https:\/\/my.stlflix.com\/es\/product\/eclipse-pendant-light-68cb2087127fa\/#breadcrumb"},"inLanguage":"es-ES","potentialAction":[{"@type":"ReadAction","target":["https:\/\/my.stlflix.com\/es\/product\/eclipse-pendant-light-68cb2087127fa\/"]}]},{"@type":"ImageObject","inLanguage":"es-ES","@id":"https:\/\/my.stlflix.com\/es\/product\/eclipse-pendant-light-68cb2087127fa\/#primaryimage","url":"https:\/\/my.stlflix.com\/wp-content\/uploads\/2025\/05\/Eclipse_Pendant_Lightthumb_725561e86a.png","contentUrl":"https:\/\/my.stlflix.com\/wp-content\/uploads\/2025\/05\/Eclipse_Pendant_Lightthumb_725561e86a.png","width":1080,"height":1350},{"@type":"BreadcrumbList","@id":"https:\/\/my.stlflix.com\/es\/product\/eclipse-pendant-light-68cb2087127fa\/#breadcrumb","itemListElement":[{"@type":"ListItem","position":1,"name":"Home","item":"https:\/\/www.stlflix-store.com\/"},{"@type":"ListItem","position":2,"name":"Products","item":"https:\/\/www.stlflix-store.com\/shop\/"},{"@type":"ListItem","position":3,"name":"Lumin\u00e1ria Pendente Eclipse"}]},{"@type":"WebSite","@id":"https:\/\/my.stlflix.com\/#website","url":"https:\/\/my.stlflix.com\/","name":"MyStore - By STLFLIX","description":"","publisher":{"@id":"https:\/\/my.stlflix.com\/#organization"},"potentialAction":[{"@type":"SearchAction","target":{"@type":"EntryPoint","urlTemplate":"https:\/\/my.stlflix.com\/?s={search_term_string}"},"query-input":{"@type":"PropertyValueSpecification","valueRequired":true,"valueName":"search_term_string"}}],"inLanguage":"es-ES"},{"@type":"Organization","@id":"https:\/\/my.stlflix.com\/#organization","name":"MyStore - By STLFLIX","url":"https:\/\/my.stlflix.com\/","logo":{"@type":"ImageObject","inLanguage":"es-ES","@id":"https:\/\/my.stlflix.com\/#\/schema\/logo\/image\/","url":"https:\/\/my.stlflix.com\/wp-content\/uploads\/2024\/06\/logo-mystore.png","contentUrl":"https:\/\/my.stlflix.com\/wp-content\/uploads\/2024\/06\/logo-mystore.png","width":150,"height":41,"caption":"MyStore - By STLFLIX"},"image":{"@id":"https:\/\/my.stlflix.com\/#\/schema\/logo\/image\/"},"sameAs":["https:\/\/www.facebook.com\/STLFLIX","https:\/\/www.instagram.com\/stlflix_\/","https:\/\/www.tiktok.com\/@stlflix"]}]}},"_links":{"self":[{"href":"https:\/\/my.stlflix.com\/es\/wp-json\/wp\/v2\/product\/437026","targetHints":{"allow":["GET"]}}],"collection":[{"href":"https:\/\/my.stlflix.com\/es\/wp-json\/wp\/v2\/product"}],"about":[{"href":"https:\/\/my.stlflix.com\/es\/wp-json\/wp\/v2\/types\/product"}],"replies":[{"embeddable":true,"href":"https:\/\/my.stlflix.com\/es\/wp-json\/wp\/v2\/comments?post=437026"}],"wp:featuredmedia":[{"embeddable":true,"href":"https:\/\/my.stlflix.com\/es\/wp-json\/wp\/v2\/media\/345108"}],"wp:attachment":[{"href":"https:\/\/my.stlflix.com\/es\/wp-json\/wp\/v2\/media?parent=437026"}],"wp:term":[{"taxonomy":"product_brand","embeddable":true,"href":"https:\/\/my.stlflix.com\/es\/wp-json\/wp\/v2\/product_brand?post=437026"},{"taxonomy":"product_cat","embeddable":true,"href":"https:\/\/my.stlflix.com\/es\/wp-json\/wp\/v2\/product_cat?post=437026"},{"taxonomy":"product_tag","embeddable":true,"href":"https:\/\/my.stlflix.com\/es\/wp-json\/wp\/v2\/product_tag?post=437026"}],"curies":[{"name":"wp","href":"https:\/\/api.w.org\/{rel}","templated":true}]}}