{"id":437479,"date":"2025-09-18T19:44:48","date_gmt":"2025-09-18T19:44:48","guid":{"rendered":"https:\/\/my.stlflix.com\/?post_type=product&#038;p=437479"},"modified":"2025-09-18T19:44:48","modified_gmt":"2025-09-18T19:44:48","slug":"skubbies-trixi-68cc5e7e62692","status":"publish","type":"product","link":"https:\/\/my.stlflix.com\/es\/product\/skubbies-trixi-68cc5e7e62692\/","title":{"rendered":"Skubbies &#8211; Trixi"},"content":{"rendered":"<h2 data-start=\"193\" data-end=\"246\">\u2728 Produktbeschreibung f\u00fcr Etsy \u2013 Skubbie \u201eTrixi\u201c<\/h2>\n<p data-start=\"248\" data-end=\"316\"><strong data-start=\"248\" data-end=\"314\">Skubbie \u201eTrixi\u201c \u2013 ein einzigartiges 3D-gedrucktes Sammlerst\u00fcck<\/strong><\/p>\n<p data-start=\"318\" data-end=\"546\">Hol dir mit \u201eTrixi\u201c einen der beliebten Skubbies direkt zu dir nach Hause!<br data-start=\"392\" data-end=\"395\" \/>Diese Figur wird mit viel Liebe zum Detail im <strong data-start=\"441\" data-end=\"462\">3D-Druckverfahren<\/strong> gefertigt und \u00fcberzeugt durch ihre verspielte Optik und hochwertige Verarbeitung.<\/p>\n<p data-start=\"548\" data-end=\"572\">\ud83d\udca1 <strong data-start=\"551\" data-end=\"570\">Besonderheiten:<\/strong><\/p>\n<ul data-start=\"573\" data-end=\"792\">\n<li data-start=\"573\" data-end=\"645\">\n<p data-start=\"575\" data-end=\"645\">Hergestellt im 3D-Druck (PLA umweltfreundlich &amp; biologisch abbaubar)<\/p>\n<\/li>\n<li data-start=\"646\" data-end=\"700\">\n<p data-start=\"648\" data-end=\"700\">Handgepr\u00fcft, nachbearbeitet und mit Liebe verpackt<\/p>\n<\/li>\n<li data-start=\"701\" data-end=\"733\">\n<p data-start=\"703\" data-end=\"733\">Leicht, stabil und langlebig<\/p>\n<\/li>\n<li data-start=\"734\" data-end=\"792\">\n<p data-start=\"736\" data-end=\"792\">Perfekt als <strong data-start=\"748\" data-end=\"790\">Sammlerst\u00fcck, Geschenk oder Dekoration<\/strong><\/p>\n<\/li>\n<\/ul>\n<p data-start=\"794\" data-end=\"868\">\ud83d\udccf <strong data-start=\"797\" data-end=\"806\">Ma\u00dfe:<\/strong><\/p>\n<ul data-start=\"573\" data-end=\"792\">\n<li data-start=\"701\" data-end=\"733\">\n<p data-start=\"703\" data-end=\"733\">9 cm hoch<\/p>\n<\/li>\n<\/ul>\n<p data-start=\"870\" data-end=\"987\">\ud83c\udfa8 <strong data-start=\"873\" data-end=\"884\">Farben:<\/strong><br data-start=\"884\" data-end=\"887\" \/>Standardm\u00e4\u00dfig in Dunkel Gr\u00fcn, Beige, Wei\u00df.<br data-start=\"948\" data-end=\"951\" \/>Andere Farben auf Anfrage m\u00f6glich.<\/p>\n<p data-start=\"989\" data-end=\"1006\">\u26a0\ufe0f <strong data-start=\"992\" data-end=\"1004\">Hinweis:<\/strong><\/p>\n<ul data-start=\"1007\" data-end=\"1163\">\n<li data-start=\"1007\" data-end=\"1066\">\n<p data-start=\"1009\" data-end=\"1066\">Dekoration, kein Spielzeug \u2013 nicht f\u00fcr Kinder geeignet.<\/p>\n<\/li>\n<li data-start=\"1067\" data-end=\"1163\">\n<p data-start=\"1069\" data-end=\"1163\">Kleine Abweichungen sind durch den 3D-Druckprozess normal und machen jede Figur einzigartig.<\/p>\n<\/li>\n<\/ul>\n","protected":false},"excerpt":{"rendered":"<p>\u2728 Produktbeschreibung f\u00fcr Etsy \u2013 Skubbie \u201eTrixi\u201c Skubbie \u201eTrixi\u201c \u2013 ein einzigartiges 3D-gedrucktes Sammlerst\u00fcck Hol dir mit \u201eTrixi\u201c einen der beliebten Skubbies direkt zu dir nach Hause!Diese Figur wird mit viel Liebe zum Detail im 3D-Druckverfahren gefertigt und \u00fcberzeugt durch ihre verspielte Optik und hochwertige Verarbeitung. \ud83d\udca1 Besonderheiten: Hergestellt im 3D-Druck (PLA umweltfreundlich &amp; biologisch [&hellip;]<\/p>\n","protected":false},"featured_media":401300,"comment_status":"open","ping_status":"closed","template":"","meta":[],"product_brand":[],"product_cat":[15],"product_tag":[6266],"class_list":{"0":"post-437479","1":"product","2":"type-product","3":"status-publish","4":"has-post-thumbnail","6":"product_cat-uncategorized","7":"product_tag-skubbies","9":"first","10":"instock","11":"purchasable","12":"product-type-simple"},"yoast_head":"<!-- This site is optimized with the Yoast SEO plugin v25.1 - https:\/\/yoast.com\/wordpress\/plugins\/seo\/ -->\n<title>Skubbies - Trixi - MyStore - By STLFLIX<\/title>\n<meta name=\"robots\" content=\"index, follow, max-snippet:-1, max-image-preview:large, max-video-preview:-1\" \/>\n<link rel=\"canonical\" href=\"https:\/\/www.my3dstore-example.com\/product\/skubbies-trixi-68cc5e7e62692\/\" \/>\n<meta property=\"og:locale\" content=\"es_ES\" \/>\n<meta property=\"og:type\" content=\"article\" \/>\n<meta property=\"og:title\" content=\"Skubbies - Trixi - MyStore - By STLFLIX\" \/>\n<meta property=\"og:description\" content=\"\u2728 Produktbeschreibung f\u00fcr Etsy \u2013 Skubbie \u201eTrixi\u201c Skubbie \u201eTrixi\u201c \u2013 ein einzigartiges 3D-gedrucktes Sammlerst\u00fcck Hol dir mit \u201eTrixi\u201c einen der beliebten Skubbies direkt zu dir nach Hause!Diese Figur wird mit viel Liebe zum Detail im 3D-Druckverfahren gefertigt und \u00fcberzeugt durch ihre verspielte Optik und hochwertige Verarbeitung. \ud83d\udca1 Besonderheiten: Hergestellt im 3D-Druck (PLA umweltfreundlich &amp; biologisch [&hellip;]\" \/>\n<meta property=\"og:url\" content=\"https:\/\/www.my3dstore-example.com\/product\/skubbies-trixi-68cc5e7e62692\/\" \/>\n<meta property=\"og:site_name\" content=\"MyStore - By STLFLIX\" \/>\n<meta property=\"article:publisher\" content=\"https:\/\/www.facebook.com\/STLFLIX\" \/>\n<meta property=\"og:image\" content=\"https:\/\/www.my3dstore-example.com\/wp-content\/uploads\/2025\/07\/Skubbies_Trixi_thumb_a7e25cf98b.png\" \/>\n\t<meta property=\"og:image:width\" content=\"1080\" \/>\n\t<meta property=\"og:image:height\" content=\"1350\" \/>\n\t<meta property=\"og:image:type\" content=\"image\/png\" \/>\n<meta name=\"twitter:card\" content=\"summary_large_image\" \/>\n<meta name=\"twitter:label1\" content=\"Est. reading time\" \/>\n\t<meta name=\"twitter:data1\" content=\"1 minute\" \/>\n<script type=\"application\/ld+json\" class=\"yoast-schema-graph\">{\"@context\":\"https:\/\/schema.org\",\"@graph\":[{\"@type\":\"WebPage\",\"@id\":\"https:\/\/www.my3dstore-example.com\/product\/skubbies-trixi-68cc5e7e62692\/\",\"url\":\"https:\/\/www.my3dstore-example.com\/product\/skubbies-trixi-68cc5e7e62692\/\",\"name\":\"Skubbies - Trixi - MyStore - By STLFLIX\",\"isPartOf\":{\"@id\":\"https:\/\/my.stlflix.com\/#website\"},\"primaryImageOfPage\":{\"@id\":\"https:\/\/www.my3dstore-example.com\/product\/skubbies-trixi-68cc5e7e62692\/#primaryimage\"},\"image\":{\"@id\":\"https:\/\/www.my3dstore-example.com\/product\/skubbies-trixi-68cc5e7e62692\/#primaryimage\"},\"thumbnailUrl\":\"https:\/\/my.stlflix.com\/wp-content\/uploads\/2025\/07\/Skubbies_Trixi_thumb_a7e25cf98b.png\",\"datePublished\":\"2025-09-18T19:44:48+00:00\",\"breadcrumb\":{\"@id\":\"https:\/\/www.my3dstore-example.com\/product\/skubbies-trixi-68cc5e7e62692\/#breadcrumb\"},\"inLanguage\":\"es-ES\",\"potentialAction\":[{\"@type\":\"ReadAction\",\"target\":[\"https:\/\/www.my3dstore-example.com\/product\/skubbies-trixi-68cc5e7e62692\/\"]}]},{\"@type\":\"ImageObject\",\"inLanguage\":\"es-ES\",\"@id\":\"https:\/\/www.my3dstore-example.com\/product\/skubbies-trixi-68cc5e7e62692\/#primaryimage\",\"url\":\"https:\/\/my.stlflix.com\/wp-content\/uploads\/2025\/07\/Skubbies_Trixi_thumb_a7e25cf98b.png\",\"contentUrl\":\"https:\/\/my.stlflix.com\/wp-content\/uploads\/2025\/07\/Skubbies_Trixi_thumb_a7e25cf98b.png\",\"width\":1080,\"height\":1350},{\"@type\":\"BreadcrumbList\",\"@id\":\"https:\/\/www.my3dstore-example.com\/product\/skubbies-trixi-68cc5e7e62692\/#breadcrumb\",\"itemListElement\":[{\"@type\":\"ListItem\",\"position\":1,\"name\":\"Home\",\"item\":\"https:\/\/www.stlflix-store.com\/\"},{\"@type\":\"ListItem\",\"position\":2,\"name\":\"Products\",\"item\":\"https:\/\/www.stlflix-store.com\/shop\/\"},{\"@type\":\"ListItem\",\"position\":3,\"name\":\"Skubbies &#8211; Trixi\"}]},{\"@type\":\"WebSite\",\"@id\":\"https:\/\/my.stlflix.com\/#website\",\"url\":\"https:\/\/my.stlflix.com\/\",\"name\":\"MyStore - By STLFLIX\",\"description\":\"\",\"publisher\":{\"@id\":\"https:\/\/my.stlflix.com\/#organization\"},\"potentialAction\":[{\"@type\":\"SearchAction\",\"target\":{\"@type\":\"EntryPoint\",\"urlTemplate\":\"https:\/\/my.stlflix.com\/?s={search_term_string}\"},\"query-input\":{\"@type\":\"PropertyValueSpecification\",\"valueRequired\":true,\"valueName\":\"search_term_string\"}}],\"inLanguage\":\"es-ES\"},{\"@type\":\"Organization\",\"@id\":\"https:\/\/my.stlflix.com\/#organization\",\"name\":\"MyStore - By STLFLIX\",\"url\":\"https:\/\/my.stlflix.com\/\",\"logo\":{\"@type\":\"ImageObject\",\"inLanguage\":\"es-ES\",\"@id\":\"https:\/\/my.stlflix.com\/#\/schema\/logo\/image\/\",\"url\":\"https:\/\/my.stlflix.com\/wp-content\/uploads\/2024\/06\/logo-mystore.png\",\"contentUrl\":\"https:\/\/my.stlflix.com\/wp-content\/uploads\/2024\/06\/logo-mystore.png\",\"width\":150,\"height\":41,\"caption\":\"MyStore - By STLFLIX\"},\"image\":{\"@id\":\"https:\/\/my.stlflix.com\/#\/schema\/logo\/image\/\"},\"sameAs\":[\"https:\/\/www.facebook.com\/STLFLIX\",\"https:\/\/www.instagram.com\/stlflix_\/\",\"https:\/\/www.tiktok.com\/@stlflix\"]}]}<\/script>\n<!-- \/ Yoast SEO plugin. -->","yoast_head_json":{"title":"Skubbies - Trixi - MyStore - By STLFLIX","robots":{"index":"index","follow":"follow","max-snippet":"max-snippet:-1","max-image-preview":"max-image-preview:large","max-video-preview":"max-video-preview:-1"},"canonical":"https:\/\/www.my3dstore-example.com\/product\/skubbies-trixi-68cc5e7e62692\/","og_locale":"es_ES","og_type":"article","og_title":"Skubbies - Trixi - MyStore - By STLFLIX","og_description":"\u2728 Produktbeschreibung f\u00fcr Etsy \u2013 Skubbie \u201eTrixi\u201c Skubbie \u201eTrixi\u201c \u2013 ein einzigartiges 3D-gedrucktes Sammlerst\u00fcck Hol dir mit \u201eTrixi\u201c einen der beliebten Skubbies direkt zu dir nach Hause!Diese Figur wird mit viel Liebe zum Detail im 3D-Druckverfahren gefertigt und \u00fcberzeugt durch ihre verspielte Optik und hochwertige Verarbeitung. \ud83d\udca1 Besonderheiten: Hergestellt im 3D-Druck (PLA umweltfreundlich &amp; biologisch [&hellip;]","og_url":"https:\/\/www.my3dstore-example.com\/product\/skubbies-trixi-68cc5e7e62692\/","og_site_name":"MyStore - By STLFLIX","article_publisher":"https:\/\/www.facebook.com\/STLFLIX","og_image":[{"width":1080,"height":1350,"url":"https:\/\/www.my3dstore-example.com\/wp-content\/uploads\/2025\/07\/Skubbies_Trixi_thumb_a7e25cf98b.png","type":"image\/png"}],"twitter_card":"summary_large_image","twitter_misc":{"Est. reading time":"1 minute"},"schema":{"@context":"https:\/\/schema.org","@graph":[{"@type":"WebPage","@id":"https:\/\/www.my3dstore-example.com\/product\/skubbies-trixi-68cc5e7e62692\/","url":"https:\/\/www.my3dstore-example.com\/product\/skubbies-trixi-68cc5e7e62692\/","name":"Skubbies - Trixi - MyStore - By STLFLIX","isPartOf":{"@id":"https:\/\/my.stlflix.com\/#website"},"primaryImageOfPage":{"@id":"https:\/\/www.my3dstore-example.com\/product\/skubbies-trixi-68cc5e7e62692\/#primaryimage"},"image":{"@id":"https:\/\/www.my3dstore-example.com\/product\/skubbies-trixi-68cc5e7e62692\/#primaryimage"},"thumbnailUrl":"https:\/\/my.stlflix.com\/wp-content\/uploads\/2025\/07\/Skubbies_Trixi_thumb_a7e25cf98b.png","datePublished":"2025-09-18T19:44:48+00:00","breadcrumb":{"@id":"https:\/\/www.my3dstore-example.com\/product\/skubbies-trixi-68cc5e7e62692\/#breadcrumb"},"inLanguage":"es-ES","potentialAction":[{"@type":"ReadAction","target":["https:\/\/www.my3dstore-example.com\/product\/skubbies-trixi-68cc5e7e62692\/"]}]},{"@type":"ImageObject","inLanguage":"es-ES","@id":"https:\/\/www.my3dstore-example.com\/product\/skubbies-trixi-68cc5e7e62692\/#primaryimage","url":"https:\/\/my.stlflix.com\/wp-content\/uploads\/2025\/07\/Skubbies_Trixi_thumb_a7e25cf98b.png","contentUrl":"https:\/\/my.stlflix.com\/wp-content\/uploads\/2025\/07\/Skubbies_Trixi_thumb_a7e25cf98b.png","width":1080,"height":1350},{"@type":"BreadcrumbList","@id":"https:\/\/www.my3dstore-example.com\/product\/skubbies-trixi-68cc5e7e62692\/#breadcrumb","itemListElement":[{"@type":"ListItem","position":1,"name":"Home","item":"https:\/\/www.stlflix-store.com\/"},{"@type":"ListItem","position":2,"name":"Products","item":"https:\/\/www.stlflix-store.com\/shop\/"},{"@type":"ListItem","position":3,"name":"Skubbies &#8211; Trixi"}]},{"@type":"WebSite","@id":"https:\/\/my.stlflix.com\/#website","url":"https:\/\/my.stlflix.com\/","name":"MyStore - By STLFLIX","description":"","publisher":{"@id":"https:\/\/my.stlflix.com\/#organization"},"potentialAction":[{"@type":"SearchAction","target":{"@type":"EntryPoint","urlTemplate":"https:\/\/my.stlflix.com\/?s={search_term_string}"},"query-input":{"@type":"PropertyValueSpecification","valueRequired":true,"valueName":"search_term_string"}}],"inLanguage":"es-ES"},{"@type":"Organization","@id":"https:\/\/my.stlflix.com\/#organization","name":"MyStore - By STLFLIX","url":"https:\/\/my.stlflix.com\/","logo":{"@type":"ImageObject","inLanguage":"es-ES","@id":"https:\/\/my.stlflix.com\/#\/schema\/logo\/image\/","url":"https:\/\/my.stlflix.com\/wp-content\/uploads\/2024\/06\/logo-mystore.png","contentUrl":"https:\/\/my.stlflix.com\/wp-content\/uploads\/2024\/06\/logo-mystore.png","width":150,"height":41,"caption":"MyStore - By STLFLIX"},"image":{"@id":"https:\/\/my.stlflix.com\/#\/schema\/logo\/image\/"},"sameAs":["https:\/\/www.facebook.com\/STLFLIX","https:\/\/www.instagram.com\/stlflix_\/","https:\/\/www.tiktok.com\/@stlflix"]}]}},"_links":{"self":[{"href":"https:\/\/my.stlflix.com\/es\/wp-json\/wp\/v2\/product\/437479","targetHints":{"allow":["GET"]}}],"collection":[{"href":"https:\/\/my.stlflix.com\/es\/wp-json\/wp\/v2\/product"}],"about":[{"href":"https:\/\/my.stlflix.com\/es\/wp-json\/wp\/v2\/types\/product"}],"replies":[{"embeddable":true,"href":"https:\/\/my.stlflix.com\/es\/wp-json\/wp\/v2\/comments?post=437479"}],"wp:featuredmedia":[{"embeddable":true,"href":"https:\/\/my.stlflix.com\/es\/wp-json\/wp\/v2\/media\/401300"}],"wp:attachment":[{"href":"https:\/\/my.stlflix.com\/es\/wp-json\/wp\/v2\/media?parent=437479"}],"wp:term":[{"taxonomy":"product_brand","embeddable":true,"href":"https:\/\/my.stlflix.com\/es\/wp-json\/wp\/v2\/product_brand?post=437479"},{"taxonomy":"product_cat","embeddable":true,"href":"https:\/\/my.stlflix.com\/es\/wp-json\/wp\/v2\/product_cat?post=437479"},{"taxonomy":"product_tag","embeddable":true,"href":"https:\/\/my.stlflix.com\/es\/wp-json\/wp\/v2\/product_tag?post=437479"}],"curies":[{"name":"wp","href":"https:\/\/api.w.org\/{rel}","templated":true}]}}