{"id":442325,"date":"2025-09-27T13:34:59","date_gmt":"2025-09-27T13:34:59","guid":{"rendered":"https:\/\/my.stlflix.com\/?post_type=product&#038;p=442325"},"modified":"2025-09-27T13:35:00","modified_gmt":"2025-09-27T13:35:00","slug":"twin-turbo-dual-controller-grip-68d7e4689fc97","status":"publish","type":"product","link":"https:\/\/my.stlflix.com\/es\/product\/twin-turbo-dual-controller-grip-68d7e4689fc97\/","title":{"rendered":"Nintendo Switch 2 &#8211; Grip de Controle Duplo Twin Turbo \u2013 M\u00e1xima Precis\u00e3o e Resposta R\u00e1pida para Games! \ud83c\udfae\u26a1"},"content":{"rendered":"<p>\ud83c\udfae *Nintendo switch 2 &#8211; Grip de Controle Duplo Twin Turbo \u2013 M\u00e1xima Precis\u00e3o e Resposta R\u00e1pida para Games!*\ud83c\udfae\u26a1<br \/>\nTenha a experi\u00eancia definitiva em controle para games com uma pegada confort\u00e1vel e tecnologia Turbo que garante disparos r\u00e1pidos e precisos. Ideal para jogos de tiro, a\u00e7\u00e3o e aventura, o Twin Turbo oferece:<\/p>\n<p>&#8211; *Resposta Turbo dupla* para ativar comandos mais velozes e sem cansa\u00e7o<br \/>\n&#8211; Design ergon\u00f4mico que se encaixa perfeitamente nas m\u00e3os<br \/>\n&#8211; Bot\u00f5es de alta durabilidade e sensibilidade aprimorada<br \/>\n&#8211; Compat\u00edvel com m\u00faltiplas plataformas para voc\u00ea jogar sem preocupa\u00e7\u00f5es<br \/>\n&#8211; F\u00e1cil instala\u00e7\u00e3o e uso imediato<\/p>\n<p>\ud83d\udca5 Seja o jogador mais r\u00e1pido da sua turma! Chega de perder oportunidades por lentid\u00e3o no controle.<\/p>\n<p>*Garanta j\u00e1 o seu Twin Turbo Dual Controller Grip e melhore seu desempenho no game!*<\/p>\n","protected":false},"excerpt":{"rendered":"<p>\ud83c\udfae *Nintendo switch 2 &#8211; Grip de Controle Duplo Twin Turbo \u2013 M\u00e1xima Precis\u00e3o e Resposta R\u00e1pida para Games!*\ud83c\udfae\u26a1 Tenha a experi\u00eancia definitiva em controle para games com uma pegada confort\u00e1vel e tecnologia Turbo que garante disparos r\u00e1pidos e precisos. Ideal para jogos de tiro, a\u00e7\u00e3o e aventura, o Twin Turbo oferece: &#8211; *Resposta Turbo [&hellip;]<\/p>\n","protected":false},"featured_media":431383,"comment_status":"open","ping_status":"closed","template":"","meta":[],"product_brand":[],"product_cat":[15],"product_tag":[630],"class_list":{"0":"post-442325","1":"product","2":"type-product","3":"status-publish","4":"has-post-thumbnail","6":"product_cat-uncategorized","7":"product_tag-games","9":"first","10":"instock","11":"sale","12":"taxable","13":"shipping-taxable","14":"purchasable","15":"product-type-simple"},"yoast_head":"<!-- This site is optimized with the Yoast SEO plugin v25.1 - https:\/\/yoast.com\/wordpress\/plugins\/seo\/ -->\n<title>Nintendo Switch 2 - Grip de Controle Duplo Twin Turbo \u2013 M\u00e1xima Precis\u00e3o e Resposta R\u00e1pida para Games! \ud83c\udfae\u26a1 - MyStore - By STLFLIX<\/title>\n<meta name=\"robots\" content=\"index, follow, max-snippet:-1, max-image-preview:large, max-video-preview:-1\" \/>\n<link rel=\"canonical\" href=\"https:\/\/www.stlflix-store.com\/product\/twin-turbo-dual-controller-grip-68d7e4689fc97\/\" \/>\n<meta property=\"og:locale\" content=\"es_ES\" \/>\n<meta property=\"og:type\" content=\"article\" \/>\n<meta property=\"og:title\" content=\"Nintendo Switch 2 - Grip de Controle Duplo Twin Turbo \u2013 M\u00e1xima Precis\u00e3o e Resposta R\u00e1pida para Games! \ud83c\udfae\u26a1 - MyStore - By STLFLIX\" \/>\n<meta property=\"og:description\" content=\"\ud83c\udfae *Nintendo switch 2 &#8211; Grip de Controle Duplo Twin Turbo \u2013 M\u00e1xima Precis\u00e3o e Resposta R\u00e1pida para Games!*\ud83c\udfae\u26a1 Tenha a experi\u00eancia definitiva em controle para games com uma pegada confort\u00e1vel e tecnologia Turbo que garante disparos r\u00e1pidos e precisos. Ideal para jogos de tiro, a\u00e7\u00e3o e aventura, o Twin Turbo oferece: &#8211; *Resposta Turbo [&hellip;]\" \/>\n<meta property=\"og:url\" content=\"https:\/\/www.stlflix-store.com\/product\/twin-turbo-dual-controller-grip-68d7e4689fc97\/\" \/>\n<meta property=\"og:site_name\" content=\"MyStore - By STLFLIX\" \/>\n<meta property=\"article:publisher\" content=\"https:\/\/www.facebook.com\/STLFLIX\" \/>\n<meta property=\"article:modified_time\" content=\"2025-09-27T13:35:00+00:00\" \/>\n<meta property=\"og:image\" content=\"https:\/\/www.stlflix-store.com\/wp-content\/uploads\/2025\/09\/Twin_Turbo_Dual_Controller_Gripthumb_a06834d3f6.jpg\" \/>\n\t<meta property=\"og:image:width\" content=\"1080\" \/>\n\t<meta property=\"og:image:height\" content=\"1350\" \/>\n\t<meta property=\"og:image:type\" content=\"image\/jpeg\" \/>\n<meta name=\"twitter:card\" content=\"summary_large_image\" \/>\n<meta name=\"twitter:label1\" content=\"Est. reading time\" \/>\n\t<meta name=\"twitter:data1\" content=\"1 minute\" \/>\n<script type=\"application\/ld+json\" class=\"yoast-schema-graph\">{\"@context\":\"https:\/\/schema.org\",\"@graph\":[{\"@type\":\"WebPage\",\"@id\":\"https:\/\/www.stlflix-store.com\/product\/twin-turbo-dual-controller-grip-68d7e4689fc97\/\",\"url\":\"https:\/\/www.stlflix-store.com\/product\/twin-turbo-dual-controller-grip-68d7e4689fc97\/\",\"name\":\"Nintendo Switch 2 - Grip de Controle Duplo Twin Turbo \u2013 M\u00e1xima Precis\u00e3o e Resposta R\u00e1pida para Games! \ud83c\udfae\u26a1 - MyStore - By STLFLIX\",\"isPartOf\":{\"@id\":\"https:\/\/my.stlflix.com\/#website\"},\"primaryImageOfPage\":{\"@id\":\"https:\/\/www.stlflix-store.com\/product\/twin-turbo-dual-controller-grip-68d7e4689fc97\/#primaryimage\"},\"image\":{\"@id\":\"https:\/\/www.stlflix-store.com\/product\/twin-turbo-dual-controller-grip-68d7e4689fc97\/#primaryimage\"},\"thumbnailUrl\":\"https:\/\/my.stlflix.com\/wp-content\/uploads\/2025\/09\/Twin_Turbo_Dual_Controller_Gripthumb_a06834d3f6.jpg\",\"datePublished\":\"2025-09-27T13:34:59+00:00\",\"dateModified\":\"2025-09-27T13:35:00+00:00\",\"breadcrumb\":{\"@id\":\"https:\/\/www.stlflix-store.com\/product\/twin-turbo-dual-controller-grip-68d7e4689fc97\/#breadcrumb\"},\"inLanguage\":\"es-ES\",\"potentialAction\":[{\"@type\":\"ReadAction\",\"target\":[\"https:\/\/www.stlflix-store.com\/product\/twin-turbo-dual-controller-grip-68d7e4689fc97\/\"]}]},{\"@type\":\"ImageObject\",\"inLanguage\":\"es-ES\",\"@id\":\"https:\/\/www.stlflix-store.com\/product\/twin-turbo-dual-controller-grip-68d7e4689fc97\/#primaryimage\",\"url\":\"https:\/\/my.stlflix.com\/wp-content\/uploads\/2025\/09\/Twin_Turbo_Dual_Controller_Gripthumb_a06834d3f6.jpg\",\"contentUrl\":\"https:\/\/my.stlflix.com\/wp-content\/uploads\/2025\/09\/Twin_Turbo_Dual_Controller_Gripthumb_a06834d3f6.jpg\",\"width\":1080,\"height\":1350},{\"@type\":\"BreadcrumbList\",\"@id\":\"https:\/\/www.stlflix-store.com\/product\/twin-turbo-dual-controller-grip-68d7e4689fc97\/#breadcrumb\",\"itemListElement\":[{\"@type\":\"ListItem\",\"position\":1,\"name\":\"Home\",\"item\":\"https:\/\/www.stlflix-store.com\/\"},{\"@type\":\"ListItem\",\"position\":2,\"name\":\"Products\",\"item\":\"https:\/\/www.stlflix-store.com\/shop\/\"},{\"@type\":\"ListItem\",\"position\":3,\"name\":\"Nintendo Switch 2 &#8211; Grip de Controle Duplo Twin Turbo \u2013 M\u00e1xima Precis\u00e3o e Resposta R\u00e1pida para Games! \ud83c\udfae\u26a1\"}]},{\"@type\":\"WebSite\",\"@id\":\"https:\/\/my.stlflix.com\/#website\",\"url\":\"https:\/\/my.stlflix.com\/\",\"name\":\"MyStore - By STLFLIX\",\"description\":\"\",\"publisher\":{\"@id\":\"https:\/\/my.stlflix.com\/#organization\"},\"potentialAction\":[{\"@type\":\"SearchAction\",\"target\":{\"@type\":\"EntryPoint\",\"urlTemplate\":\"https:\/\/my.stlflix.com\/?s={search_term_string}\"},\"query-input\":{\"@type\":\"PropertyValueSpecification\",\"valueRequired\":true,\"valueName\":\"search_term_string\"}}],\"inLanguage\":\"es-ES\"},{\"@type\":\"Organization\",\"@id\":\"https:\/\/my.stlflix.com\/#organization\",\"name\":\"MyStore - By STLFLIX\",\"url\":\"https:\/\/my.stlflix.com\/\",\"logo\":{\"@type\":\"ImageObject\",\"inLanguage\":\"es-ES\",\"@id\":\"https:\/\/my.stlflix.com\/#\/schema\/logo\/image\/\",\"url\":\"https:\/\/my.stlflix.com\/wp-content\/uploads\/2024\/06\/logo-mystore.png\",\"contentUrl\":\"https:\/\/my.stlflix.com\/wp-content\/uploads\/2024\/06\/logo-mystore.png\",\"width\":150,\"height\":41,\"caption\":\"MyStore - By STLFLIX\"},\"image\":{\"@id\":\"https:\/\/my.stlflix.com\/#\/schema\/logo\/image\/\"},\"sameAs\":[\"https:\/\/www.facebook.com\/STLFLIX\",\"https:\/\/www.instagram.com\/stlflix_\/\",\"https:\/\/www.tiktok.com\/@stlflix\"]}]}<\/script>\n<!-- \/ Yoast SEO plugin. -->","yoast_head_json":{"title":"Nintendo Switch 2 - Grip de Controle Duplo Twin Turbo \u2013 M\u00e1xima Precis\u00e3o e Resposta R\u00e1pida para Games! \ud83c\udfae\u26a1 - MyStore - By STLFLIX","robots":{"index":"index","follow":"follow","max-snippet":"max-snippet:-1","max-image-preview":"max-image-preview:large","max-video-preview":"max-video-preview:-1"},"canonical":"https:\/\/www.stlflix-store.com\/product\/twin-turbo-dual-controller-grip-68d7e4689fc97\/","og_locale":"es_ES","og_type":"article","og_title":"Nintendo Switch 2 - Grip de Controle Duplo Twin Turbo \u2013 M\u00e1xima Precis\u00e3o e Resposta R\u00e1pida para Games! \ud83c\udfae\u26a1 - MyStore - By STLFLIX","og_description":"\ud83c\udfae *Nintendo switch 2 &#8211; Grip de Controle Duplo Twin Turbo \u2013 M\u00e1xima Precis\u00e3o e Resposta R\u00e1pida para Games!*\ud83c\udfae\u26a1 Tenha a experi\u00eancia definitiva em controle para games com uma pegada confort\u00e1vel e tecnologia Turbo que garante disparos r\u00e1pidos e precisos. Ideal para jogos de tiro, a\u00e7\u00e3o e aventura, o Twin Turbo oferece: &#8211; *Resposta Turbo [&hellip;]","og_url":"https:\/\/www.stlflix-store.com\/product\/twin-turbo-dual-controller-grip-68d7e4689fc97\/","og_site_name":"MyStore - By STLFLIX","article_publisher":"https:\/\/www.facebook.com\/STLFLIX","article_modified_time":"2025-09-27T13:35:00+00:00","og_image":[{"width":1080,"height":1350,"url":"https:\/\/www.stlflix-store.com\/wp-content\/uploads\/2025\/09\/Twin_Turbo_Dual_Controller_Gripthumb_a06834d3f6.jpg","type":"image\/jpeg"}],"twitter_card":"summary_large_image","twitter_misc":{"Est. reading time":"1 minute"},"schema":{"@context":"https:\/\/schema.org","@graph":[{"@type":"WebPage","@id":"https:\/\/www.stlflix-store.com\/product\/twin-turbo-dual-controller-grip-68d7e4689fc97\/","url":"https:\/\/www.stlflix-store.com\/product\/twin-turbo-dual-controller-grip-68d7e4689fc97\/","name":"Nintendo Switch 2 - Grip de Controle Duplo Twin Turbo \u2013 M\u00e1xima Precis\u00e3o e Resposta R\u00e1pida para Games! \ud83c\udfae\u26a1 - MyStore - By STLFLIX","isPartOf":{"@id":"https:\/\/my.stlflix.com\/#website"},"primaryImageOfPage":{"@id":"https:\/\/www.stlflix-store.com\/product\/twin-turbo-dual-controller-grip-68d7e4689fc97\/#primaryimage"},"image":{"@id":"https:\/\/www.stlflix-store.com\/product\/twin-turbo-dual-controller-grip-68d7e4689fc97\/#primaryimage"},"thumbnailUrl":"https:\/\/my.stlflix.com\/wp-content\/uploads\/2025\/09\/Twin_Turbo_Dual_Controller_Gripthumb_a06834d3f6.jpg","datePublished":"2025-09-27T13:34:59+00:00","dateModified":"2025-09-27T13:35:00+00:00","breadcrumb":{"@id":"https:\/\/www.stlflix-store.com\/product\/twin-turbo-dual-controller-grip-68d7e4689fc97\/#breadcrumb"},"inLanguage":"es-ES","potentialAction":[{"@type":"ReadAction","target":["https:\/\/www.stlflix-store.com\/product\/twin-turbo-dual-controller-grip-68d7e4689fc97\/"]}]},{"@type":"ImageObject","inLanguage":"es-ES","@id":"https:\/\/www.stlflix-store.com\/product\/twin-turbo-dual-controller-grip-68d7e4689fc97\/#primaryimage","url":"https:\/\/my.stlflix.com\/wp-content\/uploads\/2025\/09\/Twin_Turbo_Dual_Controller_Gripthumb_a06834d3f6.jpg","contentUrl":"https:\/\/my.stlflix.com\/wp-content\/uploads\/2025\/09\/Twin_Turbo_Dual_Controller_Gripthumb_a06834d3f6.jpg","width":1080,"height":1350},{"@type":"BreadcrumbList","@id":"https:\/\/www.stlflix-store.com\/product\/twin-turbo-dual-controller-grip-68d7e4689fc97\/#breadcrumb","itemListElement":[{"@type":"ListItem","position":1,"name":"Home","item":"https:\/\/www.stlflix-store.com\/"},{"@type":"ListItem","position":2,"name":"Products","item":"https:\/\/www.stlflix-store.com\/shop\/"},{"@type":"ListItem","position":3,"name":"Nintendo Switch 2 &#8211; Grip de Controle Duplo Twin Turbo \u2013 M\u00e1xima Precis\u00e3o e Resposta R\u00e1pida para Games! \ud83c\udfae\u26a1"}]},{"@type":"WebSite","@id":"https:\/\/my.stlflix.com\/#website","url":"https:\/\/my.stlflix.com\/","name":"MyStore - By STLFLIX","description":"","publisher":{"@id":"https:\/\/my.stlflix.com\/#organization"},"potentialAction":[{"@type":"SearchAction","target":{"@type":"EntryPoint","urlTemplate":"https:\/\/my.stlflix.com\/?s={search_term_string}"},"query-input":{"@type":"PropertyValueSpecification","valueRequired":true,"valueName":"search_term_string"}}],"inLanguage":"es-ES"},{"@type":"Organization","@id":"https:\/\/my.stlflix.com\/#organization","name":"MyStore - By STLFLIX","url":"https:\/\/my.stlflix.com\/","logo":{"@type":"ImageObject","inLanguage":"es-ES","@id":"https:\/\/my.stlflix.com\/#\/schema\/logo\/image\/","url":"https:\/\/my.stlflix.com\/wp-content\/uploads\/2024\/06\/logo-mystore.png","contentUrl":"https:\/\/my.stlflix.com\/wp-content\/uploads\/2024\/06\/logo-mystore.png","width":150,"height":41,"caption":"MyStore - By STLFLIX"},"image":{"@id":"https:\/\/my.stlflix.com\/#\/schema\/logo\/image\/"},"sameAs":["https:\/\/www.facebook.com\/STLFLIX","https:\/\/www.instagram.com\/stlflix_\/","https:\/\/www.tiktok.com\/@stlflix"]}]}},"_links":{"self":[{"href":"https:\/\/my.stlflix.com\/es\/wp-json\/wp\/v2\/product\/442325","targetHints":{"allow":["GET"]}}],"collection":[{"href":"https:\/\/my.stlflix.com\/es\/wp-json\/wp\/v2\/product"}],"about":[{"href":"https:\/\/my.stlflix.com\/es\/wp-json\/wp\/v2\/types\/product"}],"replies":[{"embeddable":true,"href":"https:\/\/my.stlflix.com\/es\/wp-json\/wp\/v2\/comments?post=442325"}],"wp:featuredmedia":[{"embeddable":true,"href":"https:\/\/my.stlflix.com\/es\/wp-json\/wp\/v2\/media\/431383"}],"wp:attachment":[{"href":"https:\/\/my.stlflix.com\/es\/wp-json\/wp\/v2\/media?parent=442325"}],"wp:term":[{"taxonomy":"product_brand","embeddable":true,"href":"https:\/\/my.stlflix.com\/es\/wp-json\/wp\/v2\/product_brand?post=442325"},{"taxonomy":"product_cat","embeddable":true,"href":"https:\/\/my.stlflix.com\/es\/wp-json\/wp\/v2\/product_cat?post=442325"},{"taxonomy":"product_tag","embeddable":true,"href":"https:\/\/my.stlflix.com\/es\/wp-json\/wp\/v2\/product_tag?post=442325"}],"curies":[{"name":"wp","href":"https:\/\/api.w.org\/{rel}","templated":true}]}}