{"id":445876,"date":"2025-10-04T15:39:48","date_gmt":"2025-10-04T15:39:48","guid":{"rendered":"https:\/\/my.stlflix.com\/?post_type=product&#038;p=445876"},"modified":"2025-11-17T17:21:33","modified_gmt":"2025-11-17T17:21:33","slug":"candeeiro-giratorio-360-as-suas-memorias-em-forma-de-luz","status":"publish","type":"product","link":"https:\/\/my.stlflix.com\/es\/product\/candeeiro-giratorio-360-as-suas-memorias-em-forma-de-luz\/","title":{"rendered":"Candeeiro girat\u00f3rio 360\u00b0 \u2014 \u00abAs suas mem\u00f3rias em forma de luz\u00bb"},"content":{"rendered":"<h2><strong>Transforme os seus momentos favoritos em obras de arte luminosas.<\/strong><\/h2>\n<p>Transforme as suas fotos num impressionante candeeiro litogr\u00e1fico impresso em 3D \u2014 uma escultura de luz personalizada que revela as suas mem\u00f3rias apenas quando iluminada.<br \/>\nCada l\u00e2mpada \u00e9 personalizada com as suas fotos pessoais, dispostas numa colagem perfeita que ganha vida com uma ilumina\u00e7\u00e3o LED suave e acolhedora.<br \/>\nA base rotativa de 360\u00b0 garante que todas as imagens brilhem, criando uma exibi\u00e7\u00e3o hipnotizante de habilidade artesanal e emo\u00e7\u00e3o.<\/p>\n<p>Perfeita como um presente atencioso, pe\u00e7a de decora\u00e7\u00e3o para a casa ou lembran\u00e7a que une arte, tecnologia e sentimentalismo.<\/p>\n<h3 data-start=\"1555\" data-end=\"1593\"><strong data-start=\"1559\" data-end=\"1593\">\ud83d\udcab\u00a0<\/strong>Every photo tells a story \u2014 but when captured in light, it becomes timeless.<br data-start=\"1671\" data-end=\"1674\" \/>Gift someone the glow of their memories, or illuminate your own space with emotion, innovation, and meaning.<br data-start=\"1782\" data-end=\"1785\" \/><strong data-start=\"1785\" data-end=\"1836\">Bring your story to life \u2014 one light at a time.<\/strong><\/h3>\n<p>&nbsp;<\/p>\n<div class=\"_tableContainer_1rjym_1\"><\/div>\n<p>&nbsp;<\/p>\n","protected":false},"excerpt":{"rendered":"<p>Transforme os seus momentos favoritos em obras de arte luminosas. Transforme as suas fotos num impressionante candeeiro litogr\u00e1fico impresso em 3D \u2014 uma escultura de luz personalizada que revela as suas mem\u00f3rias apenas quando iluminada. Cada l\u00e2mpada \u00e9 personalizada com as suas fotos pessoais, dispostas numa colagem perfeita que ganha vida com uma ilumina\u00e7\u00e3o LED [&hellip;]<\/p>\n","protected":false},"featured_media":0,"comment_status":"open","ping_status":"closed","template":"","meta":[],"product_brand":[],"product_cat":[15],"product_tag":[6083,3614],"class_list":{"0":"post-445876","1":"product","2":"type-product","3":"status-publish","5":"product_cat-uncategorized","6":"product_tag-customizavel-2","7":"product_tag-mais-vendidos","9":"first","10":"onbackorder","11":"taxable","12":"shipping-taxable","13":"product-type-variable","14":"has-default-attributes"},"yoast_head":"<!-- This site is optimized with the Yoast SEO plugin v25.1 - https:\/\/yoast.com\/wordpress\/plugins\/seo\/ -->\n<title>Candeeiro girat\u00f3rio 360\u00b0 \u2014 \u00abAs suas mem\u00f3rias em forma de luz\u00bb Customiz\u00e1vel - at\u00e9 12 fotos<\/title>\n<meta name=\"robots\" content=\"index, follow, max-snippet:-1, max-image-preview:large, max-video-preview:-1\" \/>\n<link rel=\"canonical\" href=\"https:\/\/my.stlflix.com\/es\/product\/candeeiro-giratorio-360-as-suas-memorias-em-forma-de-luz\/\" \/>\n<meta property=\"og:locale\" content=\"es_ES\" \/>\n<meta property=\"og:type\" content=\"article\" \/>\n<meta property=\"og:title\" content=\"Candeeiro girat\u00f3rio 360\u00b0 \u2014 \u00abAs suas mem\u00f3rias em forma de luz\u00bb Customiz\u00e1vel - at\u00e9 12 fotos\" \/>\n<meta property=\"og:description\" content=\"Transforme os seus momentos favoritos em obras de arte luminosas. Transforme as suas fotos num impressionante candeeiro litogr\u00e1fico impresso em 3D \u2014 uma escultura de luz personalizada que revela as suas mem\u00f3rias apenas quando iluminada. Cada l\u00e2mpada \u00e9 personalizada com as suas fotos pessoais, dispostas numa colagem perfeita que ganha vida com uma ilumina\u00e7\u00e3o LED [&hellip;]\" \/>\n<meta property=\"og:url\" content=\"https:\/\/my.stlflix.com\/es\/product\/candeeiro-giratorio-360-as-suas-memorias-em-forma-de-luz\/\" \/>\n<meta property=\"og:site_name\" content=\"MyStore - By STLFLIX\" \/>\n<meta property=\"article:publisher\" content=\"https:\/\/www.facebook.com\/STLFLIX\" \/>\n<meta property=\"article:modified_time\" content=\"2025-11-17T17:21:33+00:00\" \/>\n<meta name=\"twitter:card\" content=\"summary_large_image\" \/>\n<meta name=\"twitter:label1\" content=\"Est. reading time\" \/>\n\t<meta name=\"twitter:data1\" content=\"1 minute\" \/>\n<script type=\"application\/ld+json\" class=\"yoast-schema-graph\">{\"@context\":\"https:\/\/schema.org\",\"@graph\":[{\"@type\":\"WebPage\",\"@id\":\"https:\/\/my.stlflix.com\/es\/product\/candeeiro-giratorio-360-as-suas-memorias-em-forma-de-luz\/\",\"url\":\"https:\/\/my.stlflix.com\/es\/product\/candeeiro-giratorio-360-as-suas-memorias-em-forma-de-luz\/\",\"name\":\"Candeeiro girat\u00f3rio 360\u00b0 \u2014 \u00abAs suas mem\u00f3rias em forma de luz\u00bb Customiz\u00e1vel - at\u00e9 12 fotos\",\"isPartOf\":{\"@id\":\"https:\/\/my.stlflix.com\/#website\"},\"datePublished\":\"2025-10-04T15:39:48+00:00\",\"dateModified\":\"2025-11-17T17:21:33+00:00\",\"breadcrumb\":{\"@id\":\"https:\/\/my.stlflix.com\/es\/product\/candeeiro-giratorio-360-as-suas-memorias-em-forma-de-luz\/#breadcrumb\"},\"inLanguage\":\"es-ES\",\"potentialAction\":[{\"@type\":\"ReadAction\",\"target\":[\"https:\/\/my.stlflix.com\/es\/product\/candeeiro-giratorio-360-as-suas-memorias-em-forma-de-luz\/\"]}]},{\"@type\":\"BreadcrumbList\",\"@id\":\"https:\/\/my.stlflix.com\/es\/product\/candeeiro-giratorio-360-as-suas-memorias-em-forma-de-luz\/#breadcrumb\",\"itemListElement\":[{\"@type\":\"ListItem\",\"position\":1,\"name\":\"Home\",\"item\":\"https:\/\/www.stlflix-store.com\/\"},{\"@type\":\"ListItem\",\"position\":2,\"name\":\"Products\",\"item\":\"https:\/\/www.stlflix-store.com\/shop\/\"},{\"@type\":\"ListItem\",\"position\":3,\"name\":\"Candeeiro girat\u00f3rio 360\u00b0 \u2014 \u00abAs suas mem\u00f3rias em forma de luz\u00bb\"}]},{\"@type\":\"WebSite\",\"@id\":\"https:\/\/my.stlflix.com\/#website\",\"url\":\"https:\/\/my.stlflix.com\/\",\"name\":\"MyStore - By STLFLIX\",\"description\":\"\",\"publisher\":{\"@id\":\"https:\/\/my.stlflix.com\/#organization\"},\"potentialAction\":[{\"@type\":\"SearchAction\",\"target\":{\"@type\":\"EntryPoint\",\"urlTemplate\":\"https:\/\/my.stlflix.com\/?s={search_term_string}\"},\"query-input\":{\"@type\":\"PropertyValueSpecification\",\"valueRequired\":true,\"valueName\":\"search_term_string\"}}],\"inLanguage\":\"es-ES\"},{\"@type\":\"Organization\",\"@id\":\"https:\/\/my.stlflix.com\/#organization\",\"name\":\"MyStore - By STLFLIX\",\"url\":\"https:\/\/my.stlflix.com\/\",\"logo\":{\"@type\":\"ImageObject\",\"inLanguage\":\"es-ES\",\"@id\":\"https:\/\/my.stlflix.com\/#\/schema\/logo\/image\/\",\"url\":\"https:\/\/my.stlflix.com\/wp-content\/uploads\/2024\/06\/logo-mystore.png\",\"contentUrl\":\"https:\/\/my.stlflix.com\/wp-content\/uploads\/2024\/06\/logo-mystore.png\",\"width\":150,\"height\":41,\"caption\":\"MyStore - By STLFLIX\"},\"image\":{\"@id\":\"https:\/\/my.stlflix.com\/#\/schema\/logo\/image\/\"},\"sameAs\":[\"https:\/\/www.facebook.com\/STLFLIX\",\"https:\/\/www.instagram.com\/stlflix_\/\",\"https:\/\/www.tiktok.com\/@stlflix\"]}]}<\/script>\n<!-- \/ Yoast SEO plugin. -->","yoast_head_json":{"title":"Candeeiro girat\u00f3rio 360\u00b0 \u2014 \u00abAs suas mem\u00f3rias em forma de luz\u00bb Customiz\u00e1vel - at\u00e9 12 fotos","robots":{"index":"index","follow":"follow","max-snippet":"max-snippet:-1","max-image-preview":"max-image-preview:large","max-video-preview":"max-video-preview:-1"},"canonical":"https:\/\/my.stlflix.com\/es\/product\/candeeiro-giratorio-360-as-suas-memorias-em-forma-de-luz\/","og_locale":"es_ES","og_type":"article","og_title":"Candeeiro girat\u00f3rio 360\u00b0 \u2014 \u00abAs suas mem\u00f3rias em forma de luz\u00bb Customiz\u00e1vel - at\u00e9 12 fotos","og_description":"Transforme os seus momentos favoritos em obras de arte luminosas. Transforme as suas fotos num impressionante candeeiro litogr\u00e1fico impresso em 3D \u2014 uma escultura de luz personalizada que revela as suas mem\u00f3rias apenas quando iluminada. Cada l\u00e2mpada \u00e9 personalizada com as suas fotos pessoais, dispostas numa colagem perfeita que ganha vida com uma ilumina\u00e7\u00e3o LED [&hellip;]","og_url":"https:\/\/my.stlflix.com\/es\/product\/candeeiro-giratorio-360-as-suas-memorias-em-forma-de-luz\/","og_site_name":"MyStore - By STLFLIX","article_publisher":"https:\/\/www.facebook.com\/STLFLIX","article_modified_time":"2025-11-17T17:21:33+00:00","twitter_card":"summary_large_image","twitter_misc":{"Est. reading time":"1 minute"},"schema":{"@context":"https:\/\/schema.org","@graph":[{"@type":"WebPage","@id":"https:\/\/my.stlflix.com\/es\/product\/candeeiro-giratorio-360-as-suas-memorias-em-forma-de-luz\/","url":"https:\/\/my.stlflix.com\/es\/product\/candeeiro-giratorio-360-as-suas-memorias-em-forma-de-luz\/","name":"Candeeiro girat\u00f3rio 360\u00b0 \u2014 \u00abAs suas mem\u00f3rias em forma de luz\u00bb Customiz\u00e1vel - at\u00e9 12 fotos","isPartOf":{"@id":"https:\/\/my.stlflix.com\/#website"},"datePublished":"2025-10-04T15:39:48+00:00","dateModified":"2025-11-17T17:21:33+00:00","breadcrumb":{"@id":"https:\/\/my.stlflix.com\/es\/product\/candeeiro-giratorio-360-as-suas-memorias-em-forma-de-luz\/#breadcrumb"},"inLanguage":"es-ES","potentialAction":[{"@type":"ReadAction","target":["https:\/\/my.stlflix.com\/es\/product\/candeeiro-giratorio-360-as-suas-memorias-em-forma-de-luz\/"]}]},{"@type":"BreadcrumbList","@id":"https:\/\/my.stlflix.com\/es\/product\/candeeiro-giratorio-360-as-suas-memorias-em-forma-de-luz\/#breadcrumb","itemListElement":[{"@type":"ListItem","position":1,"name":"Home","item":"https:\/\/www.stlflix-store.com\/"},{"@type":"ListItem","position":2,"name":"Products","item":"https:\/\/www.stlflix-store.com\/shop\/"},{"@type":"ListItem","position":3,"name":"Candeeiro girat\u00f3rio 360\u00b0 \u2014 \u00abAs suas mem\u00f3rias em forma de luz\u00bb"}]},{"@type":"WebSite","@id":"https:\/\/my.stlflix.com\/#website","url":"https:\/\/my.stlflix.com\/","name":"MyStore - By STLFLIX","description":"","publisher":{"@id":"https:\/\/my.stlflix.com\/#organization"},"potentialAction":[{"@type":"SearchAction","target":{"@type":"EntryPoint","urlTemplate":"https:\/\/my.stlflix.com\/?s={search_term_string}"},"query-input":{"@type":"PropertyValueSpecification","valueRequired":true,"valueName":"search_term_string"}}],"inLanguage":"es-ES"},{"@type":"Organization","@id":"https:\/\/my.stlflix.com\/#organization","name":"MyStore - By STLFLIX","url":"https:\/\/my.stlflix.com\/","logo":{"@type":"ImageObject","inLanguage":"es-ES","@id":"https:\/\/my.stlflix.com\/#\/schema\/logo\/image\/","url":"https:\/\/my.stlflix.com\/wp-content\/uploads\/2024\/06\/logo-mystore.png","contentUrl":"https:\/\/my.stlflix.com\/wp-content\/uploads\/2024\/06\/logo-mystore.png","width":150,"height":41,"caption":"MyStore - By STLFLIX"},"image":{"@id":"https:\/\/my.stlflix.com\/#\/schema\/logo\/image\/"},"sameAs":["https:\/\/www.facebook.com\/STLFLIX","https:\/\/www.instagram.com\/stlflix_\/","https:\/\/www.tiktok.com\/@stlflix"]}]}},"_links":{"self":[{"href":"https:\/\/my.stlflix.com\/es\/wp-json\/wp\/v2\/product\/445876","targetHints":{"allow":["GET"]}}],"collection":[{"href":"https:\/\/my.stlflix.com\/es\/wp-json\/wp\/v2\/product"}],"about":[{"href":"https:\/\/my.stlflix.com\/es\/wp-json\/wp\/v2\/types\/product"}],"replies":[{"embeddable":true,"href":"https:\/\/my.stlflix.com\/es\/wp-json\/wp\/v2\/comments?post=445876"}],"wp:attachment":[{"href":"https:\/\/my.stlflix.com\/es\/wp-json\/wp\/v2\/media?parent=445876"}],"wp:term":[{"taxonomy":"product_brand","embeddable":true,"href":"https:\/\/my.stlflix.com\/es\/wp-json\/wp\/v2\/product_brand?post=445876"},{"taxonomy":"product_cat","embeddable":true,"href":"https:\/\/my.stlflix.com\/es\/wp-json\/wp\/v2\/product_cat?post=445876"},{"taxonomy":"product_tag","embeddable":true,"href":"https:\/\/my.stlflix.com\/es\/wp-json\/wp\/v2\/product_tag?post=445876"}],"curies":[{"name":"wp","href":"https:\/\/api.w.org\/{rel}","templated":true}]}}