{"id":446181,"date":"2025-10-05T14:02:16","date_gmt":"2025-10-05T14:02:16","guid":{"rendered":"https:\/\/my.stlflix.com\/?post_type=product&#038;p=446181"},"modified":"2025-10-05T14:14:39","modified_gmt":"2025-10-05T14:14:39","slug":"not-my-purr-blem-68e279e5d59e5","status":"publish","type":"product","link":"https:\/\/my.stlflix.com\/es\/product\/not-my-purr-blem-68e279e5d59e5\/","title":{"rendered":"Enfeite Decorativo \u201cNot My Purr-blem\u201d"},"content":{"rendered":"<p><span dir=\"auto\" style=\"vertical-align: inherit\"><span dir=\"auto\" style=\"vertical-align: inherit\"><span dir=\"auto\" style=\"vertical-align: inherit\"><span dir=\"auto\" style=\"vertical-align: inherit\"><span dir=\"auto\" style=\"vertical-align: inherit\"><span dir=\"auto\" style=\"vertical-align: inherit\">Transforme qualquer ambiente com um toque de irrever\u00eancia e charme felino! Este enfeite exclusivo, feito por impress\u00e3o 3D de alta qualidade, apresenta um gato travesso em pose descontra\u00edda ao lado de um vasinho derrubado \u2014 acompanhado da frase espirituosa \u201cNot My Purr-blem\u201d.<\/span><\/span><\/span><\/span><\/span><\/span><\/p>\n<p><span dir=\"auto\" style=\"vertical-align: inherit\"><span dir=\"auto\" style=\"vertical-align: inherit\"><span dir=\"auto\" style=\"vertical-align: inherit\"><span dir=\"auto\" style=\"vertical-align: inherit\"><span dir=\"auto\" style=\"vertical-align: inherit\"><span dir=\"auto\" style=\"vertical-align: inherit\">Mais do que um objeto simples, \u00e9 uma pe\u00e7a decorativa que transmite personalidade, humor e estilo. Ideal para quem ama gatos, design criativo ou quer dar vida a prateleiras, mesas ou estantes com algo \u00fanico e divertido.<\/span><\/span><\/span><\/span><\/span><\/span><\/p>\n<p><span dir=\"auto\" style=\"vertical-align: inherit\"><span dir=\"auto\" style=\"vertical-align: inherit\">\u2728 <\/span><\/span><strong><span dir=\"auto\" style=\"vertical-align: inherit\"><span dir=\"auto\" style=\"vertical-align: inherit\"><span dir=\"auto\" style=\"vertical-align: inherit\"><span dir=\"auto\" style=\"vertical-align: inherit\"><span dir=\"auto\" style=\"vertical-align: inherit\"><span dir=\"auto\" style=\"vertical-align: inherit\">Destaques do produto:<\/span><\/span><\/span><\/span><\/span><\/span><\/strong><\/p>\n<ul>\n<li><span dir=\"auto\" style=\"vertical-align: inherit\"><span dir=\"auto\" style=\"vertical-align: inherit\"><span dir=\"auto\" style=\"vertical-align: inherit\"><span dir=\"auto\" style=\"vertical-align: inherit\"><span dir=\"auto\" style=\"vertical-align: inherit\"><span dir=\"auto\" style=\"vertical-align: inherit\">Impress\u00e3o 3D precisa e dur\u00e1vel, com acabamento vibrante<\/span><\/span><\/span><\/span><\/span><\/span><\/li>\n<li><span dir=\"auto\" style=\"vertical-align: inherit\"><span dir=\"auto\" style=\"vertical-align: inherit\"><span dir=\"auto\" style=\"vertical-align: inherit\"><span dir=\"auto\" style=\"vertical-align: inherit\"><span dir=\"auto\" style=\"vertical-align: inherit\"><span dir=\"auto\" style=\"vertical-align: inherit\">Design original e expressivo, perfeito para apresentar<\/span><\/span><\/span><\/span><\/span><\/span><\/li>\n<li><span dir=\"auto\" style=\"vertical-align: inherit\"><span dir=\"auto\" style=\"vertical-align: inherit\"><span dir=\"auto\" style=\"vertical-align: inherit\"><span dir=\"auto\" style=\"vertical-align: inherit\"><span dir=\"auto\" style=\"vertical-align: inherit\"><span dir=\"auto\" style=\"vertical-align: inherit\">Tamanho ideal para decora\u00e7\u00e3o de interiores: compacto, mas marcante<\/span><\/span><\/span><\/span><\/span><\/span><\/li>\n<li><span dir=\"auto\" style=\"vertical-align: inherit\"><span dir=\"auto\" style=\"vertical-align: inherit\"><span dir=\"auto\" style=\"vertical-align: inherit\"><span dir=\"auto\" style=\"vertical-align: inherit\"><span dir=\"auto\" style=\"vertical-align: inherit\"><span dir=\"auto\" style=\"vertical-align: inherit\">Uma pe\u00e7a que arranca sorrisos e conversas \u2014 onde quer que voc\u00ea esteja<\/span><\/span><\/span><\/span><\/span><\/span><\/li>\n<li><span dir=\"auto\" style=\"vertical-align: inherit\"><span dir=\"auto\" style=\"vertical-align: inherit\">aproximadamente 7cm<\/span><\/span><\/li>\n<\/ul>\n<p><span dir=\"auto\" style=\"vertical-align: inherit\"><span dir=\"auto\" style=\"vertical-align: inherit\"><span dir=\"auto\" style=\"vertical-align: inherit\"><span dir=\"auto\" style=\"vertical-align: inherit\"><span dir=\"auto\" style=\"vertical-align: inherit\"><span dir=\"auto\" style=\"vertical-align: inherit\">Seja para alegrar seu espa\u00e7o de trabalho, decorar sua casa ou surpreender algu\u00e9m especial, este enfeite \u00e9 mais do que um mimo: \u00e9 uma declara\u00e7\u00e3o de estilo com alma felina.<\/span><\/span><\/span><\/span><\/span><\/span><\/p>\n","protected":false},"excerpt":{"rendered":"<p>Transforme qualquer ambiente com um toque de irrever\u00eancia e charme felino! Este enfeite exclusivo, feito por impress\u00e3o 3D de alta qualidade, apresenta um gato travesso em pose descontra\u00edda ao lado de um vasinho derrubado \u2014 acompanhado da frase espirituosa \u201cNot My Purr-blem\u201d. Mais do que um objeto simples, \u00e9 uma pe\u00e7a decorativa que transmite personalidade, [&hellip;]<\/p>\n","protected":false},"featured_media":441561,"comment_status":"open","ping_status":"closed","template":"","meta":[],"product_brand":[],"product_cat":[15],"product_tag":[6458,6456,6451,6459,6462,6452,6461,5639,6463,6454,6464,6460,6457,6455,6453],"class_list":{"0":"post-446181","1":"product","2":"type-product","3":"status-publish","4":"has-post-thumbnail","6":"product_cat-uncategorized","7":"product_tag-catlovers","8":"product_tag-decoracaocomhumor","9":"product_tag-decoracaocriativa","10":"product_tag-decoracaogeek","11":"product_tag-designirreverente","12":"product_tag-enfeite3d","13":"product_tag-estilofelino","14":"product_tag-homedecor","15":"product_tag-impressao3dartistica","16":"product_tag-notmypurrblem","17":"product_tag-objetodecorativo","18":"product_tag-pecadecorativa","19":"product_tag-presenteoriginal","20":"product_tag-arteimpressa3d","21":"product_tag-gatodivertido","23":"first","24":"instock","25":"sale","26":"taxable","27":"shipping-taxable","28":"purchasable","29":"product-type-simple"},"yoast_head":"<!-- This site is optimized with the Yoast SEO plugin v25.1 - https:\/\/yoast.com\/wordpress\/plugins\/seo\/ -->\n<title>Enfeite Decorativo \u201cNot My Purr-blem\u201d - MyStore - By STLFLIX<\/title>\n<meta name=\"robots\" content=\"index, follow, max-snippet:-1, max-image-preview:large, max-video-preview:-1\" \/>\n<link rel=\"canonical\" href=\"https:\/\/www.testeminhalojamandela.biz\/product\/not-my-purr-blem-68e279e5d59e5\/\" \/>\n<meta property=\"og:locale\" content=\"es_ES\" \/>\n<meta property=\"og:type\" content=\"article\" \/>\n<meta property=\"og:title\" content=\"Enfeite Decorativo \u201cNot My Purr-blem\u201d - MyStore - By STLFLIX\" \/>\n<meta property=\"og:description\" content=\"Transforme qualquer ambiente com um toque de irrever\u00eancia e charme felino! Este enfeite exclusivo, feito por impress\u00e3o 3D de alta qualidade, apresenta um gato travesso em pose descontra\u00edda ao lado de um vasinho derrubado \u2014 acompanhado da frase espirituosa \u201cNot My Purr-blem\u201d. Mais do que um objeto simples, \u00e9 uma pe\u00e7a decorativa que transmite personalidade, [&hellip;]\" \/>\n<meta property=\"og:url\" content=\"https:\/\/www.testeminhalojamandela.biz\/product\/not-my-purr-blem-68e279e5d59e5\/\" \/>\n<meta property=\"og:site_name\" content=\"MyStore - By STLFLIX\" \/>\n<meta property=\"article:publisher\" content=\"https:\/\/www.facebook.com\/STLFLIX\" \/>\n<meta property=\"article:modified_time\" content=\"2025-10-05T14:14:39+00:00\" \/>\n<meta property=\"og:image\" content=\"https:\/\/www.testeminhalojamandela.biz\/wp-content\/uploads\/2025\/09\/Not_My_Purr_blemthumb_6ce12d5c0e.jpg\" \/>\n\t<meta property=\"og:image:width\" content=\"1080\" \/>\n\t<meta property=\"og:image:height\" content=\"1350\" \/>\n\t<meta property=\"og:image:type\" content=\"image\/jpeg\" \/>\n<meta name=\"twitter:card\" content=\"summary_large_image\" \/>\n<meta name=\"twitter:label1\" content=\"Est. reading time\" \/>\n\t<meta name=\"twitter:data1\" content=\"1 minute\" \/>\n<script type=\"application\/ld+json\" class=\"yoast-schema-graph\">{\"@context\":\"https:\/\/schema.org\",\"@graph\":[{\"@type\":\"WebPage\",\"@id\":\"https:\/\/www.testeminhalojamandela.biz\/product\/not-my-purr-blem-68e279e5d59e5\/\",\"url\":\"https:\/\/www.testeminhalojamandela.biz\/product\/not-my-purr-blem-68e279e5d59e5\/\",\"name\":\"Enfeite Decorativo \u201cNot My Purr-blem\u201d - MyStore - By STLFLIX\",\"isPartOf\":{\"@id\":\"https:\/\/my.stlflix.com\/#website\"},\"primaryImageOfPage\":{\"@id\":\"https:\/\/www.testeminhalojamandela.biz\/product\/not-my-purr-blem-68e279e5d59e5\/#primaryimage\"},\"image\":{\"@id\":\"https:\/\/www.testeminhalojamandela.biz\/product\/not-my-purr-blem-68e279e5d59e5\/#primaryimage\"},\"thumbnailUrl\":\"https:\/\/my.stlflix.com\/wp-content\/uploads\/2025\/09\/Not_My_Purr_blemthumb_6ce12d5c0e.jpg\",\"datePublished\":\"2025-10-05T14:02:16+00:00\",\"dateModified\":\"2025-10-05T14:14:39+00:00\",\"breadcrumb\":{\"@id\":\"https:\/\/www.testeminhalojamandela.biz\/product\/not-my-purr-blem-68e279e5d59e5\/#breadcrumb\"},\"inLanguage\":\"es-ES\",\"potentialAction\":[{\"@type\":\"ReadAction\",\"target\":[\"https:\/\/www.testeminhalojamandela.biz\/product\/not-my-purr-blem-68e279e5d59e5\/\"]}]},{\"@type\":\"ImageObject\",\"inLanguage\":\"es-ES\",\"@id\":\"https:\/\/www.testeminhalojamandela.biz\/product\/not-my-purr-blem-68e279e5d59e5\/#primaryimage\",\"url\":\"https:\/\/my.stlflix.com\/wp-content\/uploads\/2025\/09\/Not_My_Purr_blemthumb_6ce12d5c0e.jpg\",\"contentUrl\":\"https:\/\/my.stlflix.com\/wp-content\/uploads\/2025\/09\/Not_My_Purr_blemthumb_6ce12d5c0e.jpg\",\"width\":1080,\"height\":1350},{\"@type\":\"BreadcrumbList\",\"@id\":\"https:\/\/www.testeminhalojamandela.biz\/product\/not-my-purr-blem-68e279e5d59e5\/#breadcrumb\",\"itemListElement\":[{\"@type\":\"ListItem\",\"position\":1,\"name\":\"Home\",\"item\":\"https:\/\/www.stlflix-store.com\/\"},{\"@type\":\"ListItem\",\"position\":2,\"name\":\"Products\",\"item\":\"https:\/\/www.stlflix-store.com\/shop\/\"},{\"@type\":\"ListItem\",\"position\":3,\"name\":\"Enfeite Decorativo \u201cNot My Purr-blem\u201d\"}]},{\"@type\":\"WebSite\",\"@id\":\"https:\/\/my.stlflix.com\/#website\",\"url\":\"https:\/\/my.stlflix.com\/\",\"name\":\"MyStore - By STLFLIX\",\"description\":\"\",\"publisher\":{\"@id\":\"https:\/\/my.stlflix.com\/#organization\"},\"potentialAction\":[{\"@type\":\"SearchAction\",\"target\":{\"@type\":\"EntryPoint\",\"urlTemplate\":\"https:\/\/my.stlflix.com\/?s={search_term_string}\"},\"query-input\":{\"@type\":\"PropertyValueSpecification\",\"valueRequired\":true,\"valueName\":\"search_term_string\"}}],\"inLanguage\":\"es-ES\"},{\"@type\":\"Organization\",\"@id\":\"https:\/\/my.stlflix.com\/#organization\",\"name\":\"MyStore - By STLFLIX\",\"url\":\"https:\/\/my.stlflix.com\/\",\"logo\":{\"@type\":\"ImageObject\",\"inLanguage\":\"es-ES\",\"@id\":\"https:\/\/my.stlflix.com\/#\/schema\/logo\/image\/\",\"url\":\"https:\/\/my.stlflix.com\/wp-content\/uploads\/2024\/06\/logo-mystore.png\",\"contentUrl\":\"https:\/\/my.stlflix.com\/wp-content\/uploads\/2024\/06\/logo-mystore.png\",\"width\":150,\"height\":41,\"caption\":\"MyStore - By STLFLIX\"},\"image\":{\"@id\":\"https:\/\/my.stlflix.com\/#\/schema\/logo\/image\/\"},\"sameAs\":[\"https:\/\/www.facebook.com\/STLFLIX\",\"https:\/\/www.instagram.com\/stlflix_\/\",\"https:\/\/www.tiktok.com\/@stlflix\"]}]}<\/script>\n<!-- \/ Yoast SEO plugin. -->","yoast_head_json":{"title":"Enfeite Decorativo \u201cNot My Purr-blem\u201d - MyStore - By STLFLIX","robots":{"index":"index","follow":"follow","max-snippet":"max-snippet:-1","max-image-preview":"max-image-preview:large","max-video-preview":"max-video-preview:-1"},"canonical":"https:\/\/www.testeminhalojamandela.biz\/product\/not-my-purr-blem-68e279e5d59e5\/","og_locale":"es_ES","og_type":"article","og_title":"Enfeite Decorativo \u201cNot My Purr-blem\u201d - MyStore - By STLFLIX","og_description":"Transforme qualquer ambiente com um toque de irrever\u00eancia e charme felino! Este enfeite exclusivo, feito por impress\u00e3o 3D de alta qualidade, apresenta um gato travesso em pose descontra\u00edda ao lado de um vasinho derrubado \u2014 acompanhado da frase espirituosa \u201cNot My Purr-blem\u201d. Mais do que um objeto simples, \u00e9 uma pe\u00e7a decorativa que transmite personalidade, [&hellip;]","og_url":"https:\/\/www.testeminhalojamandela.biz\/product\/not-my-purr-blem-68e279e5d59e5\/","og_site_name":"MyStore - By STLFLIX","article_publisher":"https:\/\/www.facebook.com\/STLFLIX","article_modified_time":"2025-10-05T14:14:39+00:00","og_image":[{"width":1080,"height":1350,"url":"https:\/\/www.testeminhalojamandela.biz\/wp-content\/uploads\/2025\/09\/Not_My_Purr_blemthumb_6ce12d5c0e.jpg","type":"image\/jpeg"}],"twitter_card":"summary_large_image","twitter_misc":{"Est. reading time":"1 minute"},"schema":{"@context":"https:\/\/schema.org","@graph":[{"@type":"WebPage","@id":"https:\/\/www.testeminhalojamandela.biz\/product\/not-my-purr-blem-68e279e5d59e5\/","url":"https:\/\/www.testeminhalojamandela.biz\/product\/not-my-purr-blem-68e279e5d59e5\/","name":"Enfeite Decorativo \u201cNot My Purr-blem\u201d - MyStore - By STLFLIX","isPartOf":{"@id":"https:\/\/my.stlflix.com\/#website"},"primaryImageOfPage":{"@id":"https:\/\/www.testeminhalojamandela.biz\/product\/not-my-purr-blem-68e279e5d59e5\/#primaryimage"},"image":{"@id":"https:\/\/www.testeminhalojamandela.biz\/product\/not-my-purr-blem-68e279e5d59e5\/#primaryimage"},"thumbnailUrl":"https:\/\/my.stlflix.com\/wp-content\/uploads\/2025\/09\/Not_My_Purr_blemthumb_6ce12d5c0e.jpg","datePublished":"2025-10-05T14:02:16+00:00","dateModified":"2025-10-05T14:14:39+00:00","breadcrumb":{"@id":"https:\/\/www.testeminhalojamandela.biz\/product\/not-my-purr-blem-68e279e5d59e5\/#breadcrumb"},"inLanguage":"es-ES","potentialAction":[{"@type":"ReadAction","target":["https:\/\/www.testeminhalojamandela.biz\/product\/not-my-purr-blem-68e279e5d59e5\/"]}]},{"@type":"ImageObject","inLanguage":"es-ES","@id":"https:\/\/www.testeminhalojamandela.biz\/product\/not-my-purr-blem-68e279e5d59e5\/#primaryimage","url":"https:\/\/my.stlflix.com\/wp-content\/uploads\/2025\/09\/Not_My_Purr_blemthumb_6ce12d5c0e.jpg","contentUrl":"https:\/\/my.stlflix.com\/wp-content\/uploads\/2025\/09\/Not_My_Purr_blemthumb_6ce12d5c0e.jpg","width":1080,"height":1350},{"@type":"BreadcrumbList","@id":"https:\/\/www.testeminhalojamandela.biz\/product\/not-my-purr-blem-68e279e5d59e5\/#breadcrumb","itemListElement":[{"@type":"ListItem","position":1,"name":"Home","item":"https:\/\/www.stlflix-store.com\/"},{"@type":"ListItem","position":2,"name":"Products","item":"https:\/\/www.stlflix-store.com\/shop\/"},{"@type":"ListItem","position":3,"name":"Enfeite Decorativo \u201cNot My Purr-blem\u201d"}]},{"@type":"WebSite","@id":"https:\/\/my.stlflix.com\/#website","url":"https:\/\/my.stlflix.com\/","name":"MyStore - By STLFLIX","description":"","publisher":{"@id":"https:\/\/my.stlflix.com\/#organization"},"potentialAction":[{"@type":"SearchAction","target":{"@type":"EntryPoint","urlTemplate":"https:\/\/my.stlflix.com\/?s={search_term_string}"},"query-input":{"@type":"PropertyValueSpecification","valueRequired":true,"valueName":"search_term_string"}}],"inLanguage":"es-ES"},{"@type":"Organization","@id":"https:\/\/my.stlflix.com\/#organization","name":"MyStore - By STLFLIX","url":"https:\/\/my.stlflix.com\/","logo":{"@type":"ImageObject","inLanguage":"es-ES","@id":"https:\/\/my.stlflix.com\/#\/schema\/logo\/image\/","url":"https:\/\/my.stlflix.com\/wp-content\/uploads\/2024\/06\/logo-mystore.png","contentUrl":"https:\/\/my.stlflix.com\/wp-content\/uploads\/2024\/06\/logo-mystore.png","width":150,"height":41,"caption":"MyStore - By STLFLIX"},"image":{"@id":"https:\/\/my.stlflix.com\/#\/schema\/logo\/image\/"},"sameAs":["https:\/\/www.facebook.com\/STLFLIX","https:\/\/www.instagram.com\/stlflix_\/","https:\/\/www.tiktok.com\/@stlflix"]}]}},"_links":{"self":[{"href":"https:\/\/my.stlflix.com\/es\/wp-json\/wp\/v2\/product\/446181","targetHints":{"allow":["GET"]}}],"collection":[{"href":"https:\/\/my.stlflix.com\/es\/wp-json\/wp\/v2\/product"}],"about":[{"href":"https:\/\/my.stlflix.com\/es\/wp-json\/wp\/v2\/types\/product"}],"replies":[{"embeddable":true,"href":"https:\/\/my.stlflix.com\/es\/wp-json\/wp\/v2\/comments?post=446181"}],"wp:featuredmedia":[{"embeddable":true,"href":"https:\/\/my.stlflix.com\/es\/wp-json\/wp\/v2\/media\/441561"}],"wp:attachment":[{"href":"https:\/\/my.stlflix.com\/es\/wp-json\/wp\/v2\/media?parent=446181"}],"wp:term":[{"taxonomy":"product_brand","embeddable":true,"href":"https:\/\/my.stlflix.com\/es\/wp-json\/wp\/v2\/product_brand?post=446181"},{"taxonomy":"product_cat","embeddable":true,"href":"https:\/\/my.stlflix.com\/es\/wp-json\/wp\/v2\/product_cat?post=446181"},{"taxonomy":"product_tag","embeddable":true,"href":"https:\/\/my.stlflix.com\/es\/wp-json\/wp\/v2\/product_tag?post=446181"}],"curies":[{"name":"wp","href":"https:\/\/api.w.org\/{rel}","templated":true}]}}