{"id":452674,"date":"2025-10-23T01:34:55","date_gmt":"2025-10-23T01:34:55","guid":{"rendered":"https:\/\/my.stlflix.com\/?post_type=product&#038;p=452674"},"modified":"2025-10-23T01:36:14","modified_gmt":"2025-10-23T01:36:14","slug":"soccer-shoes-controller-holder-68f29c566264a","status":"publish","type":"product","link":"https:\/\/my.stlflix.com\/es\/product\/soccer-shoes-controller-holder-68f29c566264a\/","title":{"rendered":"Soccer Shoes Controller Holder"},"content":{"rendered":"<h3 data-start=\"144\" data-end=\"211\">\u26bd <strong data-start=\"150\" data-end=\"211\"><span dir=\"auto\" style=\"vertical-align: inherit\"><span dir=\"auto\" style=\"vertical-align: inherit\">Suporte de Controle Soccer Shoes \u2013 O Campo \u00e9 o Seu Setup!<\/span><\/span><\/strong><\/h3>\n<p data-start=\"212\" data-end=\"432\"><span dir=\"auto\" style=\"vertical-align: inherit\"><span dir=\"auto\" style=\"vertical-align: inherit\">Mostre sua paix\u00e3o pelo futebol tamb\u00e9m na hora de jogar! <\/span><\/span><br data-start=\"267\" data-end=\"270\" \/><span dir=\"auto\" style=\"vertical-align: inherit\"><span dir=\"auto\" style=\"vertical-align: inherit\">O <\/span><\/span><strong data-start=\"272\" data-end=\"288\"><span dir=\"auto\" style=\"vertical-align: inherit\"><span dir=\"auto\" style=\"vertical-align: inherit\">Soccer Shoes<\/span><\/span><\/strong><span dir=\"auto\" style=\"vertical-align: inherit\"><span dir=\"auto\" style=\"vertical-align: inherit\"> \u00e9 um suporte de controle com design inspirado em uma <\/span><\/span><strong data-start=\"342\" data-end=\"365\"><span dir=\"auto\" style=\"vertical-align: inherit\"><span dir=\"auto\" style=\"vertical-align: inherit\">chuteira estilizada<\/span><\/span><\/strong><span dir=\"auto\" style=\"vertical-align: inherit\"><span dir=\"auto\" style=\"vertical-align: inherit\"> , trazendo o esp\u00edrito esportivo direto para o seu ambiente gamer.<\/span><\/span><\/p>\n<p data-start=\"434\" data-end=\"674\"><span dir=\"auto\" style=\"vertical-align: inherit\"><span dir=\"auto\" style=\"vertical-align: inherit\">Com um visual vibrante e acabamento sofisticado, este suporte \u00e9 perfeito para <\/span><\/span><strong data-start=\"510\" data-end=\"553\"><span dir=\"auto\" style=\"vertical-align: inherit\"><span dir=\"auto\" style=\"vertical-align: inherit\">quem vive o jogo dentro e fora do campo<\/span><\/span><\/strong><span dir=\"auto\" style=\"vertical-align: inherit\"><span dir=\"auto\" style=\"vertical-align: inherit\"> . Al\u00e9m de manter o controle seguro e bem posicionado, ele adiciona um toque \u00fanico de personalidade \u00e0 sua cole\u00e7\u00e3o gamer.<\/span><\/span><\/p>\n<hr data-start=\"676\" data-end=\"679\" \/>\n<h3 data-start=\"681\" data-end=\"708\">\ud83c\udfae <strong data-start=\"688\" data-end=\"708\"><span dir=\"auto\" style=\"vertical-align: inherit\"><span dir=\"auto\" style=\"vertical-align: inherit\">Caracter\u00edsticas:<\/span><\/span><\/strong><\/h3>\n<ul data-start=\"709\" data-end=\"1002\">\n<li data-start=\"709\" data-end=\"782\">\n<p data-start=\"711\" data-end=\"782\"><span dir=\"auto\" style=\"vertical-align: inherit\"><span dir=\"auto\" style=\"vertical-align: inherit\">Compat\u00edvel com controles de PS5, Xbox, Switch Pro e modelos similares<\/span><\/span><\/p>\n<\/li>\n<li data-start=\"783\" data-end=\"838\">\n<p data-start=\"785\" data-end=\"838\"><span dir=\"auto\" style=\"vertical-align: inherit\"><span dir=\"auto\" style=\"vertical-align: inherit\">Base firme e relaxante para total estabilidade<\/span><\/span><\/p>\n<\/li>\n<li data-start=\"839\" data-end=\"892\">\n<p data-start=\"841\" data-end=\"892\"><span dir=\"auto\" style=\"vertical-align: inherit\"><span dir=\"auto\" style=\"vertical-align: inherit\">Design criativo inspirado em chuteiras de futebol<\/span><\/span><\/p>\n<\/li>\n<li data-start=\"893\" data-end=\"944\">\n<p data-start=\"895\" data-end=\"944\"><span dir=\"auto\" style=\"vertical-align: inherit\"><span dir=\"auto\" style=\"vertical-align: inherit\">Material dur\u00e1vel e acabamento de alta qualidade<\/span><\/span><\/p>\n<\/li>\n<li data-start=\"945\" data-end=\"1002\">\n<p data-start=\"947\" data-end=\"1002\"><span dir=\"auto\" style=\"vertical-align: inherit\"><span dir=\"auto\" style=\"vertical-align: inherit\">Ideal para decorar setups gamers e espa\u00e7os esportivos<\/span><\/span><\/p>\n<\/li>\n<\/ul>\n<hr data-start=\"1004\" data-end=\"1007\" \/>\n<h3 data-start=\"1009\" data-end=\"1052\">\ud83c\udfc6 <strong data-start=\"1016\" data-end=\"1052\"><span dir=\"auto\" style=\"vertical-align: inherit\"><span dir=\"auto\" style=\"vertical-align: inherit\">Por que escolher o Chuteiras?<\/span><\/span><\/strong><\/h3>\n<p data-start=\"1053\" data-end=\"1280\"><span dir=\"auto\" style=\"vertical-align: inherit\"><span dir=\"auto\" style=\"vertical-align: inherit\">Porque o controle tamb\u00e9m merece entrar em campo com estilo! <\/span><\/span><br data-start=\"1112\" data-end=\"1115\" \/><span dir=\"auto\" style=\"vertical-align: inherit\"><span dir=\"auto\" style=\"vertical-align: inherit\">Perfeito para <\/span><\/span><strong data-start=\"1129\" data-end=\"1163\"><span dir=\"auto\" style=\"vertical-align: inherit\"><span dir=\"auto\" style=\"vertical-align: inherit\">gamers apaixonados por futebol<\/span><\/span><\/strong><span dir=\"auto\" style=\"vertical-align: inherit\"><span dir=\"auto\" style=\"vertical-align: inherit\"> , <\/span><\/span><strong data-start=\"1165\" data-end=\"1188\"><span dir=\"auto\" style=\"vertical-align: inherit\"><span dir=\"auto\" style=\"vertical-align: inherit\">colecionadores geek<\/span><\/span><\/strong><span dir=\"auto\" style=\"vertical-align: inherit\"><span dir=\"auto\" style=\"vertical-align: inherit\"> e <\/span><\/span><strong data-start=\"1191\" data-end=\"1214\"><span dir=\"auto\" style=\"vertical-align: inherit\"><span dir=\"auto\" style=\"vertical-align: inherit\">presentes criativos<\/span><\/span><\/strong><span dir=\"auto\" style=\"vertical-align: inherit\"><span dir=\"auto\" style=\"vertical-align: inherit\"> para quem vibra com cada gol \u2014 seja no console ou na vida real.<\/span><\/span><\/p>\n","protected":false},"excerpt":{"rendered":"<p>\u26bd Suporte de Controle Soccer Shoes \u2013 O Campo \u00e9 o Seu Setup! Mostre sua paix\u00e3o pelo futebol tamb\u00e9m na hora de jogar! O Soccer Shoes \u00e9 um suporte de controle com design inspirado em uma chuteira estilizada , trazendo o esp\u00edrito esportivo direto para o seu ambiente gamer. Com um visual vibrante e acabamento [&hellip;]<\/p>\n","protected":false},"featured_media":120884,"comment_status":"open","ping_status":"closed","template":"","meta":[],"product_brand":[],"product_cat":[578],"product_tag":[635],"class_list":{"0":"post-452674","1":"product","2":"type-product","3":"status-publish","4":"has-post-thumbnail","6":"product_cat-useful","7":"product_tag-gadgets","9":"first","10":"instock","11":"taxable","12":"shipping-taxable","13":"purchasable","14":"product-type-simple"},"yoast_head":"<!-- This site is optimized with the Yoast SEO plugin v25.1 - https:\/\/yoast.com\/wordpress\/plugins\/seo\/ -->\n<title>Soccer Shoes Controller Holder - MyStore - By STLFLIX<\/title>\n<meta name=\"robots\" content=\"index, follow, max-snippet:-1, max-image-preview:large, max-video-preview:-1\" \/>\n<link rel=\"canonical\" href=\"https:\/\/my.stlflix.com\/es\/product\/soccer-shoes-controller-holder-68f29c566264a\/\" \/>\n<meta property=\"og:locale\" content=\"es_ES\" \/>\n<meta property=\"og:type\" content=\"article\" \/>\n<meta property=\"og:title\" content=\"Soccer Shoes Controller Holder - MyStore - By STLFLIX\" \/>\n<meta property=\"og:description\" content=\"\u26bd Suporte de Controle Soccer Shoes \u2013 O Campo \u00e9 o Seu Setup! Mostre sua paix\u00e3o pelo futebol tamb\u00e9m na hora de jogar! O Soccer Shoes \u00e9 um suporte de controle com design inspirado em uma chuteira estilizada , trazendo o esp\u00edrito esportivo direto para o seu ambiente gamer. Com um visual vibrante e acabamento [&hellip;]\" \/>\n<meta property=\"og:url\" content=\"https:\/\/my.stlflix.com\/es\/product\/soccer-shoes-controller-holder-68f29c566264a\/\" \/>\n<meta property=\"og:site_name\" content=\"MyStore - By STLFLIX\" \/>\n<meta property=\"article:publisher\" content=\"https:\/\/www.facebook.com\/STLFLIX\" \/>\n<meta property=\"article:modified_time\" content=\"2025-10-23T01:36:14+00:00\" \/>\n<meta property=\"og:image\" content=\"https:\/\/my.stlflix.com\/wp-content\/uploads\/2024\/10\/Soccer_Shoes_Controller_Holder_thumb_5dfbcff0e1.jpg\" \/>\n\t<meta property=\"og:image:width\" content=\"1080\" \/>\n\t<meta property=\"og:image:height\" content=\"1350\" \/>\n\t<meta property=\"og:image:type\" content=\"image\/jpeg\" \/>\n<meta name=\"twitter:card\" content=\"summary_large_image\" \/>\n<meta name=\"twitter:label1\" content=\"Est. reading time\" \/>\n\t<meta name=\"twitter:data1\" content=\"1 minute\" \/>\n<script type=\"application\/ld+json\" class=\"yoast-schema-graph\">{\"@context\":\"https:\/\/schema.org\",\"@graph\":[{\"@type\":\"WebPage\",\"@id\":\"https:\/\/my.stlflix.com\/es\/product\/soccer-shoes-controller-holder-68f29c566264a\/\",\"url\":\"https:\/\/my.stlflix.com\/es\/product\/soccer-shoes-controller-holder-68f29c566264a\/\",\"name\":\"Soccer Shoes Controller Holder - MyStore - By STLFLIX\",\"isPartOf\":{\"@id\":\"https:\/\/my.stlflix.com\/#website\"},\"primaryImageOfPage\":{\"@id\":\"https:\/\/my.stlflix.com\/es\/product\/soccer-shoes-controller-holder-68f29c566264a\/#primaryimage\"},\"image\":{\"@id\":\"https:\/\/my.stlflix.com\/es\/product\/soccer-shoes-controller-holder-68f29c566264a\/#primaryimage\"},\"thumbnailUrl\":\"https:\/\/my.stlflix.com\/wp-content\/uploads\/2024\/10\/Soccer_Shoes_Controller_Holder_thumb_5dfbcff0e1.jpg\",\"datePublished\":\"2025-10-23T01:34:55+00:00\",\"dateModified\":\"2025-10-23T01:36:14+00:00\",\"breadcrumb\":{\"@id\":\"https:\/\/my.stlflix.com\/es\/product\/soccer-shoes-controller-holder-68f29c566264a\/#breadcrumb\"},\"inLanguage\":\"es-ES\",\"potentialAction\":[{\"@type\":\"ReadAction\",\"target\":[\"https:\/\/my.stlflix.com\/es\/product\/soccer-shoes-controller-holder-68f29c566264a\/\"]}]},{\"@type\":\"ImageObject\",\"inLanguage\":\"es-ES\",\"@id\":\"https:\/\/my.stlflix.com\/es\/product\/soccer-shoes-controller-holder-68f29c566264a\/#primaryimage\",\"url\":\"https:\/\/my.stlflix.com\/wp-content\/uploads\/2024\/10\/Soccer_Shoes_Controller_Holder_thumb_5dfbcff0e1.jpg\",\"contentUrl\":\"https:\/\/my.stlflix.com\/wp-content\/uploads\/2024\/10\/Soccer_Shoes_Controller_Holder_thumb_5dfbcff0e1.jpg\",\"width\":1080,\"height\":1350},{\"@type\":\"BreadcrumbList\",\"@id\":\"https:\/\/my.stlflix.com\/es\/product\/soccer-shoes-controller-holder-68f29c566264a\/#breadcrumb\",\"itemListElement\":[{\"@type\":\"ListItem\",\"position\":1,\"name\":\"Home\",\"item\":\"https:\/\/www.stlflix-store.com\/\"},{\"@type\":\"ListItem\",\"position\":2,\"name\":\"Products\",\"item\":\"https:\/\/www.stlflix-store.com\/shop\/\"},{\"@type\":\"ListItem\",\"position\":3,\"name\":\"Soccer Shoes Controller Holder\"}]},{\"@type\":\"WebSite\",\"@id\":\"https:\/\/my.stlflix.com\/#website\",\"url\":\"https:\/\/my.stlflix.com\/\",\"name\":\"MyStore - By STLFLIX\",\"description\":\"\",\"publisher\":{\"@id\":\"https:\/\/my.stlflix.com\/#organization\"},\"potentialAction\":[{\"@type\":\"SearchAction\",\"target\":{\"@type\":\"EntryPoint\",\"urlTemplate\":\"https:\/\/my.stlflix.com\/?s={search_term_string}\"},\"query-input\":{\"@type\":\"PropertyValueSpecification\",\"valueRequired\":true,\"valueName\":\"search_term_string\"}}],\"inLanguage\":\"es-ES\"},{\"@type\":\"Organization\",\"@id\":\"https:\/\/my.stlflix.com\/#organization\",\"name\":\"MyStore - By STLFLIX\",\"url\":\"https:\/\/my.stlflix.com\/\",\"logo\":{\"@type\":\"ImageObject\",\"inLanguage\":\"es-ES\",\"@id\":\"https:\/\/my.stlflix.com\/#\/schema\/logo\/image\/\",\"url\":\"https:\/\/my.stlflix.com\/wp-content\/uploads\/2024\/06\/logo-mystore.png\",\"contentUrl\":\"https:\/\/my.stlflix.com\/wp-content\/uploads\/2024\/06\/logo-mystore.png\",\"width\":150,\"height\":41,\"caption\":\"MyStore - By STLFLIX\"},\"image\":{\"@id\":\"https:\/\/my.stlflix.com\/#\/schema\/logo\/image\/\"},\"sameAs\":[\"https:\/\/www.facebook.com\/STLFLIX\",\"https:\/\/www.instagram.com\/stlflix_\/\",\"https:\/\/www.tiktok.com\/@stlflix\"]}]}<\/script>\n<!-- \/ Yoast SEO plugin. -->","yoast_head_json":{"title":"Soccer Shoes Controller Holder - MyStore - By STLFLIX","robots":{"index":"index","follow":"follow","max-snippet":"max-snippet:-1","max-image-preview":"max-image-preview:large","max-video-preview":"max-video-preview:-1"},"canonical":"https:\/\/my.stlflix.com\/es\/product\/soccer-shoes-controller-holder-68f29c566264a\/","og_locale":"es_ES","og_type":"article","og_title":"Soccer Shoes Controller Holder - MyStore - By STLFLIX","og_description":"\u26bd Suporte de Controle Soccer Shoes \u2013 O Campo \u00e9 o Seu Setup! Mostre sua paix\u00e3o pelo futebol tamb\u00e9m na hora de jogar! O Soccer Shoes \u00e9 um suporte de controle com design inspirado em uma chuteira estilizada , trazendo o esp\u00edrito esportivo direto para o seu ambiente gamer. Com um visual vibrante e acabamento [&hellip;]","og_url":"https:\/\/my.stlflix.com\/es\/product\/soccer-shoes-controller-holder-68f29c566264a\/","og_site_name":"MyStore - By STLFLIX","article_publisher":"https:\/\/www.facebook.com\/STLFLIX","article_modified_time":"2025-10-23T01:36:14+00:00","og_image":[{"width":1080,"height":1350,"url":"https:\/\/my.stlflix.com\/wp-content\/uploads\/2024\/10\/Soccer_Shoes_Controller_Holder_thumb_5dfbcff0e1.jpg","type":"image\/jpeg"}],"twitter_card":"summary_large_image","twitter_misc":{"Est. reading time":"1 minute"},"schema":{"@context":"https:\/\/schema.org","@graph":[{"@type":"WebPage","@id":"https:\/\/my.stlflix.com\/es\/product\/soccer-shoes-controller-holder-68f29c566264a\/","url":"https:\/\/my.stlflix.com\/es\/product\/soccer-shoes-controller-holder-68f29c566264a\/","name":"Soccer Shoes Controller Holder - MyStore - By STLFLIX","isPartOf":{"@id":"https:\/\/my.stlflix.com\/#website"},"primaryImageOfPage":{"@id":"https:\/\/my.stlflix.com\/es\/product\/soccer-shoes-controller-holder-68f29c566264a\/#primaryimage"},"image":{"@id":"https:\/\/my.stlflix.com\/es\/product\/soccer-shoes-controller-holder-68f29c566264a\/#primaryimage"},"thumbnailUrl":"https:\/\/my.stlflix.com\/wp-content\/uploads\/2024\/10\/Soccer_Shoes_Controller_Holder_thumb_5dfbcff0e1.jpg","datePublished":"2025-10-23T01:34:55+00:00","dateModified":"2025-10-23T01:36:14+00:00","breadcrumb":{"@id":"https:\/\/my.stlflix.com\/es\/product\/soccer-shoes-controller-holder-68f29c566264a\/#breadcrumb"},"inLanguage":"es-ES","potentialAction":[{"@type":"ReadAction","target":["https:\/\/my.stlflix.com\/es\/product\/soccer-shoes-controller-holder-68f29c566264a\/"]}]},{"@type":"ImageObject","inLanguage":"es-ES","@id":"https:\/\/my.stlflix.com\/es\/product\/soccer-shoes-controller-holder-68f29c566264a\/#primaryimage","url":"https:\/\/my.stlflix.com\/wp-content\/uploads\/2024\/10\/Soccer_Shoes_Controller_Holder_thumb_5dfbcff0e1.jpg","contentUrl":"https:\/\/my.stlflix.com\/wp-content\/uploads\/2024\/10\/Soccer_Shoes_Controller_Holder_thumb_5dfbcff0e1.jpg","width":1080,"height":1350},{"@type":"BreadcrumbList","@id":"https:\/\/my.stlflix.com\/es\/product\/soccer-shoes-controller-holder-68f29c566264a\/#breadcrumb","itemListElement":[{"@type":"ListItem","position":1,"name":"Home","item":"https:\/\/www.stlflix-store.com\/"},{"@type":"ListItem","position":2,"name":"Products","item":"https:\/\/www.stlflix-store.com\/shop\/"},{"@type":"ListItem","position":3,"name":"Soccer Shoes Controller Holder"}]},{"@type":"WebSite","@id":"https:\/\/my.stlflix.com\/#website","url":"https:\/\/my.stlflix.com\/","name":"MyStore - By STLFLIX","description":"","publisher":{"@id":"https:\/\/my.stlflix.com\/#organization"},"potentialAction":[{"@type":"SearchAction","target":{"@type":"EntryPoint","urlTemplate":"https:\/\/my.stlflix.com\/?s={search_term_string}"},"query-input":{"@type":"PropertyValueSpecification","valueRequired":true,"valueName":"search_term_string"}}],"inLanguage":"es-ES"},{"@type":"Organization","@id":"https:\/\/my.stlflix.com\/#organization","name":"MyStore - By STLFLIX","url":"https:\/\/my.stlflix.com\/","logo":{"@type":"ImageObject","inLanguage":"es-ES","@id":"https:\/\/my.stlflix.com\/#\/schema\/logo\/image\/","url":"https:\/\/my.stlflix.com\/wp-content\/uploads\/2024\/06\/logo-mystore.png","contentUrl":"https:\/\/my.stlflix.com\/wp-content\/uploads\/2024\/06\/logo-mystore.png","width":150,"height":41,"caption":"MyStore - By STLFLIX"},"image":{"@id":"https:\/\/my.stlflix.com\/#\/schema\/logo\/image\/"},"sameAs":["https:\/\/www.facebook.com\/STLFLIX","https:\/\/www.instagram.com\/stlflix_\/","https:\/\/www.tiktok.com\/@stlflix"]}]}},"_links":{"self":[{"href":"https:\/\/my.stlflix.com\/es\/wp-json\/wp\/v2\/product\/452674","targetHints":{"allow":["GET"]}}],"collection":[{"href":"https:\/\/my.stlflix.com\/es\/wp-json\/wp\/v2\/product"}],"about":[{"href":"https:\/\/my.stlflix.com\/es\/wp-json\/wp\/v2\/types\/product"}],"replies":[{"embeddable":true,"href":"https:\/\/my.stlflix.com\/es\/wp-json\/wp\/v2\/comments?post=452674"}],"wp:featuredmedia":[{"embeddable":true,"href":"https:\/\/my.stlflix.com\/es\/wp-json\/wp\/v2\/media\/120884"}],"wp:attachment":[{"href":"https:\/\/my.stlflix.com\/es\/wp-json\/wp\/v2\/media?parent=452674"}],"wp:term":[{"taxonomy":"product_brand","embeddable":true,"href":"https:\/\/my.stlflix.com\/es\/wp-json\/wp\/v2\/product_brand?post=452674"},{"taxonomy":"product_cat","embeddable":true,"href":"https:\/\/my.stlflix.com\/es\/wp-json\/wp\/v2\/product_cat?post=452674"},{"taxonomy":"product_tag","embeddable":true,"href":"https:\/\/my.stlflix.com\/es\/wp-json\/wp\/v2\/product_tag?post=452674"}],"curies":[{"name":"wp","href":"https:\/\/api.w.org\/{rel}","templated":true}]}}