{"id":452677,"date":"2025-10-23T02:37:36","date_gmt":"2025-10-23T02:37:36","guid":{"rendered":"https:\/\/my.stlflix.com\/?post_type=product&#038;p=452677"},"modified":"2025-10-23T02:38:16","modified_gmt":"2025-10-23T02:38:16","slug":"victory-pose-controller-holder-68f2a19c89a56","status":"publish","type":"product","link":"https:\/\/my.stlflix.com\/es\/product\/victory-pose-controller-holder-68f2a19c89a56\/","title":{"rendered":"Victory Pose Controller Holder"},"content":{"rendered":"<h3 data-start=\"151\" data-end=\"239\">\ud83c\udfc5 <strong data-start=\"158\" data-end=\"237\"><span dir=\"auto\" style=\"vertical-align: inherit\"><span dir=\"auto\" style=\"vertical-align: inherit\">Suporte de Controle Victory Pose Controller \u2013 A Vit\u00f3ria Est\u00e1 nas Suas M\u00e3os!<\/span><\/span><\/strong><\/h3>\n<p data-start=\"240\" data-end=\"480\"><span dir=\"auto\" style=\"vertical-align: inherit\"><span dir=\"auto\" style=\"vertical-align: inherit\">Sinta a emo\u00e7\u00e3o da conquista toda vez que olhar para o seu setup! <\/span><\/span><br data-start=\"304\" data-end=\"307\" \/><span dir=\"auto\" style=\"vertical-align: inherit\"><span dir=\"auto\" style=\"vertical-align: inherit\">O <\/span><\/span><strong data-start=\"309\" data-end=\"336\"><span dir=\"auto\" style=\"vertical-align: inherit\"><span dir=\"auto\" style=\"vertical-align: inherit\">Victory Pose Controller<\/span><\/span><\/strong><span dir=\"auto\" style=\"vertical-align: inherit\"><span dir=\"auto\" style=\"vertical-align: inherit\"> traz a energia dos grandes momentos do esporte para o mundo gamer, com um design inspirado em um <\/span><\/span><strong data-start=\"434\" data-end=\"477\"><span dir=\"auto\" style=\"vertical-align: inherit\"><span dir=\"auto\" style=\"vertical-align: inherit\">jogador ajoelhado em pose de celebra\u00e7\u00e3o<\/span><\/span><\/strong><span dir=\"auto\" style=\"vertical-align: inherit\"><span dir=\"auto\" style=\"vertical-align: inherit\"> .<\/span><\/span><\/p>\n<p data-start=\"482\" data-end=\"619\"><span dir=\"auto\" style=\"vertical-align: inherit\"><span dir=\"auto\" style=\"vertical-align: inherit\">Mais do que um suporte de controle, \u00e9 uma <\/span><\/span><strong data-start=\"524\" data-end=\"547\"><span dir=\"auto\" style=\"vertical-align: inherit\"><span dir=\"auto\" style=\"vertical-align: inherit\">homenagem \u00e0 vit\u00f3ria<\/span><\/span><\/strong><span dir=\"auto\" style=\"vertical-align: inherit\"><span dir=\"auto\" style=\"vertical-align: inherit\"> , \u00e0 supera\u00e7\u00e3o e \u00e0 paix\u00e3o pelos jogos \u2014 sejam eles no campo ou na tela.<\/span><\/span><\/p>\n<hr data-start=\"621\" data-end=\"624\" \/>\n<h3 data-start=\"626\" data-end=\"655\">\ud83c\udfae <strong data-start=\"633\" data-end=\"653\"><span dir=\"auto\" style=\"vertical-align: inherit\"><span dir=\"auto\" style=\"vertical-align: inherit\">Caracter\u00edsticas:<\/span><\/span><\/strong><\/h3>\n<ul data-start=\"656\" data-end=\"968\">\n<li data-start=\"656\" data-end=\"729\">\n<p data-start=\"658\" data-end=\"729\"><span dir=\"auto\" style=\"vertical-align: inherit\"><span dir=\"auto\" style=\"vertical-align: inherit\">Compat\u00edvel com controles de PS5, Xbox, Switch Pro e modelos similares<\/span><\/span><\/p>\n<\/li>\n<li data-start=\"730\" data-end=\"785\">\n<p data-start=\"732\" data-end=\"785\"><span dir=\"auto\" style=\"vertical-align: inherit\"><span dir=\"auto\" style=\"vertical-align: inherit\">Base firme e relaxante para total estabilidade<\/span><\/span><\/p>\n<\/li>\n<li data-start=\"786\" data-end=\"850\">\n<p data-start=\"788\" data-end=\"850\"><span dir=\"auto\" style=\"vertical-align: inherit\"><span dir=\"auto\" style=\"vertical-align: inherit\">Material resistente e acabamento detalhado de alta qualidade<\/span><\/span><\/p>\n<\/li>\n<li data-start=\"851\" data-end=\"906\">\n<p data-start=\"853\" data-end=\"906\"><span dir=\"auto\" style=\"vertical-align: inherit\"><span dir=\"auto\" style=\"vertical-align: inherit\">Design esportivo com pose de celebra\u00e7\u00e3o inspirada<\/span><\/span><\/p>\n<\/li>\n<li data-start=\"907\" data-end=\"968\">\n<p data-start=\"909\" data-end=\"968\"><span dir=\"auto\" style=\"vertical-align: inherit\"><span dir=\"auto\" style=\"vertical-align: inherit\">Ideal para setups gamers, colecionadores e f\u00e3s de futebol<\/span><\/span><\/p>\n<\/li>\n<\/ul>\n<hr data-start=\"970\" data-end=\"973\" \/>\n<h3 data-start=\"975\" data-end=\"1031\">\ud83c\udfc6 <strong data-start=\"982\" data-end=\"1029\"><span dir=\"auto\" style=\"vertical-align: inherit\"><span dir=\"auto\" style=\"vertical-align: inherit\">Por que escolher o Victory Pose Controller?<\/span><\/span><\/strong><\/h3>\n<p data-start=\"1032\" data-end=\"1275\"><span dir=\"auto\" style=\"vertical-align: inherit\"><span dir=\"auto\" style=\"vertical-align: inherit\">Porque cada partida merece ser comemorada com estilo! <\/span><\/span><br data-start=\"1085\" data-end=\"1088\" \/><span dir=\"auto\" style=\"vertical-align: inherit\"><span dir=\"auto\" style=\"vertical-align: inherit\">Com o <\/span><\/span><strong data-start=\"1094\" data-end=\"1121\"><span dir=\"auto\" style=\"vertical-align: inherit\"><span dir=\"auto\" style=\"vertical-align: inherit\">Victory Pose Controller<\/span><\/span><\/strong><span dir=\"auto\" style=\"vertical-align: inherit\"><span dir=\"auto\" style=\"vertical-align: inherit\"> , seu controle ganha um suporte digno de campe\u00e3o \u2014 combinando <\/span><\/span><strong data-start=\"1183\" data-end=\"1226\"><span dir=\"auto\" style=\"vertical-align: inherit\"><span dir=\"auto\" style=\"vertical-align: inherit\">personalidade, inspira\u00e7\u00e3o e organiza\u00e7\u00e3o<\/span><\/span><\/strong><span dir=\"auto\" style=\"vertical-align: inherit\"><span dir=\"auto\" style=\"vertical-align: inherit\"> em uma pe\u00e7a que destaca qualquer espa\u00e7o gamer.<\/span><\/span><\/p>\n","protected":false},"excerpt":{"rendered":"<p>\ud83c\udfc5 Suporte de Controle Victory Pose Controller \u2013 A Vit\u00f3ria Est\u00e1 nas Suas M\u00e3os! Sinta a emo\u00e7\u00e3o da conquista toda vez que olhar para o seu setup! O Victory Pose Controller traz a energia dos grandes momentos do esporte para o mundo gamer, com um design inspirado em um jogador ajoelhado em pose de celebra\u00e7\u00e3o [&hellip;]<\/p>\n","protected":false},"featured_media":120933,"comment_status":"open","ping_status":"closed","template":"","meta":[],"product_brand":[],"product_cat":[578],"product_tag":[635],"class_list":{"0":"post-452677","1":"product","2":"type-product","3":"status-publish","4":"has-post-thumbnail","6":"product_cat-useful","7":"product_tag-gadgets","9":"first","10":"instock","11":"taxable","12":"shipping-taxable","13":"purchasable","14":"product-type-simple"},"yoast_head":"<!-- This site is optimized with the Yoast SEO plugin v25.1 - https:\/\/yoast.com\/wordpress\/plugins\/seo\/ -->\n<title>Victory Pose Controller Holder - MyStore - By STLFLIX<\/title>\n<meta name=\"robots\" content=\"index, follow, max-snippet:-1, max-image-preview:large, max-video-preview:-1\" \/>\n<link rel=\"canonical\" href=\"https:\/\/my.stlflix.com\/product\/victory-pose-controller-holder-68f2a19c89a56\/\" \/>\n<meta property=\"og:locale\" content=\"es_ES\" \/>\n<meta property=\"og:type\" content=\"article\" \/>\n<meta property=\"og:title\" content=\"Victory Pose Controller Holder - MyStore - By STLFLIX\" \/>\n<meta property=\"og:description\" content=\"\ud83c\udfc5 Suporte de Controle Victory Pose Controller \u2013 A Vit\u00f3ria Est\u00e1 nas Suas M\u00e3os! Sinta a emo\u00e7\u00e3o da conquista toda vez que olhar para o seu setup! O Victory Pose Controller traz a energia dos grandes momentos do esporte para o mundo gamer, com um design inspirado em um jogador ajoelhado em pose de celebra\u00e7\u00e3o [&hellip;]\" \/>\n<meta property=\"og:url\" content=\"https:\/\/my.stlflix.com\/product\/victory-pose-controller-holder-68f2a19c89a56\/\" \/>\n<meta property=\"og:site_name\" content=\"MyStore - By STLFLIX\" \/>\n<meta property=\"article:publisher\" content=\"https:\/\/www.facebook.com\/STLFLIX\" \/>\n<meta property=\"article:modified_time\" content=\"2025-10-23T02:38:16+00:00\" \/>\n<meta property=\"og:image\" content=\"https:\/\/my.stlflix.com\/wp-content\/uploads\/2024\/10\/Victory_Pose_Controller_Holder_thumb_902f700767.jpg\" \/>\n\t<meta property=\"og:image:width\" content=\"1080\" \/>\n\t<meta property=\"og:image:height\" content=\"1350\" \/>\n\t<meta property=\"og:image:type\" content=\"image\/jpeg\" \/>\n<meta name=\"twitter:card\" content=\"summary_large_image\" \/>\n<meta name=\"twitter:label1\" content=\"Est. reading time\" \/>\n\t<meta name=\"twitter:data1\" content=\"1 minute\" \/>\n<script type=\"application\/ld+json\" class=\"yoast-schema-graph\">{\"@context\":\"https:\/\/schema.org\",\"@graph\":[{\"@type\":\"WebPage\",\"@id\":\"https:\/\/my.stlflix.com\/product\/victory-pose-controller-holder-68f2a19c89a56\/\",\"url\":\"https:\/\/my.stlflix.com\/product\/victory-pose-controller-holder-68f2a19c89a56\/\",\"name\":\"Victory Pose Controller Holder - MyStore - By STLFLIX\",\"isPartOf\":{\"@id\":\"https:\/\/my.stlflix.com\/#website\"},\"primaryImageOfPage\":{\"@id\":\"https:\/\/my.stlflix.com\/product\/victory-pose-controller-holder-68f2a19c89a56\/#primaryimage\"},\"image\":{\"@id\":\"https:\/\/my.stlflix.com\/product\/victory-pose-controller-holder-68f2a19c89a56\/#primaryimage\"},\"thumbnailUrl\":\"https:\/\/my.stlflix.com\/wp-content\/uploads\/2024\/10\/Victory_Pose_Controller_Holder_thumb_902f700767.jpg\",\"datePublished\":\"2025-10-23T02:37:36+00:00\",\"dateModified\":\"2025-10-23T02:38:16+00:00\",\"breadcrumb\":{\"@id\":\"https:\/\/my.stlflix.com\/product\/victory-pose-controller-holder-68f2a19c89a56\/#breadcrumb\"},\"inLanguage\":\"es-ES\",\"potentialAction\":[{\"@type\":\"ReadAction\",\"target\":[\"https:\/\/my.stlflix.com\/product\/victory-pose-controller-holder-68f2a19c89a56\/\"]}]},{\"@type\":\"ImageObject\",\"inLanguage\":\"es-ES\",\"@id\":\"https:\/\/my.stlflix.com\/product\/victory-pose-controller-holder-68f2a19c89a56\/#primaryimage\",\"url\":\"https:\/\/my.stlflix.com\/wp-content\/uploads\/2024\/10\/Victory_Pose_Controller_Holder_thumb_902f700767.jpg\",\"contentUrl\":\"https:\/\/my.stlflix.com\/wp-content\/uploads\/2024\/10\/Victory_Pose_Controller_Holder_thumb_902f700767.jpg\",\"width\":1080,\"height\":1350},{\"@type\":\"BreadcrumbList\",\"@id\":\"https:\/\/my.stlflix.com\/product\/victory-pose-controller-holder-68f2a19c89a56\/#breadcrumb\",\"itemListElement\":[{\"@type\":\"ListItem\",\"position\":1,\"name\":\"Home\",\"item\":\"https:\/\/www.stlflix-store.com\/\"},{\"@type\":\"ListItem\",\"position\":2,\"name\":\"Products\",\"item\":\"https:\/\/www.stlflix-store.com\/shop\/\"},{\"@type\":\"ListItem\",\"position\":3,\"name\":\"Victory Pose Controller Holder\"}]},{\"@type\":\"WebSite\",\"@id\":\"https:\/\/my.stlflix.com\/#website\",\"url\":\"https:\/\/my.stlflix.com\/\",\"name\":\"MyStore - By STLFLIX\",\"description\":\"\",\"publisher\":{\"@id\":\"https:\/\/my.stlflix.com\/#organization\"},\"potentialAction\":[{\"@type\":\"SearchAction\",\"target\":{\"@type\":\"EntryPoint\",\"urlTemplate\":\"https:\/\/my.stlflix.com\/?s={search_term_string}\"},\"query-input\":{\"@type\":\"PropertyValueSpecification\",\"valueRequired\":true,\"valueName\":\"search_term_string\"}}],\"inLanguage\":\"es-ES\"},{\"@type\":\"Organization\",\"@id\":\"https:\/\/my.stlflix.com\/#organization\",\"name\":\"MyStore - By STLFLIX\",\"url\":\"https:\/\/my.stlflix.com\/\",\"logo\":{\"@type\":\"ImageObject\",\"inLanguage\":\"es-ES\",\"@id\":\"https:\/\/my.stlflix.com\/#\/schema\/logo\/image\/\",\"url\":\"https:\/\/my.stlflix.com\/wp-content\/uploads\/2024\/06\/logo-mystore.png\",\"contentUrl\":\"https:\/\/my.stlflix.com\/wp-content\/uploads\/2024\/06\/logo-mystore.png\",\"width\":150,\"height\":41,\"caption\":\"MyStore - By STLFLIX\"},\"image\":{\"@id\":\"https:\/\/my.stlflix.com\/#\/schema\/logo\/image\/\"},\"sameAs\":[\"https:\/\/www.facebook.com\/STLFLIX\",\"https:\/\/www.instagram.com\/stlflix_\/\",\"https:\/\/www.tiktok.com\/@stlflix\"]}]}<\/script>\n<!-- \/ Yoast SEO plugin. -->","yoast_head_json":{"title":"Victory Pose Controller Holder - MyStore - By STLFLIX","robots":{"index":"index","follow":"follow","max-snippet":"max-snippet:-1","max-image-preview":"max-image-preview:large","max-video-preview":"max-video-preview:-1"},"canonical":"https:\/\/my.stlflix.com\/product\/victory-pose-controller-holder-68f2a19c89a56\/","og_locale":"es_ES","og_type":"article","og_title":"Victory Pose Controller Holder - MyStore - By STLFLIX","og_description":"\ud83c\udfc5 Suporte de Controle Victory Pose Controller \u2013 A Vit\u00f3ria Est\u00e1 nas Suas M\u00e3os! Sinta a emo\u00e7\u00e3o da conquista toda vez que olhar para o seu setup! O Victory Pose Controller traz a energia dos grandes momentos do esporte para o mundo gamer, com um design inspirado em um jogador ajoelhado em pose de celebra\u00e7\u00e3o [&hellip;]","og_url":"https:\/\/my.stlflix.com\/product\/victory-pose-controller-holder-68f2a19c89a56\/","og_site_name":"MyStore - By STLFLIX","article_publisher":"https:\/\/www.facebook.com\/STLFLIX","article_modified_time":"2025-10-23T02:38:16+00:00","og_image":[{"width":1080,"height":1350,"url":"https:\/\/my.stlflix.com\/wp-content\/uploads\/2024\/10\/Victory_Pose_Controller_Holder_thumb_902f700767.jpg","type":"image\/jpeg"}],"twitter_card":"summary_large_image","twitter_misc":{"Est. reading time":"1 minute"},"schema":{"@context":"https:\/\/schema.org","@graph":[{"@type":"WebPage","@id":"https:\/\/my.stlflix.com\/product\/victory-pose-controller-holder-68f2a19c89a56\/","url":"https:\/\/my.stlflix.com\/product\/victory-pose-controller-holder-68f2a19c89a56\/","name":"Victory Pose Controller Holder - MyStore - By STLFLIX","isPartOf":{"@id":"https:\/\/my.stlflix.com\/#website"},"primaryImageOfPage":{"@id":"https:\/\/my.stlflix.com\/product\/victory-pose-controller-holder-68f2a19c89a56\/#primaryimage"},"image":{"@id":"https:\/\/my.stlflix.com\/product\/victory-pose-controller-holder-68f2a19c89a56\/#primaryimage"},"thumbnailUrl":"https:\/\/my.stlflix.com\/wp-content\/uploads\/2024\/10\/Victory_Pose_Controller_Holder_thumb_902f700767.jpg","datePublished":"2025-10-23T02:37:36+00:00","dateModified":"2025-10-23T02:38:16+00:00","breadcrumb":{"@id":"https:\/\/my.stlflix.com\/product\/victory-pose-controller-holder-68f2a19c89a56\/#breadcrumb"},"inLanguage":"es-ES","potentialAction":[{"@type":"ReadAction","target":["https:\/\/my.stlflix.com\/product\/victory-pose-controller-holder-68f2a19c89a56\/"]}]},{"@type":"ImageObject","inLanguage":"es-ES","@id":"https:\/\/my.stlflix.com\/product\/victory-pose-controller-holder-68f2a19c89a56\/#primaryimage","url":"https:\/\/my.stlflix.com\/wp-content\/uploads\/2024\/10\/Victory_Pose_Controller_Holder_thumb_902f700767.jpg","contentUrl":"https:\/\/my.stlflix.com\/wp-content\/uploads\/2024\/10\/Victory_Pose_Controller_Holder_thumb_902f700767.jpg","width":1080,"height":1350},{"@type":"BreadcrumbList","@id":"https:\/\/my.stlflix.com\/product\/victory-pose-controller-holder-68f2a19c89a56\/#breadcrumb","itemListElement":[{"@type":"ListItem","position":1,"name":"Home","item":"https:\/\/www.stlflix-store.com\/"},{"@type":"ListItem","position":2,"name":"Products","item":"https:\/\/www.stlflix-store.com\/shop\/"},{"@type":"ListItem","position":3,"name":"Victory Pose Controller Holder"}]},{"@type":"WebSite","@id":"https:\/\/my.stlflix.com\/#website","url":"https:\/\/my.stlflix.com\/","name":"MyStore - By STLFLIX","description":"","publisher":{"@id":"https:\/\/my.stlflix.com\/#organization"},"potentialAction":[{"@type":"SearchAction","target":{"@type":"EntryPoint","urlTemplate":"https:\/\/my.stlflix.com\/?s={search_term_string}"},"query-input":{"@type":"PropertyValueSpecification","valueRequired":true,"valueName":"search_term_string"}}],"inLanguage":"es-ES"},{"@type":"Organization","@id":"https:\/\/my.stlflix.com\/#organization","name":"MyStore - By STLFLIX","url":"https:\/\/my.stlflix.com\/","logo":{"@type":"ImageObject","inLanguage":"es-ES","@id":"https:\/\/my.stlflix.com\/#\/schema\/logo\/image\/","url":"https:\/\/my.stlflix.com\/wp-content\/uploads\/2024\/06\/logo-mystore.png","contentUrl":"https:\/\/my.stlflix.com\/wp-content\/uploads\/2024\/06\/logo-mystore.png","width":150,"height":41,"caption":"MyStore - By STLFLIX"},"image":{"@id":"https:\/\/my.stlflix.com\/#\/schema\/logo\/image\/"},"sameAs":["https:\/\/www.facebook.com\/STLFLIX","https:\/\/www.instagram.com\/stlflix_\/","https:\/\/www.tiktok.com\/@stlflix"]}]}},"_links":{"self":[{"href":"https:\/\/my.stlflix.com\/es\/wp-json\/wp\/v2\/product\/452677","targetHints":{"allow":["GET"]}}],"collection":[{"href":"https:\/\/my.stlflix.com\/es\/wp-json\/wp\/v2\/product"}],"about":[{"href":"https:\/\/my.stlflix.com\/es\/wp-json\/wp\/v2\/types\/product"}],"replies":[{"embeddable":true,"href":"https:\/\/my.stlflix.com\/es\/wp-json\/wp\/v2\/comments?post=452677"}],"wp:featuredmedia":[{"embeddable":true,"href":"https:\/\/my.stlflix.com\/es\/wp-json\/wp\/v2\/media\/120933"}],"wp:attachment":[{"href":"https:\/\/my.stlflix.com\/es\/wp-json\/wp\/v2\/media?parent=452677"}],"wp:term":[{"taxonomy":"product_brand","embeddable":true,"href":"https:\/\/my.stlflix.com\/es\/wp-json\/wp\/v2\/product_brand?post=452677"},{"taxonomy":"product_cat","embeddable":true,"href":"https:\/\/my.stlflix.com\/es\/wp-json\/wp\/v2\/product_cat?post=452677"},{"taxonomy":"product_tag","embeddable":true,"href":"https:\/\/my.stlflix.com\/es\/wp-json\/wp\/v2\/product_tag?post=452677"}],"curies":[{"name":"wp","href":"https:\/\/api.w.org\/{rel}","templated":true}]}}