{"id":453016,"date":"2025-10-18T22:46:30","date_gmt":"2025-10-18T22:46:30","guid":{"rendered":"https:\/\/my.stlflix.com\/?post_type=product&#038;p=453016"},"modified":"2025-10-18T22:56:58","modified_gmt":"2025-10-18T22:56:58","slug":"still-waters-incense-holder-68f4185596ab6","status":"publish","type":"product","link":"https:\/\/my.stlflix.com\/es\/product\/still-waters-incense-holder-68f4185596ab6\/","title":{"rendered":"Porta Incenso Barco"},"content":{"rendered":"<h2 data-start=\"182\" data-end=\"216\">Porta-incenso<\/h2>\n<p data-start=\"217\" data-end=\"421\">Transforme o momento de relaxamento em uma experi\u00eancia est\u00e9tica.<br data-start=\"281\" data-end=\"284\" \/>O <strong data-start=\"286\" data-end=\"316\">porta-incenso Voxel Design<\/strong> une <strong data-start=\"321\" data-end=\"351\">eleg\u00e2ncia e funcionalidade<\/strong>, criado por impress\u00e3o 3D com design moderno e acabamento impec\u00e1vel.<\/p>\n<p data-start=\"423\" data-end=\"602\">Perfeito para <strong data-start=\"437\" data-end=\"458\">decorar ambientes<\/strong> como salas, quartos ou consult\u00f3rios, ele mant\u00e9m o espa\u00e7o limpo ao <strong data-start=\"525\" data-end=\"547\">recolher as cinzas<\/strong> e <strong data-start=\"550\" data-end=\"570\">difundir o aroma<\/strong> de forma suave e equilibrada.<\/p>\n<p data-start=\"604\" data-end=\"733\">Cada pe\u00e7a \u00e9 <strong data-start=\"616\" data-end=\"625\">\u00fanica<\/strong>, feita com <strong data-start=\"637\" data-end=\"663\">materiais sustent\u00e1veis<\/strong> e pensada para quem valoriza <strong data-start=\"693\" data-end=\"730\">bem-estar, estilo e exclusividade<\/strong>.<\/p>\n<p data-start=\"735\" data-end=\"782\"><strong data-start=\"735\" data-end=\"780\">Voxel Design \u2013 Impress\u00e3o que impressiona.<\/strong><\/p>\n","protected":false},"excerpt":{"rendered":"<p>Porta-incenso Transforme o momento de relaxamento em uma experi\u00eancia est\u00e9tica.O porta-incenso Voxel Design une eleg\u00e2ncia e funcionalidade, criado por impress\u00e3o 3D com design moderno e acabamento impec\u00e1vel. Perfeito para decorar ambientes como salas, quartos ou consult\u00f3rios, ele mant\u00e9m o espa\u00e7o limpo ao recolher as cinzas e difundir o aroma de forma suave e equilibrada. Cada [&hellip;]<\/p>\n","protected":false},"featured_media":410884,"comment_status":"open","ping_status":"closed","template":"","meta":[],"product_brand":[],"product_cat":[15],"product_tag":[3782],"class_list":{"0":"post-453016","1":"product","2":"type-product","3":"status-publish","4":"has-post-thumbnail","6":"product_cat-uncategorized","7":"product_tag-suporte-de-incenso","9":"first","10":"onbackorder","11":"purchasable","12":"product-type-simple"},"yoast_head":"<!-- This site is optimized with the Yoast SEO plugin v25.1 - https:\/\/yoast.com\/wordpress\/plugins\/seo\/ -->\n<title>Porta Incenso Barco - MyStore - By STLFLIX<\/title>\n<meta name=\"robots\" content=\"index, follow, max-snippet:-1, max-image-preview:large, max-video-preview:-1\" \/>\n<link rel=\"canonical\" href=\"https:\/\/www.monitorstlflix.com\/product\/still-waters-incense-holder-68f4185596ab6\/\" \/>\n<meta property=\"og:locale\" content=\"es_ES\" \/>\n<meta property=\"og:type\" content=\"article\" \/>\n<meta property=\"og:title\" content=\"Porta Incenso Barco - MyStore - By STLFLIX\" \/>\n<meta property=\"og:description\" content=\"Porta-incenso Transforme o momento de relaxamento em uma experi\u00eancia est\u00e9tica.O porta-incenso Voxel Design une eleg\u00e2ncia e funcionalidade, criado por impress\u00e3o 3D com design moderno e acabamento impec\u00e1vel. Perfeito para decorar ambientes como salas, quartos ou consult\u00f3rios, ele mant\u00e9m o espa\u00e7o limpo ao recolher as cinzas e difundir o aroma de forma suave e equilibrada. Cada [&hellip;]\" \/>\n<meta property=\"og:url\" content=\"https:\/\/www.monitorstlflix.com\/product\/still-waters-incense-holder-68f4185596ab6\/\" \/>\n<meta property=\"og:site_name\" content=\"MyStore - By STLFLIX\" \/>\n<meta property=\"article:publisher\" content=\"https:\/\/www.facebook.com\/STLFLIX\" \/>\n<meta property=\"article:modified_time\" content=\"2025-10-18T22:56:58+00:00\" \/>\n<meta property=\"og:image\" content=\"https:\/\/www.monitorstlflix.com\/wp-content\/uploads\/2025\/07\/Still_Waters_Incense_Holderthumb_397500ceb5.jpg\" \/>\n\t<meta property=\"og:image:width\" content=\"1080\" \/>\n\t<meta property=\"og:image:height\" content=\"1350\" \/>\n\t<meta property=\"og:image:type\" content=\"image\/jpeg\" \/>\n<meta name=\"twitter:card\" content=\"summary_large_image\" \/>\n<script type=\"application\/ld+json\" class=\"yoast-schema-graph\">{\"@context\":\"https:\/\/schema.org\",\"@graph\":[{\"@type\":\"WebPage\",\"@id\":\"https:\/\/www.monitorstlflix.com\/product\/still-waters-incense-holder-68f4185596ab6\/\",\"url\":\"https:\/\/www.monitorstlflix.com\/product\/still-waters-incense-holder-68f4185596ab6\/\",\"name\":\"Porta Incenso Barco - MyStore - By STLFLIX\",\"isPartOf\":{\"@id\":\"https:\/\/my.stlflix.com\/#website\"},\"primaryImageOfPage\":{\"@id\":\"https:\/\/www.monitorstlflix.com\/product\/still-waters-incense-holder-68f4185596ab6\/#primaryimage\"},\"image\":{\"@id\":\"https:\/\/www.monitorstlflix.com\/product\/still-waters-incense-holder-68f4185596ab6\/#primaryimage\"},\"thumbnailUrl\":\"https:\/\/my.stlflix.com\/wp-content\/uploads\/2025\/07\/Still_Waters_Incense_Holderthumb_397500ceb5.jpg\",\"datePublished\":\"2025-10-18T22:46:30+00:00\",\"dateModified\":\"2025-10-18T22:56:58+00:00\",\"breadcrumb\":{\"@id\":\"https:\/\/www.monitorstlflix.com\/product\/still-waters-incense-holder-68f4185596ab6\/#breadcrumb\"},\"inLanguage\":\"es-ES\",\"potentialAction\":[{\"@type\":\"ReadAction\",\"target\":[\"https:\/\/www.monitorstlflix.com\/product\/still-waters-incense-holder-68f4185596ab6\/\"]}]},{\"@type\":\"ImageObject\",\"inLanguage\":\"es-ES\",\"@id\":\"https:\/\/www.monitorstlflix.com\/product\/still-waters-incense-holder-68f4185596ab6\/#primaryimage\",\"url\":\"https:\/\/my.stlflix.com\/wp-content\/uploads\/2025\/07\/Still_Waters_Incense_Holderthumb_397500ceb5.jpg\",\"contentUrl\":\"https:\/\/my.stlflix.com\/wp-content\/uploads\/2025\/07\/Still_Waters_Incense_Holderthumb_397500ceb5.jpg\",\"width\":1080,\"height\":1350},{\"@type\":\"BreadcrumbList\",\"@id\":\"https:\/\/www.monitorstlflix.com\/product\/still-waters-incense-holder-68f4185596ab6\/#breadcrumb\",\"itemListElement\":[{\"@type\":\"ListItem\",\"position\":1,\"name\":\"Home\",\"item\":\"https:\/\/www.stlflix-store.com\/\"},{\"@type\":\"ListItem\",\"position\":2,\"name\":\"Products\",\"item\":\"https:\/\/www.stlflix-store.com\/shop\/\"},{\"@type\":\"ListItem\",\"position\":3,\"name\":\"Porta Incenso Barco\"}]},{\"@type\":\"WebSite\",\"@id\":\"https:\/\/my.stlflix.com\/#website\",\"url\":\"https:\/\/my.stlflix.com\/\",\"name\":\"MyStore - By STLFLIX\",\"description\":\"\",\"publisher\":{\"@id\":\"https:\/\/my.stlflix.com\/#organization\"},\"potentialAction\":[{\"@type\":\"SearchAction\",\"target\":{\"@type\":\"EntryPoint\",\"urlTemplate\":\"https:\/\/my.stlflix.com\/?s={search_term_string}\"},\"query-input\":{\"@type\":\"PropertyValueSpecification\",\"valueRequired\":true,\"valueName\":\"search_term_string\"}}],\"inLanguage\":\"es-ES\"},{\"@type\":\"Organization\",\"@id\":\"https:\/\/my.stlflix.com\/#organization\",\"name\":\"MyStore - By STLFLIX\",\"url\":\"https:\/\/my.stlflix.com\/\",\"logo\":{\"@type\":\"ImageObject\",\"inLanguage\":\"es-ES\",\"@id\":\"https:\/\/my.stlflix.com\/#\/schema\/logo\/image\/\",\"url\":\"https:\/\/my.stlflix.com\/wp-content\/uploads\/2024\/06\/logo-mystore.png\",\"contentUrl\":\"https:\/\/my.stlflix.com\/wp-content\/uploads\/2024\/06\/logo-mystore.png\",\"width\":150,\"height\":41,\"caption\":\"MyStore - By STLFLIX\"},\"image\":{\"@id\":\"https:\/\/my.stlflix.com\/#\/schema\/logo\/image\/\"},\"sameAs\":[\"https:\/\/www.facebook.com\/STLFLIX\",\"https:\/\/www.instagram.com\/stlflix_\/\",\"https:\/\/www.tiktok.com\/@stlflix\"]}]}<\/script>\n<!-- \/ Yoast SEO plugin. -->","yoast_head_json":{"title":"Porta Incenso Barco - MyStore - By STLFLIX","robots":{"index":"index","follow":"follow","max-snippet":"max-snippet:-1","max-image-preview":"max-image-preview:large","max-video-preview":"max-video-preview:-1"},"canonical":"https:\/\/www.monitorstlflix.com\/product\/still-waters-incense-holder-68f4185596ab6\/","og_locale":"es_ES","og_type":"article","og_title":"Porta Incenso Barco - MyStore - By STLFLIX","og_description":"Porta-incenso Transforme o momento de relaxamento em uma experi\u00eancia est\u00e9tica.O porta-incenso Voxel Design une eleg\u00e2ncia e funcionalidade, criado por impress\u00e3o 3D com design moderno e acabamento impec\u00e1vel. Perfeito para decorar ambientes como salas, quartos ou consult\u00f3rios, ele mant\u00e9m o espa\u00e7o limpo ao recolher as cinzas e difundir o aroma de forma suave e equilibrada. Cada [&hellip;]","og_url":"https:\/\/www.monitorstlflix.com\/product\/still-waters-incense-holder-68f4185596ab6\/","og_site_name":"MyStore - By STLFLIX","article_publisher":"https:\/\/www.facebook.com\/STLFLIX","article_modified_time":"2025-10-18T22:56:58+00:00","og_image":[{"width":1080,"height":1350,"url":"https:\/\/www.monitorstlflix.com\/wp-content\/uploads\/2025\/07\/Still_Waters_Incense_Holderthumb_397500ceb5.jpg","type":"image\/jpeg"}],"twitter_card":"summary_large_image","schema":{"@context":"https:\/\/schema.org","@graph":[{"@type":"WebPage","@id":"https:\/\/www.monitorstlflix.com\/product\/still-waters-incense-holder-68f4185596ab6\/","url":"https:\/\/www.monitorstlflix.com\/product\/still-waters-incense-holder-68f4185596ab6\/","name":"Porta Incenso Barco - MyStore - By STLFLIX","isPartOf":{"@id":"https:\/\/my.stlflix.com\/#website"},"primaryImageOfPage":{"@id":"https:\/\/www.monitorstlflix.com\/product\/still-waters-incense-holder-68f4185596ab6\/#primaryimage"},"image":{"@id":"https:\/\/www.monitorstlflix.com\/product\/still-waters-incense-holder-68f4185596ab6\/#primaryimage"},"thumbnailUrl":"https:\/\/my.stlflix.com\/wp-content\/uploads\/2025\/07\/Still_Waters_Incense_Holderthumb_397500ceb5.jpg","datePublished":"2025-10-18T22:46:30+00:00","dateModified":"2025-10-18T22:56:58+00:00","breadcrumb":{"@id":"https:\/\/www.monitorstlflix.com\/product\/still-waters-incense-holder-68f4185596ab6\/#breadcrumb"},"inLanguage":"es-ES","potentialAction":[{"@type":"ReadAction","target":["https:\/\/www.monitorstlflix.com\/product\/still-waters-incense-holder-68f4185596ab6\/"]}]},{"@type":"ImageObject","inLanguage":"es-ES","@id":"https:\/\/www.monitorstlflix.com\/product\/still-waters-incense-holder-68f4185596ab6\/#primaryimage","url":"https:\/\/my.stlflix.com\/wp-content\/uploads\/2025\/07\/Still_Waters_Incense_Holderthumb_397500ceb5.jpg","contentUrl":"https:\/\/my.stlflix.com\/wp-content\/uploads\/2025\/07\/Still_Waters_Incense_Holderthumb_397500ceb5.jpg","width":1080,"height":1350},{"@type":"BreadcrumbList","@id":"https:\/\/www.monitorstlflix.com\/product\/still-waters-incense-holder-68f4185596ab6\/#breadcrumb","itemListElement":[{"@type":"ListItem","position":1,"name":"Home","item":"https:\/\/www.stlflix-store.com\/"},{"@type":"ListItem","position":2,"name":"Products","item":"https:\/\/www.stlflix-store.com\/shop\/"},{"@type":"ListItem","position":3,"name":"Porta Incenso Barco"}]},{"@type":"WebSite","@id":"https:\/\/my.stlflix.com\/#website","url":"https:\/\/my.stlflix.com\/","name":"MyStore - By STLFLIX","description":"","publisher":{"@id":"https:\/\/my.stlflix.com\/#organization"},"potentialAction":[{"@type":"SearchAction","target":{"@type":"EntryPoint","urlTemplate":"https:\/\/my.stlflix.com\/?s={search_term_string}"},"query-input":{"@type":"PropertyValueSpecification","valueRequired":true,"valueName":"search_term_string"}}],"inLanguage":"es-ES"},{"@type":"Organization","@id":"https:\/\/my.stlflix.com\/#organization","name":"MyStore - By STLFLIX","url":"https:\/\/my.stlflix.com\/","logo":{"@type":"ImageObject","inLanguage":"es-ES","@id":"https:\/\/my.stlflix.com\/#\/schema\/logo\/image\/","url":"https:\/\/my.stlflix.com\/wp-content\/uploads\/2024\/06\/logo-mystore.png","contentUrl":"https:\/\/my.stlflix.com\/wp-content\/uploads\/2024\/06\/logo-mystore.png","width":150,"height":41,"caption":"MyStore - By STLFLIX"},"image":{"@id":"https:\/\/my.stlflix.com\/#\/schema\/logo\/image\/"},"sameAs":["https:\/\/www.facebook.com\/STLFLIX","https:\/\/www.instagram.com\/stlflix_\/","https:\/\/www.tiktok.com\/@stlflix"]}]}},"_links":{"self":[{"href":"https:\/\/my.stlflix.com\/es\/wp-json\/wp\/v2\/product\/453016","targetHints":{"allow":["GET"]}}],"collection":[{"href":"https:\/\/my.stlflix.com\/es\/wp-json\/wp\/v2\/product"}],"about":[{"href":"https:\/\/my.stlflix.com\/es\/wp-json\/wp\/v2\/types\/product"}],"replies":[{"embeddable":true,"href":"https:\/\/my.stlflix.com\/es\/wp-json\/wp\/v2\/comments?post=453016"}],"wp:featuredmedia":[{"embeddable":true,"href":"https:\/\/my.stlflix.com\/es\/wp-json\/wp\/v2\/media\/410884"}],"wp:attachment":[{"href":"https:\/\/my.stlflix.com\/es\/wp-json\/wp\/v2\/media?parent=453016"}],"wp:term":[{"taxonomy":"product_brand","embeddable":true,"href":"https:\/\/my.stlflix.com\/es\/wp-json\/wp\/v2\/product_brand?post=453016"},{"taxonomy":"product_cat","embeddable":true,"href":"https:\/\/my.stlflix.com\/es\/wp-json\/wp\/v2\/product_cat?post=453016"},{"taxonomy":"product_tag","embeddable":true,"href":"https:\/\/my.stlflix.com\/es\/wp-json\/wp\/v2\/product_tag?post=453016"}],"curies":[{"name":"wp","href":"https:\/\/api.w.org\/{rel}","templated":true}]}}