{"id":458188,"date":"2025-10-25T20:25:30","date_gmt":"2025-10-25T20:25:30","guid":{"rendered":"https:\/\/my.stlflix.com\/?post_type=product&#038;p=458188"},"modified":"2025-10-30T21:49:13","modified_gmt":"2025-10-30T21:49:13","slug":"lithophanie-10x15cm","status":"publish","type":"product","link":"https:\/\/my.stlflix.com\/es\/product\/lithophanie-10x15cm\/","title":{"rendered":"Lithophanie 10x15cm"},"content":{"rendered":"<p>\u26a0\ufe0f\u2728 Chaque lithophanie \u00e9tant unique, merci de me contacter avant toute commande pour que nous choisissions ensemble la photo et les options qui mettront le mieux votre souvenir en valeur.\u26a0\ufe0f<\/p>\n<p>Transformez vos photos en une \u0153uvre lumineuse unique !<\/p>\n<p>La lithophanie est une gravure 3D r\u00e9alis\u00e9e sur un mat\u00e9riau translucide : lorsqu\u2019elle est \u00e9clair\u00e9e, votre image appara\u00eet en nuances de lumi\u00e8re et d\u2019ombre, cr\u00e9ant un effet saisissant et po\u00e9tique.<\/p>\n<p>\ud83c\udf81 Une id\u00e9e cadeau parfaite pour un anniversaire, un mariage, la f\u00eate des m\u00e8res, ou pour garder un souvenir \u00e9ternel d\u2019un moment pr\u00e9cieux.<\/p>\n<p>Caract\u00e9ristiques :<\/p>\n<ul>\n<li>Fabrication artisanale avec impression 3D de haute pr\u00e9cision<\/li>\n<li>PLA blanc<\/li>\n<li>Compatible avec lumi\u00e8re LED ou naturelle<\/li>\n<\/ul>\n","protected":false},"excerpt":{"rendered":"<p>\u26a0\ufe0f\u2728 Chaque lithophanie \u00e9tant unique, merci de me contacter avant toute commande pour que nous choisissions ensemble la photo et les options qui mettront le mieux votre souvenir en valeur.\u26a0\ufe0f Transformez vos photos en une \u0153uvre lumineuse unique ! La lithophanie est une gravure 3D r\u00e9alis\u00e9e sur un mat\u00e9riau translucide : lorsqu\u2019elle est \u00e9clair\u00e9e, votre [&hellip;]<\/p>\n","protected":false},"featured_media":458194,"comment_status":"open","ping_status":"closed","template":"","meta":[],"product_brand":[],"product_cat":[15],"product_tag":[671],"class_list":{"0":"post-458188","1":"product","2":"type-product","3":"status-publish","4":"has-post-thumbnail","6":"product_cat-uncategorized","7":"product_tag-decoration-2","9":"first","10":"instock","11":"purchasable","12":"product-type-simple"},"yoast_head":"<!-- This site is optimized with the Yoast SEO plugin v25.1 - https:\/\/yoast.com\/wordpress\/plugins\/seo\/ -->\n<title>Lithophanie 10x15cm - MyStore - By STLFLIX<\/title>\n<meta name=\"robots\" content=\"index, follow, max-snippet:-1, max-image-preview:large, max-video-preview:-1\" \/>\n<link rel=\"canonical\" href=\"https:\/\/www.monitorstlflix.com\/product\/lithophanie-10x15cm\/\" \/>\n<meta property=\"og:locale\" content=\"es_ES\" \/>\n<meta property=\"og:type\" content=\"article\" \/>\n<meta property=\"og:title\" content=\"Lithophanie 10x15cm - MyStore - By STLFLIX\" \/>\n<meta property=\"og:description\" content=\"\u26a0\ufe0f\u2728 Chaque lithophanie \u00e9tant unique, merci de me contacter avant toute commande pour que nous choisissions ensemble la photo et les options qui mettront le mieux votre souvenir en valeur.\u26a0\ufe0f Transformez vos photos en une \u0153uvre lumineuse unique ! La lithophanie est une gravure 3D r\u00e9alis\u00e9e sur un mat\u00e9riau translucide : lorsqu\u2019elle est \u00e9clair\u00e9e, votre [&hellip;]\" \/>\n<meta property=\"og:url\" content=\"https:\/\/www.monitorstlflix.com\/product\/lithophanie-10x15cm\/\" \/>\n<meta property=\"og:site_name\" content=\"MyStore - By STLFLIX\" \/>\n<meta property=\"article:publisher\" content=\"https:\/\/www.facebook.com\/STLFLIX\" \/>\n<meta property=\"article:modified_time\" content=\"2025-10-30T21:49:13+00:00\" \/>\n<meta property=\"og:image\" content=\"https:\/\/www.monitorstlflix.com\/wp-content\/uploads\/2025\/10\/cropped-20251025_2024451-scaled-1.jpeg\" \/>\n\t<meta property=\"og:image:width\" content=\"1484\" \/>\n\t<meta property=\"og:image:height\" content=\"2247\" \/>\n\t<meta property=\"og:image:type\" content=\"image\/jpeg\" \/>\n<meta name=\"twitter:card\" content=\"summary_large_image\" \/>\n<meta name=\"twitter:label1\" content=\"Est. reading time\" \/>\n\t<meta name=\"twitter:data1\" content=\"1 minute\" \/>\n<script type=\"application\/ld+json\" class=\"yoast-schema-graph\">{\"@context\":\"https:\/\/schema.org\",\"@graph\":[{\"@type\":\"WebPage\",\"@id\":\"https:\/\/www.monitorstlflix.com\/product\/lithophanie-10x15cm\/\",\"url\":\"https:\/\/www.monitorstlflix.com\/product\/lithophanie-10x15cm\/\",\"name\":\"Lithophanie 10x15cm - MyStore - By STLFLIX\",\"isPartOf\":{\"@id\":\"https:\/\/my.stlflix.com\/#website\"},\"primaryImageOfPage\":{\"@id\":\"https:\/\/www.monitorstlflix.com\/product\/lithophanie-10x15cm\/#primaryimage\"},\"image\":{\"@id\":\"https:\/\/www.monitorstlflix.com\/product\/lithophanie-10x15cm\/#primaryimage\"},\"thumbnailUrl\":\"https:\/\/my.stlflix.com\/wp-content\/uploads\/2025\/10\/cropped-20251025_2024451-scaled-1.jpeg\",\"datePublished\":\"2025-10-25T20:25:30+00:00\",\"dateModified\":\"2025-10-30T21:49:13+00:00\",\"breadcrumb\":{\"@id\":\"https:\/\/www.monitorstlflix.com\/product\/lithophanie-10x15cm\/#breadcrumb\"},\"inLanguage\":\"es-ES\",\"potentialAction\":[{\"@type\":\"ReadAction\",\"target\":[\"https:\/\/www.monitorstlflix.com\/product\/lithophanie-10x15cm\/\"]}]},{\"@type\":\"ImageObject\",\"inLanguage\":\"es-ES\",\"@id\":\"https:\/\/www.monitorstlflix.com\/product\/lithophanie-10x15cm\/#primaryimage\",\"url\":\"https:\/\/my.stlflix.com\/wp-content\/uploads\/2025\/10\/cropped-20251025_2024451-scaled-1.jpeg\",\"contentUrl\":\"https:\/\/my.stlflix.com\/wp-content\/uploads\/2025\/10\/cropped-20251025_2024451-scaled-1.jpeg\",\"width\":1484,\"height\":2247},{\"@type\":\"BreadcrumbList\",\"@id\":\"https:\/\/www.monitorstlflix.com\/product\/lithophanie-10x15cm\/#breadcrumb\",\"itemListElement\":[{\"@type\":\"ListItem\",\"position\":1,\"name\":\"Home\",\"item\":\"https:\/\/www.stlflix-store.com\/\"},{\"@type\":\"ListItem\",\"position\":2,\"name\":\"Products\",\"item\":\"https:\/\/www.stlflix-store.com\/shop\/\"},{\"@type\":\"ListItem\",\"position\":3,\"name\":\"Lithophanie 10x15cm\"}]},{\"@type\":\"WebSite\",\"@id\":\"https:\/\/my.stlflix.com\/#website\",\"url\":\"https:\/\/my.stlflix.com\/\",\"name\":\"MyStore - By STLFLIX\",\"description\":\"\",\"publisher\":{\"@id\":\"https:\/\/my.stlflix.com\/#organization\"},\"potentialAction\":[{\"@type\":\"SearchAction\",\"target\":{\"@type\":\"EntryPoint\",\"urlTemplate\":\"https:\/\/my.stlflix.com\/?s={search_term_string}\"},\"query-input\":{\"@type\":\"PropertyValueSpecification\",\"valueRequired\":true,\"valueName\":\"search_term_string\"}}],\"inLanguage\":\"es-ES\"},{\"@type\":\"Organization\",\"@id\":\"https:\/\/my.stlflix.com\/#organization\",\"name\":\"MyStore - By STLFLIX\",\"url\":\"https:\/\/my.stlflix.com\/\",\"logo\":{\"@type\":\"ImageObject\",\"inLanguage\":\"es-ES\",\"@id\":\"https:\/\/my.stlflix.com\/#\/schema\/logo\/image\/\",\"url\":\"https:\/\/my.stlflix.com\/wp-content\/uploads\/2024\/06\/logo-mystore.png\",\"contentUrl\":\"https:\/\/my.stlflix.com\/wp-content\/uploads\/2024\/06\/logo-mystore.png\",\"width\":150,\"height\":41,\"caption\":\"MyStore - By STLFLIX\"},\"image\":{\"@id\":\"https:\/\/my.stlflix.com\/#\/schema\/logo\/image\/\"},\"sameAs\":[\"https:\/\/www.facebook.com\/STLFLIX\",\"https:\/\/www.instagram.com\/stlflix_\/\",\"https:\/\/www.tiktok.com\/@stlflix\"]}]}<\/script>\n<!-- \/ Yoast SEO plugin. -->","yoast_head_json":{"title":"Lithophanie 10x15cm - MyStore - By STLFLIX","robots":{"index":"index","follow":"follow","max-snippet":"max-snippet:-1","max-image-preview":"max-image-preview:large","max-video-preview":"max-video-preview:-1"},"canonical":"https:\/\/www.monitorstlflix.com\/product\/lithophanie-10x15cm\/","og_locale":"es_ES","og_type":"article","og_title":"Lithophanie 10x15cm - MyStore - By STLFLIX","og_description":"\u26a0\ufe0f\u2728 Chaque lithophanie \u00e9tant unique, merci de me contacter avant toute commande pour que nous choisissions ensemble la photo et les options qui mettront le mieux votre souvenir en valeur.\u26a0\ufe0f Transformez vos photos en une \u0153uvre lumineuse unique ! La lithophanie est une gravure 3D r\u00e9alis\u00e9e sur un mat\u00e9riau translucide : lorsqu\u2019elle est \u00e9clair\u00e9e, votre [&hellip;]","og_url":"https:\/\/www.monitorstlflix.com\/product\/lithophanie-10x15cm\/","og_site_name":"MyStore - By STLFLIX","article_publisher":"https:\/\/www.facebook.com\/STLFLIX","article_modified_time":"2025-10-30T21:49:13+00:00","og_image":[{"width":1484,"height":2247,"url":"https:\/\/www.monitorstlflix.com\/wp-content\/uploads\/2025\/10\/cropped-20251025_2024451-scaled-1.jpeg","type":"image\/jpeg"}],"twitter_card":"summary_large_image","twitter_misc":{"Est. reading time":"1 minute"},"schema":{"@context":"https:\/\/schema.org","@graph":[{"@type":"WebPage","@id":"https:\/\/www.monitorstlflix.com\/product\/lithophanie-10x15cm\/","url":"https:\/\/www.monitorstlflix.com\/product\/lithophanie-10x15cm\/","name":"Lithophanie 10x15cm - MyStore - By STLFLIX","isPartOf":{"@id":"https:\/\/my.stlflix.com\/#website"},"primaryImageOfPage":{"@id":"https:\/\/www.monitorstlflix.com\/product\/lithophanie-10x15cm\/#primaryimage"},"image":{"@id":"https:\/\/www.monitorstlflix.com\/product\/lithophanie-10x15cm\/#primaryimage"},"thumbnailUrl":"https:\/\/my.stlflix.com\/wp-content\/uploads\/2025\/10\/cropped-20251025_2024451-scaled-1.jpeg","datePublished":"2025-10-25T20:25:30+00:00","dateModified":"2025-10-30T21:49:13+00:00","breadcrumb":{"@id":"https:\/\/www.monitorstlflix.com\/product\/lithophanie-10x15cm\/#breadcrumb"},"inLanguage":"es-ES","potentialAction":[{"@type":"ReadAction","target":["https:\/\/www.monitorstlflix.com\/product\/lithophanie-10x15cm\/"]}]},{"@type":"ImageObject","inLanguage":"es-ES","@id":"https:\/\/www.monitorstlflix.com\/product\/lithophanie-10x15cm\/#primaryimage","url":"https:\/\/my.stlflix.com\/wp-content\/uploads\/2025\/10\/cropped-20251025_2024451-scaled-1.jpeg","contentUrl":"https:\/\/my.stlflix.com\/wp-content\/uploads\/2025\/10\/cropped-20251025_2024451-scaled-1.jpeg","width":1484,"height":2247},{"@type":"BreadcrumbList","@id":"https:\/\/www.monitorstlflix.com\/product\/lithophanie-10x15cm\/#breadcrumb","itemListElement":[{"@type":"ListItem","position":1,"name":"Home","item":"https:\/\/www.stlflix-store.com\/"},{"@type":"ListItem","position":2,"name":"Products","item":"https:\/\/www.stlflix-store.com\/shop\/"},{"@type":"ListItem","position":3,"name":"Lithophanie 10x15cm"}]},{"@type":"WebSite","@id":"https:\/\/my.stlflix.com\/#website","url":"https:\/\/my.stlflix.com\/","name":"MyStore - By STLFLIX","description":"","publisher":{"@id":"https:\/\/my.stlflix.com\/#organization"},"potentialAction":[{"@type":"SearchAction","target":{"@type":"EntryPoint","urlTemplate":"https:\/\/my.stlflix.com\/?s={search_term_string}"},"query-input":{"@type":"PropertyValueSpecification","valueRequired":true,"valueName":"search_term_string"}}],"inLanguage":"es-ES"},{"@type":"Organization","@id":"https:\/\/my.stlflix.com\/#organization","name":"MyStore - By STLFLIX","url":"https:\/\/my.stlflix.com\/","logo":{"@type":"ImageObject","inLanguage":"es-ES","@id":"https:\/\/my.stlflix.com\/#\/schema\/logo\/image\/","url":"https:\/\/my.stlflix.com\/wp-content\/uploads\/2024\/06\/logo-mystore.png","contentUrl":"https:\/\/my.stlflix.com\/wp-content\/uploads\/2024\/06\/logo-mystore.png","width":150,"height":41,"caption":"MyStore - By STLFLIX"},"image":{"@id":"https:\/\/my.stlflix.com\/#\/schema\/logo\/image\/"},"sameAs":["https:\/\/www.facebook.com\/STLFLIX","https:\/\/www.instagram.com\/stlflix_\/","https:\/\/www.tiktok.com\/@stlflix"]}]}},"_links":{"self":[{"href":"https:\/\/my.stlflix.com\/es\/wp-json\/wp\/v2\/product\/458188","targetHints":{"allow":["GET"]}}],"collection":[{"href":"https:\/\/my.stlflix.com\/es\/wp-json\/wp\/v2\/product"}],"about":[{"href":"https:\/\/my.stlflix.com\/es\/wp-json\/wp\/v2\/types\/product"}],"replies":[{"embeddable":true,"href":"https:\/\/my.stlflix.com\/es\/wp-json\/wp\/v2\/comments?post=458188"}],"wp:featuredmedia":[{"embeddable":true,"href":"https:\/\/my.stlflix.com\/es\/wp-json\/wp\/v2\/media\/458194"}],"wp:attachment":[{"href":"https:\/\/my.stlflix.com\/es\/wp-json\/wp\/v2\/media?parent=458188"}],"wp:term":[{"taxonomy":"product_brand","embeddable":true,"href":"https:\/\/my.stlflix.com\/es\/wp-json\/wp\/v2\/product_brand?post=458188"},{"taxonomy":"product_cat","embeddable":true,"href":"https:\/\/my.stlflix.com\/es\/wp-json\/wp\/v2\/product_cat?post=458188"},{"taxonomy":"product_tag","embeddable":true,"href":"https:\/\/my.stlflix.com\/es\/wp-json\/wp\/v2\/product_tag?post=458188"}],"curies":[{"name":"wp","href":"https:\/\/api.w.org\/{rel}","templated":true}]}}