{"id":458784,"date":"2025-10-27T17:39:48","date_gmt":"2025-10-27T17:39:48","guid":{"rendered":"https:\/\/my.stlflix.com\/?post_type=product&#038;p=458784"},"modified":"2025-10-27T18:01:08","modified_gmt":"2025-10-27T18:01:08","slug":"groot-porta-controle","status":"publish","type":"product","link":"https:\/\/my.stlflix.com\/es\/product\/groot-porta-controle\/","title":{"rendered":"Groot Porta controle"},"content":{"rendered":"<p>\ud83c\udf3f\u2728 \u201cEu sou Groot!\u201d \u2014 e agora ele tem uma nova miss\u00e3o: guardar seu controle com estilo! \ud83c\udfae\ud83d\udcaa<\/p>\n<p>Esse suporte incr\u00edvel foi feito em impress\u00e3o 3D, pintado \u00e0 m\u00e3o e pode ser do tamanho que voc\u00ea quiser!<br \/>\nAl\u00e9m de manter o setup organizado, ele \u00e9 um item de colecionador que deixa qualquer gamer com orgulho na estante \ud83d\ude0d<\/p>\n<p>Porque at\u00e9 o Groot sabe que controle jogado por a\u00ed\u2026 n\u00e3o d\u00e1, n\u00e9? \ud83d\ude02<\/p>\n","protected":false},"excerpt":{"rendered":"<p>\ud83c\udf3f\u2728 \u201cEu sou Groot!\u201d \u2014 e agora ele tem uma nova miss\u00e3o: guardar seu controle com estilo! \ud83c\udfae\ud83d\udcaa Esse suporte incr\u00edvel foi feito em impress\u00e3o 3D, pintado \u00e0 m\u00e3o e pode ser do tamanho que voc\u00ea quiser! Al\u00e9m de manter o setup organizado, ele \u00e9 um item de colecionador que deixa qualquer gamer com orgulho [&hellip;]<\/p>\n","protected":false},"featured_media":458810,"comment_status":"open","ping_status":"closed","template":"","meta":[],"product_brand":[],"product_cat":[15],"product_tag":[6022,6825,6827,6824,1525,849,6826,6048],"class_list":{"0":"post-458784","1":"product","2":"type-product","3":"status-publish","4":"has-post-thumbnail","6":"product_cat-uncategorized","7":"product_tag-decoracao-3","8":"product_tag-colecionador-geek","9":"product_tag-geekdecor","10":"product_tag-geekstyle","11":"product_tag-groot","12":"product_tag-hand-painted","13":"product_tag-setup-gamer","14":"product_tag-suporte-para-controle-de-video-game","16":"first","17":"onbackorder","18":"taxable","19":"shipping-taxable","20":"purchasable","21":"product-type-simple"},"yoast_head":"<!-- This site is optimized with the Yoast SEO plugin v25.1 - https:\/\/yoast.com\/wordpress\/plugins\/seo\/ -->\n<title>Groot Porta controle - MyStore - By STLFLIX<\/title>\n<meta name=\"robots\" content=\"index, follow, max-snippet:-1, max-image-preview:large, max-video-preview:-1\" \/>\n<link rel=\"canonical\" href=\"https:\/\/my.stlflix.com\/fr\/product\/groot-porta-controle\/\" \/>\n<meta property=\"og:locale\" content=\"es_ES\" \/>\n<meta property=\"og:type\" content=\"article\" \/>\n<meta property=\"og:title\" content=\"Groot Porta controle - MyStore - By STLFLIX\" \/>\n<meta property=\"og:description\" content=\"\ud83c\udf3f\u2728 \u201cEu sou Groot!\u201d \u2014 e agora ele tem uma nova miss\u00e3o: guardar seu controle com estilo! \ud83c\udfae\ud83d\udcaa Esse suporte incr\u00edvel foi feito em impress\u00e3o 3D, pintado \u00e0 m\u00e3o e pode ser do tamanho que voc\u00ea quiser! Al\u00e9m de manter o setup organizado, ele \u00e9 um item de colecionador que deixa qualquer gamer com orgulho [&hellip;]\" \/>\n<meta property=\"og:url\" content=\"https:\/\/my.stlflix.com\/fr\/product\/groot-porta-controle\/\" \/>\n<meta property=\"og:site_name\" content=\"MyStore - By STLFLIX\" \/>\n<meta property=\"article:publisher\" content=\"https:\/\/www.facebook.com\/STLFLIX\" \/>\n<meta property=\"article:modified_time\" content=\"2025-10-27T18:01:08+00:00\" \/>\n<meta property=\"og:image\" content=\"https:\/\/my.stlflix.com\/wp-content\/uploads\/2025\/10\/WhatsApp-Image-2025-10-27-at-14.35.51-2.jpeg\" \/>\n\t<meta property=\"og:image:width\" content=\"1200\" \/>\n\t<meta property=\"og:image:height\" content=\"1600\" \/>\n\t<meta property=\"og:image:type\" content=\"image\/jpeg\" \/>\n<meta name=\"twitter:card\" content=\"summary_large_image\" \/>\n<script type=\"application\/ld+json\" class=\"yoast-schema-graph\">{\"@context\":\"https:\/\/schema.org\",\"@graph\":[{\"@type\":\"WebPage\",\"@id\":\"https:\/\/my.stlflix.com\/fr\/product\/groot-porta-controle\/\",\"url\":\"https:\/\/my.stlflix.com\/fr\/product\/groot-porta-controle\/\",\"name\":\"Groot Porta controle - MyStore - By STLFLIX\",\"isPartOf\":{\"@id\":\"https:\/\/my.stlflix.com\/#website\"},\"primaryImageOfPage\":{\"@id\":\"https:\/\/my.stlflix.com\/fr\/product\/groot-porta-controle\/#primaryimage\"},\"image\":{\"@id\":\"https:\/\/my.stlflix.com\/fr\/product\/groot-porta-controle\/#primaryimage\"},\"thumbnailUrl\":\"https:\/\/my.stlflix.com\/wp-content\/uploads\/2025\/10\/WhatsApp-Image-2025-10-27-at-14.35.51-2.jpeg\",\"datePublished\":\"2025-10-27T17:39:48+00:00\",\"dateModified\":\"2025-10-27T18:01:08+00:00\",\"breadcrumb\":{\"@id\":\"https:\/\/my.stlflix.com\/fr\/product\/groot-porta-controle\/#breadcrumb\"},\"inLanguage\":\"es-ES\",\"potentialAction\":[{\"@type\":\"ReadAction\",\"target\":[\"https:\/\/my.stlflix.com\/fr\/product\/groot-porta-controle\/\"]}]},{\"@type\":\"ImageObject\",\"inLanguage\":\"es-ES\",\"@id\":\"https:\/\/my.stlflix.com\/fr\/product\/groot-porta-controle\/#primaryimage\",\"url\":\"https:\/\/my.stlflix.com\/wp-content\/uploads\/2025\/10\/WhatsApp-Image-2025-10-27-at-14.35.51-2.jpeg\",\"contentUrl\":\"https:\/\/my.stlflix.com\/wp-content\/uploads\/2025\/10\/WhatsApp-Image-2025-10-27-at-14.35.51-2.jpeg\",\"width\":1200,\"height\":1600},{\"@type\":\"BreadcrumbList\",\"@id\":\"https:\/\/my.stlflix.com\/fr\/product\/groot-porta-controle\/#breadcrumb\",\"itemListElement\":[{\"@type\":\"ListItem\",\"position\":1,\"name\":\"Home\",\"item\":\"https:\/\/www.stlflix-store.com\/\"},{\"@type\":\"ListItem\",\"position\":2,\"name\":\"Products\",\"item\":\"https:\/\/www.stlflix-store.com\/shop\/\"},{\"@type\":\"ListItem\",\"position\":3,\"name\":\"Groot Porta controle\"}]},{\"@type\":\"WebSite\",\"@id\":\"https:\/\/my.stlflix.com\/#website\",\"url\":\"https:\/\/my.stlflix.com\/\",\"name\":\"MyStore - By STLFLIX\",\"description\":\"\",\"publisher\":{\"@id\":\"https:\/\/my.stlflix.com\/#organization\"},\"potentialAction\":[{\"@type\":\"SearchAction\",\"target\":{\"@type\":\"EntryPoint\",\"urlTemplate\":\"https:\/\/my.stlflix.com\/?s={search_term_string}\"},\"query-input\":{\"@type\":\"PropertyValueSpecification\",\"valueRequired\":true,\"valueName\":\"search_term_string\"}}],\"inLanguage\":\"es-ES\"},{\"@type\":\"Organization\",\"@id\":\"https:\/\/my.stlflix.com\/#organization\",\"name\":\"MyStore - By STLFLIX\",\"url\":\"https:\/\/my.stlflix.com\/\",\"logo\":{\"@type\":\"ImageObject\",\"inLanguage\":\"es-ES\",\"@id\":\"https:\/\/my.stlflix.com\/#\/schema\/logo\/image\/\",\"url\":\"https:\/\/my.stlflix.com\/wp-content\/uploads\/2024\/06\/logo-mystore.png\",\"contentUrl\":\"https:\/\/my.stlflix.com\/wp-content\/uploads\/2024\/06\/logo-mystore.png\",\"width\":150,\"height\":41,\"caption\":\"MyStore - By STLFLIX\"},\"image\":{\"@id\":\"https:\/\/my.stlflix.com\/#\/schema\/logo\/image\/\"},\"sameAs\":[\"https:\/\/www.facebook.com\/STLFLIX\",\"https:\/\/www.instagram.com\/stlflix_\/\",\"https:\/\/www.tiktok.com\/@stlflix\"]}]}<\/script>\n<!-- \/ Yoast SEO plugin. -->","yoast_head_json":{"title":"Groot Porta controle - MyStore - By STLFLIX","robots":{"index":"index","follow":"follow","max-snippet":"max-snippet:-1","max-image-preview":"max-image-preview:large","max-video-preview":"max-video-preview:-1"},"canonical":"https:\/\/my.stlflix.com\/fr\/product\/groot-porta-controle\/","og_locale":"es_ES","og_type":"article","og_title":"Groot Porta controle - MyStore - By STLFLIX","og_description":"\ud83c\udf3f\u2728 \u201cEu sou Groot!\u201d \u2014 e agora ele tem uma nova miss\u00e3o: guardar seu controle com estilo! \ud83c\udfae\ud83d\udcaa Esse suporte incr\u00edvel foi feito em impress\u00e3o 3D, pintado \u00e0 m\u00e3o e pode ser do tamanho que voc\u00ea quiser! Al\u00e9m de manter o setup organizado, ele \u00e9 um item de colecionador que deixa qualquer gamer com orgulho [&hellip;]","og_url":"https:\/\/my.stlflix.com\/fr\/product\/groot-porta-controle\/","og_site_name":"MyStore - By STLFLIX","article_publisher":"https:\/\/www.facebook.com\/STLFLIX","article_modified_time":"2025-10-27T18:01:08+00:00","og_image":[{"width":1200,"height":1600,"url":"https:\/\/my.stlflix.com\/wp-content\/uploads\/2025\/10\/WhatsApp-Image-2025-10-27-at-14.35.51-2.jpeg","type":"image\/jpeg"}],"twitter_card":"summary_large_image","schema":{"@context":"https:\/\/schema.org","@graph":[{"@type":"WebPage","@id":"https:\/\/my.stlflix.com\/fr\/product\/groot-porta-controle\/","url":"https:\/\/my.stlflix.com\/fr\/product\/groot-porta-controle\/","name":"Groot Porta controle - MyStore - By STLFLIX","isPartOf":{"@id":"https:\/\/my.stlflix.com\/#website"},"primaryImageOfPage":{"@id":"https:\/\/my.stlflix.com\/fr\/product\/groot-porta-controle\/#primaryimage"},"image":{"@id":"https:\/\/my.stlflix.com\/fr\/product\/groot-porta-controle\/#primaryimage"},"thumbnailUrl":"https:\/\/my.stlflix.com\/wp-content\/uploads\/2025\/10\/WhatsApp-Image-2025-10-27-at-14.35.51-2.jpeg","datePublished":"2025-10-27T17:39:48+00:00","dateModified":"2025-10-27T18:01:08+00:00","breadcrumb":{"@id":"https:\/\/my.stlflix.com\/fr\/product\/groot-porta-controle\/#breadcrumb"},"inLanguage":"es-ES","potentialAction":[{"@type":"ReadAction","target":["https:\/\/my.stlflix.com\/fr\/product\/groot-porta-controle\/"]}]},{"@type":"ImageObject","inLanguage":"es-ES","@id":"https:\/\/my.stlflix.com\/fr\/product\/groot-porta-controle\/#primaryimage","url":"https:\/\/my.stlflix.com\/wp-content\/uploads\/2025\/10\/WhatsApp-Image-2025-10-27-at-14.35.51-2.jpeg","contentUrl":"https:\/\/my.stlflix.com\/wp-content\/uploads\/2025\/10\/WhatsApp-Image-2025-10-27-at-14.35.51-2.jpeg","width":1200,"height":1600},{"@type":"BreadcrumbList","@id":"https:\/\/my.stlflix.com\/fr\/product\/groot-porta-controle\/#breadcrumb","itemListElement":[{"@type":"ListItem","position":1,"name":"Home","item":"https:\/\/www.stlflix-store.com\/"},{"@type":"ListItem","position":2,"name":"Products","item":"https:\/\/www.stlflix-store.com\/shop\/"},{"@type":"ListItem","position":3,"name":"Groot Porta controle"}]},{"@type":"WebSite","@id":"https:\/\/my.stlflix.com\/#website","url":"https:\/\/my.stlflix.com\/","name":"MyStore - By STLFLIX","description":"","publisher":{"@id":"https:\/\/my.stlflix.com\/#organization"},"potentialAction":[{"@type":"SearchAction","target":{"@type":"EntryPoint","urlTemplate":"https:\/\/my.stlflix.com\/?s={search_term_string}"},"query-input":{"@type":"PropertyValueSpecification","valueRequired":true,"valueName":"search_term_string"}}],"inLanguage":"es-ES"},{"@type":"Organization","@id":"https:\/\/my.stlflix.com\/#organization","name":"MyStore - By STLFLIX","url":"https:\/\/my.stlflix.com\/","logo":{"@type":"ImageObject","inLanguage":"es-ES","@id":"https:\/\/my.stlflix.com\/#\/schema\/logo\/image\/","url":"https:\/\/my.stlflix.com\/wp-content\/uploads\/2024\/06\/logo-mystore.png","contentUrl":"https:\/\/my.stlflix.com\/wp-content\/uploads\/2024\/06\/logo-mystore.png","width":150,"height":41,"caption":"MyStore - By STLFLIX"},"image":{"@id":"https:\/\/my.stlflix.com\/#\/schema\/logo\/image\/"},"sameAs":["https:\/\/www.facebook.com\/STLFLIX","https:\/\/www.instagram.com\/stlflix_\/","https:\/\/www.tiktok.com\/@stlflix"]}]}},"_links":{"self":[{"href":"https:\/\/my.stlflix.com\/es\/wp-json\/wp\/v2\/product\/458784","targetHints":{"allow":["GET"]}}],"collection":[{"href":"https:\/\/my.stlflix.com\/es\/wp-json\/wp\/v2\/product"}],"about":[{"href":"https:\/\/my.stlflix.com\/es\/wp-json\/wp\/v2\/types\/product"}],"replies":[{"embeddable":true,"href":"https:\/\/my.stlflix.com\/es\/wp-json\/wp\/v2\/comments?post=458784"}],"wp:featuredmedia":[{"embeddable":true,"href":"https:\/\/my.stlflix.com\/es\/wp-json\/wp\/v2\/media\/458810"}],"wp:attachment":[{"href":"https:\/\/my.stlflix.com\/es\/wp-json\/wp\/v2\/media?parent=458784"}],"wp:term":[{"taxonomy":"product_brand","embeddable":true,"href":"https:\/\/my.stlflix.com\/es\/wp-json\/wp\/v2\/product_brand?post=458784"},{"taxonomy":"product_cat","embeddable":true,"href":"https:\/\/my.stlflix.com\/es\/wp-json\/wp\/v2\/product_cat?post=458784"},{"taxonomy":"product_tag","embeddable":true,"href":"https:\/\/my.stlflix.com\/es\/wp-json\/wp\/v2\/product_tag?post=458784"}],"curies":[{"name":"wp","href":"https:\/\/api.w.org\/{rel}","templated":true}]}}