{"id":461997,"date":"2025-10-30T20:40:51","date_gmt":"2025-10-30T20:40:51","guid":{"rendered":"https:\/\/my.stlflix.com\/?post_type=product&#038;p=461997"},"modified":"2025-10-30T20:53:45","modified_gmt":"2025-10-30T20:53:45","slug":"skeleton-t-rex-6903ca2cdf124","status":"publish","type":"product","link":"https:\/\/my.stlflix.com\/es\/product\/skeleton-t-rex-6903ca2cdf124\/","title":{"rendered":"Tiranossauro Rex"},"content":{"rendered":"<p>O melhor presente para um aventureiro nato.<\/p>\n<p>Tambem disponivel em diferentes tamanhos na vers\u00e3o personalizada, at\u00e9 30 centimentos de altura, para essa vers\u00e3o favor entrar em contato pelo Zap, email ou chat da loja.<\/p>\n","protected":false},"excerpt":{"rendered":"<p>O melhor presente para um aventureiro nato. Tambem disponivel em diferentes tamanhos na vers\u00e3o personalizada, at\u00e9 30 centimentos de altura, para essa vers\u00e3o favor entrar em contato pelo Zap, email ou chat da loja.<\/p>\n","protected":false},"featured_media":454618,"comment_status":"open","ping_status":"closed","template":"","meta":[],"product_brand":[],"product_cat":[15],"product_tag":[425,6839,690,2622],"class_list":{"0":"post-461997","1":"product","2":"type-product","3":"status-publish","4":"has-post-thumbnail","6":"product_cat-uncategorized","7":"product_tag-brinquedo-articulado","8":"product_tag-brinquedo-sensorial","9":"product_tag-brinquedos","10":"product_tag-dinossauros","12":"first","13":"instock","14":"taxable","15":"shipping-taxable","16":"product-type-variable"},"yoast_head":"<!-- This site is optimized with the Yoast SEO plugin v25.1 - https:\/\/yoast.com\/wordpress\/plugins\/seo\/ -->\n<title>Tiranossauro Rex - MyStore - By STLFLIX<\/title>\n<meta name=\"robots\" content=\"index, follow, max-snippet:-1, max-image-preview:large, max-video-preview:-1\" \/>\n<link rel=\"canonical\" href=\"https:\/\/www.my3dstore-example.com\/product\/skeleton-t-rex-6903ca2cdf124\/\" \/>\n<meta property=\"og:locale\" content=\"es_ES\" \/>\n<meta property=\"og:type\" content=\"article\" \/>\n<meta property=\"og:title\" content=\"Tiranossauro Rex - MyStore - By STLFLIX\" \/>\n<meta property=\"og:description\" content=\"O melhor presente para um aventureiro nato. Tambem disponivel em diferentes tamanhos na vers\u00e3o personalizada, at\u00e9 30 centimentos de altura, para essa vers\u00e3o favor entrar em contato pelo Zap, email ou chat da loja.\" \/>\n<meta property=\"og:url\" content=\"https:\/\/www.my3dstore-example.com\/product\/skeleton-t-rex-6903ca2cdf124\/\" \/>\n<meta property=\"og:site_name\" content=\"MyStore - By STLFLIX\" \/>\n<meta property=\"article:publisher\" content=\"https:\/\/www.facebook.com\/STLFLIX\" \/>\n<meta property=\"article:modified_time\" content=\"2025-10-30T20:53:45+00:00\" \/>\n<meta property=\"og:image\" content=\"https:\/\/www.my3dstore-example.com\/wp-content\/uploads\/2025\/10\/Skeleton_T_Rex_thumb_18c74b02c0.png\" \/>\n\t<meta property=\"og:image:width\" content=\"1080\" \/>\n\t<meta property=\"og:image:height\" content=\"1350\" \/>\n\t<meta property=\"og:image:type\" content=\"image\/png\" \/>\n<meta name=\"twitter:card\" content=\"summary_large_image\" \/>\n<script type=\"application\/ld+json\" class=\"yoast-schema-graph\">{\"@context\":\"https:\/\/schema.org\",\"@graph\":[{\"@type\":\"WebPage\",\"@id\":\"https:\/\/www.my3dstore-example.com\/product\/skeleton-t-rex-6903ca2cdf124\/\",\"url\":\"https:\/\/www.my3dstore-example.com\/product\/skeleton-t-rex-6903ca2cdf124\/\",\"name\":\"Tiranossauro Rex - MyStore - By STLFLIX\",\"isPartOf\":{\"@id\":\"https:\/\/my.stlflix.com\/#website\"},\"primaryImageOfPage\":{\"@id\":\"https:\/\/www.my3dstore-example.com\/product\/skeleton-t-rex-6903ca2cdf124\/#primaryimage\"},\"image\":{\"@id\":\"https:\/\/www.my3dstore-example.com\/product\/skeleton-t-rex-6903ca2cdf124\/#primaryimage\"},\"thumbnailUrl\":\"https:\/\/my.stlflix.com\/wp-content\/uploads\/2025\/10\/Skeleton_T_Rex_thumb_18c74b02c0.png\",\"datePublished\":\"2025-10-30T20:40:51+00:00\",\"dateModified\":\"2025-10-30T20:53:45+00:00\",\"breadcrumb\":{\"@id\":\"https:\/\/www.my3dstore-example.com\/product\/skeleton-t-rex-6903ca2cdf124\/#breadcrumb\"},\"inLanguage\":\"es-ES\",\"potentialAction\":[{\"@type\":\"ReadAction\",\"target\":[\"https:\/\/www.my3dstore-example.com\/product\/skeleton-t-rex-6903ca2cdf124\/\"]}]},{\"@type\":\"ImageObject\",\"inLanguage\":\"es-ES\",\"@id\":\"https:\/\/www.my3dstore-example.com\/product\/skeleton-t-rex-6903ca2cdf124\/#primaryimage\",\"url\":\"https:\/\/my.stlflix.com\/wp-content\/uploads\/2025\/10\/Skeleton_T_Rex_thumb_18c74b02c0.png\",\"contentUrl\":\"https:\/\/my.stlflix.com\/wp-content\/uploads\/2025\/10\/Skeleton_T_Rex_thumb_18c74b02c0.png\",\"width\":1080,\"height\":1350},{\"@type\":\"BreadcrumbList\",\"@id\":\"https:\/\/www.my3dstore-example.com\/product\/skeleton-t-rex-6903ca2cdf124\/#breadcrumb\",\"itemListElement\":[{\"@type\":\"ListItem\",\"position\":1,\"name\":\"Home\",\"item\":\"https:\/\/www.stlflix-store.com\/\"},{\"@type\":\"ListItem\",\"position\":2,\"name\":\"Products\",\"item\":\"https:\/\/www.stlflix-store.com\/shop\/\"},{\"@type\":\"ListItem\",\"position\":3,\"name\":\"Tiranossauro Rex\"}]},{\"@type\":\"WebSite\",\"@id\":\"https:\/\/my.stlflix.com\/#website\",\"url\":\"https:\/\/my.stlflix.com\/\",\"name\":\"MyStore - By STLFLIX\",\"description\":\"\",\"publisher\":{\"@id\":\"https:\/\/my.stlflix.com\/#organization\"},\"potentialAction\":[{\"@type\":\"SearchAction\",\"target\":{\"@type\":\"EntryPoint\",\"urlTemplate\":\"https:\/\/my.stlflix.com\/?s={search_term_string}\"},\"query-input\":{\"@type\":\"PropertyValueSpecification\",\"valueRequired\":true,\"valueName\":\"search_term_string\"}}],\"inLanguage\":\"es-ES\"},{\"@type\":\"Organization\",\"@id\":\"https:\/\/my.stlflix.com\/#organization\",\"name\":\"MyStore - By STLFLIX\",\"url\":\"https:\/\/my.stlflix.com\/\",\"logo\":{\"@type\":\"ImageObject\",\"inLanguage\":\"es-ES\",\"@id\":\"https:\/\/my.stlflix.com\/#\/schema\/logo\/image\/\",\"url\":\"https:\/\/my.stlflix.com\/wp-content\/uploads\/2024\/06\/logo-mystore.png\",\"contentUrl\":\"https:\/\/my.stlflix.com\/wp-content\/uploads\/2024\/06\/logo-mystore.png\",\"width\":150,\"height\":41,\"caption\":\"MyStore - By STLFLIX\"},\"image\":{\"@id\":\"https:\/\/my.stlflix.com\/#\/schema\/logo\/image\/\"},\"sameAs\":[\"https:\/\/www.facebook.com\/STLFLIX\",\"https:\/\/www.instagram.com\/stlflix_\/\",\"https:\/\/www.tiktok.com\/@stlflix\"]}]}<\/script>\n<!-- \/ Yoast SEO plugin. -->","yoast_head_json":{"title":"Tiranossauro Rex - MyStore - By STLFLIX","robots":{"index":"index","follow":"follow","max-snippet":"max-snippet:-1","max-image-preview":"max-image-preview:large","max-video-preview":"max-video-preview:-1"},"canonical":"https:\/\/www.my3dstore-example.com\/product\/skeleton-t-rex-6903ca2cdf124\/","og_locale":"es_ES","og_type":"article","og_title":"Tiranossauro Rex - MyStore - By STLFLIX","og_description":"O melhor presente para um aventureiro nato. Tambem disponivel em diferentes tamanhos na vers\u00e3o personalizada, at\u00e9 30 centimentos de altura, para essa vers\u00e3o favor entrar em contato pelo Zap, email ou chat da loja.","og_url":"https:\/\/www.my3dstore-example.com\/product\/skeleton-t-rex-6903ca2cdf124\/","og_site_name":"MyStore - By STLFLIX","article_publisher":"https:\/\/www.facebook.com\/STLFLIX","article_modified_time":"2025-10-30T20:53:45+00:00","og_image":[{"width":1080,"height":1350,"url":"https:\/\/www.my3dstore-example.com\/wp-content\/uploads\/2025\/10\/Skeleton_T_Rex_thumb_18c74b02c0.png","type":"image\/png"}],"twitter_card":"summary_large_image","schema":{"@context":"https:\/\/schema.org","@graph":[{"@type":"WebPage","@id":"https:\/\/www.my3dstore-example.com\/product\/skeleton-t-rex-6903ca2cdf124\/","url":"https:\/\/www.my3dstore-example.com\/product\/skeleton-t-rex-6903ca2cdf124\/","name":"Tiranossauro Rex - MyStore - By STLFLIX","isPartOf":{"@id":"https:\/\/my.stlflix.com\/#website"},"primaryImageOfPage":{"@id":"https:\/\/www.my3dstore-example.com\/product\/skeleton-t-rex-6903ca2cdf124\/#primaryimage"},"image":{"@id":"https:\/\/www.my3dstore-example.com\/product\/skeleton-t-rex-6903ca2cdf124\/#primaryimage"},"thumbnailUrl":"https:\/\/my.stlflix.com\/wp-content\/uploads\/2025\/10\/Skeleton_T_Rex_thumb_18c74b02c0.png","datePublished":"2025-10-30T20:40:51+00:00","dateModified":"2025-10-30T20:53:45+00:00","breadcrumb":{"@id":"https:\/\/www.my3dstore-example.com\/product\/skeleton-t-rex-6903ca2cdf124\/#breadcrumb"},"inLanguage":"es-ES","potentialAction":[{"@type":"ReadAction","target":["https:\/\/www.my3dstore-example.com\/product\/skeleton-t-rex-6903ca2cdf124\/"]}]},{"@type":"ImageObject","inLanguage":"es-ES","@id":"https:\/\/www.my3dstore-example.com\/product\/skeleton-t-rex-6903ca2cdf124\/#primaryimage","url":"https:\/\/my.stlflix.com\/wp-content\/uploads\/2025\/10\/Skeleton_T_Rex_thumb_18c74b02c0.png","contentUrl":"https:\/\/my.stlflix.com\/wp-content\/uploads\/2025\/10\/Skeleton_T_Rex_thumb_18c74b02c0.png","width":1080,"height":1350},{"@type":"BreadcrumbList","@id":"https:\/\/www.my3dstore-example.com\/product\/skeleton-t-rex-6903ca2cdf124\/#breadcrumb","itemListElement":[{"@type":"ListItem","position":1,"name":"Home","item":"https:\/\/www.stlflix-store.com\/"},{"@type":"ListItem","position":2,"name":"Products","item":"https:\/\/www.stlflix-store.com\/shop\/"},{"@type":"ListItem","position":3,"name":"Tiranossauro Rex"}]},{"@type":"WebSite","@id":"https:\/\/my.stlflix.com\/#website","url":"https:\/\/my.stlflix.com\/","name":"MyStore - By STLFLIX","description":"","publisher":{"@id":"https:\/\/my.stlflix.com\/#organization"},"potentialAction":[{"@type":"SearchAction","target":{"@type":"EntryPoint","urlTemplate":"https:\/\/my.stlflix.com\/?s={search_term_string}"},"query-input":{"@type":"PropertyValueSpecification","valueRequired":true,"valueName":"search_term_string"}}],"inLanguage":"es-ES"},{"@type":"Organization","@id":"https:\/\/my.stlflix.com\/#organization","name":"MyStore - By STLFLIX","url":"https:\/\/my.stlflix.com\/","logo":{"@type":"ImageObject","inLanguage":"es-ES","@id":"https:\/\/my.stlflix.com\/#\/schema\/logo\/image\/","url":"https:\/\/my.stlflix.com\/wp-content\/uploads\/2024\/06\/logo-mystore.png","contentUrl":"https:\/\/my.stlflix.com\/wp-content\/uploads\/2024\/06\/logo-mystore.png","width":150,"height":41,"caption":"MyStore - By STLFLIX"},"image":{"@id":"https:\/\/my.stlflix.com\/#\/schema\/logo\/image\/"},"sameAs":["https:\/\/www.facebook.com\/STLFLIX","https:\/\/www.instagram.com\/stlflix_\/","https:\/\/www.tiktok.com\/@stlflix"]}]}},"_links":{"self":[{"href":"https:\/\/my.stlflix.com\/es\/wp-json\/wp\/v2\/product\/461997","targetHints":{"allow":["GET"]}}],"collection":[{"href":"https:\/\/my.stlflix.com\/es\/wp-json\/wp\/v2\/product"}],"about":[{"href":"https:\/\/my.stlflix.com\/es\/wp-json\/wp\/v2\/types\/product"}],"replies":[{"embeddable":true,"href":"https:\/\/my.stlflix.com\/es\/wp-json\/wp\/v2\/comments?post=461997"}],"wp:featuredmedia":[{"embeddable":true,"href":"https:\/\/my.stlflix.com\/es\/wp-json\/wp\/v2\/media\/454618"}],"wp:attachment":[{"href":"https:\/\/my.stlflix.com\/es\/wp-json\/wp\/v2\/media?parent=461997"}],"wp:term":[{"taxonomy":"product_brand","embeddable":true,"href":"https:\/\/my.stlflix.com\/es\/wp-json\/wp\/v2\/product_brand?post=461997"},{"taxonomy":"product_cat","embeddable":true,"href":"https:\/\/my.stlflix.com\/es\/wp-json\/wp\/v2\/product_cat?post=461997"},{"taxonomy":"product_tag","embeddable":true,"href":"https:\/\/my.stlflix.com\/es\/wp-json\/wp\/v2\/product_tag?post=461997"}],"curies":[{"name":"wp","href":"https:\/\/api.w.org\/{rel}","templated":true}]}}