{"id":462499,"date":"2025-10-31T14:10:42","date_gmt":"2025-10-31T14:10:42","guid":{"rendered":"https:\/\/my.stlflix.com\/?post_type=product&#038;p=462499"},"modified":"2025-10-31T14:10:43","modified_gmt":"2025-10-31T14:10:43","slug":"incensario-elefante-sabedoria-interior","status":"publish","type":"product","link":"https:\/\/my.stlflix.com\/es\/product\/incensario-elefante-sabedoria-interior\/","title":{"rendered":"Incens\u00e1rio Elefante &#8220;Sabedoria Interior&#8221;"},"content":{"rendered":"<blockquote><p><span dir=\"auto\" style=\"vertical-align: inherit\"><span dir=\"auto\" style=\"vertical-align: inherit\"><span dir=\"auto\" style=\"vertical-align: inherit\"><span dir=\"auto\" style=\"vertical-align: inherit\">Mais do que uma est\u00e1tua, um s\u00edmbolo. O <\/span><\/span><\/span><\/span><b><span dir=\"auto\" style=\"vertical-align: inherit\"><span dir=\"auto\" style=\"vertical-align: inherit\"><span dir=\"auto\" style=\"vertical-align: inherit\"><span dir=\"auto\" style=\"vertical-align: inherit\">Incens\u00e1rio Elefante &#8220;Sabedoria Interior&#8221;<\/span><\/span><\/span><\/span><\/b><span dir=\"auto\" style=\"vertical-align: inherit\"><span dir=\"auto\" style=\"vertical-align: inherit\"><span dir=\"auto\" style=\"vertical-align: inherit\"><span dir=\"auto\" style=\"vertical-align: inherit\"> \u00e9 uma pe\u00e7a desenhada para trazer paz, aroma e um significado profundo para seu lar.<\/span><\/span><\/span><\/span><\/p>\n<p><span dir=\"auto\" style=\"vertical-align: inherit\"><span dir=\"auto\" style=\"vertical-align: inherit\"><span dir=\"auto\" style=\"vertical-align: inherit\"><span dir=\"auto\" style=\"vertical-align: inherit\">Sua beleza come\u00e7a no exterior, com um acabamento premium de apar\u00eancia marmorizada e um corpo vazado com detalhes ornamentais. Mas seu verdadeiro segredo est\u00e1 dentro: ao olhar pelas aberturas, voc\u00ea descobre um <\/span><\/span><\/span><\/span><b><span dir=\"auto\" style=\"vertical-align: inherit\"><span dir=\"auto\" style=\"vertical-align: inherit\"><span dir=\"auto\" style=\"vertical-align: inherit\"><span dir=\"auto\" style=\"vertical-align: inherit\">pequeno elefante (filhote)<\/span><\/span><\/span><\/span><\/b><span dir=\"auto\" style=\"vertical-align: inherit\"><span dir=\"auto\" style=\"vertical-align: inherit\"><span dir=\"auto\" style=\"vertical-align: inherit\"><span dir=\"auto\" style=\"vertical-align: inherit\"> em seu interior, simbolizando a prote\u00e7\u00e3o, a fam\u00edlia e a sabedoria que guardamos.<\/span><\/span><\/span><\/span><\/p>\n<p><b><span dir=\"auto\" style=\"vertical-align: inherit\"><span dir=\"auto\" style=\"vertical-align: inherit\"><span dir=\"auto\" style=\"vertical-align: inherit\"><span dir=\"auto\" style=\"vertical-align: inherit\">Uma Pe\u00e7a Multifuncional:<\/span><\/span><\/span><\/span><\/b><\/p>\n<ol start=\"1\">\n<li><b><span dir=\"auto\" style=\"vertical-align: inherit\"><span dir=\"auto\" style=\"vertical-align: inherit\"><span dir=\"auto\" style=\"vertical-align: inherit\"><span dir=\"auto\" style=\"vertical-align: inherit\">Incens\u00e1rio de Vareta:<\/span><\/span><\/span><\/span><\/b><span dir=\"auto\" style=\"vertical-align: inherit\"><span dir=\"auto\" style=\"vertical-align: inherit\"><span dir=\"auto\" style=\"vertical-align: inherit\"><span dir=\"auto\" style=\"vertical-align: inherit\"> A tromba do elefante, erguida para atrair sorte, serve como um suporte perfeito para seu incenso em vareta.<\/span><\/span><\/span><\/span><\/li>\n<li><b><span dir=\"auto\" style=\"vertical-align: inherit\"><span dir=\"auto\" style=\"vertical-align: inherit\"><span dir=\"auto\" style=\"vertical-align: inherit\"><span dir=\"auto\" style=\"vertical-align: inherit\">Incens\u00e1rio\/Difusor Superior:<\/span><\/span><\/span><\/span><\/b><span dir=\"auto\" style=\"vertical-align: inherit\"><span dir=\"auto\" style=\"vertical-align: inherit\"><span dir=\"auto\" style=\"vertical-align: inherit\"><span dir=\"auto\" style=\"vertical-align: inherit\"> A bacia em suas costas \u00e9 ideal para incensos do tipo cone, cristais ou pedras arom\u00e1ticas.<\/span><\/span><\/span><\/span><\/li>\n<\/ol>\n<p><b><span dir=\"auto\" style=\"vertical-align: inherit\"><span dir=\"auto\" style=\"vertical-align: inherit\"><span dir=\"auto\" style=\"vertical-align: inherit\"><span dir=\"auto\" style=\"vertical-align: inherit\">Tecnologia Multi-Color:<\/span><\/span><\/span><\/span><\/b><span dir=\"auto\" style=\"vertical-align: inherit\"><span dir=\"auto\" style=\"vertical-align: inherit\"><span dir=\"auto\" style=\"vertical-align: inherit\"><span dir=\"auto\" style=\"vertical-align: inherit\"> Fabricada em impress\u00e3o 3D, esta pe\u00e7a combina materiais e cores de forma \u00fanica: o elefante maior em um nobre tom marmorizado e o elefante interior em uma cor vibrante (como cobre ou laranja), vis\u00edvel atrav\u00e9s dos v\u00e3os.<\/span><\/span><\/span><\/span><\/p>\n<p><span dir=\"auto\" style=\"vertical-align: inherit\"><span dir=\"auto\" style=\"vertical-align: inherit\"><span dir=\"auto\" style=\"vertical-align: inherit\"><span dir=\"auto\" style=\"vertical-align: inherit\">\u00c9 o toque de sofistica\u00e7\u00e3o e significa que faltava no seu cantinho de medita\u00e7\u00e3o, yoga ou sala de estar.<\/span><\/span><\/span><\/span><\/p>\n<hr \/>\n<p><b><span dir=\"auto\" style=\"vertical-align: inherit\"><span dir=\"auto\" style=\"vertical-align: inherit\"><span dir=\"auto\" style=\"vertical-align: inherit\"><span dir=\"auto\" style=\"vertical-align: inherit\">Especif.:<\/span><\/span><\/span><\/span><\/b><\/p><\/blockquote>\n<ul>\n<li><b><span dir=\"auto\" style=\"vertical-align: inherit\"><span dir=\"auto\" style=\"vertical-align: inherit\"><span dir=\"auto\" style=\"vertical-align: inherit\"><span dir=\"auto\" style=\"vertical-align: inherit\">Material:<\/span><\/span><\/span><\/span><\/b><span dir=\"auto\" style=\"vertical-align: inherit\"><span dir=\"auto\" style=\"vertical-align: inherit\"><span dir=\"auto\" style=\"vertical-align: inherit\"><span dir=\"auto\" style=\"vertical-align: inherit\"> Pl\u00e1stico PLA Premium<\/span><\/span><\/span><\/span><\/li>\n<li><b><span dir=\"auto\" style=\"vertical-align: inherit\"><span dir=\"auto\" style=\"vertical-align: inherit\"><span dir=\"auto\" style=\"vertical-align: inherit\"><span dir=\"auto\" style=\"vertical-align: inherit\">Cor (Exemplo):<\/span><\/span><\/span><\/span><\/b><span dir=\"auto\" style=\"vertical-align: inherit\"><span dir=\"auto\" style=\"vertical-align: inherit\"><span dir=\"auto\" style=\"vertical-align: inherit\"><span dir=\"auto\" style=\"vertical-align: inherit\"> Elefante externo em M\u00e1rmore, Elefante interno em Cobre.<\/span><\/span><\/span><\/span><\/li>\n<li><b><span dir=\"auto\" style=\"vertical-align: inherit\"><span dir=\"auto\" style=\"vertical-align: inherit\"><span dir=\"auto\" style=\"vertical-align: inherit\"><span dir=\"auto\" style=\"vertical-align: inherit\">Dimens\u00f5es:<\/span><\/span><\/span><\/span><\/b><span dir=\"auto\" style=\"vertical-align: inherit\"><span dir=\"auto\" style=\"vertical-align: inherit\"><span dir=\"auto\" style=\"vertical-align: inherit\"><span dir=\"auto\" style=\"vertical-align: inherit\"> 20,4cm x 16,2cm x 21,20cm (Comprimento x Largura x Altura)<\/span><\/span><\/span><\/span><\/li>\n<li><b><span dir=\"auto\" style=\"vertical-align: inherit\"><span dir=\"auto\" style=\"vertical-align: inherit\"><span dir=\"auto\" style=\"vertical-align: inherit\"><span dir=\"auto\" style=\"vertical-align: inherit\">Inclui:<\/span><\/span><\/span><\/span><\/b><span dir=\"auto\" style=\"vertical-align: inherit\"><span dir=\"auto\" style=\"vertical-align: inherit\"><span dir=\"auto\" style=\"vertical-align: inherit\"><span dir=\"auto\" style=\"vertical-align: inherit\"> 1x Incens\u00e1rio Elefante &#8220;Sabedoria Interior&#8221;.<\/span><\/span><\/span><\/span><\/li>\n<\/ul>\n<blockquote><p><i><span dir=\"auto\" style=\"vertical-align: inherit\"><span dir=\"auto\" style=\"vertical-align: inherit\"><span dir=\"auto\" style=\"vertical-align: inherit\"><span dir=\"auto\" style=\"vertical-align: inherit\">(N\u00e3o inclui incensos ou outros itens marcados nas fotos).<\/span><\/span><\/span><\/span><\/i><\/p>\n<p><b>\u26a0\ufe0f<span dir=\"auto\" style=\"vertical-align: inherit\"><span dir=\"auto\" style=\"vertical-align: inherit\"><span dir=\"auto\" style=\"vertical-align: inherit\"><span dir=\"auto\" style=\"vertical-align: inherit\">AVISO DE SEGURAN\u00c7A IMPORTANTE:<\/span><\/span><\/span><\/span><\/b><span dir=\"auto\" style=\"vertical-align: inherit\"><span dir=\"auto\" style=\"vertical-align: inherit\"><span dir=\"auto\" style=\"vertical-align: inherit\"><span dir=\"auto\" style=\"vertical-align: inherit\"> Esta pe\u00e7a <\/span><\/span><\/span><\/span><b><span dir=\"auto\" style=\"vertical-align: inherit\"><span dir=\"auto\" style=\"vertical-align: inherit\"><span dir=\"auto\" style=\"vertical-align: inherit\"><span dir=\"auto\" style=\"vertical-align: inherit\">N\u00c3O \u00e9 uma porta-vela<\/span><\/span><\/span><\/span><\/b><span dir=\"auto\" style=\"vertical-align: inherit\"><span dir=\"auto\" style=\"vertical-align: inherit\"><span dir=\"auto\" style=\"vertical-align: inherit\"><span dir=\"auto\" style=\"vertical-align: inherit\"> . O elefante interno \u00e9 de pl\u00e1stico. <\/span><\/span><\/span><\/span><b><span dir=\"auto\" style=\"vertical-align: inherit\"><span dir=\"auto\" style=\"vertical-align: inherit\"><span dir=\"auto\" style=\"vertical-align: inherit\"><span dir=\"auto\" style=\"vertical-align: inherit\">Nunca utilize velas de fogo reais<\/span><\/span><\/span><\/span><\/b><span dir=\"auto\" style=\"vertical-align: inherit\"><span dir=\"auto\" style=\"vertical-align: inherit\"><span dir=\"auto\" style=\"vertical-align: inherit\"><span dir=\"auto\" style=\"vertical-align: inherit\"> dentro ou perto da pe\u00e7a, pois o calor ir\u00e1 deformar e derreter extremo ou material, com risco de inc\u00eandio.<\/span><\/span><\/span><\/span><\/p><\/blockquote>\n","protected":false},"excerpt":{"rendered":"<p>Mais do que uma est\u00e1tua, um s\u00edmbolo. O Incens\u00e1rio Elefante &#8220;Sabedoria Interior&#8221; \u00e9 uma pe\u00e7a desenhada para trazer paz, aroma e um significado profundo para seu lar. Sua beleza come\u00e7a no exterior, com um acabamento premium de apar\u00eancia marmorizada e um corpo vazado com detalhes ornamentais. Mas seu verdadeiro segredo est\u00e1 dentro: ao olhar pelas [&hellip;]<\/p>\n","protected":false},"featured_media":462513,"comment_status":"open","ping_status":"closed","template":"","meta":[],"product_brand":[],"product_cat":[25],"product_tag":[738],"class_list":{"0":"post-462499","1":"product","2":"type-product","3":"status-publish","4":"has-post-thumbnail","6":"product_cat-home-decor","7":"product_tag-decoracao","9":"first","10":"onbackorder","11":"taxable","12":"shipping-taxable","13":"purchasable","14":"product-type-simple"},"yoast_head":"<!-- This site is optimized with the Yoast SEO plugin v25.1 - https:\/\/yoast.com\/wordpress\/plugins\/seo\/ -->\n<title>Incens\u00e1rio Elefante &quot;Sabedoria Interior&quot; | Cri\u00e1tika Impress\u00f5es 3D<\/title>\n<meta name=\"description\" content=\"Descubra o Incens\u00e1rio Elefante &quot;Sabedoria Interior&quot;. Pe\u00e7a 2 em 1 (vareta e cone) com acabamento m\u00e1rmore e um filhote secreto dentro. \ud83e\uddd8\u200d\u2640\ufe0f Paz e aroma! Cri\u00e1tika Impress\u00f5es 3D.\" \/>\n<meta name=\"robots\" content=\"index, follow, max-snippet:-1, max-image-preview:large, max-video-preview:-1\" \/>\n<link rel=\"canonical\" href=\"https:\/\/my.stlflix.com\/product\/incensario-elefante-sabedoria-interior\/\" \/>\n<meta property=\"og:locale\" content=\"es_ES\" \/>\n<meta property=\"og:type\" content=\"article\" \/>\n<meta property=\"og:title\" content=\"Incens\u00e1rio Elefante &quot;Sabedoria Interior&quot; | Cri\u00e1tika Impress\u00f5es 3D\" \/>\n<meta property=\"og:description\" content=\"Descubra o Incens\u00e1rio Elefante &quot;Sabedoria Interior&quot;. Pe\u00e7a 2 em 1 (vareta e cone) com acabamento m\u00e1rmore e um filhote secreto dentro. \ud83e\uddd8\u200d\u2640\ufe0f Paz e aroma! Cri\u00e1tika Impress\u00f5es 3D.\" \/>\n<meta property=\"og:url\" content=\"https:\/\/my.stlflix.com\/product\/incensario-elefante-sabedoria-interior\/\" \/>\n<meta property=\"og:site_name\" content=\"MyStore - By STLFLIX\" \/>\n<meta property=\"article:publisher\" content=\"https:\/\/www.facebook.com\/STLFLIX\" \/>\n<meta property=\"article:modified_time\" content=\"2025-10-31T14:10:43+00:00\" \/>\n<meta property=\"og:image\" content=\"https:\/\/my.stlflix.com\/wp-content\/uploads\/2025\/10\/cropped-The_Wisdom_Within_Incense_Holder_1_ba6d5b1b9b.jpg\" \/>\n\t<meta property=\"og:image:width\" content=\"1079\" \/>\n\t<meta property=\"og:image:height\" content=\"1350\" \/>\n\t<meta property=\"og:image:type\" content=\"image\/jpeg\" \/>\n<meta name=\"twitter:card\" content=\"summary_large_image\" \/>\n<meta name=\"twitter:label1\" content=\"Est. reading time\" \/>\n\t<meta name=\"twitter:data1\" content=\"1 minute\" \/>\n<script type=\"application\/ld+json\" class=\"yoast-schema-graph\">{\"@context\":\"https:\/\/schema.org\",\"@graph\":[{\"@type\":\"WebPage\",\"@id\":\"https:\/\/my.stlflix.com\/product\/incensario-elefante-sabedoria-interior\/\",\"url\":\"https:\/\/my.stlflix.com\/product\/incensario-elefante-sabedoria-interior\/\",\"name\":\"Incens\u00e1rio Elefante \\\"Sabedoria Interior\\\" | Cri\u00e1tika Impress\u00f5es 3D\",\"isPartOf\":{\"@id\":\"https:\/\/my.stlflix.com\/#website\"},\"primaryImageOfPage\":{\"@id\":\"https:\/\/my.stlflix.com\/product\/incensario-elefante-sabedoria-interior\/#primaryimage\"},\"image\":{\"@id\":\"https:\/\/my.stlflix.com\/product\/incensario-elefante-sabedoria-interior\/#primaryimage\"},\"thumbnailUrl\":\"https:\/\/my.stlflix.com\/wp-content\/uploads\/2025\/10\/cropped-The_Wisdom_Within_Incense_Holder_1_ba6d5b1b9b.jpg\",\"datePublished\":\"2025-10-31T14:10:42+00:00\",\"dateModified\":\"2025-10-31T14:10:43+00:00\",\"description\":\"Descubra o Incens\u00e1rio Elefante \\\"Sabedoria Interior\\\". Pe\u00e7a 2 em 1 (vareta e cone) com acabamento m\u00e1rmore e um filhote secreto dentro. \ud83e\uddd8\u200d\u2640\ufe0f Paz e aroma! Cri\u00e1tika Impress\u00f5es 3D.\",\"breadcrumb\":{\"@id\":\"https:\/\/my.stlflix.com\/product\/incensario-elefante-sabedoria-interior\/#breadcrumb\"},\"inLanguage\":\"es-ES\",\"potentialAction\":[{\"@type\":\"ReadAction\",\"target\":[\"https:\/\/my.stlflix.com\/product\/incensario-elefante-sabedoria-interior\/\"]}]},{\"@type\":\"ImageObject\",\"inLanguage\":\"es-ES\",\"@id\":\"https:\/\/my.stlflix.com\/product\/incensario-elefante-sabedoria-interior\/#primaryimage\",\"url\":\"https:\/\/my.stlflix.com\/wp-content\/uploads\/2025\/10\/cropped-The_Wisdom_Within_Incense_Holder_1_ba6d5b1b9b.jpg\",\"contentUrl\":\"https:\/\/my.stlflix.com\/wp-content\/uploads\/2025\/10\/cropped-The_Wisdom_Within_Incense_Holder_1_ba6d5b1b9b.jpg\",\"width\":1079,\"height\":1350},{\"@type\":\"BreadcrumbList\",\"@id\":\"https:\/\/my.stlflix.com\/product\/incensario-elefante-sabedoria-interior\/#breadcrumb\",\"itemListElement\":[{\"@type\":\"ListItem\",\"position\":1,\"name\":\"Home\",\"item\":\"https:\/\/www.stlflix-store.com\/\"},{\"@type\":\"ListItem\",\"position\":2,\"name\":\"Products\",\"item\":\"https:\/\/www.stlflix-store.com\/shop\/\"},{\"@type\":\"ListItem\",\"position\":3,\"name\":\"Incens\u00e1rio Elefante &#8220;Sabedoria Interior&#8221;\"}]},{\"@type\":\"WebSite\",\"@id\":\"https:\/\/my.stlflix.com\/#website\",\"url\":\"https:\/\/my.stlflix.com\/\",\"name\":\"MyStore - By STLFLIX\",\"description\":\"\",\"publisher\":{\"@id\":\"https:\/\/my.stlflix.com\/#organization\"},\"potentialAction\":[{\"@type\":\"SearchAction\",\"target\":{\"@type\":\"EntryPoint\",\"urlTemplate\":\"https:\/\/my.stlflix.com\/?s={search_term_string}\"},\"query-input\":{\"@type\":\"PropertyValueSpecification\",\"valueRequired\":true,\"valueName\":\"search_term_string\"}}],\"inLanguage\":\"es-ES\"},{\"@type\":\"Organization\",\"@id\":\"https:\/\/my.stlflix.com\/#organization\",\"name\":\"MyStore - By STLFLIX\",\"url\":\"https:\/\/my.stlflix.com\/\",\"logo\":{\"@type\":\"ImageObject\",\"inLanguage\":\"es-ES\",\"@id\":\"https:\/\/my.stlflix.com\/#\/schema\/logo\/image\/\",\"url\":\"https:\/\/my.stlflix.com\/wp-content\/uploads\/2024\/06\/logo-mystore.png\",\"contentUrl\":\"https:\/\/my.stlflix.com\/wp-content\/uploads\/2024\/06\/logo-mystore.png\",\"width\":150,\"height\":41,\"caption\":\"MyStore - By STLFLIX\"},\"image\":{\"@id\":\"https:\/\/my.stlflix.com\/#\/schema\/logo\/image\/\"},\"sameAs\":[\"https:\/\/www.facebook.com\/STLFLIX\",\"https:\/\/www.instagram.com\/stlflix_\/\",\"https:\/\/www.tiktok.com\/@stlflix\"]}]}<\/script>\n<!-- \/ Yoast SEO plugin. -->","yoast_head_json":{"title":"Incens\u00e1rio Elefante \"Sabedoria Interior\" | Cri\u00e1tika Impress\u00f5es 3D","description":"Descubra o Incens\u00e1rio Elefante \"Sabedoria Interior\". Pe\u00e7a 2 em 1 (vareta e cone) com acabamento m\u00e1rmore e um filhote secreto dentro. \ud83e\uddd8\u200d\u2640\ufe0f Paz e aroma! Cri\u00e1tika Impress\u00f5es 3D.","robots":{"index":"index","follow":"follow","max-snippet":"max-snippet:-1","max-image-preview":"max-image-preview:large","max-video-preview":"max-video-preview:-1"},"canonical":"https:\/\/my.stlflix.com\/product\/incensario-elefante-sabedoria-interior\/","og_locale":"es_ES","og_type":"article","og_title":"Incens\u00e1rio Elefante \"Sabedoria Interior\" | Cri\u00e1tika Impress\u00f5es 3D","og_description":"Descubra o Incens\u00e1rio Elefante \"Sabedoria Interior\". Pe\u00e7a 2 em 1 (vareta e cone) com acabamento m\u00e1rmore e um filhote secreto dentro. \ud83e\uddd8\u200d\u2640\ufe0f Paz e aroma! Cri\u00e1tika Impress\u00f5es 3D.","og_url":"https:\/\/my.stlflix.com\/product\/incensario-elefante-sabedoria-interior\/","og_site_name":"MyStore - By STLFLIX","article_publisher":"https:\/\/www.facebook.com\/STLFLIX","article_modified_time":"2025-10-31T14:10:43+00:00","og_image":[{"width":1079,"height":1350,"url":"https:\/\/my.stlflix.com\/wp-content\/uploads\/2025\/10\/cropped-The_Wisdom_Within_Incense_Holder_1_ba6d5b1b9b.jpg","type":"image\/jpeg"}],"twitter_card":"summary_large_image","twitter_misc":{"Est. reading time":"1 minute"},"schema":{"@context":"https:\/\/schema.org","@graph":[{"@type":"WebPage","@id":"https:\/\/my.stlflix.com\/product\/incensario-elefante-sabedoria-interior\/","url":"https:\/\/my.stlflix.com\/product\/incensario-elefante-sabedoria-interior\/","name":"Incens\u00e1rio Elefante \"Sabedoria Interior\" | Cri\u00e1tika Impress\u00f5es 3D","isPartOf":{"@id":"https:\/\/my.stlflix.com\/#website"},"primaryImageOfPage":{"@id":"https:\/\/my.stlflix.com\/product\/incensario-elefante-sabedoria-interior\/#primaryimage"},"image":{"@id":"https:\/\/my.stlflix.com\/product\/incensario-elefante-sabedoria-interior\/#primaryimage"},"thumbnailUrl":"https:\/\/my.stlflix.com\/wp-content\/uploads\/2025\/10\/cropped-The_Wisdom_Within_Incense_Holder_1_ba6d5b1b9b.jpg","datePublished":"2025-10-31T14:10:42+00:00","dateModified":"2025-10-31T14:10:43+00:00","description":"Descubra o Incens\u00e1rio Elefante \"Sabedoria Interior\". Pe\u00e7a 2 em 1 (vareta e cone) com acabamento m\u00e1rmore e um filhote secreto dentro. \ud83e\uddd8\u200d\u2640\ufe0f Paz e aroma! Cri\u00e1tika Impress\u00f5es 3D.","breadcrumb":{"@id":"https:\/\/my.stlflix.com\/product\/incensario-elefante-sabedoria-interior\/#breadcrumb"},"inLanguage":"es-ES","potentialAction":[{"@type":"ReadAction","target":["https:\/\/my.stlflix.com\/product\/incensario-elefante-sabedoria-interior\/"]}]},{"@type":"ImageObject","inLanguage":"es-ES","@id":"https:\/\/my.stlflix.com\/product\/incensario-elefante-sabedoria-interior\/#primaryimage","url":"https:\/\/my.stlflix.com\/wp-content\/uploads\/2025\/10\/cropped-The_Wisdom_Within_Incense_Holder_1_ba6d5b1b9b.jpg","contentUrl":"https:\/\/my.stlflix.com\/wp-content\/uploads\/2025\/10\/cropped-The_Wisdom_Within_Incense_Holder_1_ba6d5b1b9b.jpg","width":1079,"height":1350},{"@type":"BreadcrumbList","@id":"https:\/\/my.stlflix.com\/product\/incensario-elefante-sabedoria-interior\/#breadcrumb","itemListElement":[{"@type":"ListItem","position":1,"name":"Home","item":"https:\/\/www.stlflix-store.com\/"},{"@type":"ListItem","position":2,"name":"Products","item":"https:\/\/www.stlflix-store.com\/shop\/"},{"@type":"ListItem","position":3,"name":"Incens\u00e1rio Elefante &#8220;Sabedoria Interior&#8221;"}]},{"@type":"WebSite","@id":"https:\/\/my.stlflix.com\/#website","url":"https:\/\/my.stlflix.com\/","name":"MyStore - By STLFLIX","description":"","publisher":{"@id":"https:\/\/my.stlflix.com\/#organization"},"potentialAction":[{"@type":"SearchAction","target":{"@type":"EntryPoint","urlTemplate":"https:\/\/my.stlflix.com\/?s={search_term_string}"},"query-input":{"@type":"PropertyValueSpecification","valueRequired":true,"valueName":"search_term_string"}}],"inLanguage":"es-ES"},{"@type":"Organization","@id":"https:\/\/my.stlflix.com\/#organization","name":"MyStore - By STLFLIX","url":"https:\/\/my.stlflix.com\/","logo":{"@type":"ImageObject","inLanguage":"es-ES","@id":"https:\/\/my.stlflix.com\/#\/schema\/logo\/image\/","url":"https:\/\/my.stlflix.com\/wp-content\/uploads\/2024\/06\/logo-mystore.png","contentUrl":"https:\/\/my.stlflix.com\/wp-content\/uploads\/2024\/06\/logo-mystore.png","width":150,"height":41,"caption":"MyStore - By STLFLIX"},"image":{"@id":"https:\/\/my.stlflix.com\/#\/schema\/logo\/image\/"},"sameAs":["https:\/\/www.facebook.com\/STLFLIX","https:\/\/www.instagram.com\/stlflix_\/","https:\/\/www.tiktok.com\/@stlflix"]}]}},"_links":{"self":[{"href":"https:\/\/my.stlflix.com\/es\/wp-json\/wp\/v2\/product\/462499","targetHints":{"allow":["GET"]}}],"collection":[{"href":"https:\/\/my.stlflix.com\/es\/wp-json\/wp\/v2\/product"}],"about":[{"href":"https:\/\/my.stlflix.com\/es\/wp-json\/wp\/v2\/types\/product"}],"replies":[{"embeddable":true,"href":"https:\/\/my.stlflix.com\/es\/wp-json\/wp\/v2\/comments?post=462499"}],"wp:featuredmedia":[{"embeddable":true,"href":"https:\/\/my.stlflix.com\/es\/wp-json\/wp\/v2\/media\/462513"}],"wp:attachment":[{"href":"https:\/\/my.stlflix.com\/es\/wp-json\/wp\/v2\/media?parent=462499"}],"wp:term":[{"taxonomy":"product_brand","embeddable":true,"href":"https:\/\/my.stlflix.com\/es\/wp-json\/wp\/v2\/product_brand?post=462499"},{"taxonomy":"product_cat","embeddable":true,"href":"https:\/\/my.stlflix.com\/es\/wp-json\/wp\/v2\/product_cat?post=462499"},{"taxonomy":"product_tag","embeddable":true,"href":"https:\/\/my.stlflix.com\/es\/wp-json\/wp\/v2\/product_tag?post=462499"}],"curies":[{"name":"wp","href":"https:\/\/api.w.org\/{rel}","templated":true}]}}