{"id":467731,"date":"2025-11-06T07:32:43","date_gmt":"2025-11-06T07:32:43","guid":{"rendered":"https:\/\/my.stlflix.com\/?post_type=product&#038;p=467731"},"modified":"2025-11-08T07:39:42","modified_gmt":"2025-11-08T07:39:42","slug":"jack-o-lanty-690c4d8e45928","status":"publish","type":"product","link":"https:\/\/my.stlflix.com\/es\/product\/jack-o-lanty-690c4d8e45928\/","title":{"rendered":"Jack o&#8217; Lanty &#8211; Pumkin Kid &#8211; Anty Collection"},"content":{"rendered":"<h2 style=\"text-align: center\">\ud83c\udf83 Figurine &#8220;Pumkin Kid&#8221; (Anty Collection)<\/h2>\n<p>&nbsp;<\/p>\n<p style=\"text-align: center\">Adorable mais ronchon ! \ud83d\ude20 Ne vous fiez pas \u00e0 son air grincheux : ce petit personnage Chibi est la touche de malice indispensable pour votre int\u00e9rieur.<\/p>\n<p style=\"text-align: center\">Con\u00e7u pour les collectionneurs de figurines d\u00e9cal\u00e9es, il est parfait pour injecter du caract\u00e8re dans votre d\u00e9coration, que ce soit pour la saison \ud83c\udf42 ou pour un style d\u00e9cal\u00e9 toute l&#8217;ann\u00e9e.<\/p>\n<p style=\"text-align: center\"><b>Simplement irr\u00e9sistible !\u2728<\/b><\/p>\n","protected":false},"excerpt":{"rendered":"<p>\ud83c\udf83 Figurine &#8220;Pumkin Kid&#8221; (Anty Collection) &nbsp; Adorable mais ronchon ! \ud83d\ude20 Ne vous fiez pas \u00e0 son air grincheux : ce petit personnage Chibi est la touche de malice indispensable pour votre int\u00e9rieur. Con\u00e7u pour les collectionneurs de figurines d\u00e9cal\u00e9es, il est parfait pour injecter du caract\u00e8re dans votre d\u00e9coration, que ce soit pour [&hellip;]<\/p>\n","protected":false},"featured_media":448125,"comment_status":"open","ping_status":"closed","template":"","meta":[],"product_brand":[],"product_cat":[15],"product_tag":[6394,6449,6926,277,276,386,6245],"class_list":{"0":"post-467731","1":"product","2":"type-product","3":"status-publish","4":"has-post-thumbnail","6":"product_cat-uncategorized","7":"product_tag-premium-collector-miniature","8":"product_tag-anty","9":"product_tag-anty-collection","10":"product_tag-miniatura","11":"product_tag-miniature","12":"product_tag-miniatures","13":"product_tag-miniatures-tiny-small-medium","15":"first","16":"instock","17":"taxable","18":"shipping-taxable","19":"purchasable","20":"product-type-simple"},"yoast_head":"<!-- This site is optimized with the Yoast SEO plugin v25.1 - https:\/\/yoast.com\/wordpress\/plugins\/seo\/ -->\n<title>Jack o&#039; Lanty - Pumkin Kid - Anty Collection - MyStore - By STLFLIX<\/title>\n<meta name=\"robots\" content=\"index, follow, max-snippet:-1, max-image-preview:large, max-video-preview:-1\" \/>\n<link rel=\"canonical\" href=\"https:\/\/www.monitorstlflix.com\/product\/jack-o-lanty-690c4d8e45928\/\" \/>\n<meta property=\"og:locale\" content=\"es_ES\" \/>\n<meta property=\"og:type\" content=\"article\" \/>\n<meta property=\"og:title\" content=\"Jack o&#039; Lanty - Pumkin Kid - Anty Collection - MyStore - By STLFLIX\" \/>\n<meta property=\"og:description\" content=\"\ud83c\udf83 Figurine &#8220;Pumkin Kid&#8221; (Anty Collection) &nbsp; Adorable mais ronchon ! \ud83d\ude20 Ne vous fiez pas \u00e0 son air grincheux : ce petit personnage Chibi est la touche de malice indispensable pour votre int\u00e9rieur. Con\u00e7u pour les collectionneurs de figurines d\u00e9cal\u00e9es, il est parfait pour injecter du caract\u00e8re dans votre d\u00e9coration, que ce soit pour [&hellip;]\" \/>\n<meta property=\"og:url\" content=\"https:\/\/www.monitorstlflix.com\/product\/jack-o-lanty-690c4d8e45928\/\" \/>\n<meta property=\"og:site_name\" content=\"MyStore - By STLFLIX\" \/>\n<meta property=\"article:publisher\" content=\"https:\/\/www.facebook.com\/STLFLIX\" \/>\n<meta property=\"article:modified_time\" content=\"2025-11-08T07:39:42+00:00\" \/>\n<meta property=\"og:image\" content=\"https:\/\/www.monitorstlflix.com\/wp-content\/uploads\/2025\/10\/Jack_o_Lanty_thumb_8d334f9ce8.png\" \/>\n\t<meta property=\"og:image:width\" content=\"1080\" \/>\n\t<meta property=\"og:image:height\" content=\"1350\" \/>\n\t<meta property=\"og:image:type\" content=\"image\/png\" \/>\n<meta name=\"twitter:card\" content=\"summary_large_image\" \/>\n<script type=\"application\/ld+json\" class=\"yoast-schema-graph\">{\"@context\":\"https:\/\/schema.org\",\"@graph\":[{\"@type\":\"WebPage\",\"@id\":\"https:\/\/www.monitorstlflix.com\/product\/jack-o-lanty-690c4d8e45928\/\",\"url\":\"https:\/\/www.monitorstlflix.com\/product\/jack-o-lanty-690c4d8e45928\/\",\"name\":\"Jack o' Lanty - Pumkin Kid - Anty Collection - MyStore - By STLFLIX\",\"isPartOf\":{\"@id\":\"https:\/\/my.stlflix.com\/#website\"},\"primaryImageOfPage\":{\"@id\":\"https:\/\/www.monitorstlflix.com\/product\/jack-o-lanty-690c4d8e45928\/#primaryimage\"},\"image\":{\"@id\":\"https:\/\/www.monitorstlflix.com\/product\/jack-o-lanty-690c4d8e45928\/#primaryimage\"},\"thumbnailUrl\":\"https:\/\/my.stlflix.com\/wp-content\/uploads\/2025\/10\/Jack_o_Lanty_thumb_8d334f9ce8.png\",\"datePublished\":\"2025-11-06T07:32:43+00:00\",\"dateModified\":\"2025-11-08T07:39:42+00:00\",\"breadcrumb\":{\"@id\":\"https:\/\/www.monitorstlflix.com\/product\/jack-o-lanty-690c4d8e45928\/#breadcrumb\"},\"inLanguage\":\"es-ES\",\"potentialAction\":[{\"@type\":\"ReadAction\",\"target\":[\"https:\/\/www.monitorstlflix.com\/product\/jack-o-lanty-690c4d8e45928\/\"]}]},{\"@type\":\"ImageObject\",\"inLanguage\":\"es-ES\",\"@id\":\"https:\/\/www.monitorstlflix.com\/product\/jack-o-lanty-690c4d8e45928\/#primaryimage\",\"url\":\"https:\/\/my.stlflix.com\/wp-content\/uploads\/2025\/10\/Jack_o_Lanty_thumb_8d334f9ce8.png\",\"contentUrl\":\"https:\/\/my.stlflix.com\/wp-content\/uploads\/2025\/10\/Jack_o_Lanty_thumb_8d334f9ce8.png\",\"width\":1080,\"height\":1350},{\"@type\":\"BreadcrumbList\",\"@id\":\"https:\/\/www.monitorstlflix.com\/product\/jack-o-lanty-690c4d8e45928\/#breadcrumb\",\"itemListElement\":[{\"@type\":\"ListItem\",\"position\":1,\"name\":\"Home\",\"item\":\"https:\/\/www.stlflix-store.com\/\"},{\"@type\":\"ListItem\",\"position\":2,\"name\":\"Products\",\"item\":\"https:\/\/www.stlflix-store.com\/shop\/\"},{\"@type\":\"ListItem\",\"position\":3,\"name\":\"Jack o&#8217; Lanty &#8211; Pumkin Kid &#8211; Anty Collection\"}]},{\"@type\":\"WebSite\",\"@id\":\"https:\/\/my.stlflix.com\/#website\",\"url\":\"https:\/\/my.stlflix.com\/\",\"name\":\"MyStore - By STLFLIX\",\"description\":\"\",\"publisher\":{\"@id\":\"https:\/\/my.stlflix.com\/#organization\"},\"potentialAction\":[{\"@type\":\"SearchAction\",\"target\":{\"@type\":\"EntryPoint\",\"urlTemplate\":\"https:\/\/my.stlflix.com\/?s={search_term_string}\"},\"query-input\":{\"@type\":\"PropertyValueSpecification\",\"valueRequired\":true,\"valueName\":\"search_term_string\"}}],\"inLanguage\":\"es-ES\"},{\"@type\":\"Organization\",\"@id\":\"https:\/\/my.stlflix.com\/#organization\",\"name\":\"MyStore - By STLFLIX\",\"url\":\"https:\/\/my.stlflix.com\/\",\"logo\":{\"@type\":\"ImageObject\",\"inLanguage\":\"es-ES\",\"@id\":\"https:\/\/my.stlflix.com\/#\/schema\/logo\/image\/\",\"url\":\"https:\/\/my.stlflix.com\/wp-content\/uploads\/2024\/06\/logo-mystore.png\",\"contentUrl\":\"https:\/\/my.stlflix.com\/wp-content\/uploads\/2024\/06\/logo-mystore.png\",\"width\":150,\"height\":41,\"caption\":\"MyStore - By STLFLIX\"},\"image\":{\"@id\":\"https:\/\/my.stlflix.com\/#\/schema\/logo\/image\/\"},\"sameAs\":[\"https:\/\/www.facebook.com\/STLFLIX\",\"https:\/\/www.instagram.com\/stlflix_\/\",\"https:\/\/www.tiktok.com\/@stlflix\"]}]}<\/script>\n<!-- \/ Yoast SEO plugin. -->","yoast_head_json":{"title":"Jack o' Lanty - Pumkin Kid - Anty Collection - MyStore - By STLFLIX","robots":{"index":"index","follow":"follow","max-snippet":"max-snippet:-1","max-image-preview":"max-image-preview:large","max-video-preview":"max-video-preview:-1"},"canonical":"https:\/\/www.monitorstlflix.com\/product\/jack-o-lanty-690c4d8e45928\/","og_locale":"es_ES","og_type":"article","og_title":"Jack o' Lanty - Pumkin Kid - Anty Collection - MyStore - By STLFLIX","og_description":"\ud83c\udf83 Figurine &#8220;Pumkin Kid&#8221; (Anty Collection) &nbsp; Adorable mais ronchon ! \ud83d\ude20 Ne vous fiez pas \u00e0 son air grincheux : ce petit personnage Chibi est la touche de malice indispensable pour votre int\u00e9rieur. Con\u00e7u pour les collectionneurs de figurines d\u00e9cal\u00e9es, il est parfait pour injecter du caract\u00e8re dans votre d\u00e9coration, que ce soit pour [&hellip;]","og_url":"https:\/\/www.monitorstlflix.com\/product\/jack-o-lanty-690c4d8e45928\/","og_site_name":"MyStore - By STLFLIX","article_publisher":"https:\/\/www.facebook.com\/STLFLIX","article_modified_time":"2025-11-08T07:39:42+00:00","og_image":[{"width":1080,"height":1350,"url":"https:\/\/www.monitorstlflix.com\/wp-content\/uploads\/2025\/10\/Jack_o_Lanty_thumb_8d334f9ce8.png","type":"image\/png"}],"twitter_card":"summary_large_image","schema":{"@context":"https:\/\/schema.org","@graph":[{"@type":"WebPage","@id":"https:\/\/www.monitorstlflix.com\/product\/jack-o-lanty-690c4d8e45928\/","url":"https:\/\/www.monitorstlflix.com\/product\/jack-o-lanty-690c4d8e45928\/","name":"Jack o' Lanty - Pumkin Kid - Anty Collection - MyStore - By STLFLIX","isPartOf":{"@id":"https:\/\/my.stlflix.com\/#website"},"primaryImageOfPage":{"@id":"https:\/\/www.monitorstlflix.com\/product\/jack-o-lanty-690c4d8e45928\/#primaryimage"},"image":{"@id":"https:\/\/www.monitorstlflix.com\/product\/jack-o-lanty-690c4d8e45928\/#primaryimage"},"thumbnailUrl":"https:\/\/my.stlflix.com\/wp-content\/uploads\/2025\/10\/Jack_o_Lanty_thumb_8d334f9ce8.png","datePublished":"2025-11-06T07:32:43+00:00","dateModified":"2025-11-08T07:39:42+00:00","breadcrumb":{"@id":"https:\/\/www.monitorstlflix.com\/product\/jack-o-lanty-690c4d8e45928\/#breadcrumb"},"inLanguage":"es-ES","potentialAction":[{"@type":"ReadAction","target":["https:\/\/www.monitorstlflix.com\/product\/jack-o-lanty-690c4d8e45928\/"]}]},{"@type":"ImageObject","inLanguage":"es-ES","@id":"https:\/\/www.monitorstlflix.com\/product\/jack-o-lanty-690c4d8e45928\/#primaryimage","url":"https:\/\/my.stlflix.com\/wp-content\/uploads\/2025\/10\/Jack_o_Lanty_thumb_8d334f9ce8.png","contentUrl":"https:\/\/my.stlflix.com\/wp-content\/uploads\/2025\/10\/Jack_o_Lanty_thumb_8d334f9ce8.png","width":1080,"height":1350},{"@type":"BreadcrumbList","@id":"https:\/\/www.monitorstlflix.com\/product\/jack-o-lanty-690c4d8e45928\/#breadcrumb","itemListElement":[{"@type":"ListItem","position":1,"name":"Home","item":"https:\/\/www.stlflix-store.com\/"},{"@type":"ListItem","position":2,"name":"Products","item":"https:\/\/www.stlflix-store.com\/shop\/"},{"@type":"ListItem","position":3,"name":"Jack o&#8217; Lanty &#8211; Pumkin Kid &#8211; Anty Collection"}]},{"@type":"WebSite","@id":"https:\/\/my.stlflix.com\/#website","url":"https:\/\/my.stlflix.com\/","name":"MyStore - By STLFLIX","description":"","publisher":{"@id":"https:\/\/my.stlflix.com\/#organization"},"potentialAction":[{"@type":"SearchAction","target":{"@type":"EntryPoint","urlTemplate":"https:\/\/my.stlflix.com\/?s={search_term_string}"},"query-input":{"@type":"PropertyValueSpecification","valueRequired":true,"valueName":"search_term_string"}}],"inLanguage":"es-ES"},{"@type":"Organization","@id":"https:\/\/my.stlflix.com\/#organization","name":"MyStore - By STLFLIX","url":"https:\/\/my.stlflix.com\/","logo":{"@type":"ImageObject","inLanguage":"es-ES","@id":"https:\/\/my.stlflix.com\/#\/schema\/logo\/image\/","url":"https:\/\/my.stlflix.com\/wp-content\/uploads\/2024\/06\/logo-mystore.png","contentUrl":"https:\/\/my.stlflix.com\/wp-content\/uploads\/2024\/06\/logo-mystore.png","width":150,"height":41,"caption":"MyStore - By STLFLIX"},"image":{"@id":"https:\/\/my.stlflix.com\/#\/schema\/logo\/image\/"},"sameAs":["https:\/\/www.facebook.com\/STLFLIX","https:\/\/www.instagram.com\/stlflix_\/","https:\/\/www.tiktok.com\/@stlflix"]}]}},"_links":{"self":[{"href":"https:\/\/my.stlflix.com\/es\/wp-json\/wp\/v2\/product\/467731","targetHints":{"allow":["GET"]}}],"collection":[{"href":"https:\/\/my.stlflix.com\/es\/wp-json\/wp\/v2\/product"}],"about":[{"href":"https:\/\/my.stlflix.com\/es\/wp-json\/wp\/v2\/types\/product"}],"replies":[{"embeddable":true,"href":"https:\/\/my.stlflix.com\/es\/wp-json\/wp\/v2\/comments?post=467731"}],"wp:featuredmedia":[{"embeddable":true,"href":"https:\/\/my.stlflix.com\/es\/wp-json\/wp\/v2\/media\/448125"}],"wp:attachment":[{"href":"https:\/\/my.stlflix.com\/es\/wp-json\/wp\/v2\/media?parent=467731"}],"wp:term":[{"taxonomy":"product_brand","embeddable":true,"href":"https:\/\/my.stlflix.com\/es\/wp-json\/wp\/v2\/product_brand?post=467731"},{"taxonomy":"product_cat","embeddable":true,"href":"https:\/\/my.stlflix.com\/es\/wp-json\/wp\/v2\/product_cat?post=467731"},{"taxonomy":"product_tag","embeddable":true,"href":"https:\/\/my.stlflix.com\/es\/wp-json\/wp\/v2\/product_tag?post=467731"}],"curies":[{"name":"wp","href":"https:\/\/api.w.org\/{rel}","templated":true}]}}