{"id":467752,"date":"2025-11-06T16:37:20","date_gmt":"2025-11-06T16:37:20","guid":{"rendered":"https:\/\/my.stlflix.com\/?post_type=product&#038;p=467752"},"modified":"2025-11-08T09:31:56","modified_gmt":"2025-11-08T09:31:56","slug":"pat-the-cat-690c610a9cf8f","status":"publish","type":"product","link":"https:\/\/my.stlflix.com\/es\/product\/pat-the-cat-690c610a9cf8f\/","title":{"rendered":"\ud83d\udc08 Pat, Le Chat Flexible"},"content":{"rendered":"<h2 style=\"text-align: center\">Pat Le Chat, le f\u00e9lin le plus d\u00e9tendu et flexible de la collection ! \ud83d\ude34<\/h2>\n<p>&nbsp;<\/p>\n<p style=\"text-align: center\">Ce petit chaton est captur\u00e9 en pleine sieste, les pattes en l&#8217;air, mais son corps articul\u00e9 lui donne une souplesse surprenante.<\/p>\n<p style=\"text-align: center\">Imprim\u00e9 en une seule pi\u00e8ce (z\u00e9ro assemblage requis !), son ventre segment\u00e9 lui permet de se tordre et de s&#8217;\u00e9tirer.<\/p>\n<p style=\"text-align: center\">C&#8217;est le compagnon anti-stress parfait, id\u00e9al comme porte-cl\u00e9s original ou comme mascotte de bureau. \ud83d\udc96<\/p>\n<p style=\"text-align: center\">Ajoutez une touche de malice f\u00e9line et de mouvement \u00e0 votre quotidien ! \u2728<\/p>\n","protected":false},"excerpt":{"rendered":"<p>Pat Le Chat, le f\u00e9lin le plus d\u00e9tendu et flexible de la collection ! \ud83d\ude34 &nbsp; Ce petit chaton est captur\u00e9 en pleine sieste, les pattes en l&#8217;air, mais son corps articul\u00e9 lui donne une souplesse surprenante. Imprim\u00e9 en une seule pi\u00e8ce (z\u00e9ro assemblage requis !), son ventre segment\u00e9 lui permet de se tordre et [&hellip;]<\/p>\n","protected":false},"featured_media":385475,"comment_status":"open","ping_status":"closed","template":"","meta":[],"product_brand":[],"product_cat":[15],"product_tag":[3539,154,781,3520,6924],"class_list":{"0":"post-467752","1":"product","2":"type-product","3":"status-publish","4":"has-post-thumbnail","6":"product_cat-uncategorized","7":"product_tag-cute-flexi","8":"product_tag-flexi","9":"product_tag-flexi-animals","10":"product_tag-flexis","11":"product_tag-mesh-buddies-il","13":"first","14":"instock","15":"taxable","16":"shipping-taxable","17":"purchasable","18":"product-type-variable"},"yoast_head":"<!-- This site is optimized with the Yoast SEO plugin v25.1 - https:\/\/yoast.com\/wordpress\/plugins\/seo\/ -->\n<title>\ud83d\udc08 Pat, Le Chat Flexible - MyStore - By STLFLIX<\/title>\n<meta name=\"robots\" content=\"index, follow, max-snippet:-1, max-image-preview:large, max-video-preview:-1\" \/>\n<link rel=\"canonical\" href=\"https:\/\/www.testeminhalojamandela.biz\/product\/pat-the-cat-690c610a9cf8f\/\" \/>\n<meta property=\"og:locale\" content=\"es_ES\" \/>\n<meta property=\"og:type\" content=\"article\" \/>\n<meta property=\"og:title\" content=\"\ud83d\udc08 Pat, Le Chat Flexible - MyStore - By STLFLIX\" \/>\n<meta property=\"og:description\" content=\"Pat Le Chat, le f\u00e9lin le plus d\u00e9tendu et flexible de la collection ! \ud83d\ude34 &nbsp; Ce petit chaton est captur\u00e9 en pleine sieste, les pattes en l&#8217;air, mais son corps articul\u00e9 lui donne une souplesse surprenante. Imprim\u00e9 en une seule pi\u00e8ce (z\u00e9ro assemblage requis !), son ventre segment\u00e9 lui permet de se tordre et [&hellip;]\" \/>\n<meta property=\"og:url\" content=\"https:\/\/www.testeminhalojamandela.biz\/product\/pat-the-cat-690c610a9cf8f\/\" \/>\n<meta property=\"og:site_name\" content=\"MyStore - By STLFLIX\" \/>\n<meta property=\"article:publisher\" content=\"https:\/\/www.facebook.com\/STLFLIX\" \/>\n<meta property=\"article:modified_time\" content=\"2025-11-08T09:31:56+00:00\" \/>\n<meta property=\"og:image\" content=\"https:\/\/www.testeminhalojamandela.biz\/wp-content\/uploads\/2025\/06\/Pat_the_Catthumb_132b82c194.png\" \/>\n\t<meta property=\"og:image:width\" content=\"1080\" \/>\n\t<meta property=\"og:image:height\" content=\"1350\" \/>\n\t<meta property=\"og:image:type\" content=\"image\/png\" \/>\n<meta name=\"twitter:card\" content=\"summary_large_image\" \/>\n<script type=\"application\/ld+json\" class=\"yoast-schema-graph\">{\"@context\":\"https:\/\/schema.org\",\"@graph\":[{\"@type\":\"WebPage\",\"@id\":\"https:\/\/www.testeminhalojamandela.biz\/product\/pat-the-cat-690c610a9cf8f\/\",\"url\":\"https:\/\/www.testeminhalojamandela.biz\/product\/pat-the-cat-690c610a9cf8f\/\",\"name\":\"\ud83d\udc08 Pat, Le Chat Flexible - MyStore - By STLFLIX\",\"isPartOf\":{\"@id\":\"https:\/\/my.stlflix.com\/#website\"},\"primaryImageOfPage\":{\"@id\":\"https:\/\/www.testeminhalojamandela.biz\/product\/pat-the-cat-690c610a9cf8f\/#primaryimage\"},\"image\":{\"@id\":\"https:\/\/www.testeminhalojamandela.biz\/product\/pat-the-cat-690c610a9cf8f\/#primaryimage\"},\"thumbnailUrl\":\"https:\/\/my.stlflix.com\/wp-content\/uploads\/2025\/06\/Pat_the_Catthumb_132b82c194.png\",\"datePublished\":\"2025-11-06T16:37:20+00:00\",\"dateModified\":\"2025-11-08T09:31:56+00:00\",\"breadcrumb\":{\"@id\":\"https:\/\/www.testeminhalojamandela.biz\/product\/pat-the-cat-690c610a9cf8f\/#breadcrumb\"},\"inLanguage\":\"es-ES\",\"potentialAction\":[{\"@type\":\"ReadAction\",\"target\":[\"https:\/\/www.testeminhalojamandela.biz\/product\/pat-the-cat-690c610a9cf8f\/\"]}]},{\"@type\":\"ImageObject\",\"inLanguage\":\"es-ES\",\"@id\":\"https:\/\/www.testeminhalojamandela.biz\/product\/pat-the-cat-690c610a9cf8f\/#primaryimage\",\"url\":\"https:\/\/my.stlflix.com\/wp-content\/uploads\/2025\/06\/Pat_the_Catthumb_132b82c194.png\",\"contentUrl\":\"https:\/\/my.stlflix.com\/wp-content\/uploads\/2025\/06\/Pat_the_Catthumb_132b82c194.png\",\"width\":1080,\"height\":1350},{\"@type\":\"BreadcrumbList\",\"@id\":\"https:\/\/www.testeminhalojamandela.biz\/product\/pat-the-cat-690c610a9cf8f\/#breadcrumb\",\"itemListElement\":[{\"@type\":\"ListItem\",\"position\":1,\"name\":\"Home\",\"item\":\"https:\/\/www.stlflix-store.com\/\"},{\"@type\":\"ListItem\",\"position\":2,\"name\":\"Products\",\"item\":\"https:\/\/www.stlflix-store.com\/shop\/\"},{\"@type\":\"ListItem\",\"position\":3,\"name\":\"\ud83d\udc08 Pat, Le Chat Flexible\"}]},{\"@type\":\"WebSite\",\"@id\":\"https:\/\/my.stlflix.com\/#website\",\"url\":\"https:\/\/my.stlflix.com\/\",\"name\":\"MyStore - By STLFLIX\",\"description\":\"\",\"publisher\":{\"@id\":\"https:\/\/my.stlflix.com\/#organization\"},\"potentialAction\":[{\"@type\":\"SearchAction\",\"target\":{\"@type\":\"EntryPoint\",\"urlTemplate\":\"https:\/\/my.stlflix.com\/?s={search_term_string}\"},\"query-input\":{\"@type\":\"PropertyValueSpecification\",\"valueRequired\":true,\"valueName\":\"search_term_string\"}}],\"inLanguage\":\"es-ES\"},{\"@type\":\"Organization\",\"@id\":\"https:\/\/my.stlflix.com\/#organization\",\"name\":\"MyStore - By STLFLIX\",\"url\":\"https:\/\/my.stlflix.com\/\",\"logo\":{\"@type\":\"ImageObject\",\"inLanguage\":\"es-ES\",\"@id\":\"https:\/\/my.stlflix.com\/#\/schema\/logo\/image\/\",\"url\":\"https:\/\/my.stlflix.com\/wp-content\/uploads\/2024\/06\/logo-mystore.png\",\"contentUrl\":\"https:\/\/my.stlflix.com\/wp-content\/uploads\/2024\/06\/logo-mystore.png\",\"width\":150,\"height\":41,\"caption\":\"MyStore - By STLFLIX\"},\"image\":{\"@id\":\"https:\/\/my.stlflix.com\/#\/schema\/logo\/image\/\"},\"sameAs\":[\"https:\/\/www.facebook.com\/STLFLIX\",\"https:\/\/www.instagram.com\/stlflix_\/\",\"https:\/\/www.tiktok.com\/@stlflix\"]}]}<\/script>\n<!-- \/ Yoast SEO plugin. -->","yoast_head_json":{"title":"\ud83d\udc08 Pat, Le Chat Flexible - MyStore - By STLFLIX","robots":{"index":"index","follow":"follow","max-snippet":"max-snippet:-1","max-image-preview":"max-image-preview:large","max-video-preview":"max-video-preview:-1"},"canonical":"https:\/\/www.testeminhalojamandela.biz\/product\/pat-the-cat-690c610a9cf8f\/","og_locale":"es_ES","og_type":"article","og_title":"\ud83d\udc08 Pat, Le Chat Flexible - MyStore - By STLFLIX","og_description":"Pat Le Chat, le f\u00e9lin le plus d\u00e9tendu et flexible de la collection ! \ud83d\ude34 &nbsp; Ce petit chaton est captur\u00e9 en pleine sieste, les pattes en l&#8217;air, mais son corps articul\u00e9 lui donne une souplesse surprenante. Imprim\u00e9 en une seule pi\u00e8ce (z\u00e9ro assemblage requis !), son ventre segment\u00e9 lui permet de se tordre et [&hellip;]","og_url":"https:\/\/www.testeminhalojamandela.biz\/product\/pat-the-cat-690c610a9cf8f\/","og_site_name":"MyStore - By STLFLIX","article_publisher":"https:\/\/www.facebook.com\/STLFLIX","article_modified_time":"2025-11-08T09:31:56+00:00","og_image":[{"width":1080,"height":1350,"url":"https:\/\/www.testeminhalojamandela.biz\/wp-content\/uploads\/2025\/06\/Pat_the_Catthumb_132b82c194.png","type":"image\/png"}],"twitter_card":"summary_large_image","schema":{"@context":"https:\/\/schema.org","@graph":[{"@type":"WebPage","@id":"https:\/\/www.testeminhalojamandela.biz\/product\/pat-the-cat-690c610a9cf8f\/","url":"https:\/\/www.testeminhalojamandela.biz\/product\/pat-the-cat-690c610a9cf8f\/","name":"\ud83d\udc08 Pat, Le Chat Flexible - MyStore - By STLFLIX","isPartOf":{"@id":"https:\/\/my.stlflix.com\/#website"},"primaryImageOfPage":{"@id":"https:\/\/www.testeminhalojamandela.biz\/product\/pat-the-cat-690c610a9cf8f\/#primaryimage"},"image":{"@id":"https:\/\/www.testeminhalojamandela.biz\/product\/pat-the-cat-690c610a9cf8f\/#primaryimage"},"thumbnailUrl":"https:\/\/my.stlflix.com\/wp-content\/uploads\/2025\/06\/Pat_the_Catthumb_132b82c194.png","datePublished":"2025-11-06T16:37:20+00:00","dateModified":"2025-11-08T09:31:56+00:00","breadcrumb":{"@id":"https:\/\/www.testeminhalojamandela.biz\/product\/pat-the-cat-690c610a9cf8f\/#breadcrumb"},"inLanguage":"es-ES","potentialAction":[{"@type":"ReadAction","target":["https:\/\/www.testeminhalojamandela.biz\/product\/pat-the-cat-690c610a9cf8f\/"]}]},{"@type":"ImageObject","inLanguage":"es-ES","@id":"https:\/\/www.testeminhalojamandela.biz\/product\/pat-the-cat-690c610a9cf8f\/#primaryimage","url":"https:\/\/my.stlflix.com\/wp-content\/uploads\/2025\/06\/Pat_the_Catthumb_132b82c194.png","contentUrl":"https:\/\/my.stlflix.com\/wp-content\/uploads\/2025\/06\/Pat_the_Catthumb_132b82c194.png","width":1080,"height":1350},{"@type":"BreadcrumbList","@id":"https:\/\/www.testeminhalojamandela.biz\/product\/pat-the-cat-690c610a9cf8f\/#breadcrumb","itemListElement":[{"@type":"ListItem","position":1,"name":"Home","item":"https:\/\/www.stlflix-store.com\/"},{"@type":"ListItem","position":2,"name":"Products","item":"https:\/\/www.stlflix-store.com\/shop\/"},{"@type":"ListItem","position":3,"name":"\ud83d\udc08 Pat, Le Chat Flexible"}]},{"@type":"WebSite","@id":"https:\/\/my.stlflix.com\/#website","url":"https:\/\/my.stlflix.com\/","name":"MyStore - By STLFLIX","description":"","publisher":{"@id":"https:\/\/my.stlflix.com\/#organization"},"potentialAction":[{"@type":"SearchAction","target":{"@type":"EntryPoint","urlTemplate":"https:\/\/my.stlflix.com\/?s={search_term_string}"},"query-input":{"@type":"PropertyValueSpecification","valueRequired":true,"valueName":"search_term_string"}}],"inLanguage":"es-ES"},{"@type":"Organization","@id":"https:\/\/my.stlflix.com\/#organization","name":"MyStore - By STLFLIX","url":"https:\/\/my.stlflix.com\/","logo":{"@type":"ImageObject","inLanguage":"es-ES","@id":"https:\/\/my.stlflix.com\/#\/schema\/logo\/image\/","url":"https:\/\/my.stlflix.com\/wp-content\/uploads\/2024\/06\/logo-mystore.png","contentUrl":"https:\/\/my.stlflix.com\/wp-content\/uploads\/2024\/06\/logo-mystore.png","width":150,"height":41,"caption":"MyStore - By STLFLIX"},"image":{"@id":"https:\/\/my.stlflix.com\/#\/schema\/logo\/image\/"},"sameAs":["https:\/\/www.facebook.com\/STLFLIX","https:\/\/www.instagram.com\/stlflix_\/","https:\/\/www.tiktok.com\/@stlflix"]}]}},"_links":{"self":[{"href":"https:\/\/my.stlflix.com\/es\/wp-json\/wp\/v2\/product\/467752","targetHints":{"allow":["GET"]}}],"collection":[{"href":"https:\/\/my.stlflix.com\/es\/wp-json\/wp\/v2\/product"}],"about":[{"href":"https:\/\/my.stlflix.com\/es\/wp-json\/wp\/v2\/types\/product"}],"replies":[{"embeddable":true,"href":"https:\/\/my.stlflix.com\/es\/wp-json\/wp\/v2\/comments?post=467752"}],"wp:featuredmedia":[{"embeddable":true,"href":"https:\/\/my.stlflix.com\/es\/wp-json\/wp\/v2\/media\/385475"}],"wp:attachment":[{"href":"https:\/\/my.stlflix.com\/es\/wp-json\/wp\/v2\/media?parent=467752"}],"wp:term":[{"taxonomy":"product_brand","embeddable":true,"href":"https:\/\/my.stlflix.com\/es\/wp-json\/wp\/v2\/product_brand?post=467752"},{"taxonomy":"product_cat","embeddable":true,"href":"https:\/\/my.stlflix.com\/es\/wp-json\/wp\/v2\/product_cat?post=467752"},{"taxonomy":"product_tag","embeddable":true,"href":"https:\/\/my.stlflix.com\/es\/wp-json\/wp\/v2\/product_tag?post=467752"}],"curies":[{"name":"wp","href":"https:\/\/api.w.org\/{rel}","templated":true}]}}