{"id":467757,"date":"2025-11-06T09:12:38","date_gmt":"2025-11-06T09:12:38","guid":{"rendered":"https:\/\/my.stlflix.com\/?post_type=product&#038;p=467757"},"modified":"2025-11-07T20:23:10","modified_gmt":"2025-11-07T20:23:10","slug":"mitch-the-anglerfish-690c613ad885b","status":"publish","type":"product","link":"https:\/\/my.stlflix.com\/es\/product\/mitch-the-anglerfish-690c613ad885b\/","title":{"rendered":"\ud83d\udc20 Mitch, La Baudroie Flexible"},"content":{"rendered":"<h2 style=\"text-align: center\">Mitch, le charmeur des abysses ! \ud83d\ude08<\/h2>\n<p>&nbsp;<\/p>\n<p style=\"text-align: center\">Malgr\u00e9 son air f\u00e9roce, cette baudroie est un ajout fantastique et original \u00e0 votre collection flexible.<\/p>\n<p style=\"text-align: center\">Son corps segment\u00e9 lui donne un mouvement ondulant, et son leurre lumineux (imprim\u00e9 en blanc !) lui conf\u00e8re un caract\u00e8re unique. \ud83c\udf0a<\/p>\n<p style=\"text-align: center\">Parfait pour ceux qui aiment l&#8217;humour noir et les cr\u00e9atures marines originales.<\/p>\n<p style=\"text-align: center\">Laissez Mitch patrouiller sur votre bureau ! \ud83c\udfa3<\/p>\n","protected":false},"excerpt":{"rendered":"<p>Mitch, le charmeur des abysses ! \ud83d\ude08 &nbsp; Malgr\u00e9 son air f\u00e9roce, cette baudroie est un ajout fantastique et original \u00e0 votre collection flexible. Son corps segment\u00e9 lui donne un mouvement ondulant, et son leurre lumineux (imprim\u00e9 en blanc !) lui conf\u00e8re un caract\u00e8re unique. \ud83c\udf0a Parfait pour ceux qui aiment l&#8217;humour noir et les [&hellip;]<\/p>\n","protected":false},"featured_media":385587,"comment_status":"open","ping_status":"closed","template":"","meta":[],"product_brand":[],"product_cat":[15],"product_tag":[3539,154,781,3520,6924],"class_list":{"0":"post-467757","1":"product","2":"type-product","3":"status-publish","4":"has-post-thumbnail","6":"product_cat-uncategorized","7":"product_tag-cute-flexi","8":"product_tag-flexi","9":"product_tag-flexi-animals","10":"product_tag-flexis","11":"product_tag-mesh-buddies-il","13":"first","14":"instock","15":"taxable","16":"shipping-taxable","17":"purchasable","18":"product-type-simple"},"yoast_head":"<!-- This site is optimized with the Yoast SEO plugin v25.1 - https:\/\/yoast.com\/wordpress\/plugins\/seo\/ -->\n<title>\ud83d\udc20 Mitch, La Baudroie Flexible - MyStore - By STLFLIX<\/title>\n<meta name=\"robots\" content=\"index, follow, max-snippet:-1, max-image-preview:large, max-video-preview:-1\" \/>\n<link rel=\"canonical\" href=\"https:\/\/www.my3dstore-example.com\/product\/mitch-the-anglerfish-690c613ad885b\/\" \/>\n<meta property=\"og:locale\" content=\"es_ES\" \/>\n<meta property=\"og:type\" content=\"article\" \/>\n<meta property=\"og:title\" content=\"\ud83d\udc20 Mitch, La Baudroie Flexible - MyStore - By STLFLIX\" \/>\n<meta property=\"og:description\" content=\"Mitch, le charmeur des abysses ! \ud83d\ude08 &nbsp; Malgr\u00e9 son air f\u00e9roce, cette baudroie est un ajout fantastique et original \u00e0 votre collection flexible. Son corps segment\u00e9 lui donne un mouvement ondulant, et son leurre lumineux (imprim\u00e9 en blanc !) lui conf\u00e8re un caract\u00e8re unique. \ud83c\udf0a Parfait pour ceux qui aiment l&#8217;humour noir et les [&hellip;]\" \/>\n<meta property=\"og:url\" content=\"https:\/\/www.my3dstore-example.com\/product\/mitch-the-anglerfish-690c613ad885b\/\" \/>\n<meta property=\"og:site_name\" content=\"MyStore - By STLFLIX\" \/>\n<meta property=\"article:publisher\" content=\"https:\/\/www.facebook.com\/STLFLIX\" \/>\n<meta property=\"article:modified_time\" content=\"2025-11-07T20:23:10+00:00\" \/>\n<meta property=\"og:image\" content=\"https:\/\/www.my3dstore-example.com\/wp-content\/uploads\/2025\/06\/Mitch_the_Anglerfishthumb_2afddf0c7c.png\" \/>\n\t<meta property=\"og:image:width\" content=\"1080\" \/>\n\t<meta property=\"og:image:height\" content=\"1350\" \/>\n\t<meta property=\"og:image:type\" content=\"image\/png\" \/>\n<meta name=\"twitter:card\" content=\"summary_large_image\" \/>\n<script type=\"application\/ld+json\" class=\"yoast-schema-graph\">{\"@context\":\"https:\/\/schema.org\",\"@graph\":[{\"@type\":\"WebPage\",\"@id\":\"https:\/\/www.my3dstore-example.com\/product\/mitch-the-anglerfish-690c613ad885b\/\",\"url\":\"https:\/\/www.my3dstore-example.com\/product\/mitch-the-anglerfish-690c613ad885b\/\",\"name\":\"\ud83d\udc20 Mitch, La Baudroie Flexible - MyStore - By STLFLIX\",\"isPartOf\":{\"@id\":\"https:\/\/my.stlflix.com\/#website\"},\"primaryImageOfPage\":{\"@id\":\"https:\/\/www.my3dstore-example.com\/product\/mitch-the-anglerfish-690c613ad885b\/#primaryimage\"},\"image\":{\"@id\":\"https:\/\/www.my3dstore-example.com\/product\/mitch-the-anglerfish-690c613ad885b\/#primaryimage\"},\"thumbnailUrl\":\"https:\/\/my.stlflix.com\/wp-content\/uploads\/2025\/06\/Mitch_the_Anglerfishthumb_2afddf0c7c.png\",\"datePublished\":\"2025-11-06T09:12:38+00:00\",\"dateModified\":\"2025-11-07T20:23:10+00:00\",\"breadcrumb\":{\"@id\":\"https:\/\/www.my3dstore-example.com\/product\/mitch-the-anglerfish-690c613ad885b\/#breadcrumb\"},\"inLanguage\":\"es-ES\",\"potentialAction\":[{\"@type\":\"ReadAction\",\"target\":[\"https:\/\/www.my3dstore-example.com\/product\/mitch-the-anglerfish-690c613ad885b\/\"]}]},{\"@type\":\"ImageObject\",\"inLanguage\":\"es-ES\",\"@id\":\"https:\/\/www.my3dstore-example.com\/product\/mitch-the-anglerfish-690c613ad885b\/#primaryimage\",\"url\":\"https:\/\/my.stlflix.com\/wp-content\/uploads\/2025\/06\/Mitch_the_Anglerfishthumb_2afddf0c7c.png\",\"contentUrl\":\"https:\/\/my.stlflix.com\/wp-content\/uploads\/2025\/06\/Mitch_the_Anglerfishthumb_2afddf0c7c.png\",\"width\":1080,\"height\":1350},{\"@type\":\"BreadcrumbList\",\"@id\":\"https:\/\/www.my3dstore-example.com\/product\/mitch-the-anglerfish-690c613ad885b\/#breadcrumb\",\"itemListElement\":[{\"@type\":\"ListItem\",\"position\":1,\"name\":\"Home\",\"item\":\"https:\/\/www.stlflix-store.com\/\"},{\"@type\":\"ListItem\",\"position\":2,\"name\":\"Products\",\"item\":\"https:\/\/www.stlflix-store.com\/shop\/\"},{\"@type\":\"ListItem\",\"position\":3,\"name\":\"\ud83d\udc20 Mitch, La Baudroie Flexible\"}]},{\"@type\":\"WebSite\",\"@id\":\"https:\/\/my.stlflix.com\/#website\",\"url\":\"https:\/\/my.stlflix.com\/\",\"name\":\"MyStore - By STLFLIX\",\"description\":\"\",\"publisher\":{\"@id\":\"https:\/\/my.stlflix.com\/#organization\"},\"potentialAction\":[{\"@type\":\"SearchAction\",\"target\":{\"@type\":\"EntryPoint\",\"urlTemplate\":\"https:\/\/my.stlflix.com\/?s={search_term_string}\"},\"query-input\":{\"@type\":\"PropertyValueSpecification\",\"valueRequired\":true,\"valueName\":\"search_term_string\"}}],\"inLanguage\":\"es-ES\"},{\"@type\":\"Organization\",\"@id\":\"https:\/\/my.stlflix.com\/#organization\",\"name\":\"MyStore - By STLFLIX\",\"url\":\"https:\/\/my.stlflix.com\/\",\"logo\":{\"@type\":\"ImageObject\",\"inLanguage\":\"es-ES\",\"@id\":\"https:\/\/my.stlflix.com\/#\/schema\/logo\/image\/\",\"url\":\"https:\/\/my.stlflix.com\/wp-content\/uploads\/2024\/06\/logo-mystore.png\",\"contentUrl\":\"https:\/\/my.stlflix.com\/wp-content\/uploads\/2024\/06\/logo-mystore.png\",\"width\":150,\"height\":41,\"caption\":\"MyStore - By STLFLIX\"},\"image\":{\"@id\":\"https:\/\/my.stlflix.com\/#\/schema\/logo\/image\/\"},\"sameAs\":[\"https:\/\/www.facebook.com\/STLFLIX\",\"https:\/\/www.instagram.com\/stlflix_\/\",\"https:\/\/www.tiktok.com\/@stlflix\"]}]}<\/script>\n<!-- \/ Yoast SEO plugin. -->","yoast_head_json":{"title":"\ud83d\udc20 Mitch, La Baudroie Flexible - MyStore - By STLFLIX","robots":{"index":"index","follow":"follow","max-snippet":"max-snippet:-1","max-image-preview":"max-image-preview:large","max-video-preview":"max-video-preview:-1"},"canonical":"https:\/\/www.my3dstore-example.com\/product\/mitch-the-anglerfish-690c613ad885b\/","og_locale":"es_ES","og_type":"article","og_title":"\ud83d\udc20 Mitch, La Baudroie Flexible - MyStore - By STLFLIX","og_description":"Mitch, le charmeur des abysses ! \ud83d\ude08 &nbsp; Malgr\u00e9 son air f\u00e9roce, cette baudroie est un ajout fantastique et original \u00e0 votre collection flexible. Son corps segment\u00e9 lui donne un mouvement ondulant, et son leurre lumineux (imprim\u00e9 en blanc !) lui conf\u00e8re un caract\u00e8re unique. \ud83c\udf0a Parfait pour ceux qui aiment l&#8217;humour noir et les [&hellip;]","og_url":"https:\/\/www.my3dstore-example.com\/product\/mitch-the-anglerfish-690c613ad885b\/","og_site_name":"MyStore - By STLFLIX","article_publisher":"https:\/\/www.facebook.com\/STLFLIX","article_modified_time":"2025-11-07T20:23:10+00:00","og_image":[{"width":1080,"height":1350,"url":"https:\/\/www.my3dstore-example.com\/wp-content\/uploads\/2025\/06\/Mitch_the_Anglerfishthumb_2afddf0c7c.png","type":"image\/png"}],"twitter_card":"summary_large_image","schema":{"@context":"https:\/\/schema.org","@graph":[{"@type":"WebPage","@id":"https:\/\/www.my3dstore-example.com\/product\/mitch-the-anglerfish-690c613ad885b\/","url":"https:\/\/www.my3dstore-example.com\/product\/mitch-the-anglerfish-690c613ad885b\/","name":"\ud83d\udc20 Mitch, La Baudroie Flexible - MyStore - By STLFLIX","isPartOf":{"@id":"https:\/\/my.stlflix.com\/#website"},"primaryImageOfPage":{"@id":"https:\/\/www.my3dstore-example.com\/product\/mitch-the-anglerfish-690c613ad885b\/#primaryimage"},"image":{"@id":"https:\/\/www.my3dstore-example.com\/product\/mitch-the-anglerfish-690c613ad885b\/#primaryimage"},"thumbnailUrl":"https:\/\/my.stlflix.com\/wp-content\/uploads\/2025\/06\/Mitch_the_Anglerfishthumb_2afddf0c7c.png","datePublished":"2025-11-06T09:12:38+00:00","dateModified":"2025-11-07T20:23:10+00:00","breadcrumb":{"@id":"https:\/\/www.my3dstore-example.com\/product\/mitch-the-anglerfish-690c613ad885b\/#breadcrumb"},"inLanguage":"es-ES","potentialAction":[{"@type":"ReadAction","target":["https:\/\/www.my3dstore-example.com\/product\/mitch-the-anglerfish-690c613ad885b\/"]}]},{"@type":"ImageObject","inLanguage":"es-ES","@id":"https:\/\/www.my3dstore-example.com\/product\/mitch-the-anglerfish-690c613ad885b\/#primaryimage","url":"https:\/\/my.stlflix.com\/wp-content\/uploads\/2025\/06\/Mitch_the_Anglerfishthumb_2afddf0c7c.png","contentUrl":"https:\/\/my.stlflix.com\/wp-content\/uploads\/2025\/06\/Mitch_the_Anglerfishthumb_2afddf0c7c.png","width":1080,"height":1350},{"@type":"BreadcrumbList","@id":"https:\/\/www.my3dstore-example.com\/product\/mitch-the-anglerfish-690c613ad885b\/#breadcrumb","itemListElement":[{"@type":"ListItem","position":1,"name":"Home","item":"https:\/\/www.stlflix-store.com\/"},{"@type":"ListItem","position":2,"name":"Products","item":"https:\/\/www.stlflix-store.com\/shop\/"},{"@type":"ListItem","position":3,"name":"\ud83d\udc20 Mitch, La Baudroie Flexible"}]},{"@type":"WebSite","@id":"https:\/\/my.stlflix.com\/#website","url":"https:\/\/my.stlflix.com\/","name":"MyStore - By STLFLIX","description":"","publisher":{"@id":"https:\/\/my.stlflix.com\/#organization"},"potentialAction":[{"@type":"SearchAction","target":{"@type":"EntryPoint","urlTemplate":"https:\/\/my.stlflix.com\/?s={search_term_string}"},"query-input":{"@type":"PropertyValueSpecification","valueRequired":true,"valueName":"search_term_string"}}],"inLanguage":"es-ES"},{"@type":"Organization","@id":"https:\/\/my.stlflix.com\/#organization","name":"MyStore - By STLFLIX","url":"https:\/\/my.stlflix.com\/","logo":{"@type":"ImageObject","inLanguage":"es-ES","@id":"https:\/\/my.stlflix.com\/#\/schema\/logo\/image\/","url":"https:\/\/my.stlflix.com\/wp-content\/uploads\/2024\/06\/logo-mystore.png","contentUrl":"https:\/\/my.stlflix.com\/wp-content\/uploads\/2024\/06\/logo-mystore.png","width":150,"height":41,"caption":"MyStore - By STLFLIX"},"image":{"@id":"https:\/\/my.stlflix.com\/#\/schema\/logo\/image\/"},"sameAs":["https:\/\/www.facebook.com\/STLFLIX","https:\/\/www.instagram.com\/stlflix_\/","https:\/\/www.tiktok.com\/@stlflix"]}]}},"_links":{"self":[{"href":"https:\/\/my.stlflix.com\/es\/wp-json\/wp\/v2\/product\/467757","targetHints":{"allow":["GET"]}}],"collection":[{"href":"https:\/\/my.stlflix.com\/es\/wp-json\/wp\/v2\/product"}],"about":[{"href":"https:\/\/my.stlflix.com\/es\/wp-json\/wp\/v2\/types\/product"}],"replies":[{"embeddable":true,"href":"https:\/\/my.stlflix.com\/es\/wp-json\/wp\/v2\/comments?post=467757"}],"wp:featuredmedia":[{"embeddable":true,"href":"https:\/\/my.stlflix.com\/es\/wp-json\/wp\/v2\/media\/385587"}],"wp:attachment":[{"href":"https:\/\/my.stlflix.com\/es\/wp-json\/wp\/v2\/media?parent=467757"}],"wp:term":[{"taxonomy":"product_brand","embeddable":true,"href":"https:\/\/my.stlflix.com\/es\/wp-json\/wp\/v2\/product_brand?post=467757"},{"taxonomy":"product_cat","embeddable":true,"href":"https:\/\/my.stlflix.com\/es\/wp-json\/wp\/v2\/product_cat?post=467757"},{"taxonomy":"product_tag","embeddable":true,"href":"https:\/\/my.stlflix.com\/es\/wp-json\/wp\/v2\/product_tag?post=467757"}],"curies":[{"name":"wp","href":"https:\/\/api.w.org\/{rel}","templated":true}]}}