{"id":467759,"date":"2025-11-06T09:12:38","date_gmt":"2025-11-06T09:12:38","guid":{"rendered":"https:\/\/my.stlflix.com\/?post_type=product&#038;p=467759"},"modified":"2025-11-07T20:23:10","modified_gmt":"2025-11-07T20:23:10","slug":"paul-the-narwhal-690c614457f35","status":"publish","type":"product","link":"https:\/\/my.stlflix.com\/es\/product\/paul-the-narwhal-690c614457f35\/","title":{"rendered":"\ud83c\udf0a Paul, Le Narval Flexible"},"content":{"rendered":"<h2 style=\"text-align: center\">Plongez dans l&#8217;aventure avec Paul, Le Narval ! \ud83d\udc99<\/h2>\n<p>&nbsp;<\/p>\n<p style=\"text-align: center\">Ce petit narval, avec sa corne majestueuse, est non seulement adorable mais aussi incroyablement agile !<\/p>\n<p style=\"text-align: center\">Gr\u00e2ce \u00e0 son corps segment\u00e9 et articul\u00e9, Paul prend vie avec un mouvement fluide et \u00e9l\u00e9gant d\u00e8s la sortie de l&#8217;imprimante. \ud83c\udf0a<\/p>\n<p style=\"text-align: center\">Pas besoin d&#8217;assemblage, la magie de la 3D op\u00e8re en une seule pi\u00e8ce pour un plaisir imm\u00e9diat ! \u2728<\/p>\n<p style=\"text-align: center\">Que ce soit comme compagnon de bureau, porte-cl\u00e9s original ou simple objet anti-stress, Paul apportera une touche d&#8217;oc\u00e9an et de fantaisie flexible \u00e0 votre quotidien. \ud83d\udc0b<\/p>\n<p style=\"text-align: center\">Un design color\u00e9 et amusant qui ne manquera pas de faire sourire ! \ud83d\ude0a<\/p>\n","protected":false},"excerpt":{"rendered":"<p>Plongez dans l&#8217;aventure avec Paul, Le Narval ! \ud83d\udc99 &nbsp; Ce petit narval, avec sa corne majestueuse, est non seulement adorable mais aussi incroyablement agile ! Gr\u00e2ce \u00e0 son corps segment\u00e9 et articul\u00e9, Paul prend vie avec un mouvement fluide et \u00e9l\u00e9gant d\u00e8s la sortie de l&#8217;imprimante. \ud83c\udf0a Pas besoin d&#8217;assemblage, la magie de la [&hellip;]<\/p>\n","protected":false},"featured_media":385688,"comment_status":"open","ping_status":"closed","template":"","meta":[],"product_brand":[],"product_cat":[15],"product_tag":[3539,154,781,3520,6924],"class_list":{"0":"post-467759","1":"product","2":"type-product","3":"status-publish","4":"has-post-thumbnail","6":"product_cat-uncategorized","7":"product_tag-cute-flexi","8":"product_tag-flexi","9":"product_tag-flexi-animals","10":"product_tag-flexis","11":"product_tag-mesh-buddies-il","13":"first","14":"instock","15":"taxable","16":"shipping-taxable","17":"purchasable","18":"product-type-simple"},"yoast_head":"<!-- This site is optimized with the Yoast SEO plugin v25.1 - https:\/\/yoast.com\/wordpress\/plugins\/seo\/ -->\n<title>\ud83c\udf0a Paul, Le Narval Flexible - MyStore - By STLFLIX<\/title>\n<meta name=\"robots\" content=\"index, follow, max-snippet:-1, max-image-preview:large, max-video-preview:-1\" \/>\n<link rel=\"canonical\" href=\"https:\/\/www.monitorstlflix.com\/product\/paul-the-narwhal-690c614457f35\/\" \/>\n<meta property=\"og:locale\" content=\"es_ES\" \/>\n<meta property=\"og:type\" content=\"article\" \/>\n<meta property=\"og:title\" content=\"\ud83c\udf0a Paul, Le Narval Flexible - MyStore - By STLFLIX\" \/>\n<meta property=\"og:description\" content=\"Plongez dans l&#8217;aventure avec Paul, Le Narval ! \ud83d\udc99 &nbsp; Ce petit narval, avec sa corne majestueuse, est non seulement adorable mais aussi incroyablement agile ! Gr\u00e2ce \u00e0 son corps segment\u00e9 et articul\u00e9, Paul prend vie avec un mouvement fluide et \u00e9l\u00e9gant d\u00e8s la sortie de l&#8217;imprimante. \ud83c\udf0a Pas besoin d&#8217;assemblage, la magie de la [&hellip;]\" \/>\n<meta property=\"og:url\" content=\"https:\/\/www.monitorstlflix.com\/product\/paul-the-narwhal-690c614457f35\/\" \/>\n<meta property=\"og:site_name\" content=\"MyStore - By STLFLIX\" \/>\n<meta property=\"article:publisher\" content=\"https:\/\/www.facebook.com\/STLFLIX\" \/>\n<meta property=\"article:modified_time\" content=\"2025-11-07T20:23:10+00:00\" \/>\n<meta property=\"og:image\" content=\"https:\/\/www.monitorstlflix.com\/wp-content\/uploads\/2025\/06\/Paul_the_Narwhalthumb_2a4cc07002.png\" \/>\n\t<meta property=\"og:image:width\" content=\"1080\" \/>\n\t<meta property=\"og:image:height\" content=\"1350\" \/>\n\t<meta property=\"og:image:type\" content=\"image\/png\" \/>\n<meta name=\"twitter:card\" content=\"summary_large_image\" \/>\n<meta name=\"twitter:label1\" content=\"Est. reading time\" \/>\n\t<meta name=\"twitter:data1\" content=\"1 minute\" \/>\n<script type=\"application\/ld+json\" class=\"yoast-schema-graph\">{\"@context\":\"https:\/\/schema.org\",\"@graph\":[{\"@type\":\"WebPage\",\"@id\":\"https:\/\/www.monitorstlflix.com\/product\/paul-the-narwhal-690c614457f35\/\",\"url\":\"https:\/\/www.monitorstlflix.com\/product\/paul-the-narwhal-690c614457f35\/\",\"name\":\"\ud83c\udf0a Paul, Le Narval Flexible - MyStore - By STLFLIX\",\"isPartOf\":{\"@id\":\"https:\/\/my.stlflix.com\/#website\"},\"primaryImageOfPage\":{\"@id\":\"https:\/\/www.monitorstlflix.com\/product\/paul-the-narwhal-690c614457f35\/#primaryimage\"},\"image\":{\"@id\":\"https:\/\/www.monitorstlflix.com\/product\/paul-the-narwhal-690c614457f35\/#primaryimage\"},\"thumbnailUrl\":\"https:\/\/my.stlflix.com\/wp-content\/uploads\/2025\/06\/Paul_the_Narwhalthumb_2a4cc07002.png\",\"datePublished\":\"2025-11-06T09:12:38+00:00\",\"dateModified\":\"2025-11-07T20:23:10+00:00\",\"breadcrumb\":{\"@id\":\"https:\/\/www.monitorstlflix.com\/product\/paul-the-narwhal-690c614457f35\/#breadcrumb\"},\"inLanguage\":\"es-ES\",\"potentialAction\":[{\"@type\":\"ReadAction\",\"target\":[\"https:\/\/www.monitorstlflix.com\/product\/paul-the-narwhal-690c614457f35\/\"]}]},{\"@type\":\"ImageObject\",\"inLanguage\":\"es-ES\",\"@id\":\"https:\/\/www.monitorstlflix.com\/product\/paul-the-narwhal-690c614457f35\/#primaryimage\",\"url\":\"https:\/\/my.stlflix.com\/wp-content\/uploads\/2025\/06\/Paul_the_Narwhalthumb_2a4cc07002.png\",\"contentUrl\":\"https:\/\/my.stlflix.com\/wp-content\/uploads\/2025\/06\/Paul_the_Narwhalthumb_2a4cc07002.png\",\"width\":1080,\"height\":1350},{\"@type\":\"BreadcrumbList\",\"@id\":\"https:\/\/www.monitorstlflix.com\/product\/paul-the-narwhal-690c614457f35\/#breadcrumb\",\"itemListElement\":[{\"@type\":\"ListItem\",\"position\":1,\"name\":\"Home\",\"item\":\"https:\/\/www.stlflix-store.com\/\"},{\"@type\":\"ListItem\",\"position\":2,\"name\":\"Products\",\"item\":\"https:\/\/www.stlflix-store.com\/shop\/\"},{\"@type\":\"ListItem\",\"position\":3,\"name\":\"\ud83c\udf0a Paul, Le Narval Flexible\"}]},{\"@type\":\"WebSite\",\"@id\":\"https:\/\/my.stlflix.com\/#website\",\"url\":\"https:\/\/my.stlflix.com\/\",\"name\":\"MyStore - By STLFLIX\",\"description\":\"\",\"publisher\":{\"@id\":\"https:\/\/my.stlflix.com\/#organization\"},\"potentialAction\":[{\"@type\":\"SearchAction\",\"target\":{\"@type\":\"EntryPoint\",\"urlTemplate\":\"https:\/\/my.stlflix.com\/?s={search_term_string}\"},\"query-input\":{\"@type\":\"PropertyValueSpecification\",\"valueRequired\":true,\"valueName\":\"search_term_string\"}}],\"inLanguage\":\"es-ES\"},{\"@type\":\"Organization\",\"@id\":\"https:\/\/my.stlflix.com\/#organization\",\"name\":\"MyStore - By STLFLIX\",\"url\":\"https:\/\/my.stlflix.com\/\",\"logo\":{\"@type\":\"ImageObject\",\"inLanguage\":\"es-ES\",\"@id\":\"https:\/\/my.stlflix.com\/#\/schema\/logo\/image\/\",\"url\":\"https:\/\/my.stlflix.com\/wp-content\/uploads\/2024\/06\/logo-mystore.png\",\"contentUrl\":\"https:\/\/my.stlflix.com\/wp-content\/uploads\/2024\/06\/logo-mystore.png\",\"width\":150,\"height\":41,\"caption\":\"MyStore - By STLFLIX\"},\"image\":{\"@id\":\"https:\/\/my.stlflix.com\/#\/schema\/logo\/image\/\"},\"sameAs\":[\"https:\/\/www.facebook.com\/STLFLIX\",\"https:\/\/www.instagram.com\/stlflix_\/\",\"https:\/\/www.tiktok.com\/@stlflix\"]}]}<\/script>\n<!-- \/ Yoast SEO plugin. -->","yoast_head_json":{"title":"\ud83c\udf0a Paul, Le Narval Flexible - MyStore - By STLFLIX","robots":{"index":"index","follow":"follow","max-snippet":"max-snippet:-1","max-image-preview":"max-image-preview:large","max-video-preview":"max-video-preview:-1"},"canonical":"https:\/\/www.monitorstlflix.com\/product\/paul-the-narwhal-690c614457f35\/","og_locale":"es_ES","og_type":"article","og_title":"\ud83c\udf0a Paul, Le Narval Flexible - MyStore - By STLFLIX","og_description":"Plongez dans l&#8217;aventure avec Paul, Le Narval ! \ud83d\udc99 &nbsp; Ce petit narval, avec sa corne majestueuse, est non seulement adorable mais aussi incroyablement agile ! Gr\u00e2ce \u00e0 son corps segment\u00e9 et articul\u00e9, Paul prend vie avec un mouvement fluide et \u00e9l\u00e9gant d\u00e8s la sortie de l&#8217;imprimante. \ud83c\udf0a Pas besoin d&#8217;assemblage, la magie de la [&hellip;]","og_url":"https:\/\/www.monitorstlflix.com\/product\/paul-the-narwhal-690c614457f35\/","og_site_name":"MyStore - By STLFLIX","article_publisher":"https:\/\/www.facebook.com\/STLFLIX","article_modified_time":"2025-11-07T20:23:10+00:00","og_image":[{"width":1080,"height":1350,"url":"https:\/\/www.monitorstlflix.com\/wp-content\/uploads\/2025\/06\/Paul_the_Narwhalthumb_2a4cc07002.png","type":"image\/png"}],"twitter_card":"summary_large_image","twitter_misc":{"Est. reading time":"1 minute"},"schema":{"@context":"https:\/\/schema.org","@graph":[{"@type":"WebPage","@id":"https:\/\/www.monitorstlflix.com\/product\/paul-the-narwhal-690c614457f35\/","url":"https:\/\/www.monitorstlflix.com\/product\/paul-the-narwhal-690c614457f35\/","name":"\ud83c\udf0a Paul, Le Narval Flexible - MyStore - By STLFLIX","isPartOf":{"@id":"https:\/\/my.stlflix.com\/#website"},"primaryImageOfPage":{"@id":"https:\/\/www.monitorstlflix.com\/product\/paul-the-narwhal-690c614457f35\/#primaryimage"},"image":{"@id":"https:\/\/www.monitorstlflix.com\/product\/paul-the-narwhal-690c614457f35\/#primaryimage"},"thumbnailUrl":"https:\/\/my.stlflix.com\/wp-content\/uploads\/2025\/06\/Paul_the_Narwhalthumb_2a4cc07002.png","datePublished":"2025-11-06T09:12:38+00:00","dateModified":"2025-11-07T20:23:10+00:00","breadcrumb":{"@id":"https:\/\/www.monitorstlflix.com\/product\/paul-the-narwhal-690c614457f35\/#breadcrumb"},"inLanguage":"es-ES","potentialAction":[{"@type":"ReadAction","target":["https:\/\/www.monitorstlflix.com\/product\/paul-the-narwhal-690c614457f35\/"]}]},{"@type":"ImageObject","inLanguage":"es-ES","@id":"https:\/\/www.monitorstlflix.com\/product\/paul-the-narwhal-690c614457f35\/#primaryimage","url":"https:\/\/my.stlflix.com\/wp-content\/uploads\/2025\/06\/Paul_the_Narwhalthumb_2a4cc07002.png","contentUrl":"https:\/\/my.stlflix.com\/wp-content\/uploads\/2025\/06\/Paul_the_Narwhalthumb_2a4cc07002.png","width":1080,"height":1350},{"@type":"BreadcrumbList","@id":"https:\/\/www.monitorstlflix.com\/product\/paul-the-narwhal-690c614457f35\/#breadcrumb","itemListElement":[{"@type":"ListItem","position":1,"name":"Home","item":"https:\/\/www.stlflix-store.com\/"},{"@type":"ListItem","position":2,"name":"Products","item":"https:\/\/www.stlflix-store.com\/shop\/"},{"@type":"ListItem","position":3,"name":"\ud83c\udf0a Paul, Le Narval Flexible"}]},{"@type":"WebSite","@id":"https:\/\/my.stlflix.com\/#website","url":"https:\/\/my.stlflix.com\/","name":"MyStore - By STLFLIX","description":"","publisher":{"@id":"https:\/\/my.stlflix.com\/#organization"},"potentialAction":[{"@type":"SearchAction","target":{"@type":"EntryPoint","urlTemplate":"https:\/\/my.stlflix.com\/?s={search_term_string}"},"query-input":{"@type":"PropertyValueSpecification","valueRequired":true,"valueName":"search_term_string"}}],"inLanguage":"es-ES"},{"@type":"Organization","@id":"https:\/\/my.stlflix.com\/#organization","name":"MyStore - By STLFLIX","url":"https:\/\/my.stlflix.com\/","logo":{"@type":"ImageObject","inLanguage":"es-ES","@id":"https:\/\/my.stlflix.com\/#\/schema\/logo\/image\/","url":"https:\/\/my.stlflix.com\/wp-content\/uploads\/2024\/06\/logo-mystore.png","contentUrl":"https:\/\/my.stlflix.com\/wp-content\/uploads\/2024\/06\/logo-mystore.png","width":150,"height":41,"caption":"MyStore - By STLFLIX"},"image":{"@id":"https:\/\/my.stlflix.com\/#\/schema\/logo\/image\/"},"sameAs":["https:\/\/www.facebook.com\/STLFLIX","https:\/\/www.instagram.com\/stlflix_\/","https:\/\/www.tiktok.com\/@stlflix"]}]}},"_links":{"self":[{"href":"https:\/\/my.stlflix.com\/es\/wp-json\/wp\/v2\/product\/467759","targetHints":{"allow":["GET"]}}],"collection":[{"href":"https:\/\/my.stlflix.com\/es\/wp-json\/wp\/v2\/product"}],"about":[{"href":"https:\/\/my.stlflix.com\/es\/wp-json\/wp\/v2\/types\/product"}],"replies":[{"embeddable":true,"href":"https:\/\/my.stlflix.com\/es\/wp-json\/wp\/v2\/comments?post=467759"}],"wp:featuredmedia":[{"embeddable":true,"href":"https:\/\/my.stlflix.com\/es\/wp-json\/wp\/v2\/media\/385688"}],"wp:attachment":[{"href":"https:\/\/my.stlflix.com\/es\/wp-json\/wp\/v2\/media?parent=467759"}],"wp:term":[{"taxonomy":"product_brand","embeddable":true,"href":"https:\/\/my.stlflix.com\/es\/wp-json\/wp\/v2\/product_brand?post=467759"},{"taxonomy":"product_cat","embeddable":true,"href":"https:\/\/my.stlflix.com\/es\/wp-json\/wp\/v2\/product_cat?post=467759"},{"taxonomy":"product_tag","embeddable":true,"href":"https:\/\/my.stlflix.com\/es\/wp-json\/wp\/v2\/product_tag?post=467759"}],"curies":[{"name":"wp","href":"https:\/\/api.w.org\/{rel}","templated":true}]}}