{"id":467760,"date":"2025-11-06T09:12:37","date_gmt":"2025-11-06T09:12:37","guid":{"rendered":"https:\/\/my.stlflix.com\/?post_type=product&#038;p=467760"},"modified":"2025-11-07T20:23:10","modified_gmt":"2025-11-07T20:23:10","slug":"myrtle-the-turtle-690c614a8b663","status":"publish","type":"product","link":"https:\/\/my.stlflix.com\/es\/product\/myrtle-the-turtle-690c614a8b663\/","title":{"rendered":"\ud83d\udc22 Myrtle, La Tortue Flexible"},"content":{"rendered":"<h2 style=\"text-align: center\">Lenteur et flexibilit\u00e9 ! \ud83d\udc22<\/h2>\n<p>&nbsp;<\/p>\n<p style=\"text-align: center\">Rencontrez Myrtle, une tortue au sourire radieux et \u00e0 la carapace articul\u00e9e !<\/p>\n<p style=\"text-align: center\">La carapace segment\u00e9e de Myrtle se plie l\u00e9g\u00e8rement, ajoutant un mouvement subtil et amusant \u00e0 ce mod\u00e8le charmant. Imprim\u00e9e en vert et marron pour un look marin r\u00e9aliste et joyeux.<\/p>\n<p style=\"text-align: center\">Elle est parfaite pour d\u00e9corer et ajouter un peu de vie oc\u00e9anique \u00e0 votre int\u00e9rieur. \ud83c\udfd6\ufe0f<\/p>\n","protected":false},"excerpt":{"rendered":"<p>Lenteur et flexibilit\u00e9 ! \ud83d\udc22 &nbsp; Rencontrez Myrtle, une tortue au sourire radieux et \u00e0 la carapace articul\u00e9e ! La carapace segment\u00e9e de Myrtle se plie l\u00e9g\u00e8rement, ajoutant un mouvement subtil et amusant \u00e0 ce mod\u00e8le charmant. Imprim\u00e9e en vert et marron pour un look marin r\u00e9aliste et joyeux. Elle est parfaite pour d\u00e9corer et [&hellip;]<\/p>\n","protected":false},"featured_media":386321,"comment_status":"open","ping_status":"closed","template":"","meta":[],"product_brand":[],"product_cat":[15],"product_tag":[3539,154,781,3520],"class_list":{"0":"post-467760","1":"product","2":"type-product","3":"status-publish","4":"has-post-thumbnail","6":"product_cat-uncategorized","7":"product_tag-cute-flexi","8":"product_tag-flexi","9":"product_tag-flexi-animals","10":"product_tag-flexis","12":"first","13":"instock","14":"taxable","15":"shipping-taxable","16":"purchasable","17":"product-type-simple"},"yoast_head":"<!-- This site is optimized with the Yoast SEO plugin v25.1 - https:\/\/yoast.com\/wordpress\/plugins\/seo\/ -->\n<title>\ud83d\udc22 Myrtle, La Tortue Flexible - MyStore - By STLFLIX<\/title>\n<meta name=\"robots\" content=\"index, follow, max-snippet:-1, max-image-preview:large, max-video-preview:-1\" \/>\n<link rel=\"canonical\" href=\"https:\/\/my.stlflix.com\/es\/product\/myrtle-the-turtle-690c614a8b663\/\" \/>\n<meta property=\"og:locale\" content=\"es_ES\" \/>\n<meta property=\"og:type\" content=\"article\" \/>\n<meta property=\"og:title\" content=\"\ud83d\udc22 Myrtle, La Tortue Flexible - MyStore - By STLFLIX\" \/>\n<meta property=\"og:description\" content=\"Lenteur et flexibilit\u00e9 ! \ud83d\udc22 &nbsp; Rencontrez Myrtle, une tortue au sourire radieux et \u00e0 la carapace articul\u00e9e ! La carapace segment\u00e9e de Myrtle se plie l\u00e9g\u00e8rement, ajoutant un mouvement subtil et amusant \u00e0 ce mod\u00e8le charmant. Imprim\u00e9e en vert et marron pour un look marin r\u00e9aliste et joyeux. Elle est parfaite pour d\u00e9corer et [&hellip;]\" \/>\n<meta property=\"og:url\" content=\"https:\/\/my.stlflix.com\/es\/product\/myrtle-the-turtle-690c614a8b663\/\" \/>\n<meta property=\"og:site_name\" content=\"MyStore - By STLFLIX\" \/>\n<meta property=\"article:publisher\" content=\"https:\/\/www.facebook.com\/STLFLIX\" \/>\n<meta property=\"article:modified_time\" content=\"2025-11-07T20:23:10+00:00\" \/>\n<meta property=\"og:image\" content=\"https:\/\/my.stlflix.com\/wp-content\/uploads\/2025\/06\/Myrtle_the_Turtle_thumb_00c15479d2.png\" \/>\n\t<meta property=\"og:image:width\" content=\"1080\" \/>\n\t<meta property=\"og:image:height\" content=\"1350\" \/>\n\t<meta property=\"og:image:type\" content=\"image\/png\" \/>\n<meta name=\"twitter:card\" content=\"summary_large_image\" \/>\n<script type=\"application\/ld+json\" class=\"yoast-schema-graph\">{\"@context\":\"https:\/\/schema.org\",\"@graph\":[{\"@type\":\"WebPage\",\"@id\":\"https:\/\/my.stlflix.com\/es\/product\/myrtle-the-turtle-690c614a8b663\/\",\"url\":\"https:\/\/my.stlflix.com\/es\/product\/myrtle-the-turtle-690c614a8b663\/\",\"name\":\"\ud83d\udc22 Myrtle, La Tortue Flexible - MyStore - By STLFLIX\",\"isPartOf\":{\"@id\":\"https:\/\/my.stlflix.com\/#website\"},\"primaryImageOfPage\":{\"@id\":\"https:\/\/my.stlflix.com\/es\/product\/myrtle-the-turtle-690c614a8b663\/#primaryimage\"},\"image\":{\"@id\":\"https:\/\/my.stlflix.com\/es\/product\/myrtle-the-turtle-690c614a8b663\/#primaryimage\"},\"thumbnailUrl\":\"https:\/\/my.stlflix.com\/wp-content\/uploads\/2025\/06\/Myrtle_the_Turtle_thumb_00c15479d2.png\",\"datePublished\":\"2025-11-06T09:12:37+00:00\",\"dateModified\":\"2025-11-07T20:23:10+00:00\",\"breadcrumb\":{\"@id\":\"https:\/\/my.stlflix.com\/es\/product\/myrtle-the-turtle-690c614a8b663\/#breadcrumb\"},\"inLanguage\":\"es-ES\",\"potentialAction\":[{\"@type\":\"ReadAction\",\"target\":[\"https:\/\/my.stlflix.com\/es\/product\/myrtle-the-turtle-690c614a8b663\/\"]}]},{\"@type\":\"ImageObject\",\"inLanguage\":\"es-ES\",\"@id\":\"https:\/\/my.stlflix.com\/es\/product\/myrtle-the-turtle-690c614a8b663\/#primaryimage\",\"url\":\"https:\/\/my.stlflix.com\/wp-content\/uploads\/2025\/06\/Myrtle_the_Turtle_thumb_00c15479d2.png\",\"contentUrl\":\"https:\/\/my.stlflix.com\/wp-content\/uploads\/2025\/06\/Myrtle_the_Turtle_thumb_00c15479d2.png\",\"width\":1080,\"height\":1350},{\"@type\":\"BreadcrumbList\",\"@id\":\"https:\/\/my.stlflix.com\/es\/product\/myrtle-the-turtle-690c614a8b663\/#breadcrumb\",\"itemListElement\":[{\"@type\":\"ListItem\",\"position\":1,\"name\":\"Home\",\"item\":\"https:\/\/www.stlflix-store.com\/\"},{\"@type\":\"ListItem\",\"position\":2,\"name\":\"Products\",\"item\":\"https:\/\/www.stlflix-store.com\/shop\/\"},{\"@type\":\"ListItem\",\"position\":3,\"name\":\"\ud83d\udc22 Myrtle, La Tortue Flexible\"}]},{\"@type\":\"WebSite\",\"@id\":\"https:\/\/my.stlflix.com\/#website\",\"url\":\"https:\/\/my.stlflix.com\/\",\"name\":\"MyStore - By STLFLIX\",\"description\":\"\",\"publisher\":{\"@id\":\"https:\/\/my.stlflix.com\/#organization\"},\"potentialAction\":[{\"@type\":\"SearchAction\",\"target\":{\"@type\":\"EntryPoint\",\"urlTemplate\":\"https:\/\/my.stlflix.com\/?s={search_term_string}\"},\"query-input\":{\"@type\":\"PropertyValueSpecification\",\"valueRequired\":true,\"valueName\":\"search_term_string\"}}],\"inLanguage\":\"es-ES\"},{\"@type\":\"Organization\",\"@id\":\"https:\/\/my.stlflix.com\/#organization\",\"name\":\"MyStore - By STLFLIX\",\"url\":\"https:\/\/my.stlflix.com\/\",\"logo\":{\"@type\":\"ImageObject\",\"inLanguage\":\"es-ES\",\"@id\":\"https:\/\/my.stlflix.com\/#\/schema\/logo\/image\/\",\"url\":\"https:\/\/my.stlflix.com\/wp-content\/uploads\/2024\/06\/logo-mystore.png\",\"contentUrl\":\"https:\/\/my.stlflix.com\/wp-content\/uploads\/2024\/06\/logo-mystore.png\",\"width\":150,\"height\":41,\"caption\":\"MyStore - By STLFLIX\"},\"image\":{\"@id\":\"https:\/\/my.stlflix.com\/#\/schema\/logo\/image\/\"},\"sameAs\":[\"https:\/\/www.facebook.com\/STLFLIX\",\"https:\/\/www.instagram.com\/stlflix_\/\",\"https:\/\/www.tiktok.com\/@stlflix\"]}]}<\/script>\n<!-- \/ Yoast SEO plugin. -->","yoast_head_json":{"title":"\ud83d\udc22 Myrtle, La Tortue Flexible - MyStore - By STLFLIX","robots":{"index":"index","follow":"follow","max-snippet":"max-snippet:-1","max-image-preview":"max-image-preview:large","max-video-preview":"max-video-preview:-1"},"canonical":"https:\/\/my.stlflix.com\/es\/product\/myrtle-the-turtle-690c614a8b663\/","og_locale":"es_ES","og_type":"article","og_title":"\ud83d\udc22 Myrtle, La Tortue Flexible - MyStore - By STLFLIX","og_description":"Lenteur et flexibilit\u00e9 ! \ud83d\udc22 &nbsp; Rencontrez Myrtle, une tortue au sourire radieux et \u00e0 la carapace articul\u00e9e ! La carapace segment\u00e9e de Myrtle se plie l\u00e9g\u00e8rement, ajoutant un mouvement subtil et amusant \u00e0 ce mod\u00e8le charmant. Imprim\u00e9e en vert et marron pour un look marin r\u00e9aliste et joyeux. Elle est parfaite pour d\u00e9corer et [&hellip;]","og_url":"https:\/\/my.stlflix.com\/es\/product\/myrtle-the-turtle-690c614a8b663\/","og_site_name":"MyStore - By STLFLIX","article_publisher":"https:\/\/www.facebook.com\/STLFLIX","article_modified_time":"2025-11-07T20:23:10+00:00","og_image":[{"width":1080,"height":1350,"url":"https:\/\/my.stlflix.com\/wp-content\/uploads\/2025\/06\/Myrtle_the_Turtle_thumb_00c15479d2.png","type":"image\/png"}],"twitter_card":"summary_large_image","schema":{"@context":"https:\/\/schema.org","@graph":[{"@type":"WebPage","@id":"https:\/\/my.stlflix.com\/es\/product\/myrtle-the-turtle-690c614a8b663\/","url":"https:\/\/my.stlflix.com\/es\/product\/myrtle-the-turtle-690c614a8b663\/","name":"\ud83d\udc22 Myrtle, La Tortue Flexible - MyStore - By STLFLIX","isPartOf":{"@id":"https:\/\/my.stlflix.com\/#website"},"primaryImageOfPage":{"@id":"https:\/\/my.stlflix.com\/es\/product\/myrtle-the-turtle-690c614a8b663\/#primaryimage"},"image":{"@id":"https:\/\/my.stlflix.com\/es\/product\/myrtle-the-turtle-690c614a8b663\/#primaryimage"},"thumbnailUrl":"https:\/\/my.stlflix.com\/wp-content\/uploads\/2025\/06\/Myrtle_the_Turtle_thumb_00c15479d2.png","datePublished":"2025-11-06T09:12:37+00:00","dateModified":"2025-11-07T20:23:10+00:00","breadcrumb":{"@id":"https:\/\/my.stlflix.com\/es\/product\/myrtle-the-turtle-690c614a8b663\/#breadcrumb"},"inLanguage":"es-ES","potentialAction":[{"@type":"ReadAction","target":["https:\/\/my.stlflix.com\/es\/product\/myrtle-the-turtle-690c614a8b663\/"]}]},{"@type":"ImageObject","inLanguage":"es-ES","@id":"https:\/\/my.stlflix.com\/es\/product\/myrtle-the-turtle-690c614a8b663\/#primaryimage","url":"https:\/\/my.stlflix.com\/wp-content\/uploads\/2025\/06\/Myrtle_the_Turtle_thumb_00c15479d2.png","contentUrl":"https:\/\/my.stlflix.com\/wp-content\/uploads\/2025\/06\/Myrtle_the_Turtle_thumb_00c15479d2.png","width":1080,"height":1350},{"@type":"BreadcrumbList","@id":"https:\/\/my.stlflix.com\/es\/product\/myrtle-the-turtle-690c614a8b663\/#breadcrumb","itemListElement":[{"@type":"ListItem","position":1,"name":"Home","item":"https:\/\/www.stlflix-store.com\/"},{"@type":"ListItem","position":2,"name":"Products","item":"https:\/\/www.stlflix-store.com\/shop\/"},{"@type":"ListItem","position":3,"name":"\ud83d\udc22 Myrtle, La Tortue Flexible"}]},{"@type":"WebSite","@id":"https:\/\/my.stlflix.com\/#website","url":"https:\/\/my.stlflix.com\/","name":"MyStore - By STLFLIX","description":"","publisher":{"@id":"https:\/\/my.stlflix.com\/#organization"},"potentialAction":[{"@type":"SearchAction","target":{"@type":"EntryPoint","urlTemplate":"https:\/\/my.stlflix.com\/?s={search_term_string}"},"query-input":{"@type":"PropertyValueSpecification","valueRequired":true,"valueName":"search_term_string"}}],"inLanguage":"es-ES"},{"@type":"Organization","@id":"https:\/\/my.stlflix.com\/#organization","name":"MyStore - By STLFLIX","url":"https:\/\/my.stlflix.com\/","logo":{"@type":"ImageObject","inLanguage":"es-ES","@id":"https:\/\/my.stlflix.com\/#\/schema\/logo\/image\/","url":"https:\/\/my.stlflix.com\/wp-content\/uploads\/2024\/06\/logo-mystore.png","contentUrl":"https:\/\/my.stlflix.com\/wp-content\/uploads\/2024\/06\/logo-mystore.png","width":150,"height":41,"caption":"MyStore - By STLFLIX"},"image":{"@id":"https:\/\/my.stlflix.com\/#\/schema\/logo\/image\/"},"sameAs":["https:\/\/www.facebook.com\/STLFLIX","https:\/\/www.instagram.com\/stlflix_\/","https:\/\/www.tiktok.com\/@stlflix"]}]}},"_links":{"self":[{"href":"https:\/\/my.stlflix.com\/es\/wp-json\/wp\/v2\/product\/467760","targetHints":{"allow":["GET"]}}],"collection":[{"href":"https:\/\/my.stlflix.com\/es\/wp-json\/wp\/v2\/product"}],"about":[{"href":"https:\/\/my.stlflix.com\/es\/wp-json\/wp\/v2\/types\/product"}],"replies":[{"embeddable":true,"href":"https:\/\/my.stlflix.com\/es\/wp-json\/wp\/v2\/comments?post=467760"}],"wp:featuredmedia":[{"embeddable":true,"href":"https:\/\/my.stlflix.com\/es\/wp-json\/wp\/v2\/media\/386321"}],"wp:attachment":[{"href":"https:\/\/my.stlflix.com\/es\/wp-json\/wp\/v2\/media?parent=467760"}],"wp:term":[{"taxonomy":"product_brand","embeddable":true,"href":"https:\/\/my.stlflix.com\/es\/wp-json\/wp\/v2\/product_brand?post=467760"},{"taxonomy":"product_cat","embeddable":true,"href":"https:\/\/my.stlflix.com\/es\/wp-json\/wp\/v2\/product_cat?post=467760"},{"taxonomy":"product_tag","embeddable":true,"href":"https:\/\/my.stlflix.com\/es\/wp-json\/wp\/v2\/product_tag?post=467760"}],"curies":[{"name":"wp","href":"https:\/\/api.w.org\/{rel}","templated":true}]}}