{"id":467761,"date":"2025-11-06T09:12:37","date_gmt":"2025-11-06T09:12:37","guid":{"rendered":"https:\/\/my.stlflix.com\/?post_type=product&#038;p=467761"},"modified":"2025-11-07T20:23:10","modified_gmt":"2025-11-07T20:23:10","slug":"lara-the-koala-690c614e73d5b","status":"publish","type":"product","link":"https:\/\/my.stlflix.com\/es\/product\/lara-the-koala-690c614e73d5b\/","title":{"rendered":"\ud83d\udc28 Lara, Le Koala Flexible"},"content":{"rendered":"<h2 style=\"text-align: center\"><b>Lara est l\u00e0 pour se d\u00e9tendre !<\/b> \ud83d\ude34<\/h2>\n<p>&nbsp;<\/p>\n<p style=\"text-align: center\">Ce petit koala adorable est l&#8217;incarnation m\u00eame du <i>chill<\/i>. Son corps, enti\u00e8rement articul\u00e9, lui permet de se lover et de se reposer dans toutes les positions imaginables.<\/p>\n<p style=\"text-align: center\">Parfaite pour un petit dodo sur votre \u00e9tag\u00e8re ou pour \u00eatre manipul\u00e9e doucement.<\/p>\n<p style=\"text-align: center\">Lara est imprim\u00e9e dans un joli gris et blanc, capturant sa douceur australienne. \ud83d\udc28<\/p>\n<p style=\"text-align: center\">Un compagnon flexible et relaxant pour \u00e9gayer votre journ\u00e9e. \ud83d\udc96<\/p>\n","protected":false},"excerpt":{"rendered":"<p>Lara est l\u00e0 pour se d\u00e9tendre ! \ud83d\ude34 &nbsp; Ce petit koala adorable est l&#8217;incarnation m\u00eame du chill. Son corps, enti\u00e8rement articul\u00e9, lui permet de se lover et de se reposer dans toutes les positions imaginables. Parfaite pour un petit dodo sur votre \u00e9tag\u00e8re ou pour \u00eatre manipul\u00e9e doucement. Lara est imprim\u00e9e dans un joli [&hellip;]<\/p>\n","protected":false},"featured_media":386028,"comment_status":"open","ping_status":"closed","template":"","meta":[],"product_brand":[],"product_cat":[15],"product_tag":[3539,154,781,3520,6924],"class_list":{"0":"post-467761","1":"product","2":"type-product","3":"status-publish","4":"has-post-thumbnail","6":"product_cat-uncategorized","7":"product_tag-cute-flexi","8":"product_tag-flexi","9":"product_tag-flexi-animals","10":"product_tag-flexis","11":"product_tag-mesh-buddies-il","13":"first","14":"instock","15":"taxable","16":"shipping-taxable","17":"purchasable","18":"product-type-simple"},"yoast_head":"<!-- This site is optimized with the Yoast SEO plugin v25.1 - https:\/\/yoast.com\/wordpress\/plugins\/seo\/ -->\n<title>\ud83d\udc28 Lara, Le Koala Flexible - MyStore - By STLFLIX<\/title>\n<meta name=\"robots\" content=\"index, follow, max-snippet:-1, max-image-preview:large, max-video-preview:-1\" \/>\n<link rel=\"canonical\" href=\"https:\/\/www.my3dstore-example.com\/product\/lara-the-koala-690c614e73d5b\/\" \/>\n<meta property=\"og:locale\" content=\"es_ES\" \/>\n<meta property=\"og:type\" content=\"article\" \/>\n<meta property=\"og:title\" content=\"\ud83d\udc28 Lara, Le Koala Flexible - MyStore - By STLFLIX\" \/>\n<meta property=\"og:description\" content=\"Lara est l\u00e0 pour se d\u00e9tendre ! \ud83d\ude34 &nbsp; Ce petit koala adorable est l&#8217;incarnation m\u00eame du chill. Son corps, enti\u00e8rement articul\u00e9, lui permet de se lover et de se reposer dans toutes les positions imaginables. Parfaite pour un petit dodo sur votre \u00e9tag\u00e8re ou pour \u00eatre manipul\u00e9e doucement. Lara est imprim\u00e9e dans un joli [&hellip;]\" \/>\n<meta property=\"og:url\" content=\"https:\/\/www.my3dstore-example.com\/product\/lara-the-koala-690c614e73d5b\/\" \/>\n<meta property=\"og:site_name\" content=\"MyStore - By STLFLIX\" \/>\n<meta property=\"article:publisher\" content=\"https:\/\/www.facebook.com\/STLFLIX\" \/>\n<meta property=\"article:modified_time\" content=\"2025-11-07T20:23:10+00:00\" \/>\n<meta property=\"og:image\" content=\"https:\/\/www.my3dstore-example.com\/wp-content\/uploads\/2025\/06\/Lara_the_Koala_thumb_69b6db172f.png\" \/>\n\t<meta property=\"og:image:width\" content=\"1080\" \/>\n\t<meta property=\"og:image:height\" content=\"1350\" \/>\n\t<meta property=\"og:image:type\" content=\"image\/png\" \/>\n<meta name=\"twitter:card\" content=\"summary_large_image\" \/>\n<script type=\"application\/ld+json\" class=\"yoast-schema-graph\">{\"@context\":\"https:\/\/schema.org\",\"@graph\":[{\"@type\":\"WebPage\",\"@id\":\"https:\/\/www.my3dstore-example.com\/product\/lara-the-koala-690c614e73d5b\/\",\"url\":\"https:\/\/www.my3dstore-example.com\/product\/lara-the-koala-690c614e73d5b\/\",\"name\":\"\ud83d\udc28 Lara, Le Koala Flexible - MyStore - By STLFLIX\",\"isPartOf\":{\"@id\":\"https:\/\/my.stlflix.com\/#website\"},\"primaryImageOfPage\":{\"@id\":\"https:\/\/www.my3dstore-example.com\/product\/lara-the-koala-690c614e73d5b\/#primaryimage\"},\"image\":{\"@id\":\"https:\/\/www.my3dstore-example.com\/product\/lara-the-koala-690c614e73d5b\/#primaryimage\"},\"thumbnailUrl\":\"https:\/\/my.stlflix.com\/wp-content\/uploads\/2025\/06\/Lara_the_Koala_thumb_69b6db172f.png\",\"datePublished\":\"2025-11-06T09:12:37+00:00\",\"dateModified\":\"2025-11-07T20:23:10+00:00\",\"breadcrumb\":{\"@id\":\"https:\/\/www.my3dstore-example.com\/product\/lara-the-koala-690c614e73d5b\/#breadcrumb\"},\"inLanguage\":\"es-ES\",\"potentialAction\":[{\"@type\":\"ReadAction\",\"target\":[\"https:\/\/www.my3dstore-example.com\/product\/lara-the-koala-690c614e73d5b\/\"]}]},{\"@type\":\"ImageObject\",\"inLanguage\":\"es-ES\",\"@id\":\"https:\/\/www.my3dstore-example.com\/product\/lara-the-koala-690c614e73d5b\/#primaryimage\",\"url\":\"https:\/\/my.stlflix.com\/wp-content\/uploads\/2025\/06\/Lara_the_Koala_thumb_69b6db172f.png\",\"contentUrl\":\"https:\/\/my.stlflix.com\/wp-content\/uploads\/2025\/06\/Lara_the_Koala_thumb_69b6db172f.png\",\"width\":1080,\"height\":1350},{\"@type\":\"BreadcrumbList\",\"@id\":\"https:\/\/www.my3dstore-example.com\/product\/lara-the-koala-690c614e73d5b\/#breadcrumb\",\"itemListElement\":[{\"@type\":\"ListItem\",\"position\":1,\"name\":\"Home\",\"item\":\"https:\/\/www.stlflix-store.com\/\"},{\"@type\":\"ListItem\",\"position\":2,\"name\":\"Products\",\"item\":\"https:\/\/www.stlflix-store.com\/shop\/\"},{\"@type\":\"ListItem\",\"position\":3,\"name\":\"\ud83d\udc28 Lara, Le Koala Flexible\"}]},{\"@type\":\"WebSite\",\"@id\":\"https:\/\/my.stlflix.com\/#website\",\"url\":\"https:\/\/my.stlflix.com\/\",\"name\":\"MyStore - By STLFLIX\",\"description\":\"\",\"publisher\":{\"@id\":\"https:\/\/my.stlflix.com\/#organization\"},\"potentialAction\":[{\"@type\":\"SearchAction\",\"target\":{\"@type\":\"EntryPoint\",\"urlTemplate\":\"https:\/\/my.stlflix.com\/?s={search_term_string}\"},\"query-input\":{\"@type\":\"PropertyValueSpecification\",\"valueRequired\":true,\"valueName\":\"search_term_string\"}}],\"inLanguage\":\"es-ES\"},{\"@type\":\"Organization\",\"@id\":\"https:\/\/my.stlflix.com\/#organization\",\"name\":\"MyStore - By STLFLIX\",\"url\":\"https:\/\/my.stlflix.com\/\",\"logo\":{\"@type\":\"ImageObject\",\"inLanguage\":\"es-ES\",\"@id\":\"https:\/\/my.stlflix.com\/#\/schema\/logo\/image\/\",\"url\":\"https:\/\/my.stlflix.com\/wp-content\/uploads\/2024\/06\/logo-mystore.png\",\"contentUrl\":\"https:\/\/my.stlflix.com\/wp-content\/uploads\/2024\/06\/logo-mystore.png\",\"width\":150,\"height\":41,\"caption\":\"MyStore - By STLFLIX\"},\"image\":{\"@id\":\"https:\/\/my.stlflix.com\/#\/schema\/logo\/image\/\"},\"sameAs\":[\"https:\/\/www.facebook.com\/STLFLIX\",\"https:\/\/www.instagram.com\/stlflix_\/\",\"https:\/\/www.tiktok.com\/@stlflix\"]}]}<\/script>\n<!-- \/ Yoast SEO plugin. -->","yoast_head_json":{"title":"\ud83d\udc28 Lara, Le Koala Flexible - MyStore - By STLFLIX","robots":{"index":"index","follow":"follow","max-snippet":"max-snippet:-1","max-image-preview":"max-image-preview:large","max-video-preview":"max-video-preview:-1"},"canonical":"https:\/\/www.my3dstore-example.com\/product\/lara-the-koala-690c614e73d5b\/","og_locale":"es_ES","og_type":"article","og_title":"\ud83d\udc28 Lara, Le Koala Flexible - MyStore - By STLFLIX","og_description":"Lara est l\u00e0 pour se d\u00e9tendre ! \ud83d\ude34 &nbsp; Ce petit koala adorable est l&#8217;incarnation m\u00eame du chill. Son corps, enti\u00e8rement articul\u00e9, lui permet de se lover et de se reposer dans toutes les positions imaginables. Parfaite pour un petit dodo sur votre \u00e9tag\u00e8re ou pour \u00eatre manipul\u00e9e doucement. Lara est imprim\u00e9e dans un joli [&hellip;]","og_url":"https:\/\/www.my3dstore-example.com\/product\/lara-the-koala-690c614e73d5b\/","og_site_name":"MyStore - By STLFLIX","article_publisher":"https:\/\/www.facebook.com\/STLFLIX","article_modified_time":"2025-11-07T20:23:10+00:00","og_image":[{"width":1080,"height":1350,"url":"https:\/\/www.my3dstore-example.com\/wp-content\/uploads\/2025\/06\/Lara_the_Koala_thumb_69b6db172f.png","type":"image\/png"}],"twitter_card":"summary_large_image","schema":{"@context":"https:\/\/schema.org","@graph":[{"@type":"WebPage","@id":"https:\/\/www.my3dstore-example.com\/product\/lara-the-koala-690c614e73d5b\/","url":"https:\/\/www.my3dstore-example.com\/product\/lara-the-koala-690c614e73d5b\/","name":"\ud83d\udc28 Lara, Le Koala Flexible - MyStore - By STLFLIX","isPartOf":{"@id":"https:\/\/my.stlflix.com\/#website"},"primaryImageOfPage":{"@id":"https:\/\/www.my3dstore-example.com\/product\/lara-the-koala-690c614e73d5b\/#primaryimage"},"image":{"@id":"https:\/\/www.my3dstore-example.com\/product\/lara-the-koala-690c614e73d5b\/#primaryimage"},"thumbnailUrl":"https:\/\/my.stlflix.com\/wp-content\/uploads\/2025\/06\/Lara_the_Koala_thumb_69b6db172f.png","datePublished":"2025-11-06T09:12:37+00:00","dateModified":"2025-11-07T20:23:10+00:00","breadcrumb":{"@id":"https:\/\/www.my3dstore-example.com\/product\/lara-the-koala-690c614e73d5b\/#breadcrumb"},"inLanguage":"es-ES","potentialAction":[{"@type":"ReadAction","target":["https:\/\/www.my3dstore-example.com\/product\/lara-the-koala-690c614e73d5b\/"]}]},{"@type":"ImageObject","inLanguage":"es-ES","@id":"https:\/\/www.my3dstore-example.com\/product\/lara-the-koala-690c614e73d5b\/#primaryimage","url":"https:\/\/my.stlflix.com\/wp-content\/uploads\/2025\/06\/Lara_the_Koala_thumb_69b6db172f.png","contentUrl":"https:\/\/my.stlflix.com\/wp-content\/uploads\/2025\/06\/Lara_the_Koala_thumb_69b6db172f.png","width":1080,"height":1350},{"@type":"BreadcrumbList","@id":"https:\/\/www.my3dstore-example.com\/product\/lara-the-koala-690c614e73d5b\/#breadcrumb","itemListElement":[{"@type":"ListItem","position":1,"name":"Home","item":"https:\/\/www.stlflix-store.com\/"},{"@type":"ListItem","position":2,"name":"Products","item":"https:\/\/www.stlflix-store.com\/shop\/"},{"@type":"ListItem","position":3,"name":"\ud83d\udc28 Lara, Le Koala Flexible"}]},{"@type":"WebSite","@id":"https:\/\/my.stlflix.com\/#website","url":"https:\/\/my.stlflix.com\/","name":"MyStore - By STLFLIX","description":"","publisher":{"@id":"https:\/\/my.stlflix.com\/#organization"},"potentialAction":[{"@type":"SearchAction","target":{"@type":"EntryPoint","urlTemplate":"https:\/\/my.stlflix.com\/?s={search_term_string}"},"query-input":{"@type":"PropertyValueSpecification","valueRequired":true,"valueName":"search_term_string"}}],"inLanguage":"es-ES"},{"@type":"Organization","@id":"https:\/\/my.stlflix.com\/#organization","name":"MyStore - By STLFLIX","url":"https:\/\/my.stlflix.com\/","logo":{"@type":"ImageObject","inLanguage":"es-ES","@id":"https:\/\/my.stlflix.com\/#\/schema\/logo\/image\/","url":"https:\/\/my.stlflix.com\/wp-content\/uploads\/2024\/06\/logo-mystore.png","contentUrl":"https:\/\/my.stlflix.com\/wp-content\/uploads\/2024\/06\/logo-mystore.png","width":150,"height":41,"caption":"MyStore - By STLFLIX"},"image":{"@id":"https:\/\/my.stlflix.com\/#\/schema\/logo\/image\/"},"sameAs":["https:\/\/www.facebook.com\/STLFLIX","https:\/\/www.instagram.com\/stlflix_\/","https:\/\/www.tiktok.com\/@stlflix"]}]}},"_links":{"self":[{"href":"https:\/\/my.stlflix.com\/es\/wp-json\/wp\/v2\/product\/467761","targetHints":{"allow":["GET"]}}],"collection":[{"href":"https:\/\/my.stlflix.com\/es\/wp-json\/wp\/v2\/product"}],"about":[{"href":"https:\/\/my.stlflix.com\/es\/wp-json\/wp\/v2\/types\/product"}],"replies":[{"embeddable":true,"href":"https:\/\/my.stlflix.com\/es\/wp-json\/wp\/v2\/comments?post=467761"}],"wp:featuredmedia":[{"embeddable":true,"href":"https:\/\/my.stlflix.com\/es\/wp-json\/wp\/v2\/media\/386028"}],"wp:attachment":[{"href":"https:\/\/my.stlflix.com\/es\/wp-json\/wp\/v2\/media?parent=467761"}],"wp:term":[{"taxonomy":"product_brand","embeddable":true,"href":"https:\/\/my.stlflix.com\/es\/wp-json\/wp\/v2\/product_brand?post=467761"},{"taxonomy":"product_cat","embeddable":true,"href":"https:\/\/my.stlflix.com\/es\/wp-json\/wp\/v2\/product_cat?post=467761"},{"taxonomy":"product_tag","embeddable":true,"href":"https:\/\/my.stlflix.com\/es\/wp-json\/wp\/v2\/product_tag?post=467761"}],"curies":[{"name":"wp","href":"https:\/\/api.w.org\/{rel}","templated":true}]}}