{"id":468352,"date":"2025-11-11T02:41:43","date_gmt":"2025-11-11T02:41:43","guid":{"rendered":"https:\/\/my.stlflix.com\/?post_type=product&#038;p=468352"},"modified":"2025-11-11T17:23:11","modified_gmt":"2025-11-11T17:23:11","slug":"meltproof-coaster-690d31e0719cd","status":"publish","type":"product","link":"https:\/\/my.stlflix.com\/es\/product\/meltproof-coaster-690d31e0719cd\/","title":{"rendered":"Porta copo Boneco de neve"},"content":{"rendered":"<p data-start=\"204\" data-end=\"505\">Encante sua mesa com o charme do <strong data-start=\"254\" data-end=\"284\">Porta-Copos Boneco de Neve<\/strong> \u26c4\u2728<br data-start=\"287\" data-end=\"290\" \/>Um item funcional e cheio de personalidade, perfeito para complementar sua decora\u00e7\u00e3o natalina ou presentear algu\u00e9m especial. Com um design alegre e delicado, ele traz o esp\u00edrito do Natal para cada detalhe da casa.<\/p>\n<p data-start=\"507\" data-end=\"639\">Medidas aproximadas: <strong data-start=\"528\" data-end=\"546\">7 cm de altura<\/strong>, <strong data-start=\"548\" data-end=\"573\">12 cm de profundidade<\/strong> e <strong data-start=\"576\" data-end=\"596\">18 cm de largura<\/strong>.<br data-start=\"597\" data-end=\"600\" \/>Cores: conforme o modelo apresentado.<\/p>\n<p data-start=\"641\" data-end=\"974\"><strong data-start=\"641\" data-end=\"674\">Informa\u00e7\u00f5es:<\/strong><br data-start=\"674\" data-end=\"677\" \/>\ud83c\udfa8 Produto impresso em 3D com acabamento de qualidade e detalhes precisos.<br data-start=\"751\" data-end=\"754\" \/>\ud83e\uddfc F\u00e1cil de limpar e ideal para uso decorativo ou cotidiano.<br data-start=\"814\" data-end=\"817\" \/>\ud83c\udf81 Perfeito para compor kits de presentes ou dar um toque divertido \u00e0 sua mesa.<br data-start=\"896\" data-end=\"899\" \/>\ud83d\udce6 <strong data-start=\"902\" data-end=\"914\">Entrega:<\/strong> a combinar.<br data-start=\"926\" data-end=\"929\" \/>\ud83d\udcb0 <strong data-start=\"932\" data-end=\"942\" data-is-only-node=\"\">Pre\u00e7o:<\/strong> R$ 60,00 (frete n\u00e3o incluso).<\/p>\n<p data-start=\"976\" data-end=\"1054\">Um detalhe encantador que une praticidade, beleza e o clima m\u00e1gico do Natal!<\/p>\n","protected":false},"excerpt":{"rendered":"<p>Encante sua mesa com o charme do Porta-Copos Boneco de Neve \u26c4\u2728Um item funcional e cheio de personalidade, perfeito para complementar sua decora\u00e7\u00e3o natalina ou presentear algu\u00e9m especial. Com um design alegre e delicado, ele traz o esp\u00edrito do Natal para cada detalhe da casa. Medidas aproximadas: 7 cm de altura, 12 cm de profundidade [&hellip;]<\/p>\n","protected":false},"featured_media":472086,"comment_status":"open","ping_status":"closed","template":"","meta":[],"product_brand":[],"product_cat":[15],"product_tag":[688,6925],"class_list":{"0":"post-468352","1":"product","2":"type-product","3":"status-publish","4":"has-post-thumbnail","6":"product_cat-uncategorized","7":"product_tag-natal","8":"product_tag-sazonal","10":"first","11":"instock","12":"taxable","13":"shipping-taxable","14":"purchasable","15":"product-type-simple"},"yoast_head":"<!-- This site is optimized with the Yoast SEO plugin v25.1 - https:\/\/yoast.com\/wordpress\/plugins\/seo\/ -->\n<title>Porta copo Boneco de neve - MyStore - By STLFLIX<\/title>\n<meta name=\"robots\" content=\"index, follow, max-snippet:-1, max-image-preview:large, max-video-preview:-1\" \/>\n<link rel=\"canonical\" href=\"https:\/\/www.monitorstlflix.com\/product\/meltproof-coaster-690d31e0719cd\/\" \/>\n<meta property=\"og:locale\" content=\"es_ES\" \/>\n<meta property=\"og:type\" content=\"article\" \/>\n<meta property=\"og:title\" content=\"Porta copo Boneco de neve - MyStore - By STLFLIX\" \/>\n<meta property=\"og:description\" content=\"Encante sua mesa com o charme do Porta-Copos Boneco de Neve \u26c4\u2728Um item funcional e cheio de personalidade, perfeito para complementar sua decora\u00e7\u00e3o natalina ou presentear algu\u00e9m especial. Com um design alegre e delicado, ele traz o esp\u00edrito do Natal para cada detalhe da casa. Medidas aproximadas: 7 cm de altura, 12 cm de profundidade [&hellip;]\" \/>\n<meta property=\"og:url\" content=\"https:\/\/www.monitorstlflix.com\/product\/meltproof-coaster-690d31e0719cd\/\" \/>\n<meta property=\"og:site_name\" content=\"MyStore - By STLFLIX\" \/>\n<meta property=\"article:publisher\" content=\"https:\/\/www.facebook.com\/STLFLIX\" \/>\n<meta property=\"article:modified_time\" content=\"2025-11-11T17:23:11+00:00\" \/>\n<meta property=\"og:image\" content=\"https:\/\/www.monitorstlflix.com\/wp-content\/uploads\/2025\/11\/cropped-Meltproof_Coaster1_9fc4ecfeb1.jpg\" \/>\n\t<meta property=\"og:image:width\" content=\"1078\" \/>\n\t<meta property=\"og:image:height\" content=\"1350\" \/>\n\t<meta property=\"og:image:type\" content=\"image\/jpeg\" \/>\n<meta name=\"twitter:card\" content=\"summary_large_image\" \/>\n<meta name=\"twitter:label1\" content=\"Est. reading time\" \/>\n\t<meta name=\"twitter:data1\" content=\"1 minute\" \/>\n<script type=\"application\/ld+json\" class=\"yoast-schema-graph\">{\"@context\":\"https:\/\/schema.org\",\"@graph\":[{\"@type\":\"WebPage\",\"@id\":\"https:\/\/www.monitorstlflix.com\/product\/meltproof-coaster-690d31e0719cd\/\",\"url\":\"https:\/\/www.monitorstlflix.com\/product\/meltproof-coaster-690d31e0719cd\/\",\"name\":\"Porta copo Boneco de neve - MyStore - By STLFLIX\",\"isPartOf\":{\"@id\":\"https:\/\/my.stlflix.com\/#website\"},\"primaryImageOfPage\":{\"@id\":\"https:\/\/www.monitorstlflix.com\/product\/meltproof-coaster-690d31e0719cd\/#primaryimage\"},\"image\":{\"@id\":\"https:\/\/www.monitorstlflix.com\/product\/meltproof-coaster-690d31e0719cd\/#primaryimage\"},\"thumbnailUrl\":\"https:\/\/my.stlflix.com\/wp-content\/uploads\/2025\/11\/cropped-Meltproof_Coaster1_9fc4ecfeb1.jpg\",\"datePublished\":\"2025-11-11T02:41:43+00:00\",\"dateModified\":\"2025-11-11T17:23:11+00:00\",\"breadcrumb\":{\"@id\":\"https:\/\/www.monitorstlflix.com\/product\/meltproof-coaster-690d31e0719cd\/#breadcrumb\"},\"inLanguage\":\"es-ES\",\"potentialAction\":[{\"@type\":\"ReadAction\",\"target\":[\"https:\/\/www.monitorstlflix.com\/product\/meltproof-coaster-690d31e0719cd\/\"]}]},{\"@type\":\"ImageObject\",\"inLanguage\":\"es-ES\",\"@id\":\"https:\/\/www.monitorstlflix.com\/product\/meltproof-coaster-690d31e0719cd\/#primaryimage\",\"url\":\"https:\/\/my.stlflix.com\/wp-content\/uploads\/2025\/11\/cropped-Meltproof_Coaster1_9fc4ecfeb1.jpg\",\"contentUrl\":\"https:\/\/my.stlflix.com\/wp-content\/uploads\/2025\/11\/cropped-Meltproof_Coaster1_9fc4ecfeb1.jpg\",\"width\":1078,\"height\":1350},{\"@type\":\"BreadcrumbList\",\"@id\":\"https:\/\/www.monitorstlflix.com\/product\/meltproof-coaster-690d31e0719cd\/#breadcrumb\",\"itemListElement\":[{\"@type\":\"ListItem\",\"position\":1,\"name\":\"Home\",\"item\":\"https:\/\/www.stlflix-store.com\/\"},{\"@type\":\"ListItem\",\"position\":2,\"name\":\"Products\",\"item\":\"https:\/\/www.stlflix-store.com\/shop\/\"},{\"@type\":\"ListItem\",\"position\":3,\"name\":\"Porta copo Boneco de neve\"}]},{\"@type\":\"WebSite\",\"@id\":\"https:\/\/my.stlflix.com\/#website\",\"url\":\"https:\/\/my.stlflix.com\/\",\"name\":\"MyStore - By STLFLIX\",\"description\":\"\",\"publisher\":{\"@id\":\"https:\/\/my.stlflix.com\/#organization\"},\"potentialAction\":[{\"@type\":\"SearchAction\",\"target\":{\"@type\":\"EntryPoint\",\"urlTemplate\":\"https:\/\/my.stlflix.com\/?s={search_term_string}\"},\"query-input\":{\"@type\":\"PropertyValueSpecification\",\"valueRequired\":true,\"valueName\":\"search_term_string\"}}],\"inLanguage\":\"es-ES\"},{\"@type\":\"Organization\",\"@id\":\"https:\/\/my.stlflix.com\/#organization\",\"name\":\"MyStore - By STLFLIX\",\"url\":\"https:\/\/my.stlflix.com\/\",\"logo\":{\"@type\":\"ImageObject\",\"inLanguage\":\"es-ES\",\"@id\":\"https:\/\/my.stlflix.com\/#\/schema\/logo\/image\/\",\"url\":\"https:\/\/my.stlflix.com\/wp-content\/uploads\/2024\/06\/logo-mystore.png\",\"contentUrl\":\"https:\/\/my.stlflix.com\/wp-content\/uploads\/2024\/06\/logo-mystore.png\",\"width\":150,\"height\":41,\"caption\":\"MyStore - By STLFLIX\"},\"image\":{\"@id\":\"https:\/\/my.stlflix.com\/#\/schema\/logo\/image\/\"},\"sameAs\":[\"https:\/\/www.facebook.com\/STLFLIX\",\"https:\/\/www.instagram.com\/stlflix_\/\",\"https:\/\/www.tiktok.com\/@stlflix\"]}]}<\/script>\n<!-- \/ Yoast SEO plugin. -->","yoast_head_json":{"title":"Porta copo Boneco de neve - MyStore - By STLFLIX","robots":{"index":"index","follow":"follow","max-snippet":"max-snippet:-1","max-image-preview":"max-image-preview:large","max-video-preview":"max-video-preview:-1"},"canonical":"https:\/\/www.monitorstlflix.com\/product\/meltproof-coaster-690d31e0719cd\/","og_locale":"es_ES","og_type":"article","og_title":"Porta copo Boneco de neve - MyStore - By STLFLIX","og_description":"Encante sua mesa com o charme do Porta-Copos Boneco de Neve \u26c4\u2728Um item funcional e cheio de personalidade, perfeito para complementar sua decora\u00e7\u00e3o natalina ou presentear algu\u00e9m especial. Com um design alegre e delicado, ele traz o esp\u00edrito do Natal para cada detalhe da casa. Medidas aproximadas: 7 cm de altura, 12 cm de profundidade [&hellip;]","og_url":"https:\/\/www.monitorstlflix.com\/product\/meltproof-coaster-690d31e0719cd\/","og_site_name":"MyStore - By STLFLIX","article_publisher":"https:\/\/www.facebook.com\/STLFLIX","article_modified_time":"2025-11-11T17:23:11+00:00","og_image":[{"width":1078,"height":1350,"url":"https:\/\/www.monitorstlflix.com\/wp-content\/uploads\/2025\/11\/cropped-Meltproof_Coaster1_9fc4ecfeb1.jpg","type":"image\/jpeg"}],"twitter_card":"summary_large_image","twitter_misc":{"Est. reading time":"1 minute"},"schema":{"@context":"https:\/\/schema.org","@graph":[{"@type":"WebPage","@id":"https:\/\/www.monitorstlflix.com\/product\/meltproof-coaster-690d31e0719cd\/","url":"https:\/\/www.monitorstlflix.com\/product\/meltproof-coaster-690d31e0719cd\/","name":"Porta copo Boneco de neve - MyStore - By STLFLIX","isPartOf":{"@id":"https:\/\/my.stlflix.com\/#website"},"primaryImageOfPage":{"@id":"https:\/\/www.monitorstlflix.com\/product\/meltproof-coaster-690d31e0719cd\/#primaryimage"},"image":{"@id":"https:\/\/www.monitorstlflix.com\/product\/meltproof-coaster-690d31e0719cd\/#primaryimage"},"thumbnailUrl":"https:\/\/my.stlflix.com\/wp-content\/uploads\/2025\/11\/cropped-Meltproof_Coaster1_9fc4ecfeb1.jpg","datePublished":"2025-11-11T02:41:43+00:00","dateModified":"2025-11-11T17:23:11+00:00","breadcrumb":{"@id":"https:\/\/www.monitorstlflix.com\/product\/meltproof-coaster-690d31e0719cd\/#breadcrumb"},"inLanguage":"es-ES","potentialAction":[{"@type":"ReadAction","target":["https:\/\/www.monitorstlflix.com\/product\/meltproof-coaster-690d31e0719cd\/"]}]},{"@type":"ImageObject","inLanguage":"es-ES","@id":"https:\/\/www.monitorstlflix.com\/product\/meltproof-coaster-690d31e0719cd\/#primaryimage","url":"https:\/\/my.stlflix.com\/wp-content\/uploads\/2025\/11\/cropped-Meltproof_Coaster1_9fc4ecfeb1.jpg","contentUrl":"https:\/\/my.stlflix.com\/wp-content\/uploads\/2025\/11\/cropped-Meltproof_Coaster1_9fc4ecfeb1.jpg","width":1078,"height":1350},{"@type":"BreadcrumbList","@id":"https:\/\/www.monitorstlflix.com\/product\/meltproof-coaster-690d31e0719cd\/#breadcrumb","itemListElement":[{"@type":"ListItem","position":1,"name":"Home","item":"https:\/\/www.stlflix-store.com\/"},{"@type":"ListItem","position":2,"name":"Products","item":"https:\/\/www.stlflix-store.com\/shop\/"},{"@type":"ListItem","position":3,"name":"Porta copo Boneco de neve"}]},{"@type":"WebSite","@id":"https:\/\/my.stlflix.com\/#website","url":"https:\/\/my.stlflix.com\/","name":"MyStore - By STLFLIX","description":"","publisher":{"@id":"https:\/\/my.stlflix.com\/#organization"},"potentialAction":[{"@type":"SearchAction","target":{"@type":"EntryPoint","urlTemplate":"https:\/\/my.stlflix.com\/?s={search_term_string}"},"query-input":{"@type":"PropertyValueSpecification","valueRequired":true,"valueName":"search_term_string"}}],"inLanguage":"es-ES"},{"@type":"Organization","@id":"https:\/\/my.stlflix.com\/#organization","name":"MyStore - By STLFLIX","url":"https:\/\/my.stlflix.com\/","logo":{"@type":"ImageObject","inLanguage":"es-ES","@id":"https:\/\/my.stlflix.com\/#\/schema\/logo\/image\/","url":"https:\/\/my.stlflix.com\/wp-content\/uploads\/2024\/06\/logo-mystore.png","contentUrl":"https:\/\/my.stlflix.com\/wp-content\/uploads\/2024\/06\/logo-mystore.png","width":150,"height":41,"caption":"MyStore - By STLFLIX"},"image":{"@id":"https:\/\/my.stlflix.com\/#\/schema\/logo\/image\/"},"sameAs":["https:\/\/www.facebook.com\/STLFLIX","https:\/\/www.instagram.com\/stlflix_\/","https:\/\/www.tiktok.com\/@stlflix"]}]}},"_links":{"self":[{"href":"https:\/\/my.stlflix.com\/es\/wp-json\/wp\/v2\/product\/468352","targetHints":{"allow":["GET"]}}],"collection":[{"href":"https:\/\/my.stlflix.com\/es\/wp-json\/wp\/v2\/product"}],"about":[{"href":"https:\/\/my.stlflix.com\/es\/wp-json\/wp\/v2\/types\/product"}],"replies":[{"embeddable":true,"href":"https:\/\/my.stlflix.com\/es\/wp-json\/wp\/v2\/comments?post=468352"}],"wp:featuredmedia":[{"embeddable":true,"href":"https:\/\/my.stlflix.com\/es\/wp-json\/wp\/v2\/media\/472086"}],"wp:attachment":[{"href":"https:\/\/my.stlflix.com\/es\/wp-json\/wp\/v2\/media?parent=468352"}],"wp:term":[{"taxonomy":"product_brand","embeddable":true,"href":"https:\/\/my.stlflix.com\/es\/wp-json\/wp\/v2\/product_brand?post=468352"},{"taxonomy":"product_cat","embeddable":true,"href":"https:\/\/my.stlflix.com\/es\/wp-json\/wp\/v2\/product_cat?post=468352"},{"taxonomy":"product_tag","embeddable":true,"href":"https:\/\/my.stlflix.com\/es\/wp-json\/wp\/v2\/product_tag?post=468352"}],"curies":[{"name":"wp","href":"https:\/\/api.w.org\/{rel}","templated":true}]}}