{"id":468361,"date":"2025-11-11T03:47:11","date_gmt":"2025-11-11T03:47:11","guid":{"rendered":"https:\/\/my.stlflix.com\/?post_type=product&#038;p=468361"},"modified":"2025-11-11T18:01:43","modified_gmt":"2025-11-11T18:01:43","slug":"pinehead-gnome-690d3aa670b19","status":"publish","type":"product","link":"https:\/\/my.stlflix.com\/es\/product\/pinehead-gnome-690d3aa670b19\/","title":{"rendered":"Gnomo \u00c1rvore Noel Grande &#8211; Aprox.20 cm"},"content":{"rendered":"<p data-start=\"267\" data-end=\"579\">O <strong data-start=\"286\" data-end=\"307\">Gnomo \u00c1rvore Noel<\/strong> \u00e9 a pe\u00e7a que se destaca em qualquer decora\u00e7\u00e3o natalina! \ud83c\udf84\u2728<br data-start=\"367\" data-end=\"370\" \/>Com aproximadamente <strong data-start=\"390\" data-end=\"409\">20 cm de altura<\/strong>, ele veste seu traje natalino e usa um chap\u00e9u em forma de <strong data-start=\"468\" data-end=\"487\">\u00e1rvore de Natal<\/strong>, finalizado com uma <strong data-start=\"508\" data-end=\"527\">estrela dourada<\/strong> no topo, s\u00edmbolo de luz, esperan\u00e7a e celebra\u00e7\u00e3o.<\/p>\n<p data-start=\"581\" data-end=\"825\">Imponente e encantador, esse gnomo \u00e9 ideal para ser o destaque da sua cole\u00e7\u00e3o, decorando mesas, aparadores ou at\u00e9 o centro da ceia de Natal. Cada detalhe \u00e9 cuidadosamente produzido para transmitir o esp\u00edrito natalino em sua forma mais m\u00e1gica.<\/p>\n<p data-start=\"827\" data-end=\"922\">Tamanho aproximado: <strong data-start=\"847\" data-end=\"856\">20 cm<\/strong><br data-start=\"856\" data-end=\"859\" \/>Cores: padr\u00e3o conforme o modelo, com estrela dourada no topo.<\/p>\n<p data-start=\"924\" data-end=\"1207\"><strong data-start=\"924\" data-end=\"957\">Informa\u00e7\u00f5es :<\/strong><br data-start=\"957\" data-end=\"960\" \/>\ud83c\udfa8 Produzido em impress\u00e3o 3D com acabamento detalhado.<br data-start=\"1034\" data-end=\"1037\" \/>\ud83c\udf81 Ideal para presentear ou compor uma decora\u00e7\u00e3o natalina elegante e cheia de personalidade.<br data-start=\"1129\" data-end=\"1132\" \/>\ud83d\udce6 <strong data-start=\"1135\" data-end=\"1147\">Entrega:<\/strong> a combinar.<br data-start=\"1159\" data-end=\"1162\" \/>\ud83d\udcb0 <strong data-start=\"1165\" data-end=\"1175\">Pre\u00e7o:<\/strong> R$ 80,00 (frete n\u00e3o incluso).<\/p>\n<p data-start=\"1209\" data-end=\"1296\">Um verdadeiro <strong data-start=\"1223\" data-end=\"1244\">guardi\u00e3o do Natal<\/strong>, que ilumina o ambiente e encanta por onde passa!<\/p>\n<p data-start=\"1209\" data-end=\"1296\"><a href=\"https:\/\/www.instagram.com\/wipiii3d?utm_source=ig_web_button_share_sheet&amp;igsh=ZDNlZDc0MzIxNw==\" target=\"_blank\" rel=\"noopener\">Clique aqui e Fa\u00e7a seu pedido<\/a><\/p>\n","protected":false},"excerpt":{"rendered":"<p>O Gnomo \u00c1rvore Noel \u00e9 a pe\u00e7a que se destaca em qualquer decora\u00e7\u00e3o natalina! \ud83c\udf84\u2728Com aproximadamente 20 cm de altura, ele veste seu traje natalino e usa um chap\u00e9u em forma de \u00e1rvore de Natal, finalizado com uma estrela dourada no topo, s\u00edmbolo de luz, esperan\u00e7a e celebra\u00e7\u00e3o. Imponente e encantador, esse gnomo \u00e9 ideal [&hellip;]<\/p>\n","protected":false},"featured_media":459326,"comment_status":"open","ping_status":"closed","template":"","meta":[],"product_brand":[],"product_cat":[15],"product_tag":[688,6925],"class_list":{"0":"post-468361","1":"product","2":"type-product","3":"status-publish","4":"has-post-thumbnail","6":"product_cat-uncategorized","7":"product_tag-natal","8":"product_tag-sazonal","10":"first","11":"instock","12":"taxable","13":"shipping-taxable","14":"purchasable","15":"product-type-simple"},"yoast_head":"<!-- This site is optimized with the Yoast SEO plugin v25.1 - https:\/\/yoast.com\/wordpress\/plugins\/seo\/ -->\n<title>Gnomo \u00c1rvore Noel Grande - Aprox.20 cm - MyStore - By STLFLIX<\/title>\n<meta name=\"robots\" content=\"index, follow, max-snippet:-1, max-image-preview:large, max-video-preview:-1\" \/>\n<link rel=\"canonical\" href=\"https:\/\/my.stlflix.com\/es\/product\/pinehead-gnome-690d3aa670b19\/\" \/>\n<meta property=\"og:locale\" content=\"es_ES\" \/>\n<meta property=\"og:type\" content=\"article\" \/>\n<meta property=\"og:title\" content=\"Gnomo \u00c1rvore Noel Grande - Aprox.20 cm - MyStore - By STLFLIX\" \/>\n<meta property=\"og:description\" content=\"O Gnomo \u00c1rvore Noel \u00e9 a pe\u00e7a que se destaca em qualquer decora\u00e7\u00e3o natalina! \ud83c\udf84\u2728Com aproximadamente 20 cm de altura, ele veste seu traje natalino e usa um chap\u00e9u em forma de \u00e1rvore de Natal, finalizado com uma estrela dourada no topo, s\u00edmbolo de luz, esperan\u00e7a e celebra\u00e7\u00e3o. Imponente e encantador, esse gnomo \u00e9 ideal [&hellip;]\" \/>\n<meta property=\"og:url\" content=\"https:\/\/my.stlflix.com\/es\/product\/pinehead-gnome-690d3aa670b19\/\" \/>\n<meta property=\"og:site_name\" content=\"MyStore - By STLFLIX\" \/>\n<meta property=\"article:publisher\" content=\"https:\/\/www.facebook.com\/STLFLIX\" \/>\n<meta property=\"article:modified_time\" content=\"2025-11-11T18:01:43+00:00\" \/>\n<meta property=\"og:image\" content=\"https:\/\/my.stlflix.com\/wp-content\/uploads\/2025\/10\/Pinehead_Gnomethumb_a46122b180.png\" \/>\n\t<meta property=\"og:image:width\" content=\"1080\" \/>\n\t<meta property=\"og:image:height\" content=\"1350\" \/>\n\t<meta property=\"og:image:type\" content=\"image\/png\" \/>\n<meta name=\"twitter:card\" content=\"summary_large_image\" \/>\n<meta name=\"twitter:label1\" content=\"Est. reading time\" \/>\n\t<meta name=\"twitter:data1\" content=\"1 minute\" \/>\n<script type=\"application\/ld+json\" class=\"yoast-schema-graph\">{\"@context\":\"https:\/\/schema.org\",\"@graph\":[{\"@type\":\"WebPage\",\"@id\":\"https:\/\/my.stlflix.com\/es\/product\/pinehead-gnome-690d3aa670b19\/\",\"url\":\"https:\/\/my.stlflix.com\/es\/product\/pinehead-gnome-690d3aa670b19\/\",\"name\":\"Gnomo \u00c1rvore Noel Grande - Aprox.20 cm - MyStore - By STLFLIX\",\"isPartOf\":{\"@id\":\"https:\/\/my.stlflix.com\/#website\"},\"primaryImageOfPage\":{\"@id\":\"https:\/\/my.stlflix.com\/es\/product\/pinehead-gnome-690d3aa670b19\/#primaryimage\"},\"image\":{\"@id\":\"https:\/\/my.stlflix.com\/es\/product\/pinehead-gnome-690d3aa670b19\/#primaryimage\"},\"thumbnailUrl\":\"https:\/\/my.stlflix.com\/wp-content\/uploads\/2025\/10\/Pinehead_Gnomethumb_a46122b180.png\",\"datePublished\":\"2025-11-11T03:47:11+00:00\",\"dateModified\":\"2025-11-11T18:01:43+00:00\",\"breadcrumb\":{\"@id\":\"https:\/\/my.stlflix.com\/es\/product\/pinehead-gnome-690d3aa670b19\/#breadcrumb\"},\"inLanguage\":\"es-ES\",\"potentialAction\":[{\"@type\":\"ReadAction\",\"target\":[\"https:\/\/my.stlflix.com\/es\/product\/pinehead-gnome-690d3aa670b19\/\"]}]},{\"@type\":\"ImageObject\",\"inLanguage\":\"es-ES\",\"@id\":\"https:\/\/my.stlflix.com\/es\/product\/pinehead-gnome-690d3aa670b19\/#primaryimage\",\"url\":\"https:\/\/my.stlflix.com\/wp-content\/uploads\/2025\/10\/Pinehead_Gnomethumb_a46122b180.png\",\"contentUrl\":\"https:\/\/my.stlflix.com\/wp-content\/uploads\/2025\/10\/Pinehead_Gnomethumb_a46122b180.png\",\"width\":1080,\"height\":1350},{\"@type\":\"BreadcrumbList\",\"@id\":\"https:\/\/my.stlflix.com\/es\/product\/pinehead-gnome-690d3aa670b19\/#breadcrumb\",\"itemListElement\":[{\"@type\":\"ListItem\",\"position\":1,\"name\":\"Home\",\"item\":\"https:\/\/www.stlflix-store.com\/\"},{\"@type\":\"ListItem\",\"position\":2,\"name\":\"Products\",\"item\":\"https:\/\/www.stlflix-store.com\/shop\/\"},{\"@type\":\"ListItem\",\"position\":3,\"name\":\"Gnomo \u00c1rvore Noel Grande &#8211; Aprox.20 cm\"}]},{\"@type\":\"WebSite\",\"@id\":\"https:\/\/my.stlflix.com\/#website\",\"url\":\"https:\/\/my.stlflix.com\/\",\"name\":\"MyStore - By STLFLIX\",\"description\":\"\",\"publisher\":{\"@id\":\"https:\/\/my.stlflix.com\/#organization\"},\"potentialAction\":[{\"@type\":\"SearchAction\",\"target\":{\"@type\":\"EntryPoint\",\"urlTemplate\":\"https:\/\/my.stlflix.com\/?s={search_term_string}\"},\"query-input\":{\"@type\":\"PropertyValueSpecification\",\"valueRequired\":true,\"valueName\":\"search_term_string\"}}],\"inLanguage\":\"es-ES\"},{\"@type\":\"Organization\",\"@id\":\"https:\/\/my.stlflix.com\/#organization\",\"name\":\"MyStore - By STLFLIX\",\"url\":\"https:\/\/my.stlflix.com\/\",\"logo\":{\"@type\":\"ImageObject\",\"inLanguage\":\"es-ES\",\"@id\":\"https:\/\/my.stlflix.com\/#\/schema\/logo\/image\/\",\"url\":\"https:\/\/my.stlflix.com\/wp-content\/uploads\/2024\/06\/logo-mystore.png\",\"contentUrl\":\"https:\/\/my.stlflix.com\/wp-content\/uploads\/2024\/06\/logo-mystore.png\",\"width\":150,\"height\":41,\"caption\":\"MyStore - By STLFLIX\"},\"image\":{\"@id\":\"https:\/\/my.stlflix.com\/#\/schema\/logo\/image\/\"},\"sameAs\":[\"https:\/\/www.facebook.com\/STLFLIX\",\"https:\/\/www.instagram.com\/stlflix_\/\",\"https:\/\/www.tiktok.com\/@stlflix\"]}]}<\/script>\n<!-- \/ Yoast SEO plugin. -->","yoast_head_json":{"title":"Gnomo \u00c1rvore Noel Grande - Aprox.20 cm - MyStore - By STLFLIX","robots":{"index":"index","follow":"follow","max-snippet":"max-snippet:-1","max-image-preview":"max-image-preview:large","max-video-preview":"max-video-preview:-1"},"canonical":"https:\/\/my.stlflix.com\/es\/product\/pinehead-gnome-690d3aa670b19\/","og_locale":"es_ES","og_type":"article","og_title":"Gnomo \u00c1rvore Noel Grande - Aprox.20 cm - MyStore - By STLFLIX","og_description":"O Gnomo \u00c1rvore Noel \u00e9 a pe\u00e7a que se destaca em qualquer decora\u00e7\u00e3o natalina! \ud83c\udf84\u2728Com aproximadamente 20 cm de altura, ele veste seu traje natalino e usa um chap\u00e9u em forma de \u00e1rvore de Natal, finalizado com uma estrela dourada no topo, s\u00edmbolo de luz, esperan\u00e7a e celebra\u00e7\u00e3o. Imponente e encantador, esse gnomo \u00e9 ideal [&hellip;]","og_url":"https:\/\/my.stlflix.com\/es\/product\/pinehead-gnome-690d3aa670b19\/","og_site_name":"MyStore - By STLFLIX","article_publisher":"https:\/\/www.facebook.com\/STLFLIX","article_modified_time":"2025-11-11T18:01:43+00:00","og_image":[{"width":1080,"height":1350,"url":"https:\/\/my.stlflix.com\/wp-content\/uploads\/2025\/10\/Pinehead_Gnomethumb_a46122b180.png","type":"image\/png"}],"twitter_card":"summary_large_image","twitter_misc":{"Est. reading time":"1 minute"},"schema":{"@context":"https:\/\/schema.org","@graph":[{"@type":"WebPage","@id":"https:\/\/my.stlflix.com\/es\/product\/pinehead-gnome-690d3aa670b19\/","url":"https:\/\/my.stlflix.com\/es\/product\/pinehead-gnome-690d3aa670b19\/","name":"Gnomo \u00c1rvore Noel Grande - Aprox.20 cm - MyStore - By STLFLIX","isPartOf":{"@id":"https:\/\/my.stlflix.com\/#website"},"primaryImageOfPage":{"@id":"https:\/\/my.stlflix.com\/es\/product\/pinehead-gnome-690d3aa670b19\/#primaryimage"},"image":{"@id":"https:\/\/my.stlflix.com\/es\/product\/pinehead-gnome-690d3aa670b19\/#primaryimage"},"thumbnailUrl":"https:\/\/my.stlflix.com\/wp-content\/uploads\/2025\/10\/Pinehead_Gnomethumb_a46122b180.png","datePublished":"2025-11-11T03:47:11+00:00","dateModified":"2025-11-11T18:01:43+00:00","breadcrumb":{"@id":"https:\/\/my.stlflix.com\/es\/product\/pinehead-gnome-690d3aa670b19\/#breadcrumb"},"inLanguage":"es-ES","potentialAction":[{"@type":"ReadAction","target":["https:\/\/my.stlflix.com\/es\/product\/pinehead-gnome-690d3aa670b19\/"]}]},{"@type":"ImageObject","inLanguage":"es-ES","@id":"https:\/\/my.stlflix.com\/es\/product\/pinehead-gnome-690d3aa670b19\/#primaryimage","url":"https:\/\/my.stlflix.com\/wp-content\/uploads\/2025\/10\/Pinehead_Gnomethumb_a46122b180.png","contentUrl":"https:\/\/my.stlflix.com\/wp-content\/uploads\/2025\/10\/Pinehead_Gnomethumb_a46122b180.png","width":1080,"height":1350},{"@type":"BreadcrumbList","@id":"https:\/\/my.stlflix.com\/es\/product\/pinehead-gnome-690d3aa670b19\/#breadcrumb","itemListElement":[{"@type":"ListItem","position":1,"name":"Home","item":"https:\/\/www.stlflix-store.com\/"},{"@type":"ListItem","position":2,"name":"Products","item":"https:\/\/www.stlflix-store.com\/shop\/"},{"@type":"ListItem","position":3,"name":"Gnomo \u00c1rvore Noel Grande &#8211; Aprox.20 cm"}]},{"@type":"WebSite","@id":"https:\/\/my.stlflix.com\/#website","url":"https:\/\/my.stlflix.com\/","name":"MyStore - By STLFLIX","description":"","publisher":{"@id":"https:\/\/my.stlflix.com\/#organization"},"potentialAction":[{"@type":"SearchAction","target":{"@type":"EntryPoint","urlTemplate":"https:\/\/my.stlflix.com\/?s={search_term_string}"},"query-input":{"@type":"PropertyValueSpecification","valueRequired":true,"valueName":"search_term_string"}}],"inLanguage":"es-ES"},{"@type":"Organization","@id":"https:\/\/my.stlflix.com\/#organization","name":"MyStore - By STLFLIX","url":"https:\/\/my.stlflix.com\/","logo":{"@type":"ImageObject","inLanguage":"es-ES","@id":"https:\/\/my.stlflix.com\/#\/schema\/logo\/image\/","url":"https:\/\/my.stlflix.com\/wp-content\/uploads\/2024\/06\/logo-mystore.png","contentUrl":"https:\/\/my.stlflix.com\/wp-content\/uploads\/2024\/06\/logo-mystore.png","width":150,"height":41,"caption":"MyStore - By STLFLIX"},"image":{"@id":"https:\/\/my.stlflix.com\/#\/schema\/logo\/image\/"},"sameAs":["https:\/\/www.facebook.com\/STLFLIX","https:\/\/www.instagram.com\/stlflix_\/","https:\/\/www.tiktok.com\/@stlflix"]}]}},"_links":{"self":[{"href":"https:\/\/my.stlflix.com\/es\/wp-json\/wp\/v2\/product\/468361","targetHints":{"allow":["GET"]}}],"collection":[{"href":"https:\/\/my.stlflix.com\/es\/wp-json\/wp\/v2\/product"}],"about":[{"href":"https:\/\/my.stlflix.com\/es\/wp-json\/wp\/v2\/types\/product"}],"replies":[{"embeddable":true,"href":"https:\/\/my.stlflix.com\/es\/wp-json\/wp\/v2\/comments?post=468361"}],"wp:featuredmedia":[{"embeddable":true,"href":"https:\/\/my.stlflix.com\/es\/wp-json\/wp\/v2\/media\/459326"}],"wp:attachment":[{"href":"https:\/\/my.stlflix.com\/es\/wp-json\/wp\/v2\/media?parent=468361"}],"wp:term":[{"taxonomy":"product_brand","embeddable":true,"href":"https:\/\/my.stlflix.com\/es\/wp-json\/wp\/v2\/product_brand?post=468361"},{"taxonomy":"product_cat","embeddable":true,"href":"https:\/\/my.stlflix.com\/es\/wp-json\/wp\/v2\/product_cat?post=468361"},{"taxonomy":"product_tag","embeddable":true,"href":"https:\/\/my.stlflix.com\/es\/wp-json\/wp\/v2\/product_tag?post=468361"}],"curies":[{"name":"wp","href":"https:\/\/api.w.org\/{rel}","templated":true}]}}