{"id":471146,"date":"2025-11-11T17:50:33","date_gmt":"2025-11-11T17:50:33","guid":{"rendered":"https:\/\/my.stlflix.com\/?post_type=product&#038;p=471146"},"modified":"2025-11-11T23:51:35","modified_gmt":"2025-11-11T23:51:35","slug":"minime-basketball-player-691237d44252c","status":"publish","type":"product","link":"https:\/\/my.stlflix.com\/es\/product\/minime-basketball-player-691237d44252c\/","title":{"rendered":"MiniMe Basquete &#8211; Personalizado"},"content":{"rendered":"<p style=\"text-align: left\" data-start=\"1940\" data-end=\"2196\">Transforme seu amor pelo esporte em arte! O <strong data-start=\"2001\" data-end=\"2020\">MiniMe Basquete<\/strong> \u00e9 um bonequinho personalizado com o seu rosto (ou de quem voc\u00ea quiser) e corpo de atleta das quadras. Cada detalhe celebra o esp\u00edrito do jogo, energia, movimento e vit\u00f3ria.<\/p>\n<p style=\"text-align: left\" data-start=\"2198\" data-end=\"2247\">\ud83d\udccf <strong data-start=\"2201\" data-end=\"2224\">Tamanho aproximado:<\/strong> 8 cm<br data-start=\"2229\" data-end=\"2232\" \/>\ud83d\udcb0 <strong data-start=\"2235\" data-end=\"2245\">Pre\u00e7o:<\/strong><\/p>\n<ul style=\"text-align: left\" data-start=\"2248\" data-end=\"2487\">\n<li data-start=\"2248\" data-end=\"2300\">\n<p data-start=\"2250\" data-end=\"2300\">R$ 30,00 (somente corpo, caso j\u00e1 tenha a cabe\u00e7a)<\/p>\n<\/li>\n<li data-start=\"2301\" data-end=\"2344\">\n<p data-start=\"2303\" data-end=\"2344\">R$ 60,00 (corpo + cabe\u00e7a personalizada)<\/p>\n<\/li>\n<li data-start=\"2345\" data-end=\"2408\">\n<p data-start=\"2347\" data-end=\"2408\">R$ 80,00 (com base dourada e plaquinha de 1\u00ba lugar ou nome)<\/p>\n<\/li>\n<li data-start=\"2409\" data-end=\"2487\">\n<p data-start=\"2411\" data-end=\"2487\">R$ 90,00 (com caixa personalizada de exposi\u00e7\u00e3o)<\/p>\n<\/li>\n<\/ul>\n<p data-start=\"2411\" data-end=\"2487\">\ud83d\ude9a <strong data-start=\"2464\" data-end=\"2485\">Frete n\u00e3o incluso nos valores mencionados<\/strong><\/p>\n<p style=\"text-align: left\" data-start=\"2489\" data-end=\"2641\">Presenteie quem vive o basquete ou eternize sua paix\u00e3o por esse esporte em um bonequinho cheio de atitude e estilo.<\/p>\n<p style=\"text-align: left\" data-start=\"2489\" data-end=\"2641\"><a href=\"https:\/\/www.instagram.com\/wipiii3d?utm_source=ig_web_button_share_sheet&amp;igsh=ZDNlZDc0MzIxNw==\" target=\"_blank\" rel=\"noopener\">Clique aqui e fa\u00e7a seu pedido<\/a><\/p>\n","protected":false},"excerpt":{"rendered":"<p>Transforme seu amor pelo esporte em arte! O MiniMe Basquete \u00e9 um bonequinho personalizado com o seu rosto (ou de quem voc\u00ea quiser) e corpo de atleta das quadras. Cada detalhe celebra o esp\u00edrito do jogo, energia, movimento e vit\u00f3ria. \ud83d\udccf Tamanho aproximado: 8 cm\ud83d\udcb0 Pre\u00e7o: R$ 30,00 (somente corpo, caso j\u00e1 tenha a cabe\u00e7a) [&hellip;]<\/p>\n","protected":false},"featured_media":445630,"comment_status":"open","ping_status":"closed","template":"","meta":[],"product_brand":[],"product_cat":[15],"product_tag":[5921,6951,3257],"class_list":{"0":"post-471146","1":"product","2":"type-product","3":"status-publish","4":"has-post-thumbnail","6":"product_cat-uncategorized","7":"product_tag-esporte","8":"product_tag-minime","9":"product_tag-personalizado","11":"first","12":"instock","13":"taxable","14":"shipping-taxable","15":"product-type-simple"},"yoast_head":"<!-- This site is optimized with the Yoast SEO plugin v25.1 - https:\/\/yoast.com\/wordpress\/plugins\/seo\/ -->\n<title>MiniMe Basquete - Personalizado - MyStore - By STLFLIX<\/title>\n<meta name=\"robots\" content=\"index, follow, max-snippet:-1, max-image-preview:large, max-video-preview:-1\" \/>\n<link rel=\"canonical\" href=\"https:\/\/my.stlflix.com\/es\/product\/minime-basketball-player-691237d44252c\/\" \/>\n<meta property=\"og:locale\" content=\"es_ES\" \/>\n<meta property=\"og:type\" content=\"article\" \/>\n<meta property=\"og:title\" content=\"MiniMe Basquete - Personalizado - MyStore - By STLFLIX\" \/>\n<meta property=\"og:description\" content=\"Transforme seu amor pelo esporte em arte! O MiniMe Basquete \u00e9 um bonequinho personalizado com o seu rosto (ou de quem voc\u00ea quiser) e corpo de atleta das quadras. Cada detalhe celebra o esp\u00edrito do jogo, energia, movimento e vit\u00f3ria. \ud83d\udccf Tamanho aproximado: 8 cm\ud83d\udcb0 Pre\u00e7o: R$ 30,00 (somente corpo, caso j\u00e1 tenha a cabe\u00e7a) [&hellip;]\" \/>\n<meta property=\"og:url\" content=\"https:\/\/my.stlflix.com\/es\/product\/minime-basketball-player-691237d44252c\/\" \/>\n<meta property=\"og:site_name\" content=\"MyStore - By STLFLIX\" \/>\n<meta property=\"article:publisher\" content=\"https:\/\/www.facebook.com\/STLFLIX\" \/>\n<meta property=\"article:modified_time\" content=\"2025-11-11T23:51:35+00:00\" \/>\n<meta property=\"og:image\" content=\"https:\/\/my.stlflix.com\/wp-content\/uploads\/2025\/10\/Mini_Me_Basketball_Player_thumb_209137795f.png\" \/>\n\t<meta property=\"og:image:width\" content=\"1080\" \/>\n\t<meta property=\"og:image:height\" content=\"1350\" \/>\n\t<meta property=\"og:image:type\" content=\"image\/png\" \/>\n<meta name=\"twitter:card\" content=\"summary_large_image\" \/>\n<meta name=\"twitter:label1\" content=\"Est. reading time\" \/>\n\t<meta name=\"twitter:data1\" content=\"1 minute\" \/>\n<script type=\"application\/ld+json\" class=\"yoast-schema-graph\">{\"@context\":\"https:\/\/schema.org\",\"@graph\":[{\"@type\":\"WebPage\",\"@id\":\"https:\/\/my.stlflix.com\/es\/product\/minime-basketball-player-691237d44252c\/\",\"url\":\"https:\/\/my.stlflix.com\/es\/product\/minime-basketball-player-691237d44252c\/\",\"name\":\"MiniMe Basquete - Personalizado - MyStore - By STLFLIX\",\"isPartOf\":{\"@id\":\"https:\/\/my.stlflix.com\/#website\"},\"primaryImageOfPage\":{\"@id\":\"https:\/\/my.stlflix.com\/es\/product\/minime-basketball-player-691237d44252c\/#primaryimage\"},\"image\":{\"@id\":\"https:\/\/my.stlflix.com\/es\/product\/minime-basketball-player-691237d44252c\/#primaryimage\"},\"thumbnailUrl\":\"https:\/\/my.stlflix.com\/wp-content\/uploads\/2025\/10\/Mini_Me_Basketball_Player_thumb_209137795f.png\",\"datePublished\":\"2025-11-11T17:50:33+00:00\",\"dateModified\":\"2025-11-11T23:51:35+00:00\",\"breadcrumb\":{\"@id\":\"https:\/\/my.stlflix.com\/es\/product\/minime-basketball-player-691237d44252c\/#breadcrumb\"},\"inLanguage\":\"es-ES\",\"potentialAction\":[{\"@type\":\"ReadAction\",\"target\":[\"https:\/\/my.stlflix.com\/es\/product\/minime-basketball-player-691237d44252c\/\"]}]},{\"@type\":\"ImageObject\",\"inLanguage\":\"es-ES\",\"@id\":\"https:\/\/my.stlflix.com\/es\/product\/minime-basketball-player-691237d44252c\/#primaryimage\",\"url\":\"https:\/\/my.stlflix.com\/wp-content\/uploads\/2025\/10\/Mini_Me_Basketball_Player_thumb_209137795f.png\",\"contentUrl\":\"https:\/\/my.stlflix.com\/wp-content\/uploads\/2025\/10\/Mini_Me_Basketball_Player_thumb_209137795f.png\",\"width\":1080,\"height\":1350},{\"@type\":\"BreadcrumbList\",\"@id\":\"https:\/\/my.stlflix.com\/es\/product\/minime-basketball-player-691237d44252c\/#breadcrumb\",\"itemListElement\":[{\"@type\":\"ListItem\",\"position\":1,\"name\":\"Home\",\"item\":\"https:\/\/www.stlflix-store.com\/\"},{\"@type\":\"ListItem\",\"position\":2,\"name\":\"Products\",\"item\":\"https:\/\/www.stlflix-store.com\/shop\/\"},{\"@type\":\"ListItem\",\"position\":3,\"name\":\"MiniMe Basquete &#8211; Personalizado\"}]},{\"@type\":\"WebSite\",\"@id\":\"https:\/\/my.stlflix.com\/#website\",\"url\":\"https:\/\/my.stlflix.com\/\",\"name\":\"MyStore - By STLFLIX\",\"description\":\"\",\"publisher\":{\"@id\":\"https:\/\/my.stlflix.com\/#organization\"},\"potentialAction\":[{\"@type\":\"SearchAction\",\"target\":{\"@type\":\"EntryPoint\",\"urlTemplate\":\"https:\/\/my.stlflix.com\/?s={search_term_string}\"},\"query-input\":{\"@type\":\"PropertyValueSpecification\",\"valueRequired\":true,\"valueName\":\"search_term_string\"}}],\"inLanguage\":\"es-ES\"},{\"@type\":\"Organization\",\"@id\":\"https:\/\/my.stlflix.com\/#organization\",\"name\":\"MyStore - By STLFLIX\",\"url\":\"https:\/\/my.stlflix.com\/\",\"logo\":{\"@type\":\"ImageObject\",\"inLanguage\":\"es-ES\",\"@id\":\"https:\/\/my.stlflix.com\/#\/schema\/logo\/image\/\",\"url\":\"https:\/\/my.stlflix.com\/wp-content\/uploads\/2024\/06\/logo-mystore.png\",\"contentUrl\":\"https:\/\/my.stlflix.com\/wp-content\/uploads\/2024\/06\/logo-mystore.png\",\"width\":150,\"height\":41,\"caption\":\"MyStore - By STLFLIX\"},\"image\":{\"@id\":\"https:\/\/my.stlflix.com\/#\/schema\/logo\/image\/\"},\"sameAs\":[\"https:\/\/www.facebook.com\/STLFLIX\",\"https:\/\/www.instagram.com\/stlflix_\/\",\"https:\/\/www.tiktok.com\/@stlflix\"]}]}<\/script>\n<!-- \/ Yoast SEO plugin. -->","yoast_head_json":{"title":"MiniMe Basquete - Personalizado - MyStore - By STLFLIX","robots":{"index":"index","follow":"follow","max-snippet":"max-snippet:-1","max-image-preview":"max-image-preview:large","max-video-preview":"max-video-preview:-1"},"canonical":"https:\/\/my.stlflix.com\/es\/product\/minime-basketball-player-691237d44252c\/","og_locale":"es_ES","og_type":"article","og_title":"MiniMe Basquete - Personalizado - MyStore - By STLFLIX","og_description":"Transforme seu amor pelo esporte em arte! O MiniMe Basquete \u00e9 um bonequinho personalizado com o seu rosto (ou de quem voc\u00ea quiser) e corpo de atleta das quadras. Cada detalhe celebra o esp\u00edrito do jogo, energia, movimento e vit\u00f3ria. \ud83d\udccf Tamanho aproximado: 8 cm\ud83d\udcb0 Pre\u00e7o: R$ 30,00 (somente corpo, caso j\u00e1 tenha a cabe\u00e7a) [&hellip;]","og_url":"https:\/\/my.stlflix.com\/es\/product\/minime-basketball-player-691237d44252c\/","og_site_name":"MyStore - By STLFLIX","article_publisher":"https:\/\/www.facebook.com\/STLFLIX","article_modified_time":"2025-11-11T23:51:35+00:00","og_image":[{"width":1080,"height":1350,"url":"https:\/\/my.stlflix.com\/wp-content\/uploads\/2025\/10\/Mini_Me_Basketball_Player_thumb_209137795f.png","type":"image\/png"}],"twitter_card":"summary_large_image","twitter_misc":{"Est. reading time":"1 minute"},"schema":{"@context":"https:\/\/schema.org","@graph":[{"@type":"WebPage","@id":"https:\/\/my.stlflix.com\/es\/product\/minime-basketball-player-691237d44252c\/","url":"https:\/\/my.stlflix.com\/es\/product\/minime-basketball-player-691237d44252c\/","name":"MiniMe Basquete - Personalizado - MyStore - By STLFLIX","isPartOf":{"@id":"https:\/\/my.stlflix.com\/#website"},"primaryImageOfPage":{"@id":"https:\/\/my.stlflix.com\/es\/product\/minime-basketball-player-691237d44252c\/#primaryimage"},"image":{"@id":"https:\/\/my.stlflix.com\/es\/product\/minime-basketball-player-691237d44252c\/#primaryimage"},"thumbnailUrl":"https:\/\/my.stlflix.com\/wp-content\/uploads\/2025\/10\/Mini_Me_Basketball_Player_thumb_209137795f.png","datePublished":"2025-11-11T17:50:33+00:00","dateModified":"2025-11-11T23:51:35+00:00","breadcrumb":{"@id":"https:\/\/my.stlflix.com\/es\/product\/minime-basketball-player-691237d44252c\/#breadcrumb"},"inLanguage":"es-ES","potentialAction":[{"@type":"ReadAction","target":["https:\/\/my.stlflix.com\/es\/product\/minime-basketball-player-691237d44252c\/"]}]},{"@type":"ImageObject","inLanguage":"es-ES","@id":"https:\/\/my.stlflix.com\/es\/product\/minime-basketball-player-691237d44252c\/#primaryimage","url":"https:\/\/my.stlflix.com\/wp-content\/uploads\/2025\/10\/Mini_Me_Basketball_Player_thumb_209137795f.png","contentUrl":"https:\/\/my.stlflix.com\/wp-content\/uploads\/2025\/10\/Mini_Me_Basketball_Player_thumb_209137795f.png","width":1080,"height":1350},{"@type":"BreadcrumbList","@id":"https:\/\/my.stlflix.com\/es\/product\/minime-basketball-player-691237d44252c\/#breadcrumb","itemListElement":[{"@type":"ListItem","position":1,"name":"Home","item":"https:\/\/www.stlflix-store.com\/"},{"@type":"ListItem","position":2,"name":"Products","item":"https:\/\/www.stlflix-store.com\/shop\/"},{"@type":"ListItem","position":3,"name":"MiniMe Basquete &#8211; Personalizado"}]},{"@type":"WebSite","@id":"https:\/\/my.stlflix.com\/#website","url":"https:\/\/my.stlflix.com\/","name":"MyStore - By STLFLIX","description":"","publisher":{"@id":"https:\/\/my.stlflix.com\/#organization"},"potentialAction":[{"@type":"SearchAction","target":{"@type":"EntryPoint","urlTemplate":"https:\/\/my.stlflix.com\/?s={search_term_string}"},"query-input":{"@type":"PropertyValueSpecification","valueRequired":true,"valueName":"search_term_string"}}],"inLanguage":"es-ES"},{"@type":"Organization","@id":"https:\/\/my.stlflix.com\/#organization","name":"MyStore - By STLFLIX","url":"https:\/\/my.stlflix.com\/","logo":{"@type":"ImageObject","inLanguage":"es-ES","@id":"https:\/\/my.stlflix.com\/#\/schema\/logo\/image\/","url":"https:\/\/my.stlflix.com\/wp-content\/uploads\/2024\/06\/logo-mystore.png","contentUrl":"https:\/\/my.stlflix.com\/wp-content\/uploads\/2024\/06\/logo-mystore.png","width":150,"height":41,"caption":"MyStore - By STLFLIX"},"image":{"@id":"https:\/\/my.stlflix.com\/#\/schema\/logo\/image\/"},"sameAs":["https:\/\/www.facebook.com\/STLFLIX","https:\/\/www.instagram.com\/stlflix_\/","https:\/\/www.tiktok.com\/@stlflix"]}]}},"_links":{"self":[{"href":"https:\/\/my.stlflix.com\/es\/wp-json\/wp\/v2\/product\/471146","targetHints":{"allow":["GET"]}}],"collection":[{"href":"https:\/\/my.stlflix.com\/es\/wp-json\/wp\/v2\/product"}],"about":[{"href":"https:\/\/my.stlflix.com\/es\/wp-json\/wp\/v2\/types\/product"}],"replies":[{"embeddable":true,"href":"https:\/\/my.stlflix.com\/es\/wp-json\/wp\/v2\/comments?post=471146"}],"wp:featuredmedia":[{"embeddable":true,"href":"https:\/\/my.stlflix.com\/es\/wp-json\/wp\/v2\/media\/445630"}],"wp:attachment":[{"href":"https:\/\/my.stlflix.com\/es\/wp-json\/wp\/v2\/media?parent=471146"}],"wp:term":[{"taxonomy":"product_brand","embeddable":true,"href":"https:\/\/my.stlflix.com\/es\/wp-json\/wp\/v2\/product_brand?post=471146"},{"taxonomy":"product_cat","embeddable":true,"href":"https:\/\/my.stlflix.com\/es\/wp-json\/wp\/v2\/product_cat?post=471146"},{"taxonomy":"product_tag","embeddable":true,"href":"https:\/\/my.stlflix.com\/es\/wp-json\/wp\/v2\/product_tag?post=471146"}],"curies":[{"name":"wp","href":"https:\/\/api.w.org\/{rel}","templated":true}]}}