{"id":471148,"date":"2025-11-11T02:58:10","date_gmt":"2025-11-11T02:58:10","guid":{"rendered":"https:\/\/my.stlflix.com\/?post_type=product&#038;p=471148"},"modified":"2025-11-11T05:01:11","modified_gmt":"2025-11-11T05:01:11","slug":"knitmas-gnome-691238365f55b","status":"publish","type":"product","link":"https:\/\/my.stlflix.com\/es\/product\/knitmas-gnome-691238365f55b\/","title":{"rendered":"Gnomo do Croch\u00ea Natalino"},"content":{"rendered":"<p data-start=\"200\" data-end=\"498\">Apresentamos o <strong>Gnomo do Croch\u00ea Natalino<\/strong>, o gnomo mais ador\u00e1vel do Natal! \ud83e\uddf6\ud83c\udf85\u2728<br data-start=\"288\" data-end=\"291\" \/>Com seu gorro natalino e roupas cheias de charme, ele est\u00e1 concentrado em sua arte favorita: o croch\u00ea! Um s\u00edmbolo de carinho, aconchego e esp\u00edrito artesanal que traz calor e alegria para qualquer ambiente.<\/p>\n<p data-start=\"500\" data-end=\"656\">Feito com riqueza de detalhes e impresso em 3D, o <strong>Gnomo do Croch\u00ea Natalino<\/strong>\u00a0\u00e9 perfeito para decorar mesas, prateleiras ou complementar uma cole\u00e7\u00e3o natalina \u00fanica.<\/p>\n<p data-start=\"658\" data-end=\"723\">Tamanho aproximado: <strong data-start=\"678\" data-end=\"686\">8 cm<\/strong><br data-start=\"686\" data-end=\"689\" \/>Cores: padr\u00e3o conforme o modelo.<\/p>\n<p data-start=\"725\" data-end=\"1000\"><strong data-start=\"725\" data-end=\"758\">Informa\u00e7\u00f5es:<\/strong><br data-start=\"758\" data-end=\"761\" \/>\ud83c\udfa8 Produzido em impress\u00e3o 3D com acabamento detalhado e pintura artesanal.<br data-start=\"835\" data-end=\"838\" \/>\ud83c\udf81 Ideal para presentear ou compor a decora\u00e7\u00e3o natalina de forma criativa e afetiva.<br data-start=\"922\" data-end=\"925\" \/>\ud83d\udce6 <strong data-start=\"928\" data-end=\"940\">Entrega:<\/strong> a combinar.<br data-start=\"952\" data-end=\"955\" \/>\ud83d\udcb0 <strong data-start=\"958\" data-end=\"968\">Pre\u00e7o:<\/strong> R$ 60,00 (frete n\u00e3o incluso).<\/p>\n<p data-start=\"1002\" data-end=\"1081\">Um toque de ternura e criatividade que transforma o Natal em pura inspira\u00e7\u00e3o!<\/p>\n","protected":false},"excerpt":{"rendered":"<p>Apresentamos o Gnomo do Croch\u00ea Natalino, o gnomo mais ador\u00e1vel do Natal! \ud83e\uddf6\ud83c\udf85\u2728Com seu gorro natalino e roupas cheias de charme, ele est\u00e1 concentrado em sua arte favorita: o croch\u00ea! Um s\u00edmbolo de carinho, aconchego e esp\u00edrito artesanal que traz calor e alegria para qualquer ambiente. Feito com riqueza de detalhes e impresso em 3D, [&hellip;]<\/p>\n","protected":false},"featured_media":461713,"comment_status":"open","ping_status":"closed","template":"","meta":[],"product_brand":[],"product_cat":[15],"product_tag":[688,6925],"class_list":{"0":"post-471148","1":"product","2":"type-product","3":"status-publish","4":"has-post-thumbnail","6":"product_cat-uncategorized","7":"product_tag-natal","8":"product_tag-sazonal","10":"first","11":"instock","12":"taxable","13":"shipping-taxable","14":"purchasable","15":"product-type-simple"},"yoast_head":"<!-- This site is optimized with the Yoast SEO plugin v25.1 - https:\/\/yoast.com\/wordpress\/plugins\/seo\/ -->\n<title>Gnomo do Croch\u00ea Natalino - MyStore - By STLFLIX<\/title>\n<meta name=\"robots\" content=\"index, follow, max-snippet:-1, max-image-preview:large, max-video-preview:-1\" \/>\n<link rel=\"canonical\" href=\"https:\/\/www.monitorstlflix.com\/product\/knitmas-gnome-691238365f55b\/\" \/>\n<meta property=\"og:locale\" content=\"es_ES\" \/>\n<meta property=\"og:type\" content=\"article\" \/>\n<meta property=\"og:title\" content=\"Gnomo do Croch\u00ea Natalino - MyStore - By STLFLIX\" \/>\n<meta property=\"og:description\" content=\"Apresentamos o Gnomo do Croch\u00ea Natalino, o gnomo mais ador\u00e1vel do Natal! \ud83e\uddf6\ud83c\udf85\u2728Com seu gorro natalino e roupas cheias de charme, ele est\u00e1 concentrado em sua arte favorita: o croch\u00ea! Um s\u00edmbolo de carinho, aconchego e esp\u00edrito artesanal que traz calor e alegria para qualquer ambiente. Feito com riqueza de detalhes e impresso em 3D, [&hellip;]\" \/>\n<meta property=\"og:url\" content=\"https:\/\/www.monitorstlflix.com\/product\/knitmas-gnome-691238365f55b\/\" \/>\n<meta property=\"og:site_name\" content=\"MyStore - By STLFLIX\" \/>\n<meta property=\"article:publisher\" content=\"https:\/\/www.facebook.com\/STLFLIX\" \/>\n<meta property=\"article:modified_time\" content=\"2025-11-11T05:01:11+00:00\" \/>\n<meta property=\"og:image\" content=\"https:\/\/www.monitorstlflix.com\/wp-content\/uploads\/2025\/10\/Knitmas_Gnomethumb_c925d11a5e.jpg\" \/>\n\t<meta property=\"og:image:width\" content=\"1080\" \/>\n\t<meta property=\"og:image:height\" content=\"1350\" \/>\n\t<meta property=\"og:image:type\" content=\"image\/jpeg\" \/>\n<meta name=\"twitter:card\" content=\"summary_large_image\" \/>\n<meta name=\"twitter:label1\" content=\"Est. reading time\" \/>\n\t<meta name=\"twitter:data1\" content=\"1 minute\" \/>\n<script type=\"application\/ld+json\" class=\"yoast-schema-graph\">{\"@context\":\"https:\/\/schema.org\",\"@graph\":[{\"@type\":\"WebPage\",\"@id\":\"https:\/\/www.monitorstlflix.com\/product\/knitmas-gnome-691238365f55b\/\",\"url\":\"https:\/\/www.monitorstlflix.com\/product\/knitmas-gnome-691238365f55b\/\",\"name\":\"Gnomo do Croch\u00ea Natalino - MyStore - By STLFLIX\",\"isPartOf\":{\"@id\":\"https:\/\/my.stlflix.com\/#website\"},\"primaryImageOfPage\":{\"@id\":\"https:\/\/www.monitorstlflix.com\/product\/knitmas-gnome-691238365f55b\/#primaryimage\"},\"image\":{\"@id\":\"https:\/\/www.monitorstlflix.com\/product\/knitmas-gnome-691238365f55b\/#primaryimage\"},\"thumbnailUrl\":\"https:\/\/my.stlflix.com\/wp-content\/uploads\/2025\/10\/Knitmas_Gnomethumb_c925d11a5e.jpg\",\"datePublished\":\"2025-11-11T02:58:10+00:00\",\"dateModified\":\"2025-11-11T05:01:11+00:00\",\"breadcrumb\":{\"@id\":\"https:\/\/www.monitorstlflix.com\/product\/knitmas-gnome-691238365f55b\/#breadcrumb\"},\"inLanguage\":\"es-ES\",\"potentialAction\":[{\"@type\":\"ReadAction\",\"target\":[\"https:\/\/www.monitorstlflix.com\/product\/knitmas-gnome-691238365f55b\/\"]}]},{\"@type\":\"ImageObject\",\"inLanguage\":\"es-ES\",\"@id\":\"https:\/\/www.monitorstlflix.com\/product\/knitmas-gnome-691238365f55b\/#primaryimage\",\"url\":\"https:\/\/my.stlflix.com\/wp-content\/uploads\/2025\/10\/Knitmas_Gnomethumb_c925d11a5e.jpg\",\"contentUrl\":\"https:\/\/my.stlflix.com\/wp-content\/uploads\/2025\/10\/Knitmas_Gnomethumb_c925d11a5e.jpg\",\"width\":1080,\"height\":1350},{\"@type\":\"BreadcrumbList\",\"@id\":\"https:\/\/www.monitorstlflix.com\/product\/knitmas-gnome-691238365f55b\/#breadcrumb\",\"itemListElement\":[{\"@type\":\"ListItem\",\"position\":1,\"name\":\"Home\",\"item\":\"https:\/\/www.stlflix-store.com\/\"},{\"@type\":\"ListItem\",\"position\":2,\"name\":\"Products\",\"item\":\"https:\/\/www.stlflix-store.com\/shop\/\"},{\"@type\":\"ListItem\",\"position\":3,\"name\":\"Gnomo do Croch\u00ea Natalino\"}]},{\"@type\":\"WebSite\",\"@id\":\"https:\/\/my.stlflix.com\/#website\",\"url\":\"https:\/\/my.stlflix.com\/\",\"name\":\"MyStore - By STLFLIX\",\"description\":\"\",\"publisher\":{\"@id\":\"https:\/\/my.stlflix.com\/#organization\"},\"potentialAction\":[{\"@type\":\"SearchAction\",\"target\":{\"@type\":\"EntryPoint\",\"urlTemplate\":\"https:\/\/my.stlflix.com\/?s={search_term_string}\"},\"query-input\":{\"@type\":\"PropertyValueSpecification\",\"valueRequired\":true,\"valueName\":\"search_term_string\"}}],\"inLanguage\":\"es-ES\"},{\"@type\":\"Organization\",\"@id\":\"https:\/\/my.stlflix.com\/#organization\",\"name\":\"MyStore - By STLFLIX\",\"url\":\"https:\/\/my.stlflix.com\/\",\"logo\":{\"@type\":\"ImageObject\",\"inLanguage\":\"es-ES\",\"@id\":\"https:\/\/my.stlflix.com\/#\/schema\/logo\/image\/\",\"url\":\"https:\/\/my.stlflix.com\/wp-content\/uploads\/2024\/06\/logo-mystore.png\",\"contentUrl\":\"https:\/\/my.stlflix.com\/wp-content\/uploads\/2024\/06\/logo-mystore.png\",\"width\":150,\"height\":41,\"caption\":\"MyStore - By STLFLIX\"},\"image\":{\"@id\":\"https:\/\/my.stlflix.com\/#\/schema\/logo\/image\/\"},\"sameAs\":[\"https:\/\/www.facebook.com\/STLFLIX\",\"https:\/\/www.instagram.com\/stlflix_\/\",\"https:\/\/www.tiktok.com\/@stlflix\"]}]}<\/script>\n<!-- \/ Yoast SEO plugin. -->","yoast_head_json":{"title":"Gnomo do Croch\u00ea Natalino - MyStore - By STLFLIX","robots":{"index":"index","follow":"follow","max-snippet":"max-snippet:-1","max-image-preview":"max-image-preview:large","max-video-preview":"max-video-preview:-1"},"canonical":"https:\/\/www.monitorstlflix.com\/product\/knitmas-gnome-691238365f55b\/","og_locale":"es_ES","og_type":"article","og_title":"Gnomo do Croch\u00ea Natalino - MyStore - By STLFLIX","og_description":"Apresentamos o Gnomo do Croch\u00ea Natalino, o gnomo mais ador\u00e1vel do Natal! \ud83e\uddf6\ud83c\udf85\u2728Com seu gorro natalino e roupas cheias de charme, ele est\u00e1 concentrado em sua arte favorita: o croch\u00ea! Um s\u00edmbolo de carinho, aconchego e esp\u00edrito artesanal que traz calor e alegria para qualquer ambiente. Feito com riqueza de detalhes e impresso em 3D, [&hellip;]","og_url":"https:\/\/www.monitorstlflix.com\/product\/knitmas-gnome-691238365f55b\/","og_site_name":"MyStore - By STLFLIX","article_publisher":"https:\/\/www.facebook.com\/STLFLIX","article_modified_time":"2025-11-11T05:01:11+00:00","og_image":[{"width":1080,"height":1350,"url":"https:\/\/www.monitorstlflix.com\/wp-content\/uploads\/2025\/10\/Knitmas_Gnomethumb_c925d11a5e.jpg","type":"image\/jpeg"}],"twitter_card":"summary_large_image","twitter_misc":{"Est. reading time":"1 minute"},"schema":{"@context":"https:\/\/schema.org","@graph":[{"@type":"WebPage","@id":"https:\/\/www.monitorstlflix.com\/product\/knitmas-gnome-691238365f55b\/","url":"https:\/\/www.monitorstlflix.com\/product\/knitmas-gnome-691238365f55b\/","name":"Gnomo do Croch\u00ea Natalino - MyStore - By STLFLIX","isPartOf":{"@id":"https:\/\/my.stlflix.com\/#website"},"primaryImageOfPage":{"@id":"https:\/\/www.monitorstlflix.com\/product\/knitmas-gnome-691238365f55b\/#primaryimage"},"image":{"@id":"https:\/\/www.monitorstlflix.com\/product\/knitmas-gnome-691238365f55b\/#primaryimage"},"thumbnailUrl":"https:\/\/my.stlflix.com\/wp-content\/uploads\/2025\/10\/Knitmas_Gnomethumb_c925d11a5e.jpg","datePublished":"2025-11-11T02:58:10+00:00","dateModified":"2025-11-11T05:01:11+00:00","breadcrumb":{"@id":"https:\/\/www.monitorstlflix.com\/product\/knitmas-gnome-691238365f55b\/#breadcrumb"},"inLanguage":"es-ES","potentialAction":[{"@type":"ReadAction","target":["https:\/\/www.monitorstlflix.com\/product\/knitmas-gnome-691238365f55b\/"]}]},{"@type":"ImageObject","inLanguage":"es-ES","@id":"https:\/\/www.monitorstlflix.com\/product\/knitmas-gnome-691238365f55b\/#primaryimage","url":"https:\/\/my.stlflix.com\/wp-content\/uploads\/2025\/10\/Knitmas_Gnomethumb_c925d11a5e.jpg","contentUrl":"https:\/\/my.stlflix.com\/wp-content\/uploads\/2025\/10\/Knitmas_Gnomethumb_c925d11a5e.jpg","width":1080,"height":1350},{"@type":"BreadcrumbList","@id":"https:\/\/www.monitorstlflix.com\/product\/knitmas-gnome-691238365f55b\/#breadcrumb","itemListElement":[{"@type":"ListItem","position":1,"name":"Home","item":"https:\/\/www.stlflix-store.com\/"},{"@type":"ListItem","position":2,"name":"Products","item":"https:\/\/www.stlflix-store.com\/shop\/"},{"@type":"ListItem","position":3,"name":"Gnomo do Croch\u00ea Natalino"}]},{"@type":"WebSite","@id":"https:\/\/my.stlflix.com\/#website","url":"https:\/\/my.stlflix.com\/","name":"MyStore - By STLFLIX","description":"","publisher":{"@id":"https:\/\/my.stlflix.com\/#organization"},"potentialAction":[{"@type":"SearchAction","target":{"@type":"EntryPoint","urlTemplate":"https:\/\/my.stlflix.com\/?s={search_term_string}"},"query-input":{"@type":"PropertyValueSpecification","valueRequired":true,"valueName":"search_term_string"}}],"inLanguage":"es-ES"},{"@type":"Organization","@id":"https:\/\/my.stlflix.com\/#organization","name":"MyStore - By STLFLIX","url":"https:\/\/my.stlflix.com\/","logo":{"@type":"ImageObject","inLanguage":"es-ES","@id":"https:\/\/my.stlflix.com\/#\/schema\/logo\/image\/","url":"https:\/\/my.stlflix.com\/wp-content\/uploads\/2024\/06\/logo-mystore.png","contentUrl":"https:\/\/my.stlflix.com\/wp-content\/uploads\/2024\/06\/logo-mystore.png","width":150,"height":41,"caption":"MyStore - By STLFLIX"},"image":{"@id":"https:\/\/my.stlflix.com\/#\/schema\/logo\/image\/"},"sameAs":["https:\/\/www.facebook.com\/STLFLIX","https:\/\/www.instagram.com\/stlflix_\/","https:\/\/www.tiktok.com\/@stlflix"]}]}},"_links":{"self":[{"href":"https:\/\/my.stlflix.com\/es\/wp-json\/wp\/v2\/product\/471148","targetHints":{"allow":["GET"]}}],"collection":[{"href":"https:\/\/my.stlflix.com\/es\/wp-json\/wp\/v2\/product"}],"about":[{"href":"https:\/\/my.stlflix.com\/es\/wp-json\/wp\/v2\/types\/product"}],"replies":[{"embeddable":true,"href":"https:\/\/my.stlflix.com\/es\/wp-json\/wp\/v2\/comments?post=471148"}],"wp:featuredmedia":[{"embeddable":true,"href":"https:\/\/my.stlflix.com\/es\/wp-json\/wp\/v2\/media\/461713"}],"wp:attachment":[{"href":"https:\/\/my.stlflix.com\/es\/wp-json\/wp\/v2\/media?parent=471148"}],"wp:term":[{"taxonomy":"product_brand","embeddable":true,"href":"https:\/\/my.stlflix.com\/es\/wp-json\/wp\/v2\/product_brand?post=471148"},{"taxonomy":"product_cat","embeddable":true,"href":"https:\/\/my.stlflix.com\/es\/wp-json\/wp\/v2\/product_cat?post=471148"},{"taxonomy":"product_tag","embeddable":true,"href":"https:\/\/my.stlflix.com\/es\/wp-json\/wp\/v2\/product_tag?post=471148"}],"curies":[{"name":"wp","href":"https:\/\/api.w.org\/{rel}","templated":true}]}}